{"id":35197,"date":"2024-08-30T10:04:45","date_gmt":"2024-08-30T03:04:45","guid":{"rendered":"https:\/\/havamall.vn\/?post_type=product&#038;p=35197"},"modified":"2024-09-06T09:05:58","modified_gmt":"2024-09-06T02:05:58","slug":"banh-que-picos-camperos-250g","status":"publish","type":"product","link":"https:\/\/havamall.vn\/en\/shop\/banh-que-picos-camperos-250g\/","title":{"rendered":"B\u00e1nh que Picos Camperos 250g"},"content":{"rendered":"<h2><strong>TH\u00d4NG TIN CHUNG<\/strong><\/h2>\n<div>\n<table style=\"width: 72.1175%; height: 144px;\" border=\"2\">\n<tbody>\n<tr style=\"height: 24px;\">\n<td style=\"height: 24px; width: 42.4433%;\"><strong>Th\u01b0\u01a1ng hi\u1ec7u<\/strong><\/td>\n<td style=\"height: 24px; width: 56.1713%;\">Hacendado<\/td>\n<\/tr>\n<tr style=\"height: 24px;\">\n<td style=\"height: 24px; width: 42.4433%;\"><strong>Xu\u1ea5t x\u1ee9<\/strong><\/td>\n<td style=\"height: 24px; width: 56.1713%;\">T\u00e2y Ban Nha<\/td>\n<\/tr>\n<tr style=\"height: 24px;\">\n<td style=\"height: 24px; width: 42.4433%;\"><strong>Th\u00e0nh ph\u1ea7n<\/strong><\/td>\n<td style=\"height: 24px; width: 56.1713%;\">B\u1ed9t m\u00ec, mu\u1ed1i, d\u1ea7u \u00f4 liu, n\u01b0\u1edbc, men,\u2026<\/td>\n<\/tr>\n<tr style=\"height: 24px;\">\n<td style=\"height: 24px; width: 42.4433%;\"><strong>H\u1ea1n s\u1eed d\u1ee5ng<\/strong><\/td>\n<td style=\"height: 24px; width: 56.1713%;\">Xem tr\u1ef1c ti\u1ebfp tr\u00ean bao b\u00ec s\u1ea3n ph\u1ea9m.<\/td>\n<\/tr>\n<tr style=\"height: 24px;\">\n<td style=\"height: 24px; width: 42.4433%;\"><strong>B\u1ea3o qu\u1ea3n<\/strong><\/td>\n<td style=\"height: 24px; width: 56.1713%;\">N\u01a1i kh\u00f4 r\u00e1o, tho\u00e1ng m\u00e1t (d\u01b0\u1edbi 28 \u0111\u1ed9 C)<\/td>\n<\/tr>\n<tr style=\"height: 24px;\">\n<td style=\"height: 24px; width: 42.4433%;\"><strong>\u00a0Kh\u1ed1i l\u01b0\u1ee3ng<\/strong><\/td>\n<td style=\"height: 24px; width: 56.1713%;\">\n<div>250g<\/div>\n<\/td>\n<\/tr>\n<\/tbody>\n<\/table>\n<h2><strong>GI\u1edaI THI\u1ec6U V\u1ec0 TH\u01af\u01a0NG HI\u1ec6U<\/strong><\/h2>\n<p>Hacendado l\u00e0 m\u1ed9t th\u01b0\u01a1ng hi\u1ec7u n\u1ed5i ti\u1ebfng t\u1ea1i T\u00e2y Ban Nha, \u0111\u01b0\u1ee3c bi\u1ebft \u0111\u1ebfn v\u1edbi c\u00e1c s\u1ea3n ph\u1ea9m ch\u1ea5t l\u01b0\u1ee3ng cao v\u00e0 gi\u00e1 c\u1ea3 h\u1ee3p l\u00fd. Hacendado lu\u00f4n cam k\u1ebft mang \u0111\u1ebfn cho kh\u00e1ch h\u00e0ng nh\u1eefng tr\u1ea3i nghi\u1ec7m \u1ea9m th\u1ef1c tuy\u1ec7t v\u1eddi v\u1edbi nh\u1eefng s\u1ea3n ph\u1ea9m \u0111\u01b0\u1ee3c ch\u1ebf bi\u1ebfn t\u1eeb nguy\u00ean li\u1ec7u t\u1ef1 nhi\u00ean v\u00e0 quy tr\u00ecnh s\u1ea3n xu\u1ea5t nghi\u00eam ng\u1eb7t. M\u1ed9t trong nh\u1eefng s\u1ea3n ph\u1ea9m n\u1ed5i b\u1eadt c\u1ee7a Hacendado ch\u00ednh l\u00e0 b\u00e1nh Picos Camperos \u2013 m\u00f3n \u0103n nh\u1eb9 truy\u1ec1n th\u1ed1ng kh\u00f4ng th\u1ec3 thi\u1ebfu trong \u1ea9m th\u1ef1c T\u00e2y Ban Nha.<\/p>\n<h2><strong>NGU\u1ed2N G\u1ed0C C\u1ee6A B\u00c1NH PICOS CAMPEROS<\/strong><\/h2>\n<p>Picos Camperos \u0111\u00e3 t\u1ed3n t\u1ea1i t\u1eeb th\u1ebf k\u1ef7 19, b\u1eaft ngu\u1ed3n t\u1eeb c\u00e1c ng\u00f4i l\u00e0ng nh\u1ecf \u1edf mi\u1ec1n nam T\u00e2y Ban Nha. Ban \u0111\u1ea7u, lo\u1ea1i b\u00e1nh n\u00e0y \u0111\u01b0\u1ee3c l\u00e0m t\u1eeb nh\u1eefng nguy\u00ean li\u1ec7u \u0111\u01a1n gi\u1ea3n nh\u01b0 b\u1ed9t m\u00ec, d\u1ea7u \u00f4 liu, mu\u1ed1i v\u00e0 n\u01b0\u1edbc, tr\u1edf th\u00e0nh m\u00f3n \u0103n nh\u1eb9 kh\u00f4ng th\u1ec3 thi\u1ebfu trong c\u00e1c b\u1eefa ti\u1ec7c v\u00e0 l\u1ec5 h\u1ed9i \u0111\u1ecba ph\u01b0\u01a1ng. V\u1edbi h\u01b0\u01a1ng v\u1ecb gi\u1ea3n d\u1ecb nh\u01b0ng \u0111\u1eadm \u0111\u00e0, b\u00e1nh Picos Camperos d\u1ea7n tr\u1edf th\u00e0nh m\u1ed9t ph\u1ea7n kh\u00f4ng th\u1ec3 thi\u1ebfu c\u1ee7a \u1ea9m th\u1ef1c T\u00e2y Ban Nha v\u00e0 \u0111\u01b0\u1ee3c y\u00eau th\u00edch b\u1edfi nhi\u1ec1u th\u1ebf h\u1ec7.<\/p>\n<p><img decoding=\"async\" class=\"aligncenter\" src=\"https:\/\/havamall.vn\/wp-content\/uploads\/2024\/09\/picos-camperos.webp\" alt=\"Picos Camperos | Comprar Online | Env\u00edo Gratis\" \/><\/p>\n<h2><strong>B\u00c1NH PICOS CAMPEROS<\/strong><\/h2>\n<p>B\u00e1nh Picos Camperos mang \u0111\u1ebfn c\u1ea3m gi\u00e1c gi\u00f2n tan khi nh\u1ea5m nh\u00e1p, c\u00f9ng v\u1edbi h\u01b0\u01a1ng v\u1ecb th\u01a1m b\u00f9i t\u1eeb d\u1ea7u \u00f4 liu nguy\u00ean ch\u1ea5t v\u00e0 m\u1ed9t ch\u00fat mu\u1ed1i bi\u1ec3n tinh khi\u1ebft. M\u1ed7i mi\u1ebfng b\u00e1nh nh\u1ecf g\u1ecdn nh\u01b0ng l\u1ea1i ch\u1ee9a \u0111\u1ef1ng tr\u1ecdn v\u1eb9n h\u01b0\u01a1ng v\u1ecb truy\u1ec1n th\u1ed1ng, l\u00e0m n\u1ed5i b\u1eadt s\u1ef1 tinh t\u1ebf v\u00e0 gi\u1ea3n d\u1ecb c\u1ee7a \u1ea9m th\u1ef1c T\u00e2y Ban Nha.<\/p>\n<p>Th\u01b0\u1edfng th\u1ee9c b\u00e1nh Picos Camperos, b\u1ea1n s\u1ebd c\u1ea3m nh\u1eadn \u0111\u01b0\u1ee3c s\u1ef1 k\u1ebft h\u1ee3p ho\u00e0n h\u1ea3o gi\u1eefa v\u1ecb gi\u00f2n, th\u01a1m v\u00e0 m\u1eb7n nh\u1eb9, t\u1ea1o n\u00ean m\u1ed9t m\u00f3n \u0103n nh\u1eb9 l\u00fd t\u01b0\u1edfng cho m\u1ecdi l\u00fac.Tr\u1ea3i nghi\u1ec7m ngay t\u1ea1i c\u1eeda h\u00e0ng Havamall.com<\/p>\n<h2><strong>\u0110\u1eb6C \u0110I\u1ec2M N\u1ed4I B\u1eacC C\u1ee6A S\u1ea2N PH\u1ea8M<\/strong><\/h2>\n<ul style=\"list-style-type: circle;\">\n<li><strong>H\u01b0\u01a1ng v\u1ecb truy\u1ec1n th\u1ed1ng<\/strong>: B\u00e1nh \u0111\u01b0\u1ee3c l\u00e0m t\u1eeb c\u00f4ng th\u1ee9c truy\u1ec1n th\u1ed1ng v\u1edbi c\u00e1c nguy\u00ean li\u1ec7u t\u1ef1 nhi\u00ean nh\u01b0 b\u1ed9t m\u00ec, d\u1ea7u \u00f4 liu v\u00e0 mu\u1ed1i, \u0111\u1ea3m b\u1ea3o mang \u0111\u1ebfn h\u01b0\u01a1ng v\u1ecb \u0111\u1eadm \u0111\u00e0, th\u01a1m ngon.<\/li>\n<li><strong>Ch\u1ea5t l\u01b0\u1ee3ng cao<\/strong>: \u0110\u01b0\u1ee3c s\u1ea3n xu\u1ea5t theo quy tr\u00ecnh ki\u1ec3m so\u00e1t ch\u1ea5t l\u01b0\u1ee3ng nghi\u00eam ng\u1eb7t, b\u00e1nh Picos Camperos c\u1ee7a Hacendado cam k\u1ebft kh\u00f4ng s\u1eed d\u1ee5ng ch\u1ea5t b\u1ea3o qu\u1ea3n hay ph\u1ea9m m\u00e0u nh\u00e2n t\u1ea1o.<\/li>\n<li><strong>\u0110\u1ed9 gi\u00f2n ho\u00e0n h\u1ea3o<\/strong>: B\u00e1nh c\u00f3 \u0111\u1ed9 gi\u00f2n tan, th\u00edch h\u1ee3p cho c\u00e1c b\u1eefa \u0103n nh\u1eb9, b\u1eefa ti\u1ec7c, ho\u1eb7c l\u00e0m m\u00f3n khai v\u1ecb.<\/li>\n<li><strong>Bao b\u00ec ti\u1ec7n l\u1ee3i<\/strong>: \u0110\u01b0\u1ee3c \u0111\u00f3ng g\u00f3i c\u1ea9n th\u1eadn, ti\u1ec7n l\u1ee3i cho vi\u1ec7c b\u1ea3o qu\u1ea3n v\u00e0 mang theo<\/li>\n<\/ul>\n<p><img fetchpriority=\"high\" decoding=\"async\" class=\"wp-image-35453 aligncenter\" src=\"https:\/\/havamall.vn\/wp-content\/uploads\/2024\/08\/156-1024x1024.jpg\" alt=\"\" width=\"800\" height=\"800\" \/><\/p>\n<h2><strong>H\u01af\u1edaNG D\u1eaaN S\u1eec D\u1ee4NG<\/strong><\/h2>\n<ul>\n<li><strong>\u0102n tr\u1ef1c ti\u1ebfp:<\/strong> B\u00e1nh Picos Camperos c\u00f3 th\u1ec3 \u0103n tr\u1ef1c ti\u1ebfp m\u00e0 kh\u00f4ng c\u1ea7n ch\u1ebf bi\u1ebfn.<\/li>\n<li><strong>K\u00e8m s\u1ed1t ch\u1ea5m:<\/strong> B\u00e1nh r\u1ea5t h\u1ee3p khi ch\u1ea5m c\u00f9ng v\u1edbi c\u00e1c lo\u1ea1i s\u1ed1t nh\u01b0 s\u1ed1t c\u00e0 chua, s\u1ed1t mayonnaise, s\u1ed1t ph\u00f4 mai.<\/li>\n<li><strong>K\u00e8m ph\u00f4 mai:<\/strong> K\u1ebft h\u1ee3p b\u00e1nh Picos Camperos v\u1edbi ph\u00f4 mai l\u00e0 m\u1ed9t l\u1ef1a ch\u1ecdn ho\u00e0n h\u1ea3o cho nh\u1eefng ai y\u00eau th\u00edch h\u01b0\u01a1ng v\u1ecb \u0111\u1eadm \u0111\u00e0.<\/li>\n<\/ul>\n<\/div>","protected":false},"excerpt":{"rendered":"<p>TH\u00d4NG TIN CHUNG Th\u01b0\u01a1ng hi\u1ec7u Hacendado Xu\u1ea5t x\u1ee9 T\u00e2y Ban Nha Th\u00e0nh ph\u1ea7n B\u1ed9t m\u00ec, mu\u1ed1i, d\u1ea7u \u00f4 liu, n\u01b0\u1edbc,<\/p>","protected":false},"featured_media":35198,"comment_status":"open","ping_status":"closed","template":"","meta":[],"product_brand":[],"product_cat":[36,133],"product_tag":[],"class_list":{"0":"post-35197","1":"product","2":"type-product","3":"status-publish","4":"has-post-thumbnail","6":"product_cat-thuc-pham-tieu-dung","7":"product_cat-banh-keo-chocolate","9":"first","10":"instock","11":"sale","12":"shipping-taxable","13":"purchasable","14":"product-type-simple"},"_links":{"self":[{"href":"https:\/\/havamall.vn\/en\/wp-json\/wp\/v2\/product\/35197"}],"collection":[{"href":"https:\/\/havamall.vn\/en\/wp-json\/wp\/v2\/product"}],"about":[{"href":"https:\/\/havamall.vn\/en\/wp-json\/wp\/v2\/types\/product"}],"replies":[{"embeddable":true,"href":"https:\/\/havamall.vn\/en\/wp-json\/wp\/v2\/comments?post=35197"}],"version-history":[{"count":0,"href":"https:\/\/havamall.vn\/en\/wp-json\/wp\/v2\/product\/35197\/revisions"}],"wp:featuredmedia":[{"embeddable":true,"href":"https:\/\/havamall.vn\/en\/wp-json\/wp\/v2\/media\/35198"}],"wp:attachment":[{"href":"https:\/\/havamall.vn\/en\/wp-json\/wp\/v2\/media?parent=35197"}],"wp:term":[{"taxonomy":"product_brand","embeddable":true,"href":"https:\/\/havamall.vn\/en\/wp-json\/wp\/v2\/product_brand?post=35197"},{"taxonomy":"product_cat","embeddable":true,"href":"https:\/\/havamall.vn\/en\/wp-json\/wp\/v2\/product_cat?post=35197"},{"taxonomy":"product_tag","embeddable":true,"href":"https:\/\/havamall.vn\/en\/wp-json\/wp\/v2\/product_tag?post=35197"}],"curies":[{"name":"wp","href":"https:\/\/api.w.org\/{rel}","templated":true}]}}