{"id":35180,"date":"2024-08-16T14:12:05","date_gmt":"2024-08-16T07:12:05","guid":{"rendered":"https:\/\/havamall.vn\/?post_type=product&#038;p=35180"},"modified":"2025-03-20T17:17:16","modified_gmt":"2025-03-20T10:17:16","slug":"bot-banh-mi-ngu-coc-kraftkorn-mix-duc-1kg-tui-chiet","status":"publish","type":"product","link":"https:\/\/havamall.vn\/en\/shop\/bot-banh-mi-ngu-coc-kraftkorn-mix-duc-1kg-tui-chiet\/","title":{"rendered":"B\u1ed9t b\u00e1nh m\u00ec ng\u0169 c\u1ed1c Kraftkorn mix \u0110\u1ee9c 1Kg"},"content":{"rendered":"<h2><strong>TH\u00d4NG TIN S\u1ea2N PH\u1ea8M<\/strong><\/h2>\n<table>\n<tbody>\n<tr>\n<td>Th\u01b0\u01a1ng hi\u1ec7u<\/td>\n<td>Kraftkorn<\/td>\n<\/tr>\n<tr>\n<td>Xu\u1ea5t x\u1ee9<\/td>\n<td>\u0110\u1ee9c<\/td>\n<\/tr>\n<tr>\n<td>Th\u00e0nh ph\u1ea7n<\/td>\n<td>B\u1ed9t m\u00ec<\/td>\n<\/tr>\n<tr>\n<td>H\u1ea1n s\u1eed d\u1ee5ng<\/td>\n<td>12 th\u00e1ng k\u1ec3 t\u1eeb ng\u00e0y s\u1ea3n xu\u1ea5t<\/td>\n<\/tr>\n<tr>\n<td>B\u1ea3o qu\u1ea3n<\/td>\n<td>B\u1ea3o qu\u1ea3n n\u01a1i tho\u00e1ng m\u00e1t, tr\u00e1nh \u00e1nh n\u1eafng tr\u1ef1c ti\u1ebfp<\/td>\n<\/tr>\n<tr>\n<td>Kh\u1ed1i l\u01b0\u1ee3ng<\/td>\n<td>1000g\/ Bao 10kg<\/td>\n<\/tr>\n<\/tbody>\n<\/table>\n<p>Eat clean v\u00e0 c\u00e1c tr\u01b0\u1eddng ph\u00e1i \u0103n u\u1ed1ng healthy kh\u00e1c v\u1eabn \u0111ang l\u00e0 xu h\u01b0\u1edbng \u0111\u01b0\u1ee3c nhi\u1ec1u ng\u01b0\u1eddi ti\u00eau d\u00f9ng theo \u0111u\u1ed5i. Vi\u1ec7c theo \u0111u\u1ed5i c\u00e1c ch\u1ebf \u0111\u1ed9 \u0103n u\u1ed1ng khoa h\u1ecdc kh\u00f4ng ch\u1ec9 gi\u00fap gi\u1ea3m c\u00e2n v\u00e0 c\u00f2n gi\u00fap c\u01a1 th\u1ec3 kh\u1ecfe m\u1ea1nh h\u01a1n. B\u00e1nh m\u00ec ng\u0169 c\u1ed1c ho\u1eb7c b\u00e1nh m\u00ec nguy\u00ean c\u00e1m l\u00e0 nh\u1eefng lo\u1ea1i th\u1ef1c ph\u1ea9m \u0111\u01b0\u1ee3c nhi\u1ec1u kh\u00e1ch h\u00e0ng \u01b0a th\u00edch quan t\u00e2m \u0111\u1ebfn nh\u1eefng b\u1eefa \u0103n l\u00e0nh m\u1ea1nh v\u1edbi c\u00e1c lo\u1ea1i d\u01b0\u1ee1ng ch\u1ea5t, tinh b\u1ed9t c\u00f3 l\u1ee3i cho s\u1ee9c kh\u1ecfe. M\u1ed9t c\u00f4ng th\u1ee9c b\u00e1nh m\u00ec nguy\u00ean c\u00e1m, b\u00e1nh m\u00ec h\u1ea1t ng\u0169 c\u1ed1c ngon s\u1ebd gi\u00fap ti\u1ec7m b\u00e1nh c\u1ee7a b\u1ea1n c\u00f3 th\u00eam l\u1ee3i th\u1ebf c\u1ea1nh tranh.<\/p>\n<div id=\"ez-toc-container\" class=\"ez-toc-v2_0_22 counter-hierarchy counter-decimal ez-toc-grey\">\n<div class=\"ez-toc-title-container\"><\/div>\n<\/div>\n<h2><span id=\"Nhac_bua_sang_lanh_manh_nho_banh_mi_ngu_coc\" class=\"ez-toc-section\"><\/span><img fetchpriority=\"high\" decoding=\"async\" class=\"wp-image-35181 aligncenter\" src=\"https:\/\/havamall.vn\/wp-content\/uploads\/2025\/03\/87-300x148.png\" alt=\"\" width=\"653\" height=\"322\" \/><\/h2>\n<h2>Nh\u1eafc b\u1eefa s\u00e1ng l\u00e0nh m\u1ea1nh, nh\u1edb b\u00e1nh m\u00ec ng\u0169 c\u1ed1c<\/h2>\n<p>B\u1eefa \u0103n (\u0111\u1eb7c bi\u1ec7t l\u00e0 b\u1eefa s\u00e1ng) l\u00e0nh m\u1ea1nh l\u00e0 m\u1ed9t b\u1eefa \u0103n cung c\u1ea5p \u0111\u1ee7 d\u01b0\u1ee1ng ch\u1ea5t v\u00e0 c\u00e1c lo\u1ea1i vitamin c\u1ea7n thi\u1ebft. \u0110\u1ed3ng th\u1eddi c\u00f2n cung c\u1ea5p c\u00e1c ho\u1ea1t ch\u1ea5t t\u1ef1 nhi\u00ean \u0111\u1ec3 c\u01a1 th\u1ec3 d\u1ec5 d\u00e0ng h\u1ea5p thu, \u0111em l\u1ea1i nhi\u1ec1u l\u1ee3i \u00edch cho s\u1ee9c kh\u1ecfe. H\u01a1n n\u1eefa, b\u1eefa \u0103n l\u00e0nh m\u1ea1nh c\u00f2n \u0111em l\u1ea1i cho ng\u01b0\u1eddi \u0103n m\u1ed9t t\u00e2m tr\u1ea1ng t\u1ed1t, gi\u1ea3m \u0111i c\u0103ng th\u1eb3ng v\u00e0 \u00e1p l\u1ef1c.<\/p>\n<p>B\u00e1nh m\u00ec ng\u0169 c\u1ed1c, hay b\u00e1nh m\u00ec nguy\u00ean c\u00e1m lu\u00f4n \u0111\u01b0\u1ee3c \u01b0u ti\u00ean h\u00e0ng \u0111\u1ea7u cho 1 b\u1eefa s\u00e1ng l\u00e0nh m\u1ea1nh. Ch\u1ec9 c\u1ea7n v\u00e0i l\u00e1t b\u00e1nh m\u00ec ng\u0169 c\u1ed1c v\u00e0 1 c\u1ed1c s\u1eefa t\u01b0\u01a1i c\u00f9ng v\u1edbi tr\u00e1i c\u00e2y, h\u1ea1t\u2026 l\u00e0 c\u01a1 th\u1ec3 \u0111\u00e3 \u0111\u01b0\u1ee3c cung c\u1ea5p \u0111\u1ee7 n\u0103ng l\u01b0\u1ee3ng cho m\u1ed9t ng\u00e0y d\u00e0i n\u0103ng \u0111\u1ed9ng. Kh\u00f4ng ch\u1ec9 b\u1eefa s\u00e1ng, kh\u00e1ch h\u00e0ng \u01b0a chu\u1ed9ng b\u00e1nh m\u00ec ng\u0169 c\u1ed1c hay b\u00e1nh m\u00ec nguy\u00ean c\u00e1m khi \u0103n khai v\u1ecb, \u0103n k\u00e8m salad, b\u01a1 tr\u00ean b\u00e0n \u0103n m\u00f3n \u00c2u.<\/p>\n<p>V\u1edbi h\u01b0\u01a1ng v\u1ecb \u0111a d\u1ea1ng, th\u01a1m ngon, cung c\u1ea5p nhi\u1ec1u d\u01b0\u1ee1ng ch\u1ea5t v\u00e0 gi\u00fap c\u01a1 th\u1ec3 gi\u1ea3m nguy c\u01a1 m\u1eafc b\u1ec7nh b\u00e9o ph\u00ec,ti\u1ec3u \u0111\u01b0\u1eddng nh\u1edd tinh b\u1ed9t t\u1ed1t n\u00ean c\u00e1c lo\u1ea1i b\u00e1nh m\u00ec lu\u00f4n \u0111\u01b0\u1ee3c \u01b0a chu\u1ed9ng.<\/p>\n<h2><span id=\"Bot_banh_mi_nguyen_cam_bot_banh_mi_ngu_coc%E2%80%A6_thuong_hieu_Kraftkorn_cua_CMS_Bakels_-_nguyen_lieu_khong_the_bo_qua_cua_bep_banh\" class=\"ez-toc-section\"><\/span>B\u1ed9t b\u00e1nh m\u00ec nguy\u00ean c\u00e1m, b\u1ed9t b\u00e1nh m\u00ec ng\u0169 c\u1ed1c\u2026 th\u01b0\u01a1ng hi\u1ec7u Kraftkorn c\u1ee7a CMS, Bakels \u2013 nguy\u00ean li\u1ec7u kh\u00f4ng th\u1ec3 b\u1ecf qua c\u1ee7a b\u1ebfp b\u00e1nh<\/h2>\n<p>\u0110\u1ec3 t\u1ea1o ra nh\u1eefng \u1ed5 b\u00e1nh m\u00ec ng\u0169 c\u1ed1c hay b\u00e1nh m\u00ec nguy\u00ean c\u00e1m ch\u1ea5t l\u01b0\u1ee3ng, c\u00e1c b\u1ebfp b\u00e1nh c\u1ea7n c\u00f3 nguy\u00ean li\u1ec7u ch\u1ea5t l\u01b0\u1ee3ng, ti\u1ec7n l\u1ee3i. C\u00e1c s\u1ea3n ph\u1ea9m b\u1ed9t b\u00e1nh m\u00ec nguy\u00ean c\u00e1m v\u00e0 b\u1ed9t b\u00e1nh m\u00ec ng\u0169 c\u1ed1c\u00a0th\u01b0\u01a1ng hi\u1ec7u Kraftkorn c\u1ee7a CMS, \u0111\u01b0\u1ee3c nh\u1eadp kh\u1ea9u t\u1eeb \u0110\u1ee9c v\u00e0 b\u1ed9t ng\u0169 c\u1ed1c 8 lo\u1ea1i h\u1ea1t c\u1ee7a th\u01b0\u01a1ng hi\u1ec7u\u00a0Bakels\u00a0l\u00e0 c\u00e1c s\u1ea3n ph\u1ea9m \u0111\u01b0\u1ee3c nhi\u1ec1u kh\u00e1ch h\u00e0ng c\u1ee7a New Viet Dairy tin t\u01b0\u1edfng l\u1ef1a ch\u1ecdn.<\/p>\n<p><img decoding=\"async\" class=\"wp-image-35182 aligncenter\" src=\"https:\/\/havamall.vn\/wp-content\/uploads\/2025\/03\/645-300x300.png\" alt=\"\" width=\"612\" height=\"612\" \/><\/p>\n<p>V\u1edbi th\u00e0nh ph\u1ea7n g\u1ed3m: l\u00faa m\u00ec, l\u00faa m\u1ea1ch \u0111en, b\u1ed9t \u0111\u1eadu n\u00e0nh, b\u1ed9t y\u1ebfn m\u1ea1ch th\u00f4 v\u00e0 l\u00faa m\u1ea1ch, b\u1ed9t ng\u0169 c\u1ed1c Kraftkorn n\u1ed5i ti\u1ebfng \u0111\u1ebfn t\u1eeb n\u01b0\u1edbc \u0110\u1ee9c s\u1ebd gi\u00fap b\u1ea1n l\u00e0m ra m\u1ed9t m\u1ebb b\u00e1nh m\u00ec Baguette ho\u1eb7c Sandwich ng\u0169 c\u1ed1c th\u01a1m ph\u1ee9c, gi\u00f2n ngon v\u00e0 gi\u00e0u dinh d\u01b0\u1ee1ng \u0111ang \u0111\u01b0\u1ee3c nhi\u1ec1u kh\u00e1ch h\u00e0ng \u01b0a chu\u1ed9ng. B\u1ea1n c\u00f3 th\u1ec3 bi\u1ebfn t\u1ea5u v\u00e0 s\u00e1ng t\u1ea1o ra nhi\u1ec1u c\u00f4ng th\u1ee9c b\u00e1nh m\u00ec ng\u0169 c\u1ed1c cho ri\u00eang nh\u00e0 h\u00e0ng\/ ti\u1ec7m b\u00e1nh c\u1ee7a m\u00ecnh t\u1eeb b\u1ed9t Kraftkorn.<\/p>\n<p>Kraftkorn l\u00e0 s\u1ea3n ph\u1ea9m mang nh\u00e3n hi\u1ec7u CSM nh\u1eadp kh\u1ea9u t\u1eeb \u0110\u1ee9c v\u00e0 \u0111ang \u0111\u01b0\u1ee3c Havamall ph\u00e2n ph\u1ed1i t\u1ea1i Vi\u1ec7t Nam.<\/p>\n<h2><span id=\"New_Viet_Dairy_-_phan_phoi_cac_san_pham_chinh_hang_chat_luong\" class=\"ez-toc-section\"><\/span>\u00a0Havamall \u2013 ph\u00e2n ph\u1ed1i c\u00e1c s\u1ea3n ph\u1ea9m ch\u00ednh h\u00e3ng, ch\u1ea5t l\u01b0\u1ee3ng<\/h2>\n<p>V\u1edbi kinh nghi\u1ec7m trong ng\u00e0nh nh\u1eadp kh\u1ea9u v\u00e0 ph\u00e2n ph\u1ed1i th\u1ef1c ph\u1ea9m, \u0111\u1ed3 u\u1ed1ng v\u00e0 nguy\u00ean li\u1ec7u th\u1ef1c ph\u1ea9m, C\u00f4ng ty Havamall Vi\u1ec7t Nam l\u00e0 m\u1ed9t trong nh\u1eefng \u0111\u01a1n v\u1ecb cung \u1ee9ng s\u1ea3n ph\u1ea9m h\u00e0ng \u0111\u1ea7u cho c\u00e1c \u0111\u1ed1i t\u00e1c chuy\u00ean nghi\u1ec7p, danh ti\u1ebfng tr\u00ean kh\u1eafp c\u1ea3 n\u01b0\u1edbc.<\/p>\n<p>C\u00e1c s\u1ea3n ph\u1ea9m do C\u00f4ng ty Havamall Vi\u1ec7t Nam ph\u00e2n ph\u1ed1i \u0111\u1ec1u \u0111\u01b0\u1ee3c nh\u1eadp kh\u1ea9u t\u1eeb ch\u00e2u \u00c2u, ch\u00e2u \u00dac, \u0111\u1ea3m b\u1ea3o c\u00e1c ti\u00eau chu\u1ea9n v\u1ec1 v\u1ec7 sinh an to\u00e0n th\u1ef1c ph\u1ea9m kh\u1eaft khe nh\u01b0 HACCP, ISO. V\u1edbi h\u1ec7 th\u1ed1ng chi nh\u00e1nh, kho v\u1eadn tr\u1ea3i d\u00e0i kh\u1eafp Vi\u1ec7t Nam, C\u00f4ng ty Havamall Vi\u1ec7t Nam c\u00f3 th\u1ec3 \u0111\u00e1p \u1ee9ng \u0111\u01b0\u1ee3c nhu c\u1ea7u v\u1ec1 s\u1ed1 l\u01b0\u1ee3ng v\u00e0 ch\u1ea5t l\u01b0\u1ee3ng c\u1ee7a kh\u00e1ch h\u00e0ng.<\/p>","protected":false},"excerpt":{"rendered":"<p>TH\u00d4NG TIN S\u1ea2N PH\u1ea8M Th\u01b0\u01a1ng hi\u1ec7u Kraftkorn Xu\u1ea5t x\u1ee9 \u0110\u1ee9c Th\u00e0nh ph\u1ea7n B\u1ed9t m\u00ec H\u1ea1n s\u1eed d\u1ee5ng 12 th\u00e1ng k\u1ec3<\/p>","protected":false},"featured_media":35183,"comment_status":"open","ping_status":"closed","template":"","meta":[],"product_brand":[],"product_cat":[682,36,134],"product_tag":[],"class_list":{"0":"post-35180","1":"product","2":"type-product","3":"status-publish","4":"has-post-thumbnail","6":"product_cat-nhap-khau-duc","7":"product_cat-thuc-pham-tieu-dung","8":"product_cat-thucpham-saykho","10":"first","11":"instock","12":"sale","13":"shipping-taxable","14":"purchasable","15":"product-type-simple"},"_links":{"self":[{"href":"https:\/\/havamall.vn\/en\/wp-json\/wp\/v2\/product\/35180"}],"collection":[{"href":"https:\/\/havamall.vn\/en\/wp-json\/wp\/v2\/product"}],"about":[{"href":"https:\/\/havamall.vn\/en\/wp-json\/wp\/v2\/types\/product"}],"replies":[{"embeddable":true,"href":"https:\/\/havamall.vn\/en\/wp-json\/wp\/v2\/comments?post=35180"}],"version-history":[{"count":0,"href":"https:\/\/havamall.vn\/en\/wp-json\/wp\/v2\/product\/35180\/revisions"}],"wp:featuredmedia":[{"embeddable":true,"href":"https:\/\/havamall.vn\/en\/wp-json\/wp\/v2\/media\/35183"}],"wp:attachment":[{"href":"https:\/\/havamall.vn\/en\/wp-json\/wp\/v2\/media?parent=35180"}],"wp:term":[{"taxonomy":"product_brand","embeddable":true,"href":"https:\/\/havamall.vn\/en\/wp-json\/wp\/v2\/product_brand?post=35180"},{"taxonomy":"product_cat","embeddable":true,"href":"https:\/\/havamall.vn\/en\/wp-json\/wp\/v2\/product_cat?post=35180"},{"taxonomy":"product_tag","embeddable":true,"href":"https:\/\/havamall.vn\/en\/wp-json\/wp\/v2\/product_tag?post=35180"}],"curies":[{"name":"wp","href":"https:\/\/api.w.org\/{rel}","templated":true}]}}