{"id":35174,"date":"2024-08-15T15:09:17","date_gmt":"2024-08-15T08:09:17","guid":{"rendered":"https:\/\/havamall.vn\/?post_type=product&#038;p=35174"},"modified":"2026-03-09T09:44:03","modified_gmt":"2026-03-09T02:44:03","slug":"pho-mai-mozzarella-mix-gouda-bao-soi-nhap-khau-ba-lan-tui-500g","status":"publish","type":"product","link":"https:\/\/havamall.vn\/en\/shop\/pho-mai-mozzarella-mix-gouda-bao-soi-nhap-khau-ba-lan-tui-500g\/","title":{"rendered":"Ph\u00f4 Mai Mozzarella Mix Gouda B\u00e0o S\u1ee3i Nh\u1eadp Kh\u1ea9u Ba Lan T\u00fai 500g"},"content":{"rendered":"<h2><strong>TH\u00d4NG TIN CHUNG<\/strong><\/h2>\n<div>\n<table border=\"2\">\n<tbody>\n<tr>\n<td><strong>Ph\u00e2n nh\u00f3m<\/strong><\/td>\n<td>Ph\u00f4 mai Mozzarella b\u00e0o<\/td>\n<\/tr>\n<tr>\n<td><strong>Xu\u1ea5t x\u1ee9<\/strong><\/td>\n<td>Th\u01b0\u01a1ng hi\u1ec7u Mlekpol \u2013 Ba Lan<\/td>\n<\/tr>\n<tr>\n<td><strong>Th\u00e0nh ph\u1ea7n<\/strong><\/td>\n<td>S\u1eefa, mu\u1ed1i, vi khu\u1ea9n acid alactic<\/td>\n<\/tr>\n<tr>\n<td><strong>Quy c\u00e1ch<\/strong><\/td>\n<td>\u0110\u00f3ng g\u00f3i 200gram \u2013 500gram<\/td>\n<\/tr>\n<tr>\n<td><strong>B\u1ea3o qu\u1ea3n<\/strong><\/td>\n<td>-18 \u0111\u1ed9 C ho\u1eb7c ng\u0103n \u0111\u00e1 t\u1ee7 l\u1ea1nh<\/td>\n<\/tr>\n<tr>\n<td><strong>H\u1ea1n s\u1eed d\u1ee5ng<\/strong><\/td>\n<td>Xem tr\u1ef1c ti\u1ebfp tr\u00ean bao b\u00ec s\u1ea3n ph\u1ea9m.\u00a0N\u00ean d\u00f9ng trong v\u00f2ng 1 tu\u1ea7n sau khi b\u00f3c s\u1ea3n ph\u1ea9m<\/td>\n<\/tr>\n<tr>\n<td><strong>H\u01b0\u1edbng d\u1eabn s\u1eed d\u1ee5ng<\/strong><\/td>\n<td>Ph\u00f9 h\u1ee3p v\u1edbi c\u00e1c m\u00f3n pizza, m\u1ef3 \u00dd, salad,\u2026<\/td>\n<\/tr>\n<\/tbody>\n<\/table>\n<\/div>\n<h2><strong>PH\u00d4 MAI MOZZARELLA B\u00c0O<\/strong><\/h2>\n<p>C\u00e1c \u0111\u1ea7u b\u1ebfp r\u1ea5t \u01b0a chu\u1ed9ng d\u00f2ng ph\u00f4 mai Mozzarella mix gouda b\u1edfi s\u1ef1 \u0111a d\u1ea1ng c\u1ee7a n\u00f3. Nh\u1edd h\u01b0\u01a1ng v\u1ecb \u0111\u1eb7c tr\u01b0ng n\u00ean ph\u00f4 mai mix th\u01b0\u1eddng \u0111\u01b0\u1ee3c s\u1eed d\u1ee5ng ph\u1ed5 bi\u1ebfn nh\u01b0 m\u1ed9t th\u00e0nh ph\u1ea7n kh\u00f4ng th\u1ec3 thi\u1ebfu c\u1ee7a nh\u1eefng m\u00f3n khai v\u1ecb v\u00e0 tr\u00e1ng mi\u1ec7ng th\u01a1m ngon c\u00f9ng v\u1edbi b\u00e1nh m\u00ec, b\u00e1nh quy v\u00e0 tr\u00e1i c\u00e2y,.. B\u00ean c\u1ea1nh \u0111\u00f3,k\u1ebft c\u1ea5u c\u1ee9ng nh\u01b0ng l\u1ea1i d\u1ec5 c\u1eaft m\u1ecfng v\u00e0 d\u1ec5 tan gi\u00fap s\u1ea3n ph\u1ea9m n\u00e0y d\u1ec5 \u0111\u01b0\u1ee3c d\u00f9ng l\u00e0m topping cho sandwich, hamburger ho\u1eb7c th\u00eam v\u00e0o s\u00fap \u0111\u1ec3 t\u0103ng th\u00eam \u0111\u1ed9 th\u01a1m ngon.<\/p>\n<p><img fetchpriority=\"high\" decoding=\"async\" class=\"wp-image-30184 aligncenter\" src=\"https:\/\/havamall.com\/wp-content\/uploads\/2025\/11\/75685468-300x200.png\" alt=\"\" width=\"790\" height=\"526\" \/><\/p>\n<h2><strong>\u0110\u1eb6C \u0110I\u1ec2M C\u1ee6A PH\u00d4 MAI MOZZARELLA B\u00c0O<\/strong><\/h2>\n<p>Ph\u00f4 mai Gouda l\u00e0 s\u1ea3n ph\u1ea9m \u0111\u01b0\u1ee3c nh\u1eadp kh\u00e2u rnguy\u00ean kh\u1ed1i t\u1eeb H\u00e0 Lan, \u0111\u01b0\u1ee3c \u1ee7 theo ph\u01b0\u01a1ng ph\u00e1p truy\u1ec1n th\u1ed1ng, chu\u1ea9n v\u1ecb H\u00e0 Lan, t\u1ea1o \u1ea5n t\u01b0\u1ee3ng m\u1ea1nh m\u1ebd v\u1edbi c\u00e1c \u01b0u \u0111i\u1ec3m n\u1ed5i tr\u1ed9i m\u00e0 c\u00e1c lo\u1ea1i Gouda \u1ee7 c\u00f4ng nghi\u1ec7p kh\u00e1c kh\u00f4ng th\u1ec3 n\u00e0o b\u00ec k\u1ecbp. S\u1ea3n ph\u1ea9m \u0111\u01b0\u1ee3c l\u00e0m t\u1eeb s\u1eefa b\u00f2 t\u01b0\u01a1i nguy\u00ean kem, th\u01a1m m\u00f9i s\u1eefa, tr\u00f2n v\u1ecb b\u00e9o, \u0111\u1ee7 v\u1ecb ngon. Trong qu\u00e1 tr\u00ecnh \u1ee7 ch\u00edn, ph\u00f4 mai d\u1ea7n m\u1ea5t \u0111i \u0111\u1ed9 \u1ea9m v\u00e0 h\u01b0\u01a1ng v\u1ecb \u0111\u01b0\u1ee3c h\u00ecnh th\u00e0nh, \u1ee7 c\u00e0ng l\u00e2u, ph\u00f4 mai s\u1ebd c\u00e0ng c\u1ee9ng v\u00e0 c\u00e0ng \u0111\u1eadm \u0111\u00e0 h\u01a1n, x\u1ee9ng danh l\u00e0 m\u1ed9t trong nh\u1eefng lo\u1ea1i ph\u00f4 mai th\u01a1m ngon \u0111\u01b0\u1ee3c nhi\u1ec1u \u0111\u1ea7u b\u1ebfp \u01b0a chu\u1ed9ng.<\/p>\n<p>Ph\u00f4 mai Gouda th\u01b0\u1eddng \u0111\u01b0\u1ee3c nh\u1eefng \u0111\u1ea7u b\u1ebfp, th\u1ee3 l\u00e0m b\u00e1nh d\u00f9ng \u0111\u1ec3 l\u00e0m topping cho nh\u1eefng m\u00f3n pizza, h\u01b0\u01a1ng v\u1ecb m\u1eb7n m\u00e0 c\u00f9ng h\u00e0m l\u01b0\u1ee3ng ch\u1ea5t b\u00e9o cao, d\u01b0\u1edbi t\u00e1c \u0111\u1ed9ng c\u1ee7a nhi\u1ec7t s\u1ebd \u0111\u01b0\u1ee3c nung ch\u1ea3y v\u00e0 ph\u1ee7 \u0111\u1ec1u l\u00ean pizza, b\u1ed5 sung th\u00eam s\u1ef1 th\u01a1m ngon v\u00e0 m\u1ec1m ng\u1eady v\u00e0 v\u1ebb ngo\u00e0i b\u1eaft m\u1eaft cho nh\u1eefng chi\u1ebfc pizza.<\/p>\n<h3><strong>\u0110\u1eb7c \u0111i\u1ec3m ph\u00f4 mai Mozzarella b\u00e0o t\u1ea1i Havamall<\/strong><\/h3>\n<ul>\n<li>S\u1ea3n ph\u1ea9m t\u01b0\u01a1i, c\u00f3 m\u00e0u v\u00e0ng nh\u1ea1t<\/li>\n<li>M\u1ec1m d\u1ebbo, m\u1ecbn v\u00e0 th\u01a1m b\u00f9i<\/li>\n<li>D\u1ec5 tan ch\u1ea3y \u1edf nhi\u1ec7t \u0111\u1ed9 cao<\/li>\n<li>\u0110\u1ed9 \u0111\u00e0n h\u1ed3i cao n\u00ean d\u1ec5 c\u1eaft l\u00e1t, b\u1ea3o m\u1ecfng th\u00e0nh t\u1eebng l\u00e1t ho\u1eb7c s\u1ee3i<\/li>\n<li>Nguy\u00ean li\u1ec7u t\u1ef1 nhi\u00ean, kh\u00f4ng ch\u1ea5t b\u1ea3o qu\u1ea3n n\u00ean \u0111\u1ea3m ch\u00e2t l\u01b0\u1ee3ng an to\u00e0n<\/li>\n<\/ul>\n<h2><strong><img decoding=\"async\" class=\"wp-image-35176 aligncenter\" src=\"https:\/\/havamall.com\/wp-content\/uploads\/2025\/11\/dfg-05-300x292.png\" alt=\"\" width=\"650\" height=\"633\" \/><\/strong><\/h2>\n<h2><strong>T\u00c1C D\u1ee4NG TUY\u1ec6T V\u1edcI C\u1ee6A PH\u00d4 MAI MOZZARELLA B\u00c0O<\/strong><\/h2>\n<p>So v\u1edbi c\u00e1c lo\u1ea1i th\u1ef1c ph\u1ea9m c\u00f9ng nh\u00f3m, ph\u00f4 mai c\u00f3 l\u01b0\u1ee3ng ch\u1ea5t b\u00e9o nhi\u1ec1u g\u1ea5p 3 l\u1ea7n, do v\u1eady n\u0103ng l\u01b0\u1ee3ng cung c\u1ea5p c\u0169ng nhi\u1ec1u h\u01a1n. Ch\u00ednh l\u00fd do n\u00e0y gi\u00fap ph\u00f4 mai tr\u1edf th\u00e0nh lo\u1ea1i th\u1ef1c ph\u1ea9m \u0111\u1eb7c bi\u1ec7t c\u00f3 t\u00e1c d\u1ee5ng r\u1ea5t t\u1ed1t v\u1edbi s\u1ef1 ph\u00e1t tri\u1ec3n c\u1ee7a tr\u1ebb em.<\/p>\n<p>Ngo\u00e0i ra, ph\u00f4 mai Mozzarella b\u00e0o\u00a0th\u01b0\u1eddng \u0111\u01b0\u1ee3c s\u1eed d\u1ee5ng ph\u1ed5 bi\u1ebfn trong c\u00e1c lo\u1ea1i pizza hay trong c\u00e1c m\u00f3n \u00c2u, nh\u01b0ng kh\u00f4ng ph\u1ea3i t\u1ef1 nhi\u00ean m\u00e0 ch\u00fang \u0111\u01b0\u1ee3c \u01b0u \u00e1i nhi\u1ec1u \u0111\u1ebfn th\u1ebf. Nguy\u00ean nh\u00e2n v\u00ec nh\u1eefng l\u1ee3i \u00edch tuy\u1ec7t v\u1eddi m\u00e0 ch\u00fang mang l\u1ea1i:<\/p>\n<ul>\n<li><em><strong>Ngu\u1ed3n biotin<\/strong><\/em><br \/>\n<span class=\"text_exposed_show\">Hay c\u00f2n g\u1ecdi l\u00e0 vitamin B7. Theo nhi\u1ec1u nghi\u00ean c\u1ee9u, biotin gi\u00fap gi\u1ea3m m\u1ee9c \u0111\u01b0\u1eddng huy\u1ebft \u1edf b\u1ec7nh nh\u00e2n ti\u1ec3u \u0111\u01b0\u1eddng. Vitamin n\u00e0y c\u0169ng ng\u0103n m\u00f3ng tay tr\u1edf n\u00ean gi\u00f2n v\u00e0 d\u1ec5 g\u00e3y. Ph\u1ee5 n\u1eef mang thai c\u0169ng c\u00f3 th\u1ec3 \u0103n ph\u00f4 mai \u0111\u1ec3 \u0111\u1ed1i ph\u00f3 v\u1edbi t\u00ecnh tr\u1ea1ng thi\u1ebfu biotin c\u00f3 th\u1ec3 x\u1ea3y ra.<\/span><\/li>\n<\/ul>\n<div class=\"text_exposed_show\">\n<ul>\n<li><em><strong>Ngu\u1ed3n riboflavin<\/strong><\/em><br \/>\nMozzarella gi\u00e0u vitamin B2 v\u00e0 riboflavin. L\u00e0 m\u1ed9t ph\u1ea7n c\u1ee7a vitamin B, n\u00f3 c\u00f3 th\u1ec3 s\u1eed d\u1ee5ng h\u00e0ng ng\u00e0y, gi\u00fap c\u01a1 th\u1ec3 ch\u1ed1ng l\u1ea1i c\u00e1c b\u1ec7nh v\u00e0 t\u00ecnh tr\u1ea1ng kh\u00e1c nhau nh\u01b0 \u0111au n\u1eeda \u0111\u1ea7u, thi\u1ebfu m\u00e1u. N\u00f3 c\u0169ng \u0111\u00e3 \u0111\u01b0\u1ee3c ch\u1ee9ng minh t\u00ednh ch\u1ea5t ch\u1ed1ng oxy h\u00f3a.<\/li>\n<li><em><strong>Ngu\u1ed3n niacin<\/strong><\/em><br \/>\nS\u1ea3n ph\u1ea9m ch\u1ee9a vitamin B3 ho\u1eb7c niacin; gi\u00fap ki\u1ec3m so\u00e1t cholesterol, ng\u0103n ng\u1eeba s\u1ef1 xu\u1ea5t hi\u1ec7n c\u1ee7a c\u00e1c b\u1ec7nh nh\u01b0 ti\u1ec3u \u0111\u01b0\u1eddng v\u00e0 vi\u00eam kh\u1edbp.<\/li>\n<li><em><strong>Ho\u00e0n thi\u1ec7n v\u1edbi c\u00e1c vitamin tan trong ch\u1ea5t b\u00e9o<\/strong><\/em><br \/>\nCh\u1ee9a c\u00e1c vitamin tan trong ch\u1ea5t b\u00e9o nh\u01b0 vitamin D, E, A c\u1ea7n thi\u1ebft cho s\u1ef1 h\u1ea5p th\u1ee5 canxi, s\u1ee9c kh\u1ecfe c\u1ee7a x\u01b0\u01a1ng v\u00e0 b\u1ea3o v\u1ec7 m\u00e0ng t\u1ebf b\u00e0o<\/li>\n<li><em><strong>Gi\u00fap x\u01b0\u01a1ng ch\u1eafc kh\u1ecfe h\u01a1n<\/strong><\/em><br \/>\nMozzarella ch\u1ee9a l\u01b0\u1ee3ng l\u1edbn canxi c\u1ea7n thi\u1ebft cho x\u01b0\u01a1ng v\u00e0 rang. Ngo\u00e0i ra, n\u00f3 \u0111\u00f3ng vai tr\u00f2 quan tr\u1ecdng trong vi\u1ec7c b\u1ea3o v\u1ec7 c\u01a1 tim v\u00e0 gi\u1ea3m nguy c\u01a1 ung th\u01b0 ru\u1ed9t k\u1ebft. N\u00f3 c\u0169ng c\u00f3 th\u1ebb g\u00f3p ph\u1ea7n h\u1ed7 tr\u1ee3 gi\u1ea3m c\u00e2n.<\/li>\n<li><em><strong>Ngu\u1ed3n photpho t\u1ed1t<\/strong><\/em><br \/>\nMozzarella c\u00f3 l\u01b0\u1ee3ng ph\u1ed1t pho cao, gi\u00fap c\u01a1 th\u1ec3 con ng\u01b0\u1eddi h\u1ea5p th\u1ee5 canxi t\u1eeb th\u1ef1c ph\u1ea9m t\u1ed1t h\u01a1n.<\/li>\n<li><em><strong>Ngu\u1ed3n cung c\u1ea5p k\u1ebdm<\/strong><\/em><br \/>\nL\u00e0 kho\u00e1ng ch\u1ea5t quan tr\u1ecdng trong ph\u00f4 mai n\u00e0y, gi\u00fap ch\u1ed1ng l\u1ea1i c\u00e1c v\u1ea5n \u0111\u1ec1 v\u1ec1 da v\u00e0 tang s\u1ed1 l\u01b0\u1ee3ng b\u1ea1ch c\u1ea7u. N\u00f3 c\u0169ng gi\u00fap tuy\u1ebfn ti\u1ec1n li\u1ec7t ho\u1ea1t \u0111\u1ed9ng t\u1ed1t v\u00e0 h\u1ed7 tr\u1ee3 gi\u1ea3m c\u00e2n th\u1eeba.<\/li>\n<li><em><strong>Ngu\u1ed3n protein<\/strong><\/em><br \/>\nMozzarella l\u00e0 s\u1ef1 l\u1ef1a ch\u1ecdn tuy\u1ec7t v\u1eddi n\u1ebfu b\u1ea1n mu\u1ed1n c\u00f3 ngu\u1ed3n protein t\u1ed1t. \u0102n phomai gi\u00fap b\u1ea1n tr\u00e0n \u0111\u1ea7y n\u0103ng l\u01b0\u1ee3ng v\u00e0 t\u0103ng s\u1ee9c m\u1ea1nh c\u01a1 b\u1eafp.<\/li>\n<li><em><strong>Ngu\u1ed3n kali<\/strong><\/em><br \/>\nKali l\u00e0 ngu\u1ed3n kho\u00e1ng ch\u1ea5t quan tr\u1ecdng trong phomai Mozzarela, gi\u00fap ch\u1ed1ng l\u1ea1i c\u00e1c t\u00e1c \u0111\u1ed9ng b\u1ea5t l\u1ee3i do ti\u00eau th\u1ee5 natri. Ngo\u00e0i ra, h\u1ed7 tr\u1ee3 trong vi\u1ec7c h\u1ea1 huy\u1ebft \u00e1p v\u00e0 \u0111i\u1ec1u ch\u1ec9nh nh\u1ecbp tim th\u1ea5t th\u01b0\u1eddng.<\/li>\n<\/ul>\n<\/div>\n<h2><strong>G\u1ee2I \u00dd M\u00d3N NGON T\u1eea PH\u00d4 MAI MOZZARELLA B\u00c0O<\/strong><\/h2>\n<p>Ph\u00f4 mai \u0111\u01b0\u1ee3c \u0103n li\u1ec1n ho\u1eb7c k\u1ebft h\u1ee3p trong nhi\u1ec1u m\u00f3n \u0103n, \u0111\u1eb7c bi\u1ec7t trong m\u00f3n b\u00e1nh Pizza c\u1ee7a ng\u01b0\u1eddi \u00dd, b\u00e1nh m\u00ec n\u01b0\u1edbng gi\u00f2n c\u1ee7a Ph\u00e1p, tr\u1ed9n salad v\u1edbi d\u1ea7u oliu ki\u1ec3u Hy L\u1ea1p ho\u1eb7c k\u1ebft h\u1ee3p v\u1edbi m\u00ec \u1ed1ng ki\u1ec3u \u00dd. Ph\u00f4 mai th\u01b0\u1eddng tan ra \u0111\u1ec3 k\u1ebft h\u1ee3p c\u00e1c th\u1ef1c ph\u1ea9m kh\u00e1c v\u1edbi nhau, gi\u00fap m\u00f3n \u0103n tr\u1edf n\u00ean h\u1ea5p d\u1eabn v\u00e0 th\u01a1m ng\u1eady h\u01a1n.<\/p>\n<p>B\u00ean c\u1ea1nh \u0111\u00f3, m\u1ed9t s\u1ed1 m\u00f3n \u0103n t\u1ea1o n\u00ean h\u01b0\u01a1ng v\u1ecb tuy\u1ec7t v\u1eddi nh\u1edd s\u1ef1 g\u00f3p m\u1eb7t c\u1ee7a lo\u1ea1i ph\u00f4 mai \u201cth\u1ea7n th\u00e1nh\u201d n\u00e0y c\u00f3 th\u1ec3 k\u1ec3 \u0111\u1ebfn nh\u01b0: Khoai t\u00e2y cu\u1ed1n t\u00f4m phomai chi\u00ean, Bolognese lasagna pasta l\u00e1 v\u1edbi s\u1ed1t kem th\u1ecbt b\u00f2, C\u00e0 t\u00edm phomai Mozzarella \u0111\u00fat l\u00f2,\u2026v\u00e0 c\u00f2n h\u00e0ng ng\u00e0n m\u00f3n \u0103n tuy\u1ec7t v\u1eddi kh\u00e1c n\u1eefa.<\/p>\n<h2><strong><img decoding=\"async\" class=\"wp-image-35177 aligncenter\" src=\"https:\/\/havamall.com\/wp-content\/uploads\/2025\/11\/dfg-04-300x292.png\" alt=\"\" width=\"673\" height=\"655\" \/><\/strong><\/h2>\n<h2><strong>\u01afU \u0110I\u1ec2M C\u1ee6A PH\u00d4 MAI MOZZARELLA\u00a0<\/strong><\/h2>\n<ul>\n<li>100% ph\u00f4 mai nguy\u00ean ch\u1ea5t<\/li>\n<li>Ch\u1ebf ph\u1ea9m t\u1eeb s\u1eefa nguy\u00ean ch\u1ea5t<\/li>\n<li>Kh\u00f4ng ch\u1ea5t b\u1ea3o qu\u1ea3n \u0111\u1ed9c h\u1ea1i<\/li>\n<li>H\u01b0\u01a1ng v\u1ecb th\u01a1m ngon, d\u1ec5 \u0103n<\/li>\n<li>Gi\u00e0u canxi, ph\u00f9 h\u1ee3p m\u1ecdi l\u1ee9a tu\u1ed5i<\/li>\n<li>100% ph\u00f4 mai t\u1ef1 nhi\u00ean<\/li>\n<li>Th\u1ef1c ph\u1ea9m t\u1ed1t cho s\u1ee9c kh\u1ecfe<\/li>\n<\/ul>\n<h2><strong>GI\u1edaI THI\u1ec6U TH\u01af\u01a0NG HI\u1ec6U MLEKPOL\u00a0<\/strong><\/h2>\n<p>Mlekpol l\u00e0 t\u1eadp \u0111o\u00e0n s\u1ea3n xu\u1ea5t s\u1eefa t\u01b0\u01a1i v\u00e0 c\u00e1c s\u1ea3n ph\u1ea9m t\u1eeb s\u1eefa l\u1edbn nh\u1ea5t v\u00e0 hi\u1ec7n \u0111\u1ea1i nh\u1ea5t Ba Lan v\u1edbi nhi\u1ec1u nh\u00e0 m\u00e1y tr\u1ea3i d\u1ecdc l\u00e3nh th\u1ed5 n\u00e0y c\u00f9ng d\u00e2y chuy\u1ec1n s\u1ea3n xu\u1ea5t hi\u1ec7n \u0111\u1ea1i b\u1eadc nh\u1ea5t ch\u00e2u \u00c2u. Nh\u00e0 m\u00e1y Mlekpol \u0111\u01b0\u1ee3c th\u00e0nh l\u1eadp v\u00e0o \u0111\u1ea7u th\u1eadp ni\u00ean t\u00e1m m\u01b0\u01a1i c\u1ee7a th\u1ebf k\u1ef7 XX \u1edf Grajewo \u2013 m\u1ed9t trong nh\u1eefng n\u01a1i c\u00f3 kh\u00f4ng kh\u00ed trong l\u00e0nh v\u00e0 c\u1ea3nh quan \u0111\u1eb9p nh\u1ea5t Ba Lan.<\/p>\n<p>V\u1edbi m\u1ee5c ti\u00eau s\u1ea3n xu\u1ea5t c\u00e1c s\u1ea3n ph\u1ea9m s\u1eefa t\u01b0\u01a1i 100% nguy\u00ean ch\u1ea5t t\u1ed1t nh\u1ea5t tr\u00ean th\u1ecb tr\u01b0\u1eddng, Mlekpol \u0111\u00e3 v\u01b0\u01a1n l\u00ean v\u1ecb tr\u00ed s\u1ed1 1 t\u1ea1i th\u1ecb tr\u01b0\u1eddng n\u1ed9i \u0111\u1ecba c\u0169ng nh\u01b0 xu\u1ea5t kh\u1ea9u so v\u1edbi c\u00e1c nh\u00e0 s\u1ea3n xu\u1ea5t s\u1eefa kh\u00e1c \u1edf Ba Lan.<\/p>\n<p><b>Havamall\u00a0<\/b>t\u1ef1 h\u00e0o l\u00e0 nh\u00e0 ph\u00e2n ph\u1ed1i ph\u00f4 mai b\u00e0o s\u1ee3i v\u1edbi m\u1ee9c gi\u00e1 c\u1ea1nh tranh nh\u1ea5t.<\/p>","protected":false},"excerpt":{"rendered":"<p>TH\u00d4NG TIN CHUNG Ph\u00e2n nh\u00f3m Ph\u00f4 mai Mozzarella b\u00e0o Xu\u1ea5t x\u1ee9 Th\u01b0\u01a1ng hi\u1ec7u Mlekpol \u2013 Ba Lan Th\u00e0nh ph\u1ea7n S\u1eefa,<\/p>","protected":false},"featured_media":35175,"comment_status":"open","ping_status":"closed","template":"","meta":[],"product_brand":[],"product_cat":[275,36],"product_tag":[],"class_list":{"0":"post-35174","1":"product","2":"type-product","3":"status-publish","4":"has-post-thumbnail","6":"product_cat-thuc-pham-dong-lanh","7":"product_cat-thuc-pham-tieu-dung","9":"first","10":"instock","11":"sale","12":"shipping-taxable","13":"purchasable","14":"product-type-simple"},"_links":{"self":[{"href":"https:\/\/havamall.vn\/en\/wp-json\/wp\/v2\/product\/35174"}],"collection":[{"href":"https:\/\/havamall.vn\/en\/wp-json\/wp\/v2\/product"}],"about":[{"href":"https:\/\/havamall.vn\/en\/wp-json\/wp\/v2\/types\/product"}],"replies":[{"embeddable":true,"href":"https:\/\/havamall.vn\/en\/wp-json\/wp\/v2\/comments?post=35174"}],"version-history":[{"count":0,"href":"https:\/\/havamall.vn\/en\/wp-json\/wp\/v2\/product\/35174\/revisions"}],"wp:featuredmedia":[{"embeddable":true,"href":"https:\/\/havamall.vn\/en\/wp-json\/wp\/v2\/media\/35175"}],"wp:attachment":[{"href":"https:\/\/havamall.vn\/en\/wp-json\/wp\/v2\/media?parent=35174"}],"wp:term":[{"taxonomy":"product_brand","embeddable":true,"href":"https:\/\/havamall.vn\/en\/wp-json\/wp\/v2\/product_brand?post=35174"},{"taxonomy":"product_cat","embeddable":true,"href":"https:\/\/havamall.vn\/en\/wp-json\/wp\/v2\/product_cat?post=35174"},{"taxonomy":"product_tag","embeddable":true,"href":"https:\/\/havamall.vn\/en\/wp-json\/wp\/v2\/product_tag?post=35174"}],"curies":[{"name":"wp","href":"https:\/\/api.w.org\/{rel}","templated":true}]}}