{"id":35161,"date":"2024-08-12T17:54:00","date_gmt":"2024-08-12T10:54:00","guid":{"rendered":"https:\/\/havamall.vn\/?post_type=product&#038;p=35161"},"modified":"2025-08-07T11:49:07","modified_gmt":"2025-08-07T04:49:07","slug":"bot-chien-tom-gold-label-thai-lan-150g","status":"publish","type":"product","link":"https:\/\/havamall.vn\/en\/shop\/bot-chien-tom-gold-label-thai-lan-150g\/","title":{"rendered":"B\u1ed9t Chi\u00ean T\u00f4m Gold Label Th\u00e1i Lan 150g"},"content":{"rendered":"<h2 class=\"product-detail__specs-title\"><strong>TH\u00d4NG TIN CHUNG<\/strong><\/h2>\n<div id=\"js-product-detail__specs\" class=\"product-detail__specs\">\n<div class=\"row\">\n<div class=\"col-sm-12\">\n<div class=\"product-specs__table\">\n<table>\n<tbody>\n<tr>\n<td class=\"specs-table__property\">Th\u01b0\u01a1ng hi\u1ec7u<\/td>\n<td class=\"specs-table__value\">Th\u00e0nh V\u0129<\/td>\n<\/tr>\n<tr>\n<td class=\"specs-table__property\">Xu\u1ea5t x\u1ee9<\/td>\n<td class=\"specs-table__value\">Th\u00e1i Lan<\/td>\n<\/tr>\n<tr>\n<td class=\"specs-table__property\">H\u1ea1n s\u1eed d\u1ee5ng<\/td>\n<td class=\"specs-table__value\">12 th\u00e1ng<\/td>\n<\/tr>\n<tr>\n<td class=\"specs-table__property\">H\u01b0\u1edbng d\u1eabn s\u1eed d\u1ee5ng<\/td>\n<td class=\"specs-table__value\">D\u00f9ng tr\u1ef1c ti\u1ebfp ho\u1eb7c ch\u1ebf bi\u1ebfn c\u00e1c m\u00f3n \u0103n tu\u1ef3 th\u00edch<\/td>\n<\/tr>\n<tr>\n<td class=\"specs-table__property\">H\u01b0\u1edbng d\u1eabn b\u1ea3o qu\u1ea3n<\/td>\n<td class=\"specs-table__value\">B\u1ea3o qu\u1ea3n \u1edf nhi\u1ec7t \u0111\u1ed9 th\u01b0\u1eddng, gi\u1eef l\u1ea1nh sau khi m\u1edf n\u1eafp v\u00e0 s\u1eed d\u1ee5ng t\u1ed1t nh\u1ea5t trong 2 tu\u1ea7n<\/td>\n<\/tr>\n<tr>\n<td class=\"specs-table__property\">Th\u00e0nh ph\u1ea7n nguy\u00ean li\u1ec7u<\/td>\n<td class=\"specs-table__value\">\u00a0Nh\u01b0 tr\u00ean bao b\u00ec<\/td>\n<\/tr>\n<tr>\n<td class=\"specs-table__property\">Kh\u1ed1i l\u01b0\u1ee3ng\/Th\u1ec3 t\u00edch<\/td>\n<td class=\"specs-table__value\">150g<\/td>\n<\/tr>\n<\/tbody>\n<\/table>\n<p>\u0110i\u1ec3m \u0111\u1eb7c bi\u1ec7t c\u1ee7a b\u1ed9t chi\u00ean Tempura l\u00e0 khu\u1ea5y b\u1ed9t v\u1edbi n\u01b0\u1edbc \u0111\u00e1 l\u1ea1nh, khi chi\u00ean do s\u1ef1 ch\u00eanh l\u1ec7ch nhi\u1ec7t \u0111\u1ed9 gi\u1eefa b\u1ed9t l\u1ea1nh v\u00e0 d\u1ea7u n\u00f3ng, b\u1ed9t s\u1ebd c\u00f3 nh\u1eefng v\u00e2n x\u00f9 v\u00e0 gi\u00f2n x\u1ed1p b\u00e1m s\u00e1t m\u00f3n chi\u00ean, t\u1ea1o n\u00ean h\u01b0\u01a1ng v\u1ecb \u0111\u1eb7c tr\u01b0ng c\u1ee7a Nh\u1eadt B\u1ea3n. \u0110i\u1ec3m kh\u00e1c bi\u1ec7t c\u1ee7a b\u1ed9t Tempura l\u00e0 chi\u00ean \u0111\u01b0\u1ee3c t\u1ea5t c\u1ea3 c\u00e1c lo\u1ea1i rau c\u1ee7 nh\u01b0 t\u1ea7n \u00f4 (c\u1ea3i c\u00fac), t\u00eda t\u00f4, \u0111\u1eadu b\u1eafp, b\u00ed ng\u00f4, c\u00e0 t\u00edm, khoai lang, \u1edbt ng\u1ecdt\u2026 v\u00e0 h\u1ea3i s\u1ea3n.<\/p>\n<p><img decoding=\"async\" class=\"aligncenter\" src=\"https:\/\/havamall.com\/wp-content\/uploads\/2025\/08\/b0d742cde7d7e70545f61146fd1640b8.jpg_960x960q80.jpg.webp\" alt=\"B\u1ed9t chi\u00ean gi\u00f2n Gold Label g\u00f3i 150g\/ B\u1ed9t chi\u00ean t\u00f4m, c\u00e1, g\u00e0, m\u1ef1c,... SX theo c\u00f4ng ngh\u1ec7 Th\u00e1i Lan | Lazada.vn\" \/><\/p>\n<p>B\u1ed9t Chi\u00ean Gi\u00f2n T\u00f4m Th\u00e1i Lan 150G \u0111\u00e3 \u0111\u01b0\u1ee3c pha tr\u1ed9n t\u1eeb nhi\u1ec1u nguy\u00ean li\u1ec7u c\u1ea7n thi\u1ebft cho c\u00e1c m\u00f3n chi\u00ean, r\u00e1n, mang l\u1ea1i v\u1ecb gi\u00f2n r\u1ee5m th\u01a1m ngon, v\u00e0ng \u01b0\u01a1m, h\u1ea5p d\u1eabn.<\/p>\n<p>M\u1ecdi kh\u00e2u t\u1eeb tuy\u1ec3n ch\u1ecdn nguy\u00ean li\u1ec7u t\u1edbi ch\u1ebf bi\u1ebfn, \u0111\u00f3ng g\u00f3i \u0111\u1ec1u di\u1ec5n ra kh\u00e9p k\u00edn d\u01b0\u1edbi s\u1ef1 gi\u00e1m s\u00e1t v\u00e0 ki\u1ec3m tra nghi\u00eam ng\u1eb7t c\u1ee7a c\u00e1c chuy\u00ean gia th\u1ef1c ph\u1ea9m h\u00e0ng \u0111\u1ea7u.<\/p>\n<p>B\u1ed9t Chi\u00ean Gi\u00f2n T\u00f4m Th\u00e1i Lan 150G th\u00edch h\u1ee3p d\u00f9ng cho nh\u1eefng b\u00e0 n\u1ed9i tr\u1ee3 b\u1eadn r\u1ed9n, gi\u00fap ti\u1ebft ki\u1ec7m th\u1eddi gian v\u00e0 c\u00f4ng s\u1ee9c n\u1ea5u n\u01b0\u1edbng.<\/p>\n<p>S\u1ea3n ph\u1ea9m kh\u00f4ng ch\u1ec9 mang l\u1ea1i v\u1ecb gi\u00f2n r\u1ee5m th\u01a1m ngon m\u00e0 c\u00f2n l\u00e0m cho m\u00f3n \u0103n c\u00f3 m\u00e0u v\u00e0ng \u01b0\u01a1m b\u1eaft m\u1eaft, h\u1ea5p d\u1eabn v\u1ecb gi\u00e1c.<\/p>\n<ul>\n<li><strong>Th\u00e0nh ph\u1ea7n:<\/strong>\u00a0B\u1ed9t g\u1ea1o, b\u1ed9t m\u00ec, tinh b\u1ed9t b\u1eafp, tinh b\u1ed9t khoai m\u00ec, b\u1ed9t ph\u1ee5 gia th\u1ef1c ph\u1ea9m, ch\u1ea5t nh\u0169 h\u00f3a E(450i), ch\u1ea5t t\u1ea1o x\u1ed1p E(500ii).<\/li>\n<li><strong>C\u00f4ng d\u1ee5ng:<\/strong>\u00a0T\u1ea1o m\u1ed9t l\u1edbp v\u1ecf b\u1ed9t c\u0103ng ph\u1ed3ng gi\u00f2n v\u00e0ng \u00f3ng \u00e1nh, bao quanh b\u00ean ngo\u00e0i nguy\u00ean li\u1ec7u: t\u00f4m, m\u1ef1c, c\u00e1, g\u00e0, khoai, rau c\u1ee7\u2026 \u0110em \u0111\u1ebfn h\u01b0\u01a1ng v\u1ecb th\u01a1m ngon v\u00e0 gi\u00f2n r\u1ee5m cho c\u00e1c m\u00f3n chi\u00ean.<\/li>\n<li><strong>Nh\u00e0 s\u1ea3n xu\u1ea5t:<\/strong>\u00a0Th\u00e1i Lan<\/li>\n<li><strong>H\u1ea1n s\u1eed d\u1ee5ng:\u00a0<\/strong>12 th\u00e1ng k\u1ec3 t\u1eeb ng\u00e0y s\u1ea3n xu\u1ea5t.<\/li>\n<li><strong>B\u1ea3o qu\u1ea3n:\u00a0<\/strong>n\u01a1i kh\u00f4 r\u00e1o, tho\u00e1ng m\u00e1t, v\u00e0 tr\u00e1nh \u00e1nh n\u1eafng tr\u1ef1c ti\u1ebfp.<\/li>\n<\/ul>\n<p>\u0110i\u1ec3m kh\u00e1c bi\u1ec7t l\u1edbn nh\u1ea5t ch\u00ednh l\u00e0 c\u00e1ch pha b\u1ed9t r\u1ea5t \u0111\u01a1n gi\u1ea3n, \u0111\u00fang h\u01b0\u1edbng d\u1eabn tr\u00ean bao b\u00ec l\u00e0 c\u00e1c th\u00e0nh vi\u00ean trong gia \u0111\u00ecnh \u0111\u1ec1u t\u1ef1 tin th\u1ef1c hi\u1ec7n, cho ra c\u00e1c m\u00f3n chi\u00ean tuy\u1ec7t h\u1ea3o. V\u1edbi gia v\u1ecb \u0111\u00e3 c\u00f3 s\u1eb5n trong b\u1ed9t s\u1ebd th\u1ea5m s\u00e2u v\u00e0o nguy\u00ean li\u1ec7u, v\u1ecf b\u1ed9t m\u1ecfng b\u00e1m \u0111\u1ec1u, m\u00e0u v\u00e0ng \u00f3ng \u00e1nh r\u1ea5t h\u1ea5p d\u1eabn, \u0111\u1ed9 gi\u00f2n gi\u1eef r\u1ea5t l\u00e2u.<\/p>\n<\/div>\n<\/div>\n<\/div>\n<\/div>","protected":false},"excerpt":{"rendered":"<p>TH\u00d4NG TIN CHUNG Th\u01b0\u01a1ng hi\u1ec7u Th\u00e0nh V\u0129 Xu\u1ea5t x\u1ee9 Th\u00e1i Lan H\u1ea1n s\u1eed d\u1ee5ng 12 th\u00e1ng H\u01b0\u1edbng d\u1eabn s\u1eed d\u1ee5ng<\/p>","protected":false},"featured_media":35162,"comment_status":"open","ping_status":"closed","template":"","meta":[],"product_brand":[],"product_cat":[595,36],"product_tag":[],"class_list":{"0":"post-35161","1":"product","2":"type-product","3":"status-publish","4":"has-post-thumbnail","6":"product_cat-gia-vi-va-che-bien","7":"product_cat-thuc-pham-tieu-dung","9":"first","10":"outofstock","11":"sale","12":"shipping-taxable","13":"purchasable","14":"product-type-simple"},"_links":{"self":[{"href":"https:\/\/havamall.vn\/en\/wp-json\/wp\/v2\/product\/35161"}],"collection":[{"href":"https:\/\/havamall.vn\/en\/wp-json\/wp\/v2\/product"}],"about":[{"href":"https:\/\/havamall.vn\/en\/wp-json\/wp\/v2\/types\/product"}],"replies":[{"embeddable":true,"href":"https:\/\/havamall.vn\/en\/wp-json\/wp\/v2\/comments?post=35161"}],"version-history":[{"count":0,"href":"https:\/\/havamall.vn\/en\/wp-json\/wp\/v2\/product\/35161\/revisions"}],"wp:featuredmedia":[{"embeddable":true,"href":"https:\/\/havamall.vn\/en\/wp-json\/wp\/v2\/media\/35162"}],"wp:attachment":[{"href":"https:\/\/havamall.vn\/en\/wp-json\/wp\/v2\/media?parent=35161"}],"wp:term":[{"taxonomy":"product_brand","embeddable":true,"href":"https:\/\/havamall.vn\/en\/wp-json\/wp\/v2\/product_brand?post=35161"},{"taxonomy":"product_cat","embeddable":true,"href":"https:\/\/havamall.vn\/en\/wp-json\/wp\/v2\/product_cat?post=35161"},{"taxonomy":"product_tag","embeddable":true,"href":"https:\/\/havamall.vn\/en\/wp-json\/wp\/v2\/product_tag?post=35161"}],"curies":[{"name":"wp","href":"https:\/\/api.w.org\/{rel}","templated":true}]}}