{"id":35158,"date":"2024-08-12T16:44:55","date_gmt":"2024-08-12T09:44:55","guid":{"rendered":"https:\/\/havamall.vn\/?post_type=product&#038;p=35158"},"modified":"2025-08-19T11:56:09","modified_gmt":"2025-08-19T04:56:09","slug":"banh-turnover-nhan-tao-mini-dong-lanh-240g-8x30g-frozen-turnover-apple","status":"publish","type":"product","link":"https:\/\/havamall.vn\/en\/shop\/banh-turnover-nhan-tao-mini-dong-lanh-240g-8x30g-frozen-turnover-apple\/","title":{"rendered":"B\u00e1nh Turnover Nh\u00e2n T\u00e1o Mini \u0110\u00f4ng L\u1ea1nh 240g (8x30g) \u2013 Frozen Turnover Apple"},"content":{"rendered":"<h2><strong>TH\u00d4NG TIN CHUNG<\/strong><\/h2>\n<table>\n<tbody>\n<tr>\n<td>Th\u01b0\u01a1ng hi\u1ec7u<\/td>\n<td>Viennoiserie<\/td>\n<\/tr>\n<tr>\n<td>Xu\u1ea5t x\u1ee9<\/td>\n<td>Ph\u00e1p<\/td>\n<\/tr>\n<tr>\n<td>Th\u00e0nh ph\u1ea7n<\/td>\n<td>B\u1ed9t m\u00ec, b\u01a1, s\u1eefa, \u0111\u01b0\u1eddng, mu\u1ed1i, men, tinh b\u1ed9t,\u2026<\/td>\n<\/tr>\n<tr>\n<td>H\u1ea1n s\u1eed d\u1ee5ng<\/td>\n<td>3 th\u00e1ng k\u1ec3 t\u1eeb ng\u00e0y s\u1ea3n xu\u1ea5t.<\/td>\n<\/tr>\n<tr>\n<td>B\u1ea3o qu\u1ea3n<\/td>\n<td>B\u1ea3o qu\u1ea3n \u0111\u00f4ng l\u1ea1nh<\/td>\n<\/tr>\n<tr>\n<td>\u00a0Kh\u1ed1i l\u01b0\u1ee3ng<\/td>\n<td>240g<\/td>\n<\/tr>\n<\/tbody>\n<\/table>\n<p><strong>B\u00e1nh Mini Apple Turnover \u0110\u00f4ng L\u1ea1nh<\/strong>\u00a0l\u00e0 m\u1ed9t m\u00f3n tr\u00e1ng mi\u1ec7ng th\u01a1m ngon v\u00e0 ph\u1ed5 bi\u1ebfn trong \u1ea9m th\u1ef1c Ph\u00e1p. \u0110\u01b0\u1ee3c l\u00e0m t\u1eeb l\u1edbp b\u1ed9t m\u00ec m\u1ecfng v\u00e0 gi\u00f2n, m\u00f3n n\u00e0y bao g\u1ed3m l\u1edbp v\u1ecf b\u00e1nh \u0111\u01b0\u1ee3c g\u1ea5p l\u1ea1i \u0111\u1ec3 b\u1ecdc b\u00ean trong nh\u1eefng mi\u1ebfng t\u00e1o t\u01b0\u01a1i ngon v\u00e0 m\u1ed9t s\u1ed1 gia v\u1ecb pha tr\u1ed9n t\u1ea1o n\u00ean h\u01b0\u01a1ng v\u1ecb tuy\u1ec7t v\u1eddi.<\/p>\n<p>Ti\u1ebft cu\u1ed1i n\u0103m se se m\u00e1t, l\u1ea1i nh\u1edb m\u00f9i qu\u1ebf th\u01a1m n\u1ed3ng&#8230;x\u00e0o m\u1ebb nh\u00e2n t\u00e1o v\u1edbi \u0111\u01b0\u1eddng n\u00e2u v\u00e0 b\u1ed9t qu\u1ebf&#8230;n\u01b0\u1edbng m\u1ed9t m\u1ebb Apple Turn Over \u0111\u1ec3 ra m\u1eaft m\u00f9a \u0111\u00f4ng.<\/p>\n<div id=\"tab-1\" class=\"tab-content current\">\n<div class=\"rte\">\n<div>M\u00f9i b\u01a1 d\u1ecbu d\u00e0ng xen l\u1eabn m\u00f9i qu\u1ebf&#8230;m\u1ed9t ch\u00fat v\u1ecb chua ng\u1ecdt thanh tao l\u1eabn trong v\u1ecb b\u00e9o nh\u1eb9 c\u1ee7a nh\u1eefng l\u1edbp b\u00e1nh m\u1ecfng tang gi\u00f2n x\u1ed1p&#8230;c\u1eafn v\u00e0o mi\u1ebfng b\u00e1nh nghe \u1ea5m l\u00f2ng v\u00e0 tho\u1ea3 m\u00e3n v\u00f4 c\u00f9ng.<\/div>\n<div>\n<div class=\"xdj266r x11i5rnm xat24cr x1mh8g0r x1vvkbs\">\n<div dir=\"auto\">M\u1ed9t chi\u1ebfc b\u00e1nh t\u00e1o th\u01a1m ngon s\u1ebd l\u00e0 g\u1ee3i \u00fd l\u00fd t\u01b0\u1edfng cho b\u1eefa s\u00e1ng ho\u1eb7c b\u1eefa x\u1ebf cu\u1ed1i tu\u1ea7n c\u1ee7a b\u1ea1n \u0111\u1ea5y! Apple Turnover v\u1edbi l\u1edbp v\u1ecf ngh\u00ecn l\u1edbp ph\u00f2ng x\u1ed1p, b\u00ean trong l\u00e0 l\u1edbp nh\u00e2n t\u00e1o ng\u1ecdt th\u01a1m. B\u00e1nh \u0111\u00f4ng l\u1ea1nh s\u1ebd gi\u00fap b\u1ea1n ti\u1ebft ki\u1ec7m r\u1ea5t nhi\u1ec1u th\u1eddi gian so v\u1edbi c\u00e1ch l\u00e0m nh\u00e2n truy\u1ec1n th\u1ed1ng.<\/div>\n<div dir=\"auto\"><img fetchpriority=\"high\" decoding=\"async\" class=\"aligncenter\" src=\"https:\/\/havamall.com\/wp-content\/uploads\/2025\/08\/06430a8a9a8a73a3fb7f237f858bac57_a60a7e4b9720408dae0408de2f2c69c8_large.jpg\" alt=\"B\u00e1nh Turnover Nh\u00e2n T\u00e1o Mini Delifrance 35g (6 C\u00e1i) \u2013 Maxzi\" width=\"588\" height=\"588\" \/><\/div>\n<div dir=\"auto\"><\/div>\n<div dir=\"auto\">\n<div><strong>Mini Apple Turnover Bridor<\/strong>\u00a0mang \u0111\u1eadm d\u1ea5u \u1ea5n c\u1ee7a n\u1ec1n \u1ea9m th\u1ef1c Ph\u00e1p, t\u1eeb vi\u1ec7c ch\u1ecdn l\u1ef1a nguy\u00ean li\u1ec7u \u0111\u1ebfn quy tr\u00ecnh l\u00e0m b\u00e1nh t\u1ec9 m\u1ec9. B\u00e1nh lu\u00f4n c\u00e1c \u0111\u1ea7u b\u1ebfp\u00a0s\u1eed d\u1ee5ng c\u00e1c nguy\u00ean li\u1ec7u t\u01b0\u01a1i ngon v\u00e0 ch\u1ea5t l\u01b0\u1ee3ng cao \u0111\u1ec3 t\u1ea1o ra c\u00e1c s\u1ea3n ph\u1ea9m th\u1ef1c ph\u1ea9m ch\u1ea5t l\u01b0\u1ee3ng.<\/div>\n<div>V\u1edbi s\u1ef1 k\u1ebft h\u1ee3p ho\u00e0n h\u1ea3o c\u1ee7a nh\u00e2n t\u00e1o (c\u00f3 th\u1ec3 b\u00e0o s\u1ee3i ho\u1eb7c th\u00e1i nh\u1ecf) h\u00f2a tr\u1ed9n chung v\u1edbi\u00a0\u0111\u01b0\u1eddng,qu\u1ebf, m\u1ed9t\u00a0ch\u00fat b\u1ed9t m\u1ef3, ch\u00fat b\u01a1 v\u1edbi m\u1ed9t t\u1eb9o mu\u1ed1i l\u00e0 c\u00f3 th\u1ec3 cho ra nh\u1eefng chi\u1ebfc b\u00e1nh\u00a0B\u00e1nh\u00a0Mini Apple Turnover Bridor chao \u0111\u1ea3o l\u00f2ng ng\u01b0\u1eddi.<\/div>\n<p>B\u00e1nh \u0111\u01b0\u1ee3c thi\u1ebft k\u1ebf v\u1edbi k\u00edch th\u01b0\u1edbc mini, \u0111\u00f3ng g\u00f3i v\u00e0 b\u1ea3o qu\u1ea3n trong t\u1ee7 \u0111\u00f4ng\u00a0ti\u1ec7n l\u1ee3i cho vi\u1ec7c ph\u1ee5c v\u1ee5 c\u00e1 nh\u00e2n ho\u1eb7c trong c\u00e1c bu\u1ed5i ti\u1ec7c nh\u1ecf. \u0110i\u1ec1u n\u00e0y gi\u00fap b\u1ea1n d\u1ec5 d\u00e0ng chia s\u1ebb v\u00e0 th\u01b0\u1edfng th\u1ee9c b\u1ea5t c\u1ee9 l\u00fac n\u00e0o.<\/p>\n<h3><img decoding=\"async\" class=\"aligncenter\" src=\"https:\/\/natashaskitchen.com\/wp-content\/uploads\/2019\/10\/Apple-Turnovers-6-728x1092.jpg\" alt=\"Easy Apple Turnovers (VIDEO) - NatashasKitchen.com\" width=\"589\" height=\"884\" \/><\/h3>\n<h3>H\u01b0\u1edbng d\u1eabn n\u01b0\u1edbng b\u00e1nh<\/h3>\n<p>R\u00e3 \u0111\u00f4ng 10-15 ph\u00fat. N\u01b0\u1edbng b\u1eb1ng l\u00f2 n\u01b0\u1edbng 15-20 ph\u00fat \u1edf nhi\u1ec7t \u0111\u1ed9 160 -180 \u0111\u1ed9 C.<\/p>\n<h3>H\u01b0\u1edbng d\u1eabn b\u1ea3o qu\u1ea3n:<\/h3>\n<ul>\n<li>B\u1ea3o qu\u1ea3n trong ng\u0103n \u0111\u00f4ng t\u1ee7 l\u1ea1nh \u1edf nhi\u1ec7t \u0111\u1ed9 -18 \u0111\u1ed9 C.<\/li>\n<li>Quy c\u00e1ch \u0111\u00f3ng g\u00f3i: 8 b\u00e1nh x 30g<\/li>\n<\/ul>\n<h2>M\u00e1ch b\u1ea1n \u0111\u1ecba \u0111i\u1ec3m mua B\u00e1nh Mini Apple Turnover \u0111\u00f4ng l\u1ea1nh<\/h2>\n<p>N\u1ebfu b\u1ea1n y\u00eau th\u00edch lo\u1ea1i\u00a0<strong>B\u00e1nh Mini Apple Turnover <\/strong>nh\u01b0ng l\u1ea1i kh\u00f4ng c\u00f3 qu\u00e1 nhi\u1ec1u th\u1eddi gian \u0111\u1ec3 l\u00e0m b\u00e1nh th\u00ec b\u1ea1n c\u00f3 th\u1ec3 mua B\u00e1nh Mini Apple Turnover \u0111\u00f4ng l\u1ea1nh \u0111\u1ec3 c\u00f3 th\u1ec3 n\u01b0\u1edbng v\u00e0 th\u01b0\u1edfng th\u1ee9c ngay t\u1ea1i nh\u00e0 m\u00e0 kh\u00f4ng c\u1ea7n t\u1ed1n qu\u00e1 nhi\u1ec1u th\u1eddi gian v\u00e0 c\u00f4ng s\u1ee9c \u0111\u1ec3 l\u00e0m b\u00e1nh. B\u1ea1n c\u00f3 th\u1ec3 d\u1ec5 d\u00e0ng th\u01b0\u1edfng th\u1ee9c m\u00f3n b\u00e1nh m\u00ec s\u1eebng tr\u00e2u b\u1ea5t c\u1ee9 l\u00fac n\u00e0o b\u1ea1n th\u00edch.<\/p>\n<p>Havamall chuy\u00ean cung c\u1ea5p B\u00e1nh Mini Apple Turnover \u0111\u00f4ng l\u1ea1nh v\u1edbi nhi\u1ec1u tr\u1ecdng l\u01b0\u1ee3ng, m\u1ee9c gi\u00e1 kh\u00e1c nhau cho b\u1ea1n d\u1ec5 d\u00e0ng l\u1ef1a ch\u1ecdn.<\/p>\n<p>N\u1ebfu b\u1ea1n \u0111ang c\u00f3 nhu c\u1ea7u mua B\u00e1nh Mini Apple Turnover \u0111\u00f4ng l\u1ea1nh th\u00ec h\u00e3y li\u00ean h\u1ec7 ngay v\u1edbi Havamall \u0111\u1ec3 \u0111\u01b0\u1ee3c nh\u00e2n vi\u00ean t\u01b0 v\u1ea5n v\u1ec1 s\u1ea3n ph\u1ea9m cho b\u1ea1n nh\u00e9!<\/p>\n<\/div>\n<\/div>\n<div class=\"x11i5rnm xat24cr x1mh8g0r x1vvkbs xtlvy1s\"><\/div>\n<\/div>\n<\/div>\n<\/div>","protected":false},"excerpt":{"rendered":"<p>TH\u00d4NG TIN CHUNG Th\u01b0\u01a1ng hi\u1ec7u Viennoiserie Xu\u1ea5t x\u1ee9 Ph\u00e1p Th\u00e0nh ph\u1ea7n B\u1ed9t m\u00ec, b\u01a1, s\u1eefa, \u0111\u01b0\u1eddng, mu\u1ed1i, men, tinh b\u1ed9t,\u2026<\/p>","protected":false},"featured_media":35159,"comment_status":"open","ping_status":"closed","template":"","meta":[],"product_brand":[],"product_cat":[679,671,275,36],"product_tag":[],"class_list":{"0":"post-35158","1":"product","2":"type-product","3":"status-publish","4":"has-post-thumbnail","6":"product_cat-banh-dong-lanh","7":"product_cat-nhap-khau-phap","8":"product_cat-thuc-pham-dong-lanh","9":"product_cat-thuc-pham-tieu-dung","11":"first","12":"outofstock","13":"sale","14":"shipping-taxable","15":"purchasable","16":"product-type-simple"},"_links":{"self":[{"href":"https:\/\/havamall.vn\/en\/wp-json\/wp\/v2\/product\/35158"}],"collection":[{"href":"https:\/\/havamall.vn\/en\/wp-json\/wp\/v2\/product"}],"about":[{"href":"https:\/\/havamall.vn\/en\/wp-json\/wp\/v2\/types\/product"}],"replies":[{"embeddable":true,"href":"https:\/\/havamall.vn\/en\/wp-json\/wp\/v2\/comments?post=35158"}],"version-history":[{"count":0,"href":"https:\/\/havamall.vn\/en\/wp-json\/wp\/v2\/product\/35158\/revisions"}],"wp:featuredmedia":[{"embeddable":true,"href":"https:\/\/havamall.vn\/en\/wp-json\/wp\/v2\/media\/35159"}],"wp:attachment":[{"href":"https:\/\/havamall.vn\/en\/wp-json\/wp\/v2\/media?parent=35158"}],"wp:term":[{"taxonomy":"product_brand","embeddable":true,"href":"https:\/\/havamall.vn\/en\/wp-json\/wp\/v2\/product_brand?post=35158"},{"taxonomy":"product_cat","embeddable":true,"href":"https:\/\/havamall.vn\/en\/wp-json\/wp\/v2\/product_cat?post=35158"},{"taxonomy":"product_tag","embeddable":true,"href":"https:\/\/havamall.vn\/en\/wp-json\/wp\/v2\/product_tag?post=35158"}],"curies":[{"name":"wp","href":"https:\/\/api.w.org\/{rel}","templated":true}]}}