{"id":35129,"date":"2024-08-09T12:03:37","date_gmt":"2024-08-09T05:03:37","guid":{"rendered":"https:\/\/havamall.vn\/?post_type=product&#038;p=35129"},"modified":"2025-03-20T10:51:34","modified_gmt":"2025-03-20T03:51:34","slug":"vien-xot-ca-ri-nhat-ban-hoan-chinh-cay-vua-java-curry-med-hot-200g","status":"publish","type":"product","link":"https:\/\/havamall.vn\/en\/shop\/vien-xot-ca-ri-nhat-ban-hoan-chinh-cay-vua-java-curry-med-hot-200g\/","title":{"rendered":"Vi\u00ean x\u1ed1t c\u00e0 ri Nh\u1eadt B\u1ea3n Ho\u00e0n Ch\u1ec9nh Vermont Cay V\u1eeba \u2013 Curry With A Touch Of Apple And Honey Med Hot 230g"},"content":{"rendered":"<h2><strong>TH\u00d4NG TIN CHUNG<\/strong><\/h2>\n<div dir=\"auto\">\n<div dir=\"auto\">\n<table>\n<tbody>\n<tr>\n<td>Th\u01b0\u01a1ng hi\u1ec7u<\/td>\n<td>House Food<\/td>\n<\/tr>\n<tr>\n<td>Xu\u1ea5t x\u1ee9 th\u01b0\u01a1ng hi\u1ec7u<\/td>\n<td>Nh\u1eadt B\u1ea3n<\/td>\n<\/tr>\n<tr>\n<td>H\u1ea1n s\u1eed d\u1ee5ng<\/td>\n<td>12 th\u00e1ng k\u1ec3 t\u1eeb ng\u00e0y s\u1ea3n xu\u1ea5t<\/td>\n<\/tr>\n<tr>\n<td>H\u01b0\u1edbng d\u1eabn b\u1ea3o qu\u1ea3n<\/td>\n<td>B\u1ea3o qu\u1ea3n nhi\u1ec7t \u0111\u1ed9 ph\u00f2ng<\/td>\n<\/tr>\n<tr>\n<td>H\u01b0\u1edbng d\u1eabn s\u1eed d\u1ee5ng<\/td>\n<td>D\u00f9ng \u0111\u1ec3 n\u1ea5u \u0103n<\/td>\n<\/tr>\n<tr>\n<td>Xu\u1ea5t x\u1ee9<\/td>\n<td>Nh\u1eadt B\u1ea3n<\/td>\n<\/tr>\n<tr>\n<td>Tr\u1ecdng l\u01b0\u1ee3ng s\u1ea3n ph\u1ea9m<\/td>\n<td>230g<\/td>\n<\/tr>\n<tr>\n<td>Quy c\u00e1ch \u0111\u00f3ng g\u00f3i<\/td>\n<td>H\u1ed9p 230g<\/td>\n<\/tr>\n<tr>\n<td>Th\u00e0nh ph\u1ea7n<\/td>\n<td>Ch\u1ea5t b\u00e9o th\u1ef1c v\u1eadt (d\u1ea7u c\u1ecd, d\u1ea7u h\u1ea1t c\u1ea3i, ch\u1ea5t nh\u0169 h\u00f3a,\u2026), ch\u1ea5t ch\u1ed1ng oxy h\u00f3a, b\u1ed9t m\u00ec, \u0111o\u1eebng, mu\u1ed1i i-\u1ed1t, tinh b\u1ed9t b\u1eafp, b\u1ed9t c\u00e0 c\u00e0 ri, b\u1ed9t h\u00e0nh, ch\u1ea5t \u0111i\u1ec1u v\u1ecb, ph\u1ea9m m\u00e0u t\u1ef1 nhi\u00ean, b\u1ed9t t\u1ecfi, ch\u00e2t chi\u1ebft n\u1ea5m men d\u1ea1ng b\u1ed9t, \u0111\u01b0\u1eddng glucosse, h\u01b0\u01a1ng b\u00f2 t\u1ed5ng h\u1ee3p. S\u1ea3n ph\u1ea9m c\u00f3 ch\u1ee9a \u0111\u1eadu n\u00e0nh v\u00e0 gluten.<\/td>\n<\/tr>\n<\/tbody>\n<\/table>\n<\/div>\n<p>N\u1ec1n \u1ea9m th\u1ef1c Nh\u1eadt c\u00f2n \u0111\u1eb7c bi\u1ec7t v\u1edbi nh\u1eefng m\u00f3n c\u00e0 ri tuy\u1ec7t v\u1eddi, trong \u0111\u00f3 vi\u00ean c\u00e0 ri Nh\u1eadt l\u00e0 m\u1ed9t m\u00f3n \u0103n truy\u1ec1n th\u1ed1ng n\u1ed5i ti\u1ebfng. V\u1edbi h\u01b0\u01a1ng v\u1ecb \u0111\u1eadm \u0111\u00e0 v\u00e0 tinh t\u1ebf, vi\u00ean c\u00e0 ri Nh\u1eadt chinh ph\u1ee5c c\u1ea3 ng\u01b0\u1eddi d\u00f9ng \u0111\u1ecba ph\u01b0\u01a1ng v\u00e0 du kh\u00e1ch qu\u1ed1c t\u1ebf.<\/p>\n<p><strong>Vi\u00ean X\u1ed1t C\u00e0 Ri Nh\u1eadt B\u1ea3n Java 230g<\/strong>\u00a0\u0111\u01b0\u1ee3c t\u1ea1o n\u00ean t\u1eeb nh\u1eefng nguy\u00ean li\u1ec7u tuy\u1ec3n ch\u1ecdn k\u1ef9 l\u01b0\u1ee1ng \u0111\u1ec3 \u0111\u1ea3m b\u1ea3o h\u01b0\u01a1ng v\u1ecb tinh t\u1ebf. Th\u1ecbt g\u00e0, b\u00f2 ho\u1eb7c h\u1ea3i s\u1ea3n th\u01b0\u1eddng \u0111\u01b0\u1ee3c s\u1eed d\u1ee5ng l\u00e0m th\u00e0nh ph\u1ea7n ch\u00ednh c\u1ee7a vi\u00ean c\u00e0 ri. Nh\u1eefng lo\u1ea1i gia v\u1ecb nh\u01b0 ngh\u1ec7, h\u00e0nh, t\u1ecfi, g\u1eebng v\u00e0 h\u1ea1t ti\u00eau \u0111\u01b0\u1ee3c s\u1eed d\u1ee5ng \u0111\u1ec3 t\u1ea1o n\u00ean h\u01b0\u01a1ng v\u1ecb \u0111\u1eb7c tr\u01b0ng v\u00e0 \u0111\u1eadm \u0111\u00e0 cho m\u00f3n \u0103n.<\/p>\n<p>Nh\u1edd s\u1ef1 k\u1ebft h\u1ee3p h\u00e0i h\u00f2a n\u00e0y, vi\u00ean c\u00e0 ri Nh\u1eadt mang \u0111\u1ebfn m\u1ed9t tr\u1ea3i nghi\u1ec7m \u1ea9m th\u1ef1c phong ph\u00fa v\u00e0 \u0111\u1ed9c \u0111\u00e1o.<\/p>\n<p><img decoding=\"async\" class=\"aligncenter\" src=\"https:\/\/havamall.vn\/wp-content\/uploads\/2025\/03\/Japanese-Curry-Roux-5931.jpg\" alt=\"How to Make Japanese Curry Roux \u2022 Just One Cookbook\" \/><\/p>\n<\/div>\n<h2><strong>H\u01b0\u1edbng d\u1eabn c\u00e1ch l\u00e0m c\u00e0 ri Nh\u1eadt B\u1ea3n<\/strong><\/h2>\n<p>12 kh\u1ea9u ph\u1ea7n\/1 h\u1ed9p\/230g<\/p>\n<p>M\u1ed9t h\u1ed9p Java curry, c\u1ea7n chu\u1ea9n b\u1ecb th\u00eam 1 s\u1ed1 nguy\u00ean li\u1ec7u sau:<\/p>\n<p>\u2013 280g th\u1ecbt b\u00f2 ho\u1eb7c th\u1ecbt heo ho\u1eb7c th\u1ecbt g\u00e0,<\/p>\n<p>\u2013 320g h\u00e0nh t\u00e2y<\/p>\n<p>\u2013 240g khoai t\u00e2y<\/p>\n<p>\u2013 160g c\u00e0 r\u1ed1t<\/p>\n<p>\u2013 30g d\u1ea7u th\u1ef1c v\u1eadt ho\u1eb7c b\u01a1<\/p>\n<p>\u2013 1 l\u00edt n\u01b0\u1edbc.<\/p>\n<h2><strong>Th\u01b0\u1edfng th\u1ee9c vi\u00ean c\u00e0 ri Nh\u1eadt<\/strong><\/h2>\n<p><strong>Vi\u00ean c\u00e0 ri Nh\u1eadt<\/strong>\u00a0th\u01b0\u1eddng \u0111\u01b0\u1ee3c th\u01b0\u1edfng th\u1ee9c k\u00e8m v\u1edbi c\u01a1m tr\u1eafng tinh khi\u1ebft, t\u1ea1o th\u00e0nh m\u1ed9t b\u1eefa \u0103n ho\u00e0n ch\u1ec9nh v\u00e0 c\u00e2n b\u1eb1ng. H\u01b0\u01a1ng v\u1ecb \u0111\u1eadm \u0111\u00e0 v\u00e0 th\u01a1m ngon c\u1ee7a vi\u00ean c\u00e0 ri k\u1ebft h\u1ee3p v\u1edbi v\u1ecb ng\u1ecdt c\u1ee7a c\u01a1m tr\u1eafng t\u1ea1o n\u00ean m\u1ed9t tr\u1ea3i nghi\u1ec7m \u1ea9m th\u1ef1c tuy\u1ec7t v\u1eddi. B\u1ea1n c\u00f3 th\u1ec3 th\u01b0\u1edfng th\u1ee9c vi\u00ean c\u00e0 ri Nh\u1eadt trong nh\u00e0 h\u00e0ng truy\u1ec1n th\u1ed1ng ho\u1eb7c n\u1ea5u ch\u00fang t\u1ea1i nh\u00e0 \u0111\u1ec3 tr\u1ea3i nghi\u1ec7m v\u1edbi gia \u0111\u00ecnh v\u00e0 b\u1ea1n b\u00e8.<\/p>\n<p><img fetchpriority=\"high\" decoding=\"async\" class=\"aligncenter\" src=\"https:\/\/scontent.fsgn8-3.fna.fbcdn.net\/v\/t39.30808-6\/219141048_4117984604903382_3605684081482652155_n.png?_nc_cat=110&amp;ccb=1-7&amp;_nc_sid=127cfc&amp;_nc_ohc=V5fDMtgRzIoQ7kNvgEzW3Co&amp;_nc_ht=scontent.fsgn8-3.fna&amp;oh=00_AYDHxvoRLl9bmksmdlBpY-xCngAgRmEUr2ZdQpNld2wkTA&amp;oe=66BB6454\" alt=\"Kh\u00f4ng c\u00f3 m\u00f4 t\u1ea3 \u1ea3nh.\" width=\"588\" height=\"735\" \/><\/p>\n<h2><strong>Vi\u00ean c\u00e0 ri nh\u1eadt mua \u1edf \u0111\u00e2u?<\/strong><\/h2>\n<p><strong>B\u1ea1n c\u00f3 th\u1ec3 mua vi\u00ean c\u00e0 ri Nh\u1eadt t\u1ea1i Havamall<\/strong>\u00a0\u2013 m\u1ed9t \u0111\u1ecba ch\u1ec9 \u0111\u00e1ng tin c\u1eady \u0111\u1ec3 t\u00ecm th\u1ef1c ph\u1ea9m Nh\u1eadt B\u1ea3n ch\u1ea5t l\u01b0\u1ee3ng cao. Havamall cung c\u1ea5p m\u1ed9t lo\u1ea1t c\u00e1c s\u1ea3n ph\u1ea9m \u1ea9m th\u1ef1c Nh\u1eadt B\u1ea3n, \u0111\u1ea3m b\u1ea3o \u0111\u00e1p \u1ee9ng nhu c\u1ea7u c\u1ee7a b\u1ea1n v\u1ec1 vi\u00ean c\u00e0 ri Nh\u1eadt.<\/p>\n<p><strong>Vi\u00ean c\u00e0 ri Nh\u1eadt<\/strong>\u00a0l\u00e0 m\u1ed9t m\u00f3n \u0103n truy\u1ec1n th\u1ed1ng v\u1edbi h\u01b0\u01a1ng v\u1ecb \u0111\u1eadm \u0111\u00e0 v\u00e0 tinh t\u1ebf. V\u1edbi s\u1ef1 k\u1ebft h\u1ee3p h\u00e0i h\u00f2a c\u1ee7a c\u00e1c gia v\u1ecb v\u00e0 nguy\u00ean li\u1ec7u tuy\u1ec3n ch\u1ecdn k\u1ef9 l\u01b0\u1ee1ng, vi\u00ean c\u00e0 ri Nh\u1eadt mang \u0111\u1ebfn m\u1ed9t tr\u1ea3i nghi\u1ec7m \u1ea9m th\u1ef1c \u0111\u1ed9c \u0111\u00e1o. H\u00e3y d\u00e0nh th\u1eddi gian kh\u00e1m ph\u00e1 v\u00e0 th\u01b0\u1edfng th\u1ee9c vi\u00ean c\u00e0 ri Nh\u1eadt \u0111\u1ec3 tr\u1ea3i nghi\u1ec7m v\u0103n h\u00f3a \u1ea9m th\u1ef1c tuy\u1ec7t v\u1eddi c\u1ee7a Nh\u1eadt B\u1ea3n.<\/p>","protected":false},"excerpt":{"rendered":"<p>TH\u00d4NG TIN CHUNG Th\u01b0\u01a1ng hi\u1ec7u House Food Xu\u1ea5t x\u1ee9 th\u01b0\u01a1ng hi\u1ec7u Nh\u1eadt B\u1ea3n H\u1ea1n s\u1eed d\u1ee5ng 12 th\u00e1ng k\u1ec3 t\u1eeb<\/p>","protected":false},"featured_media":35130,"comment_status":"open","ping_status":"closed","template":"","meta":[],"product_brand":[],"product_cat":[675,36],"product_tag":[],"class_list":{"0":"post-35129","1":"product","2":"type-product","3":"status-publish","4":"has-post-thumbnail","6":"product_cat-nhap-khau-nhat-ban","7":"product_cat-thuc-pham-tieu-dung","9":"first","10":"instock","11":"sale","12":"shipping-taxable","13":"purchasable","14":"product-type-simple"},"_links":{"self":[{"href":"https:\/\/havamall.vn\/en\/wp-json\/wp\/v2\/product\/35129"}],"collection":[{"href":"https:\/\/havamall.vn\/en\/wp-json\/wp\/v2\/product"}],"about":[{"href":"https:\/\/havamall.vn\/en\/wp-json\/wp\/v2\/types\/product"}],"replies":[{"embeddable":true,"href":"https:\/\/havamall.vn\/en\/wp-json\/wp\/v2\/comments?post=35129"}],"version-history":[{"count":0,"href":"https:\/\/havamall.vn\/en\/wp-json\/wp\/v2\/product\/35129\/revisions"}],"wp:featuredmedia":[{"embeddable":true,"href":"https:\/\/havamall.vn\/en\/wp-json\/wp\/v2\/media\/35130"}],"wp:attachment":[{"href":"https:\/\/havamall.vn\/en\/wp-json\/wp\/v2\/media?parent=35129"}],"wp:term":[{"taxonomy":"product_brand","embeddable":true,"href":"https:\/\/havamall.vn\/en\/wp-json\/wp\/v2\/product_brand?post=35129"},{"taxonomy":"product_cat","embeddable":true,"href":"https:\/\/havamall.vn\/en\/wp-json\/wp\/v2\/product_cat?post=35129"},{"taxonomy":"product_tag","embeddable":true,"href":"https:\/\/havamall.vn\/en\/wp-json\/wp\/v2\/product_tag?post=35129"}],"curies":[{"name":"wp","href":"https:\/\/api.w.org\/{rel}","templated":true}]}}