{"id":35111,"date":"2024-08-03T16:52:39","date_gmt":"2024-08-03T09:52:39","guid":{"rendered":"https:\/\/havamall.vn\/?post_type=product&#038;p=35111"},"modified":"2025-09-29T11:47:32","modified_gmt":"2025-09-29T04:47:32","slug":"kem-golden-north-iced-coffee-2-lit","status":"publish","type":"product","link":"https:\/\/havamall.vn\/en\/shop\/kem-golden-north-iced-coffee-2-lit\/","title":{"rendered":"Kem Golden North Iced Coffee 2 L\u00edt"},"content":{"rendered":"<h2><strong>TH\u00d4NG TIN CHUNG<\/strong><\/h2>\n<table>\n<tbody>\n<tr>\n<td>Th\u01b0\u01a1ng hi\u1ec7u<\/td>\n<td>North Golden<\/td>\n<\/tr>\n<tr>\n<td>Xu\u1ea5t x\u1ee9<\/td>\n<td>\u00dac<\/td>\n<\/tr>\n<tr>\n<td>Th\u00e0nh ph\u1ea7n<\/td>\n<td>S\u1eefa t\u01b0\u01a1i, kem t\u01b0\u01a1i, n\u01b0\u1edbc,\u2026.<\/td>\n<\/tr>\n<tr>\n<td>H\u1ea1n s\u1eed d\u1ee5ng<\/td>\n<td>24 th\u00e1ng k\u1ec3 t\u1eeb ng\u00e0y s\u1ea3n xu\u1ea5t.<\/td>\n<\/tr>\n<tr>\n<td>B\u1ea3o qu\u1ea3n<\/td>\n<td>B\u1ea3o qu\u1ea3n \u0111\u00f4ng l\u1ea1nh<\/td>\n<\/tr>\n<tr>\n<td>Th\u1ec3 t\u00edch th\u1ef1c<\/td>\n<td>2L<\/td>\n<\/tr>\n<\/tbody>\n<\/table>\n<h2><strong>TH\u00d4NG TIN TH\u01af\u01a0NG HI\u1ec6U<\/strong><\/h2>\n<p>North Golden l\u00e0 m\u1ed9t c\u00f4ng ty s\u1eefa c\u1ee7a \u00dac s\u1ea3n xu\u1ea5t nhi\u1ec1u lo\u1ea1i kem , kem \u0103n , s\u1eefa chua , kem chua , pho m\u00e1t., v\u00e0 kem nh\u00e1i d\u01b0\u1edbi nhi\u1ec1u nh\u00e3n hi\u1ec7u kh\u00e1c nhau.C\u00e1c s\u1ea3n ph\u1ea9m c\u1ee7a North Golden \u0111\u01b0\u1ee3c b\u00e1n t\u1ea1i nhi\u1ec1u c\u1eeda h\u00e0ng v\u00e0 si\u00eau th\u1ecb t\u1ea1p h\u00f3a tr\u00ean to\u00e0n qu\u1ed1c \u1edf \u00dac v\u00e0 qu\u1ed1c t\u1ebf. D\u00f2ng s\u1ea3n ph\u1ea9m s\u1eefa n\u00e0y bao g\u1ed3m Kem Classics, kem c\u00e2y, ph\u00f4 mai, yogurt.<\/p>\n<p><span class=\"Y2IQFc\" lang=\"vi\">K\u1ec3 t\u1eeb n\u0103m 1929, North Golden \u0111\u00e3 l\u00e0m ra m\u1ed9t s\u1ed1 lo\u1ea1i kem ngon nh\u1ea5t, ngon nh\u1ea5t, t\u1eebng \u0111o\u1ea1t gi\u1ea3i th\u01b0\u1edfng c\u1ee7a \u00dac t\u1ea1i nh\u00e0 m\u00e1y c\u1ee7a h\u1ecd tr\u00ean ph\u1ed1 Murray \u1edf Colac Victoria.\u00a0<\/span><\/p>\n<p><img fetchpriority=\"high\" decoding=\"async\" class=\"aligncenter\" src=\"https:\/\/scontent.fsgn8-3.fna.fbcdn.net\/v\/t1.6435-9\/118110874_3411565605573488_6577181367688834135_n.jpg?_nc_cat=104&amp;ccb=1-7&amp;_nc_sid=2a1932&amp;_nc_ohc=8q6_bFnq_yIQ7kNvgGh7bNZ&amp;_nc_ht=scontent.fsgn8-3.fna&amp;oh=00_AYALoQg9yWbZ1m9iKpLGaLxskt-4iBbv2UL-i-72yACvKA&amp;oe=66D559D8\" alt=\"Kh\u00f4ng c\u00f3 m\u00f4 t\u1ea3 \u1ea3nh.\" width=\"911\" height=\"607\" \/><\/p>\n<p>Bulla \u0111\u00e3 cho ra \u0111\u1eddi kem th\u01a1m ngon \u0111\u1eb7c bi\u1ec7t m\u00e0 kh\u00f4ng 1 h\u00e3ng kem n\u00e0o c\u00f3 th\u1ec3 s\u00e1nh k\u1ecbp, b\u1ea1n s\u1ebd kh\u00f4ng th\u1ec3 c\u01b0\u1ee1ng l\u1ea1i \u0111\u01b0\u1ee3c nh\u1eefng th\u00eca kem m\u1ecbn m\u01b0\u1ee3t, kh\u00f4ng \u0111\u00f3ng \u0111\u00e1 tuy\u1ec7t v\u1eddi n\u00e0y. Khi \u0103n, kem tan ch\u1ea3y trong mi\u1ec7ng v\u1edbi m\u1ed9t c\u1ea3m gi\u00e1c r\u1ea5t m\u00ea say.<\/p>\n<p>North Golden l\u00e0 lo\u1ea1i kem s\u1eed d\u1ee5ng vani l\u00e0m h\u01b0\u01a1ng v\u1ecb, \u0111\u1eb7c bi\u1ec7t l\u00e0 \u1edf B\u1eafc M\u1ef9 v\u00e0 ch\u00e2u \u00c2u. Kem vani, gi\u1ed1ng nh\u01b0 c\u00e1c h\u01b0\u01a1ng v\u1ecb kem kh\u00e1c, ban \u0111\u1ea7u \u0111\u01b0\u1ee3c t\u1ea1o ra b\u1eb1ng c\u00e1ch l\u00e0m l\u1ea1nh h\u1ed7n h\u1ee3p l\u00e0m t\u1eeb kem, \u0111\u01b0\u1eddng v\u00e0 vani b\u00ean tr\u00ean m\u1ed9t h\u1ed9p \u0111\u1ef1ng \u0111\u00e1 v\u00e0 mu\u1ed1i.<\/p>\n<p>Kem vanilla \u0111\u01b0\u1ee3c t\u1ea1o ra v\u1edbi h\u01b0\u01a1ng li\u1ec7u ch\u1ee9a 100% vanillin, th\u00e0nh ph\u1ea7n ch\u00ednh g\u00f3p ph\u1ea7n t\u1ea1o n\u00ean h\u01b0\u01a1ng v\u1ecb c\u1ee7a vani t\u1ef1 nhi\u00ean.<\/p>\n<p><img decoding=\"async\" class=\"aligncenter\" src=\"https:\/\/scontent.fsgn8-4.fna.fbcdn.net\/v\/t1.6435-9\/101062737_2667236030214101_6604426882425290752_n.jpg?_nc_cat=102&amp;ccb=1-7&amp;_nc_sid=0327a3&amp;_nc_ohc=MfNBrY22EroQ7kNvgFSRFRF&amp;_nc_ht=scontent.fsgn8-4.fna&amp;oh=00_AYCYHwIV4uNkrudGZ-VJqVDmIyDTZP_gUd-V8jqwa_xpmQ&amp;oe=66D577E6\" alt=\"Kh\u00f4ng c\u00f3 m\u00f4 t\u1ea3 \u1ea3nh.\" width=\"898\" height=\"598\" \/><\/p>\n<p>Kem North Golden gi\u00fap cung c\u1ea5p n\u0103ng l\u01b0\u1ee3ng, vitamin, d\u01b0\u1ee1ng ch\u1ea5t c\u1ea7n thi\u1ebft cho c\u00e1c ho\u1ea1t \u0111\u1ed9ng h\u00e0ng ng\u00e0y, v\u1edbi h\u01b0\u01a1ng v\u1ecb m\u00e1t l\u1ea1nh c\u1ee7a kem mang l\u1ea1i cho b\u1ea1n c\u1ea3m gi\u00e1c th\u1eadt s\u1ea3ng kho\u00e1i m\u1ed7i khi th\u01b0\u1edfng th\u1ee9c.<\/p>\n<p>S\u1ea3n ph\u1ea9m \u0111\u01b0\u1ee3c s\u1ea3n xu\u1ea5t theo d\u00e2y chuy\u1ec1n c\u00f4ng ngh\u1ec7 hi\u1ec7n \u0111\u1ea1i c\u1ee7a \u00dac v\u1edbi quy tr\u00ecnh ki\u1ec3m \u0111\u1ecbnh ch\u1ea5t l\u01b0\u1ee3ng nghi\u00eam ng\u1eb7t. Kem North Golden 2 l\u00edt \u0111\u01b0\u1ee3c thi\u1ebft k\u1ebf v\u00e0 \u0111\u00f3ng g\u00f3i ti\u1ec7n l\u1ee3i cho b\u1ea1n s\u1eed d\u1ee5ng c\u0169ng nh\u01b0 b\u1ea3o qu\u1ea3n.<\/p>\n<p><img decoding=\"async\" class=\"aligncenter\" src=\"https:\/\/scontent.fsgn8-4.fna.fbcdn.net\/v\/t39.30808-6\/439599133_826149049538581_4713628317113601865_n.jpg?_nc_cat=103&amp;ccb=1-7&amp;_nc_sid=127cfc&amp;_nc_ohc=6oj5EL4j26IQ7kNvgFuYB-C&amp;_nc_ht=scontent.fsgn8-4.fna&amp;oh=00_AYDjU6vjBnjI9Sk4bYWO0d8CK4mnEVkdxAEIRa2LRwMBjQ&amp;oe=66B3EA30\" alt=\"Kh\u00f4ng c\u00f3 m\u00f4 t\u1ea3 \u1ea3nh.\" width=\"894\" height=\"596\" \/><\/p>","protected":false},"excerpt":{"rendered":"<p>TH\u00d4NG TIN CHUNG Th\u01b0\u01a1ng hi\u1ec7u North Golden Xu\u1ea5t x\u1ee9 \u00dac Th\u00e0nh ph\u1ea7n S\u1eefa t\u01b0\u01a1i, kem t\u01b0\u01a1i, n\u01b0\u1edbc,\u2026. H\u1ea1n s\u1eed d\u1ee5ng<\/p>","protected":false},"featured_media":35112,"comment_status":"open","ping_status":"closed","template":"","meta":[],"product_brand":[],"product_cat":[684,275,36],"product_tag":[],"class_list":{"0":"post-35111","1":"product","2":"type-product","3":"status-publish","4":"has-post-thumbnail","6":"product_cat-kem-lanh","7":"product_cat-thuc-pham-dong-lanh","8":"product_cat-thuc-pham-tieu-dung","10":"first","11":"outofstock","12":"sale","13":"shipping-taxable","14":"purchasable","15":"product-type-simple"},"_links":{"self":[{"href":"https:\/\/havamall.vn\/en\/wp-json\/wp\/v2\/product\/35111"}],"collection":[{"href":"https:\/\/havamall.vn\/en\/wp-json\/wp\/v2\/product"}],"about":[{"href":"https:\/\/havamall.vn\/en\/wp-json\/wp\/v2\/types\/product"}],"replies":[{"embeddable":true,"href":"https:\/\/havamall.vn\/en\/wp-json\/wp\/v2\/comments?post=35111"}],"version-history":[{"count":0,"href":"https:\/\/havamall.vn\/en\/wp-json\/wp\/v2\/product\/35111\/revisions"}],"wp:featuredmedia":[{"embeddable":true,"href":"https:\/\/havamall.vn\/en\/wp-json\/wp\/v2\/media\/35112"}],"wp:attachment":[{"href":"https:\/\/havamall.vn\/en\/wp-json\/wp\/v2\/media?parent=35111"}],"wp:term":[{"taxonomy":"product_brand","embeddable":true,"href":"https:\/\/havamall.vn\/en\/wp-json\/wp\/v2\/product_brand?post=35111"},{"taxonomy":"product_cat","embeddable":true,"href":"https:\/\/havamall.vn\/en\/wp-json\/wp\/v2\/product_cat?post=35111"},{"taxonomy":"product_tag","embeddable":true,"href":"https:\/\/havamall.vn\/en\/wp-json\/wp\/v2\/product_tag?post=35111"}],"curies":[{"name":"wp","href":"https:\/\/api.w.org\/{rel}","templated":true}]}}