{"id":35079,"date":"2024-08-01T17:56:30","date_gmt":"2024-08-01T10:56:30","guid":{"rendered":"https:\/\/havamall.vn\/?post_type=product&#038;p=35079"},"modified":"2024-08-02T09:40:05","modified_gmt":"2024-08-02T02:40:05","slug":"pho-mai-sua-nuong-havafoodies-han-quoc-250g-mozarella-grilling-cheese","status":"publish","type":"product","link":"https:\/\/havamall.vn\/en\/shop\/pho-mai-sua-nuong-havafoodies-han-quoc-250g-mozarella-grilling-cheese\/","title":{"rendered":"Ph\u00f4 Mai S\u1eefa N\u01b0\u1edbng Havafoodies H\u00e0n Qu\u1ed1c 250g &#8211; Mozarella Grilling Cheese"},"content":{"rendered":"<h2><strong>TH\u00d4NG TIN CHUNG<\/strong><\/h2>\n<table>\n<tbody>\n<tr>\n<td>Th\u01b0\u01a1ng hi\u1ec7u<\/td>\n<td>Havafoodies<\/td>\n<\/tr>\n<tr>\n<td>Xu\u1ea5t x\u1ee9<\/td>\n<td>Vi\u1ec7t Nam<\/td>\n<\/tr>\n<tr>\n<td>Th\u00e0nh ph\u1ea7n<\/td>\n<td>\u00a0S\u1eefa b\u00f2 t\u01b0\u01a1i, ch\u1ea5t \u1ed5n \u0111\u1ecbnh, mu\u1ed1i&#8230;<\/td>\n<\/tr>\n<tr>\n<td>H\u1ea1n s\u1eed d\u1ee5ng<\/td>\n<td>12 th\u00e1ng k\u1ec3 t\u1eeb ng\u00e0y s\u1ea3n xu\u1ea5t<\/td>\n<\/tr>\n<tr>\n<td>B\u1ea3o qu\u1ea3n<\/td>\n<td>B\u1ea3o qu\u1ea3n \u0111\u00f4ng l\u1ea1nh<\/td>\n<\/tr>\n<tr>\n<td>Kh\u1ed1i l\u01b0\u1ee3ng<\/td>\n<td>T\u00fai 250g<\/td>\n<\/tr>\n<\/tbody>\n<\/table>\n<h2><strong>PHO MAI N\u01af\u1edaNG L\u00c0 G\u00cc?<\/strong><\/h2>\n<p>Pho mai n\u01b0\u1edbng l\u00e0 lo\u1ea1i pho mai Mozarella \u0111\u00e3 \u0111\u01b0\u1ee3c \u1ed5n \u0111\u1ecbnh nhi\u1ec7t, l\u00e0m t\u1eeb s\u1eefa b\u00f2 v\u00e0 \u0111\u01b0\u1ee3c x\u1eed l\u00fd thanh tr\u00f9ng \u1edf nhi\u1ec7t \u0111\u1ed9 72 \u0111\u1ed9 C trong t\u1ed1i thi\u1ec3u 15 gi\u00e2y.<img fetchpriority=\"high\" decoding=\"async\" class=\"aligncenter\" src=\"https:\/\/havamall.vn\/wp-content\/uploads\/2024\/08\/0516889a904f79a346c29c64ffd06997.jpg\" alt=\"\u0110U TREND PH\u00d4 MAI S\u1eeeA N\u01af\u1edaNG S\u1ed1 77 Nguy\u1ec5n Khang, C\u1ea7u Gi\u1ea5y - ALONGWALKER\" width=\"607\" height=\"705\" \/><\/p>\n<p>Qu\u00e1 tr\u00ecnh s\u1ea3n xu\u1ea5t pho mai n\u00e0y lu\u00f4n tu\u00e2n th\u1ee7 v\u00e0 \u0111\u1ea3m b\u1ea3o c\u00e1c \u0111i\u1ec1u ki\u1ec7n s\u1ea3n xu\u1ea5t nghi\u00eam ng\u1eb7t c\u1ee7a h\u1ec7 th\u1ed1ng qu\u1ea3n l\u00fd ch\u1ea5t l\u01b0\u1ee3ng v\u00e0 \u0111\u01b0\u1ee3c c\u1ea5p gi\u1ea5y ch\u1ee9ng nh\u1eadn v\u1ec7 sinh an to\u00e0n th\u1ef1c ph\u1ea9m HACCP.<\/p>\n<p>Pho mai n\u01b0\u1edbng \u0111\u1ebfn tay kh\u00e1ch h\u00e0ng lu\u00f4n \u0111\u01b0\u1ee3c ch\u1ecdn l\u1ecdc c\u1ea9n th\u1eadn v\u00e0 k\u0129 l\u01b0\u1ee1ng nh\u1ea5t \u0111\u1ec3 \u0111\u1ea3m b\u1ea3o m\u1ed9t s\u1ea3n ph\u1ea9m v\u1edbi h\u01b0\u01a1ng v\u1ecb ho\u00e0n h\u1ea3o, \u0111\u00e1p \u1ee9ng m\u1ecdi y\u00eau c\u1ea7u ch\u1ebf bi\u1ebfn.<\/p>\n<h2><strong>\u0110\u1eb6C \u0110I\u1ec2M N\u1ed4I B\u1eacT C\u1ee6A PHO MAI N\u01af\u1edaNG<\/strong><\/h2>\n<p>Pho mai n\u01b0\u1edbng c\u00f3 \u0111i\u1ec3m n\u00f3ng ch\u1ea3y cao h\u01a1n c\u00e1c lo\u1ea1i pho mai th\u00f4ng th\u01b0\u1eddng, v\u00ec v\u1eady khi g\u1eb7p nhi\u1ec7t \u0111\u1ed9 cao v\u1eabn gi\u1eef nguy\u00ean \u0111\u01b0\u1ee3c h\u00ecnh d\u1ea1ng ban \u0111\u1ea7u.<\/p>\n<p><img decoding=\"async\" class=\"aligncenter\" src=\"https:\/\/havamall.vn\/wp-content\/uploads\/2024\/08\/pho-mai-sua-nuong-ha-noi-9.jpg\" alt=\"Trend F&amp;B &quot;c\u1eadp b\u1ebfn&quot; H\u00e0 N\u1ed9i: Ph\u00f4 mai s\u1eefa n\u01b0\u1edbng gi\u00e1 b\u1eb1ng m\u1ed9t b\u00e1t ph\u1edf, team m\u00ea ph\u00f4 mai li\u1ec7u c\u00f3 th\u1ea5y x\u1ee9ng \u0111\u00e1ng?\" width=\"590\" height=\"781\" \/><\/p>\n<p style=\"text-align: center;\"><em>Pho mai n\u01b0\u1edbng c\u00f3 \u0111i\u1ec3m n\u00f3ng ch\u1ea3y cao h\u01a1n c\u00e1c lo\u1ea1i pho mai th\u00f4ng th\u01b0\u1eddng<\/em><\/p>\n<p><strong>\u0110\u1eb7c \u0111i\u1ec3m c\u1ee7a pho mai n\u01b0\u1edbng:<\/strong><\/p>\n<p>&#8211; V\u1ecb ph\u00f4 mai \u0111\u1eadm \u0111\u00e0<\/p>\n<p>&#8211; V\u1ecb m\u1eb7n \u0111\u01b0\u1ee3c c\u00e2n b\u1eb1ng h\u00e0i ho\u00e0 v\u1edbi \u0111\u1ed9 b\u00e9o<\/p>\n<p>&#8211; K\u1ebft c\u1ea5u \u0111\u00e0n h\u1ed3i t\u1ed1t, c\u00f3 \u0111\u1ed9 dai<\/p>\n<p>&#8211; M\u00e0u v\u00e0ng nh\u1ea1t \u0111\u1ed3ng nh\u1ea5t<\/p>\n<p>Ph\u00f4 mai n\u01b0\u1edbng\u00a0l\u00e0 m\u1ed9t m\u00f3n \u0103n k\u00e8m trong m\u00f3n th\u1ecbt n\u01b0\u1edbng H\u00e0n Qu\u1ed1c. Ph\u00f4 mai \u0111\u01b0\u1ee3c c\u1eaft th\u00e0nh t\u1eebng l\u00e1t m\u1ecfng sau \u0111\u00f3 n\u01b0\u1edbng tr\u1ef1c ti\u1ebfp tr\u00ean b\u1ebfp n\u01b0\u1edbng \u0111\u1ebfn khi m\u1ec1m v\u00e0 v\u00e0ng \u0111\u1ec1u hai m\u1eb7t. Ph\u00f4 mai n\u01b0\u1edbng \u0103n ngon nh\u1ea5t khi ch\u1ea5m v\u1edbi s\u1eefa \u0111\u1eb7c ho\u1eb7c m\u1eadt ong \u0111\u1ec3 t\u1eadn h\u01b0\u1edfng h\u1ebft v\u1ecb s\u1eefa th\u01a1m b\u00e9o. Ngo\u00e0i ra, c\u00f2n c\u00f3 nhi\u1ec1u c\u00e1ch \u0103n h\u1ea5p d\u1eabn kh\u00e1c c\u0169ng r\u1ea5t \u0111\u01a1n gi\u1ea3n v\u00e0 d\u1ec5 th\u1ef1c hi\u1ec7n t\u1ea1i nh\u00e0. H\u00e3y c\u00f9ng tham kh\u1ea3o c\u00e1c c\u00e1ch \u0103n ph\u00f4 mai n\u01b0\u1edbng sau \u0111\u00e2y nh\u00e9!<\/p>\n<p><strong>Ph\u00f4 mai n\u01b0\u1edbng ch\u1ea5m s\u1eefa \u0111\u1eb7c \/ m\u1eadt ong<\/strong><\/p>\n<p><img decoding=\"async\" class=\"aligncenter\" src=\"https:\/\/havamall.vn\/wp-content\/uploads\/2024\/08\/img.jpg\" alt=\"ph\u00f4 mai n\u01b0\u1edbng m\u1eadt ong\" width=\"656\" height=\"492\" \/><\/p>\n<p>Ph\u00f4 mai n\u01b0\u1edbng kh\u00f4ng m\u1eb7n nh\u01b0 ph\u00f4 mai th\u00f4ng th\u01b0\u1eddng m\u00e0 c\u00f3 v\u1ecb m\u1eb7n nh\u1eb9, khi n\u01b0\u1edbng l\u00ean ph\u00f4 mai dai v\u00e0 m\u1ec1m nh\u01b0ng kh\u00f4ng k\u00e9o s\u1ee3i nh\u01b0 mozzarella. \u0110\u1ec3 th\u01b0\u1edfng th\u1ee9c m\u00f3n ph\u00f4 mai n\u01b0\u1edbng, b\u1ea1n n\u01b0\u1edbng ph\u00f4 mai tr\u00ean ch\u1ea3o ch\u1ed1ng d\u00ednh, kh\u00f4ng c\u1ea7n th\u00eam d\u1ea7u m\u00e0 cho tr\u1ef1c ti\u1ebfp ph\u00f4 mai v\u00e0o n\u01b0\u1edbng \u1edf nhi\u1ec7t \u0111\u1ed9 nh\u1ecf. L\u00fac n\u00e0y, ph\u00f4 mai kh\u00f4ng tan ch\u1ea3y m\u00e0 gi\u1eef nguy\u00ean h\u00ecnh d\u1ea1ng ngay c\u1ea3 \u1edf nhi\u1ec7t \u0111\u1ed9 cao.<\/p>\n<p>Chu\u1ea9n b\u1ecb s\u1eb5n m\u1ed9t ch\u00e9n s\u1eefa \u0111\u1eb7c ho\u1eb7c r\u00f3t s\u1eb5n m\u1ed9t \u00edt m\u1eadt ong, ph\u00f4 mai v\u1eeba n\u01b0\u1edbng xong ch\u00edn \u0111\u1ec1u hai m\u1eb7t th\u00ec nhanh tay g\u1eafp ra ch\u1ea5m r\u1ed3i \u0111\u01b0a l\u00ean mi\u1ec7ng th\u01b0\u1edfng th\u1ee9c ngay khi c\u00f2n n\u00f3ng h\u1ed5i. M\u00f9i ph\u00f4 mai b\u00e9o th\u01a1m, th\u00eam m\u1ed9t ch\u00fat v\u1ecb ng\u1ecdt t\u1eeb m\u1eadt ong ch\u1eafc ch\u1eafn s\u1ebd khi\u1ebfn b\u1ea1n xu\u00fdt xoa h\u00e0i l\u00f2ng.<\/p>\n<p><strong>Ph\u00f4 mai n\u01b0\u1edbng \u0103n k\u00e8m th\u1ecbt\u00a0BBQ<\/strong><\/p>\n<p><img decoding=\"async\" class=\"aligncenter\" src=\"https:\/\/havamall.vn\/wp-content\/uploads\/2024\/08\/thit-nuong-pho-mai_3723c7d5-b604-4ec8-a6b0-5117be18ee35.jpg\" alt=\"th\u1ecbt n\u01b0\u1edbng ph\u00f4 mai\" \/><\/p>\n<p>C\u00f3 m\u1ed9t c\u00e1ch \u0103n kh\u00e1c th\u01b0\u1eddng th\u1ea5y t\u1ea1i c\u00e1c nh\u00e0 h\u00e0ng BBQ H\u00e0n Qu\u1ed1c l\u00e0 b\u1ea1n d\u00f9ng ph\u00f4 mai n\u01b0\u1edbng \u0111\u1ec3 \u0103n k\u00e8m v\u1edbi th\u1ecbt heo ba ch\u1ec9 n\u01b0\u1edbng. T\u01b0\u1edfng kh\u00f4ng h\u1ee3p m\u00e0 l\u1ea1i h\u1ee3p kh\u00f4ng t\u01b0\u1edfng!\u00a0M\u00f9i th\u1ecbt n\u01b0\u1edbng th\u01a1m l\u1eebng h\u00f2a quy\u1ec7n v\u1edbi\u00a0h\u01b0\u01a1ng v\u1ecb\u00a0ph\u00f4 mai n\u01b0\u1edbng beo b\u00e9o tan trong mi\u1ec7ng khi\u1ebfn b\u1ea1n kh\u00f4ng th\u1ec3 d\u1eebng \u0111\u0169a. Ch\u00ednh v\u00ec v\u1ebb ngo\u00e0i h\u1ea5p d\u1eabn v\u00e0 c\u00e1ch \u0103n \u0111\u1ed9c l\u1ea1 n\u00ean nhi\u1ec1u ng\u01b0\u1eddi k\u00e9o nhau \u0111i\u00a0c\u0169ng ch\u1ec9 \u0111\u1ec3 th\u01b0\u1edfng th\u1ee9c m\u00f3n ph\u00f4 mai n\u01b0\u1edbng tr\u1ee9 danh n\u00e0y!<\/p>\n<p><strong>B\u00e1nh g\u1ea1o xi\u00ean ph\u00f4 mai n\u01b0\u1edbng<\/strong><\/p>\n<p><img loading=\"lazy\" decoding=\"async\" class=\"aligncenter\" src=\"https:\/\/havamall.vn\/wp-content\/uploads\/2024\/08\/pho-mai-nuong-banh-gao.jpg\" alt=\"b\u00e1nh g\u1ea1o ph\u00f4 mai n\u01b0\u1edbng\" width=\"802\" height=\"452\" \/><\/p>\n<p>C\u00f3 nhi\u1ec1u c\u00e1ch kh\u00e1c nhau \u0111\u1ec3 \u0103n c\u00f9ng v\u1edbi ph\u00f4 mai n\u01b0\u1edbng, nh\u01b0 m\u00f3n b\u00e1nh g\u1ea1o xi\u00ean ph\u00f4 mai l\u00e0 m\u1ed9t v\u00ed d\u1ee5 kh\u00e1c m\u00e0 b\u1ea1n c\u00f3 th\u1ec3 th\u1ef1c hi\u1ec7n ngay t\u1ea1i nh\u00e0. T\u1ef1 l\u00e0m m\u00f3n \u0103n v\u1eb7t h\u1ea5p d\u1eabn n\u00e0y b\u1eb1ng c\u00e1ch d\u00f9ng c\u00e2y xi\u00ean, xi\u00ean xen k\u1ebd b\u00e1nh g\u1ea1o v\u00e0 l\u00e1t ph\u00f4 mai n\u01b0\u1edbng c\u1eaft s\u1eb5n.<\/p>\n<p>Qu\u00e9t m\u1ed9t l\u1edbp d\u1ea7u m\u1ecfng tr\u00ean ch\u1ea3o sau \u0111\u00f3 n\u01b0\u1edbng ch\u00edn \u0111\u1ec1u hai m\u1eb7t \u1edf l\u1eeda nh\u1ecf. B\u00e1nh g\u1ea1o th\u00ec m\u1ec1m m\u1ec1m d\u1ebbo d\u1ebbo h\u00f2a quy\u1ec7n v\u1edbi v\u1ecb ph\u00f4 mai b\u00e9o ng\u1eady, nh\u00ecn th\u00f4i \u0111\u00e3 th\u1ea5y h\u1ea5p d\u1eabn! B\u1ea1n c\u00f3 th\u1ec3 ch\u1ea5m v\u1edbi m\u1eadt ong ho\u1eb7c r\u1eafc th\u00eam b\u1ed9t ph\u00f4 mai \u0111\u1ec1u ngon.<\/p>\n<p><strong>M\u00f3n \u0103n v\u1eb7t\u00a0cho b\u00e9 v\u1edbi ph\u00f4 mai n\u01b0\u1edbng<\/strong><\/p>\n<p><img loading=\"lazy\" decoding=\"async\" class=\"aligncenter\" src=\"https:\/\/havamall.vn\/wp-content\/uploads\/2024\/08\/pho-mai-nuong-chuoi.jpg\" alt=\"\" width=\"799\" height=\"450\" \/><\/p>\n<p>R\u00f5 r\u00e0ng ph\u00f4 mai n\u01b0\u1edbng kh\u00f4ng ch\u1ec9 l\u00e0 m\u00f3n \u0103n y\u00eau th\u00edch c\u1ee7a ng\u01b0\u1eddi l\u1edbn m\u00e0 tr\u1ebb em c\u0169ng r\u1ea5t th\u00edch. B\u1ea1n c\u00f3 th\u1ec3 chu\u1ea9n b\u1ecb ph\u00f4 mai v\u00e0 chu\u1ed1i n\u01b0\u1edbng \u0111\u1ec3 l\u00e0m m\u00f3n \u0103n v\u1eb7t cho c\u00e1c b\u00e9. S\u1ef1 h\u00f2a quy\u1ec7n tuy\u1ec7t v\u1eddi c\u1ee7a ph\u00f4 mai m\u1eb1n m\u1eb7n v\u00e0 chu\u1ed1i m\u1ec1m ng\u1ecdt l\u00e0 m\u00f3n \u0103n\u00a0ho\u00e0n h\u1ea3o \u0111\u1ec3 \u0103n s\u00e1ng, \u0103n gi\u1eefa bu\u1ed5i hay\u00a0\u0103n khuya.<\/p>\n<p><strong>Salad ph\u00f4 mai n\u01b0\u1edbng<\/strong><\/p>\n<p><img loading=\"lazy\" decoding=\"async\" class=\"aligncenter\" src=\"https:\/\/havamall.vn\/wp-content\/uploads\/2024\/08\/salad-pho-mai-nuong.jpg\" alt=\"salad ph\u00f4 mai n\u01b0\u1edbng\" width=\"819\" height=\"556\" \/><\/p>\n<p><strong>Nguy\u00ean li\u1ec7u<\/strong><\/p>\n<ul>\n<li>1 g\u00f3i ph\u00f4 mai n\u01b0\u1edbng, 8 qu\u1ea3 c\u00e0 chua bi, rau x\u00e0 l\u00e1ch l\u01b0\u1ee3ng th\u00edch h\u1ee3p<\/li>\n<li>Mu\u1ed1i, ti\u00eau, ch\u00fat d\u1ea7u \u0103n, gi\u1ea5m balsamic l\u01b0\u1ee3ng v\u1eeba \u0111\u1ee7<\/li>\n<\/ul>\n<p><strong>B\u01b0\u1edbc 1<\/strong>: C\u1eaft l\u00e1t ph\u00f4 mai n\u01b0\u1edbng d\u00e0y. C\u00e0 chua bi, rau x\u00e0 l\u00e1ch c\u1eaft \u0111\u00f4i, r\u1eeda s\u1ea1ch, \u0111\u1ec3 r\u00e1o n\u01b0\u1edbc.<\/p>\n<p><strong>B\u01b0\u1edbc 2<\/strong>: Ti\u1ebfp theo, tr\u1ed9n 3 mu\u1ed7ng d\u1ea7u \u00f4 liu, 1 mu\u1ed7ng x\u1ed1t balsamic, \u00bd \u00a0mu\u1ed7ng x\u00ec d\u1ea7u, 1 mu\u1ed7ng gi\u1ea5m t\u00e1o, \u00bd mu\u1ed7ng n\u01b0\u1edbc \u0111\u01b0\u1eddng n\u1ea5u \u0103n, 1 mu\u1ed7ng n\u01b0\u1edbc c\u1ed1t chanh, m\u1ed9t ch\u00fat mu\u1ed1i, ti\u00eau v\u00e0 \u00bd mu\u1ed7ng t\u1ecfi b\u0103m \u0111\u1ec3 l\u00e0m n\u01b0\u1edbc s\u1ed1t salad.<\/p>\n<p><strong>B\u01b0\u1edbc 3<\/strong>: \u0110un n\u00f3ng m\u1ed9t \u00edt d\u1ea7u trong ch\u1ea3o v\u00e0 th\u00eam c\u00e0 chua v\u00e0o v\u00e0 r\u00e1n v\u00e0ng \u0111\u1ec1u hai m\u1eb7t tr\u00ean l\u1eeda l\u1edbn. N\u00eam mu\u1ed1i v\u00e0 h\u1ea1t ti\u00eau. Ph\u00f4 mai n\u01b0\u1edbng \u0111em n\u01b0\u1edbng v\u00e0ng \u0111\u1ec1u hai m\u1eb7t.<\/p>\n<p><strong>B\u01b0\u1edbc 4:<\/strong>\u00a0Cho t\u1ea5t c\u1ea3 nguy\u00ean li\u1ec7u v\u00e0o t\u00f4 c\u00f9ng v\u1edbi c\u00e0 chua , x\u00e0 l\u00e1ch v\u00e0 ph\u00f4 mai n\u01b0\u1edbng.<\/p>\n<p><strong>B\u01b0\u1edbc 5<\/strong>: B\u00e0y ra \u0111\u0129a v\u00e0 r\u01b0\u1edbi n\u01b0\u1edbc s\u1ed1t \u0111\u00e3 chu\u1ea9n b\u1ecb tr\u01b0\u1edbc theo kh\u1ea9u v\u1ecb v\u00e0 b\u1ea1n c\u00f3 th\u1ec3 d\u1ec5 d\u00e0ng l\u00e0m m\u00f3n salad ph\u00f4 mai n\u01b0\u1edbng t\u1ea1i nh\u00e0.<\/p>","protected":false},"excerpt":{"rendered":"<p>TH\u00d4NG TIN CHUNG Th\u01b0\u01a1ng hi\u1ec7u Havafoodies Xu\u1ea5t x\u1ee9 Vi\u1ec7t Nam Th\u00e0nh ph\u1ea7n \u00a0S\u1eefa b\u00f2 t\u01b0\u01a1i, ch\u1ea5t \u1ed5n \u0111\u1ecbnh, mu\u1ed1i&#8230; H\u1ea1n<\/p>","protected":false},"featured_media":35089,"comment_status":"open","ping_status":"closed","template":"","meta":[],"product_brand":[],"product_cat":[275,36],"product_tag":[],"class_list":{"0":"post-35079","1":"product","2":"type-product","3":"status-publish","4":"has-post-thumbnail","6":"product_cat-thuc-pham-dong-lanh","7":"product_cat-thuc-pham-tieu-dung","9":"first","10":"instock","11":"sale","12":"shipping-taxable","13":"purchasable","14":"product-type-simple"},"_links":{"self":[{"href":"https:\/\/havamall.vn\/en\/wp-json\/wp\/v2\/product\/35079"}],"collection":[{"href":"https:\/\/havamall.vn\/en\/wp-json\/wp\/v2\/product"}],"about":[{"href":"https:\/\/havamall.vn\/en\/wp-json\/wp\/v2\/types\/product"}],"replies":[{"embeddable":true,"href":"https:\/\/havamall.vn\/en\/wp-json\/wp\/v2\/comments?post=35079"}],"version-history":[{"count":0,"href":"https:\/\/havamall.vn\/en\/wp-json\/wp\/v2\/product\/35079\/revisions"}],"wp:featuredmedia":[{"embeddable":true,"href":"https:\/\/havamall.vn\/en\/wp-json\/wp\/v2\/media\/35089"}],"wp:attachment":[{"href":"https:\/\/havamall.vn\/en\/wp-json\/wp\/v2\/media?parent=35079"}],"wp:term":[{"taxonomy":"product_brand","embeddable":true,"href":"https:\/\/havamall.vn\/en\/wp-json\/wp\/v2\/product_brand?post=35079"},{"taxonomy":"product_cat","embeddable":true,"href":"https:\/\/havamall.vn\/en\/wp-json\/wp\/v2\/product_cat?post=35079"},{"taxonomy":"product_tag","embeddable":true,"href":"https:\/\/havamall.vn\/en\/wp-json\/wp\/v2\/product_tag?post=35079"}],"curies":[{"name":"wp","href":"https:\/\/api.w.org\/{rel}","templated":true}]}}