{"id":35057,"date":"2024-07-28T11:42:01","date_gmt":"2024-07-28T04:42:01","guid":{"rendered":"https:\/\/havamall.vn\/?post_type=product&#038;p=35057"},"modified":"2024-07-28T11:55:39","modified_gmt":"2024-07-28T04:55:39","slug":"khuon-lam-gio-cha-inox-cao-cap","status":"publish","type":"product","link":"https:\/\/havamall.vn\/en\/shop\/khuon-lam-gio-cha-inox-cao-cap\/","title":{"rendered":"Khu\u00f4n L\u00e0m Gi\u00f2 Ch\u1ea3 Inox Cao C\u1ea5p"},"content":{"rendered":"<p>Khu\u00f4n L\u00e0m Gi\u00f2 Ch\u1ea3 Inox Cao C\u1ea5p\u00a0cho h\u1ed9 kinh doanh gi\u00f2 ch\u1ea3 tr\u00ean c\u1ea3 n\u01b0\u1edbc. L\u1ea5y ch\u1ea5t l\u01b0\u1ee3ng h\u00e0ng \u0111\u1ea7u v\u00e0 gi\u00e1 b\u00e1n lu\u00f4n c\u00f4ng khai \u0111\u1ec3 qu\u00fd kh\u00e1ch d\u1ec5 d\u00e0ng l\u1ef1a ch\u1ecdn \u0111\u01b0\u1ee3c nh\u00e0 cung c\u1ea5p ph\u00f9 h\u1ee3p nh\u1ea5t.<\/p>\n<p><img decoding=\"async\" class=\"aligncenter\" src=\"https:\/\/havamall.vn\/wp-content\/uploads\/2024\/07\/khuon-lam-cha-lua-inox-1kg.jpg\" alt=\"Khu\u00f4n l\u00e0m gi\u00f2 ch\u1ea3 gi\u00e1 b\u00e1n t\u1ea1i x\u01b0\u1edfng - M\u00e1y th\u1ef1c ph\u1ea9m Vi\u1ec7t M\u1ef9\" \/><\/p>\n<table class=\"aligncenter\" width=\"485\">\n<tbody>\n<tr>\n<td colspan=\"3\" width=\"460\"><strong>CHI TI\u1ebeT TH\u00d4NG S\u1ed0 LO\u1ea0I 1KG V\u00c0 0.5KG<\/strong><\/td>\n<\/tr>\n<tr>\n<td><strong>TH\u00d4NG S\u1ed0<\/strong><\/td>\n<td><strong>\u00a00,5KG<\/strong><\/td>\n<td><strong>\u00a01KG<\/strong><\/td>\n<\/tr>\n<tr>\n<td>Tr\u1ecdng l\u01b0\u1ee3ng<\/td>\n<td>265 gram<\/td>\n<td>485 gram<\/td>\n<\/tr>\n<tr>\n<td>Chi\u1ec1u cao<\/td>\n<td>11 cm<\/td>\n<td>15 cm<\/td>\n<\/tr>\n<tr>\n<td>\u0110\u01b0\u1eddng k\u00ednh<\/td>\n<td>8 cm<\/td>\n<td>10 cm<\/td>\n<\/tr>\n<tr>\n<td>\u0110\u1ed9 d\u00e0y<\/td>\n<td>1 mm<\/td>\n<td>1 mm<\/td>\n<\/tr>\n<\/tbody>\n<\/table>\n<p><img decoding=\"async\" class=\"aligncenter\" src=\"https:\/\/havamall.vn\/wp-content\/uploads\/2024\/07\/khuon-lam-gio-cha-lua-inox-loai-05kg-va-loai-1kg_2_600x600.jpg\" alt=\"Khu\u00f4n l\u00e0m gi\u00f2 ch\u1ea3 l\u1ee5a Inox lo\u1ea1i 0.5kg v\u00e0 lo\u1ea1i 1kg\" \/><\/p>\n<p>V\u1edbi th\u00f4ng s\u1ed1 \u0111\u1ec3 qu\u00fd kh\u00e1ch d\u1ec5 d\u00e0ng so s\u00e1nh v\u1edbi c\u00e1c m\u1eabu m\u00e3 v\u00e0 ch\u1ee7ng lo\u1ea1i \u0111ang b\u00e1n \u0111a d\u1ea1ng tr\u00ean th\u1ecb tr\u01b0\u1eddng. C\u0169ng nh\u01b0 kh\u00f4ng m\u1ea5t qu\u00e1 nhi\u1ec1u th\u1eddi gian c\u1ee7a qu\u00fd kh\u00e1ch t\u00ecm hi\u1ec3u tr\u00ean c\u00e1c trang b\u00e1n h\u00e0ng m\u00e0 kh\u00f4ng c\u00f4ng khai gi\u00e1.<\/p>\n<p><strong>2, \u01afU \u0110I\u1ec2M KHI MUA KHU\u00d4N L\u00c0M GI\u00d2 CH\u1ea2 INOX<\/strong><\/p>\n<p>C\u00f3 th\u1ec3 n\u00f3i \u0111a ph\u1ea7n kh\u00e1ch h\u00e0ng mua khu\u00f4n l\u00e0m gi\u00f2 ch\u1ea3 \u0111ang g\u00f3i th\u1ee7 c\u00f4ng b\u1eb1ng tay ho\u1eb7c \u0111\u00e3 t\u1eebng d\u00f9ng m\u1ed9t m\u1eabu khu\u00f4n gi\u00f2 ch\u1ea3 tr\u01b0\u1edbc kia nh\u01b0ng v\u1ec1 t\u00ednh ti\u1ec7n d\u1ee5ng th\u00ec ch\u1eafc ch\u1eafn kh\u00f4ng th\u1ec3 ti\u1ec7n b\u1eb1ng m\u1eabu khu\u00f4n m\u1edbi c\u1ea3i ti\u1ebfn<\/p>\n<p><img fetchpriority=\"high\" decoding=\"async\" class=\"aligncenter\" src=\"https:\/\/havamall.vn\/wp-content\/uploads\/2024\/07\/He2e78c066bb6421da107b53442e5e65bH.jpg\" alt=\"L\u1ecbch s\u1eed gi\u00e1 Khu\u00f4n camen l\u00e0m gi\u00f2 , ch\u1ea3 l\u1ee5a ch\u1ea5t l\u01b0\u1ee3ng c\u1eadp nh\u1eadt 4\/2024 - Mua Th\u00f4ng Minh\" width=\"746\" height=\"559\" \/><\/p>\n<p><strong>V\u1edbi c\u00e1c m\u1eabu khu\u00f4n c\u0169:<\/strong><\/p>\n<ul>\n<li>Th\u1ea9m m\u1ef9 kh\u00f4ng cao<\/li>\n<li>Ch\u1ea5t li\u1ec7u: s\u1eed d\u1ee5ng ch\u1ea5t li\u1ec7u kh\u00f4ng ch\u1ea5t l\u01b0\u1ee3ng nh\u01b0 t\u00f4n ho\u1eb7c nh\u00f4m<\/li>\n<li>T\u00ednh ti\u1ec7n d\u1ee5ng r\u1ea5t \u00edt, thao t\u00e1c kh\u00e1 nhi\u1ec1u v\u00e0 v\u1ec7 sinh kh\u00e1 kh\u00f3<\/li>\n<\/ul>\n<p><strong>Khu\u00f4n\u00a0<\/strong><\/p>\n<ul>\n<li>T\u00ednh th\u1ea9m m\u1ef9: \u0111\u01b0\u1ee3c ch\u00fang t\u00f4i trau chu\u1ed1t cho t\u1eebng chi\u1ebfc khu\u00f4n khi \u0111\u1ebfn tay qu\u00fd kh\u00e1ch<\/li>\n<li>Ch\u1ea5t li\u1ec7u: inox cao c\u1ea5p cho \u0111\u1ed9 b\u1ec1n l\u00e2u d\u00e0i<\/li>\n<li>T\u00ednh ti\u1ec7n d\u1ee5ng: qu\u00fd kh\u00e1ch thao t\u00e1c \u0111\u01a1n gi\u1ea3n, nhanh g\u1ecdn, d\u1ec5 d\u00e0ng v\u1ec7 sinh sau khi s\u1eed d\u1ee5ng<\/li>\n<\/ul>\n<p><strong>3, PH\u01af\u01a0NG TH\u1ee8C MUA H\u00c0NG<\/strong><\/p>\n<ul>\n<li>Qu\u00fd kh\u00e1ch c\u00f3 th\u1ec3 \u0111\u1ebfn tr\u1ef1c ti\u1ebfp c\u1eeda h\u00e0ng c\u1ee7a ch\u00fang t\u00f4i t\u1ea1i HCM<\/li>\n<li>V\u1edbi kh\u00e1ch h\u00e0ng ngo\u1ea1i t\u1ec9nh li\u00ean h\u1ec7 qua Hotline: 0946 229 642 \u0111\u1ec3 \u0111\u1eb7t h\u00e0ng sau khi \u0111\u00e3 l\u1ef1a ch\u1ecdn \u0111\u01b0\u1ee3c lo\u1ea1i ph\u00f9 h\u1ee3p. Ch\u00fang t\u00f4i h\u1ed7 tr\u1ee3 g\u1eedi h\u00e0ng qua b\u01b0u \u0111i\u1ec7n theo h\u00ecnh th\u1ee9c COD (nh\u1eadn h\u00e0ng ki\u1ec3m tra m\u1edbi thanh to\u00e1n)<\/li>\n<li>Quy c\u00e1ch \u0111\u00f3ng g\u00f3i: th\u00f9ng x\u1ed1p ch\u1ed1ng va \u0111\u1eadp<\/li>\n<\/ul>\n<div>\n<div><img decoding=\"async\" class=\"aligncenter\" src=\"https:\/\/havamall.vn\/wp-content\/uploads\/2024\/07\/lam-cha-lua-ngon-don-gian-tai-nha-compressed_cdc3aa3a42574bc58d38512e51607bca_grande.jpg\" alt=\"Khu\u00f4n l\u00e0m ch\u1ea3 l\u1ee5a 0,5kg \u0111\u01b0\u1eddng k\u00ednh 8cm ( SM1629 ) gi\u00f2 l\u1ee5a \u2013 Si\u00eau Mua 123\" \/><\/div>\n<\/div>","protected":false},"excerpt":{"rendered":"<p>Khu\u00f4n L\u00e0m Gi\u00f2 Ch\u1ea3 Inox Cao C\u1ea5p\u00a0cho h\u1ed9 kinh doanh gi\u00f2 ch\u1ea3 tr\u00ean c\u1ea3 n\u01b0\u1edbc. L\u1ea5y ch\u1ea5t l\u01b0\u1ee3ng h\u00e0ng \u0111\u1ea7u<\/p>","protected":false},"featured_media":35058,"comment_status":"open","ping_status":"closed","template":"","meta":[],"product_brand":[],"product_cat":[393,35],"product_tag":[],"class_list":{"0":"post-35057","1":"product","2":"type-product","3":"status-publish","4":"has-post-thumbnail","6":"product_cat-bep-phong-an","7":"product_cat-nha-cua-doi-song","9":"first","10":"instock","11":"sale","12":"shipping-taxable","13":"purchasable","14":"product-type-variable"},"_links":{"self":[{"href":"https:\/\/havamall.vn\/en\/wp-json\/wp\/v2\/product\/35057"}],"collection":[{"href":"https:\/\/havamall.vn\/en\/wp-json\/wp\/v2\/product"}],"about":[{"href":"https:\/\/havamall.vn\/en\/wp-json\/wp\/v2\/types\/product"}],"replies":[{"embeddable":true,"href":"https:\/\/havamall.vn\/en\/wp-json\/wp\/v2\/comments?post=35057"}],"version-history":[{"count":0,"href":"https:\/\/havamall.vn\/en\/wp-json\/wp\/v2\/product\/35057\/revisions"}],"wp:featuredmedia":[{"embeddable":true,"href":"https:\/\/havamall.vn\/en\/wp-json\/wp\/v2\/media\/35058"}],"wp:attachment":[{"href":"https:\/\/havamall.vn\/en\/wp-json\/wp\/v2\/media?parent=35057"}],"wp:term":[{"taxonomy":"product_brand","embeddable":true,"href":"https:\/\/havamall.vn\/en\/wp-json\/wp\/v2\/product_brand?post=35057"},{"taxonomy":"product_cat","embeddable":true,"href":"https:\/\/havamall.vn\/en\/wp-json\/wp\/v2\/product_cat?post=35057"},{"taxonomy":"product_tag","embeddable":true,"href":"https:\/\/havamall.vn\/en\/wp-json\/wp\/v2\/product_tag?post=35057"}],"curies":[{"name":"wp","href":"https:\/\/api.w.org\/{rel}","templated":true}]}}