{"id":35038,"date":"2024-07-24T17:22:59","date_gmt":"2024-07-24T10:22:59","guid":{"rendered":"https:\/\/havamall.vn\/?post_type=product&#038;p=35038"},"modified":"2024-07-24T17:23:03","modified_gmt":"2024-07-24T10:23:03","slug":"trai-oliu-xanh-tach-hat-latino-bella-235g-green-olives-pitted","status":"publish","type":"product","link":"https:\/\/havamall.vn\/en\/shop\/trai-oliu-xanh-tach-hat-latino-bella-235g-green-olives-pitted\/","title":{"rendered":"Tr\u00e1i Oliu Xanh T\u00e1ch H\u1ea1t Latino Bella 235g \u2013 Green Olives Pitted"},"content":{"rendered":"<h2 class=\"product-detail__specs-title\"><strong>TH\u00d4NG TIN CHUNG<\/strong><\/h2>\n<div id=\"js-product-detail__specs\" class=\"product-detail__specs\">\n<div class=\"row\">\n<div class=\"col-sm-12\">\n<div class=\"product-specs__table\">\n<table>\n<tbody>\n<tr>\n<td class=\"specs-table__property\">Th\u01b0\u01a1ng hi\u1ec7u<\/td>\n<td class=\"specs-table__value\">Latino Bella<\/td>\n<\/tr>\n<tr>\n<td class=\"specs-table__property\">Xu\u1ea5t x\u1ee9<\/td>\n<td class=\"specs-table__value\">T\u00e2y Ban Nha<\/td>\n<\/tr>\n<tr>\n<td class=\"specs-table__property\">H\u1ea1n s\u1eed d\u1ee5ng<\/td>\n<td class=\"specs-table__value\">3 n\u0103m k\u1ec3 t\u1eeb ng\u00e0y s\u1ea3n xu\u1ea5t<\/td>\n<\/tr>\n<tr>\n<td class=\"specs-table__property\">H\u01b0\u1edbng d\u1eabn s\u1eed d\u1ee5ng<\/td>\n<td class=\"specs-table__value\">D\u00f9ng \u0103n tr\u1ef1c ti\u1ebfp ho\u1eb7c ch\u1ebf bi\u1ebfn c\u00e1c m\u00f3n salad, khai v\u1ecb, n\u1ea5u chung v\u1edbi b\u00f2, g\u00e0 hay m\u00ec \u00dd, pizza,\u2026<\/td>\n<\/tr>\n<tr>\n<td class=\"specs-table__property\">H\u01b0\u1edbng d\u1eabn b\u1ea3o qu\u1ea3n<\/td>\n<td class=\"specs-table__value\">B\u1ea3o qu\u1ea3n \u1edf nhi\u1ec7t \u0111\u1ed9 th\u01b0\u1eddng, gi\u1eef l\u1ea1nh sau khi m\u1edf n\u1eafp v\u00e0 s\u1eed d\u1ee5ng t\u1ed1t nh\u1ea5t trong 2 tu\u1ea7n<\/td>\n<\/tr>\n<tr>\n<td class=\"specs-table__property\">Th\u00e0nh ph\u1ea7n nguy\u00ean li\u1ec7u<\/td>\n<td class=\"specs-table__value\">Tr\u00e1i oliu xanh, n\u01b0\u1edbc, mu\u1ed1i,\u2026<\/td>\n<\/tr>\n<tr>\n<td class=\"specs-table__property\">Kh\u1ed1i l\u01b0\u1ee3ng\/Th\u1ec3 t\u00edch<\/td>\n<td class=\"specs-table__value\">235gr<\/td>\n<\/tr>\n<\/tbody>\n<\/table>\n<p>T\u1eeb l\u00e2u, \u00f4 liu Latina \u0111\u00e3 \u0111\u01b0\u1ee3c bi\u1ebft \u0111\u1ebfn v\u1edbi h\u01b0\u01a1ng v\u1ecb v\u00e0 ch\u1ea5t l\u01b0\u1ee3ng \u0111\u1ed9c \u0111\u00e1o. Tr\u00e1i oliu xanh Luxeapers v\u1edbi t\u1eebng tr\u00e1i \u00f4 liu \u0111\u01b0\u1ee3c l\u1ef1a ch\u1ecdn k\u1ef9 l\u01b0\u1ee1ng v\u00e0 ch\u1ebf bi\u1ebfn theo c\u00f4ng th\u1ee9c \u0111\u1eb7c bi\u1ec7t v\u00e0 \u0111\u1ea3m b\u1ea3o v\u1ec7 sinh, \u0111\u01b0\u1ee3c nh\u1eadp kh\u1ea9u tr\u1ef1c ti\u1ebfp t\u1eeb T\u00e2y Ban Nha.<\/p>\n<p>V\u1edbi v\u1ecb \u0111\u1eb7c tr\u01b0ng c\u1ee7a tr\u00e1i \u00f4 liu xanh r\u1ea5t h\u1ea5p d\u1eabn, c\u00f3 th\u1ec3 d\u00f9ng tr\u1ef1c ti\u1ebfp ho\u1eb7c ch\u1ebf bi\u1ebfn th\u00e0nh c\u00e1c m\u00f3n salad, l\u00e0m nguy\u00ean li\u1ec7u cho nh\u1eefng m\u00f3n \u0103n, \u0111\u1eb7c bi\u1ec7t l\u00e0 m\u00f3n \u00c2u.<\/p>\n<p><img decoding=\"async\" class=\"aligncenter\" src=\"https:\/\/havamall.vn\/wp-content\/uploads\/2024\/07\/Homepage-Group-at-Recipe-for-Today.jpg\" alt=\"Latino Bella \u2013 Premium Quality From Spain\" \/><\/p>\n<p>Tr\u00e1i \u00f4 liu c\u00f3 ch\u1ee9a ch\u1ea5t b\u00e9o, nh\u01b0ng \u0111\u00f3 l\u00e0 lo\u1ea1i ch\u1ea5t b\u00e9o kh\u00f4ng b\u00e3o h\u00f2a \u0111\u01a1n l\u00e0nh m\u1ea1nh, n\u00ean c\u00f3 hi\u1ec7u qu\u1ea3 gi\u1ea3m nguy c\u01a1 x\u01a1 v\u1eefa \u0111\u1ed9ng m\u1ea1ch v\u00e0 t\u0103ng cholesterol t\u1ed1t, qu\u1ea3 \u00f4 liu c\u00f3 th\u1ec3 \u0111\u1ea3m nhi\u1ec7m \u201cnhi\u1ec7m v\u1ee5\u201d b\u1ea3o v\u1ec7 c\u00e1c t\u1ebf b\u00e0o trong c\u01a1 th\u1ec3.<\/p>\n<p>Tr\u00e1i \u00f4 liu c\u0169ng gi\u00e0u ch\u1ea5t ch\u1ed1ng oxy h\u00f3a c\u00f3 t\u00e1c d\u1ee5ng ch\u1ed1ng l\u00e3o h\u00f3a. N\u00f3 c\u0169ng ch\u1ee9a nhi\u1ec1u vitamin \u0111\u1ec3 cung c\u1ea5p nhu c\u1ea7u h\u00e0ng ng\u00e0y. \u0110\u1eb7c bi\u1ec7t, qu\u1ea3 \u00f4 liu Latino Bella ch\u1ee9a nhi\u1ec1u ch\u1ea5t x\u01a1, r\u1ea5t t\u1ed1t cho ti\u00eau h\u00f3a.<\/p>\n<div class=\"tab-content readmore-js-section readmore-js-expanded\">Ch\u1ec9 \u0103n t\u1eeb 3-5 tr\u00e1i \u00f4liu m\u1ed7i ng\u00e0y (\u00f4 liu \u0111en ho\u1eb7c xanh) c\u00f3 th\u1ec3 t\u0103ng c\u01b0\u1eddng \u201cs\u1ee9c m\u1ea1nh\u201d cho m\u1ea1ch m\u00e1u c\u1ee7a con ng\u01b0\u1eddi. S\u1eed d\u1ee5ng \u00f4 liu m\u1ed9t c\u00e1ch th\u01b0\u1eddng xuy\u00ean c\u0169ng c\u00f3 th\u1ec3 c\u1ea3i thi\u1ec7n th\u1ecb l\u1ef1c, s\u1ef1 t\u0103ng tr\u01b0\u1edfng v\u00e0 t\u00e1i sinh c\u00e1c m\u00f4 c\u01a1 th\u1ec3, v\u00e0 ch\u1ed1ng l\u1ea1i c\u00e1c d\u1ea5u hi\u1ec7u l\u00e3o h\u00f3a th\u00f4ng th\u01b0\u1eddng.<\/div>\n<\/div>\n<\/div>\n<\/div>\n<\/div>\n<h2><strong>\u0110\u1eb6C \u0110I\u1ec2M S\u1ea2N PH\u1ea8M<\/strong><\/h2>\n<p>&gt; Qu\u1ea3 Oliu Xanh c\u00f3 th\u00e0nh ph\u1ea7n ch\u00ednh l\u00e0 qu\u1ea3 oliu xanh T\u00e2y Ban Nha. \u0110\u00e2y l\u00e0 m\u1ed9t trong nh\u1eefng lo\u1ea1i oliu n\u1ed5i ti\u1ebfng tr\u00ean to\u00e0n th\u1ebf gi\u1edbi. Oliu Xanh<strong>\u00a0<\/strong>\u0111\u01b0\u1ee3c s\u1ea3n xu\u1ea5t theo c\u00f4ng ngh\u1ec7 hi\u1ec7n \u0111\u1ea1i. M\u1ecdi kh\u00e2u t\u1eeb tuy\u1ec3n ch\u1ecdn nguy\u00ean li\u1ec7u t\u1edbi ch\u1ebf bi\u1ebfn \u0111\u1ec1u di\u1ec5n ra kh\u00e9p k\u00edn d\u01b0\u1edbi s\u1ef1 gi\u00e1m s\u00e1t v\u00e0 ki\u1ec3m tra nghi\u00eam ng\u1eb7t c\u1ee7a c\u00e1c chuy\u00ean gia th\u1ef1c ph\u1ea9m h\u00e0ng \u0111\u1ea7u, theo \u0111\u00f3 s\u1ea3n ph\u1ea9m kh\u00f4ng ch\u1ee9a h\u00f3a ch\u1ea5t, ch\u1ea5t b\u1ea3o qu\u1ea3n \u0111\u1ed9c h\u1ea1i, \u0111\u1ea3m b\u1ea3o an to\u00e0n cho s\u1ee9c kh\u1ecfe ng\u01b0\u1eddi ti\u00eau d\u00f9ng.<\/p>\n<p>&gt; Oliu \u0111\u00e3 \u0111\u01b0\u1ee3c ng\u00e2m trong n\u01b0\u1edbc mu\u1ed1i. Sau \u0111\u00f3 \u0111\u01b0\u1ee3c \u0111\u00f3ng g\u00f3i \u0111\u1ea1t quy chu\u1ea9n \u0111\u1ec3 lu\u00f4n gi\u1eef \u0111\u01b0\u1ee3c m\u00f9i v\u1ecb th\u01a1m ngon, h\u1ea5p d\u1eabn nh\u01b0 ban \u0111\u1ea7u.<\/p>\n<p>&gt; Oliu kh\u00f4ng ch\u1ec9 l\u00e0 m\u1ed9t m\u00f3n \u0103n ngon m\u00e0 c\u00f2n l\u00e0 lo\u1ea1i th\u1ef1c ph\u1ea9m ch\u1ee9a nhi\u1ec1u ch\u1ea5t dinh d\u01b0\u1ee1ng t\u1ed1t cho s\u1ee9c kh\u1ecfe.<\/p>\n<p><img decoding=\"async\" class=\"aligncenter\" src=\"https:\/\/havamall.vn\/wp-content\/uploads\/2024\/07\/Tapas_square-2-e1607449605632.jpg\" alt=\"European olives: add some variety to your Canadian table - Restobiz\" \/><\/p>\n<h2><strong>C\u00d4NG D\u1ee4NG C\u1ee6A QU\u1ea2 OLIU<\/strong><\/h2>\n<p>\u2013 Qu\u1ea3 Oliu c\u00f3 ch\u1ee9a axit linoleic r\u1ea5t c\u00f3 l\u1ee3i cho tr\u1ebb nh\u1ecf. V\u1edbi nh\u1eefng tr\u1ebb s\u01a1 sinh \u0111\u01b0\u1ee3c nu\u00f4i b\u1eb1ng s\u1eefa m\u1eb9, b\u00e0 m\u1eb9 cho con b\u00fa c\u00f3 th\u1ec3 b\u1ed5 sung tr\u00e1i c\u00e2y Oliu trong ch\u1ebf \u0111\u1ed9 \u0103n u\u1ed1ng c\u1ee7a m\u00ecnh.<\/p>\n<p>\u2013 Clo hi\u1ec7n di\u1ec7n trong tr\u00e1i c\u00e2y Oliu c\u00f3 th\u1ec3 c\u1ea3i thi\u1ec7n ch\u1ee9c n\u0103ng gan, cho ph\u00e9p lo\u1ea1i b\u1ecf ch\u1ea5t th\u1ea3i ra kh\u1ecfi c\u01a1 th\u1ec3.<\/p>\n<p>\u2013 Vitamin A, D, E, v\u00e0 K gi\u00fap t\u0103ng tr\u01b0\u1edfng x\u01b0\u01a1ng \u1edf c\u1ea3 tr\u1ebb em v\u00e0 ng\u01b0\u1eddi l\u1edbn. C\u00e1c Vitamin n\u00e0y c\u00f3 nhi\u1ec1u trong c\u00e1c lo\u1ea1i qu\u1ea3 Oliu.<\/p>\n<p>\u2013 H\u01b0\u01a1ng v\u1ecb \u0111\u1eb7c tr\u01b0ng v\u00e0 h\u01b0\u01a1ng th\u01a1m c\u1ee7a Oliu \u0111\u01b0\u1ee3c t\u1ea1o n\u00ean t\u1eeb Polyphenol. Polyphenol c\u00f3 l\u1ee3i trong vi\u1ec7c ch\u1ed1ng l\u1ea1i ung th\u01b0 v\u00e0 c\u0169ng c\u00f3 t\u00ednh ch\u1ea5t ch\u1ed1ng vi\u00eam t\u1ed1t.<\/p>\n<p>\u2013 Vitamin E v\u00e0 c\u00e1c ch\u1ea5t ch\u1ed1ng oxi h\u00f3a trong Oliu gi\u1ea3m nguy c\u01a1 t\u1ed5n th\u01b0\u01a1ng t\u1ebf b\u00e0o v\u00e0 vi\u00eam.<\/p>","protected":false},"excerpt":{"rendered":"<p>TH\u00d4NG TIN CHUNG Th\u01b0\u01a1ng hi\u1ec7u Latino Bella Xu\u1ea5t x\u1ee9 T\u00e2y Ban Nha H\u1ea1n s\u1eed d\u1ee5ng 3 n\u0103m k\u1ec3 t\u1eeb ng\u00e0y<\/p>","protected":false},"featured_media":35039,"comment_status":"open","ping_status":"closed","template":"","meta":[],"product_brand":[],"product_cat":[36,134],"product_tag":[],"class_list":{"0":"post-35038","1":"product","2":"type-product","3":"status-publish","4":"has-post-thumbnail","6":"product_cat-thuc-pham-tieu-dung","7":"product_cat-thucpham-saykho","9":"first","10":"instock","11":"sale","12":"shipping-taxable","13":"purchasable","14":"product-type-simple"},"_links":{"self":[{"href":"https:\/\/havamall.vn\/en\/wp-json\/wp\/v2\/product\/35038"}],"collection":[{"href":"https:\/\/havamall.vn\/en\/wp-json\/wp\/v2\/product"}],"about":[{"href":"https:\/\/havamall.vn\/en\/wp-json\/wp\/v2\/types\/product"}],"replies":[{"embeddable":true,"href":"https:\/\/havamall.vn\/en\/wp-json\/wp\/v2\/comments?post=35038"}],"version-history":[{"count":0,"href":"https:\/\/havamall.vn\/en\/wp-json\/wp\/v2\/product\/35038\/revisions"}],"wp:featuredmedia":[{"embeddable":true,"href":"https:\/\/havamall.vn\/en\/wp-json\/wp\/v2\/media\/35039"}],"wp:attachment":[{"href":"https:\/\/havamall.vn\/en\/wp-json\/wp\/v2\/media?parent=35038"}],"wp:term":[{"taxonomy":"product_brand","embeddable":true,"href":"https:\/\/havamall.vn\/en\/wp-json\/wp\/v2\/product_brand?post=35038"},{"taxonomy":"product_cat","embeddable":true,"href":"https:\/\/havamall.vn\/en\/wp-json\/wp\/v2\/product_cat?post=35038"},{"taxonomy":"product_tag","embeddable":true,"href":"https:\/\/havamall.vn\/en\/wp-json\/wp\/v2\/product_tag?post=35038"}],"curies":[{"name":"wp","href":"https:\/\/api.w.org\/{rel}","templated":true}]}}