{"id":35033,"date":"2024-07-24T16:56:11","date_gmt":"2024-07-24T09:56:11","guid":{"rendered":"https:\/\/havamall.vn\/?post_type=product&#038;p=35033"},"modified":"2025-08-31T11:38:13","modified_gmt":"2025-08-31T04:38:13","slug":"rong-bien-say-kho-han-quoc-50g-dried-seaweed-mi-yuk","status":"publish","type":"product","link":"https:\/\/havamall.vn\/en\/shop\/rong-bien-say-kho-han-quoc-50g-dried-seaweed-mi-yuk\/","title":{"rendered":"Rong Bi\u1ec3n S\u1ea5y Kh\u00f4 H\u00e0n Qu\u1ed1c 50g \u2013 Dried Seaweed Mi Yuk"},"content":{"rendered":"<p>Rong bi\u1ec3n kh\u00f4 n\u1ea5u canh \u0111\u01b0\u1ee3c nh\u1eadp kh\u1ea9u tr\u1ef1c ti\u1ebfp t\u1eeb H\u00e0n Qu\u1ed1c.\u00a0Rong bi\u1ec3n l\u00e0 m\u1ed9t lo\u1ea1i th\u1ef1c ph\u1ea9m tuy\u1ec7t v\u1eddi m\u00e0 ng\u01b0\u1eddi H\u00e0n Qu\u1ed1c t\u1eeb xa x\u01b0a g\u1ecdi l\u00e0 \u201cb\u00e1u v\u1eadt c\u1ee7a bi\u1ec3n c\u1ea3\u201d.\u00a0Nh\u1eefng nghi\u00ean c\u1ee9u hi\u1ec7n \u0111\u1ea1i ng\u00e0y nay c\u0169ng cho th\u1ea5y nh\u1eefng t\u00e1c d\u1ee5ng c\u1ee7a rong bi\u1ec3n c\u1ef1c k\u1ef3 tuy\u1ec7t v\u1eddi v\u1edbi s\u1ee9c kh\u1ecfe con ng\u01b0\u1eddi. S\u1ea3n ph\u1ea9m rong bi\u1ec3n kh\u00f4 c\u00f3 th\u1ec3 d\u00f9ng \u0111\u1ec3 n\u1ea5u canh rong bi\u1ec3n, n\u1ea5u s\u00fap, th\u1ea3\u00a0l\u1ea9u.<\/p>\n<p>Canh rong bi\u1ec3n l\u00e0 m\u00f3n \u0103n ngon, b\u1ed5 d\u01b0\u1ee1ng, kh\u00f4ng ch\u1ec9 t\u1ed1t cho s\u1ee9c kh\u1ecfe m\u00e0 c\u00f2n t\u1ed1t cho da, b\u1edfi rong bi\u1ec3n c\u00f3 ch\u1ee9a nhi\u1ec1u collagen t\u1ef1 nhi\u00ean, l\u00e0 ch\u1ea5t ch\u1ed1ng l\u00e3o h\u00f3a \u0111\u01b0\u1ee3c s\u1eed d\u1ee5ng trong r\u1ea5t nhi\u1ec1u nh\u1eefng lo\u1ea1i m\u1ef9 ph\u1ea9m hi\u1ec7n nay.<\/p>\n<p><img fetchpriority=\"high\" decoding=\"async\" class=\"aligncenter\" src=\"https:\/\/havamall.com\/wp-content\/uploads\/2025\/08\/canh-rong-bien-nau-voi-gi-ngon-tong-hop-cac-mon-canh-tu-rong-avt-1200x676.jpg\" alt=\"Canh rong bi\u1ec3n n\u1ea5u v\u1edbi g\u00ec ngon? T\u1ed5ng h\u1ee3p c\u00e1c m\u00f3n canh t\u1eeb rong bi\u1ec3n\" width=\"733\" height=\"413\" \/><\/p>\n<p>S\u1ea3n ph\u1ea9m c\u00f3 th\u1ec3 d\u00f9ng \u0111\u1ec3 n\u1ea5u canh rong bi\u1ec3n, n\u1ea5u s\u00fap, l\u1ea9u. S\u1ea3n ph\u1ea9m \u0111\u01b0\u1ee3c s\u1ea3n xu\u1ea5t t\u1eeb nh\u1eefng nguy\u00ean li\u1ec7u \u0111\u00e3 qua ch\u1ecdn l\u1ecdc k\u0129 c\u00e0ng c\u00f9ng c\u00f4ng th\u1ee9c ch\u1ebf bi\u1ebfn \u0111\u1eb7c bi\u1ec7t, h\u01b0\u01a1ng v\u1ecb th\u01a1m ngon h\u1ea5p d\u1eabn cho m\u00f3n canh, ph\u00f9 h\u1ee3p v\u1edbi m\u1ecdi th\u00e0nh vi\u00ean trong gia \u0111\u00ecnh.<\/p>\n<p>Ng\u00e0y nay, khoa h\u1ecdc \u0111\u00e3 ch\u1ee9ng minh \u0111\u01b0\u1ee3c r\u1eb1ng, rong bi\u1ec3n ch\u1ee9a r\u1ea5t nhi\u1ec1u kho\u00e1ng ch\u1ea5t. Rong bi\u1ec3n h\u1ea5p thu t\u1eeb n\u01b0\u1edbc bi\u1ec3n h\u01a1n 90 lo\u1ea1i kho\u00e1ng ch\u1ea5t v\u1edbi h\u00e0m l\u01b0\u1ee3ng mu\u1ed1i th\u1ea5p v\u00e0 canxi cao. V\u00ec th\u1ebf, \u0111\u1ed1i v\u1edbi nh\u1eefng ng\u01b0\u1eddi b\u1ecb cao huy\u1ebft \u00e1p th\u00ec rong bi\u1ec3n l\u00e0 lo\u1ea1i th\u1ef1c ph\u1ea9m \u0111\u01b0\u1ee3c \u01b0u ti\u00ean h\u00e0ng \u0111\u1ea7u trong b\u1eefa \u0103n m\u1ed7i ng\u00e0y.<\/p>\n<p>Rong bi\u1ec3n kh\u00f4 n\u1ea5u canh H\u00e0n Qu\u1ed1c c\u00f3 th\u00e0nh ph\u1ea7n g\u1ed3m rong bi\u1ec3n s\u1ea5y kh\u00f4 100%. S\u1ea3n ph\u1ea9m kh\u00f4ng s\u1eed d\u1ee5ng h\u00f3a ch\u1ea5t, ch\u1ea5t b\u1ea3o qu\u1ea3n \u0111\u1ed9c h\u1ea1i, \u0111\u1ea3m b\u1ea3o an to\u00e0n cho s\u1ee9c kh\u1ecfe ng\u01b0\u1eddi ti\u00eau d\u00f9ng.<\/p>\n<p>Rong bi\u1ec3n kh\u00f4 l\u00e0 ngu\u1ed3n th\u1ef1c ph\u1ea9m cao c\u1ea5p gi\u00e0u dinh d\u01b0\u1ee1ng, c\u00f3 h\u00e0m l\u01b0\u1ee3ng canxi cao g\u1ea5p 3 l\u1ea7n s\u1eefa b\u00f2 \u0111\u01b0\u1ee3c nhi\u1ec1u gia \u0111\u00ecnh l\u1ef1a ch\u1ecdn \u0111\u1ec3 n\u1ea5u nhi\u1ec1u m\u00f3n h\u1ea5p d\u1eabn nh\u01b0 rong bi\u1ec3n chay, rong bi\u1ec7t th\u1ecbt b\u00f2, rong bi\u1ec3n \u0111\u1eadu h\u0169, rong bi\u1ec3n \u0103n d\u1eb7m cho b\u00e9.<\/p>\n<p>Rong bi\u1ec3n n\u1ea5u canh H\u00e0n Qu\u1ed1c v\u1edbi th\u00e0nh ph\u1ea7n s\u1eed d\u1ee5ng t\u1eeb 100% rong bi\u1ec3n thi\u00ean nhi\u00ean \u1edf v\u00f9ng bi\u1ec3n s\u1ea1ch H\u00e0n Qu\u1ed1c. Rong bi\u1ec3n kh\u00f4 r\u1ea5t gi\u00e0u ch\u1ea5t b\u1ed9t \u0111\u01b0\u1eddng, ch\u1ea5t x\u01a1, \u0111\u1ea1m, sinh t\u1ed1 v\u00e0 kho\u00e1ng.<\/p>\n<p><img decoding=\"async\" class=\"aligncenter\" src=\"https:\/\/havamall.com\/wp-content\/uploads\/2025\/08\/so-che-rong-bien-nau-canh.jpg.webp\" alt=\"Canh rong bi\u1ec3n c\u00e0 chua - M\u00f3n ngon cho ng\u00e0y h\u00e8\" width=\"691\" height=\"978\" \/><\/p>\n<h3><strong>H\u01b0\u1edbng d\u1eabn n\u1ea5u canh rong bi\u1ec3n:<\/strong><\/h3>\n<p><strong>&gt; B\u01b0\u1edbc 1:<\/strong>\u00a0Rong bi\u1ec3n mua v\u1ec1 b\u1ea1n l\u1ea5y 25gram r\u1ed3i b\u1ecf v\u00e0o 1 b\u00e1t t\u00f4 l\u1edbn sau \u0111\u00f3 \u0111\u1ed5 ng\u1eadp n\u01b0\u1edbc s\u1ea1ch. Nh\u1edb l\u00e0 b\u00e1t t\u00f4 l\u1edbn nh\u00e9, v\u00ec rong bi\u1ec3n s\u1ebd n\u1edf ra kh\u00e1 nhi\u1ec1u ch\u1ee9 kh\u00f4ng c\u00f2n l\u00e0 1 nh\u00fam b\u00e9 x\u00edu khi ta b\u1ecf ra \u0111\u00e2u. Sau khi n\u00f3 n\u1edf ra h\u1ebft th\u00ec \u0111\u1ed5 n\u01b0\u1edbc \u0111i, v\u1ea9y r\u00e1o, c\u1eaft v\u1eeba \u0103n.<\/p>\n<p><strong>&gt; B\u01b0\u1edbc 2:\u00a0<\/strong>Th\u1ecbt b\u00f2 th\u00e1i m\u1ecfng ho\u1eb7c b\u0103m nh\u1ecf \u01b0\u1edbp v\u1edbi ch\u00fat h\u1ea1t n\u00eam, d\u1ea7u \u0103n. \u0110\u1ee3i kho\u1ea3ng 15 ph\u00fat cho th\u1ecbt b\u00f2 ng\u1ea5m r\u1ed3i \u0111\u1ed5 \u00edt d\u1ea7u v\u00e0o n\u1ed3i, b\u1eadt b\u1ebft, cho t\u1ecfi b\u0103m nh\u1ecf v\u00e0o phi th\u01a1m r\u1ed3i \u0111\u1ed5 th\u1ecbt b\u00f2 v\u00e0o x\u00e0o s\u01a1, cho th\u00eam ch\u00fat r\u01b0\u1ee3u tr\u1eafng v\u00e0 n\u01b0\u1edbc t\u01b0\u01a1ng\u00a0\u0111\u1ea3o qua\u00a0\u0111\u1ebfn khi th\u1ecbt b\u00f2 ch\u00edn t\u00e1i.\u00a0\u0110\u1ed5 th\u00eam n\u1eeda mu\u1ed7ng d\u1ea7u\u00a0\u0103n, th\u00eam rong bi\u1ec3n v\u00e0o x\u00e0o kho\u1ea3ng 2 ph\u00fat th\u00ec\u00a0\u0111\u1ed5 n\u1eeda l\u00edt n\u01b0\u1edbc.<\/p>\n<p><strong>&gt; B\u01b0\u1edbc 3:\u00a0<\/strong>B\u1eadt to l\u1eeda cho\u00a0\u0111\u1ebfn khi n\u1ed3i n\u01b0\u1edbc s\u00f4i\u00a0th\u00ec gi\u1ea3m l\u1eeda\u00a0\u0111un s\u00f4i th\u00eam kho\u1ea3ng 10 ph\u00fat n\u1eefa, c\u1eaft nh\u1ecf\u00a0\u0111\u1eadu\u00a0v\u00e0o n\u1ed3i canh,\u00a0\u0111un th\u00eam 5 ph\u00fat cho\u00a0\u0111\u1eadu ch\u00edn. Th\u1eed l\u1ea1i canh n\u1ebfu th\u1ea5y ch\u01b0a v\u1eeba th\u00ec cho th\u00eam mu\u1ed1i,\u00a0n\u00eam n\u1ebfm v\u1eeba\u00a0\u0103n.<\/p>\n<p>S\u1ea3n ph\u1ea9m hi\u1ec7n \u0111\u00e3 c\u00f3 m\u1eb7t t\u1ea1i Havamall.<\/p>","protected":false},"excerpt":{"rendered":"<p>Rong bi\u1ec3n kh\u00f4 n\u1ea5u canh \u0111\u01b0\u1ee3c nh\u1eadp kh\u1ea9u tr\u1ef1c ti\u1ebfp t\u1eeb H\u00e0n Qu\u1ed1c.\u00a0Rong bi\u1ec3n l\u00e0 m\u1ed9t lo\u1ea1i th\u1ef1c ph\u1ea9m tuy\u1ec7t<\/p>","protected":false},"featured_media":35034,"comment_status":"open","ping_status":"closed","template":"","meta":[],"product_brand":[],"product_cat":[676,36,134],"product_tag":[],"class_list":{"0":"post-35033","1":"product","2":"type-product","3":"status-publish","4":"has-post-thumbnail","6":"product_cat-nhap-khau-han-quoc","7":"product_cat-thuc-pham-tieu-dung","8":"product_cat-thucpham-saykho","10":"first","11":"outofstock","12":"sale","13":"shipping-taxable","14":"purchasable","15":"product-type-simple"},"_links":{"self":[{"href":"https:\/\/havamall.vn\/en\/wp-json\/wp\/v2\/product\/35033"}],"collection":[{"href":"https:\/\/havamall.vn\/en\/wp-json\/wp\/v2\/product"}],"about":[{"href":"https:\/\/havamall.vn\/en\/wp-json\/wp\/v2\/types\/product"}],"replies":[{"embeddable":true,"href":"https:\/\/havamall.vn\/en\/wp-json\/wp\/v2\/comments?post=35033"}],"version-history":[{"count":0,"href":"https:\/\/havamall.vn\/en\/wp-json\/wp\/v2\/product\/35033\/revisions"}],"wp:featuredmedia":[{"embeddable":true,"href":"https:\/\/havamall.vn\/en\/wp-json\/wp\/v2\/media\/35034"}],"wp:attachment":[{"href":"https:\/\/havamall.vn\/en\/wp-json\/wp\/v2\/media?parent=35033"}],"wp:term":[{"taxonomy":"product_brand","embeddable":true,"href":"https:\/\/havamall.vn\/en\/wp-json\/wp\/v2\/product_brand?post=35033"},{"taxonomy":"product_cat","embeddable":true,"href":"https:\/\/havamall.vn\/en\/wp-json\/wp\/v2\/product_cat?post=35033"},{"taxonomy":"product_tag","embeddable":true,"href":"https:\/\/havamall.vn\/en\/wp-json\/wp\/v2\/product_tag?post=35033"}],"curies":[{"name":"wp","href":"https:\/\/api.w.org\/{rel}","templated":true}]}}