{"id":35026,"date":"2024-07-24T15:59:41","date_gmt":"2024-07-24T08:59:41","guid":{"rendered":"https:\/\/havamall.vn\/?post_type=product&#038;p=35026"},"modified":"2025-03-20T10:55:35","modified_gmt":"2025-03-20T03:55:35","slug":"mang-ngam-chua-an-lien-120g-seasoned-bamboo-shoot","status":"publish","type":"product","link":"https:\/\/havamall.vn\/en\/shop\/mang-ngam-chua-an-lien-120g-seasoned-bamboo-shoot\/","title":{"rendered":"M\u0103ng Ng\u00e2m Chua \u0102n Li\u1ec1n 120g &#8211; Seasoned Bamboo Shoot"},"content":{"rendered":"<h2 class=\"product-detail__specs-title\"><strong>TH\u00d4NG TIN CHUNG<\/strong><\/h2>\n<div id=\"js-product-detail__specs\" class=\"product-detail__specs\">\n<div class=\"row\">\n<div class=\"col-sm-12\">\n<div class=\"product-specs__table\">\n<table>\n<tbody>\n<tr>\n<td class=\"specs-table__property\">Th\u01b0\u01a1ng hi\u1ec7u<\/td>\n<td class=\"specs-table__value\">Domoto<\/td>\n<\/tr>\n<tr>\n<td class=\"specs-table__property\">Xu\u1ea5t x\u1ee9<\/td>\n<td class=\"specs-table__value\">Nh\u1eadt B\u1ea3n<\/td>\n<\/tr>\n<tr>\n<td class=\"specs-table__property\">H\u1ea1n s\u1eed d\u1ee5ng<\/td>\n<td class=\"specs-table__value\">1 n\u0103m k\u1ec3 t\u1eeb ng\u00e0y s\u1ea3n xu\u1ea5t<\/td>\n<\/tr>\n<tr>\n<td class=\"specs-table__property\">H\u01b0\u1edbng d\u1eabn s\u1eed d\u1ee5ng<\/td>\n<td class=\"specs-table__value\">D\u00f9ng \u0103n tr\u1ef1c ti\u1ebfp ho\u1eb7c ch\u1ebf bi\u1ebfn c\u00e1c m\u00f3n \u0103n tu\u1ef3 th\u00edch<\/td>\n<\/tr>\n<tr>\n<td class=\"specs-table__property\">H\u01b0\u1edbng d\u1eabn b\u1ea3o qu\u1ea3n<\/td>\n<td class=\"specs-table__value\">B\u1ea3o qu\u1ea3n ng\u0103n m\u00e1t.<\/td>\n<\/tr>\n<tr>\n<td class=\"specs-table__property\">Th\u00e0nh ph\u1ea7n nguy\u00ean li\u1ec7u<\/td>\n<td class=\"specs-table__value\">\u00a0Xem tr\u00ean bao b\u00ec<\/td>\n<\/tr>\n<tr>\n<td class=\"specs-table__property\">Kh\u1ed1i l\u01b0\u1ee3ng\/Th\u1ec3 t\u00edch<\/td>\n<td class=\"specs-table__value\">120g<\/td>\n<\/tr>\n<\/tbody>\n<\/table>\n<p>M\u0103ng Chua Ng\u00e2m l\u00e0 m\u00f3n c\u1ea3i c\u1eaft s\u1ee3i v\u00e0 ch\u1ebf bi\u1ebfn s\u1eb5n, v\u1ecb m\u1eb7n chua cay nh\u1eb9, gi\u00f2n s\u1ea7n s\u1eadt h\u1ea5p d\u1eabn. H\u00e0ng \u0111\u01b0\u1ee3c s\u1ea3n xu\u1ea5t theo c\u00f4ng th\u1ee9c ch\u00ednh t\u00f4ng, gi\u1eef nguy\u00ean h\u01b0\u01a1ng v\u1ecb b\u1ea3n x\u1ee9. Quy tr\u00ecnh s\u1ea3n xu\u1ea5t \u0111\u00f3ng g\u00f3i h\u1ee3p v\u1ec7 sinh, \u0111\u1ea3m b\u1ea3o ch\u1ea5t l\u01b0\u1ee3ng, c\u00f3 \u0111\u1ea7y \u0111\u1ee7 bao b\u00ec nh\u00e3n m\u00e1c.<\/p>\n<p><img fetchpriority=\"high\" decoding=\"async\" class=\"aligncenter\" src=\"https:\/\/havamall.vn\/wp-content\/uploads\/2025\/03\/menma-4.jpg\" alt=\"Menma (Seasoned Bamboo Shoots) for Ramen\" width=\"629\" height=\"955\" \/><\/p>\n<h2><strong>\u0110\u1eb7c \u0111i\u1ec3m n\u1ed5i b\u1eadt c\u1ee7a M\u0103ng ch\u1ebf bi\u1ebfn<\/strong><\/h2>\n<ul>\n<li>M\u0103ng ch\u1ebf bi\u1ebfn \u0111\u01b0\u1ee3c l\u00e0m t\u1eeb nguy\u00ean li\u1ec7u tuy\u1ec3n ch\u1ecdn k\u1ef9 l\u01b0\u1ee1ng, an to\u00e0n v\u1ec7 sinh.<\/li>\n<li>M\u0103ng l\u00e0 m\u1ed9t trong nh\u1eefng lo\u1ea1i rau gi\u00e0u ch\u1ea5t x\u01a1 v\u00e0 dinh d\u01b0\u1ee1ng, nh\u01b0ng l\u1ea1i \u00edt calo, kh\u00f4ng lo b\u1ecb t\u0103ng c\u00e2n khi s\u1eed d\u1ee5ng.<\/li>\n<li>M\u0103ng \u0111\u01b0\u1ee3c ch\u1ebf bi\u1ebfn tr\u1ed9n gia v\u1ecb, mang h\u01b0\u01a1ng v\u1ecb \u0111\u1ed9c \u0111\u00e1o, m\u1edbi l\u1ea1, k\u00edch th\u00edch v\u1ecb gi\u00e1c.<\/li>\n<li>Mang \u0111\u1ebfn c\u1ea3m gi\u00e1c \u0103n ngon mi\u1ec7ng h\u01a1n, b\u1eefa c\u01a1m kh\u00f4ng b\u00e9o ng\u1eady.<\/li>\n<li>D\u00f9ng \u0103n k\u00e8m v\u1edbi c\u01a1m, m\u00ec ho\u1eb7c d\u00f9ng ch\u1ebf bi\u1ebfn c\u00e1c m\u00f3n \u0103n t\u00f9y th\u00edch kh\u00e1c nhau\u2026<\/li>\n<\/ul>\n<p><img decoding=\"async\" class=\"aligncenter\" src=\"https:\/\/havamall.vn\/wp-content\/uploads\/2025\/03\/856abcb4ef66f268c6ae6e11b7f8845a.png_960x960q80.png.webp\" alt=\"M\u0103ng mu\u1ed1i Nh\u1eadt B\u1ea3n ch\u1ebf bi\u1ebfn \u0103n li\u1ec1n Menma J 1kg, seasoned bamboo shoot | Lazada.vn\" width=\"626\" height=\"626\" \/><\/p>\n<\/div>\n<\/div>\n<\/div>\n<\/div>","protected":false},"excerpt":{"rendered":"<p>TH\u00d4NG TIN CHUNG Th\u01b0\u01a1ng hi\u1ec7u Domoto Xu\u1ea5t x\u1ee9 Nh\u1eadt B\u1ea3n H\u1ea1n s\u1eed d\u1ee5ng 1 n\u0103m k\u1ec3 t\u1eeb ng\u00e0y s\u1ea3n xu\u1ea5t<\/p>","protected":false},"featured_media":35030,"comment_status":"open","ping_status":"closed","template":"","meta":[],"product_brand":[],"product_cat":[675,275,36],"product_tag":[],"class_list":{"0":"post-35026","1":"product","2":"type-product","3":"status-publish","4":"has-post-thumbnail","6":"product_cat-nhap-khau-nhat-ban","7":"product_cat-thuc-pham-dong-lanh","8":"product_cat-thuc-pham-tieu-dung","10":"first","11":"instock","12":"sale","13":"shipping-taxable","14":"purchasable","15":"product-type-simple"},"_links":{"self":[{"href":"https:\/\/havamall.vn\/en\/wp-json\/wp\/v2\/product\/35026"}],"collection":[{"href":"https:\/\/havamall.vn\/en\/wp-json\/wp\/v2\/product"}],"about":[{"href":"https:\/\/havamall.vn\/en\/wp-json\/wp\/v2\/types\/product"}],"replies":[{"embeddable":true,"href":"https:\/\/havamall.vn\/en\/wp-json\/wp\/v2\/comments?post=35026"}],"version-history":[{"count":0,"href":"https:\/\/havamall.vn\/en\/wp-json\/wp\/v2\/product\/35026\/revisions"}],"wp:featuredmedia":[{"embeddable":true,"href":"https:\/\/havamall.vn\/en\/wp-json\/wp\/v2\/media\/35030"}],"wp:attachment":[{"href":"https:\/\/havamall.vn\/en\/wp-json\/wp\/v2\/media?parent=35026"}],"wp:term":[{"taxonomy":"product_brand","embeddable":true,"href":"https:\/\/havamall.vn\/en\/wp-json\/wp\/v2\/product_brand?post=35026"},{"taxonomy":"product_cat","embeddable":true,"href":"https:\/\/havamall.vn\/en\/wp-json\/wp\/v2\/product_cat?post=35026"},{"taxonomy":"product_tag","embeddable":true,"href":"https:\/\/havamall.vn\/en\/wp-json\/wp\/v2\/product_tag?post=35026"}],"curies":[{"name":"wp","href":"https:\/\/api.w.org\/{rel}","templated":true}]}}