{"id":35010,"date":"2024-07-24T14:29:51","date_gmt":"2024-07-24T07:29:51","guid":{"rendered":"https:\/\/havamall.vn\/?post_type=product&#038;p=35010"},"modified":"2025-03-20T10:59:14","modified_gmt":"2025-03-20T03:59:14","slug":"dau-phu-shiki-tofu-an-lien-300g","status":"publish","type":"product","link":"https:\/\/havamall.vn\/en\/shop\/dau-phu-shiki-tofu-an-lien-300g\/","title":{"rendered":"\u0110\u1eadu ph\u1ee5 Shiki Tofu \u0103n li\u1ec1n 300G"},"content":{"rendered":"<h2 class=\"product-detail__specs-title\"><strong>TH\u00d4NG TIN CHUNG<\/strong><\/h2>\n<div id=\"js-product-detail__specs\" class=\"product-detail__specs\">\n<div class=\"row\">\n<div class=\"col-sm-12\">\n<div class=\"product-specs__table\">\n<table>\n<tbody>\n<tr>\n<td class=\"specs-table__property\">Th\u01b0\u01a1ng hi\u1ec7u<\/td>\n<td class=\"specs-table__value\">Shiki<\/td>\n<\/tr>\n<tr>\n<td class=\"specs-table__property\">Xu\u1ea5t x\u1ee9<\/td>\n<td class=\"specs-table__value\">Nh\u1eadt B\u1ea3n<\/td>\n<\/tr>\n<tr>\n<td class=\"specs-table__property\">H\u1ea1n s\u1eed d\u1ee5ng<\/td>\n<td class=\"specs-table__value\">1 n\u0103m k\u1ec3 t\u1eeb ng\u00e0y s\u1ea3n xu\u1ea5t<\/td>\n<\/tr>\n<tr>\n<td class=\"specs-table__property\">H\u01b0\u1edbng d\u1eabn s\u1eed d\u1ee5ng<\/td>\n<td class=\"specs-table__value\">D\u00f9ng \u0103n tr\u1ef1c ti\u1ebfp ho\u1eb7c ch\u1ebf bi\u1ebfn c\u00e1c m\u00f3n \u0103n tu\u1ef3 th\u00edch<\/td>\n<\/tr>\n<tr>\n<td class=\"specs-table__property\">H\u01b0\u1edbng d\u1eabn b\u1ea3o qu\u1ea3n<\/td>\n<td class=\"specs-table__value\">B\u1ea3o qu\u1ea3n ng\u0103n m\u00e1t.<\/td>\n<\/tr>\n<tr>\n<td class=\"specs-table__property\">Th\u00e0nh ph\u1ea7n nguy\u00ean li\u1ec7u<\/td>\n<td class=\"specs-table__value\">\u00a0Xem tr\u00ean bao b\u00ec<\/td>\n<\/tr>\n<tr>\n<td class=\"specs-table__property\">Kh\u1ed1i l\u01b0\u1ee3ng\/Th\u1ec3 t\u00edch<\/td>\n<td class=\"specs-table__value\">300g<\/td>\n<\/tr>\n<\/tbody>\n<\/table>\n<p>Hiyayakko l\u00e0 t\u00ean g\u1ecdi m\u00f3n \u0111\u1eadu ph\u1ee5 l\u1ea1nh r\u1ea5t ph\u1ed5 bi\u1ebfn trong nh\u1eefng b\u1eefa \u0103n b\u00ecnh d\u00e2n c\u1ee7a Nh\u1eadt. Th\u1eadm ch\u00ed trong nh\u1eefng nh\u00e0 h\u00e0ng truy\u1ec1n th\u1ed1ng sang tr\u1ecdng c\u1ee7a Nh\u1eadt.<br \/>\nM\u00f3n \u0111\u1eadu ph\u1ee5 l\u1ea1nh c\u0169ng lu\u00f4n xu\u1ea5t hi\u1ec7n trong th\u1ef1c \u0111\u01a1n v\u00e0 l\u00e0 s\u1ef1 l\u1ef1a ch\u1ecdn th\u01b0\u1eddng xuy\u00ean c\u1ee7a nhi\u1ec1u th\u1ef1c kh\u00e1ch. T\u00ean g\u1ecdi c\u1ee7a m\u00f3n \u0103n \u0111\u00e3 g\u1ee3i l\u00ean s\u1ef1 tinh khi\u1ebft, d\u1ecbu m\u00e1t, r\u1ea5t th\u00edch h\u1ee3p cho nh\u1eefng ng\u00e0y h\u00e8 n\u00f3ng n\u1ef1c.<\/p>\n<p><img fetchpriority=\"high\" decoding=\"async\" class=\"aligncenter\" src=\"https:\/\/havamall.vn\/wp-content\/uploads\/2025\/03\/hiyayakko-cold-tofu-salad-003.jpg\" alt=\"Hiyayakko Recipe - Japanese Cold Tofu Salad\" width=\"748\" height=\"748\" \/><\/p>\n<p>\u0110\u1eadu ph\u1ee5 th\u01b0\u1eddng d\u00f9ng cho m\u00f3n \u0103n n\u00e0y l\u00e0 lo\u1ea1i \u0111\u1eadu \u201cl\u1ee5a\u201d \u201c(silken) (ng\u01b0\u1eddi VN v\u1eabn g\u1ecdi l\u00e0 \u0111\u1eadu t\u01b0\u01a1i) v\u00ec \u0111\u1eb7c t\u00ednh v\u00e0 c\u1ea3m gi\u00e1c c\u1ee7a ch\u00ednh mi\u1ebfng \u0111\u1eadu l\u00e0 m\u1ecbn, m\u01b0\u1ee3t v\u00e0 m\u1ec1m nh\u01b0 l\u1ee5a. Lo\u1ea1i \u0111\u1eadu ph\u1ee5 \u201cv\u1ea3i\u201d (cotton) c\u0169ng c\u00f3 th\u1ec3 \u0111\u01b0\u1ee3c s\u1eed d\u1ee5ng nh\u01b0ng \u00edt ph\u1ed5 bi\u1ebfn h\u01a1n. \u0110\u01a1n gi\u1ea3n ch\u1ec9 l\u00e0 mi\u1ebfng \u0111\u1eadu t\u01b0\u01a1i \u0111\u01b0\u1ee3c l\u00e0m l\u1ea1nh trong t\u1ee7 l\u1ea1nh (th\u01b0\u1eddng lo\u1ea1i \u0111\u1eadu n\u00e0y mua v\u1ec1 \u0111\u00e3 l\u1ea1nh r\u1ed3i), c\u1eaft th\u00e0nh mi\u1ebfng to t\u00f9y \u00fd, v\u00e0 b\u00ean tr\u00ean s\u1ebd r\u1eafc l\u00ean \u201cm\u1ed9t s\u1ed1 th\u1ee9\u201d. M\u1ed9t s\u1ed1 th\u1ee9 \u1edf \u0111\u00e2y c\u00f3 th\u1ec3 l\u00e0 m\u00f9 t\u1ea1t, s\u1ed1t m\u1eadn, g\u1eebng xay, v\u1ecf 1 lo\u1ea1i qu\u1ea3 h\u1ecd qu\u00fdt, l\u00e1 t\u00eda t\u00f4. Nh\u01b0ng c\u01a1 b\u1ea3n v\u00e0 truy\u1ec1n th\u1ed1ng nh\u1ea5t th\u00ec lu\u00f4n c\u00f3 2 th\u1ee9 l\u00e0 h\u00e0nh l\u00e1 v\u00e0 katsuobushi \u2013 1 lo\u1ea1i c\u00e1 b\u00e0o c\u00f3 v\u1ecb ngon r\u1ea5t \u0111\u1eb7c bi\u1ec7t th\u01b0\u1eddng c\u00f3 trong nh\u1eefng m\u00f3n \u0103n Nh\u1eadt. V\u00e0 lu\u00f4n lu\u00f4n ch\u1ea5m k\u00e8m v\u1edbi x\u00ec d\u1ea7u.<\/p>\n<p><img decoding=\"async\" class=\"aligncenter\" src=\"https:\/\/havamall.vn\/wp-content\/uploads\/2025\/03\/Hiyayakko-1.jpg\" alt=\"Hiyayakko \u2013 m\u00f3n \u0103n tr\u01b0\u1eddng th\u1ecd ng\u01b0\u1eddi Nh\u1eadt \u0103n m\u1ed7i ng\u00e0y, Vi\u1ec7t Nam b\u00e1n \u0111\u1ea7y nh\u01b0ng \u00edt ai \u0111\u1ec3 \u00fd - WOM JAPAN\" width=\"745\" height=\"559\" \/><\/p>\n<p><strong>H\u01b0\u1edbng d\u1eabn s\u1eed d\u1ee5ng:<\/strong>\u00a0C\u1eaft h\u00ecnh ch\u00f3p c\u1ee7a h\u1ed9p theo h\u00ecnh minh h\u1ecda c\u1ea1nh h\u1ed9p, \u0111\u1ed7 ra \u0111\u0129a v\u00e0 th\u01b0\u1edfng th\u1ee9c.<\/p>\n<\/div>\n<\/div>\n<\/div>\n<\/div>","protected":false},"excerpt":{"rendered":"<p>TH\u00d4NG TIN CHUNG Th\u01b0\u01a1ng hi\u1ec7u Shiki Xu\u1ea5t x\u1ee9 Nh\u1eadt B\u1ea3n H\u1ea1n s\u1eed d\u1ee5ng 1 n\u0103m k\u1ec3 t\u1eeb ng\u00e0y s\u1ea3n xu\u1ea5t<\/p>","protected":false},"featured_media":35011,"comment_status":"open","ping_status":"closed","template":"","meta":[],"product_brand":[],"product_cat":[675,496,36],"product_tag":[],"class_list":{"0":"post-35010","1":"product","2":"type-product","3":"status-publish","4":"has-post-thumbnail","6":"product_cat-nhap-khau-nhat-ban","7":"product_cat-thuc-pham-thuan-chay","8":"product_cat-thuc-pham-tieu-dung","10":"first","11":"instock","12":"sale","13":"shipping-taxable","14":"purchasable","15":"product-type-simple"},"_links":{"self":[{"href":"https:\/\/havamall.vn\/en\/wp-json\/wp\/v2\/product\/35010"}],"collection":[{"href":"https:\/\/havamall.vn\/en\/wp-json\/wp\/v2\/product"}],"about":[{"href":"https:\/\/havamall.vn\/en\/wp-json\/wp\/v2\/types\/product"}],"replies":[{"embeddable":true,"href":"https:\/\/havamall.vn\/en\/wp-json\/wp\/v2\/comments?post=35010"}],"version-history":[{"count":0,"href":"https:\/\/havamall.vn\/en\/wp-json\/wp\/v2\/product\/35010\/revisions"}],"wp:featuredmedia":[{"embeddable":true,"href":"https:\/\/havamall.vn\/en\/wp-json\/wp\/v2\/media\/35011"}],"wp:attachment":[{"href":"https:\/\/havamall.vn\/en\/wp-json\/wp\/v2\/media?parent=35010"}],"wp:term":[{"taxonomy":"product_brand","embeddable":true,"href":"https:\/\/havamall.vn\/en\/wp-json\/wp\/v2\/product_brand?post=35010"},{"taxonomy":"product_cat","embeddable":true,"href":"https:\/\/havamall.vn\/en\/wp-json\/wp\/v2\/product_cat?post=35010"},{"taxonomy":"product_tag","embeddable":true,"href":"https:\/\/havamall.vn\/en\/wp-json\/wp\/v2\/product_tag?post=35010"}],"curies":[{"name":"wp","href":"https:\/\/api.w.org\/{rel}","templated":true}]}}