{"id":35006,"date":"2024-07-24T12:04:36","date_gmt":"2024-07-24T05:04:36","guid":{"rendered":"https:\/\/havamall.vn\/?post_type=product&#038;p=35006"},"modified":"2025-12-19T10:22:45","modified_gmt":"2025-12-19T03:22:45","slug":"dau-tuong-len-men-yuuki-natto-mini-asaichiban-set-3-hop","status":"publish","type":"product","link":"https:\/\/havamall.vn\/en\/shop\/dau-tuong-len-men-yuuki-natto-mini-asaichiban-set-3-hop\/","title":{"rendered":"\u0110\u1eadu T\u01b0\u01a1ng L\u00ean Men Yuuki Natto Mini Asaichiban (Set 3 H\u1ed9p)"},"content":{"rendered":"<h2 class=\"product-detail__specs-title\"><strong>TH\u00d4NG TIN CHUNG<\/strong><\/h2>\n<div id=\"js-product-detail__specs\" class=\"product-detail__specs\">\n<div class=\"row\">\n<div class=\"col-sm-12\">\n<div class=\"product-specs__table\">\n<table>\n<tbody>\n<tr>\n<td class=\"specs-table__property\">Th\u01b0\u01a1ng hi\u1ec7u<\/td>\n<td class=\"specs-table__value\">Asaichiban<\/td>\n<\/tr>\n<tr>\n<td class=\"specs-table__property\">Xu\u1ea5t x\u1ee9<\/td>\n<td class=\"specs-table__value\">Nh\u1eadt B\u1ea3n<\/td>\n<\/tr>\n<tr>\n<td class=\"specs-table__property\">H\u1ea1n s\u1eed d\u1ee5ng<\/td>\n<td class=\"specs-table__value\">1 n\u0103m k\u1ec3 t\u1eeb ng\u00e0y s\u1ea3n xu\u1ea5t<\/td>\n<\/tr>\n<tr>\n<td class=\"specs-table__property\">H\u01b0\u1edbng d\u1eabn s\u1eed d\u1ee5ng<\/td>\n<td class=\"specs-table__value\">D\u00f9ng \u0103n tr\u1ef1c ti\u1ebfp ho\u1eb7c ch\u1ebf bi\u1ebfn c\u00e1c m\u00f3n \u0103n tu\u1ef3 th\u00edch<\/td>\n<\/tr>\n<tr>\n<td class=\"specs-table__property\">H\u01b0\u1edbng d\u1eabn b\u1ea3o qu\u1ea3n<\/td>\n<td class=\"specs-table__value\">B\u1ea3o qu\u1ea3n \u0111\u00f4ng l\u1ea1nh, gi\u1eef l\u1ea1nh sau khi m\u1edf n\u1eafp v\u00e0 s\u1eed d\u1ee5ng t\u1ed1t nh\u1ea5t trong 2 tu\u1ea7n<\/td>\n<\/tr>\n<tr>\n<td class=\"specs-table__property\">Th\u00e0nh ph\u1ea7n nguy\u00ean li\u1ec7u<\/td>\n<td class=\"specs-table__value\">+ \u0110\u1eadu n\u00e0nh Natto: \u0111\u1eadu n\u00e0nh (M\u1ef9 ho\u1eb7c Canada) kh\u00f4ng bi\u1ebfn \u0111\u1ed5i gen 99%, khu\u1ea9n Natto 1%+ G\u00f3i x\u1ed1t: N\u01b0\u1edbc t\u01b0\u01a1ng (ch\u1ee9a \u0111\u1eadu n\u00e0nh v\u00e0 l\u00faa m\u00ec), \u0111\u01b0\u1eddng, mu\u1ed1i, chi\u1ebft xu\u1ea5t c\u00e1 ng\u1eeb, chi\u1ebft xu\u1ea5t rong bi\u1ec3n, chi\u1ebft xu\u1ea5t s\u00f2 \u0111i\u1ec7p, chi\u1ebft xu\u1ea5t c\u00e1 c\u01a1m, chi\u1ebft xu\u1ea5t c\u00e1 chu\u1ed3n, b\u1ed9t c\u00e1 tr\u00e1p \u0111\u1ecf, chi\u1ebft xu\u1ea5t n\u1ea5m h\u01b0\u01a1ng, ch\u1ea5t \u0111i\u1ec1u v\u1ecb, ch\u1ea5t \u0111i\u1ec1u ch\u1ec9nh \u0111\u1ed9 acid, n\u01b0\u1edbc<\/td>\n<\/tr>\n<tr>\n<td class=\"specs-table__property\">Kh\u1ed1i l\u01b0\u1ee3ng\/Th\u1ec3 t\u00edch<\/td>\n<td class=\"specs-table__value\">40g + 5g n\u01b0\u1edbc s\u1ed1t<\/td>\n<\/tr>\n<\/tbody>\n<\/table>\n<p class=\"description\">M\u00f3n Natto nhi\u1ec1u dinh d\u01b0\u1ee1ng l\u00e0 m\u1ed9t trong nh\u1eefng b\u00ed quy\u1ebft s\u1ed1ng l\u00e2u c\u1ee7a ng\u01b0\u1eddi Nh\u1eadt B\u1ea3n.<\/p>\n<article class=\"fck_detail\">Natto l\u00e0 m\u00f3n \u0103n truy\u1ec1n th\u1ed1ng c\u1ee7a Nh\u1eadt B\u1ea3n \u0111\u01b0\u1ee3c l\u00e0m t\u1eeb h\u1ea1t \u0111\u1eadu t\u01b0\u01a1ng l\u00ean men. M\u00f3n \u0103n n\u00e0y c\u00f3 m\u00e0u n\u00e2u nh\u1ea1t, m\u00f9i kh\u00f3 ng\u1eedi v\u00e0 nhi\u1ec1u ch\u1ea5t d\u00ednh. M\u1eb7c d\u00f9 c\u00f3 m\u00f9i v\u1ecb \u201ckh\u1ee7ng khi\u1ebfp\u201d, Natto v\u1eabn c\u00f3 th\u1ec3 g\u00e2y nghi\u1ec7n n\u1ebfu th\u1ef1c kh\u00e1ch \u0103n th\u1eed m\u1ed9t l\u1ea7n.<\/p>\n<p class=\"Normal\" dir=\"ltr\">Ngu\u1ed3n g\u1ed1c c\u1ee7a m\u00f3n n\u00e0y \u0111\u01b0\u1ee3c ng\u01b0\u1eddi Nh\u1eadt truy\u1ec1n mi\u1ec7ng qua nhi\u1ec1u \u0111\u1eddi v\u1edbi nhi\u1ec1u phi\u00ean b\u1ea3n kh\u00e1c nhau. C\u00f3 truy\u1ec1n thuy\u1ebft k\u1ec3 l\u1ea1i r\u1eb1ng, m\u00f3n \u0103n n\u00e0y v\u00f4 t\u00ecnh \u0111\u01b0\u1ee3c t\u1ea1o ra t\u1eeb m\u1ed9t ng\u01b0\u1eddi l\u00ednh trong doanh tr\u1ea1i c\u1ee7a t\u01b0\u1edbng Yoshiie. Khi b\u1ecb qu\u00e2n \u0111\u1ecbch t\u1eadp k\u00edch, anh ta \u0111\u00e3 gi\u1ea5u \u0111\u1eadu n\u00e0nh lu\u1ed9c cho ng\u1ef1a v\u00e0o nh\u1eefng t\u00fai r\u01a1m v\u00e0 kh\u00f4ng m\u1edf trong su\u1ed1t m\u1ea5y ng\u00e0y li\u1ec1n. Khi ph\u00e1t hi\u1ec7n ra th\u00ec m\u00f3n \u0103n \u0111\u00e3 l\u00ean men v\u00e0 c\u00f3 m\u00f9i k\u1ef3 l\u1ea1. N\u1ebfm th\u1eed th\u1ea5y ngon, ng\u01b0\u1eddi l\u00ednh b\u00e8n tr\u00ecnh m\u00f3n \u0103n l\u00ean t\u01b0\u1edbng Yoshiie. M\u00f9i v\u1ecb c\u1ee7a \u0111\u1eadu n\u00e0nh l\u00ean men l\u1eadp t\u1ee9c h\u1ea5p d\u1eabn \u00f4ng, v\u00ec v\u1eady m\u00f3n \u0103n d\u1ea7n tr\u1edf n\u00ean ph\u1ed5 bi\u1ebfn cho \u0111\u1ebfn ng\u00e0y nay.<\/p>\n<p dir=\"ltr\"><img fetchpriority=\"high\" decoding=\"async\" class=\"aligncenter\" src=\"https:\/\/havamall.com\/wp-content\/uploads\/2025\/12\/natto-bean-size.jpg\" alt=\"How to Eat Natto and A Beginner's Guide - Chef JA Cooks\" width=\"917\" height=\"611\" \/><\/p>\n<p>Theo m\u1ed9t truy\u1ec1n thuy\u1ebft kh\u00e1c, Natto xu\u1ea5t hi\u1ec7n trong th\u1eddi Edo (1603-1868) v\u00e0 c\u00e1ch ch\u1ebf bi\u1ebfn \u0111\u00e3 thay \u0111\u1ed5i nhi\u1ec1u trong th\u1eddi Taisho (1912-1926). Khi \u0111\u00f3, nh\u1eefng nh\u00e0 nghi\u00ean c\u1ee9u t\u00ecm \u0111\u00e3 t\u00ecm \u0111\u01b0\u1ee3c c\u00e1ch s\u1eed d\u1ee5ng vi khu\u1ea9n l\u00e0m m\u00f3n Natto m\u00e0 kh\u00f4ng c\u1ea7n \u0111\u1ebfn r\u01a1m.<\/p>\n<p class=\"Normal\" dir=\"ltr\">M\u00f3n \u0103n n\u00e0y \u0111\u01b0\u1ee3c h\u1ea7u h\u1ebft ng\u01b0\u1eddi d\u00e2n Nh\u1eadt B\u1ea3n\u00a0\u01b0a th\u00edch, \u0111\u1eb7c bi\u1ec7t l\u00e0 v\u00f9ng Kanto v\u00e0 Tohoku. Theo c\u00e1c nh\u00e0 khoa h\u1ecdc, c\u00f3 r\u1ea5t nhi\u1ec1u th\u00e0nh ph\u1ea7n dinh d\u01b0\u1ee1ng trong m\u00f3n \u0111\u1eadu n\u00e0nh l\u00ean men n\u00e0y. \u0110\u00f3 l\u00e0 c\u00e1c acid amin, enzym Nattokinase, vitamin K2, nh\u1eefng lo\u1ea1i ch\u1ea5t gi\u00fap t\u0103ng tu\u1ed5i th\u1ecd con ng\u01b0\u1eddi.<\/p>\n<p class=\"Normal\" dir=\"ltr\">\u0110\u1ec3 l\u00e0m m\u00f3n \u0103n n\u00e0y, sau khi ng\u00e2m h\u1ea1t \u0111\u1eadu n\u00e0nh nh\u1ecf trong v\u00f2ng m\u1ed9t ng\u00e0y, ng\u01b0\u1eddi Nh\u1eadt \u0111em lu\u1ed9c ch\u00edn r\u1ed3i cho l\u00ean men. Theo c\u00e1ch c\u1ed5 truy\u1ec1n, \u0111\u1eadu \u0111\u01b0\u1ee3c \u1ee7 trong c\u00e1c t\u00fai r\u01a1m. Hi\u1ec7n nay, ng\u01b0\u1eddi Nh\u1eadt s\u1eed d\u1ee5ng men kosokin \u0111\u1ec3 \u1ee7 \u0111\u1eadu n\u00e0nh trong kho\u1ea3ng 24 gi\u1edd \u1edf nhi\u1ec7t \u0111\u1ed9 40 \u00b0C.<\/p>\n<p class=\"Normal\" dir=\"ltr\">Sau khi \u0111\u01b0\u1ee3c l\u00ean men, \u0111\u1eadu Natto s\u1eb5n s\u00e0ng c\u00f3 m\u1eb7t tr\u00ean c\u00e1c m\u00e2m c\u01a1m gia \u0111\u00ecnh Nh\u1eadt.\u00a0M\u00f3n \u0103n n\u00e0y th\u01b0\u1eddng \u0111\u01b0\u1ee3c \u0103n k\u00e8m v\u1edbi c\u01a1m, ho\u1eb7c c\u00f3 th\u1ec3 n\u1ea5u th\u00e0nh s\u00fap, l\u00e0m nh\u00e2n sushi cu\u1ed9n v\u00e0 n\u01b0\u1edbc d\u00f9ng c\u1ee7a m\u00ec Soba. \u1ede c\u00e1c c\u1eeda h\u00e0ng ti\u1ec7n l\u1ee3i, b\u1ea1n c\u0169ng c\u00f3 th\u1ec3 t\u00ecm th\u1ea5y Natto s\u1ea5y kh\u00f4 nh\u01b0 m\u1ed9t m\u00f3n \u0103n v\u1eb7t c\u1ee7a ng\u01b0\u1eddi Nh\u1eadt.<\/p>\n<h2>NATTO C\u00d3 NH\u1eeeNG L\u1ee2I \u00cdCH N\u00c0O CHO S\u1ee8C KH\u1eceE?<\/h2>\n<ul>\n<li>Th\u1ee9 nh\u1ea5t, Natto l\u00e0 1 th\u1ef1c ph\u1ea9m r\u1ea5t gi\u00e0u protein, vitamin v\u00e0 kho\u00e1ng ch\u1ea5t. Qu\u00e1 tr\u00ecnh l\u00ean men m\u00e0 n\u00f3 gi\u00fap l\u00e0m gi\u1ea3m c\u00e1c ch\u1ea5t kh\u00e1ng dinh d\u01b0\u1ee1ng, lo\u1ea1i b\u1ecf \u0111\u01b0\u1ee3c c\u00e1c ch\u1ea5t kh\u00f3 ti\u00eau c\u1ee7a \u0111\u1eadu n\u00e0nh, t\u0103ng c\u00e1c h\u1ee3p ch\u1ea5t th\u1ef1c v\u1eadt c\u00f3 l\u1ee3i gi\u00fap c\u01a1 th\u1ec3 h\u1ea5p th\u1ee5 ch\u1ea5t dinh d\u01b0\u1ee1ng t\u1ed1t h\u01a1n.<\/li>\n<li>Th\u1ee9 2, Natto b\u1ed5 sung r\u1ea5t nhi\u1ec1u l\u1ee3i khu\u1ea9n probiotic gi\u00fap c\u01a1 th\u1ec3 h\u1ea5p th\u1ee5 ch\u1ea5t dinh d\u01b0\u1ee1ng d\u1ec5 d\u00e0ng h\u01a1n, l\u00e0m gi\u1ea3m c\u00e1c tri\u1ec7u ch\u1ee9ng ti\u00eau h\u00f3a kh\u00f3 ch\u1ecbu, gi\u1ea3i quy\u1ebft c\u00e1c v\u1ea5n \u0111\u1ec1 v\u1ec1 ti\u00eau h\u00f3a nh\u01b0 t\u00e1o b\u00f3n, ti\u00eau ch\u1ea3y, \u0111\u1ea1i tr\u00e0ng,..<\/li>\n<li>Th\u1ee9 3, Natto c\u00f3 ch\u1ee9a canxi v\u00e0 vitamin K2, gi\u00fap cho x\u01b0\u01a1ng ch\u1eafc kh\u1ecfe h\u01a1n, t\u0103ng chi\u1ec1u cao cho tr\u1ebb v\u00e0 ph\u00f2ng lo\u00e3ng x\u01b0\u01a1ng cho ng\u01b0\u1eddi l\u1edbn tu\u1ed5i.<\/li>\n<li>Th\u1ee9 4, Natto c\u00f3 ch\u1ee9a ch\u1ea5t x\u01a1, men vi sinh l\u1ee3i khu\u1ea9n, vitamin K2 v\u00e0 enzym nattokinase. S\u1ef1 k\u1ebft h\u1ee3p n\u00e0y c\u00f3 th\u1ec3 gi\u00fap gi\u1ea3m m\u1ee9c cholesterol trong m\u00e1u v\u00e0 \u0111i\u1ec1u h\u00f2a huy\u1ebft \u00e1p, \u0111\u1ed3ng th\u1eddi gi\u1ea3m nguy c\u01a1 m\u1eafc b\u1ec7nh tim.<\/li>\n<li>Th\u1ee9 5, Natto r\u1ea5t gi\u00e0u l\u1ee3i khu\u1ea9n probiotics, vitamin C v\u00e0 m\u1ed9t s\u1ed1 kho\u00e1ng ch\u1ea5t, t\u1ea5t c\u1ea3 \u0111\u1ec1u g\u00f3p ph\u1ea7n t\u0103ng s\u1ee9c \u0111\u1ec1 kh\u00e1ng cho c\u01a1 th\u1ec3.<\/li>\n<li>V\u00e0 1 t\u00e1c d\u1ee5ng c\u1ef1c k\u1ef3 n\u1ed5i ti\u1ebfng c\u1ee7a Natto \u0111\u00f3 ch\u00ednh l\u00e0 enzym nattokinase c\u00f3 kh\u1ea3 n\u0103ng l\u00e0m tan c\u1ee5c m\u00e1u \u0111\u00f4ng, l\u00e0m s\u1ea1ch m\u1ea1ch m\u00e1u, t\u0103ng tu\u1ea7n ho\u00e0n m\u00e1u, ph\u00f2ng ng\u1eeba \u0111\u1ed9t qu\u1ef5.<\/li>\n<\/ul>\n<h2><strong>C\u00e1ch \u0103n natto<\/strong><\/h2>\n<p>Ng\u01b0\u1eddi Nh\u1eadt th\u01b0\u1eddng s\u1eed d\u1ee5ng natto \u0111\u1ec3 \u0103n tr\u1ef1c ti\u1ebfp v\u00ec trong m\u1ed7i v\u0129 natto \u0111\u1ec1u c\u00f3 m\u1ed9t g\u00f3i n\u01b0\u1edbc s\u1ed1t dashi (\u0111\u01b0\u1ee3c l\u00e0m t\u1eeb c\u00e1 b\u00e0o v\u00e0 t\u1ea3o b\u1eb9 kombu) v\u00e0 m\u1ed9t g\u00f3i m\u00f9 t\u1ea1t v\u00e0ng karashi.<\/p>\n<p>\u0110\u1ec3 th\u01b0\u1edfng th\u1ee9c m\u00f3n \u0111\u1eadu t\u01b0\u01a1ng natto l\u00ean men ch\u1ec9 c\u1ea7n r\u00e3 \u0111\u00f4ng t\u1ef1 nhi\u00ean natto sau \u0111\u00f3 tr\u1ed9n v\u1edbi n\u01b0\u1edbc s\u1ed1t dashi v\u00e0 m\u00f9 t\u1ea1t v\u00e0ng (n\u1ebfu th\u00edch) sau \u0111\u00f3 khu\u1ea5y \u0111\u1ec1u natto t\u1eeb 3 \u0111\u1ebfn 5 ph\u00fat l\u00e0 c\u00f3 th\u1ec3 \u0103n tr\u1ef1c ti\u1ebfp \u0111\u01b0\u1ee3c. Ngo\u00e0i ra natto c\u00f2n c\u00f3 th\u1ec3 r\u00e3 \u0111\u00f4ng t\u1ef1 nhi\u00ean sau \u0111\u00f3 khu\u1ea5y \u0111\u1ec1u th\u00ec c\u00f3 th\u1ec3 d\u00f9ng \u0111\u1ec3 \u0103n chay \u0111\u01b0\u1ee3c, tuy nhi\u00ean \u0103n natto m\u00e0 kh\u00f4ng c\u00f3 n\u01b0\u1edbc s\u1ed1t dashi v\u00e0 m\u00f9 t\u1ea1t v\u00e0ng qu\u1ea3 th\u1ef1c v\u1ecb h\u01a1i kh\u00f3 \u0103n m\u1ed9t t\u00ed.<\/p>\n<p>*** L\u01b0u \u00fd: \u0111\u1ed1i v\u1edbi ng\u01b0\u1eddi \u0103n chay, s\u1eed d\u1ee5ng natto nh\u01b0 m\u1ed9t th\u1ef1c ph\u1ea9m chay th\u00ec kh\u00f4ng cho n\u01b0\u1edbc d\u00f9ng dashi v\u00e0o.<\/p>\n<p>Ngo\u00e0i ra natto c\u00f2n d\u00f9ng \u0111\u1ec3 ch\u1ebf bi\u1ebfn nhi\u1ec1u m\u00f3n \u0103n kh\u00e1c nhau nh\u1eb1m gi\u00fap ng\u01b0\u1eddi \u0103n c\u00f3 th\u1ec3 th\u01b0\u1edfng th\u1ee9c natto m\u1ed9t c\u00e1ch d\u1ec5 d\u00e0ng h\u01a1n. \u0110\u1ed1i v\u1edbi ng\u01b0\u1eddi Nh\u1eadt h\u1ecd th\u01b0\u1eddng \u0103n s\u00e1ng v\u1edbi natto b\u1eb1ng m\u1ed9t b\u00e1t c\u01a1m tr\u1eafng \u0111\u01b0\u1ee3c n\u1ea5u t\u1eeb\u00a0<strong>g\u1ea1o nh\u1eadt<\/strong>\u00a0v\u00e0 m\u1ed9t qu\u1ea3 tr\u1ee9ng g\u00e0 s\u1ed1ng.<\/p>\n<p>\u0110\u00f4i khi ch\u00fang ta c\u0169ng s\u1ebd b\u1eaft g\u1eb7p ng\u01b0\u1eddi Nh\u1eadt s\u1eed d\u1ee5ng natto tr\u1ed9n v\u1edbi t\u01b0\u01a1ng miso, c\u00e1 b\u00e0o hana katsuo v\u00e0 m\u1ed9t \u00edt h\u00e0nh l\u00e1 \u0111\u1ec3 \u0103n v\u1edbi c\u01a1m tr\u1eafng c\u0169ng r\u1ea5t ngon v\u00e0 b\u1ed5 d\u01b0\u1ee1ng.<\/p>\n<p>Natto c\u00f2n c\u00f3 th\u1ec3 s\u1eed d\u1ee5ng nh\u01b0 topping cho 1 s\u1ed1 m\u00f3n \u0103n kh\u00e1c nh\u01b0 sushi, c\u00e1c m\u00f3n m\u00ec Nh\u1eadt B\u1ea3n, b\u00e1nh m\u00ec n\u01b0\u1edbng\u2026<\/p>\n<p>Natto kh\u00e1 l\u00e0nh t\u00ednh n\u00ean b\u1ea1n c\u00f3 th\u1ec3 s\u1eed d\u1ee5ng cho b\u00e9 ngay t\u1eeb khi b\u00e9 b\u1eaft \u0111\u1ea7u \u0103n d\u1eb7m. Ch\u1ec9 c\u1ea7n r\u00e3 \u0111\u00f4ng t\u1ef1 nhi\u00ean, sau \u0111\u00f3 say ho\u1eb7c d\u00f9ng th\u00eca d\u1ea7m nhuy\u1ec5n r\u1ed3i tr\u1ed9n c\u00f9ng v\u1edbi ch\u00e1o th\u1ebf l\u00e0 b\u00e9 \u0111\u00e3 c\u00f3 th\u00eam m\u1ed9t m\u00f3n \u0103n \u0103n ngon l\u00e0nh v\u00e0 b\u1ed5 d\u01b0\u1ee1ng r\u1ed3i.<\/p>\n<h3><strong>M\u1ed9t s\u1ed1 m\u00f3n \u0103n c\u00f3 \u0111\u01b0\u1ee3c ch\u1ebf bi\u1ebfn t\u1eeb natto:<\/strong><\/h3>\n<ul>\n<li>Natto chi\u00ean tr\u1ee9ng<\/li>\n<li>Natto tr\u1ed9n v\u1edbi tr\u1ee9ng, b\u1ed9t \u0111\u1ec3 chi\u00ean<\/li>\n<li>Sushi natto<\/li>\n<li>Sandwich natto<\/li>\n<\/ul>\n<p>Hi\u1ec3u \u0111\u01b0\u1ee3c c\u00f4ng d\u1ee5ng c\u1ee7a natto, ng\u00e0y nay ng\u01b0\u1eddi Vi\u1ec7t Nam c\u0169ng \u0111\u00e3 d\u1ea7n ch\u1ea5p nh\u1eadn m\u00f3n \u0103n n\u00e0y v\u00e0 c\u00f3 ng\u01b0\u1eddi c\u00f2n r\u1ea5t y\u00eau th\u00edch. Natto c\u0169ng tr\u1edf th\u00e0nh m\u00f3n \u0103n \u0111\u01b0\u1ee3c \u01b0u ti\u00ean h\u00e0ng \u0111\u1ea7u c\u1ee7a nh\u1eefng ng\u01b0\u1eddi \u0103n chay v\u00e0 \u0103n theo ch\u1ebf \u0111\u1ed9 th\u1ef1c d\u01b0\u1ee1ng.<\/p>\n<p>Tr\u00ean th\u1ecb tr\u01b0\u1eddng, ngo\u00e0i natto nh\u1eadp kh\u1ea9u Nh\u1eadt B\u1ea3n, th\u00ec c\u00f3 r\u1ea5t nhi\u1ec1u website chia s\u1ebb b\u00ed quy\u1ebft l\u00e0m natto,\u00a0<strong>natto handmade t\u1ea1i\u00a0Vi\u1ec7t Nam<\/strong>. Tuy nhi\u00ean, nh\u1eefng natto n\u00e0y \u0111\u01b0\u1ee3c l\u00ean men t\u1eeb \u201ch\u1ee7 c\u00e1i\u201d t\u1ee9c l\u00e0 d\u00f9ng natto nh\u1eadp kh\u1ea9u Nh\u1eadt \u0111\u1ec3 l\u00e0m men.<\/p>\n<p>\u0110i\u1ec1u n\u00e0y s\u1ebd khi\u1ebfn cho natto kh\u00f4ng \u0111\u1ea1t ch\u1ea5t l\u01b0\u1ee3ng so v\u1edbi d\u00f9ng ch\u00ednh enzim nattokinase \u0111\u1ec3 l\u00ean men, do \u0111\u00f3 natto t\u1ef1 l\u00e0m h\u1ea1n ch\u1ebf v\u1ec1 ch\u1ea5t l\u01b0\u1ee3ng v\u00e0 c\u00f4ng d\u1ee5ng v\u1ed1n c\u00f3 c\u1ee7a n\u00f3. T\u1ea1i Nh\u1eadt, quy tr\u00ecnh s\u1ea3n xu\u1ea5t natto \u0111\u00fang chu\u1ea9n c\u0169ng r\u1ea5t nghi\u00eam ng\u1eb7t v\u00e0 ch\u1eadt ch\u1ebd<\/p>\n<p><img decoding=\"async\" class=\"aligncenter\" src=\"https:\/\/havamall.com\/wp-content\/uploads\/2025\/12\/eyJidWNrZXQiOiJjb250ZW50Lmhzd3N0YXRpYy5jb20iLCJrZXkiOiJnaWZcL25hdHRvLmpwZyIsImVkaXRzIjp7InJlc2l6ZSI6eyJ3aWR0aCI6ODI4fX19.jpg\" alt=\"Natto Is One of Japan's Funkiest Fermented Foods | HowStuffWorks\" \/><\/p>\n<p>Havamall chuy\u00ean cung c\u1ea5p Natto nh\u1eadp kh\u1ea9u Nh\u1eadt B\u1ea3n li\u00ean h\u1ec7 Hotline: 09046 229 642<\/p>\n<p>Havamall l\u00e0 \u0111\u01a1n v\u1ecb ch\u00ednh ph\u00e2n ph\u1ed1i c\u00e1c lo\u1ea1i natto b\u1ed5 d\u01b0\u1ee1ng t\u1eeb Nh\u1eadt B\u1ea3n \u1edf khu v\u1ef1c Mi\u1ec1n Nam. \u0110\u1ed1i v\u1edbi s\u1ea3n ph\u1ea9m natto th\u00ec Havamall ch\u1ec9 ph\u00e2n ph\u1ed1i \u1edf TPHCM v\u00e0 nh\u1eefng khu v\u1ef1c l\u00e2n c\u1eadn v\u00ec \u0111\u00e2y l\u00e0 s\u1ea3n ph\u1ea9m \u0111\u00f4ng l\u1ea1nh \u0111\u00e3 \u0111\u01b0\u1ee3c l\u00ean men n\u00ean r\u1ea5t d\u1ec5 h\u01b0 ch\u00ednh v\u00ec th\u1ebf ch\u00fang t\u00f4i kh\u00f4ng nh\u1eadn g\u1eedi natto qua \u0111\u00eam ho\u1eb7c \u0111i c\u00e1c t\u1ec9nh \u1edf xa.<\/p>\n<\/article>\n<\/div>\n<\/div>\n<\/div>\n<\/div>","protected":false},"excerpt":{"rendered":"<p>TH\u00d4NG TIN CHUNG Th\u01b0\u01a1ng hi\u1ec7u Asaichiban Xu\u1ea5t x\u1ee9 Nh\u1eadt B\u1ea3n H\u1ea1n s\u1eed d\u1ee5ng 1 n\u0103m k\u1ec3 t\u1eeb ng\u00e0y s\u1ea3n xu\u1ea5t<\/p>","protected":false},"featured_media":35007,"comment_status":"open","ping_status":"closed","template":"","meta":[],"product_brand":[],"product_cat":[675,275,496,36],"product_tag":[],"class_list":{"0":"post-35006","1":"product","2":"type-product","3":"status-publish","4":"has-post-thumbnail","6":"product_cat-nhap-khau-nhat-ban","7":"product_cat-thuc-pham-dong-lanh","8":"product_cat-thuc-pham-thuan-chay","9":"product_cat-thuc-pham-tieu-dung","11":"first","12":"instock","13":"sale","14":"shipping-taxable","15":"purchasable","16":"product-type-simple"},"_links":{"self":[{"href":"https:\/\/havamall.vn\/en\/wp-json\/wp\/v2\/product\/35006"}],"collection":[{"href":"https:\/\/havamall.vn\/en\/wp-json\/wp\/v2\/product"}],"about":[{"href":"https:\/\/havamall.vn\/en\/wp-json\/wp\/v2\/types\/product"}],"replies":[{"embeddable":true,"href":"https:\/\/havamall.vn\/en\/wp-json\/wp\/v2\/comments?post=35006"}],"version-history":[{"count":0,"href":"https:\/\/havamall.vn\/en\/wp-json\/wp\/v2\/product\/35006\/revisions"}],"wp:featuredmedia":[{"embeddable":true,"href":"https:\/\/havamall.vn\/en\/wp-json\/wp\/v2\/media\/35007"}],"wp:attachment":[{"href":"https:\/\/havamall.vn\/en\/wp-json\/wp\/v2\/media?parent=35006"}],"wp:term":[{"taxonomy":"product_brand","embeddable":true,"href":"https:\/\/havamall.vn\/en\/wp-json\/wp\/v2\/product_brand?post=35006"},{"taxonomy":"product_cat","embeddable":true,"href":"https:\/\/havamall.vn\/en\/wp-json\/wp\/v2\/product_cat?post=35006"},{"taxonomy":"product_tag","embeddable":true,"href":"https:\/\/havamall.vn\/en\/wp-json\/wp\/v2\/product_tag?post=35006"}],"curies":[{"name":"wp","href":"https:\/\/api.w.org\/{rel}","templated":true}]}}