{"id":34977,"date":"2024-07-23T14:22:16","date_gmt":"2024-07-23T07:22:16","guid":{"rendered":"https:\/\/havamall.vn\/?post_type=product&#038;p=34977"},"modified":"2025-08-16T15:08:10","modified_gmt":"2025-08-16T08:08:10","slug":"banh-quay-dui-ga-chien-gion-ha-noi-havafoodies-500g","status":"publish","type":"product","link":"https:\/\/havamall.vn\/en\/shop\/banh-quay-dui-ga-chien-gion-ha-noi-havafoodies-500g\/","title":{"rendered":"B\u00e1nh Qu\u1ea9y \u0110\u00f9i G\u00e0 Chi\u00ean Gi\u00f2n H\u00e0 N\u1ed9i Havafoodies 500g"},"content":{"rendered":"<h2><strong>TH\u00d4NG TIN CHUNG<\/strong><\/h2>\n<table>\n<tbody>\n<tr>\n<td>Th\u01b0\u01a1ng hi\u1ec7u<\/td>\n<td>Havafoodies<\/td>\n<\/tr>\n<tr>\n<td>Xu\u1ea5t x\u1ee9<\/td>\n<td>Vi\u1ec7t Nam<\/td>\n<\/tr>\n<tr>\n<td>Th\u00e0nh ph\u1ea7n<\/td>\n<td><b>Xem tr\u00ean bao b\u00ec<\/b><\/td>\n<\/tr>\n<tr>\n<td>H\u1ea1n s\u1eed d\u1ee5ng<\/td>\n<td>Xem tr\u1ef1c ti\u1ebfp tr\u00ean bao b\u00ec<\/td>\n<\/tr>\n<tr>\n<td>B\u1ea3o qu\u1ea3n<\/td>\n<td>\u0110\u1ec3 n\u01a1i kh\u00f4 r\u00e1o, tho\u00e1ng m\u00e1t, tr\u00e1nh \u00e1nh n\u1eafng tr\u1ef1c ti\u1ebfp<\/td>\n<\/tr>\n<tr>\n<td>Kh\u1ed1i l\u01b0\u1ee3ng<\/td>\n<td>500g<\/td>\n<\/tr>\n<\/tbody>\n<\/table>\n<p>B\u00c1NH QU\u1ea8Y CHI\u00caN (hay qu\u1ea9y chi\u00ean s\u01a1) l\u00e0 t\u00ean g\u1ecdi c\u1ee7a 1 c\u00e1ch ch\u1ebf bi\u1ebfn\u00a0<strong>L\u00c0M CH\u00cdN 1 N\u1eecA<\/strong> \u0111\u1ed1i v\u1edbi c\u00e1c s\u1ea3n ph\u1ea9m Qu\u1ea9y. V\u1edbi c\u00e1ch ch\u1ebf bi\u1ebfn n\u00e0y th\u00ec khi d\u00f9ng kh\u00e1ch h\u00e0ng ch\u1ec9 m\u1ea5t\u00a0<strong>05 ph\u00fat<\/strong>\u00a0\u0111\u1ec3 l\u00e0m ch\u00edn t\u1ea1i nh\u00e0 b\u1eb1ng c\u00e1c d\u1ee5ng c\u1ee5 trong b\u1ebfp c\u00f3 s\u1eb5n nh\u01b0 L\u00f2 n\u01b0\u1edbng, B\u1ebfp chi\u00ean kh\u00f4ng d\u1ea7u\u2026c\u1ef1c k\u1ef3\u00a0<strong>ti\u1ec7n l\u1ee3i, s\u1ea1ch s\u1ebd<\/strong>\u00a0m\u00e0\u00a0<strong>ch\u1ea5t l\u01b0\u1ee3ng v\u1eabn \u0111\u01b0\u1ee3c \u0111\u1ea3m b\u1ea3o<\/strong>.<\/p>\n<p>Qu\u1ea9y \u0111\u01b0\u1ee3c l\u00e0m t\u1eeb b\u1ed9t m\u1ef3, tr\u1ee9ng, chi\u00ean d\u1ea7u \u0103n s\u1ea1ch l\u00e0 m\u00f3n \u0103n v\u1eb7t th\u01a1m ngon, \u0111\u01b0\u1ee3c r\u1ea5t nhi\u1ec1u kh\u00e1ch h\u00e0ng y\u00eau th\u00edch v\u00e0 v\u00f4 c\u00f9ng kh\u00f3 qu\u00ean. Qu\u00e2\u0309y c\u00e2\u0301p \u0111a\u0301, ba\u0309o qua\u0309n trong ng\u0103n \u0111\u00f4ng \u0111\u01b0\u01a1\u0323c t\u1edbi 6 th\u00e1ng.<\/p>\n<p><strong>Havamall c\u00f3 2 lo\u1ea1i QU\u1ea8Y CHI\u00caN S\u01a0:<\/strong><\/p>\n<p>\u2013 Qu\u1ea9y \u1ed1ng HN ( v\u1ecb m\u1eb7n ) ph\u00f9 h\u1ee3p \u0103n v\u1edbi b\u00fan ch\u00e1o, mi\u1ebfn , ph\u1edf.<\/p>\n<p>\u2013 Qu\u1ea9y \u0111\u00f9i g\u00e0 ( v\u1ecb ng\u1ecdt ) l\u00e0 m\u00f3n qu\u00e0 v\u1eb7t r\u1ea5t tuy\u1ec7t cho c\u00e1c b\u00e9.<\/p>\n<p><img fetchpriority=\"high\" decoding=\"async\" class=\"wp-image-34973 aligncenter\" src=\"https:\/\/havamall.com\/wp-content\/uploads\/2025\/07\/Untitled-4-300x171.png\" alt=\"\" width=\"630\" height=\"359\" \/><\/p>\n<p><strong>CH\u1ebe BI\u1ebeN &amp; B\u1ea2O QU\u1ea2N<\/strong><\/p>\n<p>SP t\u1ea1i C\u00f4ng Ty tr\u01b0\u1edbc khi giao \u0111i l\u00e0 \u0111\u01b0\u1ee3c c\u1ea5p \u0111\u00f4ng \u1edf nhi\u1ec7t \u0111\u1ed9 -18 \u0111\u1ed9 C, nh\u00e2\u0323n \u0111\u01b0\u01a1\u0323c ha\u0300ng n\u00ea\u0301u ch\u01b0a s\u01b0\u0309 du\u0323ng ngay ho\u1eb7c qu\u00fd kh\u00e1ch s\u1eed d\u1ee5ng m\u00e0 kh\u00f4ng h\u1ebft th\u00ec b\u1ecf SP v\u00e0o ng\u0103n \u0111\u00e1 t\u1ee7 l\u1ea1nh \u0111\u1ec3 b\u1ea3o qu\u1ea3n t\u1ed1t nh\u1ea5t.<\/p>\n<p>S\u1ea3n ph\u1ea9m c\u00f3 th\u1ec3 \u0111\u1ec3 \u0111\u01b0\u1ee3c t\u1eeb 3 \u0111\u1ebfn 6 th\u00e1ng m\u00e0 kh\u00f4ng \u1ea3nh h\u01b0\u1edfng t\u1edbi ch\u1ea5t l\u01b0\u1ee3ng.<\/p>\n<p>\u0110i\u1ec3m ti\u1ec7n c\u1ee7a Qu\u1ea9y chi\u00ean s\u01a1 c\u1ea5p \u0111\u00f4ng l\u00e0 kh\u00f4ng c\u1ea7n d\u00e3 \u0111\u00f4ng, AC c\u00f3 th\u1ec3 ch\u1ebf bi\u1ebfn ngay khi c\u1ea7n m\u00e0 kh\u00f4ng c\u1ea7n r\u00e3 \u0111\u00f4ng v\u1edbi 2 c\u00e1ch:<\/p>\n<p>C1: \u2013 S\u01b0\u0309 du\u0323ng n\u00f4\u0300i chi\u00ean kh\u00f4ng d\u00e2\u0300u\/ l\u00f2 n\u01b0\u1edbng : \u0110\u00ea\u0309 nhi\u00ea\u0323t \u0111\u00f4\u0323 n\u00f4\u0300i \u01a1\u0309 180 \u0111\u00f4\u0323, Ch\u1ec9nh th\u01a1\u0300i gian chi\u00ean 2-4p cho t\u01b0\u0300ng m\u0103\u0323t cu\u0309a chi\u00ea\u0301c qu\u00e2\u0309y Khi th\u1ea5y Qu\u1ea9y v\u00e0ng \u0111\u1ec1u 2 m\u1eb7t l\u00e0 c\u00f3 th\u1ec3 d\u00f9ng lu\u00f4n.<\/p>\n<p>C2: \u2013 Chi\u00ean ng\u1eadp d\u1ea7u : \u0110\u00f4\u0309 1 l\u01b0\u01a1\u0323ng d\u00e2\u0300u v\u01b0\u0300a \u0111u\u0309 va\u0300o cha\u0309o ( c\u0103n cho ng\u1eadp qu\u1ea9y ), khi d\u00e2\u0300u s\u00f4i gi\u00e0 thi\u0300 tha\u0309 qu\u00e2\u0309y va\u0300o chi\u00ean cho khi \u0111\u00ea\u0301n khi m\u0103\u0323t qu\u00e2\u0309y va\u0300ng \u0111\u00ea\u0300u ( ch\u1ec9 kho\u1ea3ng 5p ).<\/p>\n<p><img decoding=\"async\" class=\"wp-image-3838 aligncenter\" src=\"https:\/\/havamall.com\/wp-content\/uploads\/2025\/07\/DiCCA3nh-huCC9BoCC9BCC81ng-SaleKit.png\" alt=\"\" width=\"1051\" height=\"591\" \/><\/p>\n<p><strong>PH\u00c2N BI\u1ec6T QU\u1ea8Y \u1ed0NG &amp; QU\u1ea8Y \u0110\u00d9I G\u00c0 CHI\u00caN S\u01a0<\/strong><\/p>\n<ul>\n<li><strong>Qu\u1ea9y \u1ed1ng H\u00e0 N\u1ed9i: <\/strong>Lo\u1ea1i qu\u1ea9y gi\u00f2n x\u1ed1p b\u00ean ngo\u00e0i \u2013 d\u1ebbo , m\u1ec1m khi c\u1eafn, kh\u00f4ng b\u1ecb r\u1ed7ng nh\u01b0 Qu\u1ea9y ph\u1edf nh\u01b0ng c\u0169ng kh\u00f4ng b\u1ecb \u0111\u1eb7c , b\u1ecb b\u1ee9 nh\u01b0 b\u00e1nh m\u00ec.<\/li>\n<\/ul>\n<p>Qu\u1ea9y \u1ed1ng chi\u00ean s\u01a1 ch\u00ednh l\u00e0 Qu\u1ea9y \u1ed1ng \u0111\u00e3 \u0111\u01b0\u1ee3c l\u00e0m ch\u00edn m\u1ed9t n\u1eeda v\u00e0 c\u1ea5p \u0111\u00f4ng, \u0111\u00f3ng g\u00f3i theo t\u00fai 10c \/ 1 t\u00fai = 500gram gi\u00fap cho vi\u1ec7c s\u1eed d\u1ee5ng v\u00e0 ch\u1ebf bi\u1ebfn t\u1ea1i nh\u00e0 NHANH \u2013 TI\u1ec6N h\u01a1n b\u1eb1ng nhi\u1ec1u c\u00e1ch nh\u01b0 l\u00f2 n\u01b0\u1edbng, n\u1ed3i chi\u00ean kh\u00f4ng d\u1ea7u ho\u1eb7c d\u00f9ng c\u00e1ch chi\u00ean ng\u1eadp d\u1ea7u nh\u01b0 th\u00f4ng th\u01b0\u1eddng.<\/p>\n<ul>\n<li><strong>Qu\u1ea9y <a href=\"https:\/\/havamall.vn\/shop\/banh-quay-dui-ga-chien-gion-ha-noi-havafoodies-500g\/\">\u0111\u00f9i g\u00e0<\/a>: <\/strong>Lo\u1ea1i qu\u1ea9y nh\u00e2n \u0111\u01b0\u1eddng, h\u00ecnh d\u00e1ng nh\u01b0ng chi\u1ebfc \u0111\u00f9i g\u00e0 nh\u1ecf v\u00ec th\u1ebf Qu\u1ea9y c\u0169ng mang t\u00ean n\u00e0y. Qu\u1ea9y \u0111\u00f9i g\u00e0 c\u0169ng l\u00e0 m\u00f3n \u0103n v\u1eb7t truy\u1ec1n th\u1ed1ng c\u1ee7a ng\u01b0\u1eddi H\u00e0 N\u1ed9i.<\/li>\n<\/ul>\n<p>Qu\u1ea9y \u0111\u00f9i g\u00e0 chi\u00ean s\u01a1 ch\u00ednh l\u00e0 Qu\u1ea9y \u0111\u00f9i g\u00e0 \u0111\u00e3 \u0111c l\u00e0m ch\u00edn m\u1ed9t n\u1eeda v\u00e0 c\u1ea5p \u0111\u00f4ng, \u0111\u00f3ng g\u00f3i theo t\u00fai 1 t\u00fai = 500gram ( kho\u1ea3ng 30 c\u00e1i ) gi\u00fap cho vi\u1ec7c s\u1eed d\u1ee5ng v\u00e0 ch\u1ebf bi\u1ebfn t\u1ea1i nh\u00e0 NHANH \u2013 TI\u1ec6N h\u01a1n b\u1eb1ng nhi\u1ec1u c\u00e1ch nh\u01b0 l\u00f2 n\u01b0\u1edbng, n\u1ed3i chi\u00ean kh\u00f4ng d\u1ea7u ho\u1eb7c d\u00f9ng c\u00e1ch chi\u00ean ng\u1eadp d\u1ea7u nh\u01b0 th\u00f4ng th\u01b0\u1eddng.<\/p>\n<ul>\n<li><strong>Nguy\u00ean Li\u1ec7u s\u1eed d\u1ee5ng l\u00e0m Qu\u1ea9y <\/strong>\u0111\u1ec1u l\u00e0 nguy\u00ean li\u1ec7u r\u00f5 ngu\u1ed3n g\u1ed1c xu\u1ea5t s\u1ee9, \u0111c nh\u1eadp qua c\u00e1c c\u00f4ng ty l\u1edbn g\u1ed3m B\u1ed9t M\u1ef3, d\u1ea7u chi\u00ean s\u1ea1ch , tr\u1ee9ng, s\u1eefa\u2026 <strong>c\u00f3 \u0111\u1ea7y \u0111\u1ee7 ki\u1ec3m \u0111\u1ecbnh v\u00e0 gi\u1ea5y ph\u00e9p \u0111\u1ee7 \u0111k VSATTP cho c\u00e1c SP \u0111ang kinh doanh.<\/strong><\/li>\n<\/ul>\n<p><img decoding=\"async\" class=\"aligncenter\" src=\"https:\/\/havamall.com\/wp-content\/uploads\/2025\/07\/hq720_2.jpg\" alt=\"Fully B\u00e1nh Qu\u1ea9y Chi\u00ean - YouTube\" \/><\/p>","protected":false},"excerpt":{"rendered":"<p>TH\u00d4NG TIN CHUNG Th\u01b0\u01a1ng hi\u1ec7u Havafoodies Xu\u1ea5t x\u1ee9 Vi\u1ec7t Nam Th\u00e0nh ph\u1ea7n Xem tr\u00ean bao b\u00ec H\u1ea1n s\u1eed d\u1ee5ng Xem<\/p>","protected":false},"featured_media":34987,"comment_status":"open","ping_status":"closed","template":"","meta":[],"product_brand":[],"product_cat":[679,677,275,496,36],"product_tag":[],"class_list":{"0":"post-34977","1":"product","2":"type-product","3":"status-publish","4":"has-post-thumbnail","6":"product_cat-banh-dong-lanh","7":"product_cat-cac-nuoc-khac","8":"product_cat-thuc-pham-dong-lanh","9":"product_cat-thuc-pham-thuan-chay","10":"product_cat-thuc-pham-tieu-dung","12":"first","13":"instock","14":"sale","15":"shipping-taxable","16":"purchasable","17":"product-type-simple"},"_links":{"self":[{"href":"https:\/\/havamall.vn\/en\/wp-json\/wp\/v2\/product\/34977"}],"collection":[{"href":"https:\/\/havamall.vn\/en\/wp-json\/wp\/v2\/product"}],"about":[{"href":"https:\/\/havamall.vn\/en\/wp-json\/wp\/v2\/types\/product"}],"replies":[{"embeddable":true,"href":"https:\/\/havamall.vn\/en\/wp-json\/wp\/v2\/comments?post=34977"}],"version-history":[{"count":0,"href":"https:\/\/havamall.vn\/en\/wp-json\/wp\/v2\/product\/34977\/revisions"}],"wp:featuredmedia":[{"embeddable":true,"href":"https:\/\/havamall.vn\/en\/wp-json\/wp\/v2\/media\/34987"}],"wp:attachment":[{"href":"https:\/\/havamall.vn\/en\/wp-json\/wp\/v2\/media?parent=34977"}],"wp:term":[{"taxonomy":"product_brand","embeddable":true,"href":"https:\/\/havamall.vn\/en\/wp-json\/wp\/v2\/product_brand?post=34977"},{"taxonomy":"product_cat","embeddable":true,"href":"https:\/\/havamall.vn\/en\/wp-json\/wp\/v2\/product_cat?post=34977"},{"taxonomy":"product_tag","embeddable":true,"href":"https:\/\/havamall.vn\/en\/wp-json\/wp\/v2\/product_tag?post=34977"}],"curies":[{"name":"wp","href":"https:\/\/api.w.org\/{rel}","templated":true}]}}