{"id":34968,"date":"2024-07-23T10:40:09","date_gmt":"2024-07-23T03:40:09","guid":{"rendered":"https:\/\/havamall.vn\/?post_type=product&#038;p=34968"},"modified":"2025-03-20T10:53:44","modified_gmt":"2025-03-20T03:53:44","slug":"bot-chien-kotsunoiranai-tempura-ko-nisshin-450g","status":"publish","type":"product","link":"https:\/\/havamall.vn\/en\/shop\/bot-chien-kotsunoiranai-tempura-ko-nisshin-450g\/","title":{"rendered":"B\u1ed9t Chi\u00ean Kotsunoiranai Tempura Ko Nisshin 450g"},"content":{"rendered":"<h2><strong>TH\u00d4NG TIN CHUNG<\/strong><\/h2>\n<table>\n<tbody>\n<tr>\n<td>Th\u01b0\u01a1ng hi\u1ec7u<\/td>\n<td>Nisshin<\/td>\n<\/tr>\n<tr>\n<td>Xu\u1ea5t x\u1ee9<\/td>\n<td>Nh\u1eadt B\u1ea3n<\/td>\n<\/tr>\n<tr>\n<td>Th\u00e0nh ph\u1ea7n<\/td>\n<td><b>Xem tr\u00ean bao b\u00ec<\/b><\/td>\n<\/tr>\n<tr>\n<td>H\u1ea1n s\u1eed d\u1ee5ng<\/td>\n<td>Xem tr\u1ef1c ti\u1ebfp tr\u00ean bao b\u00ec<\/td>\n<\/tr>\n<tr>\n<td>B\u1ea3o qu\u1ea3n<\/td>\n<td>\u0110\u1ec3 n\u01a1i kh\u00f4 r\u00e1o, tho\u00e1ng m\u00e1t, tr\u00e1nh \u00e1nh n\u1eafng tr\u1ef1c ti\u1ebfp<\/td>\n<\/tr>\n<tr>\n<td>Kh\u1ed1i l\u01b0\u1ee3ng<\/td>\n<td>450g<\/td>\n<\/tr>\n<\/tbody>\n<\/table>\n<p>Tempura l\u00e0 m\u1ed9t m\u00f3n \u0103n c\u1ee7a Nh\u1eadt, trong \u0111\u00f3 ng\u01b0\u1eddi ta d\u00f9ng c\u00e1 t\u01b0\u01a1i, t\u00f4m, s\u00f2, c\u00e1c lo\u1ea1i rau, v,v\u2026 nh\u00fang v\u00e0o h\u1ed7n h\u1ee3p koromo g\u1ed3m b\u1ed9t m\u00ec, tr\u1ee9ng, n\u01b0\u1edbc, r\u1ed3i r\u00e1n gi\u00e0. Khi \u0103n d\u00f9ng n\u01b0\u1edbc ch\u1ea5m \u0111\u1eb7c bi\u1ec7t g\u1ed3m x\u00ec d\u1ea7u. Th\u1ee7y h\u1ea3i s\u1ea3n t\u01b0\u01a1i s\u1ed1ng v\u00e0 rau xanh l\u00e0 nh\u1eefng nguy\u00ean li\u1ec7u cho m\u00f3n Tempura.<\/p>\n<p>S\u1ea3n ph\u1ea9m kh\u00f4ng ch\u1ec9 mang l\u1ea1i v\u1ecb gi\u00f2n r\u1ee5m th\u01a1m ngon m\u00e0 c\u00f2n l\u00e0m cho m\u00f3n \u0103n c\u00f3 m\u00e0u v\u00e0ng \u01b0\u01a1m b\u1eaft m\u1eaft, h\u1ea5p d\u1eabn v\u1ecb gi\u00e1c. B\u1ed9t \u0111\u00e3 \u0111\u01b0\u1ee3c t\u1ea9m s\u1eb5n gia v\u1ecb, gi\u00fap cho vi\u1ec7c n\u1ea5u n\u01b0\u1edbng c\u1ee7a b\u1ea1n nhanh ch\u00f3ng v\u00e0 \u0111\u1ea1t h\u01b0\u01a1ng v\u1ecb chu\u1ea9n \u1ea9m th\u1ef1c Nh\u1eadt.<\/p>\n<p>S\u1ea3n ph\u1ea9m th\u00edch h\u1ee3p d\u00f9ng cho nh\u1eefng b\u00e0 n\u1ed9i tr\u1ee3 b\u1eadn r\u1ed9n, gi\u00fap ti\u1ebft ki\u1ec7m th\u1eddi gian v\u00e0 c\u00f4ng s\u1ee9c n\u1ea5u n\u01b0\u1edbng.<\/p>\n<p><img fetchpriority=\"high\" decoding=\"async\" class=\"wp-image-34969 aligncenter\" src=\"https:\/\/havamall.vn\/wp-content\/uploads\/2025\/03\/w-300x219.png\" alt=\"\" width=\"611\" height=\"446\" \/><\/p>\n<p>\u27a4\u00a0<strong>H\u01af\u1edaNG D\u1eaaN S\u1eec D\u1ee4NG:<\/strong><\/p>\n<p>&#8211; C\u00e1ch pha b\u1ed9t: Tr\u1ed9n \u0111\u1ec1u 100g b\u1ed9t v\u1edbi 160ml n\u01b0\u1edbc l\u1ea1nh (n\u1ebfu chi\u00ean gi\u00f2n h\u01a1n th\u00ec cho kho\u1ea3ng 140ml), kh\u00f4ng c\u1ea7n b\u1ecf th\u00eam tr\u1ee9ng), khu\u1ea5y \u0111\u1ec1u cho b\u1ed9t m\u1ecbn, kh\u00f4ng b\u00f3ng n\u01b0\u1edbc.<\/p>\n<p>&#8211; Nh\u00fang nguy\u00ean li\u1ec7u t\u00f9y th\u00edch nh\u01b0: h\u1ea3i s\u1ea3n, rau c\u1ee7\u2026v\u00e0o b\u1ed9t &amp; chi\u00ean gi\u00f2n v\u1edbi d\u1ea7u n\u00f3ng.<\/p>\n<p>&#8211; \u0110un s\u00f4i d\u1ea7u. M\u1ed7i l\u1ea7n chi\u00ean n\u00ean \u0111\u1ec3 l\u01b0\u1ee3ng d\u1ea7u ng\u1eadp 1\/2 \u0111\u1ed3 chi\u00ean.<\/p>\n<p><img decoding=\"async\" class=\"wp-image-34970 aligncenter\" src=\"https:\/\/havamall.vn\/wp-content\/uploads\/2025\/03\/bmn-300x219.png\" alt=\"\" width=\"608\" height=\"444\" \/><\/p>","protected":false},"excerpt":{"rendered":"<p>TH\u00d4NG TIN CHUNG Th\u01b0\u01a1ng hi\u1ec7u Nisshin Xu\u1ea5t x\u1ee9 Nh\u1eadt B\u1ea3n Th\u00e0nh ph\u1ea7n Xem tr\u00ean bao b\u00ec H\u1ea1n s\u1eed d\u1ee5ng Xem<\/p>","protected":false},"featured_media":34971,"comment_status":"open","ping_status":"closed","template":"","meta":[],"product_brand":[],"product_cat":[675,36,134],"product_tag":[],"class_list":{"0":"post-34968","1":"product","2":"type-product","3":"status-publish","4":"has-post-thumbnail","6":"product_cat-nhap-khau-nhat-ban","7":"product_cat-thuc-pham-tieu-dung","8":"product_cat-thucpham-saykho","10":"first","11":"instock","12":"sale","13":"shipping-taxable","14":"purchasable","15":"product-type-simple"},"_links":{"self":[{"href":"https:\/\/havamall.vn\/en\/wp-json\/wp\/v2\/product\/34968"}],"collection":[{"href":"https:\/\/havamall.vn\/en\/wp-json\/wp\/v2\/product"}],"about":[{"href":"https:\/\/havamall.vn\/en\/wp-json\/wp\/v2\/types\/product"}],"replies":[{"embeddable":true,"href":"https:\/\/havamall.vn\/en\/wp-json\/wp\/v2\/comments?post=34968"}],"version-history":[{"count":0,"href":"https:\/\/havamall.vn\/en\/wp-json\/wp\/v2\/product\/34968\/revisions"}],"wp:featuredmedia":[{"embeddable":true,"href":"https:\/\/havamall.vn\/en\/wp-json\/wp\/v2\/media\/34971"}],"wp:attachment":[{"href":"https:\/\/havamall.vn\/en\/wp-json\/wp\/v2\/media?parent=34968"}],"wp:term":[{"taxonomy":"product_brand","embeddable":true,"href":"https:\/\/havamall.vn\/en\/wp-json\/wp\/v2\/product_brand?post=34968"},{"taxonomy":"product_cat","embeddable":true,"href":"https:\/\/havamall.vn\/en\/wp-json\/wp\/v2\/product_cat?post=34968"},{"taxonomy":"product_tag","embeddable":true,"href":"https:\/\/havamall.vn\/en\/wp-json\/wp\/v2\/product_tag?post=34968"}],"curies":[{"name":"wp","href":"https:\/\/api.w.org\/{rel}","templated":true}]}}