{"id":34945,"date":"2024-07-13T14:15:52","date_gmt":"2024-07-13T07:15:52","guid":{"rendered":"https:\/\/havamall.vn\/?post_type=product&#038;p=34945"},"modified":"2024-07-26T16:50:01","modified_gmt":"2024-07-26T09:50:01","slug":"bo-socola-den-mix-6-loai-hat-khong-duong-an-kieng-new-zealand-235g-forty-thieves-almond-butter-crunchy","status":"publish","type":"product","link":"https:\/\/havamall.vn\/en\/shop\/bo-socola-den-mix-6-loai-hat-khong-duong-an-kieng-new-zealand-235g-forty-thieves-almond-butter-crunchy\/","title":{"rendered":"B\u01a1 Socola \u0110en Mix 6 Lo\u1ea1i H\u1ea1t Kh\u00f4ng \u0110\u01b0\u1eddng \u0102n Ki\u00eang New ZeaLand 235g \u2013 Forty Thieves Almond Butter Crunchy"},"content":{"rendered":"<h2><strong>TH\u00d4NG TIN CHUNG<\/strong><\/h2>\n<table>\n<tbody>\n<tr>\n<td>Th\u01b0\u01a1ng hi\u1ec7u<\/td>\n<td>Forty Thieves<\/td>\n<\/tr>\n<tr>\n<td>Xu\u1ea5t x\u1ee9<\/td>\n<td>New Zealand<\/td>\n<\/tr>\n<tr>\n<td>Th\u00e0nh ph\u1ea7n<\/td>\n<td><b>Xem tr\u00ean bao b\u00ec<\/b><\/td>\n<\/tr>\n<tr>\n<td>H\u1ea1n s\u1eed d\u1ee5ng<\/td>\n<td>Xem tr\u1ef1c ti\u1ebfp tr\u00ean bao b\u00ec<\/td>\n<\/tr>\n<tr>\n<td>B\u1ea3o qu\u1ea3n<\/td>\n<td>\u0110\u1ec3 n\u01a1i kh\u00f4 r\u00e1o, tho\u00e1ng m\u00e1t, tr\u00e1nh \u00e1nh n\u1eafng tr\u1ef1c ti\u1ebfp<\/td>\n<\/tr>\n<tr>\n<td>Kh\u1ed1i l\u01b0\u1ee3ng<\/td>\n<td>235g net<\/td>\n<\/tr>\n<\/tbody>\n<\/table>\n<p>S\u1ea3n ph\u1ea9m b\u01a1 th\u1ef1c v\u1eadt n\u00f3i chung v\u00e0 b\u01a1 h\u1ea1t n\u00f3i ri\u00eang \u0111\u01b0\u1ee3c bi\u1ebft \u0111\u1ebfn l\u00e0 s\u1ea3n ph\u1ea9m t\u1ed1t cho s\u1ee9c kh\u1ecfe v\u1edbi th\u00e0nh ph\u1ea7n gi\u00e0u ch\u1ea5t ch\u1ed1ng oxy h\u00f3a, ch\u1ea5t x\u01a1 ch\u1ea5t b\u00e9o v\u00e0 nhi\u1ec1u h\u00e0m l\u01b0\u1ee3ng c\u00e1c vi ch\u1ea5t dinh d\u01b0\u1ee1ng. V\u1edbi xu h\u01b0\u1edbng ti\u00eau d\u00f9ng xanh, s\u1eed d\u1ee5ng s\u1ea3n ph\u1ea9m thi\u00ean nhi\u00ean, h\u1eefu c\u01a1 th\u00ec c\u00e1c d\u00f2ng s\u1ea3n ph\u1ea9m b\u01a1 th\u1ef1c v\u1eadt ng\u00e0y c\u00e0ng \u0111\u01b0\u1ee3c nhi\u1ec1u kh\u00e1ch h\u00e0ng quan t\u00e2m, ch\u00fa tr\u1ecdng.<\/p>\n<p><img fetchpriority=\"high\" decoding=\"async\" class=\"aligncenter\" src=\"https:\/\/havamall.vn\/wp-content\/uploads\/2024\/07\/eyJpZCI6ImQyMTVjMTgzNmRhOGZkNDE2NTdhMzc3MDU0NmQwZWMwLmpwZyIsInN0b3JhZ2UiOiJwdWJsaWNfc3RvcmUifQsignature876f2a7f2daa5f57788d935c0ae66aa4acf98e80a1ae497aa17a89ad53a50f98.webp\" alt=\"FreshChoice Picton - Groceries\" width=\"754\" height=\"377\" \/><\/p>\n<p>S\u1ea3n ph\u1ea9m B\u01a1 h\u1ea1t nguy\u00ean ch\u1ea5t mang trong m\u00ecnh th\u01b0\u01a1ng hi\u1ec7u \u201cForty Thieves\u201d \u0111\u01b0\u1ee3c nh\u1eadp kh\u1ea9u tr\u1ef1c ti\u1ebfp t\u1eeb New Zealand. Th\u00e0nh ph\u1ea7n ch\u00ednh c\u1ee7a s\u1ea3n ph\u1ea9m l\u00e0 c\u00e1c lo\u1ea1i h\u1ea1t \u0111\u1eadu ph\u1ed9ng, socola \u0111en, cacao, h\u1ea1nh nh\u00e2n, h\u1ea1t b\u00ed, h\u1ea1t lanh, h\u1ea1t chia \u0111\u01b0\u1ee3c tr\u1ed3ng t\u1ea1i v\u00f9ng nguy\u00ean li\u1ec7u h\u1eefu c\u01a1 \u1edf New Zealand, kh\u00f4ng th\u00eam \u0111\u01b0\u1eddng v\u00e0 kh\u00f4ng c\u00f3 ch\u1ea5t b\u1ea3o qu\u1ea3n.<\/p>\n<p>V\u1edbi s\u1ef1 k\u1ebft h\u1ee3p h\u00e0i h\u00f2a gi\u1eefa c\u00e1c lo\u1ea1i h\u1ea1t, mu\u1ed1i Himalaya, qua qu\u00e1 tr\u00ecnh s\u1ea3n xu\u1ea5t t\u1ec9 m\u1ec9 v\u00e0 \u0111\u1ea3m b\u1ea3o an to\u00e0n th\u1ef1c ph\u1ea9m, s\u1ea3n ph\u1ea9m B\u01a1 h\u1ea1t nguy\u00ean ch\u1ea5t \u0111\u01b0\u1ee3c t\u1ea1o ra mang h\u01b0\u01a1ng v\u1ecb \u0111\u1eb7c tr\u01b0ng c\u1ee7a h\u1ea1t \u0111\u1eadu rang. S\u1ea3n ph\u1ea9m \u0111\u01b0\u1ee3c s\u1eed d\u1ee5ng cho nhi\u1ec1u m\u00f3n \u0103n nh\u01b0 b\u00e1nh m\u00ec, tr\u00e1i c\u00e2y, \u0103n k\u00e8m v\u1edbi s\u1eefa chua, h\u1ea1t ng\u0169 c\u1ed1c gi\u00f2n, l\u00e0m sandwich, m\u00f3n ch\u1ea5m\u2026B\u01a1 h\u1ea1nh nh\u00e2n nguy\u00ean ch\u1ea5t t\u1ed1t cho tim m\u1ea1ch, gi\u1ea3m nguy c\u01a1 m\u1eafc b\u1ec7nh ti\u1ec3u \u0111\u01b0\u1eddng, gi\u00fap duy tr\u00ec huy\u1ebft \u00e1p kh\u1ecfe m\u1ea1nh, cung c\u1ea5p ngu\u1ed3n n\u0103ng l\u01b0\u1ee3ng d\u1ed3i d\u00e0o v\u00e0 l\u00e0 m\u1ed9t trong nh\u1eefng th\u1ef1c ph\u1ea9m y\u00eau th\u00edch cho ng\u01b0\u1eddi mu\u1ed1n gi\u1ea3m c\u00e2n.<\/p>\n<p>B\u01a1 h\u1ea1t nguy\u00ean ch\u1ea5t \u0111\u01b0\u1ee3c ch\u1ebf bi\u1ebfn t\u1eeb 100% h\u1ea1t M\u1ef9 kh\u00f4ng ho\u00e1 ch\u1ea5t v\u1edbi v\u1ecb ng\u1ecdt ng\u1ecdt nh\u1eb9 t\u1ef1 nhi\u00ean, ch\u1ea5t b\u01a1 l\u1ecfng, s\u00e1nh v\u00e0 b\u00e9o. H\u1ea1nh nh\u00e2n c\u00f3 r\u1ea5t nhi\u1ec1u vitamin E, kho\u00e1ng ch\u1ea5t (Calcium, Magnesium) v\u00e0 m\u1ed9t l\u01b0\u1ee3ng ch\u1ea5t b\u00e9o l\u00e0nh m\u1ea1nh. S\u1ef1 c\u00e2n b\u1eb1ng gi\u1eefa ch\u1ea5t b\u00e9o kh\u00f4ng b\u00e3o h\u00f2a \u0111\u01a1n v\u00e0 kh\u00f4ng b\u00e3o h\u00f2a \u0111a c\u00f3 trong h\u1ea1nh nh\u00e2n gi\u00fap gi\u1ea3m c\u00e1c tr\u01b0\u1eddng h\u1ee3p b\u1ec7nh tim m\u1ea1ch, gi\u1ea3m huy\u1ebft \u00e1p v\u00e0 cholesterol.<\/p>\n<p><img decoding=\"async\" class=\"aligncenter\" src=\"https:\/\/havamall.vn\/wp-content\/uploads\/2024\/07\/chocolate-superfood-butter-jumbo-500g.jpg\" alt=\"Buy Buy Forty Thieves Chocolate Superfood Peanut Butter | New Zealand\" width=\"600\" height=\"600\" \/><\/p>\n<div id=\"content_chus_note\" class=\"ty-wysiwyg-content content-chus_note\" data-ca-accordion-is-active-scroll-to-elm=\"1\">\n<p>B\u01a1 mix 6 lo\u1ea1i h\u1ea1t ch\u1ee9a nhi\u1ec1u axit oleic, m\u1ed9t ch\u1ea5t b\u00e9o c\u00f3 t\u00e1c d\u1ee5ng c\u00e2n b\u1eb1ng l\u01b0\u1ee3ng cholesterol, \u0111\u01b0\u1eddng huy\u1ebft v\u00e0 huy\u1ebft \u00e1p. \u0110\u00e2y l\u00e0 ba y\u1ebfu t\u1ed1 li\u00ean quan \u0111\u1ebfn s\u1ee9c kh\u1ecfe tim m\u1ea1ch. Do \u0111\u00f3, b\u1ea1n c\u00f3 th\u1ec3 c\u00e2n nh\u1eafc gi\u1ea3m l\u01b0\u1ee3ng d\u1ea7u m\u1ee1 v\u00e0 thay v\u00e0o \u0111\u00f3 l\u00e0 b\u01a1 h\u1ea1nh nh\u00e2n gi\u00e0u lo\u1ea1i ch\u1ea5t b\u00e9o h\u1eefu \u00edch n\u00e0y v\u00e0o ch\u1ebf \u0111\u1ed9 \u0103n.<\/p>\n<\/div>","protected":false},"excerpt":{"rendered":"<p>TH\u00d4NG TIN CHUNG Th\u01b0\u01a1ng hi\u1ec7u Forty Thieves Xu\u1ea5t x\u1ee9 New Zealand Th\u00e0nh ph\u1ea7n Xem tr\u00ean bao b\u00ec H\u1ea1n s\u1eed d\u1ee5ng<\/p>","protected":false},"featured_media":34946,"comment_status":"open","ping_status":"closed","template":"","meta":[],"product_brand":[],"product_cat":[36,143],"product_tag":[],"class_list":{"0":"post-34945","1":"product","2":"type-product","3":"status-publish","4":"has-post-thumbnail","6":"product_cat-thuc-pham-tieu-dung","7":"product_cat-thuc-pham-dong-hop","9":"first","10":"instock","11":"sale","12":"shipping-taxable","13":"purchasable","14":"product-type-simple"},"_links":{"self":[{"href":"https:\/\/havamall.vn\/en\/wp-json\/wp\/v2\/product\/34945"}],"collection":[{"href":"https:\/\/havamall.vn\/en\/wp-json\/wp\/v2\/product"}],"about":[{"href":"https:\/\/havamall.vn\/en\/wp-json\/wp\/v2\/types\/product"}],"replies":[{"embeddable":true,"href":"https:\/\/havamall.vn\/en\/wp-json\/wp\/v2\/comments?post=34945"}],"version-history":[{"count":0,"href":"https:\/\/havamall.vn\/en\/wp-json\/wp\/v2\/product\/34945\/revisions"}],"wp:featuredmedia":[{"embeddable":true,"href":"https:\/\/havamall.vn\/en\/wp-json\/wp\/v2\/media\/34946"}],"wp:attachment":[{"href":"https:\/\/havamall.vn\/en\/wp-json\/wp\/v2\/media?parent=34945"}],"wp:term":[{"taxonomy":"product_brand","embeddable":true,"href":"https:\/\/havamall.vn\/en\/wp-json\/wp\/v2\/product_brand?post=34945"},{"taxonomy":"product_cat","embeddable":true,"href":"https:\/\/havamall.vn\/en\/wp-json\/wp\/v2\/product_cat?post=34945"},{"taxonomy":"product_tag","embeddable":true,"href":"https:\/\/havamall.vn\/en\/wp-json\/wp\/v2\/product_tag?post=34945"}],"curies":[{"name":"wp","href":"https:\/\/api.w.org\/{rel}","templated":true}]}}