{"id":34938,"date":"2024-07-12T18:04:49","date_gmt":"2024-07-12T11:04:49","guid":{"rendered":"https:\/\/havamall.vn\/?post_type=product&#038;p=34938"},"modified":"2024-07-13T10:47:21","modified_gmt":"2024-07-13T03:47:21","slug":"coi-so-diep-baby-nhap-khau-tu-nhat-ban-250g-80-100-coi-kg","status":"publish","type":"product","link":"https:\/\/havamall.vn\/en\/shop\/coi-so-diep-baby-nhap-khau-tu-nhat-ban-250g-80-100-coi-kg\/","title":{"rendered":"C\u1ed3i S\u00f2 \u0110i\u1ec7p Baby Nh\u1eadp Kh\u1ea9u T\u1eeb Nh\u1eadt B\u1ea3n 250g (80-100 c\u00f2i\/kg) &#8211; Wild Caught Sea Scallops"},"content":{"rendered":"<h2><strong>TH\u00d4NG TIN CHUNG<\/strong><\/h2>\n<table>\n<tbody>\n<tr>\n<td>Th\u01b0\u01a1ng hi\u1ec7u<\/td>\n<td>Havafoodies<\/td>\n<\/tr>\n<tr>\n<td>Xu\u1ea5t x\u1ee9<\/td>\n<td>Nh\u1eadt B\u1ea3n<\/td>\n<\/tr>\n<tr>\n<td>Th\u00e0nh ph\u1ea7n<\/td>\n<td><b>C\u1ed3i s\u00f2 \u0111i\u1ec7p 100%<\/b><\/td>\n<\/tr>\n<tr>\n<td>H\u1ea1n s\u1eed d\u1ee5ng<\/td>\n<td>Xem tr\u1ef1c ti\u1ebfp tr\u00ean bao b\u00ec<\/td>\n<\/tr>\n<tr>\n<td>B\u1ea3o qu\u1ea3n<\/td>\n<td>\u0110\u1ec3 n\u01a1i kh\u00f4 r\u00e1o, tho\u00e1ng m\u00e1t, tr\u00e1nh \u00e1nh n\u1eafng tr\u1ef1c ti\u1ebfp<\/td>\n<\/tr>\n<tr>\n<td>Kh\u1ed1i l\u01b0\u1ee3ng<\/td>\n<td>250g<\/td>\n<\/tr>\n<\/tbody>\n<\/table>\n<p>Nh\u1eadt B\u1ea3n l\u00e0 m\u1ed9t trong nh\u1eefng n\u00f4i s\u1ea3n sinh ra lo\u00e0i s\u00f2 \u0111i\u1ec7p c\u00f3 c\u1ed3i to v\u00e0 ngon nh\u1ea5t th\u1ebf gi\u1edbi. C\u1ed3i s\u00f2 \u0111i\u1ec7p Nh\u1eadt to g\u1ea5p nhi\u1ec1u l\u1ea7n c\u1ed3i s\u00f2 \u0111i\u1ec7p Vi\u1ec7t Nam, c\u1ed3i c\u00f3 m\u00e0u tr\u1eafng nh\u01b0 s\u1eefa, \u0103n c\u00f3 v\u1ecb ng\u1ecdt, th\u01a1m m\u00f9i kem b\u01a1.<\/p>\n<p>S\u00f2 \u0111i\u1ec7p Nh\u1eadt s\u1ed1ng nhi\u1ec1u nh\u1ea5t \u1edf v\u00f9ng Hokkaido, l\u01b0\u1ee3ng c\u1ed3i s\u00f2 \u0111i\u1ec7p khai th\u00e1c h\u00e0ng n\u0103m \u1edf n\u01a1i \u0111\u00e2y \u0111\u01b0\u1ee3c xu\u1ea5t kh\u1ea9u \u0111i kh\u1eafp th\u1ebf gi\u1edbi, ph\u00e2n ph\u1ed1i v\u00e0 b\u1ecf s\u1ec9 cho nh\u1eefng n\u01a1i chuy\u00ean cung c\u1ea5p h\u00e0ng nh\u1eadp kh\u1ea9u.<\/p>\n<p>Sau khi thu ho\u1ea1ch, s\u00f2 \u0111i\u1ec7p Nh\u1eadt ngay l\u1eadp t\u1ee9c \u0111\u01b0\u1ee3c l\u00e0m v\u1ec7 sinh s\u1ea1ch c\u00e1t ho\u00e0n to\u00e0n b\u1eb1ng n\u01b0\u1edbc bi\u1ec3n t\u1ef1 nhi\u00ean. Ti\u1ebfp \u0111\u00f3 s\u1ebd \u0111\u01b0\u1ee3c ph\u00e2n lo\u1ea1i sau \u0111\u00f3 ti\u1ebfn h\u00e0nh c\u1ea5p \u0111\u00f4ng theo c\u00f4ng ngh\u1ec7 proton ti\u00ean ti\u1ebfn nh\u1ea5t Nh\u1eadt B\u1ea3n.\u00a0\u0110i\u1ec1u n\u00e0y gi\u00fap s\u00f2 \u0111i\u1ec7p v\u00e0 c\u1ed3i s\u00f2 \u0111i\u1ec7p khi \u0111\u1ebfn tay ng\u01b0\u1eddi ti\u00eau d\u00f9ng v\u1eabn \u0111\u1ea3m b\u1ea3o \u0111\u1ed9 t\u01b0\u01a1i ngon, \u0111\u1ee7 ti\u00eau chu\u1ea9n \u0111\u1ec3 \u0103n sashimi.<\/p>\n<p><img fetchpriority=\"high\" decoding=\"async\" class=\"aligncenter\" src=\"https:\/\/havamall.vn\/wp-content\/uploads\/2024\/07\/PeroScallops_2_b3494c27-e99a-4e75-aaf0-81077b3aff80.png\" alt=\"Scallops (Medium 40 to 60) 1 lb \u2013 North Sea Fish &amp; Farms\" width=\"599\" height=\"599\" \/><\/p>\n<h2><strong>Gi\u00e1 Tr\u1ecb Dinh D\u01b0\u1ee1ng V\u00e0 L\u1ee3i \u00cdch Mang L\u1ea1i<\/strong><\/h2>\n<p>Kh\u00f4ng ch\u1ec9 l\u00e0 nguy\u00ean li\u1ec7u h\u1ea3o h\u1ea1ng \u0111\u1ec3 ch\u1ebf bi\u1ebfn nh\u1eefng m\u00f3n \u0103n ngon m\u00e0 c\u1ed3i s\u00f2 \u0111i\u1ec7p c\u00f2n \u0111em l\u1ea1i gi\u00e1 tr\u1ecb dinh d\u01b0\u1ee1ng cao v\u00e0 r\u1ea5t t\u1ed1t cho s\u1ee9c kh\u1ecfe ng\u01b0\u1eddi d\u00f9ng. C\u1ee5 th\u1ec3, trong 84 gram c\u1ed3i s\u00f2 \u0111i\u1ec7p h\u1ea5p ch\u1ee9a: Calo: 94, Carbs: 0 gram, Ch\u1ea5t b\u00e9o: 1,2 gram, Protein: 19,5 gram, Axit b\u00e9o omega-3: 33,3 gram.<i><\/i><\/p>\n<p>V\u1edbi nh\u1eefng gi\u00e1 tr\u1ecb dinh d\u01b0\u1ee1ng n\u00eau tr\u00ean c\u1ed3i s\u00f2 \u0111i\u1ec7p mang \u0111\u1ebfn nhi\u1ec1u l\u1ee3i \u00edch cho c\u01a1 th\u1ec3 con ng\u01b0\u1eddi c\u00f3 th\u1ec3 k\u1ec3 \u0111\u1ebfn nh\u01b0:<\/p>\n<ul>\n<li>T\u0103ng c\u01b0\u1eddng s\u1ee9c kh\u1ecfe tim m\u1ea1ch,<\/li>\n<li>Ph\u00f2ng ng\u1eeba b\u1ec7nh tim m\u1ea1ch, \u0111\u1ed9t qu\u1ef5 v\u00e0 c\u00e1c b\u1ec7nh Alzheimer,<\/li>\n<li>T\u0103ng c\u01b0\u1eddng s\u1ee9c d\u1ebbo dai cho c\u01a1 th\u1ec3,<\/li>\n<li>Ch\u1ed1ng b\u00e9o ph\u00ec r\u1ea5t t\u1ed1t nh\u1edd ch\u1ee9a l\u01b0\u1ee3ng calo th\u1ea5p v\u00e0 kh\u00f4ng ch\u1ee9a ch\u1ea5t b\u00e9o b\u00e3o h\u00f2a,<\/li>\n<li>C\u1ea3i thi\u1ec7n s\u1ee9c kh\u1ecfe cho m\u1eaft.<\/li>\n<li>Nhi\u1ec1u m\u00f3n ngon \u0111\u01b0\u1ee3c ch\u1ebf bi\u1ebfn t\u1eeb C\u1ed3i s\u00f2 \u0111i\u1ec7p baby nh\u01b0:\n<ul>\n<li>C\u00e1c m\u00f3n n\u01b0\u1edbng: N\u01b0\u1edbng phomai, n\u01b0\u1edbng m\u1ee1 h\u00e0nh, n\u01b0\u1edbng t\u1ecfi<\/li>\n<li>C\u00e1c m\u00f3n x\u00e0o: x\u00e0o b\u01a1 t\u1ecfi, x\u00e0o s\u1ea3 \u1edbt, x\u00e0o m\u0103ng t\u00e2y, x\u00e0o n\u1ea5m kim ch\u00e2m,\u2026<\/li>\n<li>C\u00e1c m\u00f3n s\u00fap: s\u00fap b\u00ed \u0111\u1ecf, s\u00fap c\u1ed3i s\u00f2,\u2026<\/li>\n<li>Ngo\u00e0i ra c\u00f2n c\u00f3 th\u1ec3 ch\u1ebf bi\u1ebfn th\u00e0nh c\u00e1c m\u00f3n kh\u00e1c nh\u01b0: \u00e1p ch\u1ea3o, c\u01a1m chi\u00ean, h\u1ea5p n\u01b0\u1edbc t\u01b0\u01a1ng,\u2026<\/li>\n<\/ul>\n<p>C\u1ed3i s\u00f2 mu\u1ed1n ngon ph\u1ea3i gi\u1eef \u0111\u01b0\u1ee3c v\u1ecb m\u0103n c\u1ee7a bi\u1ec3n, v\u00ec th\u1ebf b\u1ea1n kh\u00f4ng ng\u00e2m v\u1edbi n\u01b0\u1edbc qu\u00e1 l\u00e2u v\u00e0 ch\u1ebf bi\u1ebfn nhanh tay<\/li>\n<\/ul>\n<p><img decoding=\"async\" class=\"aligncenter\" src=\"https:\/\/images.themodernproper.com\/billowy-turkey\/production\/posts\/2020\/Grilled-Scallops-8.jpg?w=960&amp;h=720&amp;q=82&amp;fm=jpg&amp;fit=crop&amp;dm=1599768896&amp;s=fd2c014f117de83c45e94d4fd7c57a45\" alt=\"Grilled Scallops\" width=\"643\" height=\"482\" \/><\/p>\n<p>&nbsp;<\/p>","protected":false},"excerpt":{"rendered":"<p>TH\u00d4NG TIN CHUNG Th\u01b0\u01a1ng hi\u1ec7u Havafoodies Xu\u1ea5t x\u1ee9 Nh\u1eadt B\u1ea3n Th\u00e0nh ph\u1ea7n C\u1ed3i s\u00f2 \u0111i\u1ec7p 100% H\u1ea1n s\u1eed d\u1ee5ng Xem<\/p>","protected":false},"featured_media":34939,"comment_status":"open","ping_status":"closed","template":"","meta":[],"product_brand":[],"product_cat":[275,36],"product_tag":[],"class_list":{"0":"post-34938","1":"product","2":"type-product","3":"status-publish","4":"has-post-thumbnail","6":"product_cat-thuc-pham-dong-lanh","7":"product_cat-thuc-pham-tieu-dung","9":"first","10":"instock","11":"sale","12":"shipping-taxable","13":"purchasable","14":"product-type-simple"},"_links":{"self":[{"href":"https:\/\/havamall.vn\/en\/wp-json\/wp\/v2\/product\/34938"}],"collection":[{"href":"https:\/\/havamall.vn\/en\/wp-json\/wp\/v2\/product"}],"about":[{"href":"https:\/\/havamall.vn\/en\/wp-json\/wp\/v2\/types\/product"}],"replies":[{"embeddable":true,"href":"https:\/\/havamall.vn\/en\/wp-json\/wp\/v2\/comments?post=34938"}],"version-history":[{"count":0,"href":"https:\/\/havamall.vn\/en\/wp-json\/wp\/v2\/product\/34938\/revisions"}],"wp:featuredmedia":[{"embeddable":true,"href":"https:\/\/havamall.vn\/en\/wp-json\/wp\/v2\/media\/34939"}],"wp:attachment":[{"href":"https:\/\/havamall.vn\/en\/wp-json\/wp\/v2\/media?parent=34938"}],"wp:term":[{"taxonomy":"product_brand","embeddable":true,"href":"https:\/\/havamall.vn\/en\/wp-json\/wp\/v2\/product_brand?post=34938"},{"taxonomy":"product_cat","embeddable":true,"href":"https:\/\/havamall.vn\/en\/wp-json\/wp\/v2\/product_cat?post=34938"},{"taxonomy":"product_tag","embeddable":true,"href":"https:\/\/havamall.vn\/en\/wp-json\/wp\/v2\/product_tag?post=34938"}],"curies":[{"name":"wp","href":"https:\/\/api.w.org\/{rel}","templated":true}]}}