{"id":34896,"date":"2024-07-06T11:49:38","date_gmt":"2024-07-06T04:49:38","guid":{"rendered":"https:\/\/havamall.vn\/?post_type=product&#038;p=34896"},"modified":"2025-03-18T14:12:56","modified_gmt":"2025-03-18T07:12:56","slug":"dau-oliu-pomace-oil-hieu-bruna-olive-pomace-oil-bruna-1000ml","status":"publish","type":"product","link":"https:\/\/havamall.vn\/en\/shop\/dau-oliu-pomace-oil-hieu-bruna-olive-pomace-oil-bruna-1000ml\/","title":{"rendered":"D\u1ea7u Oliu Pomace Oil Hi\u1ec7u Bruna \u2013 Olive Pomace Oil Bruna 1000ml"},"content":{"rendered":"<h2><strong>TH\u00d4NG TIN CHUNG<\/strong><\/h2>\n<table>\n<tbody>\n<tr>\n<td>Th\u01b0\u01a1ng hi\u1ec7u<\/td>\n<td>Bruna<\/td>\n<\/tr>\n<tr>\n<td>Xu\u1ea5t x\u1ee9<\/td>\n<td>T\u00e2y Ban Nha<\/td>\n<\/tr>\n<tr>\n<td>Th\u00e0nh ph\u1ea7n<\/td>\n<td><b>Xem tr\u00ean bao b\u00ec<\/b><\/td>\n<\/tr>\n<tr>\n<td>H\u1ea1n s\u1eed d\u1ee5ng<\/td>\n<td>Xem tr\u1ef1c ti\u1ebfp tr\u00ean bao b\u00ec<\/td>\n<\/tr>\n<tr>\n<td>B\u1ea3o qu\u1ea3n<\/td>\n<td>\u0110\u1ec3 n\u01a1i kh\u00f4 r\u00e1o, tho\u00e1ng m\u00e1t, tr\u00e1nh \u00e1nh n\u1eafng tr\u1ef1c ti\u1ebfp<\/td>\n<\/tr>\n<tr>\n<td>Kh\u1ed1i l\u01b0\u1ee3ng<\/td>\n<td>1L<\/td>\n<\/tr>\n<\/tbody>\n<\/table>\n<p>D\u1ea7u Olive nguy\u00ean ch\u1ea5t l\u00e0 lo\u1ea1i d\u1ea7u t\u1ed1t nh\u1ea5t, \u0111\u01b0\u1ee3c thu t\u1eeb qu\u1ea3 Olive n\u00ean m\u00e0u s\u1ebd \u0111\u1eadm h\u01a1n, \u00edt b\u1ecb can thi\u1ec7p nh\u1ea5t v\u00e0 \u0111\u01b0\u1ee3c ng\u01b0\u1eddi ti\u00eau d\u00f9ng l\u1ef1a ch\u1ecdn h\u00e0ng \u0111\u1ea7u. Olive Oil c\u1ee7a th\u01b0\u01a1ng hi\u1ec7u Pons l\u00e0 m\u1ed9t trong s\u1ed1 \u0111\u00f3.<br \/>\nS\u1ea3n ph\u1ea9m \u0111\u01b0\u1ee3c chi\u1ebft xu\u1ea5t 100% nguy\u00ean ch\u1ea5t t\u1eeb tr\u00e1i Olive, l\u00e0 n\u01b0\u1edbc \u00e9p ngu\u1ed9i c\u1ee7a qu\u1ea3 Olive n\u00ean lu\u00f4n gi\u1eef m\u00f9i v\u1ecb t\u1ef1 nhi\u00ean ho\u00e0n h\u1ea3o v\u00e0 gi\u1eef \u0111\u01b0\u1ee3c h\u00e0m l\u01b0\u1ee3ng ch\u1ea5t dinh d\u01b0\u1ee1ng cao, ch\u1ea5t b\u00e9o kh\u00f4ng b\u00e3o h\u00f2a r\u1ea5t t\u1ed1t cho c\u01a1 th\u1ec3.<br \/>\nD\u1ea7u oliu nguy\u00ean ch\u1ea5t c\u00f3 th\u1ec3 s\u1eed d\u1ee5ng tr\u1ef1c ti\u1ebfp m\u00e0 kh\u00f4ng c\u1ea7n qua c\u00f4ng \u0111o\u1ea1n ch\u1ebf bi\u1ebfn n\u00e0o. D\u1ea1ng Olive nguy\u00ean ch\u1ea5t b\u1ea1n kh\u00f4ng n\u00ean d\u00f9ng \u1edf nhi\u1ec7t \u0111\u1ed9 cao v\u00ec s\u1ebd bi\u1ebfn t\u00ednh g\u00e2y \u1ea3nh h\u01b0\u1edfng \u0111\u1ebfn ch\u1ea5t l\u01b0\u1ee3ng c\u1ee7a s\u1ea3n ph\u1ea9m.<\/p>\n<p><img decoding=\"async\" class=\"aligncenter\" src=\"https:\/\/havamall.vn\/wp-content\/uploads\/2025\/03\/500x500.png\" alt=\"Bruna Olive Oil - Gulfood 2025\" \/><\/p>\n<p>\u01afu \u0111i\u1ec3m:<br \/>\n\u2013 S\u1ea3n ph\u1ea9m \u0111\u01b0\u1ee3c chi\u1ebft xu\u1ea5t t\u1eeb tr\u00e1i Oliu 100% nguy\u00ean ch\u1ea5t, gi\u1eef m\u00f9i v\u1ecb t\u1ef1 nhi\u00ean ho\u00e0n h\u1ea3o v\u00e0 gi\u1eef \u0111\u01b0\u1ee3c h\u00e0m l\u01b0\u1ee3ng ch\u1ea5t dinh d\u01b0\u1ee1ng cao nh\u01b0 ch\u1ea5t b\u00e9o kh\u00f4ng b\u00e3o h\u00f2a r\u1ea5t t\u1ed1t cho c\u01a1 th\u1ec3.<br \/>\n\u2013 S\u1ea3n ph\u1ea9m \u0111\u01b0\u1ee3c \u0111\u00f3ng chai nh\u1ef1a ti\u1ec7n d\u1ee5ng, s\u1ea1ch s\u1ebd.<br \/>\n\u2013 Sa\u0309n ph\u00e2\u0309m \u0111\u01b0\u1ee3c s\u1ea3n xu\u1ea5t theo c\u00f4ng ngh\u1ec7 hi\u1ec7n \u0111\u1ea1i. M\u1ecdi kh\u00e2u t\u1eeb tuy\u1ec3n ch\u1ecdn nguy\u00ean li\u1ec7u t\u1edbi ch\u1ebf bi\u1ebfn, \u0111\u00f3ng chai \u0111\u1ec1u di\u1ec5n ra kh\u00e9p k\u00edn d\u01b0\u1edbi s\u1ef1 gi\u00e1m s\u00e1t v\u00e0 ki\u1ec3m tra nghi\u00eam ng\u1eb7t c\u1ee7a c\u00e1c chuy\u00ean gia th\u1ef1c ph\u1ea9m h\u00e0ng \u0111\u1ea7u, theo \u0111\u00f3 s\u1ea3n ph\u1ea9m kh\u00f4ng ch\u1ee9a h\u00f3a ch\u1ea5t, ch\u1ea5t b\u1ea3o qu\u1ea3n \u0111\u1ed9c h\u1ea1i, \u0111\u1ea3m b\u1ea3o an to\u00e0n cho s\u1ee9c kh\u1ecfe ng\u01b0\u1eddi ti\u00eau d\u00f9ng.<\/p>\n<p><img decoding=\"async\" class=\"aligncenter\" src=\"https:\/\/havamall.vn\/wp-content\/uploads\/2025\/03\/blog-tasting.jpg\" alt=\"Tips for Purchasing High-Quality Extra Virgin Olive Oil | Liquid Manufacturing Solutions, Inc.\" \/><br \/>\nC\u00f4ng d\u1ee5ng:<br \/>\n\u2013 D\u1ea7u Olive ch\u1ee9 nhi\u1ec1u nh\u00f3m ch\u1ea5t dinh d\u01b0\u1ee1ng r\u1ea5t quan tr\u1ecdng, \u0111\u1eb7c bi\u1ec7t l\u00e0 c\u00e1c ch\u1ea5t b\u00e9o kh\u00f4ng b\u00e3o h\u00f2a nh\u01b0 Omega 3 \u2013 lo\u1ea1i ch\u1ea5t chi\u1ebfm 60% ch\u1ea5t c\u1ea7n thi\u1ebft cho n\u00e3o b\u1ed9, t\u0103ng c\u01b0\u1eddng tr\u00ed nh\u1edb v\u00e0 nh\u1eadn th\u1ee9c, gi\u00fap cho c\u01a1 th\u1ec3 h\u1ea5p thu c\u00e1c vitamin quan tr\u1ecdng t\u1eeb th\u1ee9c \u0103n nh\u01b0: vitamin A, D, E, K\u2026 \u0111\u01b0\u1ee3c t\u1ed1t h\u01a1n.<br \/>\n\u2013 Ngo\u00e0i ra, b\u1ea1n c\u00f3 th\u1ec3 s\u1eed d\u1ee5ng d\u1ea7u Olive Oil nh\u01b0 m\u1ed9t lo\u1ea1i m\u1ef9 ph\u1ea9m t\u1ef1 nhi\u00ean, gi\u00fap l\u00e0m ch\u1eadm qu\u00e1 tr\u00ecnh l\u00e3o h\u00f3a, l\u00e0m \u0111\u1eb9p da hi\u1ec7u qu\u1ea3, t\u1ea9y trang v\u00e0 d\u01b0\u1ee1ng t\u00f3c.<\/p>\n<p>C\u00e1ch s\u1eed d\u1ee5ng:<br \/>\nC\u00f3 th\u1ec3 d\u00f9ng \u0111\u1ec3 n\u1ea5u c\u00e1c m\u00f3n pasta, n\u1ea5u ch\u00e1o\/b\u1ed9t cho b\u00e9 hay tr\u1ed9n c\u00e1c m\u00f3n sa-l\u00e1t ho\u1eb7c c\u00f3 th\u1ec3 d\u00f9ng \u0111\u1ec3 ch\u0103m s\u00f3c s\u1eafc \u0111\u1eb9p cho ch\u1ecb em ph\u1ee5 n\u1eef, nh\u01b0: massage da m\u1eb7t v\u00e0 d\u01b0\u1ee1ng m\u00f3ng, t\u00f3c.<br \/>\nL\u01b0u \u00fd v\u1ec1 c\u00e1ch b\u1ea3o qu\u1ea3n:<br \/>\n\u2013 Kh\u00f4ng n\u00ean \u0111\u1ec3 d\u1ea7u ti\u1ebfp x\u00fac tr\u1ef1c ti\u1ebfp v\u1edbi \u00e1nh n\u1eafng m\u1eb7t tr\u1eddi v\u00e0 nhi\u1ec7t \u0111\u1ed9 cao. V\u00ec c\u00e1c b\u1ee9c x\u1ea1 nhi\u1ec7t s\u1ebd ph\u00e2n h\u1ee7y c\u00e1c ch\u1ea5t ch\u1ed1ng oxy h\u00f3a v\u00e0 ch\u1ea5t c\u00f3 l\u1ee3i cho s\u1ee9c kh\u1ecfe c\u00f3 trong d\u1ea7u.<br \/>\n\u2013 Khi \u0111\u00e3 m\u1edf n\u1eafp l\u1ecd d\u1ea7u \u00f4liu n\u00ean s\u1eed d\u1ee5ng trong v\u00f2ng 3 th\u00e1ng, n\u00ean \u0111\u1ef1ng trong chai th\u1ee7y tinh s\u1eadm m\u00e0u, gi\u1eef l\u1ea1nh v\u00e0 tr\u00e1nh \u00e1nh s\u00e1ng. Gi\u00e1 tr\u1ecb dinh d\u01b0\u1ee1ng hay l\u00e0m \u0111\u1eb9p c\u1ee7a d\u1ea7u kh\u00f4ng c\u00f2n nh\u01b0 tr\u01b0\u1edbc, n\u1ebfu b\u1ea1n b\u1ea3o qu\u1ea3n kh\u00f4ng t\u1ed1t ho\u1eb7c \u0111\u1ec3 qu\u00e1 th\u1eddi gian th\u00ec ch\u1ea5t l\u01b0\u1ee3ng d\u1ea7u gi\u1ea3m \u0111i (d\u00f9 l\u00e0 lo\u1ea1i t\u1ed1t nh\u1ea5t).<\/p>\n<p>Th\u00f4ng tin th\u00eam v\u1ec1 th\u01b0\u01a1ng hi\u1ec7u:<br \/>\nOlive Oil l\u00e0 d\u00f2ng s\u1ea3n ph\u1ea9m \u0111\u1eb7c tr\u01b0ng v\u00e0 c\u00f3 ch\u1ea5t l\u01b0\u1ee3ng cao c\u1ea5p nh\u1ea5t c\u1ee7a th\u01b0\u01a1ng hi\u1ec7u n\u1ed5i ti\u1ebfng (TBN). D\u1ea7u c\u00f3 h\u00e0m l\u01b0\u1ee3ng acid kh\u00f4ng qu\u00e1 0.5o, c\u00f3 lo\u1ea1i ch\u1ec9 0.25o (Extra Virgin Olive Oil for Babies); h\u01b0\u01a1ng v\u1ecb th\u01a1m ngon \u0111\u1eadm \u0111\u00e0 h\u01a1n nh\u1edd qu\u1ea3 \u00f4-liu \u0111\u01b0\u1ee3c \u00e9p t\u01b0\u01a1i ngay sau khi thu ho\u1ea1ch.<br \/>\nXu\u1ea5t x\u1ee9: T\u00e2y Ban Nha<br \/>\nNg\u00e0y s\u1ea3n xu\u1ea5t: In tr\u00ean bao b\u00ec s\u1ea3n ph\u1ea9m<br \/>\nH\u1ea1n s\u1eed d\u1ee5ng: 12 th\u00e1ng k\u1ec3 t\u1eeb ng\u00e0y s\u1ea3n xu\u1ea5t.<\/p>","protected":false},"excerpt":{"rendered":"<p>TH\u00d4NG TIN CHUNG Th\u01b0\u01a1ng hi\u1ec7u Bruna Xu\u1ea5t x\u1ee9 T\u00e2y Ban Nha Th\u00e0nh ph\u1ea7n Xem tr\u00ean bao b\u00ec H\u1ea1n s\u1eed d\u1ee5ng<\/p>","protected":false},"featured_media":34898,"comment_status":"open","ping_status":"closed","template":"","meta":[],"product_brand":[],"product_cat":[595,672,36],"product_tag":[],"class_list":{"0":"post-34896","1":"product","2":"type-product","3":"status-publish","4":"has-post-thumbnail","6":"product_cat-gia-vi-va-che-bien","7":"product_cat-nhap-khau-y","8":"product_cat-thuc-pham-tieu-dung","10":"first","11":"instock","12":"sale","13":"shipping-taxable","14":"purchasable","15":"product-type-simple"},"_links":{"self":[{"href":"https:\/\/havamall.vn\/en\/wp-json\/wp\/v2\/product\/34896"}],"collection":[{"href":"https:\/\/havamall.vn\/en\/wp-json\/wp\/v2\/product"}],"about":[{"href":"https:\/\/havamall.vn\/en\/wp-json\/wp\/v2\/types\/product"}],"replies":[{"embeddable":true,"href":"https:\/\/havamall.vn\/en\/wp-json\/wp\/v2\/comments?post=34896"}],"version-history":[{"count":0,"href":"https:\/\/havamall.vn\/en\/wp-json\/wp\/v2\/product\/34896\/revisions"}],"wp:featuredmedia":[{"embeddable":true,"href":"https:\/\/havamall.vn\/en\/wp-json\/wp\/v2\/media\/34898"}],"wp:attachment":[{"href":"https:\/\/havamall.vn\/en\/wp-json\/wp\/v2\/media?parent=34896"}],"wp:term":[{"taxonomy":"product_brand","embeddable":true,"href":"https:\/\/havamall.vn\/en\/wp-json\/wp\/v2\/product_brand?post=34896"},{"taxonomy":"product_cat","embeddable":true,"href":"https:\/\/havamall.vn\/en\/wp-json\/wp\/v2\/product_cat?post=34896"},{"taxonomy":"product_tag","embeddable":true,"href":"https:\/\/havamall.vn\/en\/wp-json\/wp\/v2\/product_tag?post=34896"}],"curies":[{"name":"wp","href":"https:\/\/api.w.org\/{rel}","templated":true}]}}