{"id":34893,"date":"2024-07-06T11:22:18","date_gmt":"2024-07-06T04:22:18","guid":{"rendered":"https:\/\/havamall.vn\/?post_type=product&#038;p=34893"},"modified":"2025-09-29T14:27:00","modified_gmt":"2025-09-29T07:27:00","slug":"bot-sot-trung-muoi-hexa-80g-salted-egg-sauce","status":"publish","type":"product","link":"https:\/\/havamall.vn\/en\/shop\/bot-sot-trung-muoi-hexa-80g-salted-egg-sauce\/","title":{"rendered":"B\u1ed9t S\u1ed1t Tr\u1ee9ng Mu\u1ed1i Hexa 80G &#8211; Salted Egg Sauce"},"content":{"rendered":"<h2><strong>TH\u00d4NG TIN CHUNG<\/strong><\/h2>\n<table>\n<tbody>\n<tr>\n<td>Th\u01b0\u01a1ng hi\u1ec7u<\/td>\n<td>Hexa<\/td>\n<\/tr>\n<tr>\n<td>Xu\u1ea5t x\u1ee9<\/td>\n<td>Malaysia<\/td>\n<\/tr>\n<tr>\n<td>Th\u00e0nh ph\u1ea7n<\/td>\n<td><b>Xem tr\u00ean bao b\u00ec<\/b><\/td>\n<\/tr>\n<tr>\n<td>H\u1ea1n s\u1eed d\u1ee5ng<\/td>\n<td>Xem tr\u1ef1c ti\u1ebfp tr\u00ean bao b\u00ec<\/td>\n<\/tr>\n<tr>\n<td>B\u1ea3o qu\u1ea3n<\/td>\n<td>\u0110\u1ec3 n\u01a1i kh\u00f4 r\u00e1o, tho\u00e1ng m\u00e1t, tr\u00e1nh \u00e1nh n\u1eafng tr\u1ef1c ti\u1ebfp<\/td>\n<\/tr>\n<tr>\n<td>Kh\u1ed1i l\u01b0\u1ee3ng<\/td>\n<td>80g<\/td>\n<\/tr>\n<\/tbody>\n<\/table>\n<p>X\u1ed1t Tr\u1ee9ng Mu\u1ed1i l\u00e0 m\u1ed9t m\u00f3n \u0103n truy\u1ec1n th\u1ed1ng c\u1ee7a c\u00e1c n\u01b0\u1edbc \u0110\u00f4ng Nam \u00c1 v\u00e0 \u0111\u00e3 tr\u1edf th\u00e0nh m\u1ed9t ph\u1ea7n kh\u00f4ng th\u1ec3 thi\u1ebfu c\u1ee7a v\u0103n h\u00f3a \u1ea9m th\u1ef1c. N\u00f3 \u0111\u01b0\u1ee3c l\u00e0m t\u1eeb tr\u1ee9ng mu\u1ed1i, d\u1ea7u h\u1ea1t \u0111i\u1ec1u, \u0111\u01b0\u1eddng, t\u1ecfi v\u00e0 c\u00e1c lo\u1ea1i gia v\u1ecb kh\u00e1c, t\u1ea1o n\u00ean h\u01b0\u01a1ng v\u1ecb \u0111\u1eb7c tr\u01b0ng v\u00e0 h\u1ea5p d\u1eabn. X\u1ed1t n\u00e0y th\u01b0\u1eddng \u0111\u01b0\u1ee3c s\u1eed d\u1ee5ng \u0111\u1ec3 \u0103n k\u00e8m v\u1edbi c\u00e1c lo\u1ea1i th\u1ee9c \u0103n nh\u01b0 h\u1ea3i s\u1ea3n c\u00e1nh g\u00e0 chi\u00ean gi\u00f2n, khoai t\u00e2y chi\u00ean&#8230;.<\/p>\n<p>Tr\u1ee9ng mu\u1ed1i t\u1eeb l\u00e2u \u0111\u00e3 tr\u1edf th\u00e0nh m\u1ed9t th\u00e0nh ph\u1ea7n kh\u00f4ng th\u1ec3 thi\u1ebfu trong \u1ea9m th\u1ef1c \u00c1 \u0110\u00f4ng. V\u1edbi v\u1ecb m\u1eb7n m\u1eb7n, b\u00f9i b\u00f9i th\u01a1m ngon v\u00e0 h\u01b0\u01a1ng v\u1ecb \u0111\u1ed9c \u0111\u00e1o, s\u1ed1t tr\u1ee9ng mu\u1ed1i \u0111\u00e3 tr\u1edf th\u00e0nh m\u1ed9t y\u1ebfu t\u1ed1 quan tr\u1ecdng \u0111\u1ec3 n\u00e2ng cao h\u01b0\u01a1ng v\u1ecb cho nhi\u1ec1u m\u00f3n \u0103n kh\u00e1c nhau, \u0111\u1eb7c bi\u1ec7t l\u00e0 c\u00e1c m\u00f3n h\u1ea3i s\u1ea3n.<\/p>\n<p>\u0110\u01b0\u1ee3c ch\u1ebf bi\u1ebfn theo c\u00f4ng th\u1ee9c s\u00e1ng t\u1ea1o \u0111\u1ed9c quy\u1ec1n c\u1ee7a Hexa, x\u1ed1t tr\u1ee9ng mu\u1ed1i c\u00f3 k\u1ebft c\u1ea5u m\u1ec1m m\u1ea1i, s\u00e1nh m\u1ecbn, m\u00e0u v\u00e0ng \u00f3ng b\u1eaft m\u1eaft. N\u00f3i v\u1ec1 h\u01b0\u01a1ng v\u1ecb, x\u1ed1t mang v\u1ecb m\u1eb7n m\u00e0 c\u1ee7a tr\u1ee9ng mu\u1ed1i, v\u1ecb b\u00e9o th\u01a1m c\u1ee7a b\u01a1, k\u1ebft h\u1ee3p c\u00f9ng nhi\u1ec1u nguy\u00ean li\u1ec7u cao c\u1ea5p kh\u00e1c. Khi th\u01b0\u1edfng th\u1ee9c c\u00f9ng c\u00e1c m\u00f3n \u0103n, x\u1ed1t nh\u01b0 \u0111\u01b0a th\u1ef1c kh\u00e1ch \u0111\u1ebfn v\u1edbi m\u1ed9t v\u00f9ng \u0111\u1ea5t \u0111\u1ea7y m\u1ef9 v\u1ecb.<\/p>\n<p>Ngo\u00e0i vi\u1ec7c t\u1ea1o n\u00ean h\u01b0\u01a1ng v\u1ecb \u0111\u1eb7c tr\u01b0ng cho c\u00e1c m\u00f3n \u0103n, x\u1ed1t tr\u1ee9ng mu\u1ed1i c\u00f2n c\u00f3 m\u1ed9t s\u1ed1 l\u1ee3i \u00edch cho s\u1ee9c kh\u1ecfe:<\/p>\n<p><strong>Cung c\u1ea5p ch\u1ea5t dinh d\u01b0\u1ee1ng:<\/strong>\u00a0Tr\u1ee9ng mu\u1ed1i ch\u1ee9a nhi\u1ec1u ch\u1ea5t dinh d\u01b0\u1ee1ng nh\u01b0 protein, vitamin D, vitamin A, selen v\u00e0 choline. S\u1ed1t tr\u1ee9ng mu\u1ed1i gi\u00fap t\u0103ng c\u01b0\u1eddng gi\u00e1 tr\u1ecb dinh d\u01b0\u1ee1ng c\u1ee7a m\u00f3n \u0103n v\u00e0 h\u1ed7 tr\u1ee3 s\u1ee9c kh\u1ecfe.<\/p>\n<p><strong>Gi\u1ea3m nguy c\u01a1 b\u1ec7nh tim:\u00a0<\/strong>S\u1ed1t tr\u1ee9ng mu\u1ed1i ch\u1ee9a nhi\u1ec1u ch\u1ea5t b\u00e9o kh\u00f4ng b\u00e3o h\u00f2a v\u00e0 axit b\u00e9o omega-3, gi\u00fap gi\u1ea3m nguy c\u01a1 m\u1eafc b\u1ec7nh tim v\u00e0 \u0111\u1ed9t qu\u1ef5.<\/p>\n<p><strong>T\u0103ng c\u01b0\u1eddng h\u1ec7 mi\u1ec5n d\u1ecbch:<\/strong>\u00a0Tr\u1ee9ng mu\u1ed1i ch\u1ee9a nhi\u1ec1u ch\u1ea5t ch\u1ed1ng oxy h\u00f3a, gi\u00fap t\u0103ng c\u01b0\u1eddng h\u1ec7 mi\u1ec5n d\u1ecbch v\u00e0 ch\u1ed1ng l\u1ea1i c\u00e1c t\u00e1c nh\u00e2n g\u00e2y h\u1ea1i.<\/p>\n<p><strong>H\u1ed7 tr\u1ee3 ti\u00eau h\u00f3a:<\/strong>\u00a0S\u1ed1t tr\u1ee9ng mu\u1ed1i c\u00f3 ch\u1ee9a nhi\u1ec1u enzyme v\u00e0 ch\u1ea5t x\u01a1, gi\u00fap h\u1ed7 tr\u1ee3 qu\u00e1 tr\u00ecnh ti\u00eau h\u00f3a v\u00e0 ng\u0103n ng\u1eeba t\u00e1o b\u00f3n.<\/p>\n<p><strong>C\u1ea3i thi\u1ec7n t\u00ecnh tr\u1ea1ng s\u1ee9c kh\u1ecfe chung:<\/strong>\u00a0Nhi\u1ec1u ch\u1ea5t dinh d\u01b0\u1ee1ng v\u00e0 ch\u1ea5t ch\u1ed1ng oxy h\u00f3a trong s\u1ed1t tr\u1ee9ng mu\u1ed1i c\u00f3 th\u1ec3 gi\u00fap c\u1ea3i thi\u1ec7n s\u1ee9c kh\u1ecfe chung c\u1ee7a c\u01a1 th\u1ec3, bao g\u1ed3m t\u0103ng c\u01b0\u1eddng tr\u00ed nh\u1edb, gi\u1ea3m stress v\u00e0 t\u0103ng c\u01b0\u1eddng s\u1ee9c \u0111\u1ec1 kh\u00e1ng.<\/p>\n<h4>X\u1ed1t tr\u1ee9ng mu\u1ed1i Hexa<\/h4>\n<p>Ghi \u0111i\u1ec3m v\u1edbi h\u01b0\u01a1ng v\u1ecb 100% t\u1eeb c\u00e1c nguy\u00ean li\u1ec7u thi\u00ean nhi\u00ean, x\u1ed1t ch\u1ebf bi\u1ebfn ho\u00e0n ch\u1ec9nh Hexa \u0111\u00e3 ra \u0111\u1eddi \u0111\u1ec3 gi\u00fap b\u1ea1n t\u1ef1 tay chu\u1ea9n b\u1ecb c\u00e1c m\u00f3n h\u1ea3i s\u1ea3n chu\u1ea9n v\u1ecb nh\u00e0 h\u00e0ng. X\u1ed1t Hexa kh\u00f4ng c\u1ea7n n\u00eam th\u00eam gia v\u1ecb m\u00e0 ch\u1ec9 c\u1ea7n cho v\u00e0o n\u1ea5u c\u00f9ng nguy\u00ean li\u1ec7u \u0111\u00e3 s\u01a1 ch\u1ebf. X\u1ed1t \u0111\u01b0\u1ee3c \u0111i\u1ec1u ch\u1ec9nh nguy\u00ean li\u1ec7u \u0111\u1ec3 g\u1ea7n g\u0169i v\u00e0 d\u1ec5 ch\u1ebf bi\u1ebfn c\u00e1c m\u00f3n ngon.<\/p>\n<p>X\u1ed1t ho\u00e0n to\u00e0n kh\u00f4ng c\u00f3 ch\u1ea5t b\u1ea3o qu\u1ea3n, c\u00f3 th\u1ec3 tr\u1eef nhi\u1ec7t \u0111\u1ed9 th\u01b0\u1eddng t\u1ea1i nh\u00e0, khi c\u1ea7n l\u1ea5y ra ch\u1ebf bi\u1ebfn ngay. \u0110\u1ec3 s\u1eed d\u1ee5ng, b\u1ea1n ch\u1ec9 c\u1ea7n cho x\u1ed1t v\u00e0 n\u01b0\u1edbc v\u00e0o n\u1ed3i t\u1ec9 l\u1ec7 2:1, ti\u1ebfp t\u1ee5c cho nguy\u00ean li\u1ec7u ch\u00edn v\u00e0o \u0111un nh\u1ecf l\u1eeda \u0111\u1ebfn kho x\u1ed1t s\u1ec7t. K\u1ec3 t\u1eeb nay, ch\u1ec9 v\u1edbi v\u00e0i thao t\u00e1c \u0111\u01a1n gi\u1ea3n, b\u1ea1n \u0111\u00e3 c\u00f3 th\u1ec3 th\u01b0\u1edfng th\u1ee9c h\u01b0\u01a1ng m\u1eb7n m\u00e0, th\u01a1m b\u00e9o c\u1ee7a x\u1ed1t tr\u1ee9ng mu\u1ed1i khi k\u1ebft h\u1ee3p v\u1edbi c\u00e1c lo\u1ea1i h\u1ea3i c\u00f9ng gia \u0111\u00ecnh.<\/p>\n<p><img fetchpriority=\"high\" decoding=\"async\" class=\"aligncenter\" src=\"https:\/\/havamall.com\/wp-content\/uploads\/2025\/09\/TeqbFwuMRgdhO6Rco0DBAws3iT8c2fZ0uUyR4g28.jpg\" alt=\"Soy Asahi\" width=\"526\" height=\"789\" \/><\/p>\n<h4>C\u00e1c m\u00f3n ngon t\u1eeb x\u1ed1t tr\u1ee9ng mu\u1ed1i<\/h4>\n<p>Vi\u1ec7c s\u1eed d\u1ee5ng x\u1ed1t tr\u1ee9ng mu\u1ed1i trong c\u00e1c m\u00f3n \u0103n t\u00f9y thu\u1ed9c v\u00e0o kh\u1ea9u v\u1ecb v\u00e0 s\u1edf th\u00edch \u1ea9m th\u1ef1c c\u1ee7a t\u1eebng ng\u01b0\u1eddi. Ngo\u00e0i ra, x\u1ed1t tr\u1ee9ng mu\u1ed1i c\u00f2n c\u00f3 th\u1ec3 \u0111\u01b0\u1ee3c s\u1eed d\u1ee5ng \u0111\u1ec3 ch\u1ea5m c\u00e1c lo\u1ea1i rau, g\u1ecfi cu\u1ed1n ho\u1eb7c nh\u00fang c\u00e1c lo\u1ea1i th\u1ecbt. D\u01b0\u1edbi \u0111\u00e2y l\u00e0 m\u1ed9t s\u1ed1 m\u00f3n h\u1ea3i s\u1ea3n t\u1eeb x\u1ed1t tr\u1ee9ng mu\u1ed1i:<\/p>\n<p><strong>T\u00f4m x\u1ed1t tr\u1ee9ng mu\u1ed1i:\u00a0<\/strong>T\u00f4m \u0111\u01b0\u1ee3c chi\u00ean gi\u00f2n v\u00e0 tr\u1ed9n v\u1edbi x\u1ed1t tr\u1ee9ng mu\u1ed1i, t\u1ea1o n\u00ean m\u1ed9t m\u00f3n \u0103n h\u1ea3i s\u1ea3n \u0111\u1eadm \u0111\u00e0 h\u01b0\u01a1ng v\u1ecb.<\/p>\n<p><strong>Cua x\u1ed1t tr\u1ee9ng mu\u1ed1i:\u00a0<\/strong>Cua \u0111\u01b0\u1ee3c n\u1ea5u ch\u00edn v\u00e0 tr\u1ed9n v\u1edbi x\u1ed1t tr\u1ee9ng mu\u1ed1i, t\u1ea1o n\u00ean m\u1ed9t m\u00f3n h\u1ea3i s\u1ea3n \u0111\u1ed9c \u0111\u00e1o v\u00e0 ngon mi\u1ec7ng.<\/p>\n<p><strong>M\u1ef1c x\u1ed1t tr\u1ee9ng mu\u1ed1i:\u00a0<\/strong>M\u1ef1c \u0111\u01b0\u1ee3c t\u1ea9m \u01b0\u1edbp v\u00e0 chi\u00ean gi\u00f2n, sau \u0111\u00f3 tr\u1ed9n v\u1edbi x\u1ed1t tr\u1ee9ng mu\u1ed1i, t\u1ea1o n\u00ean m\u1ed9t m\u00f3n \u0103n h\u1ea3i s\u1ea3n th\u01a1m ngon v\u00e0 \u0111\u1eadm \u0111\u00e0.<\/p>\n<p><strong>S\u00f2 \u0111i\u1ec7p x\u1ed1t tr\u1ee9ng mu\u1ed1i:\u00a0<\/strong>S\u00f2 \u0111i\u1ec7p \u0111\u01b0\u1ee3c chi\u00ean gi\u00f2n v\u00e0 tr\u1ed9n v\u1edbi x\u1ed1t tr\u1ee9ng mu\u1ed1i, t\u1ea1o n\u00ean m\u1ed9t m\u00f3n \u0103n h\u1ea3i s\u1ea3n \u0111\u1eb7c s\u1eafc v\u00e0 h\u1ea5p d\u1eabn.<\/p>\n<p><strong>C\u00e1 h\u1ed3i x\u1ed1t tr\u1ee9ng mu\u1ed1i:\u00a0<\/strong>C\u00e1 h\u1ed3i \u0111\u01b0\u1ee3c chi\u00ean gi\u00f2n v\u00e0 tr\u1ed9n v\u1edbi x\u1ed1t tr\u1ee9ng mu\u1ed1i, t\u1ea1o n\u00ean m\u1ed9t m\u00f3n \u0103n h\u1ea3i s\u1ea3n ngon mi\u1ec7ng v\u00e0 \u0111\u1ea7y \u0111\u1eb7n h\u01b0\u01a1ng v\u1ecb.<\/p>\n<p><strong>C\u01a1m chi\u00ean x\u1ed1t tr\u1ee9ng mu\u1ed1i:\u00a0<\/strong>C\u01a1m \u0111\u01b0\u1ee3c x\u00e0o c\u00f9ng v\u1edbi th\u1ecbt b\u00f2, rau c\u1ee7 v\u00e0 tr\u1ee9ng, sau \u0111\u00f3 cho x\u1ed1t tr\u1ee9ng mu\u1ed1i v\u00e0o v\u00e0 tr\u1ed9n \u0111\u1ec1u, t\u1ea1o n\u00ean m\u1ed9t m\u00f3n \u0103n \u0111\u1eadm \u0111\u00e0 v\u00e0 th\u01a1m ngon.<\/p>\n<p><strong>G\u00e0 r\u00e1n x\u1ed1t tr\u1ee9ng mu\u1ed1i:\u00a0<\/strong>G\u00e0 \u0111\u01b0\u1ee3c chi\u00ean gi\u00f2n v\u00e0 tr\u1ed9n v\u1edbi x\u1ed1t tr\u1ee9ng mu\u1ed1i, t\u1ea1o n\u00ean m\u1ed9t m\u00f3n \u0103n \u0111\u1ed9c \u0111\u00e1o v\u00e0 ngon mi\u1ec7ng.<\/p>\n<p>&nbsp;<\/p>","protected":false},"excerpt":{"rendered":"<p>TH\u00d4NG TIN CHUNG Th\u01b0\u01a1ng hi\u1ec7u Hexa Xu\u1ea5t x\u1ee9 Malaysia Th\u00e0nh ph\u1ea7n Xem tr\u00ean bao b\u00ec H\u1ea1n s\u1eed d\u1ee5ng Xem tr\u1ef1c<\/p>","protected":false},"featured_media":34894,"comment_status":"open","ping_status":"closed","template":"","meta":[],"product_brand":[],"product_cat":[595,36],"product_tag":[],"class_list":{"0":"post-34893","1":"product","2":"type-product","3":"status-publish","4":"has-post-thumbnail","6":"product_cat-gia-vi-va-che-bien","7":"product_cat-thuc-pham-tieu-dung","9":"first","10":"outofstock","11":"sale","12":"shipping-taxable","13":"purchasable","14":"product-type-simple"},"_links":{"self":[{"href":"https:\/\/havamall.vn\/en\/wp-json\/wp\/v2\/product\/34893"}],"collection":[{"href":"https:\/\/havamall.vn\/en\/wp-json\/wp\/v2\/product"}],"about":[{"href":"https:\/\/havamall.vn\/en\/wp-json\/wp\/v2\/types\/product"}],"replies":[{"embeddable":true,"href":"https:\/\/havamall.vn\/en\/wp-json\/wp\/v2\/comments?post=34893"}],"version-history":[{"count":0,"href":"https:\/\/havamall.vn\/en\/wp-json\/wp\/v2\/product\/34893\/revisions"}],"wp:featuredmedia":[{"embeddable":true,"href":"https:\/\/havamall.vn\/en\/wp-json\/wp\/v2\/media\/34894"}],"wp:attachment":[{"href":"https:\/\/havamall.vn\/en\/wp-json\/wp\/v2\/media?parent=34893"}],"wp:term":[{"taxonomy":"product_brand","embeddable":true,"href":"https:\/\/havamall.vn\/en\/wp-json\/wp\/v2\/product_brand?post=34893"},{"taxonomy":"product_cat","embeddable":true,"href":"https:\/\/havamall.vn\/en\/wp-json\/wp\/v2\/product_cat?post=34893"},{"taxonomy":"product_tag","embeddable":true,"href":"https:\/\/havamall.vn\/en\/wp-json\/wp\/v2\/product_tag?post=34893"}],"curies":[{"name":"wp","href":"https:\/\/api.w.org\/{rel}","templated":true}]}}