{"id":34889,"date":"2024-07-06T10:07:50","date_gmt":"2024-07-06T03:07:50","guid":{"rendered":"https:\/\/havamall.vn\/?post_type=product&#038;p=34889"},"modified":"2025-03-20T11:09:25","modified_gmt":"2025-03-20T04:09:25","slug":"tao-nau-ajitsuke-mozuku-sanbaizu-70g","status":"publish","type":"product","link":"https:\/\/havamall.vn\/en\/shop\/tao-nau-ajitsuke-mozuku-sanbaizu-70g\/","title":{"rendered":"T\u1ea3o N\u00e2u Ajitsuke Mozuku Sanbaizu 70g"},"content":{"rendered":"<h2><strong>TH\u00d4NG TIN CHUNG<\/strong><\/h2>\n<table>\n<tbody>\n<tr>\n<td>Th\u01b0\u01a1ng hi\u1ec7u<\/td>\n<td>Havafoodies<\/td>\n<\/tr>\n<tr>\n<td>Xu\u1ea5t x\u1ee9<\/td>\n<td>Nh\u1eadt B\u1ea3n<\/td>\n<\/tr>\n<tr>\n<td>Th\u00e0nh ph\u1ea7n<\/td>\n<td><strong>Th\u00e0nh ph\u1ea7n<\/strong>: T\u1ea3o n\u00e2u (50%) (t\u1eeb Okinawa), \u0111\u01b0\u1eddng, n\u01b0\u1edbc t\u01b0\u01a1ng (16.8%) (c\u00f3 ch\u1ee9a \u0111\u1eadu n\u00e0nh v\u00e0 l\u00faa m\u00ec), gi\u1ea5m l\u00ean men, gia v\u1ecb t\u1eeb l\u00faa m\u00ec l\u00ean men, mu\u1ed1i, chi\u1ebft xu\u1ea5t men \/ gia v\u1ecb (amino axit\u2026), gia v\u1ecb kh\u00e1c.<\/td>\n<\/tr>\n<tr>\n<td>H\u1ea1n s\u1eed d\u1ee5ng<\/td>\n<td>Xem tr\u1ef1c ti\u1ebfp tr\u00ean bao b\u00ec<\/td>\n<\/tr>\n<tr>\n<td>B\u1ea3o qu\u1ea3n<\/td>\n<td>\u0110\u1ec3 n\u01a1i kh\u00f4 r\u00e1o, tho\u00e1ng m\u00e1t, tr\u00e1nh \u00e1nh n\u1eafng tr\u1ef1c ti\u1ebfp<\/td>\n<\/tr>\n<tr>\n<td>Kh\u1ed1i l\u01b0\u1ee3ng<\/td>\n<td>70g<\/td>\n<\/tr>\n<\/tbody>\n<\/table>\n<p><strong>T\u1ea3o N\u00e2u Ajitsuke Mozuku Sanbaizu<\/strong>\u00a0l\u00e0 m\u1ed9t s\u1ea3n ph\u1ea9m th\u00fa v\u1ecb c\u00f3 ngu\u1ed3n g\u1ed1c t\u1ea1i Nh\u1eadt B\u1ea3n, \u0111\u01b0\u1ee3c chi\u1ebft xu\u1ea5t t\u1eeb t\u1ea3o n\u00e2u Mozuku \u1edf qu\u1ea7n \u0111\u1ea3o Okinawa. S\u1ea3n ph\u1ea9m ch\u1ee9a ch\u1ea5t Fucoidan v\u1edbi \u0111\u1ed9 tinh khi\u1ebft cao, mang \u0111\u1ebfn nh\u1eefng l\u1ee3i \u00edch s\u1ee9c kh\u1ecfe \u0111\u1eb7c bi\u1ec7t.<\/p>\n<p>Ch\u1ea5t Fucoidan trong\u00a0<strong>T\u1ea3o N\u00e2u Ajitsuke Mozuku Sanbaizu<\/strong>\u00a0c\u00f3 kh\u1ea3 n\u0103ng t\u0103ng c\u01b0\u1eddng s\u1ee9c \u0111\u1ec1 kh\u00e1ng t\u1ef1 nhi\u00ean v\u00e0 h\u1ed7 tr\u1ee3 gi\u1ea3m qu\u00e1 tr\u00ecnh oxy h\u00f3a trong c\u01a1 th\u1ec3. \u0110i\u1ec1u n\u00e0y \u0111\u00f3ng g\u00f3p v\u00e0o vi\u1ec7c duy tr\u00ec s\u1ee9c kh\u1ecfe to\u00e0n di\u1ec7n.<\/p>\n<p>T\u1ea3o n\u00e2u Mekabu l\u00e0 ph\u1ea7n n\u1ebfp g\u1ea5p c\u1ee7a th\u00e2n c\u00e2y Wakame, c\u00f3 h\u00ecnh d\u00e1ng \u0111\u1eb7c bi\u1ec7t, d\u00e0y h\u01a1n l\u00e1 rong bi\u1ec3n ch\u00fang ta v\u1eabn \u0103n h\u00e0ng ng\u00e0y. Lo\u00e0i t\u1ea3o n\u00e2u n\u00e0y thu\u1ed9c h\u1ecd t\u1ea3o Undaria Pinnatifida. Trong t\u1ea3o Mekabu ch\u1ee9a nhi\u1ec1u vitamin, kho\u00e1ng ch\u1ea5t, \u0111\u1eb7c bi\u1ec7t g\u00e2y ch\u00fa \u00fd nh\u1ea5t ch\u00ednh l\u00e0 h\u1ee3p ch\u1ea5t fucoidan tinh khi\u1ebft, c\u00f3 t\u00e1c d\u1ee5ng ch\u1ed1ng ung th\u01b0 m\u1ea1nh m\u1ebd.<\/p>\n<p><img fetchpriority=\"high\" decoding=\"async\" class=\"aligncenter\" src=\"https:\/\/vcdn1-suckhoe.vnecdn.net\/2022\/10\/31\/-8090-1667231723.png?w=1200&amp;h=0&amp;q=100&amp;dpr=1&amp;fit=crop&amp;s=tRQQNMczycOtyEZt4NbDIQ\" alt=\"C\u00f4ng d\u1ee5ng kh\u00e1ng vi\u00eam c\u1ee7a t\u1ea3o mozuku Nh\u1eadt B\u1ea3n - B\u00e1o VnExpress S\u1ee9c kh\u1ecfe\" width=\"617\" height=\"370\" \/><\/p>\n<p><strong>Mozuku<\/strong>\u00a0l\u00e0 m\u1ed9t lo\u1ea1i t\u1ea3o thu\u1ed9c nh\u00f3m t\u1ea3o n\u00e2u v\u00e0 \u0111\u01b0\u1ee3c t\u00ecm th\u1ea5y nhi\u1ec1u \u1edf Nh\u1eadt B\u1ea3n, \u0111\u1eb7c bi\u1ec7t l\u00e0 qu\u1ea7n \u0111\u1ea3o Okinawa. \u0110i\u1ec3m \u0111\u1eb7c tr\u01b0ng c\u1ee7a\u00a0<em>t\u1ea3o n\u00e2u mozuku<\/em>\u00a0l\u00e0 c\u00f3 d\u1ea1ng s\u1ee3i r\u1ea5t m\u1ecfng v\u00e0 \u0111\u1ed9 m\u1ea3nh ch\u1eafc ch\u1eafn, m\u1ecbn v\u00e0 m\u01b0\u1ee3t.<\/p>\n<p>\u0110\u00e2y l\u00e0 lo\u1ea1i t\u1ea3o r\u1ea5t gi\u00e0u canxi, kho\u00e1ng ch\u1ea5t v\u00e0 vitamin, c\u00f3 ch\u1ee9a c\u1ea3 i-\u1ed1t v\u00e0 fucoidan (m\u1ed9t lo\u1ea1i ch\u1ea5t x\u01a1 h\u00f2a tan trong n\u01b0\u1edbc), gi\u00fap b\u1ed5 sung nhi\u1ec1u d\u01b0\u1ee1ng ch\u1ea5t c\u1ea7n thi\u1ebft v\u00e0 h\u1ed7 tr\u1ee3 cho s\u1ee9c kh\u1ecfe con ng\u01b0\u1eddi, c\u1ea3i thi\u1ec7n h\u1ec7 mi\u1ec5n d\u1ecbch. Ngo\u00e0i ra, l\u01b0\u1ee3ng kcal trung b\u00ecnh c\u1ee7a mozuku tr\u00ean 100g l\u00e0 6 kcal kh\u00e1 th\u1ea5p n\u00ean \u0111\u00e2y c\u0169ng l\u00e0 m\u1ed9t th\u00e0nh vi\u00ean l\u00ed t\u01b0\u1edfng trong danh s\u00e1ch th\u1ef1c ph\u1ea9m \u0103n ki\u00eang.<\/p>\n<h2><strong>H\u01b0\u1edbng d\u1eabn s\u1eed d\u1ee5ng T\u1ea3o N\u00e2u Ajitsuke Mozuku Sanbaizu<\/strong><\/h2>\n<p>S\u1ea3n ph\u1ea9m c\u00f3 th\u1ec3 \u0111\u01b0\u1ee3c s\u1eed d\u1ee5ng \u0111\u1ec3 ch\u1ebf bi\u1ebfn nhi\u1ec1u m\u00f3n \u0103n kh\u00e1c nhau. B\u1ea1n c\u00f3 th\u1ec3 th\u00eam\u00a0<strong>T\u1ea3o N\u00e2u Ajitsuke Mozuku Sanbaizu<\/strong>\u00a0v\u00e0o c\u00e1c m\u00f3n \u0103n y\u00eau th\u00edch \u0111\u1ec3 t\u1eadn h\u01b0\u1edfng h\u01b0\u01a1ng v\u1ecb t\u01b0\u01a1i ngon v\u00e0 l\u1ee3i \u00edch s\u1ee9c kh\u1ecfe.<\/p>\n<p>\u1ede Nh\u1eadt,\u00a0t\u1ea3o n\u00e2u mozuku\u00a0\u0111\u01b0\u1ee3c d\u00f9ng \u0111\u1ec3 ch\u1ebf bi\u1ebfn th\u00e0nh \u0111a d\u1ea1ng c\u00e1c m\u00f3n \u0103n nh\u01b0 s\u00fap mozuku, b\u00e1nh k\u1ebfp chi\u00ean \u0111\u1ed9c \u0111\u00e1o v\u1edbi rau v\u00e0 mozuku tr\u1ed9n trong b\u1ed9t, mozuku tempura,\u2026nh\u01b0ng ph\u1ed5 bi\u1ebfn nhi\u1ec1u ch\u00ednh l\u00e0\u00a0<strong>t\u1ea3o n\u00e2u mozuku tr\u1ed9n s\u1ed1t sanbaizu<\/strong><\/p>\n<p>Sanbaizu l\u00e0 m\u1ed9t lo\u1ea1i s\u1ed1t gia v\u1ecb ch\u1ea5m, tr\u1ed9n pha lo\u00e3ng \u0111\u01b0\u1ee3c k\u1ebft h\u1ee3p t\u1eeb 3 th\u00e0nh ph\u1ea7n ch\u00ednh l\u00e0 gi\u1ea5m, n\u01b0\u1edbc t\u01b0\u01a1ng v\u00e0 mirin (ho\u1eb7c c\u00f3 th\u1ec3 thay th\u1ebf b\u1eb1ng \u0111\u01b0\u1eddng) theo t\u1ec9 l\u1ec7 nh\u1ea5t \u0111\u1ecbnh, t\u1ea1o n\u00ean v\u1ecb chua ng\u1ecdt th\u01a1m.<\/p>\n<p>T\u1eebng s\u1ee3i t\u1ea3o n\u00e2u gi\u00f2n, dai m\u1ec1m \u0111\u01b0\u1ee3c tr\u1ed9n \u0111\u1ec1u v\u1edbi s\u1ed1t sanbaizu chua ng\u1ecdt h\u1ee9a h\u1eb9n s\u1ebd\u00a0khi\u1ebfn ng\u01b0\u1eddi \u0103n ph\u00e1i \u201cch\u1ea3y n\u01b0\u1edbc mi\u1ebfng\u201d. Tuy nhi\u00ean do mozuku c\u00f3 \u0111\u1eb7c t\u00ednh nh\u1ea7y v\u00e0 d\u00ednh n\u00ean s\u1ebd kh\u00f4ng d\u1ec5 quen v\u1edbi nh\u1eefng th\u1ef1c kh\u00e1ch m\u1edbi th\u1eed l\u1ea7n \u0111\u1ea7u nh\u01b0ng \u0111\u00e3 tr\u00f3t th\u1eed qua th\u00ec \u0111\u1ea3m b\u1ea3o b\u1ea1n s\u1ebd b\u1ecb lo\u1ea1i t\u1ea3o n\u00e0y cu\u1ed1n h\u00fat.<\/p>\n<p>C\u00f3 th\u1ec3 d\u00f9ng l\u00e0m m\u00f3n \u0103n k\u00e8m tr\u1ef1c ti\u1ebfp v\u1edbi c\u01a1m, c\u00e1c lo\u1ea1i m\u00ec,..Ngo\u00e0i ra, k\u1ebft h\u1ee3p mozuku v\u1edbi \u0111\u1eadu t\u01b0\u01a1ng l\u00ean men natto v\u00e0o \u0103n c\u00f9ng c\u0169ng h\u1ea5p d\u1eabn kh\u00f4ng k\u00e9m \u0111\u00f3 nha!<\/p>\n<p><img decoding=\"async\" class=\"aligncenter\" src=\"https:\/\/havamall.vn\/wp-content\/uploads\/2025\/03\/116.jpg\" alt=\"Mozuku - Okinawa\" width=\"669\" height=\"446\" \/><\/p>\n<h3><strong>C\u00e1ch s\u1eed d\u1ee5ng<\/strong>:<\/h3>\n<p>S\u1ea3n ph\u1ea9m c\u00f3 th\u1ec3 \u0111\u01b0\u1ee3c ch\u1ebf bi\u1ebfn c\u00f9ng v\u1edbi c\u00e1c m\u00f3n \u0103n nh\u01b0 d\u01b0a leo ho\u1eb7c tr\u1ed9n v\u00e0o c\u00e1c m\u00f3n salad.<\/p>\n<h2><strong>N\u00ean mua T\u1ea3o N\u00e2u Ajitsuke Mozuku Sanbaizu t\u1ea1i \u0111\u00e2u?<\/strong><\/h2>\n<p>\u0110\u1ec3 t\u1eadn h\u01b0\u1edfng t\u1ed1t nh\u1ea5t nh\u1eefng l\u1ee3i \u00edch c\u1ee7a\u00a0<strong>T\u1ea3o N\u00e2u Ajitsuke Mozuku Sanbaizu<\/strong>, h\u00e3y t\u00ecm mua s\u1ea3n ph\u1ea9m t\u1ea1i c\u1eeda h\u00e0ng\u00a0<strong>Havamall<\/strong>. Ch\u00fang t\u00f4i cam k\u1ebft cung c\u1ea5p nh\u1eefng s\u1ea3n ph\u1ea9m t\u1ef1 nhi\u00ean v\u00e0 ch\u1ea5t l\u01b0\u1ee3ng, \u0111\u1ec3 b\u1ea1n c\u00f3 th\u1ec3 t\u1eadn h\u01b0\u1edfng h\u01b0\u01a1ng v\u1ecb bi\u1ec3n c\u1ea3 t\u1ea1i Nh\u1eadt B\u1ea3n m\u1ed9t c\u00e1ch t\u1ed1t nh\u1ea5t.<\/p>","protected":false},"excerpt":{"rendered":"<p>TH\u00d4NG TIN CHUNG Th\u01b0\u01a1ng hi\u1ec7u Havafoodies Xu\u1ea5t x\u1ee9 Nh\u1eadt B\u1ea3n Th\u00e0nh ph\u1ea7n Th\u00e0nh ph\u1ea7n: T\u1ea3o n\u00e2u (50%) (t\u1eeb Okinawa), \u0111\u01b0\u1eddng,<\/p>","protected":false},"featured_media":34891,"comment_status":"open","ping_status":"closed","template":"","meta":[],"product_brand":[],"product_cat":[675,275,36],"product_tag":[],"class_list":{"0":"post-34889","1":"product","2":"type-product","3":"status-publish","4":"has-post-thumbnail","6":"product_cat-nhap-khau-nhat-ban","7":"product_cat-thuc-pham-dong-lanh","8":"product_cat-thuc-pham-tieu-dung","10":"first","11":"instock","12":"sale","13":"shipping-taxable","14":"purchasable","15":"product-type-simple"},"_links":{"self":[{"href":"https:\/\/havamall.vn\/en\/wp-json\/wp\/v2\/product\/34889"}],"collection":[{"href":"https:\/\/havamall.vn\/en\/wp-json\/wp\/v2\/product"}],"about":[{"href":"https:\/\/havamall.vn\/en\/wp-json\/wp\/v2\/types\/product"}],"replies":[{"embeddable":true,"href":"https:\/\/havamall.vn\/en\/wp-json\/wp\/v2\/comments?post=34889"}],"version-history":[{"count":0,"href":"https:\/\/havamall.vn\/en\/wp-json\/wp\/v2\/product\/34889\/revisions"}],"wp:featuredmedia":[{"embeddable":true,"href":"https:\/\/havamall.vn\/en\/wp-json\/wp\/v2\/media\/34891"}],"wp:attachment":[{"href":"https:\/\/havamall.vn\/en\/wp-json\/wp\/v2\/media?parent=34889"}],"wp:term":[{"taxonomy":"product_brand","embeddable":true,"href":"https:\/\/havamall.vn\/en\/wp-json\/wp\/v2\/product_brand?post=34889"},{"taxonomy":"product_cat","embeddable":true,"href":"https:\/\/havamall.vn\/en\/wp-json\/wp\/v2\/product_cat?post=34889"},{"taxonomy":"product_tag","embeddable":true,"href":"https:\/\/havamall.vn\/en\/wp-json\/wp\/v2\/product_tag?post=34889"}],"curies":[{"name":"wp","href":"https:\/\/api.w.org\/{rel}","templated":true}]}}