{"id":34882,"date":"2024-07-01T20:26:27","date_gmt":"2024-07-01T13:26:27","guid":{"rendered":"https:\/\/havamall.vn\/?post_type=product&#038;p=34882"},"modified":"2025-03-21T10:50:57","modified_gmt":"2025-03-21T03:50:57","slug":"qua-nho-chuoi-ngoc-ly-chua-do-dong-lanh-metro-chef-red-currant-1kg","status":"publish","type":"product","link":"https:\/\/havamall.vn\/en\/shop\/qua-nho-chuoi-ngoc-ly-chua-do-dong-lanh-metro-chef-red-currant-1kg\/","title":{"rendered":"Qu\u1ea3 Nho Chu\u1ed7i Ng\u1ecdc L\u00fd Chua \u0110\u1ecf \u0111\u00f4ng l\u1ea1nh &#8211; Metro Chef &#8211; Red Currant 1kg"},"content":{"rendered":"<h2><strong>TH\u00d4NG TIN CHUNG<\/strong><\/h2>\n<table>\n<tbody>\n<tr>\n<td>Th\u01b0\u01a1ng hi\u1ec7u<\/td>\n<td>Havafoodies<\/td>\n<\/tr>\n<tr>\n<td>Xu\u1ea5t x\u1ee9<\/td>\n<td>H\u00e0 Lan<\/td>\n<\/tr>\n<tr>\n<td>Th\u00e0nh ph\u1ea7n<\/td>\n<td>Qu\u1ea3 L\u00fd Chua \u0110\u1ecf 100%<\/td>\n<\/tr>\n<tr>\n<td>H\u1ea1n s\u1eed d\u1ee5ng<\/td>\n<td>Xem tr\u1ef1c ti\u1ebfp tr\u00ean bao b\u00ec<\/td>\n<\/tr>\n<tr>\n<td>B\u1ea3o qu\u1ea3n<\/td>\n<td>\u0110\u1ec3 n\u01a1i kh\u00f4 r\u00e1o, tho\u00e1ng m\u00e1t, tr\u00e1nh \u00e1nh n\u1eafng tr\u1ef1c ti\u1ebfp<\/td>\n<\/tr>\n<tr>\n<td>Kh\u1ed1i l\u01b0\u1ee3ng<\/td>\n<td>1kg<\/td>\n<\/tr>\n<\/tbody>\n<\/table>\n<p>Nho chu\u1ed7i ng\u1ecdc l\u00e0 m\u1ed9t lo\u1ea1i tr\u00e1i c\u00e2y nh\u1ecf, m\u1ecdng, c\u00f3 v\u1ecb chua v\u00e0 c\u00f3 th\u1ec3 \u0111\u01b0\u1ee3c s\u1ea5y kh\u00f4.<\/p>\n<p>Lo\u1ea1i qu\u1ea3 n\u00e0y \u0111\u01b0\u1ee3c tr\u1ed3ng r\u1ed9ng r\u00e3i \u1edf nhi\u1ec1u n\u01a1i tr\u00ean th\u1ebf gi\u1edbi v\u00e0 th\u01b0\u1eddng \u0111\u01b0\u1ee3c s\u1eed d\u1ee5ng trong n\u1ea5u \u0103n. \u1ede Hoa K\u1ef3, nho chu\u1ed7i ng\u1ecdc th\u01b0\u1eddng \u0111\u01b0\u1ee3c l\u00e0m t\u1eeb lo\u1ea1i nho Corinth kh\u00f4 ho\u1eb7c \u0111\u01b0\u1ee3c g\u1ecdi l\u00e0 nho Zante.<\/p>\n<p>Lo\u1ea1i nho n\u00e0y c\u00f3 ho\u1ea1t ch\u1ea5t t\u01b0\u01a1ng t\u1ef1 nh\u01b0 d\u00e2u t\u1eb1m, sim v\u00e0 thanh long \u0111\u1ecf c\u1ee7a Vi\u1ec7t Nam, gi\u00fap h\u1ed7 tr\u1ee3 \u0111i\u1ec1u tr\u1ecb c\u1ea3m c\u00fam, h\u1ea1 s\u1ed1t, r\u1ed1i lo\u1ea1n ti\u00eau h\u00f3a v\u00e0 h\u00f4 h\u1ea5p&#8230;<\/p>\n<p>Nho chu\u1ed7i ng\u1ecdc, hay c\u00f2n g\u1ecdi l\u00e0 l\u00fd chua, l\u00e0 m\u1ed9t lo\u1ea1i tr\u00e1i c\u00e2y xu\u1ea5t x\u1ee9 t\u1eeb c\u00e2y l\u00fd chua, lo\u00e0i th\u1ef1c v\u1eadt b\u1ea3n \u0111\u1ecba c\u1ee7a khu v\u1ef1c \u00d4n \u0111\u1edbi \u1edf B\u1eafc b\u00e1n C\u1ea7u. L\u00fd chua ph\u1ed5 bi\u1ebfn \u0111\u01b0\u1ee3c tr\u1ed3ng \u1edf nhi\u1ec1u n\u01a1i tr\u00ean th\u1ebf gi\u1edbi nh\u01b0: Ph\u1ea7n Lan, H\u00e0 lan \u0110an M\u1ea1ch, Ph\u00e1p, \u00dac&#8230;c\u00f2n b\u1eaft g\u1eb7p t\u1ea1i v\u00f9ng Nh\u1eadt B\u1ea3n. V\u1edbi t\u1ed5ng c\u1ed9ng 7 chi c\u1ee7a c\u00e2y l\u00fd chua, trong \u0111\u00f3 c\u00f3 nh\u1eefng lo\u1ea1i \u0103n \u0111\u01b0\u1ee3c nh\u01b0 l\u00fd chua \u0111en (blackcurrant), \u0111\u1ecf (red currant), v\u00e0 tr\u1eafng (white currant).<\/p>\n<p>Nho chu\u1ed7i ng\u1ecdc l\u00e0 m\u1ed9t lo\u1ea1i c\u00e2y b\u1ee5i m\u1ecdc t\u1ef1 nhi\u00ean. Nho chu\u1ed7i ng\u1ecdc c\u00f3 k\u00edch th\u01b0\u1edbc nh\u1ecf h\u01a1n nhi\u1ec1u so v\u1edbi c\u00e1c lo\u1ea1i nho ph\u1ed5 bi\u1ebfn kh\u00e1c, v\u1ecf m\u1ecfng v\u00e0 c\u0103ng b\u00f3ng.<\/p>\n<p>\u0110\u1eb7c \u0111i\u1ec3m \u0111\u1ed9c \u0111\u00e1o c\u1ee7a nho chu\u1ed7i ng\u1ecdc l\u00e0 kh\u00f4ng c\u00f3 h\u1ea1t, khi\u1ebfn cho vi\u1ec7c th\u01b0\u1edfng th\u1ee9c tr\u1edf n\u00ean thu\u1eadn ti\u1ec7n h\u01a1n. Th\u01b0\u1eddng \u0111\u01b0\u1ee3c thu ho\u1ea1ch v\u00e0o m\u00f9a h\u00e8 v\u00e0 k\u1ebft th\u00fac v\u00e0o th\u00e1ng 9, qu\u1ea3 nho chu\u1ed7i ng\u1ecdc c\u00f3 v\u1ecb chua ng\u1ecdt \u0111\u1eb7c tr\u01b0ng v\u00e0 \u0111\u01b0\u1ee3c m\u00f4 t\u1ea3 nh\u01b0 vi\u00ean ng\u1ecdc v\u1edbi h\u00ecnh d\u00e1ng m\u1ecdng v\u00e0 \u0111\u1eb9p m\u1eaft.<\/p>\n<p>\u1ede Nho chu\u1ed7i ng\u1ecdc th\u01b0\u1eddng m\u1ecdc d\u1ea1i ven b\u1edd r\u1eebng v\u00e0 \u0111\u01b0\u1ee3c nhi\u1ec1u ng\u01b0\u1eddi mang v\u1ec1 tr\u1ed3ng trong v\u01b0\u1eddn do t\u00ednh d\u1ec5 ch\u0103m s\u00f3c v\u00e0 s\u1ef1 s\u1ed1ng kh\u1ecfe m\u1ea1nh c\u1ee7a c\u00e2y. C\u00e2y \u0111\u01b0\u1ee3c tr\u1ed3ng ch\u1ee7 y\u1ebfu \u0111\u1ec3 thu ho\u1ea1ch qu\u1ea3 v\u00e0 m\u1ed9t ph\u1ea7n l\u00e1 \u0111\u01b0\u1ee3c s\u1eed d\u1ee5ng l\u00e0m h\u01b0\u01a1ng li\u1ec7u.<\/p>\n<p><img fetchpriority=\"high\" decoding=\"async\" class=\"aligncenter\" src=\"https:\/\/havamall.vn\/wp-content\/uploads\/2025\/03\/n4-1418.jpg\" alt=\"Lo\u1ea1i qu\u1ea3 d\u1ea1i gi\u00e1 r\u1ebb \u1edf ch\u00e2u \u00c2u v\u1ec1 Vi\u1ec7t Nam b\u1ed7ng th\u00e0nh c\u1ee7a l\u1ea1, \u0111\u01b0\u1ee3c s\u0103n l\u00f9ng v\u1edbi gi\u00e1 v\u00e0i tri\u1ec7u \u0111\u1ed3ng\/kg\" width=\"701\" height=\"467\" \/><\/p>\n<h3 id=\"mcetoc_2\"><strong>3.H\u00e0m l\u01b0\u1ee3ng dinh d\u01b0\u1ee1ng<\/strong><\/h3>\n<p>T\u01b0\u01a1ng t\u1ef1 nh\u01b0 d\u00e2u t\u1eb1m v\u00e0 vi\u1ec7t qu\u1ea5t, nho chu\u1ed7i ng\u1ecdc c\u0169ng gi\u00e0u vitamin C v\u00e0 c\u00e1c ch\u1ea5t ch\u1ed1ng oxy h\u00f3a. C\u00e1c h\u1ee3p ch\u1ea5t anthocyanin l\u00e0m cho qu\u1ea3 c\u00f3 m\u00e0u t\u00edm \u0111en v\u00e0 m\u1ed9t s\u1ed1 polyphenol kh\u00e1c t\u1ea1o n\u00ean v\u1ecb ch\u00e1t \u0111\u1eb7c tr\u01b0ng c\u1ee7a nho chu\u1ed7i ng\u1ecdc.<\/p>\n<p>M\u1ed9t l\u01b0\u1ee3ng \u00bc ch\u00e9n nho chu\u1ed7i ng\u1ecdc kh\u00f4 ch\u1ee9a c\u00e1c th\u00e0nh ph\u1ea7n dinh d\u01b0\u1ee1ng sau:<\/p>\n<p>120 calo, 0 ch\u1ea5t b\u00e9o, 30gram carbohydrate, 2 gram ch\u1ea5t x\u01a1<\/p>\n<p>300 mg kali, 1 miligam s\u1eaft, 20 miligam canxi<\/p>\n<h3 id=\"mcetoc_3\"><strong>4. T\u00e1c d\u1ee5ng c\u1ee7a Nho chu\u1ed7i ng\u1ecdc \u0111\u1ed1i v\u1edbi s\u1ee9c kh\u1ecfe<\/strong><\/h3>\n<p>H\u00e0m l\u01b0\u1ee3ng dinh d\u01b0\u1ee1ng c\u1ee7a Nho chu\u1ed7i ng\u1ecdc r\u1ea5t \u0111\u00e1ng ch\u00fa \u00fd. Nho n\u00e0y ch\u1ee9a ho\u1ea1t ch\u1ea5t t\u01b0\u01a1ng t\u1ef1 nh\u01b0 d\u00e2u t\u1eb1m, sim v\u00e0 thanh long \u0111\u1ecf c\u1ee7a Vi\u1ec7t Nam,<\/p>\n<p>N\u00ean n\u00f3 c\u00f3 t\u00e1c d\u1ee5ng sau:<\/p>\n<p><strong>4.1. Cung c\u1ea5p ch\u1ea5t ch\u1ed1ng oxy h\u00f3a<\/strong><\/p>\n<p>Nho chu\u1ed7i ng\u1ecdc cung c\u1ea5p ch\u1ea5t ch\u1ed1ng oxy h\u00f3a polyphenol, h\u1ed7 tr\u1ee3 ph\u00f2ng ch\u1ed1ng ung th\u01b0, s\u1ee9c kh\u1ecfe tim m\u1ea1ch, b\u00e9o ph\u00ec v\u00e0 ng\u0103n ng\u1eeba b\u1ec7nh ti\u1ec3u \u0111\u01b0\u1eddng. Ch\u00fang gi\u1ea3m stress oxy h\u00f3a v\u00e0 c\u00f3 l\u1ee3i cho s\u1ee9c kh\u1ecfe d\u1ea1 d\u00e0y.<\/p>\n<p><strong>4.2. Cung c\u1ea5p h\u00e0m l\u01b0\u1ee3ng kali t\u1ed1t<\/strong><\/p>\n<p>Nho chu\u1ed7i ng\u1ecdc l\u00e0 ngu\u1ed3n h\u00e0m l\u01b0\u1ee3ng kali t\u1ed1t, quan tr\u1ecdng cho c\u00e2n b\u1eb1ng ch\u1ea5t l\u1ecfng, ch\u1ee9c n\u0103ng th\u1ea7n kinh v\u00e0 c\u01a1 b\u1eafp, v\u00e0 h\u1ed7 tr\u1ee3 s\u1ee9c kh\u1ecfe tim v\u00e0 huy\u1ebft \u00e1p.<\/p>\n<p><strong>4.3. \u00cdt ch\u1ea5t b\u00e9o, cholesterol v\u00e0 natri<\/strong><\/p>\n<p>Tr\u00e1i c\u00e2y s\u1ea5y kh\u00f4 nh\u01b0 nho chu\u1ed7i ng\u1ecdc \u00edt ch\u1ea5t b\u00e9o, cholesterol v\u00e0 natri, gi\u00fap ng\u0103n ng\u1eeba b\u1ec7nh tim, b\u00e9o ph\u00ec v\u00e0 m\u1ed9t s\u1ed1 lo\u1ea1i ung th\u01b0, c\u0169ng nh\u01b0 ph\u01b0\u01a1ng ph\u00e1p ch\u1eefa tr\u1ecb b\u1ec7nh ti\u1ec3u \u0111\u01b0\u1eddng v\u00e0 b\u1ec7nh tho\u00e1i h\u00f3a n\u00e3o.<\/p>\n<p>\u0110\u1ec3 \u0111\u1ea1t \u0111\u01b0\u1ee3c s\u1ef1 c\u00e2n b\u1eb1ng dinh d\u01b0\u1ee1ng, h\u00e3y k\u1ebft h\u1ee3p tr\u00e1i c\u00e2y (kh\u00f4 ho\u1eb7c t\u01b0\u01a1i) v\u1edbi protein v\u00e0 ch\u1ea5t b\u00e9o l\u00e0nh m\u1ea1nh, v\u00e0 tr\u00e1nh c\u00e1c s\u1ea3n ph\u1ea9m c\u00f3 ch\u1ee9a \u0111\u01b0\u1eddng b\u1ed5 sung v\u00e0 d\u1ea7u th\u1ef1c v\u1eadt ch\u1ebf bi\u1ebfn.<\/p>\n<p><strong>4.4. Cung c\u1ea5p ch\u1ea5t x\u01a1<\/strong><\/p>\n<p>Nho chu\u1ed7i ng\u1ecdc cung c\u1ea5p ch\u1ea5t x\u01a1 v\u00e0 c\u00e1c kho\u00e1ng ch\u1ea5t thi\u1ebft y\u1ebfu, gi\u00fap cung c\u1ea5p n\u0103ng l\u01b0\u1ee3ng cho c\u01a1 b\u1eafp v\u00e0 b\u1ed5 sung c\u1eeda h\u00e0ng glycogen. \u0110\u1ed3ng th\u1eddi, ch\u00fang gi\u1eef cho l\u01b0\u1ee3ng \u0111\u01b0\u1eddng trong m\u00e1u \u1ed5n \u0111\u1ecbnh v\u00e0 c\u00f3 l\u1ee3i cho s\u1ee9c kh\u1ecfe tim m\u1ea1ch v\u00e0 h\u1ec7 mi\u1ec5n d\u1ecbch.<\/p>\n<h3 id=\"mcetoc_4\"><strong>5. C\u00f4ng d\u1ee5ng Nho chu\u1ed7i ng\u1ecdc \u0111\u1ed1i v\u1edbi s\u1ee9c kh\u1ecfe v\u00e0 \u0111\u1eddi s\u1ed1ng:<\/strong><\/h3>\n<p>Theo y h\u1ecdc c\u1ed5 truy\u1ec1n, Nho chu\u1ed7i ng\u1ecdc \u0111\u01b0\u1ee3c s\u1eed d\u1ee5ng trong\u00a0y h\u1ecdc c\u1ed5 truy\u1ec1n\u00a0c\u1ee7a nhi\u1ec1u qu\u1ed1c gia.<\/p>\n<p>Qu\u1ea3 nho chu\u1ed7i ng\u1ecdc \u0111\u01b0\u1ee3c cho v\u00e0o th\u1ee9c u\u1ed1ng \u0111\u1ec3 \u0111i\u1ec1u tr\u1ecb c\u1ea3m l\u1ea1nh, c\u1ea3m c\u00fam, h\u1ea1 s\u1ed1t&#8230;<\/p>\n<p>\u1ede Australia, n\u00f3 \u0111\u01b0\u1ee3c d\u00f9ng \u0111\u1ec3 h\u1ed7 tr\u1ee3 \u0111i\u1ec1u tr\u1ecb vi\u00eam nhi\u1ec5m, c\u00e1c v\u1ea5n \u0111\u1ec1 v\u1ec1 ti\u00eau h\u00f3a, h\u00f4 h\u1ea5p v\u00e0 tim m\u1ea1ch. D\u1ea7u tr\u00edch t\u1eeb h\u1ea1t nho ch\u1ee9a nhi\u1ec1u ho\u1ea1t ch\u1ea5t c\u00f3 th\u1ec3 gi\u00fap ch\u1ed1ng vi\u00eam, nhi\u1ec5m tr\u00f9ng v\u00e0 \u0111i\u1ec1u tr\u1ecb c\u00e1c v\u1ea5n \u0111\u1ec1 v\u1ec1 th\u1ea7n kinh. L\u00e1, c\u00e0nh v\u00e0 r\u1ec5 c\u0169ng \u0111\u01b0\u1ee3c s\u1eed d\u1ee5ng trong y h\u1ecdc d\u00e2n gian.<\/p>\n<p>N\u00ean Nho chu\u1ed7i ng\u1ecdc c\u00f3 c\u00f4ng d\u1ee5ng t\u1ed1t cho s\u1ee9c kh\u1ecfe:<\/p>\n<p><strong>&#8211; Ch\u1ed1ng vi\u00eam, kh\u00e1ng khu\u1ea9n v\u00e0 ch\u1ed1ng oxy h\u00f3a:<\/strong>\u00a0Qu\u1ea3 l\u00fd chua c\u00f3 h\u00e0m l\u01b0\u1ee3ng vitamin C cao, gi\u00fap t\u0103ng c\u01b0\u1eddng h\u1ec7 mi\u1ec5n d\u1ecbch v\u00e0 k\u00edch th\u00edch s\u1ea3n xu\u1ea5t collagen, t\u1eeb \u0111\u00f3 gi\u00fap ch\u1ed1ng l\u1ea1i qu\u00e1 tr\u00ecnh l\u00e3o h\u00f3a v\u00e0 gi\u1eef cho da tr\u1ebb trung.<\/p>\n<p><strong>&#8211; T\u1ed1t cho tim m\u1ea1ch:<\/strong>\u00a0Vitamin C trong l\u00fd chua, \u0111\u1eb7c bi\u1ec7t l\u00e0 trong l\u00fd chua \u0111en, c\u00f3 th\u1ec3 gi\u00fap l\u00e0m gi\u1ea3m cholesterol trong m\u00e1u, gi\u1ea3m nguy c\u01a1 m\u1eafc c\u00e1c b\u1ec7nh v\u1ec1 tim m\u1ea1ch.<\/p>\n<p><strong>&#8211; Cung c\u1ea5p nhi\u1ec1u d\u01b0\u1ee1ng ch\u1ea5t:<\/strong>\u00a0L\u00fd chua \u0111en v\u00e0 \u0111\u1ecf ch\u1ee9a nhi\u1ec1u vitamin v\u00e0 kho\u00e1ng ch\u1ea5t nh\u01b0 Vitamin A, B, canxi, \u0111\u1ed3ng, s\u1eaft, Magie, mangan, photpho v\u00e0 k\u1ebdm Gi\u00fap c\u01a1 th\u1ec3 duy tr\u00ec s\u1ee9c kh\u1ecfe v\u00e0 \u0111\u1ec1 kh\u00e1ng ch\u1ed1ng l\u1ea1i c\u00e1c b\u1ec7nh t\u1eadt<\/p>\n<p><strong>&#8211; Thu\u1ed1c ch\u1eefa nhi\u1ec1u lo\u1ea1i b\u1ec7nh:<\/strong>\u00a0Qu\u1ea3 l\u00fd chua c\u00f3 th\u1ec3 \u0111\u01b0\u1ee3c s\u1eed d\u1ee5ng nh\u01b0 m\u1ed9t ph\u01b0\u01a1ng thu\u1ed1c t\u1ef1 nhi\u00ean \u0111\u1ec3 h\u1ea1 s\u1ed1t, ch\u1eefa ti\u00eau ch\u1ea3y, \u0111au h\u1ecdng v\u00e0 m\u1ed9t s\u1ed1 b\u1ec7nh v\u1ec1 \u0111\u01b0\u1eddng h\u00f4 h\u1ea5p kh\u00e1c.<\/p>\n<p><strong>&#8211; Trong \u0111\u1eddi s\u1ed1ng \u1ea9m th\u1ef1c:<\/strong>\u00a0Nho chu\u1ed7i ng\u1ecdc c\u00f3 c\u00e1c m\u00e0u \u0111\u1ecf, h\u1ed3ng v\u00e0 \u0111en \u0111\u01b0\u1ee3c ch\u1ebf bi\u1ebfn th\u00e0nh \u0111a d\u1ea1ng s\u1ea3n ph\u1ea9m nh\u01b0 \u0111\u1ed3 u\u1ed1ng, sir\u00f4, m\u1ee9t, kem v\u00e0 n\u01b0\u1edbc s\u1ed1t. Sir\u00f4 cr\u00e8me cassis t\u1eeb nho n\u00e0y th\u01b0\u1eddng k\u1ebft h\u1ee3p v\u1edbi r\u01b0\u1ee3u vang tr\u1eafng ho\u1eb7c champagne \u0111\u1ec3 t\u1ea1o ra r\u01b0\u1ee3u khai v\u1ecb &#8220;Kir&#8221;.<\/p>\n<p>&#8211;\u00a0<strong>Nho \u0111\u1ecf chu\u1ed7i ng\u1ecdc cung c\u1ea5p nhi\u1ec1u vitamin<\/strong>\u00a0<strong>v\u00e0 ch\u1ea5t ch\u1ed1ng oxy h\u00f3a,<\/strong>\u00a0th\u00fac \u0111\u1ea9y h\u1ec7 mi\u1ec5n d\u1ecbch v\u00e0 th\u00edch h\u1ee3p cho c\u00e1c m\u00f3n \u0103n nh\u01b0 salad, m\u1ee9t v\u00e0 trang tr\u00ed b\u00e1nh.<\/p>\n<p><strong><em>T\u00f3m l\u1ea1i,<\/em><\/strong>\u00a0Nho chu\u1ed7i ng\u1ecdc l\u00e0 m\u1ed9t lo\u1ea1i tr\u00e1i c\u00e2y l\u1ea1 t\u1eeb v\u00f9ng \u00d4n \u0111\u1edbi \u1edf B\u1eafc b\u00e1n C\u1ea7u, v\u1edbi nhi\u1ec1u m\u00e0u s\u1eafc nh\u01b0 \u0111\u1ecf, h\u1ed3ng, tr\u1eafng v\u00e0 \u0111en. M\u1eb7c d\u00f9 \u1edf Vi\u1ec7t Nam n\u00f3 v\u1eabn c\u00f2n m\u1edbi m\u1ebb v\u00e0 c\u00f3 gi\u00e1 cao, nh\u01b0ng Nho chu\u1ed7i ng\u1ecdc \u0111ang \u0111\u01b0\u1ee3c s\u0103n \u0111\u00f3n b\u1edfi gi\u1edbi \u0111\u1ea1i gia v\u1edbi gi\u00e1 v\u00e0i tri\u1ec7u \u0111\u1ed3ng m\u1ed7i kg. Tuy nhi\u00ean, kh\u00f4ng n\u00ean cho r\u1eb1ng c\u00e1c lo\u1ea1i tr\u00e1i c\u00e2y nh\u1eadp kh\u1ea9u s\u1ebd t\u1ed1t h\u01a1n tr\u00e1i c\u00e2y trong n\u01b0\u1edbc, v\u00ec m\u1ed9t s\u1ed1 tr\u00e1i c\u00e2y trong n\u01b0\u1edbc c\u0169ng c\u00f3 l\u1ee3i \u00edch t\u01b0\u01a1ng t\u1ef1, nh\u01b0ng \u00edt \u0111\u01b0\u1ee3c bi\u1ebft \u0111\u1ebfn do thi\u1ebfu nghi\u00ean c\u1ee9u v\u00e0 qu\u1ea3ng b\u00e1. Nho chu\u1ed7i ng\u1ecdc cung c\u1ea5p nhi\u1ec1u ch\u1ea5t dinh d\u01b0\u1ee1ng v\u00e0 c\u00f3 nhi\u1ec1u \u1ee9ng d\u1ee5ng trong \u1ea9m th\u1ef1c v\u00e0 y h\u1ecdc c\u1ed5 truy\u1ec1n, bao g\u1ed3m c\u1ea3 vi\u1ec7c cung c\u1ea5p ch\u1ea5t x\u01a1, ch\u1ea5t ch\u1ed1ng oxy h\u00f3a, vitamin C v\u00e0 A, v\u1edbi h\u00e0m l\u01b0\u1ee3ng cholesterol, ch\u1ea5t b\u00e9o v\u00e0 natri th\u1ea5p. \u0110i\u1ec1u n\u00e0y gi\u00fap ch\u00fang mang l\u1ea1i nhi\u1ec1u l\u1ee3i \u00edch cho s\u1ee9c kh\u1ecfe, v\u00e0 n\u00ean th\u00eam v\u00e0o ch\u1ebf \u0111\u1ed9 \u0103n u\u1ed1ng h\u1eb1ng ng\u00e0y \u0111\u1ec3 \u0111\u1ea3m b\u1ea3o dinh d\u01b0\u1ee1ng c\u1ea7n thi\u1ebft nh\u00e9!<\/p>\n<p><img decoding=\"async\" class=\"aligncenter\" src=\"https:\/\/havamall.vn\/wp-content\/uploads\/2025\/03\/nho-fb1d0.jpg\" alt=\"nho chu\u1ed7i ng\u1ecdc\" width=\"666\" height=\"416\" \/><\/p>","protected":false},"excerpt":{"rendered":"<p>TH\u00d4NG TIN CHUNG Th\u01b0\u01a1ng hi\u1ec7u Havafoodies Xu\u1ea5t x\u1ee9 H\u00e0 Lan Th\u00e0nh ph\u1ea7n Qu\u1ea3 L\u00fd Chua \u0110\u1ecf 100% H\u1ea1n s\u1eed d\u1ee5ng<\/p>","protected":false},"featured_media":34883,"comment_status":"open","ping_status":"closed","template":"","meta":[],"product_brand":[],"product_cat":[677,678,36],"product_tag":[],"class_list":{"0":"post-34882","1":"product","2":"type-product","3":"status-publish","4":"has-post-thumbnail","6":"product_cat-cac-nuoc-khac","7":"product_cat-trai-cay-dong-lanh","8":"product_cat-thuc-pham-tieu-dung","10":"first","11":"instock","12":"sale","13":"shipping-taxable","14":"purchasable","15":"product-type-simple"},"_links":{"self":[{"href":"https:\/\/havamall.vn\/en\/wp-json\/wp\/v2\/product\/34882"}],"collection":[{"href":"https:\/\/havamall.vn\/en\/wp-json\/wp\/v2\/product"}],"about":[{"href":"https:\/\/havamall.vn\/en\/wp-json\/wp\/v2\/types\/product"}],"replies":[{"embeddable":true,"href":"https:\/\/havamall.vn\/en\/wp-json\/wp\/v2\/comments?post=34882"}],"version-history":[{"count":0,"href":"https:\/\/havamall.vn\/en\/wp-json\/wp\/v2\/product\/34882\/revisions"}],"wp:featuredmedia":[{"embeddable":true,"href":"https:\/\/havamall.vn\/en\/wp-json\/wp\/v2\/media\/34883"}],"wp:attachment":[{"href":"https:\/\/havamall.vn\/en\/wp-json\/wp\/v2\/media?parent=34882"}],"wp:term":[{"taxonomy":"product_brand","embeddable":true,"href":"https:\/\/havamall.vn\/en\/wp-json\/wp\/v2\/product_brand?post=34882"},{"taxonomy":"product_cat","embeddable":true,"href":"https:\/\/havamall.vn\/en\/wp-json\/wp\/v2\/product_cat?post=34882"},{"taxonomy":"product_tag","embeddable":true,"href":"https:\/\/havamall.vn\/en\/wp-json\/wp\/v2\/product_tag?post=34882"}],"curies":[{"name":"wp","href":"https:\/\/api.w.org\/{rel}","templated":true}]}}