{"id":34880,"date":"2024-07-01T20:20:00","date_gmt":"2024-07-01T13:20:00","guid":{"rendered":"https:\/\/havamall.vn\/?post_type=product&#038;p=34880"},"modified":"2025-12-01T10:29:31","modified_gmt":"2025-12-01T03:29:31","slug":"qua-anh-dao-dong-lanh-metro-chef-sour-cherries-frozen","status":"publish","type":"product","link":"https:\/\/havamall.vn\/en\/shop\/qua-anh-dao-dong-lanh-metro-chef-sour-cherries-frozen\/","title":{"rendered":"Qu\u1ea3 Anh \u0110\u00e0o \u0110\u00f4ng L\u1ea1nh &#8211; Metro Chef &#8211; Sour Cherries Frozen"},"content":{"rendered":"<h2><strong>TH\u00d4NG TIN CHUNG<\/strong><\/h2>\n<table>\n<tbody>\n<tr>\n<td>Th\u01b0\u01a1ng hi\u1ec7u<\/td>\n<td>Havafoodies<\/td>\n<\/tr>\n<tr>\n<td>Xu\u1ea5t x\u1ee9<\/td>\n<td>H\u00e0 Lan<\/td>\n<\/tr>\n<tr>\n<td>Th\u00e0nh ph\u1ea7n<\/td>\n<td>Qu\u1ea3 Anh \u0110\u00e0o 100%<\/td>\n<\/tr>\n<tr>\n<td>H\u1ea1n s\u1eed d\u1ee5ng<\/td>\n<td>Xem tr\u1ef1c ti\u1ebfp tr\u00ean bao b\u00ec<\/td>\n<\/tr>\n<tr>\n<td>B\u1ea3o qu\u1ea3n<\/td>\n<td>\u0110\u1ec3 n\u01a1i kh\u00f4 r\u00e1o, tho\u00e1ng m\u00e1t, tr\u00e1nh \u00e1nh n\u1eafng tr\u1ef1c ti\u1ebfp<\/td>\n<\/tr>\n<tr>\n<td>Kh\u1ed1i l\u01b0\u1ee3ng<\/td>\n<td>1kg<\/td>\n<\/tr>\n<\/tbody>\n<\/table>\n<p dir=\"auto\">Tr\u00e1i Anh \u0110\u00e0o \u0111\u00f4ng l\u1ea1nh l\u00e0 d\u00f2ng s\u1ea3n ph\u1ea9m tr\u00e1i c\u00e2y \u0111\u00f4ng l\u1ea1nh v\u1edbi d\u00e2y chuy\u1ec1n c\u1ea5p \u0111\u00f4ng si\u00eau t\u1ed1c (IQF) 100% l\u00e0m t\u1eeb tr\u00e1i c\u00e2y t\u1ef1 nhi\u00ean v\u00e0 \u0111\u01b0\u1ee3c l\u1ef1a ch\u1ecdn k\u1ef9 l\u01b0\u1ee1ng, \u0111\u01b0\u1ee3c \u0111\u00f3ng g\u00f3i ti\u1ec7n l\u1ee3i \u0111\u1ec3 ph\u1ee5c v\u1ee5 m\u1ecdi nhu c\u1ea7u s\u1eed d\u1ee5ng su\u1ed1t c\u1ea3 n\u0103m.<\/p>\n<div class=\"kvgmc6g5 cxmmr5t8 oygrvhab hcukyx3x c1et5uql ii04i59q\">\n<p dir=\"auto\">Tr\u00e1i c\u00e2y \u0111\u01b0\u1ee3c ch\u1ecdn t\u1eeb nh\u1eefng ngu\u1ed3n v\u00e0 gi\u1ed1ng t\u1ed1t nh\u1ea5t \u0111\u1ea3m b\u1ea3o kh\u00f4ng \u0111\u01b0\u1eddng, kh\u00f4ng ch\u1ea5t t\u1ea1o m\u00f9i, kh\u00f4ng ch\u1ea5t t\u1ea1o m\u00e0u, kh\u00f4ng ch\u1ea5t b\u1ea3o qu\u1ea3n n\u00ean r\u1ea5t an to\u00e0n cho ng\u01b0\u1eddi s\u1eed d\u1ee5ng. S\u1ea3n ph\u1ea9m \u0111\u01b0\u1ee3c l\u00e0m l\u1ea1nh ngay sau khi thu ho\u1ea1ch n\u00ean gi\u1eef \u0111\u01b0\u1ee3c tr\u1ecdn v\u1eb9n h\u01b0\u01a1ng v\u1ecb, \u0111\u1ed9 t\u01b0\u01a1i ngon c\u00f9ng c\u00e1c vitamin, kho\u00e1ng ch\u1ea5t.<\/p>\n<p>Qu\u1ea3 anh \u0111\u00e0o c\u00f3 l\u01b0\u1ee3ng calo th\u1ea5p, ch\u1ee9a \u0111\u1ea7y ch\u1ea5t x\u01a1, vitamin, kho\u00e1ng ch\u1ea5t, ch\u1ea5t dinh d\u01b0\u1ee1ng, ch\u1ea5t ch\u1ed1ng oxy h\u00f3a nh\u01b0 beta-carotene v\u00e0 ch\u1ea5t dinh d\u01b0\u1ee1ng thi\u1ebft y\u1ebfu choline t\u1ed1t cho s\u1ee9c kh\u1ecfe.<\/p>\n<p>Ngo\u00e0i ra, m\u1ed7i tr\u00e1i anh \u0111\u00e0o c\u0169ng c\u0169ng cung c\u1ea5p vitamin C, A, K, kali, magi\u00ea v\u00e0 canxi d\u1ed3i d\u00e0o cho c\u01a1 th\u1ec3.<\/p>\n<h3><strong>\u0110\u1eb7c \u0111i\u1ec3m n\u1ed5i b\u1eadt c\u1ee7a s\u1ea3n ph\u1ea9m:<\/strong><\/h3>\n<p>\u2013 C\u00f4ng ngh\u1ec7 l\u00e0m l\u1ea1nh nhanh gi\u00fap gi\u1eef nguy\u00ean v\u1eb9n m\u00f9i v\u1ecb v\u00e0 ch\u1ea5t dinh d\u01b0\u1ee1ng c\u00f3 trong qu\u1ea3 cherry<\/p>\n<p>\u2013 S\u1ea3n ph\u1ea9m \u0111\u01b0\u1ee3c \u0111\u00f3n g\u00f3i d\u1ea1ng h\u1ed9p gi\u00fap b\u1ea3o qu\u1ea3n d\u1ec5 d\u00e0ng h\u01a1n<\/p>\n<p>\u2013 C\u00f3 th\u1ec3 s\u1eed d\u1ee5ng v\u00e0 b\u1ea3o qu\u1ea3n trong th\u1eddi gian d\u00e0i<\/p>\n<\/div>\n<h3><strong>L\u1ee3i \u00edch s\u1ee9c kh\u1ecfe c\u1ee7a Anh \u0110\u00e0o<\/strong><\/h3>\n<h5><em><strong>\u2013 T\u0103ng c\u01b0\u1eddng mi\u1ec5n d\u1ecbch<\/strong><\/em><\/h5>\n<p>Qu\u1ea3 n\u00e0y c\u00f3 ch\u1ee9a ch\u1ea5t flavonoid, l\u00e0 m\u1ed9t trong nh\u1eefng ch\u1ea5t ch\u1ed1ng \u00f4 xy h\u00f3a \u0111\u01b0\u1ee3c bi\u1ebft \u0111\u1ebfn nhi\u1ec1u nh\u1ea5t gi\u00fap t\u0103ng c\u01b0\u1eddng h\u1ec7 mi\u1ec5n d\u1ecbch v\u00e0 ch\u1ed1ng l\u1ea1i nhi\u1ec5m tr\u00f9ng.<\/p>\n<h5><em><strong>\u2013 Ch\u1ed1ng m\u1ee1 t\u00edch t\u1ee5<\/strong><\/em><\/h5>\n<p>Cherry c\u00f3 ch\u1ee9a anthocyanin \u2013 lo\u1ea1i flavonoid gi\u00fap gi\u1ea3m m\u1ee1 c\u01a1 th\u1ec3 v\u00e0 ng\u0103n ng\u1eeba ch\u1ee9ng b\u00e9o ph\u00ec.<\/p>\n<h5><em><strong>\u2013 Gi\u1ea3m \u0111au do gout<\/strong><\/em><\/h5>\n<p>B\u1ec7nh gout c\u00f3 th\u1ec3 r\u1ea5t \u0111au \u0111\u1edbn v\u00e0 g\u00e2y ra khi ax\u00edt uric t\u00edch t\u1ee5 trong m\u00e1u. C\u00e1c h\u1ee3p ch\u1ea5t ch\u1ee9a trong n\u01b0\u1edbc tr\u00e1i anh \u0111\u00e0o gi\u00fap gi\u1ea3m m\u1ee9c a x\u00edt uric v\u00e0 do \u0111\u00f3 l\u00e0m gi\u1ea3m \u0111au gout.<\/p>\n<h5><em><strong>\u2013 T\u1ed1t cho tim<\/strong><\/em><\/h5>\n<p>Tr\u00e1i anh \u0111\u00e0o gi\u00e0u ch\u1ea5t ch\u1ed1ng \u00f4 xy h\u00f3a quercetin gi\u00fap ng\u0103n ng\u1eeba c\u00e1c t\u1ed5n th\u01b0\u01a1ng do c\u00e1c g\u1ed1c t\u1ef1 do ho\u1eb7c cholesterol x\u1ea5u g\u00e2y ra. U\u1ed1ng m\u1ed9t ly n\u01b0\u1edbc tr\u00e1i anh \u0111\u00e0o gi\u00fap ng\u0103n ng\u1eeba c\u01a1n \u0111au tim, \u0111\u1ed9t q\u1ee5y v\u00e0 gi\u1eef cho tr\u00e1i tim kh\u1ecfe m\u1ea1nh.<\/p>\n<h5><em><strong>\u2013 Gi\u00fap ki\u1ec3m so\u00e1t \u0111\u01b0\u1eddng huy\u1ebft<\/strong><\/em><\/h5>\n<p>C\u00e1c h\u1ee3p ch\u1ea5t anthocyanin c\u00f3 trong anh \u0111\u00e0o gi\u00fap c\u1ea3i thi\u1ec7n m\u1ee9c \u0111\u1ed9 insulin v\u00e0 l\u01b0\u1ee3ng \u0111\u01b0\u1eddng trong m\u00e1u. Tuy nhi\u00ean, c\u1ea7n l\u01b0u \u00fd h\u00e0m l\u01b0\u1ee3ng \u0111\u01b0\u1eddng c\u00f3 th\u1ec3 \u0111\u01b0\u1ee3c pha ch\u1ebf trong lo\u1ea1i n\u01b0\u1edbc u\u1ed1ng n\u00e0y v\u00e0 n\u1ebfu c\u00f3 \u0111\u01b0\u1eddng th\u00ec m\u1ee9c \u0111\u01b0\u1eddng trong m\u00e1u s\u1ebd t\u0103ng l\u00ean.<\/p>\n<h5><em><strong>\u2013 Kh\u00f4i ph\u1ee5c c\u01a1 nhanh<\/strong><\/em><\/h5>\n<p>B\u1ea1n c\u00f3 th\u1ec3 b\u1ecb \u0111au c\u01a1 nghi\u00eam tr\u1ecdng v\u00e0 \u0111au sau m\u1ed9t b\u00e0i t\u1eadp c\u01b0\u1eddng \u0111\u1ed9 cao. \u0110\u1ed1i v\u1edbi t\u00ecnh tr\u1ea1ng \u0111au c\u01a1 do v\u1eadn \u0111\u1ed9ng, th\u00ec n\u01b0\u1edbc tr\u00e1i anh \u0111\u00e0o c\u00f3 th\u1ec3 r\u1ea5t h\u1eefu \u00edch. Anh \u0111\u00e0o \u0111\u01b0\u1ee3c bi\u1ebft \u0111\u1ebfn v\u1edbi ch\u1ea5t ch\u1ed1ng \u00f4 xy h\u00f3a gi\u00e0u ch\u1ea5t ch\u1ed1ng vi\u00eam. U\u1ed1ng n\u01b0\u1edbc tr\u00e1i c\u00e2y anh \u0111\u00e0o gi\u00fap gi\u1ea3m l\u01b0\u1ee3ng lipid b\u1ecb \u00f4 xy h\u00f3a, gi\u1ea3m vi\u00eam, c\u1ea3i thi\u1ec7n s\u1ee9c m\u1ea1nh, t\u0103ng c\u01b0\u1eddng h\u1ed3i ph\u1ee5c c\u01a1 v\u00e0 h\u1ed3i ph\u1ee5c \u0111au.<\/p>\n<p>&nbsp;<\/p>","protected":false},"excerpt":{"rendered":"<p>TH\u00d4NG TIN CHUNG Th\u01b0\u01a1ng hi\u1ec7u Havafoodies Xu\u1ea5t x\u1ee9 H\u00e0 Lan Th\u00e0nh ph\u1ea7n Qu\u1ea3 Anh \u0110\u00e0o 100% H\u1ea1n s\u1eed d\u1ee5ng Xem<\/p>","protected":false},"featured_media":34881,"comment_status":"open","ping_status":"closed","template":"","meta":[],"product_brand":[],"product_cat":[677,678,36],"product_tag":[],"class_list":{"0":"post-34880","1":"product","2":"type-product","3":"status-publish","4":"has-post-thumbnail","6":"product_cat-cac-nuoc-khac","7":"product_cat-trai-cay-dong-lanh","8":"product_cat-thuc-pham-tieu-dung","10":"first","11":"instock","12":"sale","13":"shipping-taxable","14":"purchasable","15":"product-type-simple"},"_links":{"self":[{"href":"https:\/\/havamall.vn\/en\/wp-json\/wp\/v2\/product\/34880"}],"collection":[{"href":"https:\/\/havamall.vn\/en\/wp-json\/wp\/v2\/product"}],"about":[{"href":"https:\/\/havamall.vn\/en\/wp-json\/wp\/v2\/types\/product"}],"replies":[{"embeddable":true,"href":"https:\/\/havamall.vn\/en\/wp-json\/wp\/v2\/comments?post=34880"}],"version-history":[{"count":0,"href":"https:\/\/havamall.vn\/en\/wp-json\/wp\/v2\/product\/34880\/revisions"}],"wp:featuredmedia":[{"embeddable":true,"href":"https:\/\/havamall.vn\/en\/wp-json\/wp\/v2\/media\/34881"}],"wp:attachment":[{"href":"https:\/\/havamall.vn\/en\/wp-json\/wp\/v2\/media?parent=34880"}],"wp:term":[{"taxonomy":"product_brand","embeddable":true,"href":"https:\/\/havamall.vn\/en\/wp-json\/wp\/v2\/product_brand?post=34880"},{"taxonomy":"product_cat","embeddable":true,"href":"https:\/\/havamall.vn\/en\/wp-json\/wp\/v2\/product_cat?post=34880"},{"taxonomy":"product_tag","embeddable":true,"href":"https:\/\/havamall.vn\/en\/wp-json\/wp\/v2\/product_tag?post=34880"}],"curies":[{"name":"wp","href":"https:\/\/api.w.org\/{rel}","templated":true}]}}