{"id":34871,"date":"2024-07-01T17:57:52","date_gmt":"2024-07-01T10:57:52","guid":{"rendered":"https:\/\/havamall.vn\/?post_type=product&#038;p=34871"},"modified":"2025-08-01T10:56:52","modified_gmt":"2025-08-01T03:56:52","slug":"qua-nam-viet-quat-dong-lanh-metro-chef-cranberries-frozen","status":"publish","type":"product","link":"https:\/\/havamall.vn\/en\/shop\/qua-nam-viet-quat-dong-lanh-metro-chef-cranberries-frozen\/","title":{"rendered":"Qu\u1ea3 Nam Vi\u1ec7t Qu\u1ea5t \u0110\u00f4ng L\u1ea1nh &#8211; Metro Chef &#8211; Cranberries Frozen"},"content":{"rendered":"<h2><strong>TH\u00d4NG TIN CHUNG<\/strong><\/h2>\n<table>\n<tbody>\n<tr>\n<td>Th\u01b0\u01a1ng hi\u1ec7u<\/td>\n<td>Havafoodies<\/td>\n<\/tr>\n<tr>\n<td>Xu\u1ea5t x\u1ee9<\/td>\n<td>H\u00e0 Lan<\/td>\n<\/tr>\n<tr>\n<td>Th\u00e0nh ph\u1ea7n<\/td>\n<td>Tr\u00e1i Nam Vi\u1ec7t Qu\u1ea5t 100%<\/td>\n<\/tr>\n<tr>\n<td>H\u1ea1n s\u1eed d\u1ee5ng<\/td>\n<td>Xem tr\u1ef1c ti\u1ebfp tr\u00ean bao b\u00ec<\/td>\n<\/tr>\n<tr>\n<td>B\u1ea3o qu\u1ea3n<\/td>\n<td>\u0110\u1ec3 n\u01a1i kh\u00f4 r\u00e1o, tho\u00e1ng m\u00e1t, tr\u00e1nh \u00e1nh n\u1eafng tr\u1ef1c ti\u1ebfp<\/td>\n<\/tr>\n<tr>\n<td>Kh\u1ed1i l\u01b0\u1ee3ng<\/td>\n<td>1kg<\/td>\n<\/tr>\n<\/tbody>\n<\/table>\n<p dir=\"auto\">Tr\u00e1i c\u00e2y \u0111\u01b0\u1ee3c ch\u1ecdn t\u1eeb nh\u1eefng ngu\u1ed3n v\u00e0 gi\u1ed1ng t\u1ed1t nh\u1ea5t \u0111\u1ea3m b\u1ea3o kh\u00f4ng \u0111\u01b0\u1eddng, kh\u00f4ng ch\u1ea5t t\u1ea1o m\u00f9i, kh\u00f4ng ch\u1ea5t t\u1ea1o m\u00e0u, kh\u00f4ng ch\u1ea5t b\u1ea3o qu\u1ea3n n\u00ean r\u1ea5t an to\u00e0n cho ng\u01b0\u1eddi s\u1eed d\u1ee5ng. S\u1ea3n ph\u1ea9m \u0111\u01b0\u1ee3c l\u00e0m l\u1ea1nh ngay sau khi thu ho\u1ea1ch n\u00ean gi\u1eef \u0111\u01b0\u1ee3c tr\u1ecdn v\u1eb9n h\u01b0\u01a1ng v\u1ecb, \u0111\u1ed9 t\u01b0\u01a1i ngon c\u00f9ng c\u00e1c vitamin, kho\u00e1ng ch\u1ea5t.<\/p>\n<p dir=\"auto\"><img fetchpriority=\"high\" decoding=\"async\" class=\"wp-image-26499 aligncenter\" src=\"https:\/\/havamall.com\/wp-content\/uploads\/2025\/08\/frozen-1-300x169.png\" alt=\"\" width=\"680\" height=\"383\" \/><\/p>\n<p dir=\"auto\">Qu\u1ea3 nam vi\u1ec7t qu\u1ea5t r\u1ea5t gi\u00e0u vitamin C, mangan, ch\u1ea5t x\u01a1 v\u00e0 l\u00e0 ngu\u1ed3n cung c\u1ea5p vitamin K d\u1ed3i d\u00e0o. Lo\u1ea1i qu\u1ea3 n\u00e0y c\u00f3 th\u1ec3 gi\u00fap b\u1ea3o v\u1ec7 c\u01a1 th\u1ec3 kh\u1ecfi s\u1ef1 nguy h\u1ea1i c\u1ee7a c\u00e1c g\u1ed1c t\u1ef1 do v\u00e0 c\u0169ng c\u00f3 th\u1ec3 n\u00e2ng cao ch\u1ee9c n\u0103ng mi\u1ec5n d\u1ecbch v\u00e0 b\u1ea3o v\u1ec7 c\u01a1 th\u1ec3 ch\u1ed1ng l\u1ea1i nhi\u1ec5m tr\u00f9ng. b\u1ea3o kh\u00f4ng \u0111\u01b0\u1eddng, kh\u00f4ng ch\u1ea5t t\u1ea1o m\u00f9i, kh\u00f4ng ch\u1ea5t t\u1ea1o m\u00e0u, kh\u00f4ng ch\u1ea5t b\u1ea3o qu\u1ea3n n\u00ean r\u1ea5t an to\u00e0n cho ng\u01b0\u1eddi s\u1eed d\u1ee5ng. S\u1ea3n ph\u1ea9m \u0111\u01b0\u1ee3c l\u00e0m l\u1ea1nh ngay sau khi thu ho\u1ea1ch n\u00ean gi\u1eef \u0111\u01b0\u1ee3c tr\u1ecdn v\u1eb9n h\u01b0\u01a1ng v\u1ecb, \u0111\u1ed9 t\u01b0\u01a1i ngon c\u00f9ng c\u00e1c vitamin, kho\u00e1ng ch\u1ea5t.<\/p>\n<h3><strong>H\u01b0\u1edbng d\u1eabn s\u1eed d\u1ee5ng:<\/strong><\/h3>\n<p>\u2013 L\u1ea5y l\u01b0\u1ee3ng v\u1eeba \u0111\u1ee7 d\u00f9ng \u0111\u1ec3 ra ngo\u00e0i cho gi\u00e3 \u0111\u00f4ng r\u1ed3i d\u00f9ng ngay. Ho\u1eb7c c\u00f3 th\u1ec3 \u0111\u1ec3 xu\u1ed1ng ng\u0103n m\u00e1t t\u1ee7 l\u1ea1nh (kho\u1ea3ng 1-3 \u0111\u1ed9 C) r\u1ed3i d\u00f9ng d\u1ea7n trong v\u00f2ng 3 ng\u00e0y sau \u0111\u00f3.<\/p>\n<p>\u2013 Nam vi\u1ec7t qu\u1ea5t \u0111\u00f4ng l\u1ea1nh \u0111\u01b0\u1ee3c d\u00f9ng nh\u01b0 tr\u00e1i c\u00e2y t\u01b0\u01a1i b\u00ecnh th\u01b0\u1eddng: \u0103n k\u00e8m s\u1eefa chua, xay sinh t\u1ed1, l\u00e0m m\u1ee9t, l\u00e0m b\u00e1nh,\u2026ho\u1eb7c d\u00f9ng l\u00e0m n\u01b0\u1edbc s\u1ed1t cho c\u00e1c m\u00f3n \u0103n T\u00e2y \u0111\u1ec1u r\u1ea5t ngon v\u00e0 b\u1ed5 d\u01b0\u1ee1ng.<\/p>\n<p><img decoding=\"async\" class=\"wp-image-26500 aligncenter\" src=\"https:\/\/havamall.com\/wp-content\/uploads\/2025\/08\/Cranberry-263x300.png\" alt=\"\" width=\"709\" height=\"808\" \/><\/p>\n<h3><strong>L\u1ee3i \u00edch s\u1ee9c kh\u1ecfe c\u1ee7a Nam Vi\u1ec7t Qu\u1ea5t<\/strong><\/h3>\n<h5><em><strong>B\u1ea3o v\u1ec7 ch\u1ed1ng l\u1ea1i ung th\u01b0<\/strong><\/em><\/h5>\n<p>M\u1ed9t nghi\u00ean c\u1ee9u t\u1eeb \u0110\u1ea1i h\u1ecdc Athens \u0111\u00e3 cho r\u1eb1ng, ch\u1ebf \u0111\u1ed9 \u0103n gi\u00e0u flavonoids \u0111\u00f3ng vai tr\u00f2 quan tr\u1ecdng trong vi\u1ec7c l\u00e0m gi\u1ea3m nguy c\u01a1 ung th\u01b0 v\u00e0 t\u1eed vong do ung th\u01b0. Qu\u1ea3 nam vi\u1ec7t qu\u1ea5t ch\u1ee9a proanthocyanidins, g\u00e2y \u1ee9c ch\u1ebf s\u1ef1 t\u0103ng tr\u01b0\u1edfng c\u1ee7a m\u1ed9t lo\u1ea1t c\u00e1c t\u1ebf b\u00e0o ung th\u01b0.<\/p>\n<h5><em><strong>Ng\u0103n ng\u1eeba b\u1ec7nh nhi\u1ec5m tr\u00f9ng \u0111\u01b0\u1eddng ti\u1ebft ni\u1ec7u (UTI)<\/strong><\/em><\/h5>\n<p>Qu\u1ea3 nam vi\u1ec7t qu\u1ea5t ch\u1ee9a proanthocyanidins, m\u1ed9t h\u1ee3p ch\u1ea5t th\u01b0\u1eddng th\u1ea5y \u1edf c\u00e1c lo\u00e0i th\u1ef1c v\u1eadt. Ng\u01b0\u1eddi ta cho r\u1eb1ng h\u1ee3p ch\u1ea5t n\u00e0y c\u00f3 th\u1ec3 gi\u00fap ng\u0103n ng\u1eeba UTI b\u1eb1ng c\u00e1ch ng\u0103n vi khu\u1ea9n t\u1ef1 t\u1ea5n c\u00f4ng v\u00e0o ni\u00eam m\u1ea1c c\u1ee7a \u0111\u01b0\u1eddng ti\u1ebft ni\u1ec7u. N\u1ebfu vi khu\u1ea9n kh\u00f4ng th\u1ec3 ph\u00e1t tri\u1ec3n v\u00e0 l\u00e2y lan, n\u00f3 s\u1ebd kh\u00f4ng th\u1ec3 g\u00e2y nhi\u1ec5m tr\u00f9ng.<\/p>\n<p><img decoding=\"async\" class=\"aligncenter\" src=\"https:\/\/havamall.com\/wp-content\/uploads\/2025\/08\/cranberry_bowl.jpg\" alt=\"Cranberries\" \/><\/p>\n<h5><em><strong>Tr\u00e1nh nhi\u1ec5m tr\u00f9ng \u0111\u01b0\u1eddng h\u00f4 h\u1ea5p<\/strong><\/em><\/h5>\n<p>Theo c\u00e1c nghi\u00ean c\u1ee9u, n\u01b0\u1edbc \u00e9p nam vi\u1ec7t qu\u1ea5t gi\u00fap ng\u0103n ng\u1eeba m\u1ed9t s\u1ed1 ch\u1ee7ng c\u00fam Haemophilus, l\u00e0 nguy\u00ean nh\u00e2n ph\u1ed5 bi\u1ebfn g\u00e2y nhi\u1ec5m tr\u00f9ng tai v\u00e0 \u0111\u01b0\u1eddng h\u00f4 h\u1ea5p \u1edf tr\u1ebb em. Lo\u1ea1i n\u01b0\u1edbc \u00e9p n\u00e0y \u1ee9c ch\u1ebf l\u00f4ng c\u1ee7a vi khu\u1ea9n gi\u1ed1ng nh\u01b0 c\u00e1c c\u1ea5u tr\u00fac ng\u0103n kh\u00f4ng cho ch\u00fang b\u00e1m v\u00e0o b\u1ec1 m\u1eb7t c\u1ee7a da.<\/p>\n<h5><em><strong>Kh\u00e1ng vi\u00eam<\/strong><\/em><\/h5>\n<p>Qu\u1ea3 nam vi\u1ec7t qu\u1ea5t \u0111\u00e3 \u0111\u01b0\u1ee3c ch\u1ee9ng minh l\u00e0 c\u00f3 t\u00e1c d\u1ee5ng kh\u00e1ng vi\u00eam, c\u00f3 t\u00e1c d\u1ee5ng \u0111\u1ed1i v\u1edbi m\u1ed9t s\u1ed1 b\u1ec7nh nh\u01b0 b\u1ec7nh th\u1ea5p kh\u1edbp, vi\u00eam d\u1ea1 d\u00e0y, r\u1ed1i lo\u1ea1n ti\u00eau h\u00f3a, h\u1ec7 tim m\u1ea1ch v\u00e0 \u0111\u1eb7c bi\u1ec7t l\u00e0 l\u1edbp ni\u00eam m\u1ea1c \u1edf th\u00e0nh m\u1ea1ch.<\/p>\n<h5><em><strong>L\u00e0m cho x\u01b0\u01a1ng ch\u1eafc kh\u1ecfe<\/strong><\/em><\/h5>\n<p>Qu\u1ea3 nam vi\u1ec7t qu\u1ea5t l\u00e0 ngu\u1ed3n cung c\u1ea5p canxi d\u1ed3i d\u00e0o gi\u00fap cho x\u01b0\u01a1ng, r\u0103ng v\u00e0 m\u00f3ng ch\u1eafc kh\u1ecfe. N\u00f3 c\u0169ng l\u00e0m gi\u1ea3m nguy c\u01a1 ph\u00e1t tri\u1ec3n b\u1ec7nh lo\u00e3ng x\u01b0\u01a1ng. M\u1ed9t ch\u00e9n vi\u1ec7t qu\u1ea5t t\u01b0\u01a1i ho\u1eb7c m\u1ed9t ly n\u01b0\u1edbc \u00e9p nam vi\u1ec7t qu\u1ea5t m\u1ed7i ng\u00e0y c\u00f3 vai tr\u00f2 quan tr\u1ecdng trong vi\u1ec7c gi\u1eef cho x\u01b0\u01a1ng c\u1ee7a b\u1ea1n ch\u1eafc kh\u1ecfe.<\/p>\n<p><img decoding=\"async\" class=\"wp-image-26502 aligncenter\" src=\"https:\/\/havamall.com\/wp-content\/uploads\/2025\/08\/vegan-cranberry-300x200.png\" alt=\"\" width=\"687\" height=\"458\" \/><\/p>\n<h5><em><strong>C\u1ea3i thi\u1ec7n s\u1ee9c kh\u1ecfe tim m\u1ea1ch<\/strong><\/em><\/h5>\n<p>Nam vi\u1ec7t qu\u1ea5t c\u0169ng ch\u1ee9a c\u00e1c d\u01b0\u1ee1ng ch\u1ea5t th\u1ef1c v\u1eadt. \u0110i\u1ec1u n\u00e0y l\u00e0m cho ch\u00fang c\u00f3 \u0111\u1eb7c t\u00ednh ch\u1ed1ng vi\u00eam. Vi\u00eam nhi\u1ec5m l\u00e0 t\u00e1c nh\u00e2n g\u00e2y t\u1ed5n h\u1ea1i c\u00e1c m\u1ea1ch m\u00e1u theo th\u1eddi gian. C\u00e1c m\u1ea1ch m\u00e1u b\u1ecb h\u01b0 h\u1ea1i s\u1ebd thu h\u00fat m\u1ea3ng b\u00e1m, g\u00e2y x\u01a1 v\u1eefa \u0111\u1ed9ng m\u1ea1ch.<\/p>\n<h5><em><strong>Ch\u1ea5t ch\u1ed1ng oxy h\u00f3a m\u1ea1nh<\/strong><\/em><\/h5>\n<p>Qu\u1ea3 nam vi\u1ec7t qu\u1ea5t ch\u1ee9a proanthocyanidins flavonoid (PAC). C\u1ea5u tr\u00fac b\u1ea5t th\u01b0\u1eddng c\u1ee7a ch\u00fang l\u00e0m cho ch\u00fang c\u00f3 \u0111\u1eb7c t\u00ednh ch\u1ed1ng d\u00ednh vi khu\u1ea9n m\u00e0 c\u00f3 th\u1ec3 gi\u00fap ng\u0103n s\u1ef1 k\u1ebft d\u00ednh c\u1ee7a m\u1ed9t s\u1ed1 vi khu\u1ea9n c\u00f3 h\u1ea1i.<\/p>\n<h5><em><strong>T\u0103ng mi\u1ec5n d\u1ecbch<\/strong><\/em><\/h5>\n<p>L\u1ee3i \u00edch h\u1ed7 tr\u1ee3 mi\u1ec5n d\u1ecbch c\u1ee7a nam vi\u1ec7t qu\u1ea5t th\u1eadt th\u00fa v\u1ecb. Ch\u00fang c\u00f3 h\u00e0m l\u01b0\u1ee3ng vitamin C cao, l\u00e0 ch\u1ea5t ch\u1ed1ng oxy h\u00f3a t\u1ed1t nh\u1ea5t n\u00e2ng cao kh\u1ea3 n\u0103ng mi\u1ec5n d\u1ecbch. Ngo\u00e0i ra, c\u00e1c h\u00f3a ch\u1ea5t th\u1ef1c v\u1eadt trong qu\u1ea3 nam vi\u1ec7t qu\u1ea5t l\u00e0m t\u0103ng h\u1ec7 mi\u1ec5n d\u1ecbch kh\u1ecfe m\u1ea1nh.<\/p>","protected":false},"excerpt":{"rendered":"<p>TH\u00d4NG TIN CHUNG Th\u01b0\u01a1ng hi\u1ec7u Havafoodies Xu\u1ea5t x\u1ee9 H\u00e0 Lan Th\u00e0nh ph\u1ea7n Tr\u00e1i Nam Vi\u1ec7t Qu\u1ea5t 100% H\u1ea1n s\u1eed d\u1ee5ng<\/p>","protected":false},"featured_media":34872,"comment_status":"open","ping_status":"closed","template":"","meta":[],"product_brand":[],"product_cat":[677,678,36],"product_tag":[],"class_list":{"0":"post-34871","1":"product","2":"type-product","3":"status-publish","4":"has-post-thumbnail","6":"product_cat-cac-nuoc-khac","7":"product_cat-trai-cay-dong-lanh","8":"product_cat-thuc-pham-tieu-dung","10":"first","11":"instock","12":"sale","13":"shipping-taxable","14":"purchasable","15":"product-type-simple"},"_links":{"self":[{"href":"https:\/\/havamall.vn\/en\/wp-json\/wp\/v2\/product\/34871"}],"collection":[{"href":"https:\/\/havamall.vn\/en\/wp-json\/wp\/v2\/product"}],"about":[{"href":"https:\/\/havamall.vn\/en\/wp-json\/wp\/v2\/types\/product"}],"replies":[{"embeddable":true,"href":"https:\/\/havamall.vn\/en\/wp-json\/wp\/v2\/comments?post=34871"}],"version-history":[{"count":0,"href":"https:\/\/havamall.vn\/en\/wp-json\/wp\/v2\/product\/34871\/revisions"}],"wp:featuredmedia":[{"embeddable":true,"href":"https:\/\/havamall.vn\/en\/wp-json\/wp\/v2\/media\/34872"}],"wp:attachment":[{"href":"https:\/\/havamall.vn\/en\/wp-json\/wp\/v2\/media?parent=34871"}],"wp:term":[{"taxonomy":"product_brand","embeddable":true,"href":"https:\/\/havamall.vn\/en\/wp-json\/wp\/v2\/product_brand?post=34871"},{"taxonomy":"product_cat","embeddable":true,"href":"https:\/\/havamall.vn\/en\/wp-json\/wp\/v2\/product_cat?post=34871"},{"taxonomy":"product_tag","embeddable":true,"href":"https:\/\/havamall.vn\/en\/wp-json\/wp\/v2\/product_tag?post=34871"}],"curies":[{"name":"wp","href":"https:\/\/api.w.org\/{rel}","templated":true}]}}