{"id":34851,"date":"2024-07-01T15:52:02","date_gmt":"2024-07-01T08:52:02","guid":{"rendered":"https:\/\/havamall.vn\/?post_type=product&#038;p=34851"},"modified":"2025-03-20T14:41:47","modified_gmt":"2025-03-20T07:41:47","slug":"trai-mong-do-tong-hop-dong-lanh-1kg-frozen-assorted-berries","status":"publish","type":"product","link":"https:\/\/havamall.vn\/en\/shop\/trai-mong-do-tong-hop-dong-lanh-1kg-frozen-assorted-berries\/","title":{"rendered":"Tr\u00e1i M\u1ecdng \u0110\u1ecf T\u1ed5ng H\u1ee3p \u0110\u00f4ng L\u1ea1nh 1kg \u2013 Frozen Assorted Berries"},"content":{"rendered":"<h2><strong>TH\u00d4NG TIN CHUNG<\/strong><\/h2>\n<table>\n<tbody>\n<tr>\n<td>Th\u01b0\u01a1ng hi\u1ec7u<\/td>\n<td>Havafoodies<\/td>\n<\/tr>\n<tr>\n<td>Xu\u1ea5t x\u1ee9<\/td>\n<td>Vi\u1ec7t Nam<\/td>\n<\/tr>\n<tr>\n<td>Th\u00e0nh ph\u1ea7n<\/td>\n<td>M\u00e2m x\u00f4i \u0111en, m\u00e2m x\u00f4i \u0111\u1ecf (ph\u00fac b\u1ed3n t\u1eed), vi\u1ec7t qu\u1ea5t, d\u00e2u t\u00e2y<\/td>\n<\/tr>\n<tr>\n<td>H\u1ea1n s\u1eed d\u1ee5ng<\/td>\n<td>Xem tr\u1ef1c ti\u1ebfp tr\u00ean bao b\u00ec<\/td>\n<\/tr>\n<tr>\n<td>B\u1ea3o qu\u1ea3n<\/td>\n<td>\u0110\u1ec3 n\u01a1i kh\u00f4 r\u00e1o, tho\u00e1ng m\u00e1t, tr\u00e1nh \u00e1nh n\u1eafng tr\u1ef1c ti\u1ebfp<\/td>\n<\/tr>\n<tr>\n<td>Kh\u1ed1i l\u01b0\u1ee3ng<\/td>\n<td>1kg<\/td>\n<\/tr>\n<\/tbody>\n<\/table>\n<p dir=\"auto\">Qu\u1ea3 m\u1ecdng \u0111\u00f4ng l\u1ea1nh l\u00e0 d\u00f2ng s\u1ea3n ph\u1ea9m tr\u00e1i c\u00e2y \u0111\u00f4ng l\u1ea1nh v\u1edbi d\u00e2y chuy\u1ec1n c\u1ea5p \u0111\u00f4ng si\u00eau t\u1ed1c (IQF) 100% l\u00e0m t\u1eeb tr\u00e1i c\u00e2y t\u1ef1 nhi\u00ean v\u00e0 \u0111\u01b0\u1ee3c l\u1ef1a ch\u1ecdn k\u1ef9 l\u01b0\u1ee1ng, \u0111\u01b0\u1ee3c \u0111\u00f3ng g\u00f3i ti\u1ec7n l\u1ee3i \u0111\u1ec3 ph\u1ee5c v\u1ee5 m\u1ecdi nhu c\u1ea7u s\u1eed d\u1ee5ng su\u1ed1t c\u1ea3 n\u0103m.<\/p>\n<div class=\"kvgmc6g5 cxmmr5t8 oygrvhab hcukyx3x c1et5uql ii04i59q\">\n<p dir=\"auto\">Tr\u00e1i c\u00e2y \u0111\u01b0\u1ee3c ch\u1ecdn t\u1eeb nh\u1eefng ngu\u1ed3n v\u00e0 gi\u1ed1ng t\u1ed1t nh\u1ea5t \u0111\u1ea3m b\u1ea3o kh\u00f4ng \u0111\u01b0\u1eddng, kh\u00f4ng ch\u1ea5t t\u1ea1o m\u00f9i, kh\u00f4ng ch\u1ea5t t\u1ea1o m\u00e0u, kh\u00f4ng ch\u1ea5t b\u1ea3o qu\u1ea3n n\u00ean r\u1ea5t an to\u00e0n cho ng\u01b0\u1eddi s\u1eed d\u1ee5ng. S\u1ea3n ph\u1ea9m \u0111\u01b0\u1ee3c l\u00e0m l\u1ea1nh ngay sau khi thu ho\u1ea1ch n\u00ean gi\u1eef \u0111\u01b0\u1ee3c tr\u1ecdn v\u1eb9n h\u01b0\u01a1ng v\u1ecb, \u0111\u1ed9 t\u01b0\u01a1i ngon c\u00f9ng c\u00e1c vitamin, kho\u00e1ng ch\u1ea5t.<\/p>\n<p dir=\"auto\"><img decoding=\"async\" class=\"aligncenter\" src=\"https:\/\/havamall.vn\/wp-content\/uploads\/2025\/03\/mix-different-frozen-berries-cutting-board-wooden-table-frozen-food-food-storage_286393-2397.jpg\" alt=\"Premium Photo | Mix of different frozen berries on a cutting board on wooden table. frozen food. food storage\" \/><\/p>\n<p dir=\"auto\">C\u00e1c lo\u1ea1i qu\u1ea3 m\u1ecdng l\u00e0 m\u1ed9t lo\u1ea1i th\u1ef1c ph\u1ea9m l\u00e0nh m\u1ea1nh v\u00ec ch\u00fang ch\u1ee9a \u00edt calo nh\u01b0ng gi\u00e0u ch\u1ea5t x\u01a1, vitamin v\u00e0 c\u00e1c ch\u1ea5t ch\u1ed1ng oxy h\u00f3a. C\u00e1c lo\u1ea1i qu\u1ea3 n\u00e0y \u0111\u1ec1u c\u00f3 l\u1ee3i cho s\u1ee9c kh\u1ecfe tim m\u1ea1ch, gi\u1ea3m nguy c\u01a1 m\u1eafc b\u1ec7nh ti\u1ec3u \u0111\u01b0\u1eddng tu\u00fdp 2,\u2026 B\u1ea1n c\u00f3 th\u1ec3 \u0111\u01b0a ch\u00fang v\u00e0o ch\u1ebf \u0111\u1ed9 \u0103n u\u1ed1ng c\u1ee7a m\u00ecnh \u0111\u1ec3 c\u1ea3i thi\u1ec7n s\u1ee9c kh\u1ecfe t\u1ed5ng th\u1ec3.<\/p>\n<p dir=\"auto\"><img decoding=\"async\" class=\"aligncenter\" src=\"https:\/\/havamall.vn\/wp-content\/uploads\/2025\/03\/9bf27fad-fe93-4ed0-8447-86eee553356c.jpg\" alt=\"MIX BERRY FROZEN LOKAL PREMIUM - 500G\" \/><\/p>\n<div class=\"j83agx80\">\n<div class=\"dwo3fsh8 g5ia77u1 rt8b4zig n8ej3o3l agehan2d sk4xxmp2 rq0escxv q9uorilb kvgmc6g5 cxmmr5t8 oygrvhab hcukyx3x jb3vyjys rz4wbd8a qt6c0cv9 a8nywdso l9j0dhe7 i1ao9s8h k4urcfbm\">\n<div class=\"j83agx80 cbu4d94t sj5x9vvc cxgpxx05\">\n<div class=\"rq0escxv l9j0dhe7 du4w35lb j83agx80 pfnyh3mw jifvfom9 ll8tlv6m owycx6da btwxx1t3 hv4rvrfc dati1w0a jb3vyjys b5q2rw42 lq239pai mysgfdmx hddg9phg\">\n<div class=\"rq0escxv l9j0dhe7 du4w35lb j83agx80 cbu4d94t d2edcug0 hpfvmrgz rj1gh0hx buofh1pr g5gj957u o8rfisnq p8fzw8mz pcp91wgn iuny7tx3 ipjc6fyt\">\n<div class=\"j83agx80 cbu4d94t ew0dbk1b irj2b8pg\">\n<div class=\"qzhwtbm6 knvmm38d\">\n<div class=\"j83agx80 cbu4d94t ew0dbk1b irj2b8pg\">\n<div class=\"qzhwtbm6 knvmm38d\">\n<div class=\"kvgmc6g5 cxmmr5t8 oygrvhab hcukyx3x c1et5uql\">\n<div class=\"kvgmc6g5 cxmmr5t8 oygrvhab hcukyx3x c1et5uql ii04i59q\">\n<h3><strong>\u0110\u1eb7c \u0111i\u1ec3m n\u1ed5i b\u1eadt c\u1ee7a s\u1ea3n ph\u1ea9m:<\/strong><\/h3>\n<p>\u2013 C\u00f4ng ngh\u1ec7 l\u00e0m l\u1ea1nh nhanh gi\u00fap gi\u1eef nguy\u00ean v\u1eb9n m\u00f9i v\u1ecb v\u00e0 ch\u1ea5t dinh d\u01b0\u1ee1ng c\u00f3 trong tr\u00e1i c\u00e2y<\/p>\n<p>\u2013 S\u1ea3n ph\u1ea9m \u0111\u01b0\u1ee3c \u0111\u00f3n g\u00f3i d\u1ea1ng h\u1ed9p gi\u00fap b\u1ea3o qu\u1ea3n d\u1ec5 d\u00e0ng h\u01a1n<\/p>\n<p>\u2013 C\u00f3 th\u1ec3 s\u1eed d\u1ee5ng v\u00e0 b\u1ea3o qu\u1ea3n trong th\u1eddi gian d\u00e0i<\/p>\n<\/div>\n<\/div>\n<\/div>\n<\/div>\n<\/div>\n<\/div>\n<\/div>\n<\/div>\n<\/div>\n<\/div>\n<\/div>\n<p>\u2013 T\u1eeb tr\u00e1i c\u00e2y ch\u00edn m\u1ecdng \u0111\u01b0\u1ee3c l\u1ef1a ch\u1ecdn k\u0129 l\u01b0\u1ee1ng t\u1eeb h\u1ec7 th\u1ed1ng cung c\u1ea5p c\u1ee7a Andros<\/p>\n<p>\u2013 \u0110\u01b0\u1ee3c ph\u00e2n lo\u1ea1i t\u1eadn tay v\u00e0 ch\u1ecdn l\u1ecdc ch\u1eb7t ch\u1ebd tr\u01b0\u1edbc khi \u0111\u00f3ng g\u00f3i<\/p>\n<p>\u2013 Tr\u00e1i c\u00e2y \u0111\u01b0\u1ee3c ch\u1ecdn t\u1eeb nh\u1eefng ngu\u1ed3n v\u00e0 gi\u1ed1ng t\u1ed1t nh\u1ea5t<\/p>\n<h3><strong>H\u01b0\u1edbng d\u1eabn s\u1eed d\u1ee5ng:<\/strong><\/h3>\n<p>\u2013 L\u1ea5y l\u01b0\u1ee3ng v\u1eeba \u0111\u1ee7 d\u00f9ng \u0111\u1ec3 ra ngo\u00e0i cho gi\u00e3 \u0111\u00f4ng r\u1ed3i d\u00f9ng ngay. Ho\u1eb7c c\u00f3 th\u1ec3 \u0111\u1ec3 xu\u1ed1ng ng\u0103n m\u00e1t t\u1ee7 l\u1ea1nh (kho\u1ea3ng 1-3 \u0111\u1ed9 C) r\u1ed3i d\u00f9ng d\u1ea7n trong v\u00f2ng 3 ng\u00e0y sau \u0111\u00f3.<\/p>\n<p>\u2013 Qu\u1ea3 m\u1ecdng \u0111\u00f4ng l\u1ea1nh \u0111\u01b0\u1ee3c d\u00f9ng nh\u01b0 tr\u00e1i c\u00e2y t\u01b0\u01a1i b\u00ecnh th\u01b0\u1eddng: \u0103n k\u00e8m s\u1eefa chua, xay sinh t\u1ed1, l\u00e0m m\u1ee9t, l\u00e0m b\u00e1nh,\u2026ho\u1eb7c d\u00f9ng l\u00e0m n\u01b0\u1edbc s\u1ed1t cho c\u00e1c m\u00f3n \u0103n T\u00e2y \u0111\u1ec1u r\u1ea5t ngon v\u00e0 b\u1ed5 d\u01b0\u1ee1ng.<\/p>\n<\/div>","protected":false},"excerpt":{"rendered":"<p>TH\u00d4NG TIN CHUNG Th\u01b0\u01a1ng hi\u1ec7u Havafoodies Xu\u1ea5t x\u1ee9 Vi\u1ec7t Nam Th\u00e0nh ph\u1ea7n M\u00e2m x\u00f4i \u0111en, m\u00e2m x\u00f4i \u0111\u1ecf (ph\u00fac b\u1ed3n<\/p>","protected":false},"featured_media":34861,"comment_status":"open","ping_status":"closed","template":"","meta":[],"product_brand":[],"product_cat":[678,36],"product_tag":[],"class_list":{"0":"post-34851","1":"product","2":"type-product","3":"status-publish","4":"has-post-thumbnail","6":"product_cat-trai-cay-dong-lanh","7":"product_cat-thuc-pham-tieu-dung","9":"first","10":"instock","11":"sale","12":"shipping-taxable","13":"purchasable","14":"product-type-simple"},"_links":{"self":[{"href":"https:\/\/havamall.vn\/en\/wp-json\/wp\/v2\/product\/34851"}],"collection":[{"href":"https:\/\/havamall.vn\/en\/wp-json\/wp\/v2\/product"}],"about":[{"href":"https:\/\/havamall.vn\/en\/wp-json\/wp\/v2\/types\/product"}],"replies":[{"embeddable":true,"href":"https:\/\/havamall.vn\/en\/wp-json\/wp\/v2\/comments?post=34851"}],"version-history":[{"count":0,"href":"https:\/\/havamall.vn\/en\/wp-json\/wp\/v2\/product\/34851\/revisions"}],"wp:featuredmedia":[{"embeddable":true,"href":"https:\/\/havamall.vn\/en\/wp-json\/wp\/v2\/media\/34861"}],"wp:attachment":[{"href":"https:\/\/havamall.vn\/en\/wp-json\/wp\/v2\/media?parent=34851"}],"wp:term":[{"taxonomy":"product_brand","embeddable":true,"href":"https:\/\/havamall.vn\/en\/wp-json\/wp\/v2\/product_brand?post=34851"},{"taxonomy":"product_cat","embeddable":true,"href":"https:\/\/havamall.vn\/en\/wp-json\/wp\/v2\/product_cat?post=34851"},{"taxonomy":"product_tag","embeddable":true,"href":"https:\/\/havamall.vn\/en\/wp-json\/wp\/v2\/product_tag?post=34851"}],"curies":[{"name":"wp","href":"https:\/\/api.w.org\/{rel}","templated":true}]}}