{"id":34836,"date":"2024-06-28T14:26:37","date_gmt":"2024-06-28T07:26:37","guid":{"rendered":"https:\/\/havamall.vn\/?post_type=product&#038;p=34836"},"modified":"2025-03-18T13:56:04","modified_gmt":"2025-03-18T06:56:04","slug":"bot-nam-cuc-truffle-powder-polvere-di-tartufo-50g-la-sicilia","status":"publish","type":"product","link":"https:\/\/havamall.vn\/en\/shop\/bot-nam-cuc-truffle-powder-polvere-di-tartufo-50g-la-sicilia\/","title":{"rendered":"B\u1ed9t N\u00eam N\u1ea5m C\u1ee5c Truffle Powder Polvere di Tartufo 50g La sicilia"},"content":{"rendered":"<h2><strong>TH\u00d4NG TIN CHUNG<\/strong><\/h2>\n<table>\n<tbody>\n<tr>\n<td>Th\u01b0\u01a1ng hi\u1ec7u<\/td>\n<td>La Sicilia<\/td>\n<\/tr>\n<tr>\n<td>Xu\u1ea5t x\u1ee9<\/td>\n<td>\u00dd<\/td>\n<\/tr>\n<tr>\n<td>Th\u00e0nh ph\u1ea7n<\/td>\n<td>N\u1ea5m c\u1ee5c \u0111en, b\u1ed9t c\u00e0 r\u1ed1t, b\u1ed9t n\u1ea5m m\u1ee1, h\u01b0\u01a1ng li\u1ec7u&#8230;<\/td>\n<\/tr>\n<tr>\n<td>H\u1ea1n s\u1eed d\u1ee5ng<\/td>\n<td>Xem tr\u1ef1c ti\u1ebfp tr\u00ean bao b\u00ec<\/td>\n<\/tr>\n<tr>\n<td>B\u1ea3o qu\u1ea3n<\/td>\n<td>\u0110\u1ec3 n\u01a1i kh\u00f4 r\u00e1o, tho\u00e1ng m\u00e1t, tr\u00e1nh \u00e1nh n\u1eafng tr\u1ef1c ti\u1ebfp<\/td>\n<\/tr>\n<tr>\n<td>Kh\u1ed1i l\u01b0\u1ee3ng<\/td>\n<td>50g<\/td>\n<\/tr>\n<\/tbody>\n<\/table>\n<h2><strong>TH\u00d4NG TIN TH\u01af\u01a0NG HI\u1ec6U<\/strong><\/h2>\n<p><strong>La Sicilia International Trading<\/strong>\u00a0l\u00e0 m\u1ed9t trong nh\u1eefng c\u00f4ng ty h\u00e0ng \u0111\u1ea7u v\u1ec1 s\u1ea3n xu\u1ea5t v\u00e0 xu\u1ea5t kh\u1ea9u th\u1ef1c ph\u1ea9m \u00dd. Th\u1ef1c ph\u1ea9m c\u1ee7a<strong>La Sicilia<\/strong>\u00a0\u0111\u01b0\u1ee3c theo ti\u00eau chu\u1ea9n ch\u00e2u \u00c2u.<\/p>\n<p>\u0110\u01b0\u1ee3c th\u00e0nh l\u1eadp v\u00e0o n\u0103m 2010, c\u00f3 v\u0103n ph\u00f2ng ch\u00ednh t\u1ea1i \u00dd v\u00e0 c\u00e1c n\u01b0\u1edbc Ch\u00e2u \u00c1 (Trung Qu\u1ed1c, Hong Kong v\u00e0 Vi\u1ec7t Nam),<strong>La Sicilia<\/strong>\u00a0\u0111\u00e3 thi\u1ebft l\u1eadp m\u1ed9t h\u1ec7 th\u1ed1ng ph\u00e2n ph\u1ed1i th\u1ef1c ph\u1ea9m \u0111a d\u1ea1ng v\u00e0 linh ho\u1ea1t. Th\u00f4ng qua m\u1ea1ng l\u01b0\u1edbi kho v\u1eadn v\u00e0 b\u00e1n h\u00e0ng r\u1ed9ng kh\u1eafp, La Sicilia hi\u1ec7n cung c\u1ea5p nhi\u1ec1u s\u1ea3n ph\u1ea9m \u0111a d\u1ea1ng v\u00e0 phong ph\u00fa.<\/p>\n<p><img fetchpriority=\"high\" decoding=\"async\" class=\"wp-image-30945 aligncenter\" src=\"https:\/\/havamall.vn\/wp-content\/uploads\/2025\/03\/307921243_103893322487372_2912847563163232217_n-300x185.jpg\" alt=\"\" width=\"709\" height=\"437\" \/><\/p>\n<p>Kh\u00f3 t\u00ecm h\u01a1n v\u00e0ng, gi\u00e1 h\u00e0ng tr\u0103m tri\u1ec7u m\u1ed9t kg v\u00e0 h\u01b0\u01a1ng v\u1ecb \u0111\u01b0\u1ee3c v\u00ed nh\u01b0 \u201cch\u1ea5t g\u00e2y nghi\u1ec7n\u201d \u2013 gi\u1edbi \u1ea9m th\u1ef1c Ph\u00e1p t\u1eeb l\u00e2u \u0111\u00e3 x\u01b0ng t\u1ee5ng n\u1ea5m truffle l\u00e0 \u201cvi\u00ean kim c\u01b0\u01a1ng trong nh\u00e0 b\u1ebfp\u201d.<br \/>\nV\u00e0 d\u0129 nhi\u00ean, truffle c\u0169ng \u0111\u01b0\u1ee3c m\u1ec7nh danh l\u00e0 \u201clo\u1ea1i n\u1ea5m \u0111\u1eaft nh\u1ea5t th\u1ebf gi\u1edbi\u201d v\u1edbi gi\u00e1 l\u00ean \u0111\u1ebfn h\u00e0ng ch\u1ee5c, h\u00e0ng tr\u0103m tri\u1ec7u m\u1ed9t kg tu\u1ef3 lo\u1ea1i.<\/p>\n<p>H\u01b0\u01a1ng v\u1ecb c\u1ee7a truffle r\u1ea5t kh\u00f3 \u0111\u1ec3 t\u01b0\u1edfng t\u01b0\u1ee3ng. M\u1ed9t blog \u1ea9m th\u1ef1c \u0111\u00e3 mi\u00eau t\u1ea3 lo\u1ea1i n\u1ea5m n\u00e0y: \u201cb\u1ea1n h\u00e3y t\u01b0\u1edfng t\u01b0\u1ee3ng m\u00f9i h\u01b0\u01a1ng v\u00e0 v\u1ecb c\u1ee7a khoai t\u00e2y, nh\u01b0ng l\u00e0 c\u1ee7 khoai t\u00e2y l\u00e0m t\u1eeb pho m\u00e1t Parmesan, k\u1ebft h\u1ee3p v\u1edbi \u00f4 liu, nh\u01b0ng l\u1ea1i v\u1edbi k\u1ebft c\u1ea5u c\u1ee7a m\u1ed9t c\u00e2y n\u1ea5m! C\u1ea3m gi\u00e1c ch\u00fang mang l\u1ea1i cho v\u1ecb gi\u00e1c c\u1ee7a b\u1ea1n s\u1ebd kh\u00e1c ho\u00e0n to\u00e0n v\u1edbi nh\u1eefng tr\u1ea3i nghi\u1ec7m \u1ea9m th\u1ef1c tr\u01b0\u1edbc \u0111\u00e2y!\u201d<br \/>\nNhi\u1ec1u ng\u01b0\u1eddi \u0111\u00e3 mi\u00eau t\u1ea3 h\u01b0\u01a1ng v\u1ecb c\u1ee7a truffle: c\u00f3 m\u00f9i n\u1ed3ng c\u1ee7a t\u1ecfi, phong v\u1ecb c\u1ee7a \u0111\u1ea5t m\u1eb9, c\u1ee7a n\u1ea5m, h\u0103ng, c\u00f3 h\u01b0\u01a1ng x\u1ea1 v\u00e0 thoang tho\u1ea3ng m\u00f9i th\u1ecbt r\u1eebng. N\u1ea5m truffle \u0111\u1ed9c \u0111\u00e1o ch\u00ednh nh\u1edd m\u00f9i h\u01b0\u01a1ng \u0111\u1ed9c nh\u1ea5t v\u00f4 nh\u1ecb n\u00e0y. M\u1ed9t lo\u1ea1i n\u1ea5m khi\u1ebfn th\u1ef1c kh\u00e1ch say m\u00ea b\u1edfi h\u01b0\u01a1ng v\u1ecb tr\u01b0\u1edbc c\u1ea3 khi \u0111\u01b0a v\u00e0o mi\u1ec7ng th\u01b0\u1edfng th\u1ee9c.<\/p>\n<div><span class=\"text\"><img decoding=\"async\" class=\"wp-image-34839 aligncenter\" src=\"https:\/\/havamall.vn\/wp-content\/uploads\/2025\/03\/ghfg-265x300.png\" alt=\"\" width=\"677\" height=\"766\" \/><\/span><\/div>\n<div><\/div>\n<div><span class=\"text\">\u0110\u01b0\u1ee3c l\u00e0m t\u1eeb Truffle ch\u1ea5t l\u01b0\u1ee3ng cao, 100% t\u1ef1 nhi\u00ean. Ti\u1ec7n l\u1ee3i v\u00e0 d\u1ec5 s\u1eed d\u1ee5ng. \u0110a d\u1ea1ng v\u00e0 ph\u00f9 h\u1ee3p cho nhi\u1ec1u lo\u1ea1i m\u00f3n \u0103n.\u00a0<\/span><\/div>\n<div>\n<p>\u0110\u1eb7c \u0111i\u1ec3m ch\u00ednh c\u1ee7a b\u1ed9t gia v\u1ecb n\u1ea5m Truffle bao g\u1ed3m:<\/p>\n<ol>\n<li>M\u00f9i th\u01a1m: C\u00f3 m\u00f9i th\u01a1m \u0111\u1eb7c tr\u01b0ng c\u1ee7a n\u1ea5m Truffle.<\/li>\n<li>M\u00e0u s\u1eafc: C\u00f3 m\u00e0u x\u00e1m \u0111\u1ebfn \u0111en.<\/li>\n<li>H\u01b0\u01a1ng v\u1ecb: T\u01b0\u01a1ng t\u1ef1 nh\u01b0 v\u1ecb c\u1ee7a n\u1ea5m Truffle.<\/li>\n<li>S\u1eed d\u1ee5ng trong \u1ea9m th\u1ef1c: S\u1eed d\u1ee5ng l\u00e0m gia v\u1ecb trong th\u1ef1c ph\u1ea9m.<\/li>\n<li>Gi\u00e1 tr\u1ecb dinh d\u01b0\u1ee1ng: B\u1ed9t gia v\u1ecb n\u1ea5m truffle c\u00f3 ch\u1ee9a m\u1ed9t l\u01b0\u1ee3ng nh\u1ecf.ch\u1ea5t dinh d\u01b0\u1ee1ng, nh\u01b0ng ch\u1ee7 y\u1ebfu \u0111\u01b0\u1ee3c s\u1eed d\u1ee5ng v\u00ec m\u00f9i th\u01a1m \u0111\u1eb7c tr\u01b0ng, \u0111\u1ed9c \u0111\u00e1o, quy\u1ebfn r\u0169.<\/li>\n<\/ol>\n<p><img decoding=\"async\" class=\"wp-image-34840 aligncenter\" src=\"https:\/\/havamall.vn\/wp-content\/uploads\/2025\/03\/try-300x300.png\" alt=\"\" width=\"576\" height=\"576\" \/><\/p>\n<p class=\"gt-block\">C\u1ee7a ch\u00fang t\u00f4i\u00a0<strong>b\u1ed9t n\u00eam v\u1edbi n\u1ea5m truffle m\u00f9a h\u00e8 (1%) v\u00e0 h\u01b0\u01a1ng th\u01a1m v\u1ecb n\u1ea5m c\u1ee5c\u00a0<\/strong>l\u00e0 \u0111\u1ec3 r\u1eafc\u00a0<strong>tr\u1ef1c ti\u1ebfp tr\u00ean \u0111\u0129a<\/strong>, tr\u00ean m\u1ed9t m\u00f3n \u0103n n\u00f3ng, \u0111\u1ec3 t\u1eadn d\u1ee5ng t\u1ed1i \u0111a s\u1ee9c m\u1ea1nh c\u1ee7a n\u1ea5m c\u1ee5c th\u00ec n\u00ean n\u00eam khi \u0111\u00e3 b\u00e0y ra d\u0129a.<\/p>\n<p class=\"gt-block\">Ho\u00e0n h\u1ea3o cho nh\u1eefng ng\u01b0\u1eddi s\u00e0nh \u0103n:\u00a0<strong>r\u1eafc<\/strong>\u00a0m\u1ed9t v\u00e0i h\u1ea1t gia v\u1ecb d\u1ea1ng b\u1ed9t c\u1ee7a ch\u00fang t\u00f4i v\u1edbi n\u1ea5m c\u1ee5c m\u00f9a h\u00e8 (1%) v\u00e0 h\u01b0\u01a1ng th\u01a1m c\u00f3 m\u00f9i n\u1ea5m c\u1ee5c tr\u00ean th\u1ecbt n\u01b0\u1edbng, gia c\u1ea7m kem, m\u00f3n h\u1ea7m, c\u00e1 h\u1ea5p, tr\u1ee9ng trang tr\u1ea1i (chi\u00ean, lu\u1ed9c m\u1ec1m, b\u00e1c ho\u1eb7c tr\u1ee9ng tr\u00e1ng), m\u00e0 c\u00f2n tr\u00ean m\u00f3n P\u00e9rigord salad, m\u00ec \u1ed1ng t\u01b0\u01a1i, khoai t\u00e2y nghi\u1ec1n t\u1ef1 l\u00e0m, risotto n\u1ea5m ho\u1eb7c \u0111\u01a1n gi\u1ea3n l\u00e0 t\u00e1o nghi\u1ec1n.<\/p>\n<p class=\"gt-block\">C\u0169ng s\u1eed d\u1ee5ng b\u1ed9t gia v\u1ecb c\u1ee7a ch\u00fang t\u00f4i v\u1edbi n\u1ea5m c\u1ee5c m\u00f9a h\u00e8 v\u00e0 h\u01b0\u01a1ng th\u01a1m v\u1ecb n\u1ea5m c\u1ee5c\u00a0<strong>\u0111\u1ec3 l\u00e0m n\u01b0\u1edbc s\u1ed1t<\/strong>\u00a0v\u1edbi cr\u00e8me fra\u00eeche l\u1ecfng.<\/p>\n<p>V\u00ec nh\u1eefng l\u00fd do tr\u00ean, n\u1ea5m truffle lu\u00f4n \u0111\u01b0\u1ee3c xem l\u00e0 \u201cvi\u00ean kim c\u01b0\u01a1ng c\u1ee7a \u1ea9m th\u1ef1c\u201d, gi\u00e1 c\u1ea3 \u0111\u1eaft \u0111\u1ecf nh\u01b0ng kh\u00f4ng ng\u1eebng \u0111\u01b0\u1ee3c s\u0103n \u0111\u00f3n. N\u1ebfu c\u00f3 th\u1ec3, h\u00e3y th\u1eed truffle m\u1ed9t l\u1ea7n, ch\u1eafc ch\u1eafn b\u1ea1n s\u1ebd kh\u00f4ng th\u1ec3 qu\u00ean phong v\u1ecb quy\u1ebfn r\u0169 v\u00e0 \u0111\u1ed9c \u0111\u00e1o c\u1ee7a m\u00f3n \u0103n tinh tu\u1ef3 n\u00e0y.<\/p>\n<p><img loading=\"lazy\" decoding=\"async\" class=\"wp-image-34841 aligncenter\" src=\"https:\/\/havamall.vn\/wp-content\/uploads\/2025\/03\/reyey-300x300.png\" alt=\"\" width=\"578\" height=\"578\" \/><\/p>\n<p><strong>Mua B\u1ed9t N\u1ea5m Truffle \u1ede \u0110\u00e2u Uy T\u00edn?<\/strong><\/p>\n<p>B\u1ed9t N\u1ea5m Truffle \u0111\u01b0\u1ee3c ch\u00fang t\u00f4i nh\u1eadp kh\u1ea9u ch\u00ednh ngach, \u0111\u1ea3m b\u1ea3o ho\u00e1 \u0111\u01a1n v\u00e0 ki\u1ec3m \u0111\u1ecbnh \u0111\u1ea7y \u0111\u1ee7. Kh\u00f4ng th\u00f4ng qua trung gian, ch\u00fang t\u00f4i t\u1ef1 tin \u0111em \u0111\u1ebfn cho \u0111\u1ed1i t\u00e1c gi\u00e1 t\u1ed1t nh\u1ea5t v\u1edbi s\u1ea3n ph\u1ea9m t\u1ed1t nh\u1ea5t. Ch\u00fang t\u00f4i hi\u1ec7n t\u1ea1i l\u00e0 \u0111\u1ed1i t\u00e1c c\u1ee7a c\u00e1c nh\u00e0 h\u00e0ng, FnB v\u00e0 c\u00e1c \u0111\u1ea1i l\u00fd nh\u1ecf l\u1ebb.<\/p>\n<p>Ngo\u00e0i ra th\u00ec ch\u00fang t\u00f4i c\u00f2n cung c\u1ea5p \u0111\u1ebfn cho b\u1ea1n t\u1ea5t c\u1ea3 nh\u1eefng \u0111\u00e1nh gi\u00e1 c\u0169ng nh\u01b0 nh\u1eefng kinh nghi\u1ec7m t\u1eeb c\u00e1c \u0111\u1ecba ch\u1ec9 b\u00e1n h\u00e0ng. C\u00f9ng v\u1edbi \u0111\u00f3 l\u00e0 vi\u1ec7c c\u00e1c ch\u01b0\u01a1ng tr\u00ecnh khuy\u1ebfn m\u00e3i b\u1ea1n s\u1ebd \u0111\u01b0\u1ee3c ti\u1ebfp c\u1eadn nhanh h\u01a1n. B\u1ea1n s\u1ebd ti\u1ebft ki\u1ec7m \u0111\u01b0\u1ee3c nhi\u1ec1u th\u1eddi gian h\u01a1n cho vi\u1ec7c mua s\u1eafm. N\u1ebfu b\u1ea1n c\u1ea7n t\u01b0 v\u1ea5n th\u00eam v\u1ec1 s\u1ea3n ph\u1ea9m c\u0169ng nh\u01b0 c\u00e1c \u01b0u \u0111\u00e3i t\u1ed1t nh\u1ea5t d\u00e0nh cho nh\u00e0 h\u00e0ng, \u0111\u1ea1i l\u00fd&#8230; vui l\u00f2ng li\u00ean h\u1ec7 v\u1edbi ch\u00fang t\u00f4i qua hotline sau: 0946229642<\/p>\n<\/div>","protected":false},"excerpt":{"rendered":"<p>TH\u00d4NG TIN CHUNG Th\u01b0\u01a1ng hi\u1ec7u La Sicilia Xu\u1ea5t x\u1ee9 \u00dd Th\u00e0nh ph\u1ea7n N\u1ea5m c\u1ee5c \u0111en, b\u1ed9t c\u00e0 r\u1ed1t, b\u1ed9t n\u1ea5m<\/p>","protected":false},"featured_media":34837,"comment_status":"open","ping_status":"closed","template":"","meta":[],"product_brand":[],"product_cat":[595,672,36,143],"product_tag":[],"class_list":{"0":"post-34836","1":"product","2":"type-product","3":"status-publish","4":"has-post-thumbnail","6":"product_cat-gia-vi-va-che-bien","7":"product_cat-nhap-khau-y","8":"product_cat-thuc-pham-tieu-dung","9":"product_cat-thuc-pham-dong-hop","11":"first","12":"instock","13":"sale","14":"shipping-taxable","15":"purchasable","16":"product-type-simple"},"_links":{"self":[{"href":"https:\/\/havamall.vn\/en\/wp-json\/wp\/v2\/product\/34836"}],"collection":[{"href":"https:\/\/havamall.vn\/en\/wp-json\/wp\/v2\/product"}],"about":[{"href":"https:\/\/havamall.vn\/en\/wp-json\/wp\/v2\/types\/product"}],"replies":[{"embeddable":true,"href":"https:\/\/havamall.vn\/en\/wp-json\/wp\/v2\/comments?post=34836"}],"version-history":[{"count":0,"href":"https:\/\/havamall.vn\/en\/wp-json\/wp\/v2\/product\/34836\/revisions"}],"wp:featuredmedia":[{"embeddable":true,"href":"https:\/\/havamall.vn\/en\/wp-json\/wp\/v2\/media\/34837"}],"wp:attachment":[{"href":"https:\/\/havamall.vn\/en\/wp-json\/wp\/v2\/media?parent=34836"}],"wp:term":[{"taxonomy":"product_brand","embeddable":true,"href":"https:\/\/havamall.vn\/en\/wp-json\/wp\/v2\/product_brand?post=34836"},{"taxonomy":"product_cat","embeddable":true,"href":"https:\/\/havamall.vn\/en\/wp-json\/wp\/v2\/product_cat?post=34836"},{"taxonomy":"product_tag","embeddable":true,"href":"https:\/\/havamall.vn\/en\/wp-json\/wp\/v2\/product_tag?post=34836"}],"curies":[{"name":"wp","href":"https:\/\/api.w.org\/{rel}","templated":true}]}}