{"id":34832,"date":"2024-06-28T11:57:47","date_gmt":"2024-06-28T04:57:47","guid":{"rendered":"https:\/\/havamall.vn\/?post_type=product&#038;p=34832"},"modified":"2025-11-26T10:31:53","modified_gmt":"2025-11-26T03:31:53","slug":"banh-ladyfingers-nguyen-goc-y-matilde-vicenzi-vicenzovo-goi-200g","status":"publish","type":"product","link":"https:\/\/havamall.vn\/en\/shop\/banh-ladyfingers-nguyen-goc-y-matilde-vicenzi-vicenzovo-goi-200g\/","title":{"rendered":"B\u00e1nh Ladyfingers nguy\u00ean g\u1ed1c \u00dd Matilde Vicenzi Vicenzovo g\u00f3i 200g"},"content":{"rendered":"<h2><strong>TH\u00d4NG TIN CHUNG<\/strong><\/h2>\n<table>\n<tbody>\n<tr>\n<td>Th\u01b0\u01a1ng hi\u1ec7u<\/td>\n<td>Vicenzovo<\/td>\n<\/tr>\n<tr>\n<td>Xu\u1ea5t x\u1ee9<\/td>\n<td>\u00dd<\/td>\n<\/tr>\n<tr>\n<td>Th\u00e0nh ph\u1ea7n<\/td>\n<td>B\u1ed9t m\u00ec, \u0111\u01b0\u1eddng, tr\u1ee9ng t\u01b0\u01a1i 26% siro glucose, ch\u1ea5t t\u1ea1o x\u1ed1p, ch\u1ea5t nh\u0169 ho\u00e1, h\u01b0\u01a1ng chanh t\u1ef1 nhi\u00ean, h\u01b0\u01a1ng vani t\u1ef1 nhi\u00ean<\/td>\n<\/tr>\n<tr>\n<td>H\u1ea1n s\u1eed d\u1ee5ng<\/td>\n<td>Xem tr\u1ef1c ti\u1ebfp tr\u00ean bao b\u00ec<\/td>\n<\/tr>\n<tr>\n<td>B\u1ea3o qu\u1ea3n<\/td>\n<td>\u0110\u1ec3 n\u01a1i kh\u00f4 r\u00e1o, tho\u00e1ng m\u00e1t, tr\u00e1nh \u00e1nh n\u1eafng tr\u1ef1c ti\u1ebfp<\/td>\n<\/tr>\n<tr>\n<td>Kh\u1ed1i l\u01b0\u1ee3ng<\/td>\n<td>200g<\/td>\n<\/tr>\n<\/tbody>\n<\/table>\n<p>M\u00f9a h\u00e8 \u0111\u1ebfn l\u00e0 th\u1eddi gian l\u00ean ng\u00f4i c\u1ee7a c\u00e1c lo\u1ea1i b\u00e1nh ng\u1ecdt v\u1edbi k\u1ebft c\u1ea5u m\u00e1t l\u1ea1nh nh\u01b0 mousse hay tiramisu. \u0110\u1eb7c bi\u1ec7t, \u0111\u1ed1i v\u1edbi nh\u1eefng ai \u0111am m\u00ea h\u01b0\u01a1ng v\u1ecb b\u00e1nh ng\u1ecdt \u00fd, th\u00ec kh\u00f4ng th\u1ec3 b\u1ecf qua m\u1ed9t chi\u1ebfc b\u00e1nh Tiramisu th\u01a1m m\u00f9i c\u00e0 ph\u00ea ho\u00e0 c\u00f9ng r\u01b0\u1ee3u rhum, k\u1ebft h\u1ee3p v\u1edbi h\u01b0\u01a1ng v\u1ecb b\u00e9o ng\u1eady c\u1ee7a tr\u1ee9ng v\u00e0 mascarpone, v\u00e0 kh\u00f4ng th\u1ec3 kh\u00f4ng k\u1ec3 \u0111\u1ebfn l\u1edbp b\u00e1nh Lady finger \u2013 hay c\u00f2n \u0111\u01b0\u1ee3c bi\u1ebft \u0111\u1ebfn v\u1edbi t\u00ean g\u1ecdi l\u00e0 b\u00e1nh Sampa gi\u00f2n r\u1ee5m, th\u1ea5m \u0111\u1eabm v\u1ecb c\u00e0 ph\u00ea.<\/p>\n<p>Ch\u00ednh v\u00ec v\u1eady, b\u00e1nh Sampa \u0111\u00e3 tr\u1edf th\u00e0nh m\u1ed9t nguy\u00ean li\u1ec7u kh\u00f4ng th\u1ec3 thi\u1ebfu \u0111\u1ec3 t\u1ea1o n\u00ean m\u1ed9t chi\u1ebfc Tiramisu chu\u1ea9n v\u1ecb.\u00a0B\u00e1nh Sampa \u00dd Vicenzovo l\u00e0 m\u1ed9t trong nh\u1eefng s\u1ef1 l\u1ef1a ch\u1ecdn ho\u00e0n h\u1ea3o kh\u00f4ng th\u1ec3 b\u1ecf qua.<\/p>\n<p><img fetchpriority=\"high\" decoding=\"async\" class=\"aligncenter\" src=\"https:\/\/havamall.com\/wp-content\/uploads\/2025\/11\/banh-y-sampanh1.png\" alt=\"B\u00e1nh Champagne Ladyfinger Vicenzovo Nguy\u00ean G\u1ed1c \u00dd 200g\" width=\"711\" height=\"732\" \/><\/p>\n<p>Nguy\u00ean li\u1ec7u t\u01b0\u01a1i t\u1ea1i \u00dd:<\/p>\n<p>H\u00e0m l\u01b0\u1ee3ng tr\u1ee9ng t\u01b0\u01a1i cao, \u0111\u1ebfn 26% (kh\u00f4ng d\u00f9ng b\u1ed9t tr\u1ee9ng g\u00e0), tr\u1ee9ng \u0111\u01b0\u1ee3c thu ho\u1ea1ch t\u1eeb nh\u1eefng con g\u00e0 th\u1ea3 v\u01b0\u1eddn<\/p>\n<p>B\u1ed9t m\u00ec \u00dd v\u00e0 vani t\u1ef1 nhi\u00ean, nguy\u00ean li\u1ec7u \u0111\u01a1n gi\u1ea3n gi\u1eef l\u1ea1i h\u01b0\u01a1ng v\u1ecb truy\u1ec1n th\u1ed1ng \u00dd \u0111\u01b0\u1ee3c t\u1ea1o ra t\u1eeb c\u00f4ng th\u1ee9c 100 n\u0103m<\/p>\n<p>H\u01b0\u01a1ng th\u01a1m v\u00e0 v\u1ecb b\u00e1nh:<\/p>\n<p>M\u00f9i tr\u1ee9ng v\u00e0 vani \u201cth\u01a1m n\u1ee9c m\u0169i\u201d khi m\u1edf b\u00e1nh, vi\u1ec7c s\u1eed d\u1ee5ng tr\u1ee9ng g\u00e0 t\u01b0\u01a1i 100% t\u1ea1o n\u00ean h\u01b0\u01a1ng th\u01a1m ch\u00e2n th\u1eadt. M\u00f9i th\u01a1m vani t\u1ef1 nhi\u00ean h\u00f2a quy\u1ec7n t\u1ea1o n\u00ean m\u1ed9t h\u01b0\u01a1ng b\u00e1nh \u0111\u00fang b\u1eadc cao c\u1ea5p<\/p>\n<p>M\u1ed9t n\u1eeda thanh b\u00e1nh \u0111\u01b0\u1ee3c \u0111\u1ec1u ph\u1ee7 \u0111\u01b0\u1eddng nhuy\u1ec5n, \u201cdi\u1ec7n m\u1ea1o\u201d quen thu\u1ed9c c\u1ee7a chi\u1ebfc b\u00e1nh champagne tu\u1ed5i th\u01a1<\/p>\n<p>V\u1ecb b\u00e1nh gi\u00f2n ng\u1ecdt nh\u01b0ng kh\u00f4ng b\u1ecb c\u1ee9ng, kh\u00f4ng b\u1ecb m\u1ec1m nh\u0169n khi nh\u00fang v\u00e0o s\u1eefa hay c\u00e0 ph\u00ea, \u0111\u1ed9 gi\u00f2n tuy\u1ec7t v\u1eddi \u0111\u1ec3 l\u00e0m m\u00f3n b\u00e1nh tiramisu c\u1ed5 \u0111i\u1ec3n<\/p>\n<p>Quy c\u00e1ch: G\u00f3i 200g ch\u1ee9a 24 chi\u1ebfc b\u00e1nh 8,3g. L\u01b0\u1ee3ng calo c\u1ee7a 1 chi\u1ebfc b\u00e1nh ch\u1ec9 32 calo.<\/p>\n<p><img decoding=\"async\" class=\"aligncenter\" src=\"https:\/\/havamall.com\/wp-content\/uploads\/2025\/11\/vicenzi-vicenzovo-lady-finger-gmo-free-no-preservatives-no-artificial-colour.jpg\" alt=\"Vicenzi Vicenzovo Lady Finger GMO Free No Preservatives &amp; No Artificial Colour at Rs 1732\/pack in New Delhi\" width=\"714\" height=\"714\" \/><\/p>\n<h2><strong>\u0110\u1eb6C \u0110I\u1ec2M N\u1ed4I B\u1eacT C\u1ee6A S\u1ea2N PH\u1ea8M<\/strong><\/h2>\n<p>\u2013 B\u00e1nh quy x\u1ed1p d\u1ea1ng que d\u00e0i \u0111\u1eb9p m\u1eaft. B\u00e1nh th\u01a1m gi\u00f2n v\u1edbi l\u1edbp kem l\u00e0m t\u1eeb tr\u1ee9ng, s\u1eefa b\u00ean trong.<\/p>\n<p>\u2013 B\u00e1nh quy l\u00e0m t\u1eeb l\u00faa m\u1ea1ch th\u01b0\u1ee3ng h\u1ea1ng<\/p>\n<p>\u2013 B\u00e1nh quy x\u1ed1p \u0111\u01b0\u1ee3c l\u00e0m t\u1eeb nguy\u00ean li\u1ec7u ch\u00ednh l\u00e0 l\u00faa m\u1ea1ch b\u1ed5 sung h\u00e0m l\u01b0\u1ee3ng dinh d\u01b0\u1ee1ng cho c\u01a1 th\u1ec3. S\u1ea3n ph\u1ea9m \u0111\u01b0\u1ee3c l\u00e0m t\u1eeb nh\u1eefng h\u1ea1t l\u00faa m\u1ea1ch th\u01a1m ngon nh\u1ea5t, c\u00f3 v\u1ecb b\u00e9o, v\u1ecb ng\u1ecdt, th\u01a1m ngon.<\/p>\n<p>\u2013 S\u1ea3n ph\u1ea9m nh\u1eadp kh\u1ea9u t\u1eeb Italy, \u0111\u00e3 \u0111\u01b0\u1ee3c ki\u1ec3m \u0111\u1ecbnh ch\u1ea5t l\u01b0\u1ee3ng<\/p>\n<p>\u2013 S\u1ea3n ph\u1ea9m \u0111\u1ea3m b\u1ea3o an to\u00e0n th\u1ef1c ph\u1ea9m theo ti\u00eau chu\u1ea9n ch\u00e2u \u00c2u v\u00e0 \u0111\u00e3 \u0111\u01b0\u1ee3c ki\u1ec3m \u0111\u1ecbnh t\u1ea1i Vi\u1ec7t Nam.<\/p>\n<p>&nbsp;<\/p>","protected":false},"excerpt":{"rendered":"<p>TH\u00d4NG TIN CHUNG Th\u01b0\u01a1ng hi\u1ec7u Vicenzovo Xu\u1ea5t x\u1ee9 \u00dd Th\u00e0nh ph\u1ea7n B\u1ed9t m\u00ec, \u0111\u01b0\u1eddng, tr\u1ee9ng t\u01b0\u01a1i 26% siro glucose, ch\u1ea5t<\/p>","protected":false},"featured_media":34833,"comment_status":"open","ping_status":"closed","template":"","meta":[],"product_brand":[],"product_cat":[672,36,133],"product_tag":[],"class_list":{"0":"post-34832","1":"product","2":"type-product","3":"status-publish","4":"has-post-thumbnail","6":"product_cat-nhap-khau-y","7":"product_cat-thuc-pham-tieu-dung","8":"product_cat-banh-keo-chocolate","10":"first","11":"instock","12":"sale","13":"shipping-taxable","14":"purchasable","15":"product-type-simple"},"_links":{"self":[{"href":"https:\/\/havamall.vn\/en\/wp-json\/wp\/v2\/product\/34832"}],"collection":[{"href":"https:\/\/havamall.vn\/en\/wp-json\/wp\/v2\/product"}],"about":[{"href":"https:\/\/havamall.vn\/en\/wp-json\/wp\/v2\/types\/product"}],"replies":[{"embeddable":true,"href":"https:\/\/havamall.vn\/en\/wp-json\/wp\/v2\/comments?post=34832"}],"version-history":[{"count":0,"href":"https:\/\/havamall.vn\/en\/wp-json\/wp\/v2\/product\/34832\/revisions"}],"wp:featuredmedia":[{"embeddable":true,"href":"https:\/\/havamall.vn\/en\/wp-json\/wp\/v2\/media\/34833"}],"wp:attachment":[{"href":"https:\/\/havamall.vn\/en\/wp-json\/wp\/v2\/media?parent=34832"}],"wp:term":[{"taxonomy":"product_brand","embeddable":true,"href":"https:\/\/havamall.vn\/en\/wp-json\/wp\/v2\/product_brand?post=34832"},{"taxonomy":"product_cat","embeddable":true,"href":"https:\/\/havamall.vn\/en\/wp-json\/wp\/v2\/product_cat?post=34832"},{"taxonomy":"product_tag","embeddable":true,"href":"https:\/\/havamall.vn\/en\/wp-json\/wp\/v2\/product_tag?post=34832"}],"curies":[{"name":"wp","href":"https:\/\/api.w.org\/{rel}","templated":true}]}}