{"id":34806,"date":"2024-06-22T14:58:05","date_gmt":"2024-06-22T07:58:05","guid":{"rendered":"https:\/\/havamall.vn\/?post_type=product&#038;p=34806"},"modified":"2025-03-21T10:33:49","modified_gmt":"2025-03-21T03:33:49","slug":"dau-tay-dong-lanh-nguyen-trai-strawberry-emborg-450g","status":"publish","type":"product","link":"https:\/\/havamall.vn\/en\/shop\/dau-tay-dong-lanh-nguyen-trai-strawberry-emborg-450g\/","title":{"rendered":"D\u00e2u T\u00e2y \u0110\u00f4ng L\u1ea1nh Nguy\u00ean Tr\u00e1i &#8211; Strawberry Emborg 450g"},"content":{"rendered":"<h2><strong>TH\u00d4NG TIN S\u1ea2N PH\u1ea8M<\/strong><\/h2>\n<table>\n<tbody>\n<tr>\n<td>Th\u01b0\u01a1ng hi\u1ec7u<\/td>\n<td>Emborg<\/td>\n<\/tr>\n<tr>\n<td>Xu\u1ea5t x\u1ee9<\/td>\n<td>\u0110an M\u1ea1ch<\/td>\n<\/tr>\n<tr>\n<td>Th\u00e0nh ph\u1ea7n<\/td>\n<td>100% D\u00e2u t\u00e2y nguy\u00ean ch\u1ea5t<\/td>\n<\/tr>\n<tr>\n<td>H\u1ea1n s\u1eed d\u1ee5ng<\/td>\n<td>12 th\u00e1ng k\u1ec3 t\u1eeb ng\u00e0y s\u1ea3n xu\u1ea5t.<\/td>\n<\/tr>\n<tr>\n<td>B\u1ea3o qu\u1ea3n<\/td>\n<td>B\u1ea3o qu\u1ea3n \u1edf nhi\u1ec7t \u0111\u1ed9 \u0111\u00f4ng l\u1ea1nh<\/td>\n<\/tr>\n<tr>\n<td>Quy c\u00e1ch<\/td>\n<td>450g<\/td>\n<\/tr>\n<\/tbody>\n<\/table>\n<h5>Emborg l\u00e0 s\u1ea3n ph\u1ea9m danh gi\u00e1 c\u1ee7a t\u1eadp \u0111o\u00e0n Uhrenholt A\/S \u0110an M\u1ea1ch. \u00f4ng Khesley Koh \u2013 Gi\u00e1m \u0111\u1ed1c nh\u00e3n hi\u1ec7u Emborg t\u1ea1i Vi\u1ec7t Nam cam k\u1ebft v\u1ec1 ch\u1ea5t l\u01b0\u1ee3ng c\u0169ng nh\u01b0 quy tr\u00ecnh ki\u1ec3m \u0111\u1ecbnh t\u1eebng s\u1ea3n ph\u1ea9m c\u1ee7a h\u00e3ng \u0111\u1ec3 b\u1ea1n an t\u00e2m s\u1eed d\u1ee5ng.<\/h5>\n<h5>Emborg hi\u1ec7n \u0111\u00e3 c\u00f3 m\u1eb7t kh\u1eafp 67 qu\u1ed1c gia,\u00a0\u0111em \u0111\u1ebfn tay ng\u01b0\u1eddi ti\u00eau d\u00f9ng h\u01a1n 300 s\u1ea3n ph\u1ea9m ph\u1ee5c v\u1ee5 b\u1eefa \u0103n h\u00e0ng ng\u00e0y nh\u01b0\u00a0th\u1ecbt,\u00a0rau xanh,\u00a0h\u1ea3i s\u1ea3n \u0111\u00f4ng l\u1ea1nh,\u00a0b\u01a1,\u00a0ph\u00f4 mai,\u2026 Gi\u00e1 th\u00e0nh s\u1ea3n ph\u1ea9m h\u1ee3p l\u00fd v\u00e0 s\u1ea3n ph\u1ea9m ch\u1ee9a l\u01b0\u1ee3ng d\u01b0\u1ee1ng ch\u1ea5t d\u1ed3i d\u00e0o cung c\u1ea5p cho c\u01a1 th\u1ec3.<\/h5>\n<p><img fetchpriority=\"high\" decoding=\"async\" class=\"wp-image-34807 aligncenter\" src=\"https:\/\/havamall.vn\/wp-content\/uploads\/2025\/03\/xs-300x300.png\" alt=\"\" width=\"685\" height=\"685\" \/><\/p>\n<p dir=\"auto\">D\u00e2u t\u00e2y \u0111\u00f4ng l\u1ea1nh l\u00e0 d\u00f2ng s\u1ea3n ph\u1ea9m tr\u00e1i c\u00e2y \u0111\u00f4ng l\u1ea1nh v\u1edbi d\u00e2y chuy\u1ec1n c\u1ea5p \u0111\u00f4ng si\u00eau t\u1ed1c (IQF) 100% l\u00e0m t\u1eeb tr\u00e1i c\u00e2y t\u1ef1 nhi\u00ean v\u00e0 \u0111\u01b0\u1ee3c l\u1ef1a ch\u1ecdn k\u1ef9 l\u01b0\u1ee1ng, \u0111\u01b0\u1ee3c \u0111\u00f3ng g\u00f3i ti\u1ec7n l\u1ee3i \u0111\u1ec3 ph\u1ee5c v\u1ee5 m\u1ecdi nhu c\u1ea7u s\u1eed d\u1ee5ng su\u1ed1t c\u1ea3 n\u0103m.<\/p>\n<div class=\"kvgmc6g5 cxmmr5t8 oygrvhab hcukyx3x c1et5uql ii04i59q\">\n<p dir=\"auto\">Tr\u00e1i c\u00e2y \u0111\u01b0\u1ee3c ch\u1ecdn t\u1eeb nh\u1eefng ngu\u1ed3n v\u00e0 gi\u1ed1ng t\u1ed1t nh\u1ea5t \u0111\u1ea3m b\u1ea3o kh\u00f4ng \u0111\u01b0\u1eddng, kh\u00f4ng ch\u1ea5t t\u1ea1o m\u00f9i, kh\u00f4ng ch\u1ea5t t\u1ea1o m\u00e0u, kh\u00f4ng ch\u1ea5t b\u1ea3o qu\u1ea3n n\u00ean r\u1ea5t an to\u00e0n cho ng\u01b0\u1eddi s\u1eed d\u1ee5ng. S\u1ea3n ph\u1ea9m \u0111\u01b0\u1ee3c l\u00e0m l\u1ea1nh ngay sau khi thu ho\u1ea1ch n\u00ean gi\u1eef \u0111\u01b0\u1ee3c tr\u1ecdn v\u1eb9n h\u01b0\u01a1ng v\u1ecb, \u0111\u1ed9 t\u01b0\u01a1i ngon c\u00f9ng c\u00e1c vitamin, kho\u00e1ng ch\u1ea5t.<\/p>\n<p>D\u00e2u t\u00e2y c\u00f3 \u00edt calo v\u00e0 ch\u1ea5t b\u00e9o nh\u01b0ng l\u1ea1i gi\u00e0u d\u01b0\u1ee1ng ch\u1ea5t, kho\u00e1ng ch\u1ea5t v\u00e0 vitamin. D\u00e2u t\u00e2y c\u00f3 h\u00e0m l\u01b0\u1ee3ng cao anthocyanin v\u00e0 acid ellagic. Nghi\u00ean c\u1ee9u khoa h\u1ecdc cho th\u1ea5y \u0103n nhi\u1ec1u qu\u1ea3 d\u00e2u t\u00e2y c\u00f3 l\u1ee3i cho s\u1ee9c kh\u1ecfe v\u00e0 ch\u1ed1ng l\u1ea1i m\u1ed9t s\u1ed1 b\u1ec7nh nh\u01b0 ung th\u01b0, l\u00e3o h\u00f3a, vi\u00eam v\u00e0 b\u1ec7nh th\u1ea7n kinh.<\/p>\n<p>D\u00e2u t\u00e2y c\u00f3 ch\u1ee9a vitamin A, vitamin E v\u00e0 th\u00fac \u0111\u1ea9y qu\u00e1 tr\u00ecnh s\u1ea3n sinh c\u00e1c ch\u1ea5t ch\u1ed1ng oxy h\u00f3a phenolic nh\u01b0 lutein, Zea-xanthin v\u00e0 beta-carotene. C\u00e1c h\u1ee3p ch\u1ea5t n\u00e0y gi\u00fap l\u00e0m gi\u1ea3m qu\u00e1 tr\u00ecnh l\u00e3o h\u00f3a v\u00e0 b\u1ec7nh t\u1eadt kh\u00e1c nhau.<\/p>\n<p>D\u00e2u t\u00e2y \u0111\u00f4ng l\u1ea1nh Emborg ch\u1ee9a v\u1ecb ng\u1ecdt c\u1ee7a d\u00e2u t\u00e2y ch\u00edn \u0111\u1ecf. Khi n\u00f3 ch\u00edn ngon nh\u1ea5t, b\u1ea1n c\u00f3 th\u1ec3 nhanh ch\u00f3ng s\u1eed d\u1ee5ng ngay khi c\u00f2n \u0111\u00f4ng l\u1ea1nh, \u0111\u1ec3 c\u00f3 th\u1ec3 c\u1ea3m nh\u1eadn \u0111\u01b0\u1ee3c h\u01b0\u01a1ng v\u1ecb v\u00e0 m\u00f9i th\u01a1m c\u1ee7a qu\u1ea3 ng\u1ecdt nh\u01b0 v\u1ed1n c\u00f3.<\/p>\n<p>\u0110\u00f4ng l\u1ea1nh d\u00e2u t\u00e2y l\u00e0 m\u1ed9t c\u00e1ch tuy\u1ec7t v\u1eddi \u0111\u1ec3 th\u01b0\u1edfng th\u1ee9c h\u01b0\u01a1ng v\u1ecb th\u01a1m ngon c\u1ee7a nh\u1eefng qu\u1ea3 d\u00e2u t\u00e2y t\u01b0\u01a1i k\u1ec3 c\u1ea3 khi \u0111\u00e3 h\u1ebft m\u00f9a. C\u00f3 r\u1ea5t nhi\u1ec1u c\u00e1ch \u0111\u00f4ng l\u1ea1nh d\u00e2u t\u00e2y t\u01b0\u01a1i \u0111\u1ec3 \u0103n ho\u1eb7c s\u1eed d\u1ee5ng sau. B\u1ea1n c\u00f3 th\u1ec3 d\u1ec5 d\u00e0ng \u0111\u00f4ng l\u1ea1nh d\u00e2u t\u00e2y t\u01b0\u01a1i nguy\u00ean qu\u1ea3 ho\u1eb7c c\u1eaft l\u00e1t sao cho kh\u00f4ng b\u1ecb d\u00ednh b\u1eb1ng c\u00e1ch x\u1ebfp ch\u00fang r\u1eddi nhau tr\u00ean khay tr\u01b0\u1edbc khi cho v\u00e0o t\u1ee7 \u0111\u00f4ng. N\u1ebfu b\u1ea1n mu\u1ed1n d\u00e2u t\u00e2y c\u00f3 v\u1ecb ng\u1ecdt h\u01a1n, h\u00e3y th\u00eam \u0111\u01b0\u1eddng ho\u1eb7c n\u01b0\u1edbc \u0111\u01b0\u1eddng v\u00e0o d\u00e2u t\u00e2y v\u00e0 \u0111\u00f4ng l\u1ea1nh \u0111\u1ec3 d\u00f9ng khi l\u00e0m b\u00e1nh, l\u00e0m m\u1ee9t ho\u1eb7c pha cocktail.<\/p>\n<p><img decoding=\"async\" class=\"aligncenter\" src=\"https:\/\/havamall.vn\/wp-content\/uploads\/2025\/03\/711SfFP-73L._AC_UF8941000_QL80.jpg\" alt=\"Emborg Blueberries (Frozen Fruit) 400g : Amazon.sg: Grocery\" \/><\/p>\n<\/div>","protected":false},"excerpt":{"rendered":"<p>TH\u00d4NG TIN S\u1ea2N PH\u1ea8M Th\u01b0\u01a1ng hi\u1ec7u Emborg Xu\u1ea5t x\u1ee9 \u0110an M\u1ea1ch Th\u00e0nh ph\u1ea7n 100% D\u00e2u t\u00e2y nguy\u00ean ch\u1ea5t H\u1ea1n s\u1eed<\/p>","protected":false},"featured_media":34808,"comment_status":"open","ping_status":"closed","template":"","meta":[],"product_brand":[],"product_cat":[677,256,678,36],"product_tag":[],"class_list":{"0":"post-34806","1":"product","2":"type-product","3":"status-publish","4":"has-post-thumbnail","6":"product_cat-cac-nuoc-khac","7":"product_cat-thuc-pham-huu-co","8":"product_cat-trai-cay-dong-lanh","9":"product_cat-thuc-pham-tieu-dung","11":"first","12":"instock","13":"sale","14":"shipping-taxable","15":"purchasable","16":"product-type-simple"},"_links":{"self":[{"href":"https:\/\/havamall.vn\/en\/wp-json\/wp\/v2\/product\/34806"}],"collection":[{"href":"https:\/\/havamall.vn\/en\/wp-json\/wp\/v2\/product"}],"about":[{"href":"https:\/\/havamall.vn\/en\/wp-json\/wp\/v2\/types\/product"}],"replies":[{"embeddable":true,"href":"https:\/\/havamall.vn\/en\/wp-json\/wp\/v2\/comments?post=34806"}],"version-history":[{"count":0,"href":"https:\/\/havamall.vn\/en\/wp-json\/wp\/v2\/product\/34806\/revisions"}],"wp:featuredmedia":[{"embeddable":true,"href":"https:\/\/havamall.vn\/en\/wp-json\/wp\/v2\/media\/34808"}],"wp:attachment":[{"href":"https:\/\/havamall.vn\/en\/wp-json\/wp\/v2\/media?parent=34806"}],"wp:term":[{"taxonomy":"product_brand","embeddable":true,"href":"https:\/\/havamall.vn\/en\/wp-json\/wp\/v2\/product_brand?post=34806"},{"taxonomy":"product_cat","embeddable":true,"href":"https:\/\/havamall.vn\/en\/wp-json\/wp\/v2\/product_cat?post=34806"},{"taxonomy":"product_tag","embeddable":true,"href":"https:\/\/havamall.vn\/en\/wp-json\/wp\/v2\/product_tag?post=34806"}],"curies":[{"name":"wp","href":"https:\/\/api.w.org\/{rel}","templated":true}]}}