{"id":34774,"date":"2024-06-19T10:35:42","date_gmt":"2024-06-19T03:35:42","guid":{"rendered":"https:\/\/havamall.vn\/?post_type=product&#038;p=34774"},"modified":"2026-03-19T09:01:18","modified_gmt":"2026-03-19T02:01:18","slug":"nuoc-xong-khoi-hieu-wrights-liquid-smoke-103ml","status":"publish","type":"product","link":"https:\/\/havamall.vn\/en\/shop\/nuoc-xong-khoi-hieu-wrights-liquid-smoke-103ml\/","title":{"rendered":"N\u01b0\u1edbc x\u00f4ng kh\u00f3i hi\u1ec7u Wrights Liquid Smoke 103ml"},"content":{"rendered":"<h2><strong>TH\u00d4NG TIN CHUNG<\/strong><\/h2>\n<div dir=\"auto\">\n<div dir=\"auto\">\n<table>\n<tbody>\n<tr>\n<td>Th\u01b0\u01a1ng hi\u1ec7u<\/td>\n<td>Havafoodies<\/td>\n<\/tr>\n<tr>\n<td>Xu\u1ea5t x\u1ee9 th\u01b0\u01a1ng hi\u1ec7u<\/td>\n<td>USA<\/td>\n<\/tr>\n<tr>\n<td>H\u1ea1n s\u1eed d\u1ee5ng<\/td>\n<td>24 th\u00e1ng k\u1ec3 t\u1eeb ng\u00e0y s\u1ea3n xu\u1ea5t<\/td>\n<\/tr>\n<tr>\n<td>H\u01b0\u1edbng d\u1eabn b\u1ea3o qu\u1ea3n<\/td>\n<td>B\u1ea3o qu\u1ea3n nhi\u1ec7t \u0111\u1ed9 th\u01b0\u1eddng<\/td>\n<\/tr>\n<tr>\n<td>H\u01b0\u1edbng d\u1eabn s\u1eed d\u1ee5ng<\/td>\n<td>D\u00f9ng tr\u1ef1c ti\u1ebfp<\/td>\n<\/tr>\n<tr>\n<td>S\u1ea3n xu\u1ea5t<\/td>\n<td>USA<\/td>\n<\/tr>\n<tr>\n<td>Tr\u1ecdng l\u01b0\u1ee3ng s\u1ea3n ph\u1ea9m<\/td>\n<td>103 ml<\/td>\n<\/tr>\n<tr>\n<td>Quy c\u00e1ch \u0111\u00f3ng g\u00f3i<\/td>\n<td>Chai<\/td>\n<\/tr>\n<tr>\n<td>Th\u00e0nh ph\u1ea7n<\/td>\n<td>Xem tr\u00ean bao b\u00ec<\/td>\n<\/tr>\n<\/tbody>\n<\/table>\n<p>N\u01b0\u1edbc S\u1ed1t X\u00f4ng Kh\u00f3i \u01af\u1edbp \u0110\u1ed3 N\u01b0\u1edbng BBQ C\u00f4 \u0110\u1eb7c Wright&#8217;s Hickory Liquid Smoke\u00a0l\u00e0 s\u1ea3n ph\u1ea9m c\u00f3 h\u01b0\u01a1ng v\u1ecb truy\u1ec1n th\u1ed1ng, t\u1ef1 nhi\u00ean c\u1ee7a lo\u1ea1i g\u1ed7 H\u1ed3 \u0110\u00e0o (Hickory). B\u1edfi v\u00ec n\u00f3 \u0111\u1eadm \u0111\u1eb7c n\u00ean b\u1ea1n c\u00f3 th\u1ec3 d\u1ec5 d\u00e0ng thay \u0111\u1ed5i m\u1ee9c h\u01b0\u01a1ng v\u1ecb kh\u00f3i trong th\u1ef1c ph\u1ea9m, t\u1eeb tinh t\u1ebf \u0111\u1ebfn \u0111\u1ea7y \u0111\u1ee7 v\u00e0 m\u1ea1nh m\u1ebd. H\u00e3y th\u1eed n\u00f3 khi n\u01b0\u1edbng th\u1ecbt, gia c\u1ea7m ho\u1eb7c rau, ho\u1eb7c s\u1eed d\u1ee5ng n\u00f3 nh\u01b0 m\u1ed9t gia v\u1ecb trong n\u01b0\u1edbc x\u1ed1t, s\u00fap v\u00e0 m\u00f3n h\u1ea7m. Th\u01b0\u1edfng th\u1ee9c h\u01b0\u01a1ng v\u1ecb hun kh\u00f3i th\u1ef1c s\u1ef1 ch\u1ec9 trong v\u00e0i ph\u00fat.<\/p>\n<p>Wright\u2019s Liquid Smoke l\u1ea7n \u0111\u1ea7u \u0111\u01b0\u1ee3c gi\u1edbi thi\u1ec7u v\u00e0o n\u0103m 1895, cung c\u1ea5p h\u01b0\u01a1ng v\u1ecb hun kh\u00f3i ch\u1ec9 trong v\u00e0i ph\u00fat! \u0110\u00f3 l\u00e0 nguy\u00ean li\u1ec7u b\u00ed m\u1eadt m\u00e0 c\u00e1c nh\u00e0 h\u00e0ng s\u1eed d\u1ee5ng b\u00edt t\u1ebft, s\u01b0\u1eddn v\u00e0 c\u00e1nh \u0111\u1ec3 t\u1ea1o ra c\u00e1c m\u00f3n khai v\u1ecb ph\u1ed5 bi\u1ebfn nh\u1ea5t c\u1ee7a h\u1ecd. Gi\u1edd \u0111\u00e2y, b\u1ea1n c\u0169ng c\u00f3 th\u1ec3 th\u00eam h\u01b0\u01a1ng v\u1ecb kh\u00f3i th\u01a1m ngon v\u00e0o c\u00e1c m\u00f3n \u0103n y\u00eau th\u00edch c\u1ee7a m\u00ecnh.<\/p>\n<p><strong><img fetchpriority=\"high\" decoding=\"async\" class=\"wp-image-34775 aligncenter\" src=\"https:\/\/havamall.com\/wp-content\/uploads\/2025\/07\/SZX-300x300.png\" alt=\"\" width=\"611\" height=\"611\" \/><\/strong><\/p>\n<p>Hun kh\u00f3i hay x\u00f4ng kh\u00f3i l\u00e0 ph\u01b0\u01a1ng ph\u00e1p ch\u1ebf bi\u1ebfn m\u00f3n \u0103n k\u1ebft h\u1ee3p gi\u1eefa s\u1ea5y kh\u00f4 v\u00e0 l\u00e0m th\u1ea9m th\u1ea5u c\u00e1c h\u1ee3p ch\u1ea5t t\u1ef1 nhi\u00ean trong kh\u00f3i g\u1ed7 v\u00e0o th\u1ecbt, c\u00e1. M\u1ee5c \u0111\u00edch c\u1ee7a c\u00e1ch l\u00e0m n\u00e0y l\u00e0 v\u1eeba \u0111\u1ec3 b\u1ea3o caqu\u1ea3n v\u1eeba t\u0103ng th\u00eam h\u01b0\u01a1ng v\u1ecb cho m\u00f3n \u0103n. V\u1edbi ph\u01b0\u01a1ng ph\u00e1p hun kh\u00f3i, th\u1ecbt, c\u00e1 s\u1ebd \u0111\u01b0\u1ee3c di\u1ec7t s\u1ea1ch vi sinh v\u1eadt v\u00e0 ch\u1ed1ng oxy h\u00f3a.<\/p>\n<p>H\u01b0\u01a1ng kh\u00f3i g\u1ed7 s\u1ed3i d\u1ea1ng n\u01b0\u1edbc ta\u0323o mu\u0300i va\u0300 ma\u0300u \u0111\u0103\u0323c tr\u01b0ng cho sa\u0309n ph\u00e2\u0309m x\u00f4ng kho\u0301i. D\u00f9ng trong c\u00e1c s\u1ea3n ph\u1ea9m c\u00f3 s\u1eed d\u1ee5ng h\u1ec7 th\u1ed1ng x\u00f4ng kh\u00f3i t\u1ea9m, nh\u00fang. Sa\u0309n ph\u00e2\u0309m c\u00f3 m\u00f9i kh\u00f3i da\u0323ng n\u01b0\u1edbc d\u1ec5 ng\u1ea5m v\u00e0o th\u1ee9c \u0103n, ta\u0323o mu\u0300i h\u01b0\u01a1ng \u0111\u0103\u0323c tr\u01b0ng cho th\u1ee9c \u0103n. \u0110\u01b0\u1ee3c s\u1eed d\u1ee5ng trong c\u00e1c s\u1ea3n ph\u1ea9m jambon, nem n\u01b0\u1edbng, s\u1ed1t th\u1ecbt n\u01b0\u1edbng, th\u1ef1c ph\u1ea9m chay\u2026<\/p>\n<p>H\u01b0\u01a1ng kh\u00f3i v\u1edbi th\u00e0nh ph\u1ea7n t\u1ef1 nhi\u00ean an to\u00e0n. L\u00e0m t\u0103ng h\u01b0\u01a1ng x\u00f4ng kh\u00f3i \u0111\u1eb7c tr\u01b0ng cho c\u00e1c m\u00f3n nh\u01b0 x\u00fac x\u00edch x\u00f4ng kh\u00f3i, jambon, th\u1ecbt hun kh\u00f3i, ch\u00e2n gi\u00f2 mu\u1ed1i, snack\u2026 S\u1ea3n ph\u1ea9m d\u1ea1ng l\u1ecfng r\u1ea5t d\u1ec5 ng\u1ea5m v\u00e0o nguy\u00ean li\u1ec7u m\u00f3n \u0103n.<\/p>\n<p>H\u01b0\u01a1ng kh\u00f3i t\u1ea1o h\u01b0\u01a1ng th\u01a1m \u0111\u1eb7c tr\u01b0ng cho x\u00fac x\u00edch. Gi\u00fap t\u1ea1o m\u00e0u n\u00e2u c\u00f3 th\u1ee9c \u0103n khi s\u1eed d\u1ee5ng. H\u01b0\u01a1ng kh\u00f3i \u0111\u01b0\u1ee3c nh\u1eadp kh\u1ea9u t\u1eeb M\u1ef9, \u0111\u1ea1t ti\u00eau chu\u1ea9n s\u1ea3n xu\u1ea5t Ch\u00e2u \u00c2u n\u00ean an to\u00e0n tuy\u1ec7t \u0111\u1ed1i cho ng\u01b0\u1eddi s\u1eed d\u1ee5ng.<\/p>\n<p><img decoding=\"async\" class=\"aligncenter\" src=\"https:\/\/havamall.com\/wp-content\/uploads\/2025\/07\/Liquid-smoke_0175-9x16.jpg\" alt=\"Liquid Smoke in a Healthy Plant-Based Diet? \u2014 Gracious Vegan\" \/><\/p>\n<p><strong>H\u01af\u1edaNG D\u1eaaN S\u1eec D\u1ee4NG<\/strong><\/p>\n<p>\u2022 \u0110\u1ed1i v\u1edbi c\u00e1c lo\u1ea1i th\u1ecbt \u0111\u00e3 \u01b0\u1edbp, th\u00eam 2 mu\u1ed7ng c\u00e0 ph\u00ea v\u00e0o m\u1ed7i cup n\u01b0\u1edbc x\u1ed1t.<\/p>\n<p>\u2022 \u0110\u1ed1i v\u1edbi b\u00e1nh m\u00ec k\u1eb9p th\u1ecbt, tr\u1ed9n 2 mu\u1ed7ng c\u00e0 ph\u00ea v\u00e0o m\u1ed7i Lb. (kho\u1ea3ng 0.5 Kg) th\u1ecbt xay.<\/p>\n<p>\u2022 \u0110\u1ec3 c\u00f3 h\u01b0\u01a1ng v\u1ecb \u0111\u1eadm \u0111\u00e0, th\u00eam 1\/2 mu\u1ed7ng c\u00e0 ph\u00ea v\u00e0o m\u1ed7i kh\u1ea9u ph\u1ea7n \u0111\u1eadu h\u1ea7m (Baked beans).<\/p>\n<p>\u2022 \u0110\u1ec3 c\u00f3 m\u1ed9t lo\u1ea1i cocktail v\u1edbi h\u01b0\u01a1ng v\u1ecb x\u00f4ng kh\u00f3i tinh t\u1ebf, h\u00e3y th\u00eam m\u1ed9t v\u00e0i gi\u1ecdt v\u00e0o th\u1ee9c u\u1ed1ng y\u00eau th\u00edch c\u1ee7a b\u1ea1n.<\/p>\n<\/div>\n<\/div>","protected":false},"excerpt":{"rendered":"<p>TH\u00d4NG TIN CHUNG Th\u01b0\u01a1ng hi\u1ec7u Havafoodies Xu\u1ea5t x\u1ee9 th\u01b0\u01a1ng hi\u1ec7u USA H\u1ea1n s\u1eed d\u1ee5ng 24 th\u00e1ng k\u1ec3 t\u1eeb ng\u00e0y s\u1ea3n<\/p>","protected":false},"featured_media":34776,"comment_status":"open","ping_status":"closed","template":"","meta":[],"product_brand":[],"product_cat":[595,36],"product_tag":[],"class_list":{"0":"post-34774","1":"product","2":"type-product","3":"status-publish","4":"has-post-thumbnail","6":"product_cat-gia-vi-va-che-bien","7":"product_cat-thuc-pham-tieu-dung","9":"first","10":"outofstock","11":"sale","12":"shipping-taxable","13":"purchasable","14":"product-type-simple"},"_links":{"self":[{"href":"https:\/\/havamall.vn\/en\/wp-json\/wp\/v2\/product\/34774"}],"collection":[{"href":"https:\/\/havamall.vn\/en\/wp-json\/wp\/v2\/product"}],"about":[{"href":"https:\/\/havamall.vn\/en\/wp-json\/wp\/v2\/types\/product"}],"replies":[{"embeddable":true,"href":"https:\/\/havamall.vn\/en\/wp-json\/wp\/v2\/comments?post=34774"}],"version-history":[{"count":0,"href":"https:\/\/havamall.vn\/en\/wp-json\/wp\/v2\/product\/34774\/revisions"}],"wp:featuredmedia":[{"embeddable":true,"href":"https:\/\/havamall.vn\/en\/wp-json\/wp\/v2\/media\/34776"}],"wp:attachment":[{"href":"https:\/\/havamall.vn\/en\/wp-json\/wp\/v2\/media?parent=34774"}],"wp:term":[{"taxonomy":"product_brand","embeddable":true,"href":"https:\/\/havamall.vn\/en\/wp-json\/wp\/v2\/product_brand?post=34774"},{"taxonomy":"product_cat","embeddable":true,"href":"https:\/\/havamall.vn\/en\/wp-json\/wp\/v2\/product_cat?post=34774"},{"taxonomy":"product_tag","embeddable":true,"href":"https:\/\/havamall.vn\/en\/wp-json\/wp\/v2\/product_tag?post=34774"}],"curies":[{"name":"wp","href":"https:\/\/api.w.org\/{rel}","templated":true}]}}