{"id":34769,"date":"2024-06-18T18:22:06","date_gmt":"2024-06-18T11:22:06","guid":{"rendered":"https:\/\/havamall.vn\/?post_type=product&#038;p=34769"},"modified":"2025-03-21T11:52:22","modified_gmt":"2025-03-21T04:52:22","slug":"banh-ca-ri-nhat-ban-dong-lanh-65g-x-3-frozen-curry-bread","status":"publish","type":"product","link":"https:\/\/havamall.vn\/en\/shop\/banh-ca-ri-nhat-ban-dong-lanh-65g-x-3-frozen-curry-bread\/","title":{"rendered":"B\u00e1nh C\u00e0 Ri Nh\u1eadt B\u1ea3n Havafoodies \u0110\u00f4ng L\u1ea1nh 65g x 3 &#8211; Frozen Curry Bread &#8211; (Kare Pan) \u30ab\u30ec\u30fc\u30d1\u30f3"},"content":{"rendered":"<h2><strong>TH\u00d4NG TIN CHUNG<\/strong><\/h2>\n<div dir=\"auto\">\n<div dir=\"auto\">\n<table>\n<tbody>\n<tr>\n<td>Th\u01b0\u01a1ng hi\u1ec7u<\/td>\n<td>Havafoodies<\/td>\n<\/tr>\n<tr>\n<td>Xu\u1ea5t x\u1ee9 th\u01b0\u01a1ng hi\u1ec7u<\/td>\n<td>Nh\u1eadt B\u1ea3n<\/td>\n<\/tr>\n<tr>\n<td>H\u1ea1n s\u1eed d\u1ee5ng<\/td>\n<td>24 th\u00e1ng k\u1ec3 t\u1eeb ng\u00e0y s\u1ea3n xu\u1ea5t<\/td>\n<\/tr>\n<tr>\n<td>H\u01b0\u1edbng d\u1eabn b\u1ea3o qu\u1ea3n<\/td>\n<td>B\u1ea3o qu\u1ea3n nhi\u1ec7t \u0111\u1ed9 th\u01b0\u1eddng<\/td>\n<\/tr>\n<tr>\n<td>H\u01b0\u1edbng d\u1eabn s\u1eed d\u1ee5ng<\/td>\n<td>D\u00f9ng tr\u1ef1c ti\u1ebfp<\/td>\n<\/tr>\n<tr>\n<td>S\u1ea3n xu\u1ea5t<\/td>\n<td>Nh\u1eadt B\u1ea3n<\/td>\n<\/tr>\n<tr>\n<td>Tr\u1ecdng l\u01b0\u1ee3ng s\u1ea3n ph\u1ea9m<\/td>\n<td>65g x 3<\/td>\n<\/tr>\n<tr>\n<td>Quy c\u00e1ch \u0111\u00f3ng g\u00f3i<\/td>\n<td>T\u00fai nh\u1ef1a<\/td>\n<\/tr>\n<tr>\n<td>Th\u00e0nh ph\u1ea7n<\/td>\n<td>Xem tr\u00ean bao b\u00ec<\/td>\n<\/tr>\n<\/tbody>\n<\/table>\n<p>B\u00e1nh m\u00ec c\u00e0 ri (\u30ab\u30ec\u30fc\u30d1\u30f3 kar\u0113 pan) l\u00e0 m\u1ed9t m\u00f3n \u0103n Nh\u1eadt B\u1ea3n n\u1ed5i ti\u1ebfng. N\u00f3\u00a0<b>g\u1ed3m c\u00e0 ri Nh\u1eadt B\u1ea3n b\u1ecdc trong m\u1ed9t mi\u1ebfng b\u1ed9t nh\u1ed3i, th\u01b0\u1eddng \u0111\u01b0\u1ee3c ph\u1ee7 v\u1ee5n b\u00e1nh m\u00ec v\u00e0 chi\u00ean ng\u1eadp d\u1ea7u<\/b>. M\u1ed9t phi\u00ean b\u1ea3n l\u00e0 \u0111\u01b0\u1ee3c n\u01b0\u1edbng thay v\u00ec chi\u00ean ng\u1eadp d\u1ea7u, nh\u01b0ng chi\u00ean ng\u1eadp d\u1ea7u l\u00e0 b\u01b0\u1edbc n\u1ea5u \u0103n \u0111\u01b0\u1ee3c d\u00f9ng nhi\u1ec1u nh\u1ea5t.<\/p>\n<\/div>\n<\/div>\n<p><img decoding=\"async\" class=\"aligncenter\" src=\"https:\/\/havamall.vn\/wp-content\/uploads\/2025\/03\/Curry-Bread-Kare-Pan-6128-I-500x500.jpg\" alt=\"Curry Bread (Kare Pan) \u30ab\u30ec\u30fc\u30d1\u30f3 \u2022 Just One Cookbook\" \/><\/p>\n<h2 data-spm-anchor-id=\"a2o4n.pdp_revamp.product_detail.i5.47424580X57xyO\"><strong>\u0110\u1eb7c \u0111i\u1ec3m\u00a0n\u1ed5i b\u1eadt c\u1ee7a b\u00e1nh c\u00e0 ri Nh\u1eadt B\u1ea3n<\/strong><\/h2>\n<ul>\n<li>B\u00e1nh m\u00ec nh\u00e2n c\u00e0 ri chi\u00ean x\u00f9 Nh\u1eadt B\u1ea3n v\u1edbi v\u1ecf ngo\u00e0i gi\u00f2n r\u1ee5m v\u00e0ng \u01b0\u01a1m, bao l\u1ea5y ph\u1ea7n nh\u00e2n b\u00ean trong \u0111\u1eadm \u0111\u00e0, th\u01a1m ph\u1ee9c.<\/li>\n<li>B\u00e1nh \u0111\u01b0\u1ee3c ch\u1ebf bi\u1ebfn s\u1eb5n, ch\u1ec9 c\u1ea7n r\u00e3 \u0111\u00f4ng, chi\u00ean l\u00e0 \u0103n \u0111\u01b0\u1ee3c ngay. Kh\u00f4ng t\u1ed1n nhi\u1ec1u th\u1eddi gian ch\u1ebf bi\u1ebfn.<\/li>\n<li>Th\u1ef1c ph\u1ea9m cung c\u1ea5p n\u0103ng l\u01b0\u1ee3ng, b\u1ed5 d\u01b0\u1ee1ng.<\/li>\n<\/ul>\n<h2><strong>Th\u00f4ng tin s\u1ea3n ph\u1ea9m<\/strong><\/h2>\n<ul>\n<li><strong>H\u1ea1n s\u1eed d\u1ee5ng:<\/strong>\u00a012 th\u00e1ng<\/li>\n<li><strong>Th\u00e0nh ph\u1ea7n:\u00a0<\/strong>Th\u1ecbt g\u00e0, tr\u1ee9ng g\u00e0, h\u00e0nh t\u00e2y, khoai t\u00e2y, c\u00e0 r\u1ed1t, b\u1ed9t m\u00ec, mu\u1ed1i, \u0111\u01b0\u1eddng, b\u1ed9t c\u00e0 ri, b\u01a1, d\u1ea7u n\u00e0nh.<\/li>\n<li><strong>Quy c\u00e1ch \u0111\u00f3ng g\u00f3i:<\/strong>\u00a065g x 3 c\u00e1i<\/li>\n<li><strong>H\u01b0\u1edbng d\u1eabn b\u1ea3o qu\u1ea3n:<\/strong>\u00a0\u0110\u00f4ng l\u1ea1nh -18 \u0111\u1ed9 C<\/li>\n<li><strong>H\u01b0\u1edbng d\u1eabn s\u1eed d\u1ee5ng:\u00a0<\/strong>Kh\u00f4ng r\u00e3 \u0111\u00f4ng, chi\u00ean \u1edf nhi\u1ec7t \u0111\u1ed9 150-155 \u0111\u1ed9 trong th\u1eddi gian 6-8 ph\u00fat<\/li>\n<\/ul>","protected":false},"excerpt":{"rendered":"<p>TH\u00d4NG TIN CHUNG Th\u01b0\u01a1ng hi\u1ec7u Havafoodies Xu\u1ea5t x\u1ee9 th\u01b0\u01a1ng hi\u1ec7u Nh\u1eadt B\u1ea3n H\u1ea1n s\u1eed d\u1ee5ng 24 th\u00e1ng k\u1ec3 t\u1eeb ng\u00e0y<\/p>","protected":false},"featured_media":34773,"comment_status":"open","ping_status":"closed","template":"","meta":[],"product_brand":[],"product_cat":[679,675,36],"product_tag":[],"class_list":{"0":"post-34769","1":"product","2":"type-product","3":"status-publish","4":"has-post-thumbnail","6":"product_cat-banh-dong-lanh","7":"product_cat-nhap-khau-nhat-ban","8":"product_cat-thuc-pham-tieu-dung","10":"first","11":"instock","12":"sale","13":"shipping-taxable","14":"purchasable","15":"product-type-simple"},"_links":{"self":[{"href":"https:\/\/havamall.vn\/en\/wp-json\/wp\/v2\/product\/34769"}],"collection":[{"href":"https:\/\/havamall.vn\/en\/wp-json\/wp\/v2\/product"}],"about":[{"href":"https:\/\/havamall.vn\/en\/wp-json\/wp\/v2\/types\/product"}],"replies":[{"embeddable":true,"href":"https:\/\/havamall.vn\/en\/wp-json\/wp\/v2\/comments?post=34769"}],"version-history":[{"count":0,"href":"https:\/\/havamall.vn\/en\/wp-json\/wp\/v2\/product\/34769\/revisions"}],"wp:featuredmedia":[{"embeddable":true,"href":"https:\/\/havamall.vn\/en\/wp-json\/wp\/v2\/media\/34773"}],"wp:attachment":[{"href":"https:\/\/havamall.vn\/en\/wp-json\/wp\/v2\/media?parent=34769"}],"wp:term":[{"taxonomy":"product_brand","embeddable":true,"href":"https:\/\/havamall.vn\/en\/wp-json\/wp\/v2\/product_brand?post=34769"},{"taxonomy":"product_cat","embeddable":true,"href":"https:\/\/havamall.vn\/en\/wp-json\/wp\/v2\/product_cat?post=34769"},{"taxonomy":"product_tag","embeddable":true,"href":"https:\/\/havamall.vn\/en\/wp-json\/wp\/v2\/product_tag?post=34769"}],"curies":[{"name":"wp","href":"https:\/\/api.w.org\/{rel}","templated":true}]}}