{"id":34763,"date":"2024-06-18T18:07:06","date_gmt":"2024-06-18T11:07:06","guid":{"rendered":"https:\/\/havamall.vn\/?post_type=product&#038;p=34763"},"modified":"2025-03-20T11:23:25","modified_gmt":"2025-03-20T04:23:25","slug":"tinh-bot-khoai-tay-katakuriko-200g-potato-starch","status":"publish","type":"product","link":"https:\/\/havamall.vn\/en\/shop\/tinh-bot-khoai-tay-katakuriko-200g-potato-starch\/","title":{"rendered":"Tinh B\u1ed9t Khoai T\u00e2y Katakuriko 200g &#8211; Potato Starch"},"content":{"rendered":"<h2><strong>TH\u00d4NG TIN CHUNG<\/strong><\/h2>\n<div dir=\"auto\">\n<div dir=\"auto\">\n<table>\n<tbody>\n<tr>\n<td>Th\u01b0\u01a1ng hi\u1ec7u<\/td>\n<td>Havafoodies<\/td>\n<\/tr>\n<tr>\n<td>Xu\u1ea5t x\u1ee9 th\u01b0\u01a1ng hi\u1ec7u<\/td>\n<td>Nh\u1eadt B\u1ea3n<\/td>\n<\/tr>\n<tr>\n<td>H\u1ea1n s\u1eed d\u1ee5ng<\/td>\n<td>24 th\u00e1ng k\u1ec3 t\u1eeb ng\u00e0y s\u1ea3n xu\u1ea5t<\/td>\n<\/tr>\n<tr>\n<td>H\u01b0\u1edbng d\u1eabn b\u1ea3o qu\u1ea3n<\/td>\n<td>B\u1ea3o qu\u1ea3n nhi\u1ec7t \u0111\u1ed9 th\u01b0\u1eddng<\/td>\n<\/tr>\n<tr>\n<td>H\u01b0\u1edbng d\u1eabn s\u1eed d\u1ee5ng<\/td>\n<td>D\u00f9ng tr\u1ef1c ti\u1ebfp<\/td>\n<\/tr>\n<tr>\n<td>S\u1ea3n xu\u1ea5t<\/td>\n<td>Nh\u1eadt B\u1ea3n<\/td>\n<\/tr>\n<tr>\n<td>Tr\u1ecdng l\u01b0\u1ee3ng s\u1ea3n ph\u1ea9m<\/td>\n<td>200g<\/td>\n<\/tr>\n<tr>\n<td>Quy c\u00e1ch \u0111\u00f3ng g\u00f3i<\/td>\n<td>T\u00fai nh\u1ef1a<\/td>\n<\/tr>\n<tr>\n<td>Th\u00e0nh ph\u1ea7n<\/td>\n<td>Xem tr\u00ean bao b\u00ec<\/td>\n<\/tr>\n<\/tbody>\n<\/table>\n<p><b>B\u1ed9t khoai t\u00e2y\u00a0<\/b>hay \u1edf Nh\u1eadt B\u1ea3n c\u00f2n \u0111\u01b0\u1ee3c g\u1ecdi l\u00e0\u00a0<b><i>katakuriko<\/i><\/b>\u00a0l\u00e0 m\u1ed9t lo\u1ea1i b\u1ed9t n\u1ea5u \u0103n \u0111a d\u1ee5ng, r\u1ea5t th\u01b0\u1eddng \u0111\u01b0\u1ee3c d\u00f9ng trong ch\u1ebf bi\u1ebfn m\u00f3n \u0103n h\u1eb1ng ng\u00e0y t\u1eeb n\u1ea5u canh, chi\u00ean r\u00e1n, l\u00e0m b\u00e1nh \u0111\u1ebfn pha s\u1ed1t,\u2026<\/p>\n<p><b>B\u1ed9t khoai t\u00e2y katakuriko Gishi<\/b>\u00a0\u0111\u01b0\u1ee3c l\u00e0m t\u1eeb nh\u1eefng c\u1ee7 khoai t\u01b0\u01a1i \u1edf v\u00f9ng Hokkaido, c\u1ee7 n\u00e0o c\u0169ng to \u0111\u1ed3ng \u0111\u1ec1u v\u00e0 \u0111\u1ea1t ch\u1ea5t<b>\u00a0<\/b>l\u01b0\u1ee3ng. Sau khi n\u1ea5u ch\u00edn th\u00ec khoai t\u00e2y \u0111\u01b0\u1ee3c \u0111em \u0111i ph\u01a1i kh\u00f4 v\u00e0 nghi\u1ec1n th\u00e0nh d\u1ea1ng b\u1ed9t m\u00e0u tr\u1eafng c\u00f3 k\u1ebft c\u1ea5u m\u1ecbn, kh\u00f4ng ch\u1ee9a gluten.<\/p>\n<div><img decoding=\"async\" class=\"aligncenter\" src=\"https:\/\/havamall.vn\/wp-content\/uploads\/2025\/03\/Untitled-1-800x450-44.jpg\" alt=\"Tinh b\u1ed9t khoai t\u00e2y l\u00e0 g\u00ec? Kh\u00e1c g\u00ec v\u1edbi b\u1ed9t khoai t\u00e2y v\u00e0 c\u00e1c c\u00e1ch s\u1eed d\u1ee5ng\" \/><\/div>\n<p>B\u1ed9t khoai t\u00e2y \u0111\u00f3ng nhi\u1ec1u vai tr\u00f2 h\u1eefu \u00edch trong n\u1ea5u \u0103n. B\u1ed9t khoai t\u00e2y c\u00f3 th\u1ec3 s\u1eed d\u1ee5ng nh\u01b0 m\u1ed9t ch\u1ea5t l\u00e0m \u0111\u1eb7c, c\u00f3 \u0111\u1ed9 trong, d\u1ebbo v\u00e0 m\u1ecbn th\u00edch h\u1ee3p \u0111\u1ec3 n\u1ea5u c\u00e1c m\u00f3n canh, h\u1ea7m, s\u00fap, ch\u00e8 hay l\u00e0m nh\u1eefng m\u00f3n s\u1ed1t c\u1ea7n t\u1ea1o \u0111\u1ed9 s\u00e1nh m\u1ecbn.<\/p>\n<p>V\u1edbi c\u00e1c m\u00f3n th\u1ecbt, c\u00e1 chi\u00ean r\u00e1n ng\u1eadp d\u1ea7u th\u00ec khi ph\u1ee7 th\u00eam m\u1ed9t l\u1edbp katakuriko s\u1ebd t\u1ea1o n\u00ean \u0111\u1ed9 gi\u00f2n nhanh ch\u00f3ng v\u00e0 c\u00f3 h\u01b0\u01a1ng v\u1ecb \u0111\u1ed9c \u0111\u00e1o m\u00e0 kh\u00f4ng c\u1ea7n lo b\u1ecb ng\u1ea5m qu\u00e1 nhi\u1ec1u d\u1ea7u m\u1ee1.<\/p>\n<p>B\u1ed9t khoai t\u00e2y c\u00f2n th\u01b0\u1eddng \u0111\u01b0\u1ee3c k\u1ebft h\u1ee3p v\u1edbi b\u1ed9t m\u00ec \u0111\u1ec3 t\u1ea1o ra nhi\u1ec1u m\u00f3n b\u00e1nh ng\u1ecdt th\u01a1m, h\u1ea5p d\u1eabn. Ho\u1eb7c khi cho th\u00eam v\u00e0o b\u00e1nh quy, b\u00e1nh ng\u1ecdt s\u1ebd gi\u00fap c\u1ea3i thi\u1ec7n k\u1ebft c\u1ea5u t\u1ed5ng th\u1ec3 mang l\u1ea1i nhi\u1ec1u \u0111\u1ed9 \u1ea9m v\u00e0 th\u01b0\u1eddng c\u00f3 v\u1ecb ng\u1ecdt t\u1ef1 nhi\u00ean.<\/p>\n<p>\u0110\u1eb7c bi\u1ec7t, \u0111\u1ed1i v\u1edbi c\u00e1c m\u00f3n n\u01b0\u1edbng kh\u00f4ng ch\u1ee9a gluten hay nh\u1eefng c\u00f4ng th\u1ee9c b\u00e1nh c\u1ea7n b\u1ed9t n\u1edf th\u00ec b\u1ed9t khoai t\u00e2y l\u00e0 m\u1ed9t l\u1ef1a ch\u1ecdn thay th\u1ebf l\u00ed t\u01b0\u1edfng. V\u00ec \u0111\u00e2y l\u00e0 v\u1eeba l\u00e0 lo\u1ea1i b\u1ed9t kh\u00f4ng gluten v\u1eeba c\u00f3 th\u1ec3 gi\u1ea3i ph\u00f3ng kh\u00ed CO2 t\u1ea1o \u0111\u1ed9 n\u1edf.<\/p>\n<p>Ngo\u00e0i ra, b\u1ed9t khoai t\u00e2y c\u00f2n d\u00f9ng \u0111\u1ec3 l\u00e0m v\u1ecf b\u00e1nh nh\u01b0 b\u00e1nh g\u1ed1i, h\u00e1 c\u1ea3o, b\u00e1nh x\u00e8o,\u2026kh\u00f4ng nh\u1eefng t\u1ea1o \u0111\u01b0\u1ee3c \u0111\u1ed9 d\u1ebbo dai m\u00e0 c\u00f2n t\u1ea1o \u0111\u1ed9 x\u1ed1p gi\u00f2n khi chi\u00ean. Khi l\u00e0m nh\u1eefng m\u00f3n b\u00e1nh c\u00f3 \u0111\u1ed9 k\u1ebft d\u00ednh cao,\u00a0c\u00f3 th\u1ec3 d\u00f9ng\u00a0b\u1ed9t khoai t\u00e2y\u00a0l\u00e0m b\u1ed9t \u00e1o \u0111\u1ec3 kh\u00f4ng b\u1ecb d\u00ednh tay trong qu\u00e1 tr\u00ecnh nh\u00e0o n\u1eb7n v\u00e0 d\u1ec5 d\u00e0ng ch\u1ebf bi\u1ebfn m\u00f3n \u0103n h\u01a1n.<\/p>\n<div><img fetchpriority=\"high\" decoding=\"async\" class=\"aligncenter\" src=\"https:\/\/havamall.vn\/wp-content\/uploads\/2025\/03\/9d0f5050b4ad460715262cce64dae17f.png\" alt=\"H\u00c0NG NH\u1eacT B\u1ea2N) Tinh b\u1ed9t khoai t\u00e2y Katakuriko 200G \/ 250G | L\u1edbp ph\u1ee7 b\u00e1nh mochi, n\u1ea5u \u0103n | Lazada.vn\" width=\"841\" height=\"841\" \/><\/div>\n<p><strong>Th\u00e0nh ph\u1ea7n:\u00a0<\/strong>B\u1ed9t khoai t\u00e2y<strong>\u00a0<\/strong>100% (xu\u1ea5t x\u1ee9 t\u1eeb Hokkaido)<\/p>\n<p><strong>Kh\u1ed1i l\u01b0\u1ee3ng t\u1ecbnh:<\/strong>\u00a0200g\/g\u00f3i<\/p>\n<p><strong>B\u1ea3o qu\u1ea3n:<\/strong>\u00a0N\u01a1i kh\u00f4 r\u00e1o, tho\u00e1ng m\u00e1t. Tr\u00e1nh \u00e1nh n\u1eafng tr\u1ef1c ti\u1ebfp v\u00e0 n\u01a1i c\u00f3 \u0111\u1ed9 \u1ea9m cao<\/p>\n<p><strong>H\u01b0\u1edbng d\u1eabn s\u1eed d\u1ee5ng:<\/strong>\u00a0S\u1eed d\u1ee5ng \u0111\u1ec3 l\u00e0m c\u00e1c m\u00f3n b\u00e1nh, b\u00e1nh g\u1ea1o khoai t\u00e2y,&#8230;<\/p>\n<p><strong>H\u1ea1n s\u1eed d\u1ee5ng:<\/strong>\u00a018 th\u00e1ng k\u1ec3 t\u1eeb ng\u00e0y s\u1ea3n xu\u1ea5t<\/p>\n<p><strong>Xu\u1ea5t x\u1ee9:<\/strong>\u00a0Nh\u1eadt B\u1ea3n<\/p>\n<p><em>H\u01b0\u1edbng d\u1eabn l\u00e0m b\u00e1nh g\u1ea1o khoai t\u00e2y<\/em><\/p>\n<ul>\n<li>Cho n\u01b0\u1edbc v\u00e0o ch\u1ea3o, g\u1ecdt v\u1ecf v\u00e0 c\u1eaft khoai t\u00e2y theo k\u00edch th\u01b0\u1edbc v\u1eeba \u0103n. \u0110un khoai tr\u00ean l\u1eeda v\u1eeba v\u00e0 lu\u1ed9c ch\u00edn t\u1edbi.<\/li>\n<li>Cho khoai t\u00e2y \u0111\u00e3 lu\u1ed9c ch\u00edn r\u00e1o n\u01b0\u1edbc v\u00e0 t\u00e1n nhuy\u1ec5n b\u1eb1ng m\u00e1y nghi\u1ec1n khoai t\u00e2y khi c\u00f2n n\u00f3ng.<\/li>\n<li>Cho tinh b\u1ed9t khoai t\u00e2y v\u00e0 mu\u1ed1i v\u00e0o r\u1ed3i nh\u00e0o th\u00e0nh h\u00ecnh que c\u00f3 \u0111\u01b0\u1eddng kh\u00ednh t\u1eeb 5-6cm v\u00e0 c\u1eaft th\u00e0nh c\u00e1c l\u00e1t tr\u00f2n c\u00f3 chi\u1ec1u r\u1ed9ng 1cm.<\/li>\n<li>\u0110un n\u00f3ng d\u1ea7u trong ch\u1ea3o, n\u1ea5u \u1edf l\u1eeda nh\u1ecf trong 3 ph\u00fat m\u1ed7i m\u1eb7t th\u00eam b\u01a1 v\u00e0 n\u01b0\u1edbc s\u1ed1t m\u1eb7n<\/li>\n<\/ul>\n<p>&nbsp;<\/p>\n<\/div>\n<\/div>","protected":false},"excerpt":{"rendered":"<p>TH\u00d4NG TIN CHUNG Th\u01b0\u01a1ng hi\u1ec7u Havafoodies Xu\u1ea5t x\u1ee9 th\u01b0\u01a1ng hi\u1ec7u Nh\u1eadt B\u1ea3n H\u1ea1n s\u1eed d\u1ee5ng 24 th\u00e1ng k\u1ec3 t\u1eeb ng\u00e0y<\/p>","protected":false},"featured_media":34768,"comment_status":"open","ping_status":"closed","template":"","meta":[],"product_brand":[],"product_cat":[595,675,36],"product_tag":[],"class_list":{"0":"post-34763","1":"product","2":"type-product","3":"status-publish","4":"has-post-thumbnail","6":"product_cat-gia-vi-va-che-bien","7":"product_cat-nhap-khau-nhat-ban","8":"product_cat-thuc-pham-tieu-dung","10":"first","11":"instock","12":"sale","13":"shipping-taxable","14":"purchasable","15":"product-type-simple"},"_links":{"self":[{"href":"https:\/\/havamall.vn\/en\/wp-json\/wp\/v2\/product\/34763"}],"collection":[{"href":"https:\/\/havamall.vn\/en\/wp-json\/wp\/v2\/product"}],"about":[{"href":"https:\/\/havamall.vn\/en\/wp-json\/wp\/v2\/types\/product"}],"replies":[{"embeddable":true,"href":"https:\/\/havamall.vn\/en\/wp-json\/wp\/v2\/comments?post=34763"}],"version-history":[{"count":0,"href":"https:\/\/havamall.vn\/en\/wp-json\/wp\/v2\/product\/34763\/revisions"}],"wp:featuredmedia":[{"embeddable":true,"href":"https:\/\/havamall.vn\/en\/wp-json\/wp\/v2\/media\/34768"}],"wp:attachment":[{"href":"https:\/\/havamall.vn\/en\/wp-json\/wp\/v2\/media?parent=34763"}],"wp:term":[{"taxonomy":"product_brand","embeddable":true,"href":"https:\/\/havamall.vn\/en\/wp-json\/wp\/v2\/product_brand?post=34763"},{"taxonomy":"product_cat","embeddable":true,"href":"https:\/\/havamall.vn\/en\/wp-json\/wp\/v2\/product_cat?post=34763"},{"taxonomy":"product_tag","embeddable":true,"href":"https:\/\/havamall.vn\/en\/wp-json\/wp\/v2\/product_tag?post=34763"}],"curies":[{"name":"wp","href":"https:\/\/api.w.org\/{rel}","templated":true}]}}