{"id":34759,"date":"2024-06-18T17:42:42","date_gmt":"2024-06-18T10:42:42","guid":{"rendered":"https:\/\/havamall.vn\/?post_type=product&#038;p=34759"},"modified":"2024-06-21T17:24:24","modified_gmt":"2024-06-21T10:24:24","slug":"cu-cai-vang-muoi-ngam-chua-nhat-ban-nguyen-cay-500g-pickled-whole-radish-500gr","status":"publish","type":"product","link":"https:\/\/havamall.vn\/en\/shop\/cu-cai-vang-muoi-ngam-chua-nhat-ban-nguyen-cay-500g-pickled-whole-radish-500gr\/","title":{"rendered":"C\u1ee7 C\u1ea3i V\u00e0ng Mu\u1ed1i Ng\u00e2m Chua Nh\u1eadt B\u1ea3n Nguy\u00ean C\u00e2y 500g &#8211; Pickled Whole Radish 500gr"},"content":{"rendered":"<h2><strong>TH\u00d4NG TIN CHUNG<\/strong><\/h2>\n<div dir=\"auto\">\n<div dir=\"auto\">\n<table>\n<tbody>\n<tr>\n<td>Th\u01b0\u01a1ng hi\u1ec7u<\/td>\n<td>Havafoodies<\/td>\n<\/tr>\n<tr>\n<td>Xu\u1ea5t x\u1ee9 th\u01b0\u01a1ng hi\u1ec7u<\/td>\n<td>Nh\u1eadt B\u1ea3n<\/td>\n<\/tr>\n<tr>\n<td>H\u1ea1n s\u1eed d\u1ee5ng<\/td>\n<td>24 th\u00e1ng k\u1ec3 t\u1eeb ng\u00e0y s\u1ea3n xu\u1ea5t<\/td>\n<\/tr>\n<tr>\n<td>H\u01b0\u1edbng d\u1eabn b\u1ea3o qu\u1ea3n<\/td>\n<td>B\u1ea3o qu\u1ea3n nhi\u1ec7t \u0111\u1ed9 th\u01b0\u1eddng<\/td>\n<\/tr>\n<tr>\n<td>H\u01b0\u1edbng d\u1eabn s\u1eed d\u1ee5ng<\/td>\n<td>D\u00f9ng tr\u1ef1c ti\u1ebfp<\/td>\n<\/tr>\n<tr>\n<td>S\u1ea3n xu\u1ea5t<\/td>\n<td>Th\u00e1i Lan<\/td>\n<\/tr>\n<tr>\n<td>Tr\u1ecdng l\u01b0\u1ee3ng s\u1ea3n ph\u1ea9m<\/td>\n<td>500g<\/td>\n<\/tr>\n<tr>\n<td>Quy c\u00e1ch \u0111\u00f3ng g\u00f3i<\/td>\n<td>T\u00fai nh\u1ef1a<\/td>\n<\/tr>\n<tr>\n<td>Th\u00e0nh ph\u1ea7n<\/td>\n<td>Xem tr\u00ean bao b\u00ec<\/td>\n<\/tr>\n<\/tbody>\n<\/table>\n<p><strong>C\u1ee7 c\u1ea3i mu\u1ed1i Nh\u1eadt B\u1ea3n<\/strong>\u00a0&#8211; Takuan (\u6ca2 \u5eb5), hay c\u00f2n \u0111\u01b0\u1ee3c g\u1ecdi l\u00e0 takuwan ho\u1eb7c takuan-zuke, l\u00e0 m\u1ed9t lo\u1ea1i d\u01b0a mu\u1ed1i\u00a0truy\u1ec1n th\u1ed1ng c\u1ee7a Nh\u1eadt B\u1ea3n \u0111\u01b0\u1ee3c r\u1ea5t nhi\u1ec1u ng\u01b0\u1eddi y\u00eau th\u00edch b\u1edfi v\u1ecb gi\u00f2n, m\u1eb7n ng\u1ecdt v\u00e0 chua nh\u1eb9.\u00a0Takuwan\u00a0th\u01b0\u1eddng \u0111\u01b0\u1ee3c th\u01b0\u1edfng th\u1ee9c v\u00e0o cu\u1ed1i b\u1eefa \u0103n \u0111\u1ec3\u00a0gi\u00fap\u00a0h\u1ed7 tr\u1ee3 ti\u00eau h\u00f3a t\u1ed1t h\u01a1n.<\/p>\n<p>C\u1ee7 c\u1ea3i mu\u1ed1i Nh\u1eadt\u00a0l\u00e0 m\u00f3n \u0103n k\u00e8m truy\u1ec1n th\u1ed1ng \u0111\u01b0\u1ee3c y\u00eau th\u00edch \u1edf Nh\u1eadt B\u1ea3n. M\u00f3n \u0103n n\u00e0y h\u1ea7u nh\u01b0 kh\u00f4ng th\u1ec3 v\u1eafng b\u00f3ng trong b\u1eefa c\u01a1m c\u1ee7a nhi\u1ec1u gia \u0111\u00ecnh Nh\u1eadt. M\u00f9a t\u1ed1t nh\u1ea5t \u0111\u1ec3 mu\u1ed1i c\u1ee7 c\u1ea3i l\u00e0 gi\u1eefa m\u00f9a \u0111\u00f4ng khi \u0111\u00f3 c\u00f3 nhi\u1ec1u gi\u00f3. \u0110\u1ed9 \u1ea9m c\u1ee7a c\u1ee7 c\u1ea3i s\u1ebd b\u1ed1c h\u01a1i theo gi\u00f3. \u0110\u1ed9 \u1ea9m c\u1ee7a c\u1ee7 c\u1ea3i s\u1ebd b\u1ed1c h\u01a1i d\u1ea7n trong kho\u1ea3ng hai tu\u1ea7n. Tuy nhi\u00ean hi\u1ec7n nay \u1edf nhi\u1ec1u nh\u00e0 h\u00e0ng Nh\u1eadt th\u00ec m\u00f3n n\u00e0y \u0111\u01b0\u1ee3c ph\u1ee5c v\u1ee5 quanh n\u0103m.<\/p>\n<p><img fetchpriority=\"high\" decoding=\"async\" class=\"wp-image-34760 aligncenter\" src=\"https:\/\/havamall.vn\/wp-content\/uploads\/2024\/06\/453452-300x288.png\" alt=\"\" width=\"546\" height=\"524\" srcset=\"https:\/\/havamall.vn\/wp-content\/uploads\/2024\/06\/453452-300x288.png 300w, https:\/\/havamall.vn\/wp-content\/uploads\/2024\/06\/453452-600x577.png 600w, https:\/\/havamall.vn\/wp-content\/uploads\/2024\/06\/453452.png 675w\" sizes=\"(max-width: 546px) 100vw, 546px\" \/><\/p>\n<p>Khi mu\u1ed1i c\u1ee7 c\u1ea3i th\u00ec ng\u01b0\u1eddi ta s\u1ebd ng\u00e2m c\u1ee7 c\u1ea3i trong m\u1ed9t th\u00f9ng g\u1ed7 ho\u1eb7c x\u1ed1p. Khi b\u1eaft \u0111\u1ea7u mu\u1ed1i c\u1ee7 c\u1ea3i h\u1ecd th\u01b0\u1eddng cho nh\u1eefng gia v\u1ecb kh\u00e1c nhau v\u00e0o c\u00f9ng v\u1edbi c\u1ee7 c\u1ea3i. M\u00e0u tr\u1eafng l\u00e0 m\u00e0u s\u1eafc t\u1ef1 nhi\u00ean c\u1ee7a c\u1ee7 c\u1ea3i Nh\u1eadt B\u1ea3n. Tuy nhi\u00ean m\u00f3n \u0103n n\u00e0y th\u01b0\u1eddng c\u00f3 m\u00e0u v\u00e0ng b\u1edfi ng\u01b0\u1eddi ta th\u01b0\u1eddng cho th\u00eam ch\u1ea5t t\u1ea1o m\u00e0u \u0111\u1eb7c bi\u1ec7t cho m\u00f3n n\u00e0y \u0111\u00f3 l\u00e0 b\u1ed9t ngh\u1ec7. S\u1edf d\u0129 ng\u01b0\u1eddi ta ph\u1ea3i nhu\u1ed9m v\u00e0ng cho m\u00f3n \u0103n n\u00e0y l\u00e0 b\u1edfi c\u1ee7 c\u1ea3i s\u1ebd chuy\u1ec3n th\u00e0nh m\u00e0u n\u00e2u s\u1eabm khi ti\u1ebfp x\u00fac v\u1edbi gi\u00f3 v\u00e0 nhu\u1ed9m v\u00e0ng c\u1ee7 c\u1ea3i s\u1ebd khi\u1ebfn m\u00f3n \u0103n tr\u1edf n\u00ean \u0111\u1eb9p m\u1eaft h\u01a1n.<\/p>\n<p>Hi\u1ec7n nay m\u00f3n c\u1ee7 c\u1ea3i mu\u1ed1i Takuan \u0111\u01b0\u1ee3c xu\u1ea5t sang nhi\u1ec1u n\u01b0\u1edbc tr\u00ean th\u1ebf gi\u1edbi. Khi \u0111\u00f3 ng\u01b0\u1eddi ta th\u01b0\u1eddng \u0111\u00f3ng g\u00f3i ch\u00e2n kh\u00f4ng \u0111\u1ec3 gi\u00fap c\u1ee7 c\u1ea3i gi\u1eef \u0111\u01b0\u1ee3c l\u00e2u h\u01a1n.<\/p>\n<p>C\u1ee7 c\u1ea3i c\u00f3 \u0111\u01b0\u1eddng k\u00ednh kho\u1ea3ng 4cm, chi\u1ec1u d\u00e0i g\u1ea7n 30cm, c\u00f3 v\u1ecb ng\u1ecdt d\u1ecbu v\u00e0 \u0111\u1ed9 gi\u00f2n m\u1ec1m v\u1eeba \u0103n th\u00edch h\u1ee3p \u0111\u1ec3 \u0103n k\u00e8m v\u1edbi nhi\u1ec1u m\u00f3n nh\u01b0 m\u00ec t\u01b0\u01a1ng \u0111en, m\u00ec l\u1ea1nh, c\u01a1m tr\u1ed9n, sushi,&#8230;<\/p>\n<p><strong>Ngu\u1ed3n g\u1ed1c c\u1ee7a c\u1ee7 c\u1ea3i mu\u1ed1i Nh\u1eadt<\/strong><\/p>\n<p>Ngu\u1ed3n g\u1ed1c c\u1ee7a m\u00f3n\u00a0<em>c\u1ee7 c\u1ea3i mu\u1ed1i Nh\u1eadt<\/em>\u00a0c\u0169ng r\u1ea5t hay. Ng\u01b0\u1eddi \u0111\u00e3 t\u1ea1o n\u00ean m\u00f3n mu\u1ed1i chua n\u00e0y l\u00e0 m\u1ed9t nh\u00e0 s\u01b0 c\u00f3 t\u00ean l\u00e0 Takuan. \u0110\u00e2y l\u00e0 m\u1ed9t ng\u01b0\u1eddi c\u00f3 danh th\u1ebf l\u1edbn. \u00d4ng l\u00e0 ng\u01b0\u1eddi c\u00f3 m\u1ed1i quan h\u1ec7 v\u1edbi Miyamoto Musashi- ki\u1ebfm s\u0129 m\u1ea1nh nh\u1ea5t l\u1ecbch s\u1eed v\u00e0 Yagyuu Munenori- t\u01b0\u1edbng qu\u00e2n l\u00e3nh ch\u00faa v\u00e0 nh\u00e0 ki\u1ebfm thu\u1eadt \u0111\u1ea7u th\u1eddi Edo. L\u00fac \u0111\u1ea7u m\u00f3n \u0103n n\u00e0y \u0111\u01b0\u1ee3c nh\u00e0 s\u01b0 t\u1ea1o ra nh\u01b0 m\u1ed9t m\u00f3n \u0103n h\u00e0ng ng\u00e0y ch\u1ee9 ho\u00e0n to\u00e0n kh\u00f4ng ngh\u0129 l\u00e0 ph\u1ea3i \u0111\u1eb7t t\u00ean cho n\u00f3.<\/p>\n<p>T\u00ean c\u1ee7a m\u00f3n \u0103n n\u00e0y \u0111\u01b0\u1ee3c Tokugawa Iemitsu &#8211; v\u1ecb t\u01b0\u1edbng qu\u00e2n \u0111\u1ee9ng \u0111\u1ea7u gi\u1edbi Samurai l\u00fac b\u1ea5y gi\u1edd \u0111\u1eb7t. Khi \u0111\u00f3 \u00f4ng \u0111\u00e3 d\u1eebng ch\u00e2n t\u1ea1i ng\u00f4i ch\u00f9a c\u1ee7a nh\u00e0 s\u01b0 Takuan \u0111\u1ec3 d\u00f9ng b\u1eefa. Sau khi th\u01b0\u1edfng th\u1ee9c m\u00f3n \u0103n k\u00e8m n\u00e0y \u00f4ng \u0111\u00e3 h\u1ebft l\u1eddi t\u00e1n th\u01b0\u1edfng n\u00f3. Tuy nhi\u00ean khi h\u1ecfi t\u00ean th\u00ec m\u1edbi bi\u1ebft r\u1eb1ng m\u00f3n \u0103n m\u00e0 \u00f4ng m\u1edbi h\u1ebft l\u1eddi ca t\u1ee5ng v\u1eabn ch\u01b0a c\u00f3 t\u00ean. V\u00ec th\u1ebf \u00f4ng quy\u1ebft \u0111\u1ecbnh \u0111\u1eb7t t\u00ean cho m\u00f3n \u0103n b\u1eb1ng t\u00ean c\u1ee7a ng\u01b0\u1eddi l\u00e0m ra n\u00f3 l\u00e0 Takuan.<\/p>\n<p>T\u1eeb \u0111\u00f3 m\u00f3n \u0103n \u0111\u01b0\u1ee3c l\u01b0u truy\u1ec1n r\u1ed9ng r\u00e3i h\u01a1n v\u00e0 \u0111\u01b0\u1ee3c ng\u01b0\u1eddi d\u00e2n Nh\u1eadt B\u1ea3n y\u00eau m\u1ebfn. Sau n\u00e0y n\u00f3 tr\u1edf th\u00e0nh m\u00f3n \u0103n kh\u00f4ng th\u1ec3 thi\u1ebfu trong c\u00e1c gia \u0111\u00ecnh Nh\u1eadt.<\/p>\n<\/div>\n<\/div>","protected":false},"excerpt":{"rendered":"<p>TH\u00d4NG TIN CHUNG Th\u01b0\u01a1ng hi\u1ec7u Havafoodies Xu\u1ea5t x\u1ee9 th\u01b0\u01a1ng hi\u1ec7u Nh\u1eadt B\u1ea3n H\u1ea1n s\u1eed d\u1ee5ng 24 th\u00e1ng k\u1ec3 t\u1eeb ng\u00e0y<\/p>","protected":false},"featured_media":34761,"comment_status":"open","ping_status":"closed","template":"","meta":[],"product_brand":[],"product_cat":[595,36],"product_tag":[],"class_list":{"0":"post-34759","1":"product","2":"type-product","3":"status-publish","4":"has-post-thumbnail","6":"product_cat-gia-vi-va-che-bien","7":"product_cat-thuc-pham-tieu-dung","9":"first","10":"instock","11":"sale","12":"shipping-taxable","13":"purchasable","14":"product-type-simple"},"_links":{"self":[{"href":"https:\/\/havamall.vn\/en\/wp-json\/wp\/v2\/product\/34759"}],"collection":[{"href":"https:\/\/havamall.vn\/en\/wp-json\/wp\/v2\/product"}],"about":[{"href":"https:\/\/havamall.vn\/en\/wp-json\/wp\/v2\/types\/product"}],"replies":[{"embeddable":true,"href":"https:\/\/havamall.vn\/en\/wp-json\/wp\/v2\/comments?post=34759"}],"version-history":[{"count":0,"href":"https:\/\/havamall.vn\/en\/wp-json\/wp\/v2\/product\/34759\/revisions"}],"wp:featuredmedia":[{"embeddable":true,"href":"https:\/\/havamall.vn\/en\/wp-json\/wp\/v2\/media\/34761"}],"wp:attachment":[{"href":"https:\/\/havamall.vn\/en\/wp-json\/wp\/v2\/media?parent=34759"}],"wp:term":[{"taxonomy":"product_brand","embeddable":true,"href":"https:\/\/havamall.vn\/en\/wp-json\/wp\/v2\/product_brand?post=34759"},{"taxonomy":"product_cat","embeddable":true,"href":"https:\/\/havamall.vn\/en\/wp-json\/wp\/v2\/product_cat?post=34759"},{"taxonomy":"product_tag","embeddable":true,"href":"https:\/\/havamall.vn\/en\/wp-json\/wp\/v2\/product_tag?post=34759"}],"curies":[{"name":"wp","href":"https:\/\/api.w.org\/{rel}","templated":true}]}}