{"id":34745,"date":"2024-06-18T16:27:39","date_gmt":"2024-06-18T09:27:39","guid":{"rendered":"https:\/\/havamall.vn\/?post_type=product&#038;p=34745"},"modified":"2025-03-20T11:19:09","modified_gmt":"2025-03-20T04:19:09","slug":"giam-sushi-bin-otafuku-chuyen-lam-com-sushi-300ml","status":"publish","type":"product","link":"https:\/\/havamall.vn\/en\/shop\/giam-sushi-bin-otafuku-chuyen-lam-com-sushi-300ml\/","title":{"rendered":"Gi\u1ea5m Sushi Bin Otafuku Chuy\u00ean L\u00e0m C\u01a1m Sushi (300ML)"},"content":{"rendered":"<h2><strong>TH\u00d4NG TIN CHUNG<\/strong><\/h2>\n<div dir=\"auto\">\n<div dir=\"auto\">\n<table>\n<tbody>\n<tr>\n<td>Th\u01b0\u01a1ng hi\u1ec7u<\/td>\n<td>Havafoodies<\/td>\n<\/tr>\n<tr>\n<td>Xu\u1ea5t x\u1ee9 th\u01b0\u01a1ng hi\u1ec7u<\/td>\n<td>Nh\u1eadt B\u1ea3n<\/td>\n<\/tr>\n<tr>\n<td>H\u1ea1n s\u1eed d\u1ee5ng<\/td>\n<td>24 th\u00e1ng k\u1ec3 t\u1eeb ng\u00e0y s\u1ea3n xu\u1ea5t<\/td>\n<\/tr>\n<tr>\n<td>H\u01b0\u1edbng d\u1eabn b\u1ea3o qu\u1ea3n<\/td>\n<td>B\u1ea3o qu\u1ea3n nhi\u1ec7t \u0111\u1ed9 th\u01b0\u1eddng<\/td>\n<\/tr>\n<tr>\n<td>H\u01b0\u1edbng d\u1eabn s\u1eed d\u1ee5ng<\/td>\n<td>D\u00f9ng tr\u1ef1c ti\u1ebfp<\/td>\n<\/tr>\n<tr>\n<td>S\u1ea3n xu\u1ea5t<\/td>\n<td>Nh\u1eadt B\u1ea3n<\/td>\n<\/tr>\n<tr>\n<td>Tr\u1ecdng l\u01b0\u1ee3ng s\u1ea3n ph\u1ea9m<\/td>\n<td>300ml<\/td>\n<\/tr>\n<tr>\n<td>Quy c\u00e1ch \u0111\u00f3ng g\u00f3i<\/td>\n<td>Chai nh\u1ef1a<\/td>\n<\/tr>\n<tr>\n<td>Th\u00e0nh ph\u1ea7n<\/td>\n<td>Gi\u1ea5m ch\u01b0ng c\u1ea5t (s\u1ea3n xu\u1ea5t t\u1ea1i Nh\u1eadt B\u1ea3n) (58.14%), \u0111\u01b0\u1eddng (34.72%), mu\u1ed1i, ch\u1ea5t \u0111i\u1ec1u v\u1ecb (E621, E631, E627)<\/td>\n<\/tr>\n<\/tbody>\n<\/table>\n<p>Sushi l\u00e0 m\u1ed9t m\u00f3n \u0103n truy\u1ec7n th\u1ed1ng c\u1ee7a ng\u01b0\u1eddi d\u00e2n Nh\u1eadt B\u1ea3n, c\u0169ng \u0111\u01b0\u1ee3c nhi\u1ec1u ng\u01b0\u1eddi y\u00eau th\u00edch tr\u00ean to\u00e0n th\u1ebf gi\u1edbi, k\u1ec3 c\u1ea3 Vi\u1ec7t Nam. Sushi g\u00e2y \u1ea5n t\u01b0\u1ee3ng b\u1edfi s\u1ef1 t\u01b0\u01a1i ngon v\u00e0 \u0111a d\u1ea1ng c\u1ee7a c\u00e1c nguy\u00ean li\u1ec7u, t\u1eeb rau c\u1ee7 nh\u01b0 d\u01b0a leo, c\u00e0 r\u1ed1t, b\u01a1\u2026 \u0111\u1ebfn c\u00e1 h\u1ed3i s\u1ed1ng \u0111\u01b0\u1ee3c cu\u1ed9n v\u1edbi c\u01a1m tr\u1eafng m\u1ec1m. Sushi c\u00f3 v\u1ebb nh\u01b0 l\u00e0 m\u1ed9t m\u00f3n \u0103n \u0111\u01a1n gi\u1ea3n, nh\u01b0ng \u0111\u1ec3 l\u00e0m \u0111\u01b0\u1ee3c m\u1ed9t \u0111\u0129a sushi th\u01a1m ngon v\u00e0 ho\u00e0n h\u1ea3o, b\u1ea1n c\u1ea7n ch\u00fa \u00fd \u0111\u1ebfn m\u1ed9t y\u1ebfu t\u1ed1 quan tr\u1ecdng, \u0111\u00f3 l\u00e0 gi\u1ea5m l\u00e0m sushi.<strong>\u00a0Gi\u1ea5m\u00a0Sushi Otafuku<\/strong>\u00a0gi\u00fap c\u01a1m c\u00f3 \u0111\u1ed9 d\u1ebbo, s\u00e1nh v\u00e0 th\u01a1m, c\u0169ng nh\u01b0 t\u0103ng h\u01b0\u01a1ng v\u1ecb cho Sushi.<\/p>\n<p>Sushi kh\u00f4ng ch\u1ec9 ngon b\u1edfi nh\u1eefng topping \u0111\u01b0\u1ee3c cu\u1ed9n k\u00e8m nh\u01b0\u00a0thanh cua, c\u00e1 h\u1ed3i,\u00a0c\u1ee7 c\u1ea3i v\u00e0ng\u00a0hay nh\u1eefng l\u1edbp tr\u1ee9ng c\u00e1 chu\u1ed3n \u0111\u1ee7 m\u00e0u s\u1eafc ph\u1ee7 tr\u00ean b\u1ec1 m\u1eb7t m\u00e0 c\u00f2n g\u00e2y thu h\u00fat b\u1edfi l\u1edbp c\u01a1m tr\u1eafng d\u1ebbo, th\u01a1m m\u1ec1m mang theo v\u1ecb chua ng\u1ecdt \u0111\u1eb7c tr\u01b0ng khi\u1ebfn ai \u0103n qua c\u0169ng th\u00edch th\u00fa.<\/p>\n<p>V\u00e0 \u0111\u1ec3 t\u1ea1o \u0111\u01b0\u1ee3c v\u1ecb chua ng\u1ecdt h\u1ea5p d\u1eabn nh\u01b0 th\u1ebf th\u00ec c\u1ea7n ph\u1ea3i c\u00f3\u00a0<strong>Gi\u1ea5m Sushi Bin Otakafu\u00a0300ml<\/strong>\u00a0\u2013 M\u1ed9t lo\u1ea1i gia v\u1ecb \u01b0a d\u00f9ng c\u1ee7a c\u00e1c \u0111\u1ea7u b\u1ebfp khi ch\u1ebf bi\u1ebfn m\u00f3n sushi.<\/p>\n<p><img decoding=\"async\" class=\"aligncenter\" src=\"https:\/\/havamall.vn\/wp-content\/uploads\/2025\/03\/Giam-sushi-bin_480x480.jpg\" alt=\"Gi\u1ea5m Sushi Bin Otafuku 300ml - T\u00e8obokki Store\" \/><\/p>\n<h2><strong>Gi\u1edbi thi\u1ec7u s\u1ea3n ph\u1ea9m gi\u1ea5m Sushi Otafuku<\/strong><\/h2>\n<p><strong>Gi\u1ea5m Sushi Bin Otafuku<\/strong>\u00a0l\u00e0 m\u1ed9t lo\u1ea1i gi\u1ea5m Nh\u1eadt B\u1ea3n ch\u1ea5t l\u01b0\u1ee3ng cao, \u0111\u01b0\u1ee3c nh\u1eadp kh\u1ea9u 100% t\u1eeb Nh\u1eadt B\u1ea3n. Gi\u1ea5m Sushi Otafuku c\u00f3 chai nh\u1ecf 300ml, r\u1ea5t ti\u1ec7n l\u1ee3i cho vi\u1ec7c s\u1eed d\u1ee5ng v\u00e0 b\u1ea3o qu\u1ea3n.<\/p>\n<p><strong>Gi\u1ea5m l\u00e0m Sushi<\/strong>\u00a0l\u00e0 m\u1ed9t gia v\u1ecb kh\u00f4ng th\u1ec3 thi\u1ebfu khi l\u00e0m c\u01a1m sushi, m\u1ed9t m\u00f3n \u0103n \u0111\u1eb7c tr\u01b0ng c\u1ee7a Nh\u1eadt B\u1ea3n. Khi tr\u1ed9n\u00a0<strong>gi\u1ea5m tr\u1ed9n Sushi<\/strong>\u00a0v\u1edbi g\u1ea1o Nh\u1eadt, b\u1ea1n s\u1ebd c\u00f3 \u0111\u01b0\u1ee3c h\u1ea1t g\u1ea1o th\u01a1m, d\u1ebbo v\u00e0 s\u00e1nh, kh\u00f4ng b\u1ecb v\u1ee1 khi cu\u1ed9n hay ch\u1ea5m n\u01b0\u1edbc t\u01b0\u01a1ng kh\u00f4ng b\u1ecb r\u1eddi ra. Ngo\u00e0i ra b\u1ea1n c\u00f3 th\u1ec3 d\u00f9ng\u00a0<strong>gi\u1ea5m Sushi Bin<\/strong>\u00a0\u0111\u1ec3 k\u1ebft h\u1ee3p v\u1edbi c\u00e1c lo\u1ea1i rau s\u1ed1ng \u0111\u1ec3 l\u00e0m Salad ngon v\u00e0 b\u1ed5 d\u01b0\u1ee1ng cho c\u1ea3 gia \u0111\u00ecnh.<\/p>\n<p><strong>Gi\u1ea5m Sushisu Bin<\/strong>\u00a0l\u00e0 lo\u1ea1i\u00a0gi\u1ea5m\u00a0d\u1ecbu ng\u1ecdt \u0111\u01b0\u1ee3c l\u00ean men c\u1ea9n th\u1eadn b\u1eb1ng lo\u1ea1i n\u01b0\u1edbc ch\u1ea3y \u0111\u1eb7c bi\u1ec7t \u1edf v\u00f9ng cao nguy\u00ean c\u1ee7a Hiroshima, k\u1ebft h\u1ee3p v\u1edbi \u0111\u01b0\u1eddng, mu\u1ed1i t\u1ea1o n\u00ean h\u01b0\u01a1ng v\u1ecb th\u01a1m, chua ng\u1ecdt nh\u1eb9 nh\u00e0ng. Ng\u01b0\u1eddi Nh\u1eadt th\u01b0\u1eddng d\u00f9ng gi\u1ea5m sushi \u0111\u1ec3 tr\u1ed9n v\u1edbi c\u01a1m nh\u1eb1m l\u00e0m cho h\u1ea1t c\u01a1m tr\u1edf n\u00ean m\u1ec1m, d\u1ebbo v\u00e0 k\u1ebft d\u00ednh v\u1edbi nhau h\u01a1n, khi \u0111\u00f3 nh\u1eefng cu\u1ed1n sushi \u0111\u01b0\u1ee3c cu\u1ed9n s\u1ebd tr\u1edf n\u00ean ch\u1eafc ch\u1eafn v\u00e0 kh\u00f4ng b\u1ecb d\u1ec5 v\u1ee1.<\/p>\n<p><img decoding=\"async\" class=\"aligncenter\" src=\"https:\/\/havamall.vn\/wp-content\/uploads\/2025\/03\/umaimon-oumi_60956200-1mu.jpg\" alt=\"Gi\u1ea5m Sushi Bin Otafuku (300ML) \u2013 Bio Planet\" \/><\/p>\n<h2><strong>Gi\u00e1 tr\u1ecb dinh d\u01b0\u1ee1ng c\u00f3 trong gi\u1ea5m Sushi Otafuku<\/strong><\/h2>\n<h3><strong>Kh\u00e1ng khu\u1ea9n<\/strong><\/h3>\n<p>Sushi l\u00e0 m\u00f3n \u0103n th\u01b0\u1eddng \u0111\u01b0\u1ee3c k\u1ebft h\u1ee3p v\u1edbi h\u1ea3i s\u1ea3n t\u01b0\u01a1i s\u1ed1ng kh\u00f4ng qua ch\u1ebf bi\u1ebfn, do \u0111\u00f3 c\u00f3 nguy c\u01a1 thu h\u00fat vi khu\u1ea9n cao. Nh\u01b0ng n\u1ebfu b\u1ea1n th\u00eam gi\u1ea5m v\u00e0o sushi, b\u1ea1n s\u1ebd kh\u00f4ng c\u00f2n lo l\u1eafng v\u1ec1 v\u1ea5n \u0111\u1ec1 n\u00e0y. Gi\u1ea5m c\u00f3 t\u00e1c d\u1ee5ng kh\u00e1ng khu\u1ea9n, b\u1ea3o v\u1ec7 \u0111\u01b0\u1eddng ru\u1ed9t, ng\u0103n ch\u1eb7n c\u00fam v\u00e0 c\u00e1c b\u1ec7nh v\u1ec1 h\u00f4 h\u1ea5p.<strong>\u00a0Gi\u1ea5m l\u00e0m sushi\u00a0<\/strong>kh\u00f4ng ch\u1ec9 l\u00e0m n\u1ed5i b\u1eadt h\u01b0\u01a1ng v\u1ecb c\u1ee7a sushi m\u00e0 c\u00f2n l\u00e0m t\u0103ng s\u1ee9c kh\u1ecfe cho b\u1ea1n.<\/p>\n<h3><strong>H\u1ea5p th\u1ee5 canxi cho c\u01a1 th\u1ec3<\/strong><\/h3>\n<p>Khi b\u1ea1n \u0103n sushi, b\u1ea1n kh\u00f4ng ch\u1ec9 th\u01b0\u1edfng th\u1ee9c \u0111\u01b0\u1ee3c h\u01b0\u01a1ng v\u1ecb tuy\u1ec7t v\u1eddi m\u00e0 c\u00f2n \u0111\u01b0\u1ee3c b\u1ed5 sung canxi cho c\u01a1 th\u1ec3. B\u00ed quy\u1ebft n\u1eb1m \u1edf\u00a0<strong>gi\u1ea5m tr\u1ed9n c\u01a1m sushi<\/strong>, m\u1ed9t gia v\u1ecb \u0111\u1eb7c bi\u1ec7t c\u1ee7a Nh\u1eadt B\u1ea3n.\u00a0<strong>Gi\u1ea5m l\u00e0m sushi\u00a0<\/strong>c\u00f3 kh\u1ea3 n\u0103ng l\u00e0m m\u1ec1m c\u00e1c lo\u1ea1i th\u1ee9c \u0103n gi\u00e0u canxi nh\u01b0 x\u01b0\u01a1ng c\u00e1 hay x\u01b0\u01a1ng v\u1ecbt, gi\u00fap b\u1ea1n d\u1ec5 d\u00e0ng ti\u00eau h\u00f3a v\u00e0 h\u1ea5p th\u1ee5 canxi t\u1ed1t h\u01a1n.<\/p>\n<h2><strong>H\u01b0\u1edbng d\u1eabn c\u00e1ch s\u1eed d\u1ee5ng gi\u1ea5m Sushi Bin Otafuku 300ml<\/strong><\/h2>\n<p>B\u01b0\u1edbc tr\u1ed9n<strong>\u00a0d\u1ea5m sushi<\/strong>\u00a0v\u00e0o c\u01a1m l\u00e0 b\u01b0\u1edbc quan tr\u1ecdng nh\u1ea5t \u0111\u1ec3 t\u1ea1o n\u00ean m\u00f3n sushi ngon. B\u1ea1n c\u1ea7n ph\u1ea3i \u0111o l\u01b0\u1eddng ch\u00ednh x\u00e1c l\u01b0\u1ee3ng gi\u1ea5m c\u1ea7n thi\u1ebft, kh\u00f4ng qu\u00e1 nhi\u1ec1u c\u0169ng kh\u00f4ng qu\u00e1 \u00edt. M\u1ed9t t\u1ef7 l\u1ec7 ph\u00f9 h\u1ee3p l\u00e0 6 mu\u1ed7ng c\u01a1m: 1 mu\u1ed7ng gi\u1ea5m. B\u1ea1n c\u1ea7n ph\u1ea3i khu\u1ea5y \u0111\u1ec1u c\u01a1m v\u1edbi gi\u1ea5m \u0111\u1ec3 c\u01a1m kh\u00f4ng b\u1ecb kh\u00f4 v\u00e0 c\u1ee9ng v\u00e0 kh\u00f4ng \u0111\u1ec3 \u0111\u01b0\u1ee3c l\u00e2u trong th\u1eddi gian d\u00e0i.<\/p>\n<p>Khi c\u01a1m \u0111\u00e3 tr\u1ed9n \u0111\u1ec1u v\u1edbi gi\u1ea5m, b\u1ea1n h\u00e3y n\u1ebfm th\u1eed xem c\u01a1m c\u00f3 v\u1ecb chua nh\u1eb9 v\u00e0 m\u1ec1m m\u1ea1i kh\u00f4ng. N\u1ebfu c\u01a1m \u0111\u00e3 \u0111\u1ea1t y\u00eau c\u1ea7u, b\u1ea1n \u0111\u00e3 ho\u00e0n th\u00e0nh b\u01b0\u1edbc n\u00e0y r\u1ed3i \u0111\u1ea5y! B\u1ea1n ch\u1ec9 c\u1ea7n \u0111\u1ec3 c\u01a1m \u1edf n\u01a1i m\u00e1t m\u1ebb ho\u1eb7c th\u1ed5i ngu\u1ed9i b\u1eb1ng qu\u1ea1t l\u00e0 \u0111\u01b0\u1ee3c.<\/p>\n<p>L\u01b0u \u00fd: \u0110\u1ec3 l\u00e0m sushi, b\u1ea1n n\u00ean ch\u1ecdn g\u1ea1o c\u00f3 \u0111\u1ed9 d\u1ebbo cao. G\u1ea1o Nh\u1eadt l\u00e0 lo\u1ea1i g\u1ea1o l\u00fd t\u01b0\u1edfng cho m\u00f3n sushi, v\u00ec c\u01a1m Nh\u1eadt v\u1eabn gi\u1eef \u0111\u01b0\u1ee3c \u0111\u1ed9 d\u1ebbo v\u00e0 \u1ea9m khi ngu\u1ed9i.<\/p>\n<p>Kh\u00f4ng ch\u1ec9 th\u00edch h\u1ee3p d\u00f9ng trong c\u00e1c m\u00f3n \u0103n tr\u1ed9n c\u01a1m, gi\u1ea5m Nh\u1eadt c\u00f2n c\u00f3 th\u1ec3 ch\u1ebf bi\u1ebfn \u0111\u01b0\u1ee3c \u0111a d\u1ea1ng nhi\u1ec1u m\u00f3n salad ho\u1eb7c pha n\u01b0\u1edbc ch\u1ea5m theo c\u00e1ch s\u00e1ng t\u1ea1o c\u1ee7a ri\u00eang b\u1ea1n. S\u1ea3n ph\u1ea9m \u0111\u01b0\u1ee3c \u0111\u00f3ng chai 300ml nh\u1ecf g\u1ecdn, d\u1ec5 d\u00e0ng b\u1ea3o qu\u1ea3n v\u00e0 s\u1eed d\u1ee5ng.<\/p>\n<p><img fetchpriority=\"high\" decoding=\"async\" class=\"aligncenter\" src=\"https:\/\/havamall.vn\/wp-content\/uploads\/2024\/06\/sushiVinegar_recipeInsta03.webp\" alt=\"Sushi Vinegar | Otafuku Sauce | Japan Spark\" width=\"621\" height=\"384\" \/><\/p>\n<\/div>\n<\/div>","protected":false},"excerpt":{"rendered":"<p>TH\u00d4NG TIN CHUNG Th\u01b0\u01a1ng hi\u1ec7u Havafoodies Xu\u1ea5t x\u1ee9 th\u01b0\u01a1ng hi\u1ec7u Nh\u1eadt B\u1ea3n H\u1ea1n s\u1eed d\u1ee5ng 24 th\u00e1ng k\u1ec3 t\u1eeb ng\u00e0y<\/p>","protected":false},"featured_media":34746,"comment_status":"open","ping_status":"closed","template":"","meta":[],"product_brand":[],"product_cat":[595,675,36],"product_tag":[],"class_list":{"0":"post-34745","1":"product","2":"type-product","3":"status-publish","4":"has-post-thumbnail","6":"product_cat-gia-vi-va-che-bien","7":"product_cat-nhap-khau-nhat-ban","8":"product_cat-thuc-pham-tieu-dung","10":"first","11":"instock","12":"sale","13":"shipping-taxable","14":"purchasable","15":"product-type-simple"},"_links":{"self":[{"href":"https:\/\/havamall.vn\/en\/wp-json\/wp\/v2\/product\/34745"}],"collection":[{"href":"https:\/\/havamall.vn\/en\/wp-json\/wp\/v2\/product"}],"about":[{"href":"https:\/\/havamall.vn\/en\/wp-json\/wp\/v2\/types\/product"}],"replies":[{"embeddable":true,"href":"https:\/\/havamall.vn\/en\/wp-json\/wp\/v2\/comments?post=34745"}],"version-history":[{"count":0,"href":"https:\/\/havamall.vn\/en\/wp-json\/wp\/v2\/product\/34745\/revisions"}],"wp:featuredmedia":[{"embeddable":true,"href":"https:\/\/havamall.vn\/en\/wp-json\/wp\/v2\/media\/34746"}],"wp:attachment":[{"href":"https:\/\/havamall.vn\/en\/wp-json\/wp\/v2\/media?parent=34745"}],"wp:term":[{"taxonomy":"product_brand","embeddable":true,"href":"https:\/\/havamall.vn\/en\/wp-json\/wp\/v2\/product_brand?post=34745"},{"taxonomy":"product_cat","embeddable":true,"href":"https:\/\/havamall.vn\/en\/wp-json\/wp\/v2\/product_cat?post=34745"},{"taxonomy":"product_tag","embeddable":true,"href":"https:\/\/havamall.vn\/en\/wp-json\/wp\/v2\/product_tag?post=34745"}],"curies":[{"name":"wp","href":"https:\/\/api.w.org\/{rel}","templated":true}]}}