{"id":34735,"date":"2024-06-18T15:50:56","date_gmt":"2024-06-18T08:50:56","guid":{"rendered":"https:\/\/havamall.vn\/?post_type=product&#038;p=34735"},"modified":"2025-06-06T14:41:11","modified_gmt":"2025-06-06T07:41:11","slug":"ot-bot-nhat-ban-7-vi-nanami-toragashi-60g-sb-seven-flavor-chili-pepper-mix","status":"publish","type":"product","link":"https:\/\/havamall.vn\/en\/shop\/ot-bot-nhat-ban-7-vi-nanami-toragashi-60g-sb-seven-flavor-chili-pepper-mix\/","title":{"rendered":"\u1edat B\u1ed9t Nh\u1eadt B\u1ea3n 7 V\u1ecb Nanami Toragashi 15g &#8211; S&amp;B Seven-Flavor Chili Pepper Mix"},"content":{"rendered":"<h2><strong>TH\u00d4NG TIN CHUNG<\/strong><\/h2>\n<div dir=\"auto\">\n<div dir=\"auto\">\n<table>\n<tbody>\n<tr>\n<td>Th\u01b0\u01a1ng hi\u1ec7u<\/td>\n<td>S&amp;B<\/td>\n<\/tr>\n<tr>\n<td>Xu\u1ea5t x\u1ee9 th\u01b0\u01a1ng hi\u1ec7u<\/td>\n<td>Nh\u1eadt B\u1ea3n<\/td>\n<\/tr>\n<tr>\n<td>H\u1ea1n s\u1eed d\u1ee5ng<\/td>\n<td>15 th\u00e1ng k\u1ec3 t\u1eeb ng\u00e0y s\u1ea3n xu\u1ea5t<\/td>\n<\/tr>\n<tr>\n<td>H\u01b0\u1edbng d\u1eabn b\u1ea3o qu\u1ea3n<\/td>\n<td>B\u1ea3o qu\u1ea3n nhi\u1ec7t \u0111\u1ed9 \u0111\u00f4ng l\u1ea1nh<\/td>\n<\/tr>\n<tr>\n<td>H\u01b0\u1edbng d\u1eabn s\u1eed d\u1ee5ng<\/td>\n<td>D\u00f9ng tr\u1ef1c ti\u1ebfp<\/td>\n<\/tr>\n<tr>\n<td>S\u1ea3n xu\u1ea5t<\/td>\n<td>Nh\u1eadt B\u1ea3n<\/td>\n<\/tr>\n<tr>\n<td>Tr\u1ecdng l\u01b0\u1ee3ng s\u1ea3n ph\u1ea9m<\/td>\n<td>15g<\/td>\n<\/tr>\n<tr>\n<td>Quy c\u00e1ch \u0111\u00f3ng g\u00f3i<\/td>\n<td>H\u1ee7 thu\u1ef7 tinh<\/td>\n<\/tr>\n<tr>\n<td>Th\u00e0nh ph\u1ea7n<\/td>\n<td>\u1edat (46.25%), v\u1ecf cam, h\u1ea1t m\u00e8 \u0111en, h\u1ea1t m\u00e8 tr\u1eafng, rong bi\u1ec3n, ti\u00eau Nh\u1eadt B\u1ea3n, g\u1eebng<\/td>\n<\/tr>\n<\/tbody>\n<\/table>\n<p><strong>\u1edat b\u1ed9t Nh\u1eadt B\u1ea3n 7 v\u1ecb\u00a0<\/strong>l\u00e0 h\u1ed7n h\u1ee3p gia v\u1ecb b\u1ed9t \u1edbt cay truy\u1ec1n th\u1ed1ng\u00a0c\u1ee7a \u1ea9m th\u1ef1c Nh\u1eadt B\u1ea3n, k\u1ebft h\u1ee3p t\u1eeb 7 nguy\u00ean li\u1ec7u t\u1ef1 nhi\u00ean nh\u01b0: \u1edbt \u0111\u1ecf (toragashi), v\u1ecf cam, m\u00e8 tr\u1eafng, m\u00e8 \u0111en, rong bi\u1ec3n, ti\u00eau v\u00e0 g\u1eebng.<\/p>\n<p>H\u1ed7n h\u1ee3p n\u00e0y mang \u0111\u1ebfn h\u01b0\u01a1ng v\u1ecb cay th\u01a1m \u0111\u1eb7c tr\u01b0ng v\u00e0 m\u00e0u s\u1eafc \u0111\u1ecf\u00a0\u0111\u1eb9p m\u1eaft, t\u1ea1o \u0111i\u1ec3m nh\u1ea5n tuy\u1ec7t v\u1eddi khi r\u1eafc l\u00ean nhi\u1ec1u\u00a0m\u00f3n \u0103n. \u0110\u1eb7c bi\u1ec7t, \u1edbt b\u1ed9t 7 v\u1ecb\u00a0th\u01b0\u1eddng \u0111\u01b0\u1ee3c s\u1eed d\u1ee5ng \u0111\u1ec3 r\u1eafc l\u00ean c\u00e1c m\u00f3n\u00a0m\u00ec soba, m\u00ec udon, c\u01a1m gyudon, th\u1ecbt n\u01b0\u1edbng v\u00e0 nhi\u1ec1u m\u00f3n \u0103n kh\u00e1c, mang \u0111\u1ebfn s\u1ef1 h\u1ea5p d\u1eabn v\u00e0 ngon mi\u1ec7ng cho m\u00f3n \u0103n.<\/p>\n<p>\u1edat b\u1ed9t 7 v\u1ecb Shichimi Togarashi kh\u00f4ng ch\u1ec9 l\u00e0 gia v\u1ecb nh\u1eb1m t\u0103ng v\u1ecb gi\u00e1c khi th\u01b0\u1edfng th\u1ee9c m\u00f3n \u0103n t\u1ed1t h\u01a1n m\u00e0 c\u00f2n l\u00e0 ph\u01b0\u01a1ng thu\u1ed1c qu\u00fd m\u00e0 b\u1ea5y l\u00e2u nay c\u00f3 th\u1ec3 b\u1ea1n ch\u01b0a bi\u1ebft, ch\u00ednh c\u00f4ng d\u1ee5ng th\u1ea7n k\u1ef3 c\u1ee7a \u1edbt b\u1ed9t m\u00e0 nhi\u1ec1u ch\u1ecb em \u0111\u00e3 su\u00fdt b\u1ecf qu\u00ean h\u0169 gia v\u1ecb nh\u1ecf b\u00e9 n\u00e0y trong ng\u0103n b\u1ebfp nay \u0111\u00e3 s\u1eed d\u1ee5ng \u0111\u1ec1u \u0111\u1eb7n h\u01a1n. V\u1eady nh\u1edd \u0111\u00e2u m\u00e0 s\u1ea3n ph\u1ea9m tuy nh\u1ecf m\u00e0 l\u1ee3i \u00edch s\u1ee9c kh\u1ecfe l\u1ea1i l\u1edbn nh\u01b0 v\u1eady?<\/p>\n<div class=\"wpb_text_column wpb_content_element\">\n<div class=\"wpb_wrapper\">\n<p>\u1edat b\u1ed9t 7 v\u1ecb Shichimi Togarashi \u0111\u00e3 xu\u1ea5t hi\u1ec7n t\u1eeb h\u00e0ng tr\u0103m n\u0103m v\u1ec1 tr\u01b0\u1edbc, trong c\u00e1c c\u1eeda hi\u1ec7u \u0110\u00f4ng y Trung qu\u1ed1c; ng\u00e0y nay th\u00ec lo\u1ea1i \u1edbt b\u1ed9t n\u00e0y l\u1ea1i \u0111\u01b0\u1ee3c s\u1eed d\u1ee5ng r\u1ed9ng r\u00e3i tr\u00ean kh\u1eafp n\u01b0\u1edbc Nh\u1eadt v\u00e0 l\u00e0 gia v\u1ecb kh\u00f4ng th\u1ec3 thi\u1ebfu c\u1ee7a m\u00f3n m\u00ec soba v\u00e0 udon, nh\u01b0ng th\u1ef1c t\u1ebf \u0111\u00e2y l\u1ea1i l\u00e0 ph\u01b0\u01a1ng thu\u1ed1c r\u1ea5t t\u1ed1t cho d\u1ea1 d\u00e0y.<\/p>\n<p>Th\u00e0nh ph\u1ea7n ch\u00ednh c\u1ee7a<strong>\u00a0\u1edat b\u1ed9t 7 v\u1ecb\u00a0<\/strong>l\u00e0 kh\u00e1c nhau t\u00f9y t\u1eebng \u0111\u1ecba ph\u01b0\u01a1ng, nh\u01b0ng theo c\u00f4ng th\u1ee9c c\u1ee7a Shichimi Togarashi (m\u1ed9t th\u01b0\u01a1ng hi\u1ec7u l\u00e2u \u0111\u1eddi \u0111\u00e3 ho\u1ea1t \u0111\u1ed9ng t\u1eeb n\u0103m 1625) th\u00ec h\u1ed7n h\u1ee3p gia v\u1ecb b\u1ed9t \u1edbt cay truy\u1ec1n th\u1ed1ng g\u1ed3m 7 nguy\u00ean li\u1ec7u t\u1ef1 nhi\u00ean nh\u01b0: \u1edbt t\u01b0\u01a1i, \u1edbt kh\u00f4, b\u1ed9t ti\u00eau, v\u1eebng \u0111en, v\u1ecf cam qu\u00fdt. h\u1ea1t anh t\u00fac, h\u1ea1t gai d\u1ea7u.<\/p>\n<\/div>\n<\/div>\n<div class=\"vc_row wpb_row vc_inner vc_row-fluid\">\n<div class=\"wpb_column vc_column_container vc_col-sm-6\">\n<div class=\"vc_column-inner\">\n<div class=\"wpb_wrapper\">\n<div class=\"wpb_single_image wpb_content_element vc_align_center\">\u00a0<img fetchpriority=\"high\" decoding=\"async\" class=\"aligncenter\" src=\"https:\/\/havamall.com\/wp-content\/uploads\/2025\/06\/Shichimi-Togarashi-Japanese-Seven-Spice-square.jpg\" alt=\"Shichimi Togarashi (Japanese Seven Spice) | Silk Road Recipes\" width=\"552\" height=\"552\" \/><\/div>\n<div><\/div>\n<\/div>\n<\/div>\n<\/div>\n<div class=\"wpb_column vc_column_container vc_col-sm-6\">\n<div class=\"vc_column-inner\">\n<div class=\"wpb_wrapper\">\n<div class=\"wpb_text_column wpb_content_element\">\n<div class=\"wpb_wrapper\">\n<p>\u1edat b\u1ed9t n\u00e0y d\u01b0\u1eddng nh\u01b0 l\u00e0 ph\u01b0\u01a1ng thu\u1ed1c cho ng\u01b0\u1eddi b\u1ecb \u0111au d\u1ea1 d\u00e0y, ngo\u00e0i vi\u1ec7c \u1edbt c\u00f3 t\u00e1c d\u1ee5ng \u201cl\u00e0m \u1ea5m d\u1ea1 d\u00e0y, gi\u1ea3m c\u0103ng th\u1eb3ng v\u00e0 gi\u1ea3i \u0111\u1ed9c\u201d th\u00ec c\u00e1c th\u00e0nh ph\u1ea7n kh\u00e1c trong b\u1ed9t \u1edbt c\u0169ng c\u00f3 c\u00f4ng d\u1ee5ng t\u01b0\u01a1ng t\u1ef1 \u2013\u00a0<strong>k\u00edch th\u00edch c\u1ea3m gi\u00e1c th\u00e8m \u0103n, th\u00fac \u0111\u1ea9y ti\u00eau h\u00f3a v\u00e0 l\u00e0m \u1ea5m d\u1ea1 d\u00e0y.<\/strong><\/p>\n<p>M\u00f9i cay n\u1ed3ng c\u1ee7a \u1edbt b\u1ed9t c\u00f3 t\u00e1c d\u1ee5ng\u00a0<strong>c\u1ea3i thi\u1ec7n t\u00e2m tr\u1ea1ng t\u1ed1t h\u01a1n<\/strong>, bi\u1ebfn t\u00e2m tr\u1ea1ng t\u1eeb u s\u1ea7u, m\u1ec7t m\u1ecfi, bu\u1ed3n b\u00e3 th\u00e0nh vui v\u1ebb, ph\u1ea5n ch\u1ea5n, s\u1ea3ng kho\u00e1i h\u01a1n nh\u1edd \u0111\u00f3 m\u00e0 gi\u1ea3i t\u1ecfa c\u0103ng th\u1eb3ng.<\/p>\n<p>Ch\u1ea5t capsaicin trong \u1edbt c\u00f2n h\u1ed7 tr\u1ee3\u00a0<strong>c\u1ea3i thi\u1ec7n l\u01b0u th\u00f4ng m\u00e1u, nu\u00f4i d\u01b0\u1ee1ng t\u00f3c.\u00a0<\/strong>Nghi\u00ean c\u1ee9u \u0111\u00e3 ch\u1ec9 ra r\u1eb1ng t\u00f3c m\u1ecfng hay d\u00e0y c\u0169ng b\u1ecb ph\u1ee5 thu\u1ed9c v\u00e0o vi\u1ec7c b\u1ea1n \u0111\u00e3 s\u1eed d\u1ee5ng gia v\u1ecb n\u00e0o trong b\u1eefa \u0103n h\u1eb1ng ng\u00e0y hi\u1ec7n \u0111\u00e3 c\u00f3 t\u1ea1i Havamall.<\/p>\n<\/div>\n<\/div>\n<\/div>\n<\/div>\n<\/div>\n<\/div>\n<div class=\"wpb_text_column wpb_content_element\">\n<div class=\"wpb_wrapper\">\n<p>D\u00f9ng \u0111\u1ec3 r\u1eafc l\u00ean c\u00e1c m\u00f3n \u0103n nh\u01b0 m\u00ec soba, m\u00ec udon, canh miso; d\u00f9ng thay th\u1ebf cho \u1edbt b\u1ed9t th\u00f4ng th\u01b0\u1eddng khi \u0103n m\u00ec \u1ed1ng, salad khoai t\u00e2y gi\u00fap m\u00f3n \u0103n tr\u1edf n\u00ean h\u1ea5p d\u1eabn v\u00e0 k\u00edch th\u00edch v\u1ecb gi\u00e1c h\u01a1n. N\u1ebfu b\u1ea1n c\u1ea3m th\u1ea5y d\u1ea1 d\u00e0y kh\u00f4ng \u0111\u01b0\u1ee3c kh\u1ecfe, c\u00f3 c\u1ea3m gi\u00e1c ch\u00e1n \u0103n th\u00ec khi \u0111\u00f3 nh\u1ea5t \u0111\u1ecbnh ph\u1ea3i d\u00f9ng th\u1eed gia v\u1ecb n\u00e0y. Ch\u1eafc ch\u1eafn n\u00f3 s\u1ebd c\u00f3 t\u00e1c d\u1ee5ng tuy\u1ec7t v\u1eddi v\u1edbi s\u1ef1 l\u01b0u th\u00f4ng m\u00e1u c\u1ee7a b\u1ea1n.<\/p>\n<\/div>\n<\/div>\n<p><img decoding=\"async\" class=\"aligncenter\" src=\"https:\/\/havamall.com\/wp-content\/uploads\/2025\/06\/Nanami-Togarashi-prep-1-728x546.jpg\" alt=\"Shichimi Togarashi and Nanami Togarashi (Japanese 7 Spice Blend) - The Daring Gourmet\" width=\"584\" height=\"438\" \/><\/p>\n<\/div>\n<\/div>","protected":false},"excerpt":{"rendered":"<p>TH\u00d4NG TIN CHUNG Th\u01b0\u01a1ng hi\u1ec7u S&amp;B Xu\u1ea5t x\u1ee9 th\u01b0\u01a1ng hi\u1ec7u Nh\u1eadt B\u1ea3n H\u1ea1n s\u1eed d\u1ee5ng 15 th\u00e1ng k\u1ec3 t\u1eeb ng\u00e0y<\/p>","protected":false},"featured_media":39075,"comment_status":"open","ping_status":"closed","template":"","meta":[],"product_brand":[],"product_cat":[595,675,36],"product_tag":[],"class_list":{"0":"post-34735","1":"product","2":"type-product","3":"status-publish","4":"has-post-thumbnail","6":"product_cat-gia-vi-va-che-bien","7":"product_cat-nhap-khau-nhat-ban","8":"product_cat-thuc-pham-tieu-dung","10":"first","11":"instock","12":"sale","13":"shipping-taxable","14":"purchasable","15":"product-type-simple"},"_links":{"self":[{"href":"https:\/\/havamall.vn\/en\/wp-json\/wp\/v2\/product\/34735"}],"collection":[{"href":"https:\/\/havamall.vn\/en\/wp-json\/wp\/v2\/product"}],"about":[{"href":"https:\/\/havamall.vn\/en\/wp-json\/wp\/v2\/types\/product"}],"replies":[{"embeddable":true,"href":"https:\/\/havamall.vn\/en\/wp-json\/wp\/v2\/comments?post=34735"}],"version-history":[{"count":0,"href":"https:\/\/havamall.vn\/en\/wp-json\/wp\/v2\/product\/34735\/revisions"}],"wp:featuredmedia":[{"embeddable":true,"href":"https:\/\/havamall.vn\/en\/wp-json\/wp\/v2\/media\/39075"}],"wp:attachment":[{"href":"https:\/\/havamall.vn\/en\/wp-json\/wp\/v2\/media?parent=34735"}],"wp:term":[{"taxonomy":"product_brand","embeddable":true,"href":"https:\/\/havamall.vn\/en\/wp-json\/wp\/v2\/product_brand?post=34735"},{"taxonomy":"product_cat","embeddable":true,"href":"https:\/\/havamall.vn\/en\/wp-json\/wp\/v2\/product_cat?post=34735"},{"taxonomy":"product_tag","embeddable":true,"href":"https:\/\/havamall.vn\/en\/wp-json\/wp\/v2\/product_tag?post=34735"}],"curies":[{"name":"wp","href":"https:\/\/api.w.org\/{rel}","templated":true}]}}