{"id":34731,"date":"2024-06-18T14:54:43","date_gmt":"2024-06-18T07:54:43","guid":{"rendered":"https:\/\/havamall.vn\/?post_type=product&#038;p=34731"},"modified":"2024-06-18T14:54:44","modified_gmt":"2024-06-18T07:54:44","slug":"tom-sushi-luoc-boc-vo-con-duoi-size-2l-30-con-khay-sushi-vannamei-prawns-cooked-30-pcs","status":"publish","type":"product","link":"https:\/\/havamall.vn\/en\/shop\/tom-sushi-luoc-boc-vo-con-duoi-size-2l-30-con-khay-sushi-vannamei-prawns-cooked-30-pcs\/","title":{"rendered":"T\u00f4m Sushi Lu\u1ed9c B\u00f3c V\u1ecf C\u00f2n \u0110u\u00f4i Size 2L 30 Con\/ Khay &#8211; Sushi Vannamei Prawns Cooked 30 PCS"},"content":{"rendered":"<h2><strong>TH\u00d4NG TIN CHUNG<\/strong><\/h2>\n<div dir=\"auto\">\n<div dir=\"auto\">\n<table>\n<tbody>\n<tr>\n<td>Th\u01b0\u01a1ng hi\u1ec7u<\/td>\n<td>Havafoodies<\/td>\n<\/tr>\n<tr>\n<td>Xu\u1ea5t x\u1ee9 th\u01b0\u01a1ng hi\u1ec7u<\/td>\n<td>Nh\u1eadt B\u1ea3n<\/td>\n<\/tr>\n<tr>\n<td>H\u1ea1n s\u1eed d\u1ee5ng<\/td>\n<td>24 th\u00e1ng k\u1ec3 t\u1eeb ng\u00e0y s\u1ea3n xu\u1ea5t<\/td>\n<\/tr>\n<tr>\n<td>H\u01b0\u1edbng d\u1eabn b\u1ea3o qu\u1ea3n<\/td>\n<td>B\u1ea3o qu\u1ea3n nhi\u1ec7t \u0111\u1ed9 \u0111\u00f4ng l\u1ea1nh<\/td>\n<\/tr>\n<tr>\n<td>H\u01b0\u1edbng d\u1eabn s\u1eed d\u1ee5ng<\/td>\n<td>D\u00f9ng tr\u1ef1c ti\u1ebfp<\/td>\n<\/tr>\n<tr>\n<td>S\u1ea3n xu\u1ea5t<\/td>\n<td>Vi\u1ec7t Nam<\/td>\n<\/tr>\n<tr>\n<td>Tr\u1ecdng l\u01b0\u1ee3ng s\u1ea3n ph\u1ea9m<\/td>\n<td>135g<\/td>\n<\/tr>\n<tr>\n<td>Quy c\u00e1ch \u0111\u00f3ng g\u00f3i<\/td>\n<td>Bao nh\u1ef1a<\/td>\n<\/tr>\n<tr>\n<td>Th\u00e0nh ph\u1ea7n<\/td>\n<td>Xem tr\u00ean bao b\u00ec<\/td>\n<\/tr>\n<\/tbody>\n<\/table>\n<p>T\u00f4m Sushi l\u00e0 m\u00f3n \u0103n \u0111\u1eb7c tr\u01b0ng trong v\u0103n ho\u00e1 \u1ea9m th\u1ef1c Nh\u1eadt B\u1ea3n. V\u1edbi h\u01b0\u01a1ng v\u1ecb ng\u1ecdt \u0111\u1eadm c\u00f9ng s\u1ef1 dai gi\u00f2n c\u1ee7a t\u00f4m t\u01b0\u01a1i lu\u00f4n khi\u1ebfn ng\u01b0\u1eddi \u0103n l\u1ea1c v\u00e0o m\u1ed9t th\u1ebf gi\u1edbi kh\u00e1c. T\u00f4m Sushi \u0111\u01b0\u1ee3c ch\u1ebf bi\u1ebfn trong m\u00f4i tr\u01b0\u1eddng v\u00f4 tr\u00f9ng. Sau \u0111\u00f3 l\u00e0m l\u1ea1nh nhanh \u1edf -40 \u0111\u1ed9 C \u0111\u1ec3 gi\u1eef nguy\u00ean \u0111\u01b0\u1ee3c v\u1ecb t\u01b0\u01a1i ngon c\u1ee7a s\u1ea3n ph\u1ea9m v\u00e0 cu\u1ed1i c\u00f9ng l\u00e0 h\u00fat ch\u00e2n kh\u00f4ng v\u00e0 b\u1ea3o qu\u1ea3n trong h\u1ec7 th\u1ed1ng kho l\u1ea1nh 4000 t\u1ea5n v\u1edbi nhi\u1ec7t \u0111\u1ed9 -18 \u0111\u1ed9 lu\u00f4n \u1ed5n \u0111\u1ecbnh. L\u00e0 s\u1ef1 l\u1ef1a ch\u1ecdn h\u1ea5p d\u1eabn cho ng\u01b0\u1eddi n\u1ed9i ch\u1ee3 d\u1ec5 d\u00e0ng tr\u1ed5 t\u00e0i, tho\u1ea3 s\u1ee9c s\u00e1ng t\u1ea1o m\u00f3n \u0103n theo c\u00e1ch ri\u00eang c\u1ee7a m\u00ecnh.<\/p>\n<p><img fetchpriority=\"high\" decoding=\"async\" class=\"wp-image-34732 aligncenter\" src=\"https:\/\/havamall.vn\/wp-content\/uploads\/2024\/06\/z-300x200.png\" alt=\"\" width=\"759\" height=\"506\" srcset=\"https:\/\/havamall.vn\/wp-content\/uploads\/2024\/06\/z-300x200.png 300w, https:\/\/havamall.vn\/wp-content\/uploads\/2024\/06\/z-600x400.png 600w, https:\/\/havamall.vn\/wp-content\/uploads\/2024\/06\/z-1200x800.png 1200w, https:\/\/havamall.vn\/wp-content\/uploads\/2024\/06\/z-768x512.png 768w, https:\/\/havamall.vn\/wp-content\/uploads\/2024\/06\/z-1024x683.png 1024w, https:\/\/havamall.vn\/wp-content\/uploads\/2024\/06\/z.png 1500w\" sizes=\"(max-width: 759px) 100vw, 759px\" \/><\/p>\n<p><em><strong>Sushi l\u00e0 m\u00f3n \u0103n truy\u1ec1n th\u1ed1ng c\u1ee7a Nh\u1eadt B\u1ea3n<\/strong><\/em>, r\u1ea5t \u0111\u01b0\u1ee3c ng\u01b0\u1eddi Nh\u1eadt l\u1eabn c\u00e1c n\u01b0\u1edbc tr\u00ean th\u1ebf gi\u1edbi y\u00eau th\u00edch. V\u00e0 t\u00f4m s\u00fa sushi l\u00e0 m\u1eb7t h\u00e0ng \u0111\u01b0\u1ee3c c\u00e1c nh\u00e0 h\u00e0ng chu\u1ea9n Nh\u1eadt l\u1ef1a ch\u1ecdn cho th\u1ef1c \u0111\u01a1n nh\u00e0 h\u00e0ng c\u1ee7a m\u00ecnh.<\/p>\n<p>V\u1edbi ngu\u1ed3n\u00a0<strong>dinh d\u01b0\u1ee1ng d\u1ed3i d\u00e0o v\u1edbi protein,<\/strong>\u00a0v\u00e0\u00a0<strong>nhi\u1ec1u d\u01b0\u1ee1ng ch\u1ea5t\u00a0<\/strong>c\u1ea7n thi\u1ebft cho c\u01a1 th\u1ec3 t\u1eeb T\u00f4m s\u00fa,\u00a0<strong>kh\u00f4ng ch\u1ee9a ch\u1ea5t b\u00e9o, c\u00f3 h\u00e0m l\u01b0\u1ee3ng calories t\u01b0\u01a1ng \u0111\u1ed1i th\u1ea5p v\u00e0 h\u00e0m l\u01b0\u1ee3ng canxi cao,<\/strong>\u00a0<strong>kh\u00f4ng ch\u1ee9a d\u01b0 l\u01b0\u1ee3ng kh\u00e1ng sinh<\/strong>,\u00a0<strong>\u0111\u1ea1t chu\u1ea9n xu\u1ea5t kh\u1ea9u Nh\u1eadt B\u1ea3n\u00a0<\/strong>&#8211; m\u1ed9t th\u1ecb tr\u01b0\u1eddng v\u00f4 c\u00f9ng kh\u00f3 t\u00ednh, Havamall mong mu\u1ed1n \u0111em \u0111\u1ebfn cho ng\u01b0\u1eddi d\u00f9ng nh\u1eefng con t\u00f4m ngon l\u00e0nh, an to\u00e0n v\u00e0 \u0111\u1ea3m b\u1ea3o dinh d\u01b0\u1ee1ng nh\u1ea5t.<\/p>\n<p>M\u00f3n \u0103n y\u00eau th\u00edch kh\u00f4ng ch\u1ec9 v\u1edbi tr\u1ebb m\u00e0 c\u00f2n th\u00edch h\u1ee3p cho c\u00e1c b\u1eefa \u0103n gia \u0111\u00ecnh, th\u1ebft \u0111\u00e3i v\u00ec th\u1ecbt th\u01a1m, l\u1ea1 mi\u1ec7ng, m\u00e0 c\u00f2n \u0111\u1eb9p m\u1eaft gi\u00fap thay \u0111\u1ed5i b\u1eefa \u0103n \u0111a d\u1ea1ng, th\u00fa v\u1ecb h\u01a1n ngay t\u1ea1i nh\u00e0 v\u1edbi phong c\u00e1ch \u1ea9m th\u1ef1c c\u1ee7a x\u1ee9 m\u1eb7t tr\u1eddi m\u1ecdc.<\/p>\n<p><strong><img decoding=\"async\" class=\"wp-image-34733 aligncenter\" src=\"https:\/\/havamall.vn\/wp-content\/uploads\/2024\/06\/zxxv-300x200.png\" alt=\"\" width=\"749\" height=\"499\" srcset=\"https:\/\/havamall.vn\/wp-content\/uploads\/2024\/06\/zxxv-300x200.png 300w, https:\/\/havamall.vn\/wp-content\/uploads\/2024\/06\/zxxv-600x400.png 600w, https:\/\/havamall.vn\/wp-content\/uploads\/2024\/06\/zxxv-1200x800.png 1200w, https:\/\/havamall.vn\/wp-content\/uploads\/2024\/06\/zxxv-768x512.png 768w, https:\/\/havamall.vn\/wp-content\/uploads\/2024\/06\/zxxv-1024x683.png 1024w, https:\/\/havamall.vn\/wp-content\/uploads\/2024\/06\/zxxv.png 1500w\" sizes=\"(max-width: 749px) 100vw, 749px\" \/><\/strong><\/p>\n<p><strong>T\u1ea1i sao s\u1ea3n ph\u1ea9m n\u00e0y \u0111\u01b0\u1ee3c y\u00eau th\u00edch:<\/strong><\/p>\n<ul>\n<li>T\u00f4m s\u00fa th\u1ecbt dai ngon, ng\u1ecdt l\u00e0 m\u00f3n d\u1ec5 \u0103n &amp; b\u1ed5 d\u01b0\u1ee1ng cho t\u1ea5t c\u1ea3 m\u1ecdi ng\u01b0\u1eddi<\/li>\n<li>T\u00f4m \u0111\u01b0\u1ee3c ch\u1ebf bi\u1ebfn s\u1eb5n theo phong c\u00e1ch Nh\u1eadt, c\u00f3 th\u1ec3 d\u00f9ng ngay sau khi r\u00e3 \u0111\u00f4ng nh\u01b0 sashimi ho\u1eb7c l\u00e0m th\u00e0nh c\u00e1ch m\u00f3n sushi, maki phong c\u00e1ch nh\u00e0 h\u00e0ng Nh\u1eadt.<\/li>\n<\/ul>\n<p><strong>Ch\u1ea5t l\u01b0\u1ee3ng t\u00f4m chu\u1ea9n xu\u1ea5t kh\u1ea9u:\u00a0<\/strong><\/p>\n<ul>\n<li>Nh\u1eefng con t\u00f4m t\u01b0\u01a1i ngon \u0111\u01b0\u1ee3c \u0111\u01b0a v\u00e0o ch\u1ebf bi\u1ebfn &amp; \u0111\u00f3ng g\u00f3i theo quy tr\u00ecnh nghi\u00eam ng\u1eb7t theo ti\u00eau chu\u1ea9n xu\u1ea5t kh\u1ea9u (Kh\u00f4ng kh\u00e1ng sinh, kh\u00f4ng t\u1ea1p ch\u1ea5t, an to\u00e0n v\u1ec7 sinh th\u1ef1c ph\u1ea9m)<\/li>\n<li>Quy tr\u00ecnh c\u1ea5p \u0111\u00f4ng si\u00eau t\u1ed1c gi\u1eef \u0111\u01b0\u1ee3c \u0111\u1ed9 t\u01b0\u01a1i ngon nh\u01b0 t\u00f4m t\u01b0\u01a1i sau khi r\u00e3 \u0111\u00f4ng v\u00e0 ch\u1ebf bi\u1ebfn.<\/li>\n<\/ul>\n<p><strong>&#8211; Khuy\u1ebfn ngh\u1ecb ch\u1ebf bi\u1ebfn &amp; d\u00f9ng k\u00e8m<\/strong><\/p>\n<p>D\u00f9ng \u0103n ngay ho\u1eb7c d\u00f9ng l\u00e0m sushi, maki theo phong c\u00e1ch Nh\u1eadt. D\u00f9ng k\u00e8m v\u1edbi n\u01b0\u1edbc t\u01b0\u01a1ng Nh\u1eadt v\u00e0 wasabi (m\u00f9 t\u1ea1t) \u0111\u1eb7c tr\u01b0ng c\u1ee7a Nh\u1eadt B\u1ea3n.\u00a0\u0110\u00e2y l\u00e0 s\u1ea3n ph\u1ea9m \u0111\u01b0\u1ee3c c\u00e1c nh\u00e0 h\u00e0ng Nh\u1eadt tin d\u00f9ng v\u00e0 l\u1ef1a ch\u1ecdn.<\/p>\n<p><strong>&#8211; B\u1ea3o qu\u1ea3n:\u00a0<\/strong>nhi\u1ec7t \u0111\u1ed9 ng\u0103n \u0111\u00f4ng t\u1ee7 l\u1ea1nh ( -18 \u0111\u1ed9 C)<\/p>\n<\/div>\n<\/div>","protected":false},"excerpt":{"rendered":"<p>TH\u00d4NG TIN CHUNG Th\u01b0\u01a1ng hi\u1ec7u Havafoodies Xu\u1ea5t x\u1ee9 th\u01b0\u01a1ng hi\u1ec7u Nh\u1eadt B\u1ea3n H\u1ea1n s\u1eed d\u1ee5ng 24 th\u00e1ng k\u1ec3 t\u1eeb ng\u00e0y<\/p>","protected":false},"featured_media":34734,"comment_status":"open","ping_status":"closed","template":"","meta":[],"product_brand":[],"product_cat":[275,36],"product_tag":[],"class_list":{"0":"post-34731","1":"product","2":"type-product","3":"status-publish","4":"has-post-thumbnail","6":"product_cat-thuc-pham-dong-lanh","7":"product_cat-thuc-pham-tieu-dung","9":"first","10":"instock","11":"sale","12":"shipping-taxable","13":"purchasable","14":"product-type-simple"},"_links":{"self":[{"href":"https:\/\/havamall.vn\/en\/wp-json\/wp\/v2\/product\/34731"}],"collection":[{"href":"https:\/\/havamall.vn\/en\/wp-json\/wp\/v2\/product"}],"about":[{"href":"https:\/\/havamall.vn\/en\/wp-json\/wp\/v2\/types\/product"}],"replies":[{"embeddable":true,"href":"https:\/\/havamall.vn\/en\/wp-json\/wp\/v2\/comments?post=34731"}],"version-history":[{"count":0,"href":"https:\/\/havamall.vn\/en\/wp-json\/wp\/v2\/product\/34731\/revisions"}],"wp:featuredmedia":[{"embeddable":true,"href":"https:\/\/havamall.vn\/en\/wp-json\/wp\/v2\/media\/34734"}],"wp:attachment":[{"href":"https:\/\/havamall.vn\/en\/wp-json\/wp\/v2\/media?parent=34731"}],"wp:term":[{"taxonomy":"product_brand","embeddable":true,"href":"https:\/\/havamall.vn\/en\/wp-json\/wp\/v2\/product_brand?post=34731"},{"taxonomy":"product_cat","embeddable":true,"href":"https:\/\/havamall.vn\/en\/wp-json\/wp\/v2\/product_cat?post=34731"},{"taxonomy":"product_tag","embeddable":true,"href":"https:\/\/havamall.vn\/en\/wp-json\/wp\/v2\/product_tag?post=34731"}],"curies":[{"name":"wp","href":"https:\/\/api.w.org\/{rel}","templated":true}]}}