{"id":34706,"date":"2024-06-07T13:00:06","date_gmt":"2024-06-07T06:00:06","guid":{"rendered":"https:\/\/havamall.vn\/?post_type=product&#038;p=34706"},"modified":"2024-06-07T13:00:07","modified_gmt":"2024-06-07T06:00:07","slug":"xuc-xich-duc-nhan-pho-mai-500g-sausage-cheddar","status":"publish","type":"product","link":"https:\/\/havamall.vn\/en\/shop\/xuc-xich-duc-nhan-pho-mai-500g-sausage-cheddar\/","title":{"rendered":"X\u00fac X\u00edch \u0110\u1ee9c Nh\u00e2n Ph\u00f4 Mai 500g &#8211; Sausage Cheddar"},"content":{"rendered":"<h2><strong>TH\u00d4NG TIN CHUNG<\/strong><\/h2>\n<div dir=\"auto\">\n<div dir=\"auto\">\n<table>\n<tbody>\n<tr>\n<td>Th\u01b0\u01a1ng hi\u1ec7u<\/td>\n<td>Havafoodies<\/td>\n<\/tr>\n<tr>\n<td>Xu\u1ea5t x\u1ee9 th\u01b0\u01a1ng hi\u1ec7u<\/td>\n<td>Nga<\/td>\n<\/tr>\n<tr>\n<td>H\u1ea1n s\u1eed d\u1ee5ng<\/td>\n<td>24 th\u00e1ng k\u1ec3 t\u1eeb ng\u00e0y s\u1ea3n xu\u1ea5t<\/td>\n<\/tr>\n<tr>\n<td>H\u01b0\u1edbng d\u1eabn b\u1ea3o qu\u1ea3n<\/td>\n<td>B\u1ea3o qu\u1ea3n nhi\u1ec7t \u0111\u1ed9 \u0111\u00f4ng l\u1ea1nh<\/td>\n<\/tr>\n<tr>\n<td>H\u01b0\u1edbng d\u1eabn s\u1eed d\u1ee5ng<\/td>\n<td>D\u00f9ng tr\u1ef1c ti\u1ebfp<\/td>\n<\/tr>\n<tr>\n<td>Xu\u1ea5t x\u1ee9<\/td>\n<td>\u0110\u1ee9c<\/td>\n<\/tr>\n<tr>\n<td>Tr\u1ecdng l\u01b0\u1ee3ng s\u1ea3n ph\u1ea9m<\/td>\n<td>500g<\/td>\n<\/tr>\n<tr>\n<td>Quy c\u00e1ch \u0111\u00f3ng g\u00f3i<\/td>\n<td>Bao nh\u1ef1a<\/td>\n<\/tr>\n<tr>\n<td>Th\u00e0nh ph\u1ea7n<\/td>\n<td>Xem tr\u00ean bao b\u00ec<\/td>\n<\/tr>\n<\/tbody>\n<\/table>\n<p>X\u00fac x\u00edch\u00a0l\u00e0 m\u1ed9t th\u1ef1c ph\u1ea9m ph\u1ed5 bi\u1ebfn m\u00e0 ai n\u1ea5y \u0111\u1ec1u y\u00eau th\u00edch. \u0110\u1eb7c bi\u1ec7t h\u01a1n, x\u00fac x\u00edch \u0110\u1ee9c l\u00e0 m\u00f3n \u0103n \u0111\u1eb7c s\u1ea3n tinh hoa kh\u00f4ng ch\u1ec9 \u1edf \u0110\u1ee9c m\u00e0 tr\u00ean to\u00e0n th\u1ebf gi\u1edbi. \u0102n x\u00fac x\u00edch \u0110\u1ee9c \u0111\u00e3 l\u00e2u nh\u01b0ng b\u1ea1n c\u00f3 bi\u1ebft m\u00f3n \u0103n n\u00e0y c\u00f2n c\u00f3 nhi\u1ec1u th\u1ec3 lo\u1ea1i ngon \u0111\u1ebfn kh\u00f4ng ng\u1edd.<\/p>\n<p>Bratwurst l\u00e0 m\u1ed9t lo\u1ea1i x\u00fac x\u00edch n\u01b0\u1edbng n\u1ed5i ti\u1ebfng c\u1ee7a \u0110\u1ee9c. V\u1edbi 2 nguy\u00ean li\u1ec7u ch\u00ednh l\u00e0 th\u1ecbt b\u00f2 v\u00e0 th\u1ecbt l\u1ee3n xay nhuy\u1ec5n sao cho m\u1ecbn m\u00e0ng tuy\u1ec7t \u0111\u1ed1i c\u00f9ng c\u00e1c lo\u1ea1i gia v\u1ecb nh\u01b0\u00a0g\u1eebng,\u00a0rau m\u00f9i,\u00a0c\u00e2y carum, h\u1ea1t nh\u1ee5c \u0111\u1eadu kh\u1ea5u, t\u1ea5t c\u1ea3 \u0111\u01b0\u1ee3c nh\u1ed3i v\u00e0o l\u00f2ng l\u1ee3n. S\u1ef1 k\u1ebft h\u1ee3p \u1ea5y khi\u1ebfn x\u00fac x\u00edch Bratwurst th\u1ec3 hi\u1ec7n s\u1ef1 \u0111\u1eb7c s\u1eafc cho trong h\u01b0\u01a1ng v\u1ecb. V\u00ec th\u1ebf m\u00e0 m\u00f3n \u0103n n\u00e0y th\u01b0\u1eddng b\u1eaft g\u1eb7p tr\u00ean \u0111\u01b0\u1eddng ph\u1ed1 \u1edf n\u01b0\u1edbc \u0110\u1ee9c.<\/p>\n<p>Ng\u01b0\u1eddi ta th\u01b0\u1eddng n\u01b0\u1edbng ch\u00e1y c\u1ea1nh x\u00fac x\u00edch Bratwurst sau \u0111\u00f3 \u0103n k\u00e8m v\u1edbi\u00a0s\u1ed1t c\u00e0 chua\u00a0hay s\u1ed1t\u00a0m\u00f9 t\u1ea1t\u00a0\u0111i\u1ec3m c\u00f9ng v\u1edbi mi\u1ebfng b\u00e1nh m\u00ec. M\u00f3n \u0103n n\u00e0y th\u01b0\u1eddng xu\u1ea5t hi\u1ec7n tr\u00ean v\u1ec9 n\u01b0\u1edbng tr\u00ean v\u1ec9 BBQ trong nh\u1eefng b\u1eefa ti\u1ec7c ngo\u00e0i tr\u1eddi.<\/p>\n<p><img decoding=\"async\" class=\"aligncenter\" src=\"https:\/\/havamall.vn\/wp-content\/uploads\/2024\/06\/diem-danh-cac-loai-xuc-xich-duc-ngon-noi-tieng-the-gioi-202111301548262228.jpg\" alt='Knockwurst' \/><\/p>\n<p>X\u00fac x\u00edch \u0110\u1ee9c Bucher l\u00e0 th\u00e0nh qu\u1ea3 t\u1eeb qu\u00e1 tr\u00ecnh \u0111\u00fac k\u1ebft kinh nghi\u1ec7m v\u00e0 s\u1ef1 chuy\u00ean nghi\u1ec7p trong vi\u1ec7c ch\u1ecdn l\u1ef1a nguy\u00ean li\u1ec7u th\u1ecbt. C\u00e1c lo\u1ea1i th\u1ecbt, gia v\u1ecb v\u00e0 nguy\u00ean li\u1ec7u ph\u1ea3i \u0111\u01b0\u1ee3c l\u1ea5y t\u1eeb nh\u1eefng ngu\u1ed3n \u0111\u00e1ng tin c\u1eady. Ngo\u00e0i ra, \u0111\u1ec3 cho ra \u0111\u1eddi \u0111\u01b0\u1ee3c c\u00e2y x\u00fac x\u00edch th\u01a1m ngon \u0111\u00f2i h\u1ecfi ng\u01b0\u1eddi s\u1ea3n xu\u1ea5t ph\u1ea3i lu\u00f4n \u0111\u1eb7t t\u00e2m huy\u1ebft v\u00e0o t\u1eebng c\u00f4ng \u0111o\u1ea1n ch\u1ebf bi\u1ebfn, mang \u0111\u1ebfn h\u01b0\u01a1ng v\u1ecb th\u01a1m ngon tuy\u1ec7t h\u1ea3o v\u00e0 ch\u1ea5t l\u01b0\u1ee3ng cho s\u1ea3n ph\u1ea9m.<\/p>\n<p>X\u00fac x\u00edch \u0110\u1ee9c Bucher kh\u00f4ng nh\u1eefng d\u00f9ng \u0111\u1ec3 \u0103n li\u1ec1n, c\u00f2n c\u00f3 th\u1ec3 \u0111\u01b0\u1ee3c ch\u1ebf bi\u1ebfn th\u00e0nh nhi\u1ec1u c\u00e1ch kh\u00e1c nhau nh\u01b0 chi\u00ean, lu\u1ed9c, n\u01b0\u1edbng, \u00e1p ch\u1ea3o ho\u1eb7c k\u1ebft h\u1ee3p v\u1edbi c\u00e1c lo\u1ea1i th\u1ee9c \u0103n kh\u00e1c thay cho th\u1ecbt.<\/p>\n<p>S\u1ea3n ph\u1ea9m \u0111\u01b0\u1ee3c \u0111\u00f3ng g\u00f3i h\u00fat ch\u00e2n kh\u00f4ng \u0111\u1ea3m b\u1ea3o an to\u00e0n, l\u00e0 s\u1ef1 l\u1ef1a ch\u1ecdn ho\u00e0n h\u1ea3o cho c\u00e1c b\u1eefa \u0103n trong ng\u00e0y v\u00e0 trong nh\u1eefng d\u1ecbp l\u1ec5 T\u1ebft \u0111\u1eb7c bi\u1ec7t khi c\u00e1c th\u00e0nh vi\u00ean trong gia \u0111\u00ecnh qu\u00e2y qu\u1ea7n b\u00ean nhau.<\/p>\n<p>H\u01b0\u1edbng d\u1eabn s\u1eed d\u1ee5ng: L\u1ea5y x\u00fac x\u00edch b\u00ean trong ra kh\u1ecfi bao b\u00ec, sau \u0111\u00f3 ch\u1ebf bi\u1ebfn t\u00f9y th\u00edch. C\u00f3 th\u1ec3 d\u00f9ng ngay ho\u1eb7c l\u00e0m n\u00f3ng: n\u01b0\u1edbng, chi\u00ean v\u1edbi d\u1ea7u, lu\u1ed9c, \u0111\u1eb7t v\u00e0o l\u00f2 vi song. H\u01b0\u1edbng d\u1eabn b\u1ea3o qu\u1ea3n: S\u1ea3n ph\u1ea9m \u0111\u00e3 m\u1edf bao b\u00ec ph\u1ea3i \u0111\u00f3ng l\u1ea1i th\u1eadt k\u1ef9 v\u00e0 s\u1eed d\u1ee5ng h\u1ebft trong v\u00f2ng 48 ti\u1ebfng. B\u1ea3o qu\u1ea3n \u1edf nhi\u1ec7t \u0111\u1ed9 0 \u2013 4 \u0111\u1ed9 C.<\/p>\n<p><img fetchpriority=\"high\" decoding=\"async\" class=\"aligncenter\" src=\"https:\/\/havamall.vn\/wp-content\/uploads\/2024\/06\/a10ccffb2fd14d65bde4547a089d712d.jpg\" alt='Kranjska Klobasa | Traditional Sausage From Slovenia, Central Europe' width=\"778\" height=\"339\" \/><\/p>\n<p>L\u00e0 m\u1ed9t s\u1ea3n ph\u1ea9m truy\u1ec1n th\u1ed1ng c\u1ee7a \u0110\u1ee9c, c\u00f3 ngu\u1ed3n g\u1ed1c t\u1eeb nhi\u1ec1u th\u1ebf k\u1ef7 tr\u01b0\u1edbc thu\u1ed9c bang Th\u00fcringen &#8211; \u0110\u1ee9c. C\u00f4ng th\u1ee9c l\u00e2u \u0111\u1eddi nh\u1ea5t \u0111\u01b0\u1ee3c bi\u1ebft \u0111\u1ebfn t\u1eeb n\u0103m 1613 v\u00e0 \u0111\u01b0\u1ee3c l\u01b0u tr\u1eef t\u1ea1i kho l\u01b0u tr\u1eef nh\u00e0 n\u01b0\u1edbc Weimar.<\/p>\n<p>Trong qu\u00e1 kh\u1ee9, Th\u00fcringer Bratwurst l\u00e0 m\u1ed9t lo\u1ea1i x\u00fac x\u00edch th\u00f4 t\u1eeb th\u1ecbt l\u1ee3n b\u0103m nhuy\u1ec5n, th\u1ecbt b\u00f2, ho\u1eb7c \u0111\u00f4i khi th\u1ecbt b\u00ea c\u0169ng \u0111\u01b0\u1ee3c s\u1eed d\u1ee5ng, nh\u01b0ng d\u1ea7n d\u1ea7n n\u00f3 \u0111\u01b0\u1ee3c ch\u1ee7 y\u1ebfu l\u00e0m t\u1eeb th\u1ecbt heo, l\u1ef1a ch\u1ecdn nh\u1eefng ph\u1ea7n th\u1ecbt t\u01b0\u01a1i ngon nh\u1ea5t c\u1ee7a con heo nh\u01b0 n\u1ea1c vai, n\u1ea1c m\u00f4ng&#8230; k\u1ebft h\u1ee3p th\u00eam ph\u00f4 mai Cheddar tan ch\u1ea3y.<\/p>\n<p>C\u00e1c c\u00f4ng th\u1ee9c h\u1ed7n h\u1ee3p gia v\u1ecb c\u00f3 th\u1ec3 kh\u00e1c nhau t\u00f9y v\u00f9ng, t\u00f9y gia \u0111\u00ecnh l\u00e0m ngh\u1ec1 truy\u1ec1n th\u1ed1ng \u1edf \u0110\u1ee9c nh\u01b0ng ngo\u1ea1i tr\u1eeb mu\u1ed1i, h\u1ea1t ti\u00eau, kinh gi\u1edbi, caraway v\u00e0 t\u1ecfi, kh\u00f4ng c\u00f3 b\u1ea5t k\u1ef3 lo\u1ea1i ph\u1ee5 gia, ch\u1ea5t h\u00f3a h\u1ecdc n\u00e0o \u0111\u01b0\u1ee3c ph\u00e9p s\u1eed d\u1ee5ng. N\u1ebfu m\u1ed9t l\u1ea7n \u0111\u01b0\u1ee3c th\u1eed m\u00f3n Th\u00fcringer Bratwurst, ch\u1eafc ch\u1eafn h\u01b0\u01a1ng v\u1ecb c\u1ee7a n\u00f3 kh\u00f4ng th\u1ec3 t\u1ea3 v\u00e0 b\u1ea1n s\u1ebd nh\u1edb r\u1ea5t l\u00e2u.<\/p>\n<p>V\u00e0 do h\u01b0\u01a1ng v\u1ecb \u0111\u1ed9c \u0111\u00e1o v\u00e0 th\u01a1m ngon c\u1ee7a n\u00f3, Th\u00fcringer Bratwurst c\u00f3 th\u1ec3 \u0111\u01b0\u1ee3c t\u00ecm th\u1ea5y \u1edf h\u1ea7u h\u1ebft c\u00e1c qu\u1ea7y x\u00fac x\u00edch \u1edf Th\u00fcringen, v\u00e0 h\u01a1n th\u1ebf n\u1eefa, n\u00f3 c\u0169ng r\u1ea5t ph\u1ed5 bi\u1ebfn \u1edf tr\u00ean to\u00e0n n\u01b0\u1edbc \u0110\u1ee9c!<\/p>\n<p>C\u00f4ng th\u1ee9c gia truy\u1ec1n c\u1ee7a gia \u0111\u00ecnh ngh\u1ec7 nh\u00e2n Klaus Rutt c\u0169ng kh\u00f4ng ngo\u1ea1i l\u1ec7, tu\u00e2n th\u1ee7 tuy\u1ec7t \u0111\u1ed1i c\u00e1c y\u00eau c\u1ea7u truy\u1ec1n th\u1ed1ng c\u1ee7a m\u00f3n Th\u00fcringer! Th\u00fcringer Bratwurst \u2013 X\u00fac x\u00edch Heo \u0111\u1eb7c bi\u1ec7t \u0111\u01b0\u1ee3c l\u00e0m t\u1eeb ph\u1ea7n th\u1ecbt heo t\u01b0\u01a1i ngon nh\u1ea5t v\u00e0 c\u00e1c gia v\u1ecb, th\u1ea3o m\u1ed9c ho\u00e0n to\u00e0n nh\u1eadp t\u1eeb \u0110\u1ee9c v\u1ec1.<\/p>\n<p><img decoding=\"async\" class=\"aligncenter\" src=\"https:\/\/havamall.vn\/wp-content\/uploads\/2024\/06\/cheeserussian_grande.png\" alt='Footlong Cheese Russians (700g) \u2013 Dirk's meat market\" width=\"834\" height=\"556\" \/><\/p>\n<p><b>H\u01b0\u1edbng d\u1eabn s\u1eed d\u1ee5ng<\/b>: S\u1ea3n ph\u1ea9m \u0111\u00e3 \u0111\u01b0\u1ee3c h\u1ea5p ch\u00edn tuy nhi\u00ean s\u1ebd th\u01a1m v\u00e0 ngon h\u01a1n khi l\u00e0m n\u00f3ng.<\/p>\n<p>H\u1ea5p n\u00f3ng ho\u1eb7c lu\u1ed9c nh\u1ecf l\u1eeda th\u1eddi gian 2- 3 ph\u00fat ho\u1eb7c t\u1edbi khi th\u1ea5y s\u1ea3n ph\u1ea9m c\u0103ng m\u1ecdng v\u00e0 c\u00f3 m\u00f9i th\u01a1m \u0111\u1eb7c tr\u01b0ng.<\/p>\n<p>N\u01b0\u1edbng than hoa ho\u1eb7c chi\u00ean nh\u1ecf l\u1eeda v\u1edbi d\u1ea7u \u0103n trong nhi\u1ec7t \u0111\u00f4 160-170 \u0111\u1ed9 C \u0111\u1ebfn khi v\u00e0ng \u0111\u1ec1u v\u00e0 c\u00f3 m\u00f9i th\u01a1m \u0111\u1eb7c tr\u01b0ng<\/p>\n<\/div>\n<\/div>","protected":false},"excerpt":{"rendered":"<p>TH\u00d4NG TIN CHUNG Th\u01b0\u01a1ng hi\u1ec7u Havafoodies Xu\u1ea5t x\u1ee9 th\u01b0\u01a1ng hi\u1ec7u Nga H\u1ea1n s\u1eed d\u1ee5ng 24 th\u00e1ng k\u1ec3 t\u1eeb ng\u00e0y s\u1ea3n<\/p>","protected":false},"featured_media":34707,"comment_status":"open","ping_status":"closed","template":"","meta":[],"product_brand":[],"product_cat":[275,36],"product_tag":[],"class_list":{"0":"post-34706","1":"product","2":"type-product","3":"status-publish","4":"has-post-thumbnail","6":"product_cat-thuc-pham-dong-lanh","7":"product_cat-thuc-pham-tieu-dung","9":"first","10":"instock","11":"sale","12":"shipping-taxable","13":"purchasable","14":"product-type-simple"},"_links":{"self":[{"href":"https:\/\/havamall.vn\/en\/wp-json\/wp\/v2\/product\/34706"}],"collection":[{"href":"https:\/\/havamall.vn\/en\/wp-json\/wp\/v2\/product"}],"about":[{"href":"https:\/\/havamall.vn\/en\/wp-json\/wp\/v2\/types\/product"}],"replies":[{"embeddable":true,"href":"https:\/\/havamall.vn\/en\/wp-json\/wp\/v2\/comments?post=34706"}],"version-history":[{"count":0,"href":"https:\/\/havamall.vn\/en\/wp-json\/wp\/v2\/product\/34706\/revisions"}],"wp:featuredmedia":[{"embeddable":true,"href":"https:\/\/havamall.vn\/en\/wp-json\/wp\/v2\/media\/34707"}],"wp:attachment":[{"href":"https:\/\/havamall.vn\/en\/wp-json\/wp\/v2\/media?parent=34706"}],"wp:term":[{"taxonomy":"product_brand","embeddable":true,"href":"https:\/\/havamall.vn\/en\/wp-json\/wp\/v2\/product_brand?post=34706"},{"taxonomy":"product_cat","embeddable":true,"href":"https:\/\/havamall.vn\/en\/wp-json\/wp\/v2\/product_cat?post=34706"},{"taxonomy":"product_tag","embeddable":true,"href":"https:\/\/havamall.vn\/en\/wp-json\/wp\/v2\/product_tag?post=34706"}],"curies":[{"name":"wp","href":"https:\/\/api.w.org\/{rel}","templated":true}]}}