{"id":34699,"date":"2024-06-07T11:47:39","date_gmt":"2024-06-07T04:47:39","guid":{"rendered":"https:\/\/havamall.vn\/?post_type=product&#038;p=34699"},"modified":"2024-06-07T11:47:40","modified_gmt":"2024-06-07T04:47:40","slug":"sua-milo-thai-lan-180ml-thung-48-hop","status":"publish","type":"product","link":"https:\/\/havamall.vn\/en\/shop\/sua-milo-thai-lan-180ml-thung-48-hop\/","title":{"rendered":"S\u1eefa Milo Th\u00e1i Lan 180ml Th\u00f9ng 48 H\u1ed9p"},"content":{"rendered":"<h2><strong>TH\u00d4NG TIN CHUNG<\/strong><\/h2>\n<div dir=\"auto\">\n<div dir=\"auto\">\n<table>\n<tbody>\n<tr>\n<td>Th\u01b0\u01a1ng hi\u1ec7u<\/td>\n<td>Milo<\/td>\n<\/tr>\n<tr>\n<td>Xu\u1ea5t x\u1ee9 th\u01b0\u01a1ng hi\u1ec7u<\/td>\n<td>Th\u00e1i Lan<\/td>\n<\/tr>\n<tr>\n<td>H\u1ea1n s\u1eed d\u1ee5ng<\/td>\n<td>12 th\u00e1ng k\u1ec3 t\u1eeb ng\u00e0y s\u1ea3n xu\u1ea5t<\/td>\n<\/tr>\n<tr>\n<td>H\u01b0\u1edbng d\u1eabn b\u1ea3o qu\u1ea3n<\/td>\n<td>B\u1ea3o qu\u1ea3n nhi\u1ec7t \u0111\u1ed9 th\u01b0\u1eddng<\/td>\n<\/tr>\n<tr>\n<td>H\u01b0\u1edbng d\u1eabn s\u1eed d\u1ee5ng<\/td>\n<td>D\u00f9ng tr\u1ef1c ti\u1ebfp<\/td>\n<\/tr>\n<tr>\n<td>Xu\u1ea5t x\u1ee9<\/td>\n<td>Th\u00e1i Lan<\/td>\n<\/tr>\n<tr>\n<td>Tr\u1ecdng l\u01b0\u1ee3ng s\u1ea3n ph\u1ea9m<\/td>\n<td>180ml<\/td>\n<\/tr>\n<tr>\n<td>Quy c\u00e1ch \u0111\u00f3ng g\u00f3i<\/td>\n<td>H\u1ed9p gi\u1ea5y<\/td>\n<\/tr>\n<tr>\n<td>Th\u00e0nh ph\u1ea7n<\/td>\n<td>Xem tr\u00ean bao b\u00ec<\/td>\n<\/tr>\n<\/tbody>\n<\/table>\n<p>V\u1edbi c\u00f4ng th\u1ee9c Protomalt l\u00e0 chi\u1ebft xu\u1ea5t dinh d\u01b0\u1ee1ng v\u01b0\u1ee3t tr\u1ed9i t\u1eeb m\u1ea7m l\u00faa m\u1ea1ch nguy\u00ean c\u00e1m, s\u1eefa, b\u1ed9t ca cao \u0111\u01b0\u1ee3c b\u1ed5 sung nhi\u1ec1u Vitamin v\u00e0 kho\u00e1ng ch\u1ea5t, cung c\u1ea5p d\u01b0\u1ee1ng ch\u1ea5t c\u1ea7n b\u1eb1ng v\u00e0 \u0111\u1ea7y \u0111\u1ee7 gi\u00fap tr\u1ebb lu\u00f4n tr\u00e0n \u0111\u1ea7y n\u0103ng l\u01b0\u1ee3ng v\u00e0 m\u1ea1nh kh\u1ecfe, t\u1ef1 tin.<\/p>\n<p>\u0110\u1eb7c bi\u1ec7t m\u1ea7m l\u00faa m\u1ea1ch nguy\u00ean c\u00e1m c\u00f3 trong s\u1ea3n ph\u1ea9m gi\u00fap cung c\u1ea5p th\u00eam d\u01b0\u1ee1ng ch\u1ea5t c\u00e2n b\u1eb1ng gi\u00fap c\u01a1 th\u1ec3 lu\u00f4n tr\u00e0n \u0111\u1ea7y n\u0103ng l\u01b0\u1ee3ng v\u00e0 kh\u1ecfe m\u1ea1nh.<\/p>\n<p>S\u1ef1 k\u1ebft h\u1ee3p ho\u00e0n h\u1ea3o t\u1eeb h\u01b0\u01a1ng v\u1ecb th\u01a1m ngon \u0111\u1ed9c \u0111\u00e1o c\u1ee7a cacao v\u00e0 ngu\u1ed3n d\u01b0\u1ee1ng ch\u1ea5t thi\u00ean nhi\u00ean gi\u00e0u \u0111\u1ea1m v\u00e0 c\u00e1c ch\u1ea5t dinh d\u01b0\u1ee1ng t\u1eeb s\u1eefa, m\u1ea7m l\u00faa m\u1ea1ch nguy\u00ean c\u00e1m v\u00e0 c\u00e1c vitamin, kho\u00e1ng ch\u1ea5t.<\/p>\n<p>H\u1ee3p ch\u1ea5t ACTIV-GO V\u01b0\u01a1n xa l\u00e0 s\u1ef1 k\u1ebft h\u1ee3p \u0111\u1ed9c \u0111\u00e1o c\u1ee7a Protomalt chi\u1ebft xu\u1ea5t \u0111\u1eb7c bi\u1ec7t t\u1eeb m\u1ea7m l\u00faa m\u1ea1ch v\u00e0 t\u1ed5 h\u1ee3p c\u00e1c vitamin v\u00e0 kho\u00e1ng ch\u1ea5t thi\u1ebft y\u1ebfu<\/p>\n<p>\u0110\u00f3ng g\u00f3p vai tr\u00f2 quan tr\u1ecdng trong vi\u1ec7c gi\u1ea3i ph\u00f3ng n\u0103ng l\u01b0\u1ee3ng, t\u0103ng c\u01b0\u1eddng ch\u1ee9c n\u0103ng c\u01a1 v\u00e0 h\u1ec7 x\u01b0\u01a1ng, h\u1ed7 tr\u1ee3 t\u00edch c\u1ef1c cho c\u00e1c ho\u1ea1t \u0111\u1ed9ng th\u1ec3 ch\u1ea5t v\u00e0 tr\u00ed tu\u1ec7 c\u1ee7a tr\u1ebb.<\/p>\n<p><img fetchpriority=\"high\" decoding=\"async\" class=\"aligncenter\" src=\"https:\/\/cf.shopee.vn\/file\/073a7ef9870869637ab82ced0ff971d5\" alt=\"Milo thai, Gi\u00e1 c\u1eadp nh\u1eadt 1 gi\u1edd tr\u01b0\u1edbc\" width=\"602\" height=\"602\" \/><\/p>\n<div dir=\"ltr\"><strong>S\u1eefa milo th\u00e1i lan c\u1ee7a nestle<\/strong>\u00a0\u0111\u00e3 c\u00f3 m\u1eb7t v\u00e0 li\u00ean t\u1ee5c ph\u00e1t tri\u1ec3n t\u1ea1i th\u1ecb tr\u01b0\u1eddng Vi\u1ec7t Nam trong su\u1ed1t h\u01a1n 17 n\u0103m qua \u0111\u01b0\u1ee3c \u0111\u00e1nh gi\u00e1 l\u00e0 th\u01b0\u01a1ng hi\u1ec7u s\u1eefa uy t\u00edn v\u00e0 d\u1eabn \u0111\u1ea7u th\u1ecb tr\u01b0\u1eddng trong c\u00e1c s\u1ea3n ph\u1ea9m th\u1ee9c u\u1ed1ng t\u1eeb cacao cho tr\u1ebb t\u1eeb 2 tu\u1ed5i tr\u1edf l\u00ean.<br \/>\n<strong>S\u1eefa milo th\u00e1i<\/strong>\u00a0\u0111\u01b0\u1ee3c \u0111\u00e1nh gi\u00e1 l\u00e0 lo\u1ea1i s\u1eefa qu\u1ed1c d\u00e2n c\u1ee7a th\u1ebf h\u1ec7 tr\u1ebb em t\u1eeb tr\u01b0\u1edbc t\u1edbi nay. V\u1edbi h\u01b0\u01a1ng v\u1ecb th\u01a1m ngon ph\u00f9 h\u1ee3p v\u1edbi v\u1ecb gi\u00e1c c\u1ee7a h\u1ea7u h\u1ebft m\u1ecdi \u0111\u1ed1i t\u01b0\u1ee3ng s\u1eed d\u1ee5ng khi\u00ean cho nhi\u1ec1u b\u1eadc ph\u1ee5 huynh lo l\u1eafng s\u1eefa milo th\u00e1i c\u00f3 t\u1ed1t kh\u00f4ng v\u00e0 c\u00f3 \u1edf \u0111\u1ed9 tu\u1ed5i n\u00e0o th\u00ec n\u00ean cho tr\u1ebb s\u1eed d\u1ee5ng lo\u1ea1i s\u1ea3n ph\u1ea9m n\u00e0y.<strong>S\u1eefa\u00a0 milo th\u00e1i\u00a0<\/strong>\u0111\u01b0\u1ee3c nghi\u00ean c\u1ee9u mang t\u1edbi ngu\u1ed3n n\u0103ng l\u01b0\u1ee3ng v\u00e0 dinh d\u01b0\u1ee1ng cao, cung c\u1ea5p ngu\u1ed3n n\u0103ng l\u01b0\u1ee3ng b\u1ec1n b\u1ec9 cho tr\u1ebb c\u1ea3 ng\u00e0y n\u0103ng \u0111\u1ed9ng.<\/div>\n<div dir=\"ltr\">C\u00e1c m\u1eb9 ch\u1ec9 c\u1ea7n l\u01b0u \u00fd kh\u00f4ng cho tr\u1ebb d\u01b0\u1edbi 2 tu\u1ed5i s\u1eed d\u1ee5ng\u00a0<strong>s\u1eefa milo th\u00e1i<\/strong>\u00a0v\u00ec \u1edf \u0111\u1ed9 tu\u1ed5i n\u00e0y ngu\u1ed3n dinh d\u01b0\u1ee1ng tuy\u1ec7t v\u1eddi nh\u1ea5t v\u1eabn l\u00e0 s\u1eefa m\u1eb9 ho\u1eb7c n\u1ebfu kh\u00f4ng c\u00e1c m\u1eb9 c\u00f3 th\u1ec3 cho b\u00e9 s\u1eed d\u1ee5ng s\u1eefa b\u1ed9t c\u00f4ng th\u1ee9c chuy\u00ean bi\u1ec7t cho \u0111\u1ed9 tu\u1ed5i n\u00e0y c\u1ee7a tr\u1ebb \u0111\u1ec3 \u0111\u1ea3m b\u1ea3o c\u00e2n b\u1eb1ng dinh d\u01b0\u1ee1ng t\u1ed1i \u01b0u.<\/div>\n<div dir=\"ltr\">T\u00f9y thu\u1ed9c v\u00e0o t\u1eebng \u0111\u1ed9 tu\u1ed5i c\u1ee7a b\u00e9 m\u00e0 c\u00e1c m\u1eb9 c\u00f3 th\u1ec3 s\u1eed d\u1ee5ng l\u01b0\u1ee3ng s\u1eefa milo th\u00e1i ph\u00f9 h\u1ee3p. Theo khuy\u1ebfn ngh\u1ecb c\u1ee7a c\u00e1c chuy\u00ean gia dinh d\u01b0\u1ee1ng tr\u1ebb t\u1eeb 2 t\u1edbi 6 tu\u1ed5i c\u00e1c m\u1eb9 c\u00f3 th\u1ec3 cho b\u00e9 s\u1eed d\u1ee5ng milo th\u00e1i h\u1ed9p nh\u1ecf 115ml c\u00f2n tr\u1ebb t\u1eeb 6 tu\u1ed5i tr\u1edf l\u00ean c\u00f3 th\u1ec3 s\u1eed d\u1ee5ng 2 h\u1ed9p s\u1eefa milo th\u00e1i 180ml m\u1ed7i ng\u00e0y.<\/div>\n<div dir=\"ltr\">V\u1edbi c\u00f4ng th\u1ee9c dinh d\u01b0\u1ee1ng gi\u00e0u n\u0103ng l\u01b0\u1ee3ng, \u0111\u1ea7y \u0111\u1ee7 vitamin v\u00e0 kho\u00e1ng ch\u1ea5t gi\u00fap tr\u1ebb t\u1eeb 2 tu\u1ed5i tr\u1edf l\u00ean b\u00f9 \u0111\u1eafp s\u1ef1 thi\u1ebfu h\u1ee5t dinh d\u01b0\u1ee1ng trong kh\u1ea9u ph\u1ea7n \u0103n h\u00e0ng ng\u00e0y t\u1eeb \u0111\u00f3 ph\u00e1t tri\u1ec3n to\u00e0n di\u1ec7n c\u1ea3 v\u1ec1 th\u1ec3 ch\u1ea5t l\u1eabn tr\u00ed tu\u1ec7.<\/div>\n<div dir=\"ltr\"><img decoding=\"async\" class=\"aligncenter\" src=\"https:\/\/havamall.vn\/wp-content\/uploads\/2024\/06\/tren-tay-hinh-anh-sua-milo-thai.jpg\" alt='S\u1eefa Milo Th\u00e1i Lan 180ml Th\u00f9ng 48 H\u1ed9p Cho Tr\u1ebb Tr\u00ean 2 Tu\u1ed5i V\u1ecb Ngon Kh\u00f3 C\u01b0\u1ee1ng' width=\"900\" height=\"900\" \/><br \/>\nKh\u00f4ng nh\u1eefng th\u1ebf s\u1eefa milo th\u00e1i c\u00f2n gi\u00e0u d\u01b0\u1ee1ng ch\u1ea5t ch\u1ed1ng oxy h\u00f3a gi\u00fap b\u00e9 ph\u00e1t tri\u1ec3n kh\u1ecfe m\u1ea1nh, h\u1ea1n ch\u1ebf \u1ed1m v\u1eb7t, h\u1ea1n ch\u1ebf nguy c\u01a1 m\u1eafc c\u00e1c b\u1ec7nh truy\u1ec1n nhi\u1ec5m v\u00e0 h\u00f4 h\u1ea5p.<\/div>\n<div dir=\"ltr\">B\u00ean c\u1ea1nh \u0111\u00f3, s\u1eefa milo th\u00e1i \u0111\u01b0\u1ee3c \u0111\u00f3ng s\u1eb5n h\u1ed9p pha s\u1eb5n gi\u00fap ti\u1ebft ki\u1ec7m th\u1eddi gian pha s\u1eefa, \u0111\u1ea3m b\u1ea3o c\u00e1c t\u1ef7 l\u1ec7 c\u00e1c th\u00e0nh ph\u1ea7n dinh d\u01b0\u1ee1ng trong s\u1eefa ph\u00e1t huy t\u1ed1i \u0111a c\u00f4ng d\u1ee5ng.<\/div>\n<\/div>\n<\/div>","protected":false},"excerpt":{"rendered":"<p>TH\u00d4NG TIN CHUNG Th\u01b0\u01a1ng hi\u1ec7u Milo Xu\u1ea5t x\u1ee9 th\u01b0\u01a1ng hi\u1ec7u Th\u00e1i Lan H\u1ea1n s\u1eed d\u1ee5ng 12 th\u00e1ng k\u1ec3 t\u1eeb ng\u00e0y<\/p>","protected":false},"featured_media":34700,"comment_status":"open","ping_status":"closed","template":"","meta":[],"product_brand":[],"product_cat":[36,135],"product_tag":[],"class_list":{"0":"post-34699","1":"product","2":"type-product","3":"status-publish","4":"has-post-thumbnail","6":"product_cat-thuc-pham-tieu-dung","7":"product_cat-sua-do-uong","9":"first","10":"instock","11":"sale","12":"shipping-taxable","13":"purchasable","14":"product-type-simple"},"_links":{"self":[{"href":"https:\/\/havamall.vn\/en\/wp-json\/wp\/v2\/product\/34699"}],"collection":[{"href":"https:\/\/havamall.vn\/en\/wp-json\/wp\/v2\/product"}],"about":[{"href":"https:\/\/havamall.vn\/en\/wp-json\/wp\/v2\/types\/product"}],"replies":[{"embeddable":true,"href":"https:\/\/havamall.vn\/en\/wp-json\/wp\/v2\/comments?post=34699"}],"version-history":[{"count":0,"href":"https:\/\/havamall.vn\/en\/wp-json\/wp\/v2\/product\/34699\/revisions"}],"wp:featuredmedia":[{"embeddable":true,"href":"https:\/\/havamall.vn\/en\/wp-json\/wp\/v2\/media\/34700"}],"wp:attachment":[{"href":"https:\/\/havamall.vn\/en\/wp-json\/wp\/v2\/media?parent=34699"}],"wp:term":[{"taxonomy":"product_brand","embeddable":true,"href":"https:\/\/havamall.vn\/en\/wp-json\/wp\/v2\/product_brand?post=34699"},{"taxonomy":"product_cat","embeddable":true,"href":"https:\/\/havamall.vn\/en\/wp-json\/wp\/v2\/product_cat?post=34699"},{"taxonomy":"product_tag","embeddable":true,"href":"https:\/\/havamall.vn\/en\/wp-json\/wp\/v2\/product_tag?post=34699"}],"curies":[{"name":"wp","href":"https:\/\/api.w.org\/{rel}","templated":true}]}}