{"id":34678,"date":"2024-05-31T14:27:38","date_gmt":"2024-05-31T07:27:38","guid":{"rendered":"https:\/\/havamall.vn\/?post_type=product&#038;p=34678"},"modified":"2025-06-10T17:18:50","modified_gmt":"2025-06-10T10:18:50","slug":"bot-gac-say-lanh-havafoodies-50g-spiny-bitter-powder","status":"publish","type":"product","link":"https:\/\/havamall.vn\/en\/shop\/bot-gac-say-lanh-havafoodies-50g-spiny-bitter-powder\/","title":{"rendered":"B\u1ed9t G\u1ea5c S\u1ea5y L\u1ea1nh Havafoodies 50g &#8211; Spiny Bitter Powder"},"content":{"rendered":"<div id=\"js-product-detail__specs\" class=\"product-detail__specs\">\n<div class=\"row\">\n<div class=\"col-sm-12\">\n<div class=\"product-specs__table\">\n<table>\n<tbody>\n<tr>\n<td class=\"specs-table__property\">Th\u01b0\u01a1ng hi\u1ec7u<\/td>\n<td class=\"specs-table__value\">Havafoodies<\/td>\n<\/tr>\n<tr>\n<td class=\"specs-table__property\">Xu\u1ea5t x\u1ee9<\/td>\n<td class=\"specs-table__value\">Vi\u1ec7t nam<\/td>\n<\/tr>\n<tr>\n<td class=\"specs-table__property\">H\u1ea1n s\u1eed d\u1ee5ng<\/td>\n<td class=\"specs-table__value\">Xem tr\u00ean bao b\u00ec s\u1ea3n ph\u1ea9m<\/td>\n<\/tr>\n<tr>\n<td class=\"specs-table__property\">H\u01b0\u1edbng d\u1eabn s\u1eed d\u1ee5ng<\/td>\n<td class=\"specs-table__value\">D\u00f9ng tr\u1ef1c ti\u1ebfp ho\u1eb7c ch\u1ebf bi\u1ebfn c\u00e1c m\u00f3n \u0103n tu\u1ef3 th\u00edch<\/td>\n<\/tr>\n<tr>\n<td class=\"specs-table__property\">H\u01b0\u1edbng d\u1eabn b\u1ea3o qu\u1ea3n<\/td>\n<td class=\"specs-table__value\">B\u1ea3o qu\u1ea3n kh\u00f4 r\u00e1o, tho\u00e1ng m\u00e1t<\/td>\n<\/tr>\n<tr>\n<td class=\"specs-table__property\">Th\u00e0nh ph\u1ea7n nguy\u00ean li\u1ec7u<\/td>\n<td class=\"specs-table__value\">Nh\u01b0 tr\u00ean bao b\u00ec<\/td>\n<\/tr>\n<tr>\n<td class=\"specs-table__property\">Kh\u1ed1i l\u01b0\u1ee3ng<\/td>\n<td class=\"specs-table__value\">50g<\/td>\n<\/tr>\n<\/tbody>\n<\/table>\n<p>G\u1ea5c, c\u00f2n \u0111\u01b0\u1ee3c g\u1ecdi l\u00e0 &#8220;qu\u1ea3 g\u1ea5c&#8221; hay &#8220;tr\u00e1i g\u1ea5c,&#8221; l\u00e0 m\u1ed9t lo\u1ea1i qu\u1ea3 \u0111\u1eb7c tr\u01b0ng c\u1ee7a v\u00f9ng \u0110\u00f4ng Nam \u00c1, \u0111\u01b0\u1ee3c m\u1ec7nh danh l\u00e0 \u201cqu\u1ea3 \u0111\u1ebfn t\u1eeb thi\u00ean \u0111\u01b0\u1eddng\u201d nh\u1edd v\u00e0o h\u00e0m l\u01b0\u1ee3ng dinh d\u01b0\u1ee1ng cao v\u00e0 c\u00e1c l\u1ee3i \u00edch s\u1ee9c kh\u1ecfe tuy\u1ec7t v\u1eddi. G\u1ea5c ch\u1ee9a m\u1ed9t l\u01b0\u1ee3ng l\u1edbn beta-carotene, lycopene, vitamin E, v\u00e0 c\u00e1c ch\u1ea5t ch\u1ed1ng oxy h\u00f3a kh\u00e1c, gi\u00fap t\u0103ng c\u01b0\u1eddng s\u1ee9c \u0111\u1ec1 kh\u00e1ng, b\u1ea3o v\u1ec7 m\u1eaft v\u00e0 l\u00e0m \u0111\u1eb9p da.<\/p>\n<p>B\u1ed9t g\u1ea5c s\u1ea5y l\u1ea1nh gi\u1eef nguy\u00ean nh\u1eefng gi\u00e1 tr\u1ecb dinh d\u01b0\u1ee1ng tuy\u1ec7t v\u1eddi n\u00e0y, mang \u0111\u1ebfn m\u1ed9t s\u1ea3n ph\u1ea9m ti\u1ec7n l\u1ee3i, d\u1ec5 s\u1eed d\u1ee5ng v\u00e0 gi\u00e0u dinh d\u01b0\u1ee1ng.<\/p>\n<p><img fetchpriority=\"high\" decoding=\"async\" class=\"wp-image-35756 aligncenter\" src=\"https:\/\/havamall.vn\/wp-content\/uploads\/2024\/05\/unnamed-1.jpg\" alt=\"\" width=\"615\" height=\"615\" \/><\/p>\n<p>B\u1ed9t g\u1ea5c s\u1ea5y l\u1ea1nh \u0111\u01b0\u1ee3c ch\u1ebf bi\u1ebfn t\u1eeb nh\u1eefng qu\u1ea3 g\u1ea5c t\u01b0\u01a1i ngon, ch\u00edn \u0111\u1ecf v\u00e0 \u0111\u01b0\u1ee3c ch\u1ecdn l\u1ecdc k\u1ef9 c\u00e0ng. Ph\u01b0\u01a1ng ph\u00e1p s\u1ea5y l\u1ea1nh gi\u00fap gi\u1eef nguy\u00ean m\u00e0u s\u1eafc, h\u01b0\u01a1ng v\u1ecb, v\u00e0 dinh d\u01b0\u1ee1ng t\u1ef1 nhi\u00ean c\u1ee7a g\u1ea5c. Quy tr\u00ecnh n\u00e0y kh\u00f4ng s\u1eed d\u1ee5ng nhi\u1ec7t \u0111\u1ed9 cao n\u00ean c\u00e1c vitamin v\u00e0 ch\u1ea5t ch\u1ed1ng oxy h\u00f3a trong g\u1ea5c kh\u00f4ng b\u1ecb ph\u00e1 h\u1ee7y, \u0111\u1ea3m b\u1ea3o ch\u1ea5t l\u01b0\u1ee3ng s\u1ea3n ph\u1ea9m lu\u00f4n t\u1ed1t nh\u1ea5t.<\/p>\n<p><img decoding=\"async\" class=\"wp-image-35757 aligncenter\" src=\"https:\/\/havamall.vn\/wp-content\/uploads\/2024\/05\/cach-nau-xoi-gac-truyen-thong-deo-thom-cuc-hap-dan-tai-nha-202207051354146963.jpg\" alt=\"\" width=\"623\" height=\"350\" \/><\/p>\n<p>B\u1ed9t g\u1ea5c c\u00f3 m\u00e0u \u0111\u1ecf cam t\u01b0\u01a1i s\u00e1ng, mang h\u01b0\u01a1ng th\u01a1m \u0111\u1eb7c tr\u01b0ng c\u1ee7a g\u1ea5c, c\u00f3 th\u1ec3 \u0111\u01b0\u1ee3c s\u1eed d\u1ee5ng trong nhi\u1ec1u m\u00f3n \u0103n v\u00e0 th\u1ee9c u\u1ed1ng. T\u1eeb vi\u1ec7c pha n\u01b0\u1edbc u\u1ed1ng, l\u00e0m sinh t\u1ed1, s\u1eefa chua, \u0111\u1ebfn s\u1eed d\u1ee5ng trong c\u00e1c m\u00f3n b\u00e1nh, ch\u00e1o, s\u00fap hay c\u00e1c m\u00f3n \u0103n truy\u1ec1n th\u1ed1ng nh\u01b0 x\u00f4i g\u1ea5c, b\u1ed9t g\u1ea5c mang l\u1ea1i h\u01b0\u01a1ng v\u1ecb ng\u1ecdt d\u1ecbu v\u00e0 m\u00e0u s\u1eafc h\u1ea5p d\u1eabn. B\u1ed9t g\u1ea5c c\u0169ng c\u00f3 th\u1ec3 \u0111\u01b0\u1ee3c d\u00f9ng \u0111\u1ec3 t\u0103ng c\u01b0\u1eddng dinh d\u01b0\u1ee1ng trong ch\u1ebf \u0111\u1ed9 \u0103n u\u1ed1ng h\u00e0ng ng\u00e0y, \u0111\u1eb7c bi\u1ec7t l\u00e0 cho tr\u1ebb em v\u00e0 ng\u01b0\u1eddi cao tu\u1ed5i.<\/p>\n<p><img decoding=\"async\" class=\"wp-image-35758 aligncenter\" src=\"https:\/\/havamall.vn\/wp-content\/uploads\/2024\/05\/banh-xu-xe-gac-banh-phu-the-gac-thumbnail-1024x577.jpg\" alt=\"\" width=\"630\" height=\"355\" \/><\/p>\n<p>B\u1ed9t g\u1ea5c kh\u00f4ng ch\u1ec9 gi\u00e0u dinh d\u01b0\u1ee1ng m\u00e0 c\u00f2n mang l\u1ea1i nhi\u1ec1u l\u1ee3i \u00edch s\u1ee9c kh\u1ecfe nh\u01b0:<\/p>\n<p><strong>&#8211; T\u0103ng c\u01b0\u1eddng h\u1ec7 mi\u1ec5n d\u1ecbch:<\/strong> Nh\u1edd v\u00e0o h\u00e0m l\u01b0\u1ee3ng cao c\u00e1c ch\u1ea5t ch\u1ed1ng oxy h\u00f3a, b\u1ed9t g\u1ea5c gi\u00fap c\u01a1 th\u1ec3 ch\u1ed1ng l\u1ea1i c\u00e1c g\u1ed1c t\u1ef1 do, t\u0103ng c\u01b0\u1eddng h\u1ec7 mi\u1ec5n d\u1ecbch v\u00e0 b\u1ea3o v\u1ec7 t\u1ebf b\u00e0o kh\u1ecfi s\u1ef1 t\u1ed5n th\u01b0\u01a1ng.<\/p>\n<p><strong>&#8211; B\u1ea3o v\u1ec7 m\u1eaft:<\/strong> Beta-carotene trong b\u1ed9t g\u1ea5c chuy\u1ec3n h\u00f3a th\u00e0nh vitamin A trong c\u01a1 th\u1ec3, gi\u00fap duy tr\u00ec th\u1ecb l\u1ef1c kh\u1ecfe m\u1ea1nh v\u00e0 ng\u0103n ng\u1eeba c\u00e1c b\u1ec7nh v\u1ec1 m\u1eaft nh\u01b0 \u0111\u1ee5c th\u1ee7y tinh th\u1ec3.<\/p>\n<p><strong>&#8211; Ch\u1ed1ng l\u00e3o h\u00f3a da:<\/strong> V\u1edbi h\u00e0m l\u01b0\u1ee3ng vitamin E v\u00e0 c\u00e1c ch\u1ea5t ch\u1ed1ng oxy h\u00f3a cao, b\u1ed9t g\u1ea5c gi\u00fap l\u00e0m ch\u1eadm qu\u00e1 tr\u00ecnh l\u00e3o h\u00f3a, gi\u1ea3m n\u1ebfp nh\u0103n v\u00e0 gi\u1eef cho l\u00e0n da lu\u00f4n t\u01b0\u01a1i tr\u1ebb, r\u1ea1ng r\u1ee1.<\/p>\n<p><img loading=\"lazy\" decoding=\"async\" class=\"wp-image-35759 aligncenter\" src=\"https:\/\/havamall.vn\/wp-content\/uploads\/2024\/05\/bot-gac.jpg\" alt=\"\" width=\"647\" height=\"520\" \/><\/p>\n<h3><strong>\u0110\u1eb7c \u0111i\u1ec3m n\u1ed5i b\u1eadt<\/strong><\/h3>\n<p><strong>&#8211; D\u1ec5 s\u1eed d\u1ee5ng v\u00e0 b\u1ea3o qu\u1ea3n:<\/strong> S\u1ea3n ph\u1ea9m \u0111\u01b0\u1ee3c \u0111\u00f3ng g\u00f3i nh\u1ecf g\u1ecdn, ti\u1ec7n l\u1ee3i, d\u1ec5 d\u00e0ng s\u1eed d\u1ee5ng v\u00e0 ti\u1ebft ki\u1ec7m kh\u00f4ng gian b\u1ea3o qu\u1ea3n.<\/p>\n<p><strong>&#8211; An to\u00e0n v\u00e0 t\u1ef1 nhi\u00ean:<\/strong> B\u1ed9t g\u1ea5c s\u1ea5y l\u1ea1nh \u0111\u01b0\u1ee3c s\u1ea3n xu\u1ea5t t\u1eeb g\u1ea5c t\u01b0\u01a1i 100% t\u1ef1 nhi\u00ean, kh\u00f4ng ch\u1ee9a ch\u1ea5t b\u1ea3o qu\u1ea3n, ph\u1ea9m m\u00e0u, hay h\u00f3a ch\u1ea5t \u0111\u1ed9c h\u1ea1i, \u0111\u1ea3m b\u1ea3o an to\u00e0n cho s\u1ee9c kh\u1ecfe ng\u01b0\u1eddi ti\u00eau d\u00f9ng.<\/p>\n<p><strong>&#8211; Gi\u1eef nguy\u00ean h\u01b0\u01a1ng v\u1ecb v\u00e0 dinh d\u01b0\u1ee1ng:<\/strong> Ph\u01b0\u01a1ng ph\u00e1p s\u1ea5y l\u1ea1nh ti\u00ean ti\u1ebfn gi\u00fap gi\u1eef tr\u1ecdn h\u01b0\u01a1ng v\u1ecb v\u00e0 c\u00e1c d\u01b0\u1ee1ng ch\u1ea5t qu\u00fd gi\u00e1 c\u1ee7a g\u1ea5c.<\/p>\n<p>S\u1ea3n ph\u1ea9m hi\u1ec7n \u0111\u00e3 c\u00f3 m\u1eb7t t\u1ea1i Havamall.<\/p>\n<\/div>\n<\/div>\n<\/div>\n<\/div>","protected":false},"excerpt":{"rendered":"<p>Th\u01b0\u01a1ng hi\u1ec7u Havafoodies Xu\u1ea5t x\u1ee9 Vi\u1ec7t nam H\u1ea1n s\u1eed d\u1ee5ng Xem tr\u00ean bao b\u00ec s\u1ea3n ph\u1ea9m H\u01b0\u1edbng d\u1eabn s\u1eed d\u1ee5ng<\/p>","protected":false},"featured_media":39456,"comment_status":"open","ping_status":"closed","template":"","meta":[],"product_brand":[],"product_cat":[595,36],"product_tag":[],"class_list":{"0":"post-34678","1":"product","2":"type-product","3":"status-publish","4":"has-post-thumbnail","6":"product_cat-gia-vi-va-che-bien","7":"product_cat-thuc-pham-tieu-dung","9":"first","10":"instock","11":"sale","12":"shipping-taxable","13":"purchasable","14":"product-type-simple"},"_links":{"self":[{"href":"https:\/\/havamall.vn\/en\/wp-json\/wp\/v2\/product\/34678"}],"collection":[{"href":"https:\/\/havamall.vn\/en\/wp-json\/wp\/v2\/product"}],"about":[{"href":"https:\/\/havamall.vn\/en\/wp-json\/wp\/v2\/types\/product"}],"replies":[{"embeddable":true,"href":"https:\/\/havamall.vn\/en\/wp-json\/wp\/v2\/comments?post=34678"}],"version-history":[{"count":0,"href":"https:\/\/havamall.vn\/en\/wp-json\/wp\/v2\/product\/34678\/revisions"}],"wp:featuredmedia":[{"embeddable":true,"href":"https:\/\/havamall.vn\/en\/wp-json\/wp\/v2\/media\/39456"}],"wp:attachment":[{"href":"https:\/\/havamall.vn\/en\/wp-json\/wp\/v2\/media?parent=34678"}],"wp:term":[{"taxonomy":"product_brand","embeddable":true,"href":"https:\/\/havamall.vn\/en\/wp-json\/wp\/v2\/product_brand?post=34678"},{"taxonomy":"product_cat","embeddable":true,"href":"https:\/\/havamall.vn\/en\/wp-json\/wp\/v2\/product_cat?post=34678"},{"taxonomy":"product_tag","embeddable":true,"href":"https:\/\/havamall.vn\/en\/wp-json\/wp\/v2\/product_tag?post=34678"}],"curies":[{"name":"wp","href":"https:\/\/api.w.org\/{rel}","templated":true}]}}