{"id":34676,"date":"2024-05-31T14:26:15","date_gmt":"2024-05-31T07:26:15","guid":{"rendered":"https:\/\/havamall.vn\/?post_type=product&#038;p=34676"},"modified":"2025-06-10T17:05:13","modified_gmt":"2025-06-10T10:05:13","slug":"bot-la-cam-tim-say-lanh-havafoodies-50g","status":"publish","type":"product","link":"https:\/\/havamall.vn\/en\/shop\/bot-la-cam-tim-say-lanh-havafoodies-50g\/","title":{"rendered":"B\u1ed9t L\u00e1 C\u1ea9m T\u00edm S\u1ea5y L\u1ea1nh Havafoodies 50g"},"content":{"rendered":"<div id=\"js-product-detail__specs\" class=\"product-detail__specs\">\n<div class=\"row\">\n<div class=\"col-sm-12\">\n<div class=\"product-specs__table\">\n<table>\n<tbody>\n<tr>\n<td class=\"specs-table__property\">Th\u01b0\u01a1ng hi\u1ec7u<\/td>\n<td class=\"specs-table__value\">Havafoodies<\/td>\n<\/tr>\n<tr>\n<td class=\"specs-table__property\">Xu\u1ea5t x\u1ee9<\/td>\n<td class=\"specs-table__value\">Vi\u1ec7t nam<\/td>\n<\/tr>\n<tr>\n<td class=\"specs-table__property\">H\u1ea1n s\u1eed d\u1ee5ng<\/td>\n<td class=\"specs-table__value\">Xem tr\u00ean bao b\u00ec s\u1ea3n ph\u1ea9m<\/td>\n<\/tr>\n<tr>\n<td class=\"specs-table__property\">H\u01b0\u1edbng d\u1eabn s\u1eed d\u1ee5ng<\/td>\n<td class=\"specs-table__value\">D\u00f9ng tr\u1ef1c ti\u1ebfp ho\u1eb7c ch\u1ebf bi\u1ebfn c\u00e1c m\u00f3n \u0103n tu\u1ef3 th\u00edch<\/td>\n<\/tr>\n<tr>\n<td class=\"specs-table__property\">H\u01b0\u1edbng d\u1eabn b\u1ea3o qu\u1ea3n<\/td>\n<td class=\"specs-table__value\">B\u1ea3o qu\u1ea3n kh\u00f4 r\u00e1o, tho\u00e1ng m\u00e1t<\/td>\n<\/tr>\n<tr>\n<td class=\"specs-table__property\">Th\u00e0nh ph\u1ea7n nguy\u00ean li\u1ec7u<\/td>\n<td class=\"specs-table__value\">Nh\u01b0 tr\u00ean bao b\u00ec<\/td>\n<\/tr>\n<tr>\n<td class=\"specs-table__property\">Kh\u1ed1i l\u01b0\u1ee3ng<\/td>\n<td class=\"specs-table__value\">50g<\/td>\n<\/tr>\n<\/tbody>\n<\/table>\n<p>B\u1ed9t l\u00e1 c\u1ea9m t\u00edm s\u1ea5y l\u1ea1nh l\u00e0 m\u1ed9t s\u1ea3n ph\u1ea9m t\u1eeb l\u00e1 c\u1ea9m t\u00edm, \u0111\u01b0\u1ee3c ch\u1ebf bi\u1ebfn \u0111\u1ec3 gi\u1eef l\u1ea1i m\u00e0u s\u1eafc r\u1ef1c r\u1ee1 v\u00e0 c\u00e1c d\u01b0\u1ee1ng ch\u1ea5t qu\u00fd gi\u00e1. L\u00e1 c\u1ea9m t\u00edm, hay c\u00f2n g\u1ecdi l\u00e0 Amaranthus tricolor, n\u1ed5i b\u1eadt v\u1edbi m\u00e0u t\u00edm \u0111\u1eb7c tr\u01b0ng v\u00e0 \u0111\u01b0\u1ee3c s\u1eed d\u1ee5ng ph\u1ed5 bi\u1ebfn trong \u1ea9m th\u1ef1c v\u00e0 l\u00e0m \u0111\u1eb9p. Quy tr\u00ecnh s\u1ea5y l\u1ea1nh gi\u00fap b\u1ea3o qu\u1ea3n h\u01b0\u01a1ng v\u1ecb, m\u00e0u s\u1eafc v\u00e0 c\u00e1c vitamin c\u1ea7n thi\u1ebft trong l\u00e1.<\/p>\n<p><img fetchpriority=\"high\" decoding=\"async\" class=\"wp-image-35916 aligncenter\" src=\"https:\/\/havamall.vn\/wp-content\/uploads\/2024\/05\/5-1-1024x1024.jpg\" alt=\"\" width=\"800\" height=\"800\" \/><\/p>\n<p>B\u1ed9t l\u00e1 c\u1ea9m t\u00edm s\u1ea5y l\u1ea1nh \u0111\u01b0\u1ee3c s\u1ea3n xu\u1ea5t b\u1eb1ng c\u00f4ng ngh\u1ec7 s\u1ea5y l\u1ea1nh hi\u1ec7n \u0111\u1ea1i. C\u00f4ng ngh\u1ec7 n\u00e0y gi\u00fap gi\u1eef nguy\u00ean m\u00e0u t\u00edm t\u1ef1 nhi\u00ean, h\u01b0\u01a1ng v\u1ecb \u0111\u1eb7c tr\u01b0ng v\u00e0 c\u00e1c d\u01b0\u1ee1ng ch\u1ea5t nh\u01b0 anthocyanin \u2013 ch\u1ea5t ch\u1ed1ng oxy h\u00f3a m\u1ea1nh, vitamin C, vitamin E v\u00e0 c\u00e1c kho\u00e1ng ch\u1ea5t thi\u1ebft y\u1ebfu.<\/p>\n<p data-sourcepos=\"17:1-17:152\">B\u1ed9t l\u00e1 c\u1ea9m t\u00edm c\u00f3 th\u1ec3 \u0111\u01b0\u1ee3c s\u1eed d\u1ee5ng \u0111\u1ec3 t\u1ea1o m\u00e0u t\u1ef1 nhi\u00ean cho c\u00e1c m\u00f3n \u0103n, th\u1ee9c u\u1ed1ng, v\u00e0 c\u00e1c s\u1ea3n ph\u1ea9m l\u00e0m \u0111\u1eb9p. Ngo\u00e0i ra, b\u1ed9t l\u00e1 c\u1ea9m t\u00edm c\u00f2n \u0111\u01b0\u1ee3c s\u1eed d\u1ee5ng \u0111\u1ec3:<\/p>\n<p>&#8211; T\u1ea1o m\u00e0u cho th\u1ee9c \u0103n: B\u1ed9t l\u00e1 c\u1ea9m t\u00edm c\u00f3 th\u1ec3 d\u00f9ng \u0111\u1ec3 t\u1ea1o m\u00e0u cho c\u00e1c m\u00f3n x\u00f4i, b\u00e1nh, ch\u00e8, t\u1ea1o n\u00ean nh\u1eefng m\u00f3n \u0103n h\u1ea5p d\u1eabn v\u00e0 b\u1eaft m\u1eaft.<\/p>\n<p>&#8211; L\u00e0m \u0111\u1eb9p da: B\u1ed9t l\u00e1 c\u1ea9m t\u00edm c\u00f3 kh\u1ea3 n\u0103ng ch\u1ed1ng oxy h\u00f3a m\u1ea1nh, gi\u00fap l\u00e0m ch\u1eadm qu\u00e1 tr\u00ecnh l\u00e3o h\u00f3a da, c\u1ea3i thi\u1ec7n \u0111\u1ed9 \u0111\u00e0n h\u1ed3i v\u00e0 l\u00e0m s\u00e1ng da.<\/p>\n<p><img decoding=\"async\" class=\"wp-image-35917 aligncenter\" src=\"https:\/\/havamall.vn\/wp-content\/uploads\/2024\/05\/bot-la-cam-2.jpg\" alt=\"\" width=\"800\" height=\"800\" \/><\/p>\n<h3><strong>L\u1ee3i \u00edch cho s\u1ee9c kh\u1ecfe<\/strong><\/h3>\n<p>&#8211; Ch\u1ed1ng oxy h\u00f3a: Anthocyanin trong l\u00e1 c\u1ea9m t\u00edm c\u00f3 kh\u1ea3 n\u0103ng ch\u1ed1ng oxy h\u00f3a m\u1ea1nh, gi\u00fap b\u1ea3o v\u1ec7 t\u1ebf b\u00e0o kh\u1ecfi t\u00e1c h\u1ea1i c\u1ee7a g\u1ed1c t\u1ef1 do.<\/p>\n<p>&#8211; T\u1ed1t cho tim m\u1ea1ch: B\u1ed9t l\u00e1 c\u1ea9m t\u00edm gi\u00fap gi\u1ea3m cholesterol x\u1ea5u, t\u0103ng c\u01b0\u1eddng l\u01b0u th\u00f4ng m\u00e1u v\u00e0 b\u1ea3o v\u1ec7 s\u1ee9c kh\u1ecfe tim m\u1ea1ch.<\/p>\n<p>&#8211; C\u1ea3i thi\u1ec7n th\u1ecb l\u1ef1c: Anthocyanin c\u00f3 t\u00e1c d\u1ee5ng b\u1ea3o v\u1ec7 v\u00f5ng m\u1ea1c, gi\u00fap c\u1ea3i thi\u1ec7n th\u1ecb l\u1ef1c v\u00e0 ng\u0103n ng\u1eeba c\u00e1c b\u1ec7nh v\u1ec1 m\u1eaft.<\/p>\n<p>&#8211; L\u00e0m \u0111\u1eb9p da: B\u1ed9t l\u00e1 c\u1ea9m t\u00edm gi\u00fap l\u00e0m ch\u1eadm qu\u00e1 tr\u00ecnh l\u00e3o h\u00f3a da, c\u1ea3i thi\u1ec7n \u0111\u1ed9 \u0111\u00e0n h\u1ed3i v\u00e0 l\u00e0m s\u00e1ng da.<\/p>\n<p><img decoding=\"async\" class=\"wp-image-35918 aligncenter\" src=\"https:\/\/havamall.vn\/wp-content\/uploads\/2024\/05\/bot-la-cam-4.jpg\" alt=\"\" width=\"800\" height=\"800\" \/><\/p>\n<h3><strong>\u0110\u1eb7c \u0111i\u1ec3m n\u1ed5i b\u1eadt<\/strong><\/h3>\n<p>&#8211; M\u00e0u t\u00edm t\u1ef1 nhi\u00ean: Gi\u1eef nguy\u00ean m\u00e0u t\u00edm \u0111\u1eb7c tr\u01b0ng c\u1ee7a l\u00e1 c\u1ea9m t\u00edm t\u01b0\u01a1i.<\/p>\n<p>&#8211; An to\u00e0n v\u00e0 t\u1ef1 nhi\u00ean: Kh\u00f4ng ch\u1ee9a ch\u1ea5t b\u1ea3o qu\u1ea3n, ph\u1ea9m m\u00e0u nh\u00e2n t\u1ea1o.<\/p>\n<p>&#8211; Ti\u1ec7n l\u1ee3i: D\u1ec5 d\u00e0ng s\u1eed d\u1ee5ng v\u00e0 b\u1ea3o qu\u1ea3n<\/p>\n<p>S\u1ea3n ph\u1ea9m c\u00f3 m\u1eb7t t\u1ea1i Havamall.<\/p>\n<p><img loading=\"lazy\" decoding=\"async\" class=\"wp-image-35919 aligncenter\" src=\"https:\/\/havamall.com\/wp-content\/uploads\/2025\/06\/ed5bcfe0c58380cb919775d0784d26b1.jpg\" alt=\"\" width=\"800\" height=\"800\" \/><\/p>\n<\/div>\n<\/div>\n<\/div>\n<\/div>","protected":false},"excerpt":{"rendered":"<p>Th\u01b0\u01a1ng hi\u1ec7u Havafoodies Xu\u1ea5t x\u1ee9 Vi\u1ec7t nam H\u1ea1n s\u1eed d\u1ee5ng Xem tr\u00ean bao b\u00ec s\u1ea3n ph\u1ea9m H\u01b0\u1edbng d\u1eabn s\u1eed d\u1ee5ng<\/p>","protected":false},"featured_media":39453,"comment_status":"open","ping_status":"closed","template":"","meta":[],"product_brand":[],"product_cat":[595,36],"product_tag":[],"class_list":{"0":"post-34676","1":"product","2":"type-product","3":"status-publish","4":"has-post-thumbnail","6":"product_cat-gia-vi-va-che-bien","7":"product_cat-thuc-pham-tieu-dung","9":"first","10":"instock","11":"sale","12":"shipping-taxable","13":"purchasable","14":"product-type-simple"},"_links":{"self":[{"href":"https:\/\/havamall.vn\/en\/wp-json\/wp\/v2\/product\/34676"}],"collection":[{"href":"https:\/\/havamall.vn\/en\/wp-json\/wp\/v2\/product"}],"about":[{"href":"https:\/\/havamall.vn\/en\/wp-json\/wp\/v2\/types\/product"}],"replies":[{"embeddable":true,"href":"https:\/\/havamall.vn\/en\/wp-json\/wp\/v2\/comments?post=34676"}],"version-history":[{"count":0,"href":"https:\/\/havamall.vn\/en\/wp-json\/wp\/v2\/product\/34676\/revisions"}],"wp:featuredmedia":[{"embeddable":true,"href":"https:\/\/havamall.vn\/en\/wp-json\/wp\/v2\/media\/39453"}],"wp:attachment":[{"href":"https:\/\/havamall.vn\/en\/wp-json\/wp\/v2\/media?parent=34676"}],"wp:term":[{"taxonomy":"product_brand","embeddable":true,"href":"https:\/\/havamall.vn\/en\/wp-json\/wp\/v2\/product_brand?post=34676"},{"taxonomy":"product_cat","embeddable":true,"href":"https:\/\/havamall.vn\/en\/wp-json\/wp\/v2\/product_cat?post=34676"},{"taxonomy":"product_tag","embeddable":true,"href":"https:\/\/havamall.vn\/en\/wp-json\/wp\/v2\/product_tag?post=34676"}],"curies":[{"name":"wp","href":"https:\/\/api.w.org\/{rel}","templated":true}]}}