{"id":34674,"date":"2024-05-31T14:25:03","date_gmt":"2024-05-31T07:25:03","guid":{"rendered":"https:\/\/havamall.vn\/?post_type=product&#038;p=34674"},"modified":"2025-06-10T16:50:52","modified_gmt":"2025-06-10T09:50:52","slug":"bot-danh-danh-say-lanh-havafoodies-50g-gardenia-powder","status":"publish","type":"product","link":"https:\/\/havamall.vn\/en\/shop\/bot-danh-danh-say-lanh-havafoodies-50g-gardenia-powder\/","title":{"rendered":"B\u1ed9t D\u00e0nh D\u00e0nh S\u1ea5y L\u1ea1nh Havafoodies 50g &#8211; Gardenia Powder"},"content":{"rendered":"<div id=\"js-product-detail__specs\" class=\"product-detail__specs\">\n<div class=\"row\">\n<div class=\"col-sm-12\">\n<div class=\"product-specs__table\">\n<table>\n<tbody>\n<tr>\n<td class=\"specs-table__property\">Th\u01b0\u01a1ng hi\u1ec7u<\/td>\n<td class=\"specs-table__value\">Havafoodies<\/td>\n<\/tr>\n<tr>\n<td class=\"specs-table__property\">Xu\u1ea5t x\u1ee9<\/td>\n<td class=\"specs-table__value\">Vi\u1ec7t nam<\/td>\n<\/tr>\n<tr>\n<td class=\"specs-table__property\">H\u1ea1n s\u1eed d\u1ee5ng<\/td>\n<td class=\"specs-table__value\">Xem tr\u00ean bao b\u00ec s\u1ea3n ph\u1ea9m<\/td>\n<\/tr>\n<tr>\n<td class=\"specs-table__property\">H\u01b0\u1edbng d\u1eabn s\u1eed d\u1ee5ng<\/td>\n<td class=\"specs-table__value\">D\u00f9ng tr\u1ef1c ti\u1ebfp ho\u1eb7c ch\u1ebf bi\u1ebfn c\u00e1c m\u00f3n \u0103n tu\u1ef3 th\u00edch<\/td>\n<\/tr>\n<tr>\n<td class=\"specs-table__property\">H\u01b0\u1edbng d\u1eabn b\u1ea3o qu\u1ea3n<\/td>\n<td class=\"specs-table__value\">B\u1ea3o qu\u1ea3n kh\u00f4 r\u00e1o, tho\u00e1ng m\u00e1t<\/td>\n<\/tr>\n<tr>\n<td class=\"specs-table__property\">Th\u00e0nh ph\u1ea7n nguy\u00ean li\u1ec7u<\/td>\n<td class=\"specs-table__value\">Nh\u01b0 tr\u00ean bao b\u00ec<\/td>\n<\/tr>\n<tr>\n<td class=\"specs-table__property\">Kh\u1ed1i l\u01b0\u1ee3ng<\/td>\n<td class=\"specs-table__value\">50g<\/td>\n<\/tr>\n<\/tbody>\n<\/table>\n<p>B\u1ed9t d\u00e0nh d\u00e0nh \u0111\u01b0\u1ee3c chi\u1ebft xu\u1ea5t t\u1eeb qu\u1ea3 d\u00e0nh d\u00e0nh, m\u1ed9t lo\u1ea1i c\u00e2y d\u01b0\u1ee3c li\u1ec7u quen thu\u1ed9c trong y h\u1ecdc c\u1ed5 truy\u1ec1n. Qu\u1ea3 d\u00e0nh d\u00e0nh c\u00f3 m\u00e0u v\u00e0ng t\u01b0\u01a1i r\u1ef1c r\u1ee1, \u0111\u01b0\u1ee3c s\u1eed d\u1ee5ng ph\u1ed5 bi\u1ebfn \u0111\u1ec3 t\u1ea1o m\u00e0u t\u1ef1 nhi\u00ean cho th\u1ef1c ph\u1ea9m v\u00e0 \u0111\u1ed3 u\u1ed1ng. B\u1ed9t d\u00e0nh d\u00e0nh s\u1ea5y l\u1ea1nh gi\u1eef tr\u1ecdn v\u1eb9n m\u00e0u s\u1eafc v\u00e0 h\u01b0\u01a1ng v\u1ecb \u0111\u1eb7c tr\u01b0ng, mang \u0111\u1ebfn cho c\u00e1c m\u00f3n \u0103n kh\u00f4ng ch\u1ec9 s\u1ef1 h\u1ea5p d\u1eabn m\u00e0 c\u00f2n r\u1ea5t nhi\u1ec1u l\u1ee3i \u00edch s\u1ee9c kh\u1ecfe.<\/p>\n<p><img fetchpriority=\"high\" decoding=\"async\" class=\"size-full wp-image-35762 aligncenter\" src=\"https:\/\/havamall.vn\/wp-content\/uploads\/2024\/05\/upload-55-1690562206615.jpeg\" alt=\"\" width=\"640\" height=\"640\" \/><\/p>\n<p>B\u1ed9t d\u00e0nh d\u00e0nh s\u1ea5y l\u1ea1nh \u0111\u01b0\u1ee3c ch\u1ebf bi\u1ebfn t\u1eeb nh\u1eefng qu\u1ea3 d\u00e0nh d\u00e0nh t\u01b0\u01a1i, ch\u00edn m\u1ecdng, \u0111\u01b0\u1ee3c ch\u1ecdn l\u1ecdc k\u1ef9 c\u00e0ng v\u00e0 s\u1ea5y kh\u00f4 b\u1eb1ng ph\u01b0\u01a1ng ph\u00e1p s\u1ea5y l\u1ea1nh ti\u00ean ti\u1ebfn. Qu\u00e1 tr\u00ecnh n\u00e0y gi\u00fap b\u1ea3o to\u00e0n t\u1ed1i \u0111a c\u00e1c ch\u1ea5t dinh d\u01b0\u1ee1ng c\u00f3 trong qu\u1ea3 d\u00e0nh d\u00e0nh, bao g\u1ed3m c\u00e1c ch\u1ea5t ch\u1ed1ng oxy h\u00f3a, vitamin, v\u00e0 c\u00e1c d\u01b0\u1ee1ng ch\u1ea5t thi\u1ebft y\u1ebfu kh\u00e1c, \u0111\u1ed3ng th\u1eddi gi\u1eef nguy\u00ean m\u00e0u s\u1eafc v\u00e0ng r\u1ef1c r\u1ee1 t\u1ef1 nhi\u00ean.<\/p>\n<p><img decoding=\"async\" class=\"size-full wp-image-35763 aligncenter\" src=\"https:\/\/havamall.vn\/wp-content\/uploads\/2024\/05\/bot-danh-danh.jpg\" alt=\"\" width=\"640\" height=\"460\" \/><\/p>\n<p>B\u1ed9t d\u00e0nh d\u00e0nh c\u00f3 m\u00e0u v\u00e0ng t\u01b0\u01a1i s\u00e1ng, m\u00f9i th\u01a1m d\u1ecbu nh\u1eb9 v\u00e0 v\u1ecb \u0111\u1eafng nh\u1eb9 \u0111\u1eb7c tr\u01b0ng. S\u1ea3n ph\u1ea9m n\u00e0y \u0111\u01b0\u1ee3c s\u1eed d\u1ee5ng r\u1ed9ng r\u00e3i trong ch\u1ebf bi\u1ebfn th\u1ef1c ph\u1ea9m nh\u01b0 t\u1ea1o m\u00e0u cho x\u00f4i, b\u00e1nh, ch\u00e8, ho\u1eb7c \u0111\u1ed3 u\u1ed1ng. B\u1ed9t d\u00e0nh d\u00e0nh c\u0169ng c\u00f3 th\u1ec3 \u0111\u01b0\u1ee3c d\u00f9ng \u0111\u1ec3 l\u00e0m m\u00e0u cho c\u00e1c m\u00f3n \u0103n chay ho\u1eb7c m\u00f3n tr\u00e1ng mi\u1ec7ng, gi\u00fap t\u0103ng th\u00eam ph\u1ea7n h\u1ea5p d\u1eabn v\u00e0 b\u1eaft m\u1eaft cho m\u00f3n \u0103n.<\/p>\n<p>B\u1ed9t d\u00e0nh d\u00e0nh r\u1ea5t d\u1ec5 s\u1eed d\u1ee5ng. B\u1ea1n ch\u1ec9 c\u1ea7n pha m\u1ed9t l\u01b0\u1ee3ng nh\u1ecf b\u1ed9t v\u1edbi n\u01b0\u1edbc \u1ea5m, khu\u1ea5y \u0111\u1ec1u cho tan v\u00e0 sau \u0111\u00f3 th\u00eam v\u00e0o c\u00e1c m\u00f3n \u0103n c\u1ea7n t\u1ea1o m\u00e0u. \u0110\u1ed1i v\u1edbi c\u00e1c m\u00f3n ch\u00e8, b\u00e1nh, hay x\u00f4i, ch\u1ec9 c\u1ea7n tr\u1ed9n b\u1ed9t d\u00e0nh d\u00e0nh v\u00e0o nguy\u00ean li\u1ec7u tr\u01b0\u1edbc khi n\u1ea5u \u0111\u1ec3 t\u1ea1o m\u00e0u v\u00e0ng t\u01b0\u01a1i t\u1ef1 nhi\u00ean.<\/p>\n<p><img decoding=\"async\" class=\"wp-image-35764 aligncenter\" src=\"https:\/\/havamall.vn\/wp-content\/uploads\/2024\/05\/e47298aa1c37301fe29304a51afac4a9.jpg\" alt=\"\" width=\"635\" height=\"332\" \/><\/p>\n<h3><strong>L\u1ee3i \u00edch\u00a0<\/strong><\/h3>\n<p><strong>&#8211; Ch\u1ed1ng oxy h\u00f3a:<\/strong> B\u1ed9t d\u00e0nh d\u00e0nh ch\u1ee9a nhi\u1ec1u ch\u1ea5t ch\u1ed1ng oxy h\u00f3a m\u1ea1nh m\u1ebd, gi\u00fap b\u1ea3o v\u1ec7 c\u01a1 th\u1ec3 kh\u1ecfi c\u00e1c g\u1ed1c t\u1ef1 do v\u00e0 ng\u0103n ng\u1eeba l\u00e3o h\u00f3a s\u1edbm.<\/p>\n<p><strong>&#8211; Thanh nhi\u1ec7t, gi\u1ea3i \u0111\u1ed9c:<\/strong> Trong y h\u1ecdc c\u1ed5 truy\u1ec1n, d\u00e0nh d\u00e0nh \u0111\u01b0\u1ee3c bi\u1ebft \u0111\u1ebfn v\u1edbi t\u00e1c d\u1ee5ng thanh nhi\u1ec7t, gi\u1ea3i \u0111\u1ed9c, h\u1ed7 tr\u1ee3 \u0111i\u1ec1u tr\u1ecb c\u00e1c b\u1ec7nh li\u00ean quan \u0111\u1ebfn gan, m\u1eadt, v\u00e0 thanh l\u1ecdc c\u01a1 th\u1ec3.<\/p>\n<p><strong>&#8211; H\u1ed7 tr\u1ee3 ti\u00eau h\u00f3a:<\/strong> B\u1ed9t d\u00e0nh d\u00e0nh c\u00f3 th\u1ec3 gi\u00fap k\u00edch th\u00edch ti\u00eau h\u00f3a, gi\u1ea3m c\u00e1c tri\u1ec7u ch\u1ee9ng kh\u00f3 ti\u00eau, \u0111\u1ea7y b\u1ee5ng, v\u00e0 c\u1ea3i thi\u1ec7n s\u1ee9c kh\u1ecfe \u0111\u01b0\u1eddng ru\u1ed9t.<\/p>\n<p><img loading=\"lazy\" decoding=\"async\" class=\"size-full wp-image-35765 aligncenter\" src=\"https:\/\/havamall.vn\/wp-content\/uploads\/2024\/05\/upload-92-1690562447799.jpeg\" alt=\"\" width=\"640\" height=\"426\" \/><\/p>\n<h3><strong>\u0110\u1eb7c \u0111i\u1ec3m n\u1ed5i b\u1eadt<\/strong><\/h3>\n<p><strong>&#8211; Gi\u1eef nguy\u00ean m\u00e0u s\u1eafc v\u00e0 d\u01b0\u1ee1ng ch\u1ea5t:<\/strong> Ph\u01b0\u01a1ng ph\u00e1p s\u1ea5y l\u1ea1nh hi\u1ec7n \u0111\u1ea1i gi\u00fap b\u1ea3o to\u00e0n t\u1ed1i \u0111a m\u00e0u s\u1eafc v\u00e0 d\u01b0\u1ee1ng ch\u1ea5t c\u1ee7a qu\u1ea3 d\u00e0nh d\u00e0nh.<\/p>\n<p><strong>&#8211; An to\u00e0n v\u00e0 t\u1ef1 nhi\u00ean:<\/strong> S\u1ea3n ph\u1ea9m kh\u00f4ng ch\u1ee9a ph\u1ea9m m\u00e0u nh\u00e2n t\u1ea1o, h\u00f3a ch\u1ea5t hay ch\u1ea5t b\u1ea3o qu\u1ea3n \u0111\u1ed9c h\u1ea1i, \u0111\u1ea3m b\u1ea3o an to\u00e0n tuy\u1ec7t \u0111\u1ed1i cho s\u1ee9c kh\u1ecfe ng\u01b0\u1eddi ti\u00eau d\u00f9ng.<\/p>\n<p><strong>&#8211; Ti\u1ec7n l\u1ee3i v\u00e0 d\u1ec5 b\u1ea3o qu\u1ea3n:<\/strong> B\u1ed9t d\u00e0nh d\u00e0nh s\u1ea5y l\u1ea1nh \u0111\u01b0\u1ee3c \u0111\u00f3ng g\u00f3i nh\u1ecf g\u1ecdn, ti\u1ec7n l\u1ee3i, d\u1ec5 d\u00e0ng b\u1ea3o qu\u1ea3n v\u00e0 s\u1eed d\u1ee5ng l\u00e2u d\u00e0i.<\/p>\n<p>S\u1ea3n ph\u1ea9m \u0111\u00e3 c\u00f3 m\u1eb7t t\u1ea1i Havamall.<\/p>\n<\/div>\n<\/div>\n<\/div>\n<\/div>","protected":false},"excerpt":{"rendered":"<p>Th\u01b0\u01a1ng hi\u1ec7u Havafoodies Xu\u1ea5t x\u1ee9 Vi\u1ec7t nam H\u1ea1n s\u1eed d\u1ee5ng Xem tr\u00ean bao b\u00ec s\u1ea3n ph\u1ea9m H\u01b0\u1edbng d\u1eabn s\u1eed d\u1ee5ng<\/p>","protected":false},"featured_media":39451,"comment_status":"open","ping_status":"closed","template":"","meta":[],"product_brand":[],"product_cat":[595,36],"product_tag":[],"class_list":{"0":"post-34674","1":"product","2":"type-product","3":"status-publish","4":"has-post-thumbnail","6":"product_cat-gia-vi-va-che-bien","7":"product_cat-thuc-pham-tieu-dung","9":"first","10":"instock","11":"sale","12":"shipping-taxable","13":"purchasable","14":"product-type-simple"},"_links":{"self":[{"href":"https:\/\/havamall.vn\/en\/wp-json\/wp\/v2\/product\/34674"}],"collection":[{"href":"https:\/\/havamall.vn\/en\/wp-json\/wp\/v2\/product"}],"about":[{"href":"https:\/\/havamall.vn\/en\/wp-json\/wp\/v2\/types\/product"}],"replies":[{"embeddable":true,"href":"https:\/\/havamall.vn\/en\/wp-json\/wp\/v2\/comments?post=34674"}],"version-history":[{"count":0,"href":"https:\/\/havamall.vn\/en\/wp-json\/wp\/v2\/product\/34674\/revisions"}],"wp:featuredmedia":[{"embeddable":true,"href":"https:\/\/havamall.vn\/en\/wp-json\/wp\/v2\/media\/39451"}],"wp:attachment":[{"href":"https:\/\/havamall.vn\/en\/wp-json\/wp\/v2\/media?parent=34674"}],"wp:term":[{"taxonomy":"product_brand","embeddable":true,"href":"https:\/\/havamall.vn\/en\/wp-json\/wp\/v2\/product_brand?post=34674"},{"taxonomy":"product_cat","embeddable":true,"href":"https:\/\/havamall.vn\/en\/wp-json\/wp\/v2\/product_cat?post=34674"},{"taxonomy":"product_tag","embeddable":true,"href":"https:\/\/havamall.vn\/en\/wp-json\/wp\/v2\/product_tag?post=34674"}],"curies":[{"name":"wp","href":"https:\/\/api.w.org\/{rel}","templated":true}]}}