{"id":34672,"date":"2024-05-31T14:21:27","date_gmt":"2024-05-31T07:21:27","guid":{"rendered":"https:\/\/havamall.vn\/?post_type=product&#038;p=34672"},"modified":"2025-06-10T16:38:19","modified_gmt":"2025-06-10T09:38:19","slug":"bot-cu-den-say-lanh-havafoodies-50g-beetroot-powder","status":"publish","type":"product","link":"https:\/\/havamall.vn\/en\/shop\/bot-cu-den-say-lanh-havafoodies-50g-beetroot-powder\/","title":{"rendered":"B\u1ed9t C\u1ee7 D\u1ec1n S\u1ea5y L\u1ea1nh Havafoodies 50g &#8211; Beetroot Powder"},"content":{"rendered":"<div id=\"js-product-detail__specs\" class=\"product-detail__specs\">\n<div class=\"row\">\n<div class=\"col-sm-12\">\n<div class=\"product-specs__table\">\n<table>\n<tbody>\n<tr>\n<td class=\"specs-table__property\">Th\u01b0\u01a1ng hi\u1ec7u<\/td>\n<td class=\"specs-table__value\">Havafoodies<\/td>\n<\/tr>\n<tr>\n<td class=\"specs-table__property\">Xu\u1ea5t x\u1ee9<\/td>\n<td class=\"specs-table__value\">Vi\u1ec7t nam<\/td>\n<\/tr>\n<tr>\n<td class=\"specs-table__property\">H\u1ea1n s\u1eed d\u1ee5ng<\/td>\n<td class=\"specs-table__value\">Xem tr\u00ean bao b\u00ec s\u1ea3n ph\u1ea9m<\/td>\n<\/tr>\n<tr>\n<td class=\"specs-table__property\">H\u01b0\u1edbng d\u1eabn s\u1eed d\u1ee5ng<\/td>\n<td class=\"specs-table__value\">D\u00f9ng tr\u1ef1c ti\u1ebfp ho\u1eb7c ch\u1ebf bi\u1ebfn c\u00e1c m\u00f3n \u0103n tu\u1ef3 th\u00edch<\/td>\n<\/tr>\n<tr>\n<td class=\"specs-table__property\">H\u01b0\u1edbng d\u1eabn b\u1ea3o qu\u1ea3n<\/td>\n<td class=\"specs-table__value\">B\u1ea3o qu\u1ea3n kh\u00f4 r\u00e1o, tho\u00e1ng m\u00e1t<\/td>\n<\/tr>\n<tr>\n<td class=\"specs-table__property\">Th\u00e0nh ph\u1ea7n nguy\u00ean li\u1ec7u<\/td>\n<td class=\"specs-table__value\">Nh\u01b0 tr\u00ean bao b\u00ec<\/td>\n<\/tr>\n<tr>\n<td class=\"specs-table__property\">Kh\u1ed1i l\u01b0\u1ee3ng<\/td>\n<td class=\"specs-table__value\">50g<\/td>\n<\/tr>\n<\/tbody>\n<\/table>\n<p>C\u1ee7 d\u1ec1n \u0111\u1ecf, v\u1edbi m\u00e0u s\u1eafc b\u1eaft m\u1eaft v\u00e0 h\u01b0\u01a1ng v\u1ecb ng\u1ecdt nh\u1eb9, \u0111\u01b0\u1ee3c bi\u1ebft \u0111\u1ebfn nh\u01b0 m\u1ed9t lo\u1ea1i &#8220;si\u00eau th\u1ef1c ph\u1ea9m&#8221; nh\u1edd ch\u1ee9a h\u00e0m l\u01b0\u1ee3ng cao c\u00e1c vitamin, kho\u00e1ng ch\u1ea5t v\u00e0 ch\u1ea5t ch\u1ed1ng oxy h\u00f3a. B\u1ed9t c\u1ee7 d\u1ec1n s\u1ea5y l\u1ea1nh l\u00e0 phi\u00ean b\u1ea3n ti\u1ec7n l\u1ee3i h\u01a1n c\u1ee7a lo\u1ea1i c\u1ee7 n\u00e0y, \u0111\u01b0\u1ee3c l\u00e0m t\u1eeb c\u1ee7 d\u1ec1n t\u01b0\u01a1i s\u1ea5y l\u1ea1nh \u0111\u1ec3 gi\u1eef nguy\u00ean d\u01b0\u1ee1ng ch\u1ea5t v\u00e0 m\u00e0u s\u1eafc t\u1ef1 nhi\u00ean, mang \u0111\u1ebfn cho b\u1ea1n m\u1ed9t s\u1ea3n ph\u1ea9m dinh d\u01b0\u1ee1ng cao, d\u1ec5 s\u1eed d\u1ee5ng trong ch\u1ebf \u0111\u1ed9 \u0103n u\u1ed1ng h\u00e0ng ng\u00e0y.<\/p>\n<p><img fetchpriority=\"high\" decoding=\"async\" class=\"wp-image-35770 aligncenter\" src=\"https:\/\/havamall.vn\/wp-content\/uploads\/2024\/05\/bot-cu-den.jpg\" alt=\"\" width=\"767\" height=\"417\" \/>B\u1ed9t c\u1ee7 d\u1ec1n s\u1ea5y l\u1ea1nh \u0111\u01b0\u1ee3c ch\u1ebf bi\u1ebfn t\u1eeb nh\u1eefng c\u1ee7 d\u1ec1n t\u01b0\u01a1i ngon, \u0111\u01b0\u1ee3c ch\u1ecdn l\u1ecdc k\u1ef9 c\u00e0ng v\u00e0 s\u1ea5y kh\u00f4 b\u1eb1ng c\u00f4ng ngh\u1ec7 s\u1ea5y l\u1ea1nh hi\u1ec7n \u0111\u1ea1i. Ph\u01b0\u01a1ng ph\u00e1p n\u00e0y gi\u00fap b\u1ea3o to\u00e0n t\u1ed1i \u0111a c\u00e1c d\u01b0\u1ee1ng ch\u1ea5t quan tr\u1ecdng nh\u01b0 vitamin C, kali, folate, s\u1eaft, v\u00e0 c\u00e1c ch\u1ea5t ch\u1ed1ng oxy h\u00f3a m\u1ea1nh m\u1ebd nh\u01b0 betalain, \u0111\u1ed3ng th\u1eddi gi\u1eef nguy\u00ean m\u00e0u \u0111\u1ecf t\u00edm \u0111\u1eb7c tr\u01b0ng c\u1ee7a c\u1ee7 d\u1ec1n, mang l\u1ea1i gi\u00e1 tr\u1ecb dinh d\u01b0\u1ee1ng cao nh\u1ea5t cho s\u1ea3n ph\u1ea9m.<\/p>\n<p><img decoding=\"async\" class=\"wp-image-35771 aligncenter\" src=\"https:\/\/havamall.vn\/wp-content\/uploads\/2024\/05\/04122e773fe97cead1d7db4b3b139fe0-1024x683.jpg\" alt=\"\" width=\"768\" height=\"512\" \/><\/p>\n<p>B\u1ed9t c\u1ee7 d\u1ec1n c\u00f3 m\u00e0u \u0111\u1ecf t\u00edm \u0111\u1eadm, h\u01b0\u01a1ng th\u01a1m nh\u1eb9 nh\u00e0ng, v\u00e0 v\u1ecb ng\u1ecdt t\u1ef1 nhi\u00ean. S\u1ea3n ph\u1ea9m n\u00e0y c\u00f3 th\u1ec3 \u0111\u01b0\u1ee3c s\u1eed d\u1ee5ng trong nhi\u1ec1u m\u00f3n \u0103n v\u00e0 \u0111\u1ed3 u\u1ed1ng nh\u01b0 sinh t\u1ed1, s\u1eefa chua, b\u00e1nh, n\u01b0\u1edbc \u00e9p, v\u00e0 c\u00e1c m\u00f3n tr\u00e1ng mi\u1ec7ng. B\u1ed9t c\u1ee7 d\u1ec1n c\u0169ng l\u00e0 l\u1ef1a ch\u1ecdn l\u00fd t\u01b0\u1edfng \u0111\u1ec3 t\u1ea1o m\u00e0u t\u1ef1 nhi\u00ean cho c\u00e1c m\u00f3n \u0103n nh\u01b0 b\u00fan, m\u00ec, hay c\u01a1m, mang l\u1ea1i s\u1ef1 b\u1eaft m\u1eaft v\u00e0 h\u01b0\u01a1ng v\u1ecb \u0111\u1eb7c tr\u01b0ng m\u00e0 kh\u00f4ng c\u1ea7n d\u00f9ng \u0111\u1ebfn ph\u1ea9m m\u00e0u nh\u00e2n t\u1ea1o.<\/p>\n<p>S\u1eed d\u1ee5ng b\u1ed9t c\u1ee7 d\u1ec1n r\u1ea5t \u0111\u01a1n gi\u1ea3n v\u00e0 linh ho\u1ea1t. B\u1ea1n c\u00f3 th\u1ec3 pha m\u1ed9t ho\u1eb7c hai th\u00eca c\u00e0 ph\u00ea b\u1ed9t c\u1ee7 d\u1ec1n v\u1edbi n\u01b0\u1edbc, n\u01b0\u1edbc \u00e9p, ho\u1eb7c s\u1eefa, khu\u1ea5y \u0111\u1ec1u v\u00e0 th\u01b0\u1edfng th\u1ee9c. B\u1ed9t c\u1ee7 d\u1ec1n c\u0169ng c\u00f3 th\u1ec3 \u0111\u01b0\u1ee3c th\u00eam v\u00e0o h\u1ed7n h\u1ee3p l\u00e0m b\u00e1nh, s\u1eefa chua, ho\u1eb7c n\u1ea5u \u0103n \u0111\u1ec3 t\u0103ng c\u01b0\u1eddng m\u00e0u s\u1eafc v\u00e0 gi\u00e1 tr\u1ecb dinh d\u01b0\u1ee1ng.<\/p>\n<p><img decoding=\"async\" class=\"size-full wp-image-35772 aligncenter\" src=\"https:\/\/havamall.vn\/wp-content\/uploads\/2024\/05\/che-troi-nuoc-la-cam1.jpg\" alt=\"\" width=\"768\" height=\"917\" \/><\/p>\n<h3><strong>L\u1ee3i \u00edch cho s\u1ee9c kh\u1ecfe<\/strong><\/h3>\n<p><strong>&#8211; C\u1ea3i thi\u1ec7n s\u1ee9c kh\u1ecfe tim m\u1ea1ch:<\/strong> C\u1ee7 d\u1ec1n gi\u00e0u nitric oxide gi\u00fap t\u0103ng c\u01b0\u1eddng tu\u1ea7n ho\u00e0n m\u00e1u, gi\u1ea3m huy\u1ebft \u00e1p v\u00e0 c\u1ea3i thi\u1ec7n ch\u1ee9c n\u0103ng tim m\u1ea1ch.<\/p>\n<p><strong>&#8211; T\u0103ng c\u01b0\u1eddng n\u0103ng l\u01b0\u1ee3ng v\u00e0 s\u1ee9c b\u1ec1n:<\/strong> B\u1ed9t c\u1ee7 d\u1ec1n c\u00f3 kh\u1ea3 n\u0103ng c\u1ea3i thi\u1ec7n kh\u1ea3 n\u0103ng v\u1eadn \u0111\u1ed9ng v\u00e0 t\u0103ng c\u01b0\u1eddng s\u1ee9c b\u1ec1n, r\u1ea5t t\u1ed1t cho ng\u01b0\u1eddi t\u1eadp luy\u1ec7n th\u1ec3 thao.<\/p>\n<p><strong>&#8211; H\u1ed7 tr\u1ee3 th\u1ea3i \u0111\u1ed9c gan:<\/strong> C\u00e1c ch\u1ea5t ch\u1ed1ng oxy h\u00f3a trong c\u1ee7 d\u1ec1n, \u0111\u1eb7c bi\u1ec7t l\u00e0 betalain, gi\u00fap t\u0103ng c\u01b0\u1eddng ch\u1ee9c n\u0103ng gan, h\u1ed7 tr\u1ee3 qu\u00e1 tr\u00ecnh th\u1ea3i \u0111\u1ed9c c\u01a1 th\u1ec3.<\/p>\n<p><strong>&#8211; T\u0103ng c\u01b0\u1eddng h\u1ec7 mi\u1ec5n d\u1ecbch:<\/strong> B\u1ed9t c\u1ee7 d\u1ec1n gi\u00e0u vitamin C v\u00e0 c\u00e1c d\u01b0\u1ee1ng ch\u1ea5t gi\u00fap t\u0103ng c\u01b0\u1eddng h\u1ec7 mi\u1ec5n d\u1ecbch, b\u1ea3o v\u1ec7 c\u01a1 th\u1ec3 kh\u1ecfi c\u00e1c b\u1ec7nh truy\u1ec1n nhi\u1ec5m.<\/p>\n<p><img loading=\"lazy\" decoding=\"async\" class=\"wp-image-35773 aligncenter\" src=\"https:\/\/havamall.vn\/wp-content\/uploads\/2024\/05\/bot-cu-den-huu-co-rote-bete-raab-5.webp\" alt=\"\" width=\"769\" height=\"764\" \/><\/p>\n<h3><strong>\u0110\u1eb7c \u0111i\u1ec3m n\u1ed5i b\u1eadt<\/strong><\/h3>\n<p><strong>&#8211; Gi\u1eef nguy\u00ean m\u00e0u s\u1eafc v\u00e0 d\u01b0\u1ee1ng ch\u1ea5t:<\/strong> C\u00f4ng ngh\u1ec7 s\u1ea5y l\u1ea1nh ti\u00ean ti\u1ebfn gi\u00fap gi\u1eef tr\u1ecdn d\u01b0\u1ee1ng ch\u1ea5t v\u00e0 m\u00e0u s\u1eafc t\u1ef1 nhi\u00ean c\u1ee7a c\u1ee7 d\u1ec1n.<\/p>\n<p><strong>&#8211; An to\u00e0n v\u00e0 t\u1ef1 nhi\u00ean:<\/strong> S\u1ea3n ph\u1ea9m kh\u00f4ng ch\u1ee9a ph\u1ea9m m\u00e0u nh\u00e2n t\u1ea1o, h\u00f3a ch\u1ea5t hay ch\u1ea5t b\u1ea3o qu\u1ea3n, an to\u00e0n tuy\u1ec7t \u0111\u1ed1i cho s\u1ee9c kh\u1ecfe ng\u01b0\u1eddi ti\u00eau d\u00f9ng.<\/p>\n<p><strong>&#8211; D\u1ec5 d\u00e0ng s\u1eed d\u1ee5ng v\u00e0 b\u1ea3o qu\u1ea3n:<\/strong> B\u1ed9t c\u1ee7 d\u1ec1n s\u1ea5y l\u1ea1nh \u0111\u01b0\u1ee3c \u0111\u00f3ng g\u00f3i ti\u1ec7n l\u1ee3i, d\u1ec5 s\u1eed d\u1ee5ng v\u00e0 b\u1ea3o qu\u1ea3n, ph\u00f9 h\u1ee3p v\u1edbi m\u1ecdi nhu c\u1ea7u n\u1ea5u \u0103n v\u00e0 dinh d\u01b0\u1ee1ng.<\/p>\n<p>S\u1ea3n ph\u1ea9m \u0111\u00e3 c\u00f3 m\u1eb7t t\u1ea1i Havamall.<\/p>\n<\/div>\n<\/div>\n<\/div>\n<\/div>","protected":false},"excerpt":{"rendered":"<p>Th\u01b0\u01a1ng hi\u1ec7u Havafoodies Xu\u1ea5t x\u1ee9 Vi\u1ec7t nam H\u1ea1n s\u1eed d\u1ee5ng Xem tr\u00ean bao b\u00ec s\u1ea3n ph\u1ea9m H\u01b0\u1edbng d\u1eabn s\u1eed d\u1ee5ng<\/p>","protected":false},"featured_media":39449,"comment_status":"open","ping_status":"closed","template":"","meta":[],"product_brand":[],"product_cat":[595,36],"product_tag":[],"class_list":{"0":"post-34672","1":"product","2":"type-product","3":"status-publish","4":"has-post-thumbnail","6":"product_cat-gia-vi-va-che-bien","7":"product_cat-thuc-pham-tieu-dung","9":"first","10":"instock","11":"sale","12":"shipping-taxable","13":"purchasable","14":"product-type-simple"},"_links":{"self":[{"href":"https:\/\/havamall.vn\/en\/wp-json\/wp\/v2\/product\/34672"}],"collection":[{"href":"https:\/\/havamall.vn\/en\/wp-json\/wp\/v2\/product"}],"about":[{"href":"https:\/\/havamall.vn\/en\/wp-json\/wp\/v2\/types\/product"}],"replies":[{"embeddable":true,"href":"https:\/\/havamall.vn\/en\/wp-json\/wp\/v2\/comments?post=34672"}],"version-history":[{"count":0,"href":"https:\/\/havamall.vn\/en\/wp-json\/wp\/v2\/product\/34672\/revisions"}],"wp:featuredmedia":[{"embeddable":true,"href":"https:\/\/havamall.vn\/en\/wp-json\/wp\/v2\/media\/39449"}],"wp:attachment":[{"href":"https:\/\/havamall.vn\/en\/wp-json\/wp\/v2\/media?parent=34672"}],"wp:term":[{"taxonomy":"product_brand","embeddable":true,"href":"https:\/\/havamall.vn\/en\/wp-json\/wp\/v2\/product_brand?post=34672"},{"taxonomy":"product_cat","embeddable":true,"href":"https:\/\/havamall.vn\/en\/wp-json\/wp\/v2\/product_cat?post=34672"},{"taxonomy":"product_tag","embeddable":true,"href":"https:\/\/havamall.vn\/en\/wp-json\/wp\/v2\/product_tag?post=34672"}],"curies":[{"name":"wp","href":"https:\/\/api.w.org\/{rel}","templated":true}]}}