{"id":34670,"date":"2024-05-31T14:19:24","date_gmt":"2024-05-31T07:19:24","guid":{"rendered":"https:\/\/havamall.vn\/?post_type=product&#038;p=34670"},"modified":"2025-06-09T17:24:47","modified_gmt":"2025-06-09T10:24:47","slug":"bot-bap-cai-tim-say-lanh-havafoodies-50g-purple-cabbage-powder","status":"publish","type":"product","link":"https:\/\/havamall.vn\/en\/shop\/bot-bap-cai-tim-say-lanh-havafoodies-50g-purple-cabbage-powder\/","title":{"rendered":"B\u1ed9t B\u1eafp C\u1ea3i T\u00edm S\u1ea5y L\u1ea1nh Havafoodies 50g &#8211; Purple Cabbage Powder"},"content":{"rendered":"<div id=\"js-product-detail__specs\" class=\"product-detail__specs\">\n<div class=\"row\">\n<div class=\"col-sm-12\">\n<div class=\"product-specs__table\">\n<table>\n<tbody>\n<tr>\n<td class=\"specs-table__property\">Th\u01b0\u01a1ng hi\u1ec7u<\/td>\n<td class=\"specs-table__value\">Havafoodies<\/td>\n<\/tr>\n<tr>\n<td class=\"specs-table__property\">Xu\u1ea5t x\u1ee9<\/td>\n<td class=\"specs-table__value\">Vi\u1ec7t nam<\/td>\n<\/tr>\n<tr>\n<td class=\"specs-table__property\">H\u1ea1n s\u1eed d\u1ee5ng<\/td>\n<td class=\"specs-table__value\">Xem tr\u00ean bao b\u00ec s\u1ea3n ph\u1ea9m<\/td>\n<\/tr>\n<tr>\n<td class=\"specs-table__property\">H\u01b0\u1edbng d\u1eabn s\u1eed d\u1ee5ng<\/td>\n<td class=\"specs-table__value\">D\u00f9ng tr\u1ef1c ti\u1ebfp ho\u1eb7c ch\u1ebf bi\u1ebfn c\u00e1c m\u00f3n \u0103n tu\u1ef3 th\u00edch<\/td>\n<\/tr>\n<tr>\n<td class=\"specs-table__property\">H\u01b0\u1edbng d\u1eabn b\u1ea3o qu\u1ea3n<\/td>\n<td class=\"specs-table__value\">B\u1ea3o qu\u1ea3n kh\u00f4 r\u00e1o, tho\u00e1ng m\u00e1t<\/td>\n<\/tr>\n<tr>\n<td class=\"specs-table__property\">Th\u00e0nh ph\u1ea7n nguy\u00ean li\u1ec7u<\/td>\n<td class=\"specs-table__value\">Nh\u01b0 tr\u00ean bao b\u00ec<\/td>\n<\/tr>\n<tr>\n<td class=\"specs-table__property\">Kh\u1ed1i l\u01b0\u1ee3ng<\/td>\n<td class=\"specs-table__value\">50g<\/td>\n<\/tr>\n<\/tbody>\n<\/table>\n<p>B\u1eafp c\u1ea3i t\u00edm kh\u00f4ng ch\u1ec9 n\u1ed5i b\u1eadt v\u1edbi m\u00e0u s\u1eafc t\u00edm b\u1eaft m\u1eaft m\u00e0 c\u00f2n \u0111\u01b0\u1ee3c bi\u1ebft \u0111\u1ebfn l\u00e0 m\u1ed9t lo\u1ea1i rau ch\u1ee9a nhi\u1ec1u d\u01b0\u1ee1ng ch\u1ea5t c\u00f3 l\u1ee3i cho s\u1ee9c kh\u1ecfe. B\u1ed9t b\u1eafp c\u1ea3i t\u00edm s\u1ea5y l\u1ea1nh l\u00e0 s\u1ef1 l\u1ef1a ch\u1ecdn ho\u00e0n h\u1ea3o cho nh\u1eefng ai mu\u1ed1n t\u1eadn d\u1ee5ng t\u1ed1i \u0111a l\u1ee3i \u00edch c\u1ee7a lo\u1ea1i rau n\u00e0y m\u1ed9t c\u00e1ch ti\u1ec7n l\u1ee3i. S\u1ea3n ph\u1ea9m n\u00e0y \u0111\u01b0\u1ee3c l\u00e0m t\u1eeb nh\u1eefng chi\u1ebfc b\u1eafp c\u1ea3i t\u00edm t\u01b0\u01a1i ngon nh\u1ea5t, tr\u1ea3i qua qu\u00e1 tr\u00ecnh s\u1ea5y l\u1ea1nh gi\u1eef nguy\u00ean m\u00e0u s\u1eafc, h\u01b0\u01a1ng v\u1ecb v\u00e0 d\u01b0\u1ee1ng ch\u1ea5t t\u1ef1 nhi\u00ean.<\/p>\n<p><img fetchpriority=\"high\" decoding=\"async\" class=\"size-full wp-image-35784 aligncenter\" src=\"https:\/\/havamall.vn\/wp-content\/uploads\/2024\/05\/freeze-dried-purple-cabbage-powder44220160612-Photoroom-Photoroom.png\" alt=\"\" width=\"673\" height=\"554\" \/><\/p>\n<p>B\u1ed9t b\u1eafp c\u1ea3i t\u00edm s\u1ea5y l\u1ea1nh \u0111\u01b0\u1ee3c ch\u1ebf bi\u1ebfn b\u1eb1ng ph\u01b0\u01a1ng ph\u00e1p s\u1ea5y l\u1ea1nh ti\u00ean ti\u1ebfn, gi\u00fap gi\u1eef tr\u1ecdn c\u00e1c d\u01b0\u1ee1ng ch\u1ea5t nh\u01b0 vitamin C, vitamin K, ch\u1ea5t ch\u1ed1ng oxy h\u00f3a anthocyanin v\u00e0 c\u00e1c kho\u00e1ng ch\u1ea5t thi\u1ebft y\u1ebfu. Qu\u00e1 tr\u00ecnh n\u00e0y kh\u00f4ng ch\u1ec9 duy tr\u00ec m\u00e0u t\u00edm \u0111\u1eadm t\u1ef1 nhi\u00ean c\u1ee7a b\u1eafp c\u1ea3i m\u00e0 c\u00f2n b\u1ea3o v\u1ec7 h\u01b0\u01a1ng v\u1ecb t\u01b0\u01a1i m\u00e1t, t\u1ef1 nhi\u00ean, mang l\u1ea1i cho b\u1ea1n s\u1ea3n ph\u1ea9m b\u1ed9t b\u1eafp c\u1ea3i t\u00edm c\u00f3 gi\u00e1 tr\u1ecb dinh d\u01b0\u1ee1ng cao nh\u1ea5t.<\/p>\n<p><img decoding=\"async\" class=\"wp-image-35777 aligncenter\" src=\"https:\/\/havamall.vn\/wp-content\/uploads\/2024\/05\/nuoc-ep-bap-cai-tim.jpg\" alt=\"\" width=\"698\" height=\"465\" \/><\/p>\n<p>B\u1ed9t b\u1eafp c\u1ea3i t\u00edm c\u00f3 m\u00e0u t\u00edm \u0111\u1eadm \u0111\u1eb7c tr\u01b0ng, m\u00f9i th\u01a1m nh\u1eb9 v\u00e0 v\u1ecb ng\u1ecdt thanh m\u00e1t. S\u1ea3n ph\u1ea9m n\u00e0y c\u00f3 th\u1ec3 \u0111\u01b0\u1ee3c d\u00f9ng \u0111\u1ec3 t\u1ea1o m\u00e0u t\u1ef1 nhi\u00ean v\u00e0 b\u1ed5 sung dinh d\u01b0\u1ee1ng cho c\u00e1c m\u00f3n \u0103n nh\u01b0 b\u00e1nh, b\u00fan, m\u00ec, c\u01a1m, v\u00e0 c\u00e1c lo\u1ea1i sinh t\u1ed1, smoothie. Ngo\u00e0i ra, b\u1ed9t b\u1eafp c\u1ea3i t\u00edm c\u00f2n l\u00e0 m\u1ed9t nguy\u00ean li\u1ec7u th\u00fa v\u1ecb trong c\u00e1c c\u00f4ng th\u1ee9c l\u00e0m b\u00e1nh ng\u1ecdt, b\u00e1nh m\u00ec, hay th\u1eadm ch\u00ed l\u00e0m gia v\u1ecb cho c\u00e1c m\u00f3n \u0103n chay, gi\u00fap m\u00f3n \u0103n tr\u1edf n\u00ean h\u1ea5p d\u1eabn v\u00e0 \u0111\u1eb9p m\u1eaft h\u01a1n.<\/p>\n<p>B\u1ea1n c\u00f3 th\u1ec3 d\u1ec5 d\u00e0ng s\u1eed d\u1ee5ng b\u1ed9t b\u1eafp c\u1ea3i t\u00edm b\u1eb1ng c\u00e1ch pha m\u1ed9t ho\u1eb7c hai th\u00eca c\u00e0 ph\u00ea b\u1ed9t v\u00e0o n\u01b0\u1edbc, sinh t\u1ed1, ho\u1eb7c c\u00e1c m\u00f3n \u0103n c\u1ea7n t\u1ea1o m\u00e0u v\u00e0 th\u00eam dinh d\u01b0\u1ee1ng. \u0110\u1ed1i v\u1edbi c\u00e1c m\u00f3n b\u00e1nh, b\u1ea1n ch\u1ec9 c\u1ea7n th\u00eam b\u1ed9t b\u1eafp c\u1ea3i t\u00edm v\u00e0o b\u1ed9t l\u00e0m b\u00e1nh \u0111\u1ec3 t\u1ea1o ra nh\u1eefng chi\u1ebfc b\u00e1nh m\u00e0u t\u00edm h\u1ea5p d\u1eabn.<\/p>\n<p><img decoding=\"async\" class=\"wp-image-35778 aligncenter\" src=\"https:\/\/havamall.vn\/wp-content\/uploads\/2024\/05\/cach_nau_chao_bap_cai_tim_cho_be_an_dam_giau_dinh_duong_m_Vy_UC_1676974484_7c15df3cf4-1024x576.webp\" alt=\"\" width=\"699\" height=\"393\" \/><\/p>\n<h3><strong>L\u1ee3i \u00edch cho s\u1ee9c kh\u1ecfe<\/strong><\/h3>\n<p><strong>&#8211; Ch\u1ed1ng oxy h\u00f3a m\u1ea1nh m\u1ebd:<\/strong> B\u1ed9t b\u1eafp c\u1ea3i t\u00edm gi\u00e0u anthocyanin, m\u1ed9t ch\u1ea5t ch\u1ed1ng oxy h\u00f3a gi\u00fap b\u1ea3o v\u1ec7 c\u01a1 th\u1ec3 kh\u1ecfi c\u00e1c g\u1ed1c t\u1ef1 do, ng\u0103n ng\u1eeba l\u00e3o h\u00f3a v\u00e0 c\u00e1c b\u1ec7nh m\u00e3n t\u00ednh.<\/p>\n<p><strong>&#8211; H\u1ed7 tr\u1ee3 tim m\u1ea1ch:<\/strong> V\u1edbi h\u00e0m l\u01b0\u1ee3ng vitamin K v\u00e0 C cao, b\u1ed9t b\u1eafp c\u1ea3i t\u00edm gi\u00fap c\u1ea3i thi\u1ec7n s\u1ee9c kh\u1ecfe tim m\u1ea1ch, gi\u1ea3m nguy c\u01a1 h\u00ecnh th\u00e0nh c\u1ee5c m\u00e1u \u0111\u00f4ng v\u00e0 h\u1ed7 tr\u1ee3 tu\u1ea7n ho\u00e0n m\u00e1u.<\/p>\n<p><strong>&#8211; T\u0103ng c\u01b0\u1eddng h\u1ec7 mi\u1ec5n d\u1ecbch:<\/strong> Vitamin C v\u00e0 c\u00e1c d\u01b0\u1ee1ng ch\u1ea5t kh\u00e1c trong b\u1ed9t b\u1eafp c\u1ea3i t\u00edm gi\u00fap t\u0103ng c\u01b0\u1eddng h\u1ec7 mi\u1ec5n d\u1ecbch, b\u1ea3o v\u1ec7 c\u01a1 th\u1ec3 kh\u1ecfi c\u00e1c b\u1ec7nh nhi\u1ec5m khu\u1ea9n.<\/p>\n<p><strong>&#8211; H\u1ed7 tr\u1ee3 ti\u00eau h\u00f3a:<\/strong> Ch\u1ea5t x\u01a1 c\u00f3 trong b\u1ed9t b\u1eafp c\u1ea3i t\u00edm gi\u00fap c\u1ea3i thi\u1ec7n ch\u1ee9c n\u0103ng ti\u00eau h\u00f3a, ng\u0103n ng\u1eeba t\u00e1o b\u00f3n v\u00e0 h\u1ed7 tr\u1ee3 s\u1ee9c kh\u1ecfe \u0111\u01b0\u1eddng ru\u1ed9t.<\/p>\n<p><img loading=\"lazy\" decoding=\"async\" class=\"wp-image-35785 aligncenter\" src=\"https:\/\/havamall.vn\/wp-content\/uploads\/2024\/05\/unnamed-2-Photoroom-1.png\" alt=\"\" width=\"657\" height=\"657\" \/><\/p>\n<h3><strong>\u0110\u1eb7c \u0111i\u1ec3m n\u1ed5i b\u1eadt<\/strong><\/h3>\n<p><strong>&#8211; Duy tr\u00ec d\u01b0\u1ee1ng ch\u1ea5t v\u00e0 m\u00e0u s\u1eafc t\u1ef1 nhi\u00ean:<\/strong> Ph\u01b0\u01a1ng ph\u00e1p s\u1ea5y l\u1ea1nh ti\u00ean ti\u1ebfn gi\u00fap b\u1ea3o to\u00e0n c\u00e1c d\u01b0\u1ee1ng ch\u1ea5t quan tr\u1ecdng v\u00e0 m\u00e0u t\u00edm \u0111\u1eb7c tr\u01b0ng c\u1ee7a b\u1eafp c\u1ea3i t\u00edm.<\/p>\n<p><strong>&#8211; An to\u00e0n v\u00e0 t\u1ef1 nhi\u00ean:<\/strong> S\u1ea3n ph\u1ea9m ho\u00e0n to\u00e0n kh\u00f4ng ch\u1ee9a ph\u1ea9m m\u00e0u nh\u00e2n t\u1ea1o, ch\u1ea5t b\u1ea3o qu\u1ea3n hay h\u00f3a ch\u1ea5t \u0111\u1ed9c h\u1ea1i, \u0111\u1ea3m b\u1ea3o an to\u00e0n tuy\u1ec7t \u0111\u1ed1i cho ng\u01b0\u1eddi s\u1eed d\u1ee5ng.<\/p>\n<p><strong>&#8211; Ti\u1ec7n l\u1ee3i v\u00e0 d\u1ec5 s\u1eed d\u1ee5ng:<\/strong> B\u1ed9t b\u1eafp c\u1ea3i t\u00edm \u0111\u01b0\u1ee3c \u0111\u00f3ng g\u00f3i nh\u1ecf g\u1ecdn, ti\u1ec7n l\u1ee3i, d\u1ec5 b\u1ea3o qu\u1ea3n v\u00e0 s\u1eed d\u1ee5ng trong nhi\u1ec1u m\u00f3n \u0103n v\u00e0 \u0111\u1ed3 u\u1ed1ng.<\/p>\n<p>S\u1ea3n ph\u1ea9m hi\u1ec7n \u0111\u00e3 c\u00f3 m\u1eb7t t\u1ea1i Havamall.<\/p>\n<\/div>\n<\/div>\n<\/div>\n<\/div>","protected":false},"excerpt":{"rendered":"<p>Th\u01b0\u01a1ng hi\u1ec7u Havafoodies Xu\u1ea5t x\u1ee9 Vi\u1ec7t nam H\u1ea1n s\u1eed d\u1ee5ng Xem tr\u00ean bao b\u00ec s\u1ea3n ph\u1ea9m H\u01b0\u1edbng d\u1eabn s\u1eed d\u1ee5ng<\/p>","protected":false},"featured_media":39300,"comment_status":"open","ping_status":"closed","template":"","meta":[],"product_brand":[],"product_cat":[595,36],"product_tag":[],"class_list":{"0":"post-34670","1":"product","2":"type-product","3":"status-publish","4":"has-post-thumbnail","6":"product_cat-gia-vi-va-che-bien","7":"product_cat-thuc-pham-tieu-dung","9":"first","10":"instock","11":"sale","12":"shipping-taxable","13":"purchasable","14":"product-type-simple"},"_links":{"self":[{"href":"https:\/\/havamall.vn\/en\/wp-json\/wp\/v2\/product\/34670"}],"collection":[{"href":"https:\/\/havamall.vn\/en\/wp-json\/wp\/v2\/product"}],"about":[{"href":"https:\/\/havamall.vn\/en\/wp-json\/wp\/v2\/types\/product"}],"replies":[{"embeddable":true,"href":"https:\/\/havamall.vn\/en\/wp-json\/wp\/v2\/comments?post=34670"}],"version-history":[{"count":0,"href":"https:\/\/havamall.vn\/en\/wp-json\/wp\/v2\/product\/34670\/revisions"}],"wp:featuredmedia":[{"embeddable":true,"href":"https:\/\/havamall.vn\/en\/wp-json\/wp\/v2\/media\/39300"}],"wp:attachment":[{"href":"https:\/\/havamall.vn\/en\/wp-json\/wp\/v2\/media?parent=34670"}],"wp:term":[{"taxonomy":"product_brand","embeddable":true,"href":"https:\/\/havamall.vn\/en\/wp-json\/wp\/v2\/product_brand?post=34670"},{"taxonomy":"product_cat","embeddable":true,"href":"https:\/\/havamall.vn\/en\/wp-json\/wp\/v2\/product_cat?post=34670"},{"taxonomy":"product_tag","embeddable":true,"href":"https:\/\/havamall.vn\/en\/wp-json\/wp\/v2\/product_tag?post=34670"}],"curies":[{"name":"wp","href":"https:\/\/api.w.org\/{rel}","templated":true}]}}