{"id":34668,"date":"2024-05-31T14:17:20","date_gmt":"2024-05-31T07:17:20","guid":{"rendered":"https:\/\/havamall.vn\/?post_type=product&#038;p=34668"},"modified":"2025-06-09T17:20:57","modified_gmt":"2025-06-09T10:20:57","slug":"bot-hoa-dau-biec-say-lanh-havafoodies-butterfly-pea-flower-powder","status":"publish","type":"product","link":"https:\/\/havamall.vn\/en\/shop\/bot-hoa-dau-biec-say-lanh-havafoodies-butterfly-pea-flower-powder\/","title":{"rendered":"B\u1ed9t Hoa \u0110\u1eadu Bi\u1ebfc S\u1ea5y L\u1ea1nh Havafoodies &#8211; Butterfly Pea Flower Powder 50g"},"content":{"rendered":"<div id=\"js-product-detail__specs\" class=\"product-detail__specs\">\n<div class=\"row\">\n<div class=\"col-sm-12\">\n<div class=\"product-specs__table\">\n<table>\n<tbody>\n<tr>\n<td class=\"specs-table__property\">Th\u01b0\u01a1ng hi\u1ec7u<\/td>\n<td class=\"specs-table__value\">Havafoodies<\/td>\n<\/tr>\n<tr>\n<td class=\"specs-table__property\">Xu\u1ea5t x\u1ee9<\/td>\n<td class=\"specs-table__value\">Vi\u1ec7t nam<\/td>\n<\/tr>\n<tr>\n<td class=\"specs-table__property\">H\u1ea1n s\u1eed d\u1ee5ng<\/td>\n<td class=\"specs-table__value\">Xem tr\u00ean bao b\u00ec s\u1ea3n ph\u1ea9m<\/td>\n<\/tr>\n<tr>\n<td class=\"specs-table__property\">H\u01b0\u1edbng d\u1eabn s\u1eed d\u1ee5ng<\/td>\n<td class=\"specs-table__value\">D\u00f9ng tr\u1ef1c ti\u1ebfp ho\u1eb7c ch\u1ebf bi\u1ebfn c\u00e1c m\u00f3n \u0103n tu\u1ef3 th\u00edch<\/td>\n<\/tr>\n<tr>\n<td class=\"specs-table__property\">H\u01b0\u1edbng d\u1eabn b\u1ea3o qu\u1ea3n<\/td>\n<td class=\"specs-table__value\">B\u1ea3o qu\u1ea3n kh\u00f4 r\u00e1o, tho\u00e1ng m\u00e1t<\/td>\n<\/tr>\n<tr>\n<td class=\"specs-table__property\">Th\u00e0nh ph\u1ea7n nguy\u00ean li\u1ec7u<\/td>\n<td class=\"specs-table__value\">Nh\u01b0 tr\u00ean bao b\u00ec<\/td>\n<\/tr>\n<tr>\n<td class=\"specs-table__property\">Kh\u1ed1i l\u01b0\u1ee3ng<\/td>\n<td class=\"specs-table__value\">50g<\/td>\n<\/tr>\n<\/tbody>\n<\/table>\n<p>Hoa \u0111\u1eadu bi\u1ebfc (Clitoria ternatea) t\u1eeb l\u00e2u \u0111\u00e3 \u0111\u01b0\u1ee3c bi\u1ebft \u0111\u1ebfn v\u1edbi m\u00e0u xanh t\u00edm \u0111\u1ed9c \u0111\u00e1o v\u00e0 c\u00e1c l\u1ee3i \u00edch s\u1ee9c kh\u1ecfe \u0111\u00e1ng k\u1ec3. B\u1ed9t hoa \u0111\u1eadu bi\u1ebfc s\u1ea5y l\u1ea1nh l\u00e0 s\u1ea3n ph\u1ea9m \u0111\u01b0\u1ee3c t\u1ea1o ra t\u1eeb nh\u1eefng b\u00f4ng hoa \u0111\u1eadu bi\u1ebfc t\u01b0\u01a1i, \u0111\u01b0\u1ee3c s\u1ea5y kh\u00f4 b\u1eb1ng c\u00f4ng ngh\u1ec7 s\u1ea5y l\u1ea1nh \u0111\u1ec3 gi\u1eef nguy\u00ean m\u00e0u s\u1eafc, h\u01b0\u01a1ng v\u1ecb v\u00e0 d\u01b0\u1ee1ng ch\u1ea5t. \u0110\u00e2y l\u00e0 l\u1ef1a ch\u1ecdn ho\u00e0n h\u1ea3o cho nh\u1eefng ai mu\u1ed1n th\u00eam m\u1ed9t ch\u00fat m\u00e0u s\u1eafc t\u1ef1 nhi\u00ean v\u00e0 l\u1ee3i \u00edch s\u1ee9c kh\u1ecfe v\u00e0o ch\u1ebf \u0111\u1ed9 \u0103n u\u1ed1ng h\u00e0ng ng\u00e0y.<\/p>\n<p><img fetchpriority=\"high\" decoding=\"async\" class=\"wp-image-35788 aligncenter\" src=\"https:\/\/havamall.vn\/wp-content\/uploads\/2024\/05\/75328f64-1072-469c-997c-2e73b728b0b8.webp\" alt=\"\" width=\"703\" height=\"520\" \/><\/p>\n<p>B\u1ed9t hoa \u0111\u1eadu bi\u1ebfc s\u1ea5y l\u1ea1nh \u0111\u01b0\u1ee3c l\u00e0m t\u1eeb nh\u1eefng b\u00f4ng hoa \u0111\u1eadu bi\u1ebfc t\u01b0\u01a1i \u0111\u01b0\u1ee3c ch\u1ecdn l\u1ecdc k\u1ef9 c\u00e0ng, tr\u1ea3i qua qu\u00e1 tr\u00ecnh s\u1ea5y l\u1ea1nh ti\u00ean ti\u1ebfn \u0111\u1ec3 gi\u1eef tr\u1ecdn c\u00e1c d\u01b0\u1ee1ng ch\u1ea5t v\u00e0 m\u00e0u xanh t\u00edm \u0111\u1eb7c tr\u01b0ng. Ph\u01b0\u01a1ng ph\u00e1p n\u00e0y gi\u00fap b\u1ea3o v\u1ec7 c\u00e1c ch\u1ea5t ch\u1ed1ng oxy h\u00f3a m\u1ea1nh m\u1ebd nh\u01b0 anthocyanin \u2013 ch\u1ea5t t\u1ea1o n\u00ean m\u00e0u xanh t\u00edm c\u1ee7a hoa v\u00e0 mang l\u1ea1i nhi\u1ec1u l\u1ee3i \u00edch cho s\u1ee9c kh\u1ecfe, t\u1eeb vi\u1ec7c ch\u1ed1ng l\u00e3o h\u00f3a \u0111\u1ebfn h\u1ed7 tr\u1ee3 tu\u1ea7n ho\u00e0n m\u00e1u.<\/p>\n<p><img decoding=\"async\" class=\"wp-image-35789 aligncenter\" src=\"https:\/\/havamall.vn\/wp-content\/uploads\/2024\/05\/tac-dung-cua-tra-hoa-dau-biec.jpg\" alt=\"\" width=\"707\" height=\"471\" \/><\/p>\n<p>B\u1ed9t hoa \u0111\u1eadu bi\u1ebfc c\u00f3 m\u00e0u xanh t\u00edm \u0111\u1eadm, m\u00f9i th\u01a1m nh\u1eb9, v\u00e0 kh\u00f4ng c\u00f3 v\u1ecb \u0111\u00e1ng k\u1ec3, v\u00ec v\u1eady n\u00f3 c\u00f3 th\u1ec3 \u0111\u01b0\u1ee3c th\u00eam v\u00e0o nhi\u1ec1u lo\u1ea1i \u0111\u1ed3 u\u1ed1ng v\u00e0 m\u00f3n \u0103n m\u00e0 kh\u00f4ng l\u00e0m thay \u0111\u1ed5i h\u01b0\u01a1ng v\u1ecb. S\u1ea3n ph\u1ea9m n\u00e0y r\u1ea5t ph\u1ed5 bi\u1ebfn trong vi\u1ec7c t\u1ea1o m\u00e0u t\u1ef1 nhi\u00ean cho c\u00e1c m\u00f3n \u0103n nh\u01b0 x\u00f4i, b\u00e1nh, ch\u00e8, th\u1ea1ch, n\u01b0\u1edbc u\u1ed1ng, v\u00e0 cocktail. B\u1ea1n c\u0169ng c\u00f3 th\u1ec3 s\u1eed d\u1ee5ng b\u1ed9t hoa \u0111\u1eadu bi\u1ebfc \u0111\u1ec3 l\u00e0m c\u00e1c lo\u1ea1i m\u1eb7t n\u1ea1 d\u01b0\u1ee1ng da ho\u1eb7c ch\u1ebf bi\u1ebfn m\u00f3n \u0103n chay, t\u1ea1o n\u00ean s\u1ef1 \u0111a d\u1ea1ng v\u00e0 h\u1ea5p d\u1eabn.<\/p>\n<p>B\u1ed9t hoa \u0111\u1eadu bi\u1ebfc c\u00f3 th\u1ec3 s\u1eed d\u1ee5ng r\u1ea5t d\u1ec5 d\u00e0ng v\u00e0 linh ho\u1ea1t. \u0110\u1ec3 t\u1ea1o m\u00e0u cho \u0111\u1ed3 u\u1ed1ng ho\u1eb7c m\u00f3n \u0103n, b\u1ea1n ch\u1ec9 c\u1ea7n pha m\u1ed9t th\u00eca c\u00e0 ph\u00ea b\u1ed9t hoa \u0111\u1eadu bi\u1ebfc v\u1edbi n\u01b0\u1edbc \u1ea5m v\u00e0 khu\u1ea5y \u0111\u1ec1u. \u0110\u1ec3 l\u00e0m m\u1eb7t n\u1ea1 d\u01b0\u1ee1ng da, b\u1ea1n c\u00f3 th\u1ec3 tr\u1ed9n b\u1ed9t v\u1edbi s\u1eefa chua, m\u1eadt ong ho\u1eb7c n\u01b0\u1edbc hoa h\u1ed3ng, thoa \u0111\u1ec1u l\u00ean m\u1eb7t v\u00e0 \u0111\u1ec3 trong 15-20 ph\u00fat tr\u01b0\u1edbc khi r\u1eeda s\u1ea1ch.<\/p>\n<p><img decoding=\"async\" class=\"wp-image-35790 aligncenter\" src=\"https:\/\/havamall.vn\/wp-content\/uploads\/2024\/05\/xoi-vi-hoa-dau-biec-dau-xanh-thumbnail-1024x577.jpg\" alt=\"\" width=\"702\" height=\"395\" \/><\/p>\n<h3><strong>L\u1ee3i \u00fd cho s\u1ee9c kh\u1ecfe<\/strong><\/h3>\n<p><strong>&#8211; Ch\u1ed1ng l\u00e3o h\u00f3a:<\/strong> B\u1ed9t hoa \u0111\u1eadu bi\u1ebfc gi\u00e0u anthocyanin, m\u1ed9t ch\u1ea5t ch\u1ed1ng oxy h\u00f3a m\u1ea1nh m\u1ebd gi\u00fap b\u1ea3o v\u1ec7 c\u01a1 th\u1ec3 kh\u1ecfi c\u00e1c g\u1ed1c t\u1ef1 do, gi\u1ea3m qu\u00e1 tr\u00ecnh l\u00e3o h\u00f3a v\u00e0 b\u1ea3o v\u1ec7 t\u1ebf b\u00e0o da.<\/p>\n<p><strong>&#8211; C\u1ea3i thi\u1ec7n tr\u00ed nh\u1edb:<\/strong> C\u00e1c nghi\u00ean c\u1ee9u cho th\u1ea5y hoa \u0111\u1eadu bi\u1ebfc c\u00f3 th\u1ec3 c\u1ea3i thi\u1ec7n kh\u1ea3 n\u0103ng ghi nh\u1edb v\u00e0 t\u1eadp trung nh\u1edd v\u00e0o kh\u1ea3 n\u0103ng t\u0103ng c\u01b0\u1eddng l\u01b0u th\u00f4ng m\u00e1u v\u00e0 cung c\u1ea5p oxy cho n\u00e3o.<\/p>\n<p><strong>&#8211; H\u1ed7 tr\u1ee3 gi\u1ea3m c\u00e2n:<\/strong> B\u1ed9t hoa \u0111\u1eadu bi\u1ebfc gi\u00fap gi\u1ea3m c\u1ea3m gi\u00e1c th\u00e8m \u0103n v\u00e0 h\u1ed7 tr\u1ee3 qu\u00e1 tr\u00ecnh chuy\u1ec3n h\u00f3a ch\u1ea5t b\u00e9o, gi\u00fap ki\u1ec3m so\u00e1t c\u00e2n n\u1eb7ng hi\u1ec7u qu\u1ea3.<\/p>\n<p><strong>&#8211; Th\u1ea3i \u0111\u1ed9c c\u01a1 th\u1ec3:<\/strong> Hoa \u0111\u1eadu bi\u1ebfc c\u00f3 t\u00e1c d\u1ee5ng l\u1ee3i ti\u1ec3u, h\u1ed7 tr\u1ee3 qu\u00e1 tr\u00ecnh th\u1ea3i \u0111\u1ed9c gan v\u00e0 lo\u1ea1i b\u1ecf c\u00e1c \u0111\u1ed9c t\u1ed1 ra kh\u1ecfi c\u01a1 th\u1ec3.<\/p>\n<p><img loading=\"lazy\" decoding=\"async\" class=\"wp-image-35791 aligncenter\" src=\"https:\/\/havamall.vn\/wp-content\/uploads\/2024\/05\/cac-mon-an-tu-hoa-dau-biec-20-8795.jpg\" alt=\"\" width=\"674\" height=\"450\" \/><\/p>\n<h3><strong>\u0110\u1eb7c \u0111i\u1ec3m n\u1ed5i b\u1eadt<\/strong><\/h3>\n<p><strong>&#8211; M\u00e0u s\u1eafc t\u1ef1 nhi\u00ean, an to\u00e0n:<\/strong> B\u1ed9t hoa \u0111\u1eadu bi\u1ebfc s\u1ea5y l\u1ea1nh gi\u1eef nguy\u00ean m\u00e0u s\u1eafc t\u1ef1 nhi\u00ean xanh t\u00edm m\u00e0 kh\u00f4ng c\u1ea7n d\u00f9ng \u0111\u1ebfn ph\u1ea9m m\u00e0u nh\u00e2n t\u1ea1o.<\/p>\n<p><strong>&#8211; Kh\u00f4ng ch\u1ea5t b\u1ea3o qu\u1ea3n, an to\u00e0n cho s\u1ee9c kh\u1ecfe:<\/strong> S\u1ea3n ph\u1ea9m ho\u00e0n to\u00e0n kh\u00f4ng ch\u1ee9a ch\u1ea5t b\u1ea3o qu\u1ea3n hay h\u00f3a ch\u1ea5t \u0111\u1ed9c h\u1ea1i, ph\u00f9 h\u1ee3p cho ng\u01b0\u1eddi \u0103n chay, \u0103n ki\u00eang v\u00e0 nh\u1eefng ai mu\u1ed1n gi\u1eef g\u00ecn s\u1ee9c kh\u1ecfe.<\/p>\n<p><strong>&#8211; Ti\u1ec7n l\u1ee3i v\u00e0 d\u1ec5 s\u1eed d\u1ee5ng:<\/strong> B\u1ed9t hoa \u0111\u1eadu bi\u1ebfc \u0111\u01b0\u1ee3c \u0111\u00f3ng g\u00f3i nh\u1ecf g\u1ecdn, d\u1ec5 s\u1eed d\u1ee5ng v\u00e0 b\u1ea3o qu\u1ea3n, l\u00fd t\u01b0\u1edfng \u0111\u1ec3 mang theo khi du l\u1ecbch ho\u1eb7c s\u1eed d\u1ee5ng h\u00e0ng ng\u00e0y.<\/p>\n<p>S\u1ea3n ph\u1ea9m hi\u1ec7n \u0111\u00e3 c\u00f3 m\u1eb7t t\u1ea1i Havamall.<\/p>\n<p><img loading=\"lazy\" decoding=\"async\" class=\"wp-image-35792 aligncenter\" src=\"https:\/\/havamall.vn\/wp-content\/uploads\/2024\/05\/hoa-dau-biec.jpeg\" alt=\"\" width=\"677\" height=\"805\" \/><\/p>\n<\/div>\n<\/div>\n<\/div>\n<\/div>","protected":false},"excerpt":{"rendered":"<p>Th\u01b0\u01a1ng hi\u1ec7u Havafoodies Xu\u1ea5t x\u1ee9 Vi\u1ec7t nam H\u1ea1n s\u1eed d\u1ee5ng Xem tr\u00ean bao b\u00ec s\u1ea3n ph\u1ea9m H\u01b0\u1edbng d\u1eabn s\u1eed d\u1ee5ng<\/p>","protected":false},"featured_media":39298,"comment_status":"open","ping_status":"closed","template":"","meta":[],"product_brand":[],"product_cat":[595,36],"product_tag":[],"class_list":{"0":"post-34668","1":"product","2":"type-product","3":"status-publish","4":"has-post-thumbnail","6":"product_cat-gia-vi-va-che-bien","7":"product_cat-thuc-pham-tieu-dung","9":"first","10":"instock","11":"sale","12":"shipping-taxable","13":"purchasable","14":"product-type-simple"},"_links":{"self":[{"href":"https:\/\/havamall.vn\/en\/wp-json\/wp\/v2\/product\/34668"}],"collection":[{"href":"https:\/\/havamall.vn\/en\/wp-json\/wp\/v2\/product"}],"about":[{"href":"https:\/\/havamall.vn\/en\/wp-json\/wp\/v2\/types\/product"}],"replies":[{"embeddable":true,"href":"https:\/\/havamall.vn\/en\/wp-json\/wp\/v2\/comments?post=34668"}],"version-history":[{"count":0,"href":"https:\/\/havamall.vn\/en\/wp-json\/wp\/v2\/product\/34668\/revisions"}],"wp:featuredmedia":[{"embeddable":true,"href":"https:\/\/havamall.vn\/en\/wp-json\/wp\/v2\/media\/39298"}],"wp:attachment":[{"href":"https:\/\/havamall.vn\/en\/wp-json\/wp\/v2\/media?parent=34668"}],"wp:term":[{"taxonomy":"product_brand","embeddable":true,"href":"https:\/\/havamall.vn\/en\/wp-json\/wp\/v2\/product_brand?post=34668"},{"taxonomy":"product_cat","embeddable":true,"href":"https:\/\/havamall.vn\/en\/wp-json\/wp\/v2\/product_cat?post=34668"},{"taxonomy":"product_tag","embeddable":true,"href":"https:\/\/havamall.vn\/en\/wp-json\/wp\/v2\/product_tag?post=34668"}],"curies":[{"name":"wp","href":"https:\/\/api.w.org\/{rel}","templated":true}]}}