{"id":34666,"date":"2024-05-31T14:08:14","date_gmt":"2024-05-31T07:08:14","guid":{"rendered":"https:\/\/havamall.vn\/?post_type=product&#038;p=34666"},"modified":"2025-06-09T17:06:10","modified_gmt":"2025-06-09T10:06:10","slug":"bot-ca-rot-say-lanh-havafoodies-50g-carrot-powder","status":"publish","type":"product","link":"https:\/\/havamall.vn\/en\/shop\/bot-ca-rot-say-lanh-havafoodies-50g-carrot-powder\/","title":{"rendered":"B\u1ed9t C\u00e0 R\u1ed1t S\u1ea5y L\u1ea1nh Havafoodies 50g &#8211; Carrot Powder"},"content":{"rendered":"<div id=\"js-product-detail__specs\" class=\"product-detail__specs\">\n<div class=\"row\">\n<div class=\"col-sm-12\">\n<div class=\"product-specs__table\">\n<table>\n<tbody>\n<tr>\n<td class=\"specs-table__property\">Th\u01b0\u01a1ng hi\u1ec7u<\/td>\n<td class=\"specs-table__value\">Havafoodies<\/td>\n<\/tr>\n<tr>\n<td class=\"specs-table__property\">Xu\u1ea5t x\u1ee9<\/td>\n<td class=\"specs-table__value\">Vi\u1ec7t nam<\/td>\n<\/tr>\n<tr>\n<td class=\"specs-table__property\">H\u1ea1n s\u1eed d\u1ee5ng<\/td>\n<td class=\"specs-table__value\">Xem tr\u00ean bao b\u00ec s\u1ea3n ph\u1ea9m<\/td>\n<\/tr>\n<tr>\n<td class=\"specs-table__property\">H\u01b0\u1edbng d\u1eabn s\u1eed d\u1ee5ng<\/td>\n<td class=\"specs-table__value\">D\u00f9ng tr\u1ef1c ti\u1ebfp ho\u1eb7c ch\u1ebf bi\u1ebfn c\u00e1c m\u00f3n \u0103n tu\u1ef3 th\u00edch<\/td>\n<\/tr>\n<tr>\n<td class=\"specs-table__property\">H\u01b0\u1edbng d\u1eabn b\u1ea3o qu\u1ea3n<\/td>\n<td class=\"specs-table__value\">B\u1ea3o qu\u1ea3n kh\u00f4 r\u00e1o, tho\u00e1ng m\u00e1t<\/td>\n<\/tr>\n<tr>\n<td class=\"specs-table__property\">Th\u00e0nh ph\u1ea7n nguy\u00ean li\u1ec7u<\/td>\n<td class=\"specs-table__value\">Nh\u01b0 tr\u00ean bao b\u00ec<\/td>\n<\/tr>\n<tr>\n<td class=\"specs-table__property\">Kh\u1ed1i l\u01b0\u1ee3ng<\/td>\n<td class=\"specs-table__value\">50g<\/td>\n<\/tr>\n<\/tbody>\n<\/table>\n<p>C\u00e0 r\u1ed1t l\u00e0 lo\u1ea1i c\u1ee7 quen thu\u1ed9c v\u1edbi h\u00e0m l\u01b0\u1ee3ng dinh d\u01b0\u1ee1ng cao, \u0111\u1eb7c bi\u1ec7t l\u00e0 beta-carotene \u2013 m\u1ed9t ti\u1ec1n ch\u1ea5t c\u1ee7a vitamin A, c\u00f9ng c\u00e1c vitamin v\u00e0 kho\u00e1ng ch\u1ea5t kh\u00e1c nh\u01b0 vitamin C, vitamin K, kali, ch\u1ea5t x\u01a1. B\u1ed9t c\u00e0 r\u1ed1t s\u1ea5y l\u1ea1nh l\u00e0 s\u1ea3n ph\u1ea9m ti\u1ec7n l\u1ee3i, gi\u1eef nguy\u00ean nh\u1eefng gi\u00e1 tr\u1ecb dinh d\u01b0\u1ee1ng qu\u00fd gi\u00e1 c\u1ee7a c\u00e0 r\u1ed1t t\u01b0\u01a1i, mang \u0111\u1ebfn s\u1ef1 ti\u1ec7n l\u1ee3i cho ng\u01b0\u1eddi ti\u00eau d\u00f9ng trong vi\u1ec7c b\u1ed5 sung d\u01b0\u1ee1ng ch\u1ea5t h\u00e0ng ng\u00e0y.<\/p>\n<p><img fetchpriority=\"high\" decoding=\"async\" class=\"size-full wp-image-35796 aligncenter\" src=\"https:\/\/havamall.vn\/wp-content\/uploads\/2024\/05\/bot-ca-rot-Photoroom.png\" alt=\"\" width=\"650\" height=\"521\" \/><\/p>\n<p>B\u1ed9t c\u00e0 r\u1ed1t s\u1ea5y l\u1ea1nh \u0111\u01b0\u1ee3c s\u1ea3n xu\u1ea5t t\u1eeb nh\u1eefng c\u1ee7 c\u00e0 r\u1ed1t t\u01b0\u01a1i ngon nh\u1ea5t, \u0111\u01b0\u1ee3c ch\u1ecdn l\u1ecdc k\u1ef9 c\u00e0ng v\u00e0 ch\u1ebf bi\u1ebfn b\u1eb1ng c\u00f4ng ngh\u1ec7 s\u1ea5y l\u1ea1nh ti\u00ean ti\u1ebfn. Qu\u00e1 tr\u00ecnh s\u1ea5y l\u1ea1nh gi\u00fap gi\u1eef l\u1ea1i c\u00e1c d\u01b0\u1ee1ng ch\u1ea5t, m\u00e0u s\u1eafc cam t\u01b0\u01a1i s\u00e1ng v\u00e0 h\u01b0\u01a1ng v\u1ecb t\u1ef1 nhi\u00ean c\u1ee7a c\u00e0 r\u1ed1t, \u0111\u1ed3ng th\u1eddi lo\u1ea1i b\u1ecf \u0111\u1ed9 \u1ea9m \u0111\u1ec3 k\u00e9o d\u00e0i th\u1eddi gian b\u1ea3o qu\u1ea3n m\u00e0 kh\u00f4ng c\u1ea7n d\u00f9ng \u0111\u1ebfn ch\u1ea5t b\u1ea3o qu\u1ea3n nh\u00e2n t\u1ea1o.<\/p>\n<p><img decoding=\"async\" class=\"wp-image-35797 aligncenter\" src=\"https:\/\/havamall.vn\/wp-content\/uploads\/2024\/05\/ho-carot.jpg\" alt=\"\" width=\"657\" height=\"438\" \/><\/p>\n<p>B\u1ed9t c\u00e0 r\u1ed1t c\u00f3 m\u00e0u cam \u0111\u1eb7c tr\u01b0ng, h\u01b0\u01a1ng th\u01a1m nh\u1eb9 v\u00e0 v\u1ecb ng\u1ecdt t\u1ef1 nhi\u00ean. S\u1ea3n ph\u1ea9m n\u00e0y c\u00f3 th\u1ec3 \u0111\u01b0\u1ee3c s\u1eed d\u1ee5ng \u0111\u1ec3 l\u00e0m gia v\u1ecb cho c\u00e1c m\u00f3n \u0103n nh\u01b0 s\u00fap, n\u01b0\u1edbc s\u1ed1t, sinh t\u1ed1, b\u00e1nh m\u00ec, b\u00e1nh quy v\u00e0 nhi\u1ec1u m\u00f3n tr\u00e1ng mi\u1ec7ng kh\u00e1c. Ngo\u00e0i ra, b\u1ed9t c\u00e0 r\u1ed1t c\u00f2n l\u00e0 nguy\u00ean li\u1ec7u l\u00fd t\u01b0\u1edfng \u0111\u1ec3 pha ch\u1ebf c\u00e1c lo\u1ea1i \u0111\u1ed3 u\u1ed1ng, smoothies b\u1ed5 d\u01b0\u1ee1ng.<\/p>\n<p>B\u1ed9t c\u00e0 r\u1ed1t r\u1ea5t d\u1ec5 s\u1eed d\u1ee5ng v\u00e0 linh ho\u1ea1t trong nhi\u1ec1u c\u00f4ng th\u1ee9c. B\u1ea1n c\u00f3 th\u1ec3 th\u00eam m\u1ed9t ho\u1eb7c hai th\u00eca c\u00e0 ph\u00ea b\u1ed9t v\u00e0o c\u00e1c m\u00f3n \u0103n ho\u1eb7c \u0111\u1ed3 u\u1ed1ng \u0111\u1ec3 t\u1ea1o h\u01b0\u01a1ng v\u1ecb v\u00e0 t\u0103ng c\u01b0\u1eddng dinh d\u01b0\u1ee1ng. \u0110\u1ed1i v\u1edbi nh\u1eefng m\u00f3n b\u00e1nh hay \u0111\u1ed3 u\u1ed1ng, ch\u1ec9 c\u1ea7n tr\u1ed9n b\u1ed9t c\u00e0 r\u1ed1t v\u1edbi n\u01b0\u1edbc, s\u1eefa, ho\u1eb7c c\u00e1c nguy\u00ean li\u1ec7u kh\u00e1c \u0111\u1ec3 t\u1ea1o n\u00ean m\u1ed9t m\u00f3n \u0103n v\u1eeba ngon mi\u1ec7ng v\u1eeba b\u1ed5 d\u01b0\u1ee1ng.<\/p>\n<p><img decoding=\"async\" class=\"wp-image-35798 aligncenter\" src=\"https:\/\/havamall.vn\/wp-content\/uploads\/2024\/05\/bot-ca-ca-rot.jpg\" alt=\"\" width=\"645\" height=\"429\" \/><\/p>\n<h3><strong>L\u1ee3i \u00edch cho s\u1ee9c kh\u1ecfe<\/strong><\/h3>\n<p><strong>&#8211; T\u0103ng c\u01b0\u1eddng th\u1ecb l\u1ef1c:<\/strong> Nh\u1edd h\u00e0m l\u01b0\u1ee3ng cao beta-carotene, b\u1ed9t c\u00e0 r\u1ed1t gi\u00fap c\u1ea3i thi\u1ec7n v\u00e0 duy tr\u00ec s\u1ee9c kh\u1ecfe m\u1eaft, ng\u0103n ng\u1eeba c\u00e1c b\u1ec7nh li\u00ean quan \u0111\u1ebfn m\u1eaft nh\u01b0 tho\u00e1i h\u00f3a \u0111i\u1ec3m v\u00e0ng v\u00e0 \u0111\u1ee5c th\u1ee7y tinh th\u1ec3.<\/p>\n<p><strong>&#8211; T\u0103ng c\u01b0\u1eddng h\u1ec7 mi\u1ec5n d\u1ecbch:<\/strong> Vitamin C v\u00e0 c\u00e1c ch\u1ea5t ch\u1ed1ng oxy h\u00f3a trong b\u1ed9t c\u00e0 r\u1ed1t gi\u00fap t\u0103ng c\u01b0\u1eddng h\u1ec7 mi\u1ec5n d\u1ecbch, b\u1ea3o v\u1ec7 c\u01a1 th\u1ec3 kh\u1ecfi c\u00e1c b\u1ec7nh nhi\u1ec5m khu\u1ea9n v\u00e0 virus.<\/p>\n<p><strong>&#8211; H\u1ed7 tr\u1ee3 ti\u00eau h\u00f3a:<\/strong> H\u00e0m l\u01b0\u1ee3ng ch\u1ea5t x\u01a1 trong b\u1ed9t c\u00e0 r\u1ed1t gi\u00fap c\u1ea3i thi\u1ec7n ti\u00eau h\u00f3a, ng\u0103n ng\u1eeba t\u00e1o b\u00f3n v\u00e0 h\u1ed7 tr\u1ee3 s\u1ee9c kh\u1ecfe \u0111\u01b0\u1eddng ru\u1ed9t.<\/p>\n<p><strong>&#8211; Ch\u1ed1ng oxy h\u00f3a:<\/strong> B\u1ed9t c\u00e0 r\u1ed1t ch\u1ee9a nhi\u1ec1u ch\u1ea5t ch\u1ed1ng oxy h\u00f3a, gi\u00fap b\u1ea3o v\u1ec7 t\u1ebf b\u00e0o kh\u1ecfi c\u00e1c g\u1ed1c t\u1ef1 do, gi\u1ea3m nguy c\u01a1 ung th\u01b0 v\u00e0 c\u00e1c b\u1ec7nh m\u00e3n t\u00ednh kh\u00e1c.<\/p>\n<p><img loading=\"lazy\" decoding=\"async\" class=\"wp-image-35799 aligncenter\" src=\"https:\/\/havamall.vn\/wp-content\/uploads\/2024\/05\/15d72caad66a07490909d770f0c850b0.jpg\" alt=\"\" width=\"654\" height=\"654\" \/><\/p>\n<h3><strong>\u0110\u1eb7c \u0111i\u1ec3m n\u1ed5i b\u1eadt<\/strong><\/h3>\n<p><strong>&#8211; Duy tr\u00ec d\u01b0\u1ee1ng ch\u1ea5t v\u00e0 m\u00e0u s\u1eafc t\u1ef1 nhi\u00ean:<\/strong> C\u00f4ng ngh\u1ec7 s\u1ea5y l\u1ea1nh ti\u00ean ti\u1ebfn gi\u00fap b\u1ea3o to\u00e0n c\u00e1c vitamin, kho\u00e1ng ch\u1ea5t v\u00e0 m\u00e0u cam t\u1ef1 nhi\u00ean c\u1ee7a c\u00e0 r\u1ed1t.<\/p>\n<p><strong>&#8211; An to\u00e0n v\u00e0 t\u1ef1 nhi\u00ean:<\/strong> S\u1ea3n ph\u1ea9m kh\u00f4ng ch\u1ee9a ch\u1ea5t b\u1ea3o qu\u1ea3n, ph\u1ea9m m\u00e0u nh\u00e2n t\u1ea1o hay h\u00f3a ch\u1ea5t \u0111\u1ed9c h\u1ea1i, ph\u00f9 h\u1ee3p v\u1edbi nhi\u1ec1u \u0111\u1ed1i t\u01b0\u1ee3ng ng\u01b0\u1eddi d\u00f9ng.<\/p>\n<p><strong>&#8211; Ti\u1ec7n l\u1ee3i v\u00e0 d\u1ec5 s\u1eed d\u1ee5ng:<\/strong> B\u1ed9t c\u00e0 r\u1ed1t \u0111\u01b0\u1ee3c \u0111\u00f3ng g\u00f3i nh\u1ecf g\u1ecdn, d\u1ec5 d\u00e0ng b\u1ea3o qu\u1ea3n v\u00e0 s\u1eed d\u1ee5ng trong nhi\u1ec1u m\u00f3n \u0103n v\u00e0 \u0111\u1ed3 u\u1ed1ng h\u00e0ng ng\u00e0y.<\/p>\n<p>S\u1ea3n ph\u1ea9m hi\u1ec7n \u0111\u00e3 c\u00f3 m\u1eb7t t\u1ea1i Havamall.<\/p>\n<\/div>\n<\/div>\n<\/div>\n<\/div>","protected":false},"excerpt":{"rendered":"<p>Th\u01b0\u01a1ng hi\u1ec7u Havafoodies Xu\u1ea5t x\u1ee9 Vi\u1ec7t nam H\u1ea1n s\u1eed d\u1ee5ng Xem tr\u00ean bao b\u00ec s\u1ea3n ph\u1ea9m H\u01b0\u1edbng d\u1eabn s\u1eed d\u1ee5ng<\/p>","protected":false},"featured_media":39296,"comment_status":"open","ping_status":"closed","template":"","meta":[],"product_brand":[],"product_cat":[595,36],"product_tag":[],"class_list":{"0":"post-34666","1":"product","2":"type-product","3":"status-publish","4":"has-post-thumbnail","6":"product_cat-gia-vi-va-che-bien","7":"product_cat-thuc-pham-tieu-dung","9":"first","10":"instock","11":"sale","12":"shipping-taxable","13":"purchasable","14":"product-type-simple"},"_links":{"self":[{"href":"https:\/\/havamall.vn\/en\/wp-json\/wp\/v2\/product\/34666"}],"collection":[{"href":"https:\/\/havamall.vn\/en\/wp-json\/wp\/v2\/product"}],"about":[{"href":"https:\/\/havamall.vn\/en\/wp-json\/wp\/v2\/types\/product"}],"replies":[{"embeddable":true,"href":"https:\/\/havamall.vn\/en\/wp-json\/wp\/v2\/comments?post=34666"}],"version-history":[{"count":0,"href":"https:\/\/havamall.vn\/en\/wp-json\/wp\/v2\/product\/34666\/revisions"}],"wp:featuredmedia":[{"embeddable":true,"href":"https:\/\/havamall.vn\/en\/wp-json\/wp\/v2\/media\/39296"}],"wp:attachment":[{"href":"https:\/\/havamall.vn\/en\/wp-json\/wp\/v2\/media?parent=34666"}],"wp:term":[{"taxonomy":"product_brand","embeddable":true,"href":"https:\/\/havamall.vn\/en\/wp-json\/wp\/v2\/product_brand?post=34666"},{"taxonomy":"product_cat","embeddable":true,"href":"https:\/\/havamall.vn\/en\/wp-json\/wp\/v2\/product_cat?post=34666"},{"taxonomy":"product_tag","embeddable":true,"href":"https:\/\/havamall.vn\/en\/wp-json\/wp\/v2\/product_tag?post=34666"}],"curies":[{"name":"wp","href":"https:\/\/api.w.org\/{rel}","templated":true}]}}