{"id":34662,"date":"2024-05-31T13:50:40","date_gmt":"2024-05-31T06:50:40","guid":{"rendered":"https:\/\/havamall.vn\/?post_type=product&#038;p=34662"},"modified":"2025-09-29T15:00:35","modified_gmt":"2025-09-29T08:00:35","slug":"bot-khoai-lang-tim-say-lanh-havafoodies-50g-purple-potato-powder","status":"publish","type":"product","link":"https:\/\/havamall.vn\/en\/shop\/bot-khoai-lang-tim-say-lanh-havafoodies-50g-purple-potato-powder\/","title":{"rendered":"B\u1ed9t Khoai Lang T\u00edm S\u1ea5y L\u1ea1nh Havafoodies 50g &#8211; Purple Potato Powder"},"content":{"rendered":"<div id=\"js-product-detail__specs\" class=\"product-detail__specs\">\n<div class=\"row\">\n<div class=\"col-sm-12\">\n<div class=\"product-specs__table\">\n<table>\n<tbody>\n<tr>\n<td class=\"specs-table__property\">Th\u01b0\u01a1ng hi\u1ec7u<\/td>\n<td class=\"specs-table__value\">Havafoodies<\/td>\n<\/tr>\n<tr>\n<td class=\"specs-table__property\">Xu\u1ea5t x\u1ee9<\/td>\n<td class=\"specs-table__value\">Vi\u1ec7t nam<\/td>\n<\/tr>\n<tr>\n<td class=\"specs-table__property\">H\u1ea1n s\u1eed d\u1ee5ng<\/td>\n<td class=\"specs-table__value\">Xem tr\u00ean bao b\u00ec s\u1ea3n ph\u1ea9m<\/td>\n<\/tr>\n<tr>\n<td class=\"specs-table__property\">H\u01b0\u1edbng d\u1eabn s\u1eed d\u1ee5ng<\/td>\n<td class=\"specs-table__value\">D\u00f9ng tr\u1ef1c ti\u1ebfp ho\u1eb7c ch\u1ebf bi\u1ebfn c\u00e1c m\u00f3n \u0103n tu\u1ef3 th\u00edch<\/td>\n<\/tr>\n<tr>\n<td class=\"specs-table__property\">H\u01b0\u1edbng d\u1eabn b\u1ea3o qu\u1ea3n<\/td>\n<td class=\"specs-table__value\">B\u1ea3o qu\u1ea3n kh\u00f4 r\u00e1o, tho\u00e1ng m\u00e1t<\/td>\n<\/tr>\n<tr>\n<td class=\"specs-table__property\">Th\u00e0nh ph\u1ea7n nguy\u00ean li\u1ec7u<\/td>\n<td class=\"specs-table__value\">Nh\u01b0 tr\u00ean bao b\u00ec<\/td>\n<\/tr>\n<tr>\n<td class=\"specs-table__property\">Kh\u1ed1i l\u01b0\u1ee3ng<\/td>\n<td class=\"specs-table__value\">50g<\/td>\n<\/tr>\n<\/tbody>\n<\/table>\n<p>Khoai lang t\u00edm \u0111\u01b0\u1ee3c bi\u1ebft \u0111\u1ebfn l\u00e0 m\u1ed9t lo\u1ea1i c\u1ee7 gi\u00e0u dinh d\u01b0\u1ee1ng, ch\u1ee9a nhi\u1ec1u ch\u1ea5t x\u01a1, vitamin A, vitamin C, kali, ch\u1ea5t ch\u1ed1ng oxy h\u00f3a v\u00e0 anthocyanin \u2013 h\u1ee3p ch\u1ea5t t\u1ea1o n\u00ean m\u00e0u t\u00edm \u0111\u1eb7c tr\u01b0ng. B\u1ed9t khoai lang t\u00edm s\u1ea5y l\u1ea1nh l\u00e0 s\u1ea3n ph\u1ea9m \u0111\u01b0\u1ee3c l\u00e0m t\u1eeb khoai lang t\u00edm t\u01b0\u01a1i, gi\u00fap gi\u1eef nguy\u00ean gi\u00e1 tr\u1ecb dinh d\u01b0\u1ee1ng v\u00e0 mang \u0111\u1ebfn h\u01b0\u01a1ng v\u1ecb t\u1ef1 nhi\u00ean, d\u1ec5 d\u00e0ng s\u1eed d\u1ee5ng trong ch\u1ebf bi\u1ebfn m\u00f3n \u0103n v\u00e0 \u0111\u1ed3 u\u1ed1ng.<\/p>\n<p><img fetchpriority=\"high\" decoding=\"async\" class=\"size-full wp-image-35811 aligncenter\" src=\"https:\/\/havamall.vn\/wp-content\/uploads\/2024\/05\/5c1df1932185e8e28a24045ffebd7954.jpg\" alt=\"\" width=\"640\" height=\"640\" \/><\/p>\n<p>B\u1ed9t khoai lang t\u00edm s\u1ea5y l\u1ea1nh \u0111\u01b0\u1ee3c ch\u1ebf bi\u1ebfn t\u1eeb nh\u1eefng c\u1ee7 khoai lang t\u00edm ch\u1ea5t l\u01b0\u1ee3ng cao, \u0111\u01b0\u1ee3c thu ho\u1ea1ch \u0111\u00fang m\u00f9a v\u00e0 ch\u1ecdn l\u1ecdc k\u1ef9 l\u01b0\u1ee1ng. Nh\u1edd c\u00f4ng ngh\u1ec7 s\u1ea5y l\u1ea1nh ti\u00ean ti\u1ebfn, b\u1ed9t khoai lang t\u00edm gi\u1eef nguy\u00ean \u0111\u01b0\u1ee3c m\u00e0u s\u1eafc t\u00edm t\u01b0\u01a1i s\u00e1ng, m\u00f9i v\u1ecb ng\u1ecdt b\u00f9i \u0111\u1eb7c tr\u01b0ng, v\u00e0 h\u1ea7u h\u1ebft c\u00e1c d\u01b0\u1ee1ng ch\u1ea5t quan tr\u1ecdng. Qu\u00e1 tr\u00ecnh s\u1ea5y l\u1ea1nh gi\u00fap lo\u1ea1i b\u1ecf \u0111\u1ed9 \u1ea9m m\u00e0 kh\u00f4ng c\u1ea7n \u0111\u1ebfn ch\u1ea5t b\u1ea3o qu\u1ea3n, \u0111\u1ea3m b\u1ea3o s\u1ea3n ph\u1ea9m an to\u00e0n v\u00e0 t\u1ed1t cho s\u1ee9c kh\u1ecfe ng\u01b0\u1eddi ti\u00eau d\u00f9ng.<\/p>\n<p><img decoding=\"async\" class=\"wp-image-35812 aligncenter\" src=\"https:\/\/havamall.vn\/wp-content\/uploads\/2024\/05\/banh-khoai-lang-tim-bot-bang-thumbnail.jpg\" alt=\"\" width=\"634\" height=\"356\" \/><\/p>\n<p>B\u1ed9t khoai lang t\u00edm c\u00f3 m\u00e0u t\u00edm \u0111\u1eadm v\u00e0 m\u00f9i th\u01a1m d\u1ecbu nh\u1eb9, v\u1ecb ng\u1ecdt t\u1ef1 nhi\u00ean c\u1ee7a khoai lang. S\u1ea3n ph\u1ea9m n\u00e0y c\u00f3 th\u1ec3 \u0111\u01b0\u1ee3c d\u00f9ng trong nhi\u1ec1u m\u00f3n \u0103n nh\u01b0 l\u00e0m b\u00e1nh, n\u1ea5u ch\u00e1o, pha ch\u1ebf sinh t\u1ed1, s\u1eefa chua, kem, v\u00e0 nhi\u1ec1u m\u00f3n tr\u00e1ng mi\u1ec7ng kh\u00e1c. \u0110\u1eb7c bi\u1ec7t, b\u1ed9t khoai lang t\u00edm c\u00f2n l\u00e0 nguy\u00ean li\u1ec7u tuy\u1ec7t v\u1eddi \u0111\u1ec3 l\u00e0m c\u00e1c m\u00f3n \u0103n v\u1eb7t cho tr\u1ebb nh\u1ecf ho\u1eb7c m\u00f3n \u0103n ki\u00eang cho ng\u01b0\u1eddi l\u1edbn tu\u1ed5i v\u00e0 nh\u1eefng ng\u01b0\u1eddi \u0111ang theo ch\u1ebf \u0111\u1ed9 \u0103n l\u00e0nh m\u1ea1nh.<\/p>\n<p><img decoding=\"async\" class=\"wp-image-35813 aligncenter\" src=\"https:\/\/havamall.vn\/wp-content\/uploads\/2024\/05\/banh-tart-khoai-lang-tim-thumbnail-1024x577.jpg\" alt=\"\" width=\"650\" height=\"366\" \/><\/p>\n<p>B\u1ea1n c\u00f3 th\u1ec3 d\u1ec5 d\u00e0ng s\u1eed d\u1ee5ng b\u1ed9t khoai lang t\u00edm b\u1eb1ng c\u00e1ch pha m\u1ed9t ho\u1eb7c hai th\u00eca b\u1ed9t v\u1edbi n\u01b0\u1edbc, s\u1eefa, ho\u1eb7c n\u01b0\u1edbc tr\u00e1i c\u00e2y \u0111\u1ec3 t\u1ea1o n\u00ean c\u00e1c lo\u1ea1i \u0111\u1ed3 u\u1ed1ng dinh d\u01b0\u1ee1ng. Trong ch\u1ebf bi\u1ebfn m\u00f3n \u0103n, b\u1ed9t khoai lang t\u00edm c\u00f3 th\u1ec3 \u0111\u01b0\u1ee3c th\u00eam v\u00e0o b\u1ed9t l\u00e0m b\u00e1nh, s\u1eefa chua, ho\u1eb7c c\u00e1c m\u00f3n tr\u00e1ng mi\u1ec7ng \u0111\u1ec3 t\u1ea1o m\u00e0u s\u1eafc t\u1ef1 nhi\u00ean v\u00e0 t\u0103ng th\u00eam gi\u00e1 tr\u1ecb dinh d\u01b0\u1ee1ng. Ngo\u00e0i ra, b\u1ed9t khoai lang t\u00edm c\u00f2n c\u00f3 th\u1ec3 d\u00f9ng \u0111\u1ec3 l\u00e0m s\u00fap, ch\u00e1o, v\u00e0 m\u00f3n \u0103n d\u1eb7m cho tr\u1ebb nh\u1ecf, ho\u1eb7c th\u00eam v\u00e0o c\u00e1c m\u00f3n salad, m\u1ef3, c\u01a1m tr\u1ed9n \u0111\u1ec3 t\u0103ng c\u01b0\u1eddng dinh d\u01b0\u1ee1ng v\u00e0 m\u00e0u s\u1eafc.<\/p>\n<p><img loading=\"lazy\" decoding=\"async\" class=\"wp-image-35814 aligncenter\" src=\"https:\/\/havamall.vn\/wp-content\/uploads\/2024\/05\/banh-it-khoai-lang-tim-nhan-dau-xanh-thumbnail-1-1024x577.jpg\" alt=\"\" width=\"662\" height=\"373\" \/><\/p>\n<h3><strong>L\u1ee3i \u00edch cho s\u1ee9c kh\u1ecfe<\/strong><\/h3>\n<p><strong>&#8211; Ch\u1ed1ng oxy h\u00f3a v\u00e0 b\u1ea3o v\u1ec7 s\u1ee9c kh\u1ecfe:<\/strong> B\u1ed9t khoai lang t\u00edm ch\u1ee9a nhi\u1ec1u ch\u1ea5t ch\u1ed1ng oxy h\u00f3a nh\u01b0 anthocyanin v\u00e0 polyphenol, gi\u00fap b\u1ea3o v\u1ec7 t\u1ebf b\u00e0o kh\u1ecfi t\u00e1c h\u1ea1i c\u1ee7a c\u00e1c g\u1ed1c t\u1ef1 do, ng\u0103n ng\u1eeba ung th\u01b0 v\u00e0 c\u00e1c b\u1ec7nh tim m\u1ea1ch.<\/p>\n<p><strong>&#8211; T\u0103ng c\u01b0\u1eddng s\u1ee9c kh\u1ecfe ti\u00eau h\u00f3a:<\/strong> H\u00e0m l\u01b0\u1ee3ng ch\u1ea5t x\u01a1 cao trong b\u1ed9t khoai lang t\u00edm gi\u00fap c\u1ea3i thi\u1ec7n ti\u00eau h\u00f3a, ng\u0103n ng\u1eeba t\u00e1o b\u00f3n v\u00e0 duy tr\u00ec \u0111\u01b0\u1eddng ru\u1ed9t kh\u1ecfe m\u1ea1nh.<\/p>\n<p><strong>&#8211; H\u1ed7 tr\u1ee3 s\u1ee9c kh\u1ecfe tim m\u1ea1ch:<\/strong> Kali v\u00e0 ch\u1ea5t ch\u1ed1ng oxy h\u00f3a trong b\u1ed9t khoai lang t\u00edm gi\u00fap \u1ed5n \u0111\u1ecbnh huy\u1ebft \u00e1p, gi\u1ea3m nguy c\u01a1 \u0111\u1ed9t qu\u1ef5 v\u00e0 b\u1ec7nh tim m\u1ea1ch.<\/p>\n<p><strong>&#8211; T\u0103ng c\u01b0\u1eddng s\u1ee9c kh\u1ecfe m\u1eaft v\u00e0 mi\u1ec5n d\u1ecbch:<\/strong> B\u1ed9t khoai lang t\u00edm gi\u00e0u vitamin A v\u00e0 C, h\u1ed7 tr\u1ee3 s\u1ee9c kh\u1ecfe m\u1eaft, t\u0103ng c\u01b0\u1eddng h\u1ec7 mi\u1ec5n d\u1ecbch, v\u00e0 gi\u00fap l\u00e0n da kh\u1ecfe m\u1ea1nh.<\/p>\n<p><img loading=\"lazy\" decoding=\"async\" class=\"wp-image-35815 aligncenter\" src=\"https:\/\/havamall.vn\/wp-content\/uploads\/2024\/05\/1cbed92dcb4a65d4e5096ca1a9901a21_089dddd004b7441ca9b615d9f940f8ac_master.jpg\" alt=\"\" width=\"677\" height=\"677\" \/><\/p>\n<h3><strong>\u0110\u1eb7c \u0111i\u1ec3m n\u1ed5i b\u1eadt<\/strong><\/h3>\n<p><strong>&#8211; Gi\u1eef nguy\u00ean d\u01b0\u1ee1ng ch\u1ea5t v\u00e0 m\u00e0u s\u1eafc t\u1ef1 nhi\u00ean:<\/strong> C\u00f4ng ngh\u1ec7 s\u1ea5y l\u1ea1nh gi\u00fap b\u1ea3o to\u00e0n t\u1ed1i \u0111a c\u00e1c vitamin, kho\u00e1ng ch\u1ea5t, v\u00e0 m\u00e0u t\u00edm t\u1ef1 nhi\u00ean c\u1ee7a khoai lang.<\/p>\n<p><strong>&#8211; An to\u00e0n v\u00e0 ti\u1ec7n l\u1ee3i:<\/strong> S\u1ea3n ph\u1ea9m kh\u00f4ng ch\u1ee9a ch\u1ea5t b\u1ea3o qu\u1ea3n, ph\u1ea9m m\u00e0u nh\u00e2n t\u1ea1o hay h\u00f3a ch\u1ea5t \u0111\u1ed9c h\u1ea1i, d\u1ec5 d\u00e0ng s\u1eed d\u1ee5ng trong c\u00e1c m\u00f3n \u0103n h\u00e0ng ng\u00e0y.<\/p>\n<p><strong>&#8211; Ti\u1ec7n l\u1ee3i trong b\u1ea3o qu\u1ea3n v\u00e0 s\u1eed d\u1ee5ng:<\/strong> B\u1ed9t khoai lang t\u00edm \u0111\u01b0\u1ee3c \u0111\u00f3ng g\u00f3i nh\u1ecf g\u1ecdn, d\u1ec5 b\u1ea3o qu\u1ea3n v\u00e0 mang theo, ph\u00f9 h\u1ee3p cho nhi\u1ec1u \u0111\u1ed1i t\u01b0\u1ee3ng ng\u01b0\u1eddi d\u00f9ng, t\u1eeb tr\u1ebb nh\u1ecf \u0111\u1ebfn ng\u01b0\u1eddi l\u1edbn tu\u1ed5i.<\/p>\n<p>S\u1ea3n ph\u1ea9m hi\u1ec7n \u0111\u00e3 c\u00f3 m\u1eb7t t\u1ea1i Havamall.<\/p>\n<\/div>\n<\/div>\n<\/div>\n<\/div>","protected":false},"excerpt":{"rendered":"<p>Th\u01b0\u01a1ng hi\u1ec7u Havafoodies Xu\u1ea5t x\u1ee9 Vi\u1ec7t nam H\u1ea1n s\u1eed d\u1ee5ng Xem tr\u00ean bao b\u00ec s\u1ea3n ph\u1ea9m H\u01b0\u1edbng d\u1eabn s\u1eed d\u1ee5ng<\/p>","protected":false},"featured_media":39292,"comment_status":"open","ping_status":"closed","template":"","meta":[],"product_brand":[],"product_cat":[595,36],"product_tag":[],"class_list":{"0":"post-34662","1":"product","2":"type-product","3":"status-publish","4":"has-post-thumbnail","6":"product_cat-gia-vi-va-che-bien","7":"product_cat-thuc-pham-tieu-dung","9":"first","10":"outofstock","11":"sale","12":"shipping-taxable","13":"purchasable","14":"product-type-simple"},"_links":{"self":[{"href":"https:\/\/havamall.vn\/en\/wp-json\/wp\/v2\/product\/34662"}],"collection":[{"href":"https:\/\/havamall.vn\/en\/wp-json\/wp\/v2\/product"}],"about":[{"href":"https:\/\/havamall.vn\/en\/wp-json\/wp\/v2\/types\/product"}],"replies":[{"embeddable":true,"href":"https:\/\/havamall.vn\/en\/wp-json\/wp\/v2\/comments?post=34662"}],"version-history":[{"count":0,"href":"https:\/\/havamall.vn\/en\/wp-json\/wp\/v2\/product\/34662\/revisions"}],"wp:featuredmedia":[{"embeddable":true,"href":"https:\/\/havamall.vn\/en\/wp-json\/wp\/v2\/media\/39292"}],"wp:attachment":[{"href":"https:\/\/havamall.vn\/en\/wp-json\/wp\/v2\/media?parent=34662"}],"wp:term":[{"taxonomy":"product_brand","embeddable":true,"href":"https:\/\/havamall.vn\/en\/wp-json\/wp\/v2\/product_brand?post=34662"},{"taxonomy":"product_cat","embeddable":true,"href":"https:\/\/havamall.vn\/en\/wp-json\/wp\/v2\/product_cat?post=34662"},{"taxonomy":"product_tag","embeddable":true,"href":"https:\/\/havamall.vn\/en\/wp-json\/wp\/v2\/product_tag?post=34662"}],"curies":[{"name":"wp","href":"https:\/\/api.w.org\/{rel}","templated":true}]}}