{"id":34654,"date":"2024-05-31T11:52:45","date_gmt":"2024-05-31T04:52:45","guid":{"rendered":"https:\/\/havamall.vn\/?post_type=product&#038;p=34654"},"modified":"2025-06-09T10:28:40","modified_gmt":"2025-06-09T03:28:40","slug":"bot-la-khuc-say-lanh-havafoodies-20g-cudweed-powder","status":"publish","type":"product","link":"https:\/\/havamall.vn\/en\/shop\/bot-la-khuc-say-lanh-havafoodies-20g-cudweed-powder\/","title":{"rendered":"B\u1ed9t L\u00e1 Kh\u00fac S\u1ea5y L\u1ea1nh Havafoodies 20g &#8211; Cudweed Powder"},"content":{"rendered":"<div id=\"js-product-detail__specs\" class=\"product-detail__specs\">\n<div class=\"row\">\n<div class=\"col-sm-12\">\n<div class=\"product-specs__table\">\n<table>\n<tbody>\n<tr>\n<td class=\"specs-table__property\">Th\u01b0\u01a1ng hi\u1ec7u<\/td>\n<td class=\"specs-table__value\">Havafoodies<\/td>\n<\/tr>\n<tr>\n<td class=\"specs-table__property\">Xu\u1ea5t x\u1ee9<\/td>\n<td class=\"specs-table__value\">Vi\u1ec7t nam<\/td>\n<\/tr>\n<tr>\n<td class=\"specs-table__property\">H\u1ea1n s\u1eed d\u1ee5ng<\/td>\n<td class=\"specs-table__value\">Xem tr\u00ean bao b\u00ec s\u1ea3n ph\u1ea9m<\/td>\n<\/tr>\n<tr>\n<td class=\"specs-table__property\">H\u01b0\u1edbng d\u1eabn s\u1eed d\u1ee5ng<\/td>\n<td class=\"specs-table__value\">D\u00f9ng tr\u1ef1c ti\u1ebfp ho\u1eb7c ch\u1ebf bi\u1ebfn c\u00e1c m\u00f3n \u0103n tu\u1ef3 th\u00edch<\/td>\n<\/tr>\n<tr>\n<td class=\"specs-table__property\">H\u01b0\u1edbng d\u1eabn b\u1ea3o qu\u1ea3n<\/td>\n<td class=\"specs-table__value\">B\u1ea3o qu\u1ea3n kh\u00f4 r\u00e1o, tho\u00e1ng m\u00e1t<\/td>\n<\/tr>\n<tr>\n<td class=\"specs-table__property\">Th\u00e0nh ph\u1ea7n nguy\u00ean li\u1ec7u<\/td>\n<td class=\"specs-table__value\">Nh\u01b0 tr\u00ean bao b\u00ec<\/td>\n<\/tr>\n<tr>\n<td class=\"specs-table__property\">Kh\u1ed1i l\u01b0\u1ee3ng<\/td>\n<td class=\"specs-table__value\">20g<\/td>\n<\/tr>\n<\/tbody>\n<\/table>\n<p>L\u00e1 kh\u00fac l\u00e0 m\u1ed9t lo\u1ea1i l\u00e1 c\u00e2y ph\u1ed5 bi\u1ebfn trong \u1ea9m th\u1ef1c Vi\u1ec7t Nam, \u0111\u1eb7c bi\u1ec7t n\u1ed5i ti\u1ebfng v\u1edbi m\u00f3n b\u00e1nh kh\u00fac truy\u1ec1n th\u1ed1ng. V\u1edbi h\u01b0\u01a1ng th\u01a1m d\u1ecbu nh\u1eb9, v\u1ecb ng\u1ecdt thanh t\u1ef1 nhi\u00ean, b\u1ed9t l\u00e1 kh\u00fac s\u1ea5y l\u1ea1nh kh\u00f4ng ch\u1ec9 mang l\u1ea1i h\u01b0\u01a1ng v\u1ecb th\u01a1m ngon cho c\u00e1c m\u00f3n \u0103n m\u00e0 c\u00f2n gi\u1eef nguy\u00ean c\u00e1c d\u01b0\u1ee1ng ch\u1ea5t c\u00f3 l\u1ee3i cho s\u1ee9c kh\u1ecfe.<\/p>\n<p><img fetchpriority=\"high\" decoding=\"async\" class=\"wp-image-35846 aligncenter\" src=\"https:\/\/havamall.vn\/wp-content\/uploads\/2024\/05\/bot-la-khuc-w3cot.jpg\" alt=\"\" width=\"620\" height=\"513\" \/><\/p>\n<p>B\u1ed9t l\u00e1 kh\u00fac s\u1ea5y l\u1ea1nh \u0111\u01b0\u1ee3c ch\u1ebf bi\u1ebfn t\u1eeb nh\u1eefng l\u00e1 kh\u00fac t\u01b0\u01a1i non, \u0111\u01b0\u1ee3c thu h\u00e1i v\u00e0 ch\u1ecdn l\u1ecdc k\u1ef9 l\u01b0\u1ee1ng. C\u00f4ng ngh\u1ec7 s\u1ea5y l\u1ea1nh ti\u00ean ti\u1ebfn gi\u00fap b\u1ea3o to\u00e0n t\u1ed1i \u0111a c\u00e1c ch\u1ea5t dinh d\u01b0\u1ee1ng v\u00e0 h\u01b0\u01a1ng th\u01a1m t\u1ef1 nhi\u00ean c\u1ee7a l\u00e1 kh\u00fac, kh\u00f4ng l\u00e0m bi\u1ebfn \u0111\u1ed5i m\u00e0u s\u1eafc v\u00e0 gi\u1eef l\u1ea1i h\u00e0m l\u01b0\u1ee3ng vitamin, kho\u00e1ng ch\u1ea5t qu\u00fd gi\u00e1. Quy tr\u00ecnh n\u00e0y \u0111\u1ea3m b\u1ea3o s\u1ea3n ph\u1ea9m kh\u00f4ng ch\u1ee9a ch\u1ea5t b\u1ea3o qu\u1ea3n, gi\u1eef \u0111\u01b0\u1ee3c s\u1ef1 t\u01b0\u01a1i ngon v\u00e0 an to\u00e0n cho s\u1ee9c kh\u1ecfe ng\u01b0\u1eddi d\u00f9ng.<\/p>\n<p><img decoding=\"async\" class=\"wp-image-35847 aligncenter\" src=\"https:\/\/havamall.vn\/wp-content\/uploads\/2024\/05\/xoi-khuc-la-dua-thumbnail-1024x577.jpeg\" alt=\"\" width=\"620\" height=\"349\" \/><\/p>\n<p>B\u1ed9t l\u00e1 kh\u00fac c\u00f3 h\u01b0\u01a1ng v\u1ecb nh\u1eb9 nh\u00e0ng, thanh m\u00e1t, th\u00edch h\u1ee3p \u0111\u1ec3 ch\u1ebf bi\u1ebfn nhi\u1ec1u m\u00f3n \u0103n truy\u1ec1n th\u1ed1ng. B\u1ea1n c\u00f3 th\u1ec3 d\u00f9ng b\u1ed9t l\u00e1 kh\u00fac \u0111\u1ec3 l\u00e0m b\u00e1nh kh\u00fac, b\u00e1nh d\u00e0y, b\u00e1nh n\u1ebfp ho\u1eb7c tr\u1ed9n v\u00e0o b\u1ed9t l\u00e0m b\u00e1nh m\u00ec, b\u00e1nh ng\u1ecdt. Ngo\u00e0i ra, b\u1ed9t l\u00e1 kh\u00fac c\u00f2n l\u00e0 nguy\u00ean li\u1ec7u t\u1ef1 nhi\u00ean tuy\u1ec7t v\u1eddi \u0111\u1ec3 t\u1ea1o m\u00e0u xanh l\u00e1 cho c\u00e1c m\u00f3n \u0103n, mang \u0111\u1ebfn h\u01b0\u01a1ng v\u1ecb v\u00e0 m\u00e0u s\u1eafc h\u1ea5p d\u1eabn.<\/p>\n<p>B\u1ed9t l\u00e1 kh\u00fac r\u1ea5t d\u1ec5 s\u1eed d\u1ee5ng trong n\u1ea5u \u0103n v\u00e0 l\u00e0m b\u00e1nh. B\u1ea1n c\u00f3 th\u1ec3 tr\u1ed9n b\u1ed9t l\u00e1 kh\u00fac v\u1edbi b\u1ed9t g\u1ea1o, b\u1ed9t n\u1ebfp \u0111\u1ec3 l\u00e0m b\u00e1nh kh\u00fac truy\u1ec1n th\u1ed1ng, ho\u1eb7c th\u00eam v\u00e0o b\u1ed9t l\u00e0m b\u00e1nh m\u00ec, b\u00e1nh x\u00e8o, b\u00e1nh cu\u1ed1n \u0111\u1ec3 t\u1ea1o h\u01b0\u01a1ng v\u1ecb v\u00e0 m\u00e0u s\u1eafc t\u1ef1 nhi\u00ean. \u0110\u1ed1i v\u1edbi c\u00e1c m\u00f3n n\u01b0\u1edbc, ch\u1ec9 c\u1ea7n m\u1ed9t l\u01b0\u1ee3ng nh\u1ecf b\u1ed9t l\u00e1 kh\u00fac \u0111\u1ec3 t\u0103ng th\u00eam h\u01b0\u01a1ng th\u01a1m v\u00e0 m\u00e0u xanh \u0111\u1eb7c tr\u01b0ng.<\/p>\n<p><img decoding=\"async\" class=\"wp-image-35848 aligncenter\" src=\"https:\/\/havamall.vn\/wp-content\/uploads\/2024\/05\/unnamed-3.jpg\" alt=\"\" width=\"620\" height=\"620\" \/><\/p>\n<h3><strong>L\u1ee3i \u00edch cho s\u1ee9c kh\u1ecfe<\/strong><\/h3>\n<p>&#8211; H\u1ed7 tr\u1ee3 ti\u00eau h\u00f3a: L\u00e1 kh\u00fac ch\u1ee9a nhi\u1ec1u ch\u1ea5t x\u01a1, gi\u00fap t\u0103ng c\u01b0\u1eddng ho\u1ea1t \u0111\u1ed9ng c\u1ee7a h\u1ec7 ti\u00eau h\u00f3a, ng\u0103n ng\u1eeba t\u00e1o b\u00f3n v\u00e0 c\u1ea3i thi\u1ec7n ch\u1ee9c n\u0103ng \u0111\u01b0\u1eddng ru\u1ed9t.<\/p>\n<p>&#8211; Gi\u00e0u ch\u1ea5t ch\u1ed1ng oxy h\u00f3a: B\u1ed9t l\u00e1 kh\u00fac c\u00f3 ch\u1ee9a c\u00e1c ch\u1ea5t ch\u1ed1ng oxy h\u00f3a t\u1ef1 nhi\u00ean, gi\u00fap b\u1ea3o v\u1ec7 c\u01a1 th\u1ec3 kh\u1ecfi c\u00e1c g\u1ed1c t\u1ef1 do g\u00e2y h\u1ea1i v\u00e0 l\u00e0m ch\u1eadm qu\u00e1 tr\u00ecnh l\u00e3o h\u00f3a.<\/p>\n<p>&#8211; T\u0103ng c\u01b0\u1eddng h\u1ec7 mi\u1ec5n d\u1ecbch: V\u1edbi h\u00e0m l\u01b0\u1ee3ng vitamin v\u00e0 kho\u00e1ng ch\u1ea5t d\u1ed3i d\u00e0o, b\u1ed9t l\u00e1 kh\u00fac gi\u00fap t\u0103ng c\u01b0\u1eddng s\u1ee9c \u0111\u1ec1 kh\u00e1ng, b\u1ea3o v\u1ec7 c\u01a1 th\u1ec3 tr\u01b0\u1edbc c\u00e1c b\u1ec7nh t\u1eadt.<\/p>\n<p>&#8211; Gi\u00fap thanh nhi\u1ec7t, gi\u1ea3i \u0111\u1ed9c: L\u00e1 kh\u00fac c\u00f3 t\u00ednh m\u00e1t, gi\u00fap thanh nhi\u1ec7t c\u01a1 th\u1ec3, gi\u1ea3i \u0111\u1ed9c, l\u00e0m d\u1ecbu c\u00e1c tri\u1ec7u ch\u1ee9ng nhi\u1ec7t mi\u1ec7ng, vi\u00eam h\u1ecdng.<\/p>\n<p><img loading=\"lazy\" decoding=\"async\" class=\"wp-image-35849 aligncenter\" src=\"https:\/\/havamall.vn\/wp-content\/uploads\/2024\/05\/photo-2-166666135649028734208.webp\" alt=\"\" width=\"621\" height=\"414\" \/><\/p>\n<h3><strong>\u0110\u1eb7c \u0111i\u1ec3m n\u1ed5i b\u1eadt<\/strong><\/h3>\n<p>&#8211; Gi\u1eef tr\u1ecdn h\u01b0\u01a1ng v\u1ecb v\u00e0 m\u00e0u s\u1eafc t\u1ef1 nhi\u00ean: C\u00f4ng ngh\u1ec7 s\u1ea5y l\u1ea1nh b\u1ea3o to\u00e0n to\u00e0n b\u1ed9 m\u00e0u xanh t\u01b0\u01a1i m\u00e1t v\u00e0 h\u01b0\u01a1ng th\u01a1m nh\u1eb9 nh\u00e0ng c\u1ee7a l\u00e1 kh\u00fac.<\/p>\n<p>&#8211; An to\u00e0n cho s\u1ee9c kh\u1ecfe: S\u1ea3n ph\u1ea9m kh\u00f4ng ch\u1ee9a h\u00f3a ch\u1ea5t, ph\u1ea9m m\u00e0u nh\u00e2n t\u1ea1o, hay ch\u1ea5t b\u1ea3o qu\u1ea3n \u0111\u1ed9c h\u1ea1i, ph\u00f9 h\u1ee3p cho c\u1ea3 tr\u1ebb em v\u00e0 ng\u01b0\u1eddi l\u1edbn.<\/p>\n<p>&#8211; Ti\u1ec7n l\u1ee3i v\u00e0 d\u1ec5 d\u00e0ng s\u1eed d\u1ee5ng: \u0110\u00f3ng g\u00f3i nh\u1ecf g\u1ecdn, d\u1ec5 d\u00e0ng b\u1ea3o qu\u1ea3n v\u00e0 s\u1eed d\u1ee5ng trong nhi\u1ec1u c\u00f4ng th\u1ee9c n\u1ea5u \u0103n v\u00e0 l\u00e0m b\u00e1nh, mang l\u1ea1i s\u1ef1 ti\u1ec7n l\u1ee3i t\u1ed1i \u01b0u.<\/p>\n<p>S\u1ea3n ph\u1ea9m \u0111\u00e3 c\u00f3 m\u1eb7t t\u1ea1i Havamall.<\/p>\n<\/div>\n<\/div>\n<\/div>\n<\/div>","protected":false},"excerpt":{"rendered":"<p>Th\u01b0\u01a1ng hi\u1ec7u Havafoodies Xu\u1ea5t x\u1ee9 Vi\u1ec7t nam H\u1ea1n s\u1eed d\u1ee5ng Xem tr\u00ean bao b\u00ec s\u1ea3n ph\u1ea9m H\u01b0\u1edbng d\u1eabn s\u1eed d\u1ee5ng<\/p>","protected":false},"featured_media":39281,"comment_status":"open","ping_status":"closed","template":"","meta":[],"product_brand":[],"product_cat":[595,36],"product_tag":[],"class_list":{"0":"post-34654","1":"product","2":"type-product","3":"status-publish","4":"has-post-thumbnail","6":"product_cat-gia-vi-va-che-bien","7":"product_cat-thuc-pham-tieu-dung","9":"first","10":"instock","11":"sale","12":"shipping-taxable","13":"purchasable","14":"product-type-simple"},"_links":{"self":[{"href":"https:\/\/havamall.vn\/en\/wp-json\/wp\/v2\/product\/34654"}],"collection":[{"href":"https:\/\/havamall.vn\/en\/wp-json\/wp\/v2\/product"}],"about":[{"href":"https:\/\/havamall.vn\/en\/wp-json\/wp\/v2\/types\/product"}],"replies":[{"embeddable":true,"href":"https:\/\/havamall.vn\/en\/wp-json\/wp\/v2\/comments?post=34654"}],"version-history":[{"count":0,"href":"https:\/\/havamall.vn\/en\/wp-json\/wp\/v2\/product\/34654\/revisions"}],"wp:featuredmedia":[{"embeddable":true,"href":"https:\/\/havamall.vn\/en\/wp-json\/wp\/v2\/media\/39281"}],"wp:attachment":[{"href":"https:\/\/havamall.vn\/en\/wp-json\/wp\/v2\/media?parent=34654"}],"wp:term":[{"taxonomy":"product_brand","embeddable":true,"href":"https:\/\/havamall.vn\/en\/wp-json\/wp\/v2\/product_brand?post=34654"},{"taxonomy":"product_cat","embeddable":true,"href":"https:\/\/havamall.vn\/en\/wp-json\/wp\/v2\/product_cat?post=34654"},{"taxonomy":"product_tag","embeddable":true,"href":"https:\/\/havamall.vn\/en\/wp-json\/wp\/v2\/product_tag?post=34654"}],"curies":[{"name":"wp","href":"https:\/\/api.w.org\/{rel}","templated":true}]}}