{"id":34652,"date":"2024-05-31T11:51:02","date_gmt":"2024-05-31T04:51:02","guid":{"rendered":"https:\/\/havamall.vn\/?post_type=product&#038;p=34652"},"modified":"2025-06-09T09:52:46","modified_gmt":"2025-06-09T02:52:46","slug":"bot-la-gai-say-lanh-havafoodies-30g-ramie-leaf-powder","status":"publish","type":"product","link":"https:\/\/havamall.vn\/en\/shop\/bot-la-gai-say-lanh-havafoodies-30g-ramie-leaf-powder\/","title":{"rendered":"B\u1ed9t L\u00e1 Gai S\u1ea5y L\u1ea1nh Havafoodies 30g &#8211; Ramie Leaf Powder"},"content":{"rendered":"<div id=\"js-product-detail__specs\" class=\"product-detail__specs\">\n<div class=\"row\">\n<div class=\"col-sm-12\">\n<div class=\"product-specs__table\">\n<table>\n<tbody>\n<tr>\n<td class=\"specs-table__property\">Th\u01b0\u01a1ng hi\u1ec7u<\/td>\n<td class=\"specs-table__value\">Havafoodies<\/td>\n<\/tr>\n<tr>\n<td class=\"specs-table__property\">Xu\u1ea5t x\u1ee9<\/td>\n<td class=\"specs-table__value\">Vi\u1ec7t nam<\/td>\n<\/tr>\n<tr>\n<td class=\"specs-table__property\">H\u1ea1n s\u1eed d\u1ee5ng<\/td>\n<td class=\"specs-table__value\">Xem tr\u00ean bao b\u00ec s\u1ea3n ph\u1ea9m<\/td>\n<\/tr>\n<tr>\n<td class=\"specs-table__property\">H\u01b0\u1edbng d\u1eabn s\u1eed d\u1ee5ng<\/td>\n<td class=\"specs-table__value\">D\u00f9ng tr\u1ef1c ti\u1ebfp ho\u1eb7c ch\u1ebf bi\u1ebfn c\u00e1c m\u00f3n \u0103n tu\u1ef3 th\u00edch<\/td>\n<\/tr>\n<tr>\n<td class=\"specs-table__property\">H\u01b0\u1edbng d\u1eabn b\u1ea3o qu\u1ea3n<\/td>\n<td class=\"specs-table__value\">B\u1ea3o qu\u1ea3n kh\u00f4 r\u00e1o, tho\u00e1ng m\u00e1t<\/td>\n<\/tr>\n<tr>\n<td class=\"specs-table__property\">Th\u00e0nh ph\u1ea7n nguy\u00ean li\u1ec7u<\/td>\n<td class=\"specs-table__value\">Nh\u01b0 tr\u00ean bao b\u00ec<\/td>\n<\/tr>\n<tr>\n<td class=\"specs-table__property\">Kh\u1ed1i l\u01b0\u1ee3ng<\/td>\n<td class=\"specs-table__value\">30g<\/td>\n<\/tr>\n<\/tbody>\n<\/table>\n<p>L\u00e1 gai l\u00e0 m\u1ed9t nguy\u00ean li\u1ec7u kh\u00f4ng th\u1ec3 thi\u1ebfu trong c\u00e1c m\u00f3n b\u00e1nh truy\u1ec1n th\u1ed1ng Vi\u1ec7t Nam, \u0111\u1eb7c bi\u1ec7t l\u00e0 b\u00e1nh gai. V\u1edbi m\u00e0u xanh \u0111en \u0111\u1eb7c tr\u01b0ng, h\u01b0\u01a1ng th\u01a1m nh\u1eb9 nh\u00e0ng v\u00e0 v\u1ecb b\u00f9i b\u00f9i, b\u1ed9t l\u00e1 gai s\u1ea5y l\u1ea1nh gi\u00fap b\u1ea1n d\u1ec5 d\u00e0ng t\u00e1i hi\u1ec7n h\u01b0\u01a1ng v\u1ecb qu\u00ea nh\u00e0 trong t\u1eebng chi\u1ebfc b\u00e1nh, mang \u0111\u1ebfn tr\u1ea3i nghi\u1ec7m \u1ea9m th\u1ef1c \u0111\u1ed9c \u0111\u00e1o v\u00e0 th\u00e2n thu\u1ed9c.<\/p>\n<p><img fetchpriority=\"high\" decoding=\"async\" class=\"wp-image-35852 aligncenter\" src=\"https:\/\/havamall.vn\/wp-content\/uploads\/2024\/05\/bot-la-gai-1.jpg\" alt=\"\" width=\"601\" height=\"375\" \/><\/p>\n<p>B\u1ed9t l\u00e1 gai s\u1ea5y l\u1ea1nh \u0111\u01b0\u1ee3c s\u1ea3n xu\u1ea5t t\u1eeb nh\u1eefng l\u00e1 gai t\u01b0\u01a1i, \u0111\u01b0\u1ee3c ch\u1ecdn l\u1ecdc k\u1ef9 c\u00e0ng v\u00e0 s\u1ea5y kh\u00f4 b\u1eb1ng c\u00f4ng ngh\u1ec7 s\u1ea5y l\u1ea1nh hi\u1ec7n \u0111\u1ea1i. Quy tr\u00ecnh n\u00e0y gi\u1eef nguy\u00ean v\u1eb9n m\u00e0u s\u1eafc xanh \u0111en \u0111\u1eadm, h\u01b0\u01a1ng th\u01a1m d\u1ecbu nh\u1eb9 v\u00e0 c\u00e1c d\u01b0\u1ee1ng ch\u1ea5t qu\u00fd gi\u00e1 t\u1eeb l\u00e1 gai nh\u01b0 flavonoid, ch\u1ea5t x\u01a1, v\u00e0 c\u00e1c lo\u1ea1i vitamin. S\u1ea3n ph\u1ea9m kh\u00f4ng ch\u1ee9a h\u00f3a ch\u1ea5t, kh\u00f4ng ph\u1ea9m m\u00e0u nh\u00e2n t\u1ea1o, \u0111\u1ea3m b\u1ea3o an to\u00e0n cho s\u1ee9c kh\u1ecfe ng\u01b0\u1eddi ti\u00eau d\u00f9ng.<\/p>\n<p><img decoding=\"async\" class=\"wp-image-35853 aligncenter\" src=\"https:\/\/havamall.vn\/wp-content\/uploads\/2024\/05\/huong-dan-lam-banh-gai-deo-thom-ngon-chuan-vi-202110281349012316.jpg\" alt=\"\" width=\"601\" height=\"338\" \/><\/p>\n<p>B\u1ed9t l\u00e1 gai c\u00f3 m\u00e0u s\u1eafc v\u00e0 h\u01b0\u01a1ng v\u1ecb \u0111\u1ed9c \u0111\u00e1o, ph\u00f9 h\u1ee3p \u0111\u1ec3 l\u00e0m nhi\u1ec1u lo\u1ea1i b\u00e1nh truy\u1ec1n th\u1ed1ng nh\u01b0 b\u00e1nh gai, b\u00e1nh \u00edt l\u00e1 gai, v\u00e0 b\u00e1nh tr\u00f4i n\u01b0\u1edbc. Ngo\u00e0i ra, b\u1ed9t l\u00e1 gai c\u00f2n c\u00f3 th\u1ec3 \u0111\u01b0\u1ee3c s\u1eed d\u1ee5ng \u0111\u1ec3 l\u00e0m m\u00e0u t\u1ef1 nhi\u00ean cho c\u00e1c m\u00f3n \u0103n kh\u00e1c nh\u01b0 x\u00f4i, ch\u00e8, v\u00e0 b\u00e1nh k\u1eb9o. B\u1ed9t l\u00e1 gai kh\u00f4ng ch\u1ec9 mang l\u1ea1i m\u00e0u s\u1eafc \u0111\u1eb9p m\u1eaft m\u00e0 c\u00f2n b\u1ed5 sung th\u00eam h\u01b0\u01a1ng v\u1ecb v\u00e0 dinh d\u01b0\u1ee1ng cho m\u00f3n \u0103n.<\/p>\n<p>\u0110\u1ec3 s\u1eed d\u1ee5ng b\u1ed9t l\u00e1 gai, b\u1ea1n c\u00f3 th\u1ec3 h\u00f2a tan b\u1ed9t v\u1edbi n\u01b0\u1edbc ho\u1eb7c n\u01b0\u1edbc c\u1ed1t d\u1eeba \u0111\u1ec3 l\u00e0m nh\u00e2n b\u00e1nh ho\u1eb7c tr\u1ed9n v\u00e0o b\u1ed9t g\u1ea1o n\u1ebfp \u0111\u1ec3 l\u00e0m v\u1ecf b\u00e1nh gai. Ngo\u00e0i ra, b\u1ed9t l\u00e1 gai c\u0169ng c\u00f3 th\u1ec3 d\u00f9ng tr\u1ef1c ti\u1ebfp \u0111\u1ec3 t\u1ea1o m\u00e0u cho c\u00e1c m\u00f3n x\u00f4i, ch\u00e8, ho\u1eb7c l\u00e0m gia v\u1ecb th\u00eam v\u00e0o c\u00e1c m\u00f3n b\u00e1nh tr\u00e1ng mi\u1ec7ng kh\u00e1c. Ch\u1ec9 c\u1ea7n m\u1ed9t l\u01b0\u1ee3ng nh\u1ecf b\u1ed9t l\u00e1 gai, b\u1ea1n \u0111\u00e3 c\u00f3 th\u1ec3 t\u1ea1o n\u00ean m\u00e0u xanh \u0111en \u0111\u1eb7c tr\u01b0ng v\u00e0 h\u01b0\u01a1ng v\u1ecb thanh m\u00e1t cho m\u00f3n \u0103n.<\/p>\n<p><img decoding=\"async\" class=\"wp-image-35854 aligncenter\" src=\"https:\/\/havamall.vn\/wp-content\/uploads\/2024\/05\/bot-la-gai-lam-banh-gai-1200x800-1-1024x683.jpeg\" alt=\"\" width=\"600\" height=\"400\" \/><\/p>\n<h3><strong>L\u1ee3i \u00edch cho s\u1ee9c kh\u1ecfe<\/strong><\/h3>\n<p>&#8211; Gi\u00e0u ch\u1ea5t x\u01a1: B\u1ed9t l\u00e1 gai ch\u1ee9a nhi\u1ec1u ch\u1ea5t x\u01a1 gi\u00fap h\u1ed7 tr\u1ee3 ti\u00eau h\u00f3a, ng\u0103n ng\u1eeba t\u00e1o b\u00f3n v\u00e0 c\u1ea3i thi\u1ec7n ch\u1ee9c n\u0103ng \u0111\u01b0\u1eddng ru\u1ed9t.<\/p>\n<p>&#8211; Ch\u1ed1ng oxy h\u00f3a: C\u00e1c h\u1ee3p ch\u1ea5t flavonoid v\u00e0 polyphenol trong l\u00e1 gai c\u00f3 t\u00e1c d\u1ee5ng ch\u1ed1ng oxy h\u00f3a m\u1ea1nh, gi\u00fap b\u1ea3o v\u1ec7 c\u01a1 th\u1ec3 kh\u1ecfi c\u00e1c g\u1ed1c t\u1ef1 do g\u00e2y h\u1ea1i.<\/p>\n<p>&#8211; H\u1ed7 tr\u1ee3 gi\u1ea3m c\u00e2n: B\u1ed9t l\u00e1 gai \u00edt calo v\u00e0 gi\u00e0u ch\u1ea5t x\u01a1, gi\u00fap ki\u1ec3m so\u00e1t c\u00e2n n\u1eb7ng v\u00e0 h\u1ed7 tr\u1ee3 qu\u00e1 tr\u00ecnh gi\u1ea3m c\u00e2n t\u1ef1 nhi\u00ean.<\/p>\n<p>&#8211; Gi\u1ea3m vi\u00eam v\u00e0 b\u1ea3o v\u1ec7 tim m\u1ea1ch: Th\u00e0nh ph\u1ea7n ch\u1ed1ng vi\u00eam t\u1ef1 nhi\u00ean trong b\u1ed9t l\u00e1 gai c\u00f3 th\u1ec3 gi\u00fap gi\u1ea3m vi\u00eam nhi\u1ec5m v\u00e0 b\u1ea3o v\u1ec7 s\u1ee9c kh\u1ecfe tim m\u1ea1ch.<\/p>\n<p><img loading=\"lazy\" decoding=\"async\" class=\"wp-image-35855 aligncenter\" src=\"https:\/\/havamall.vn\/wp-content\/uploads\/2024\/05\/maxresdefault-5-620x620-1.jpg\" alt=\"\" width=\"600\" height=\"600\" \/><\/p>\n<h3><strong>\u0110\u1eb7c \u0111i\u1ec3m n\u1ed5i b\u1eadt<\/strong><\/h3>\n<p>&#8211; Gi\u1eef nguy\u00ean h\u01b0\u01a1ng v\u1ecb t\u1ef1 nhi\u00ean: C\u00f4ng ngh\u1ec7 s\u1ea5y l\u1ea1nh gi\u00fap b\u1ea3o to\u00e0n h\u01b0\u01a1ng th\u01a1m v\u00e0 m\u00e0u s\u1eafc \u0111\u1eb7c tr\u01b0ng c\u1ee7a l\u00e1 gai, mang \u0111\u1ebfn ch\u1ea5t l\u01b0\u1ee3ng s\u1ea3n ph\u1ea9m cao nh\u1ea5t.<\/p>\n<p>&#8211; An to\u00e0n v\u00e0 ti\u1ec7n l\u1ee3i: B\u1ed9t l\u00e1 gai s\u1ea5y l\u1ea1nh kh\u00f4ng ch\u1ee9a ch\u1ea5t b\u1ea3o qu\u1ea3n, kh\u00f4ng ph\u1ea9m m\u00e0u nh\u00e2n t\u1ea1o, ph\u00f9 h\u1ee3p cho m\u1ecdi \u0111\u1ed1i t\u01b0\u1ee3ng s\u1eed d\u1ee5ng.<\/p>\n<p>&#8211; D\u1ec5 d\u00e0ng s\u1eed d\u1ee5ng v\u00e0 b\u1ea3o qu\u1ea3n: S\u1ea3n ph\u1ea9m \u0111\u01b0\u1ee3c \u0111\u00f3ng g\u00f3i nh\u1ecf g\u1ecdn, d\u1ec5 b\u1ea3o qu\u1ea3n v\u00e0 s\u1eed d\u1ee5ng,<\/p>\n<p>S\u1ea3n ph\u1ea9m \u0111\u00e3 c\u00f3 m\u1eb7t t\u1ea1i Havamall.<\/p>\n<\/div>\n<\/div>\n<\/div>\n<\/div>","protected":false},"excerpt":{"rendered":"<p>Th\u01b0\u01a1ng hi\u1ec7u Havafoodies Xu\u1ea5t x\u1ee9 Vi\u1ec7t nam H\u1ea1n s\u1eed d\u1ee5ng Xem tr\u00ean bao b\u00ec s\u1ea3n ph\u1ea9m H\u01b0\u1edbng d\u1eabn s\u1eed d\u1ee5ng<\/p>","protected":false},"featured_media":39279,"comment_status":"open","ping_status":"closed","template":"","meta":[],"product_brand":[],"product_cat":[595,36],"product_tag":[],"class_list":{"0":"post-34652","1":"product","2":"type-product","3":"status-publish","4":"has-post-thumbnail","6":"product_cat-gia-vi-va-che-bien","7":"product_cat-thuc-pham-tieu-dung","9":"first","10":"instock","11":"sale","12":"shipping-taxable","13":"purchasable","14":"product-type-simple"},"_links":{"self":[{"href":"https:\/\/havamall.vn\/en\/wp-json\/wp\/v2\/product\/34652"}],"collection":[{"href":"https:\/\/havamall.vn\/en\/wp-json\/wp\/v2\/product"}],"about":[{"href":"https:\/\/havamall.vn\/en\/wp-json\/wp\/v2\/types\/product"}],"replies":[{"embeddable":true,"href":"https:\/\/havamall.vn\/en\/wp-json\/wp\/v2\/comments?post=34652"}],"version-history":[{"count":0,"href":"https:\/\/havamall.vn\/en\/wp-json\/wp\/v2\/product\/34652\/revisions"}],"wp:featuredmedia":[{"embeddable":true,"href":"https:\/\/havamall.vn\/en\/wp-json\/wp\/v2\/media\/39279"}],"wp:attachment":[{"href":"https:\/\/havamall.vn\/en\/wp-json\/wp\/v2\/media?parent=34652"}],"wp:term":[{"taxonomy":"product_brand","embeddable":true,"href":"https:\/\/havamall.vn\/en\/wp-json\/wp\/v2\/product_brand?post=34652"},{"taxonomy":"product_cat","embeddable":true,"href":"https:\/\/havamall.vn\/en\/wp-json\/wp\/v2\/product_cat?post=34652"},{"taxonomy":"product_tag","embeddable":true,"href":"https:\/\/havamall.vn\/en\/wp-json\/wp\/v2\/product_tag?post=34652"}],"curies":[{"name":"wp","href":"https:\/\/api.w.org\/{rel}","templated":true}]}}