{"id":34650,"date":"2024-05-31T11:47:53","date_gmt":"2024-05-31T04:47:53","guid":{"rendered":"https:\/\/havamall.vn\/?post_type=product&#038;p=34650"},"modified":"2025-08-29T13:44:31","modified_gmt":"2025-08-29T06:44:31","slug":"bot-can-tay-say-lanh-havafoodies-50g-celery-powder","status":"publish","type":"product","link":"https:\/\/havamall.vn\/en\/shop\/bot-can-tay-say-lanh-havafoodies-50g-celery-powder\/","title":{"rendered":"B\u1ed9t C\u1ea7n T\u00e2y S\u1ea5y L\u1ea1nh Havafoodies 50g &#8211; Celery Powder"},"content":{"rendered":"<div id=\"js-product-detail__specs\" class=\"product-detail__specs\">\n<div class=\"row\">\n<div class=\"col-sm-12\">\n<div class=\"product-specs__table\">\n<table>\n<tbody>\n<tr>\n<td class=\"specs-table__property\">Th\u01b0\u01a1ng hi\u1ec7u<\/td>\n<td class=\"specs-table__value\">Havafoodies<\/td>\n<\/tr>\n<tr>\n<td class=\"specs-table__property\">Xu\u1ea5t x\u1ee9<\/td>\n<td class=\"specs-table__value\">Vi\u1ec7t nam<\/td>\n<\/tr>\n<tr>\n<td class=\"specs-table__property\">H\u1ea1n s\u1eed d\u1ee5ng<\/td>\n<td class=\"specs-table__value\">Xem tr\u00ean bao b\u00ec s\u1ea3n ph\u1ea9m<\/td>\n<\/tr>\n<tr>\n<td class=\"specs-table__property\">H\u01b0\u1edbng d\u1eabn s\u1eed d\u1ee5ng<\/td>\n<td class=\"specs-table__value\">D\u00f9ng tr\u1ef1c ti\u1ebfp ho\u1eb7c ch\u1ebf bi\u1ebfn c\u00e1c m\u00f3n \u0103n tu\u1ef3 th\u00edch<\/td>\n<\/tr>\n<tr>\n<td class=\"specs-table__property\">H\u01b0\u1edbng d\u1eabn b\u1ea3o qu\u1ea3n<\/td>\n<td class=\"specs-table__value\">B\u1ea3o qu\u1ea3n kh\u00f4 r\u00e1o, tho\u00e1ng m\u00e1t<\/td>\n<\/tr>\n<tr>\n<td class=\"specs-table__property\">Th\u00e0nh ph\u1ea7n nguy\u00ean li\u1ec7u<\/td>\n<td class=\"specs-table__value\">Nh\u01b0 tr\u00ean bao b\u00ec<\/td>\n<\/tr>\n<tr>\n<td class=\"specs-table__property\">Kh\u1ed1i l\u01b0\u1ee3ng<\/td>\n<td class=\"specs-table__value\">50g<\/td>\n<\/tr>\n<\/tbody>\n<\/table>\n<p>C\u1ea7n t\u00e2y l\u00e0 m\u1ed9t lo\u1ea1i rau xanh gi\u00e0u dinh d\u01b0\u1ee1ng, n\u1ed5i ti\u1ebfng v\u1edbi h\u01b0\u01a1ng v\u1ecb t\u01b0\u01a1i m\u00e1t v\u00e0 nh\u1eefng l\u1ee3i \u00edch s\u1ee9c kh\u1ecfe v\u01b0\u1ee3t tr\u1ed9i. B\u1ed9t c\u1ea7n t\u00e2y s\u1ea5y l\u1ea1nh ra \u0111\u1eddi nh\u01b0 m\u1ed9t gi\u1ea3i ph\u00e1p ti\u1ec7n l\u1ee3i \u0111\u1ec3 gi\u1eef tr\u1ecdn v\u1eb9n nh\u1eefng gi\u00e1 tr\u1ecb dinh d\u01b0\u1ee1ng c\u1ee7a c\u1ea7n t\u00e2y t\u01b0\u01a1i, \u0111\u1ed3ng th\u1eddi mang \u0111\u1ebfn s\u1ef1 ti\u1ec7n d\u1ee5ng t\u1ed1i \u0111a cho ng\u01b0\u1eddi d\u00f9ng trong ch\u1ebf \u0111\u1ed9 \u0103n u\u1ed1ng h\u00e0ng ng\u00e0y.<\/p>\n<p><img fetchpriority=\"high\" decoding=\"async\" class=\"wp-image-35858 aligncenter\" src=\"https:\/\/havamall.vn\/wp-content\/uploads\/2024\/05\/bot-can-tay-say-lanh-la-gi-tai-sao-bot-can-tay-say-lanh-lai-hot-nhu-vay-1-1200x676-1-1024x577.jpg\" alt=\"\" width=\"900\" height=\"507\" \/><\/p>\n<p>B\u1ed9t c\u1ea7n t\u00e2y s\u1ea5y l\u1ea1nh \u0111\u01b0\u1ee3c ch\u1ebf bi\u1ebfn t\u1eeb nh\u1eefng c\u1ecdng c\u1ea7n t\u00e2y t\u01b0\u01a1i ngon nh\u1ea5t, ch\u1ecdn l\u1ecdc c\u1ea9n th\u1eadn v\u00e0 tr\u1ea3i qua quy tr\u00ecnh s\u1ea5y l\u1ea1nh hi\u1ec7n \u0111\u1ea1i. C\u00f4ng ngh\u1ec7 n\u00e0y gi\u00fap b\u1ea3o to\u00e0n t\u1ed1i \u0111a c\u00e1c d\u01b0\u1ee1ng ch\u1ea5t nh\u01b0 vitamin A, C, K, c\u00e1c ch\u1ea5t ch\u1ed1ng oxy h\u00f3a, kho\u00e1ng ch\u1ea5t v\u00e0 ch\u1ea5t x\u01a1 t\u1eeb c\u1ea7n t\u00e2y. S\u1ea3n ph\u1ea9m kh\u00f4ng b\u1ecb m\u1ea5t \u0111i m\u00e0u xanh t\u01b0\u01a1i t\u1ef1 nhi\u00ean, \u0111\u1ed3ng th\u1eddi gi\u1eef nguy\u00ean h\u01b0\u01a1ng v\u1ecb t\u01b0\u01a1i m\u00e1t v\u00e0 thanh nh\u1eb9 c\u1ee7a c\u1ea7n t\u00e2y.<\/p>\n<p>B\u1ed9t c\u1ea7n t\u00e2y s\u1ea5y l\u1ea1nh l\u00e0 l\u1ef1a ch\u1ecdn l\u00fd t\u01b0\u1edfng cho nhi\u1ec1u m\u1ee5c \u0111\u00edch s\u1eed d\u1ee5ng. B\u1ea1n c\u00f3 th\u1ec3 d\u1ec5 d\u00e0ng pha b\u1ed9t c\u1ea7n t\u00e2y v\u1edbi n\u01b0\u1edbc l\u1ecdc \u0111\u1ec3 c\u00f3 ngay m\u1ed9t ly n\u01b0\u1edbc \u00e9p c\u1ea7n t\u00e2y t\u01b0\u01a1i m\u00e1t, ho\u1eb7c th\u00eam v\u00e0o sinh t\u1ed1, n\u01b0\u1edbc \u00e9p tr\u00e1i c\u00e2y, s\u1eefa chua, ng\u0169 c\u1ed1c, v\u00e0 c\u00e1c m\u00f3n \u0103n nh\u01b0 s\u00fap, salad, hay n\u01b0\u1edbc s\u1ed1t. V\u1edbi b\u1ed9t c\u1ea7n t\u00e2y, vi\u1ec7c duy tr\u00ec ch\u1ebf \u0111\u1ed9 \u0103n u\u1ed1ng l\u00e0nh m\u1ea1nh tr\u1edf n\u00ean \u0111\u01a1n gi\u1ea3n v\u00e0 ti\u1ec7n l\u1ee3i h\u01a1n bao gi\u1edd h\u1ebft.<\/p>\n<p><img decoding=\"async\" class=\"wp-image-35859 aligncenter\" src=\"https:\/\/havamall.vn\/wp-content\/uploads\/2024\/05\/bot-can-tay-say-thang-hoa.jpg\" alt=\"\" width=\"901\" height=\"563\" \/><\/p>\n<p>B\u1ed9t c\u1ea7n t\u00e2y r\u1ea5t d\u1ec5 s\u1eed d\u1ee5ng. B\u1ea1n ch\u1ec9 c\u1ea7n h\u00f2a tan 1-2 mu\u1ed7ng c\u00e0 ph\u00ea b\u1ed9t c\u1ea7n t\u00e2y v\u00e0o m\u1ed9t c\u1ed1c n\u01b0\u1edbc \u1ea5m ho\u1eb7c n\u01b0\u1edbc l\u1ea1nh, khu\u1ea5y \u0111\u1ec1u v\u00e0 th\u01b0\u1edfng th\u1ee9c. B\u1ea1n c\u0169ng c\u00f3 th\u1ec3 th\u00eam b\u1ed9t c\u1ea7n t\u00e2y v\u00e0o c\u00e1c m\u00f3n \u0103n y\u00eau th\u00edch nh\u01b0 sinh t\u1ed1, n\u01b0\u1edbc \u00e9p tr\u00e1i c\u00e2y, ho\u1eb7c d\u00f9ng nh\u01b0 gia v\u1ecb \u0111\u1ec3 t\u1ea1o th\u00eam h\u01b0\u01a1ng v\u1ecb t\u1ef1 nhi\u00ean cho c\u00e1c m\u00f3n \u0103n h\u00e0ng ng\u00e0y. S\u1eed d\u1ee5ng b\u1ed9t c\u1ea7n t\u00e2y th\u01b0\u1eddng xuy\u00ean gi\u00fap b\u1ed5 sung d\u01b0\u1ee1ng ch\u1ea5t v\u00e0 thanh l\u1ecdc c\u01a1 th\u1ec3 hi\u1ec7u qu\u1ea3.<\/p>\n<p><img decoding=\"async\" class=\"wp-image-35860 aligncenter\" src=\"https:\/\/havamall.vn\/wp-content\/uploads\/2024\/05\/bot-can-tay-giam-can-6-min.jpg\" alt=\"\" width=\"899\" height=\"899\" \/><\/p>\n<h3><strong>L\u1ee3i \u00edch cho s\u1ee9c kh\u1ecfe<\/strong><\/h3>\n<p>&#8211; Gi\u1ea3i \u0111\u1ed9c v\u00e0 thanh l\u1ecdc c\u01a1 th\u1ec3: B\u1ed9t c\u1ea7n t\u00e2y gi\u00fap h\u1ed7 tr\u1ee3 qu\u00e1 tr\u00ecnh thanh l\u1ecdc gan, th\u1eadn, lo\u1ea1i b\u1ecf \u0111\u1ed9c t\u1ed1 v\u00e0 c\u00e2n b\u1eb1ng ki\u1ec1m toan trong c\u01a1 th\u1ec3.<\/p>\n<p>&#8211; T\u0103ng c\u01b0\u1eddng h\u1ec7 mi\u1ec5n d\u1ecbch: V\u1edbi h\u00e0m l\u01b0\u1ee3ng cao vitamin C v\u00e0 c\u00e1c ch\u1ea5t ch\u1ed1ng oxy h\u00f3a, b\u1ed9t c\u1ea7n t\u00e2y gi\u00fap n\u00e2ng cao s\u1ee9c \u0111\u1ec1 kh\u00e1ng, b\u1ea3o v\u1ec7 c\u01a1 th\u1ec3 tr\u01b0\u1edbc c\u00e1c t\u00e1c nh\u00e2n g\u00e2y h\u1ea1i.<\/p>\n<p>&#8211; H\u1ed7 tr\u1ee3 gi\u1ea3m c\u00e2n: B\u1ed9t c\u1ea7n t\u00e2y \u00edt calo nh\u01b0ng gi\u00e0u ch\u1ea5t x\u01a1, gi\u00fap t\u1ea1o c\u1ea3m gi\u00e1c no l\u00e2u, ki\u1ec3m so\u00e1t c\u01a1n th\u00e8m \u0103n, h\u1ed7 tr\u1ee3 qu\u00e1 tr\u00ecnh gi\u1ea3m c\u00e2n t\u1ef1 nhi\u00ean.<\/p>\n<p>&#8211; C\u1ea3i thi\u1ec7n ti\u00eau h\u00f3a: C\u1ea7n t\u00e2y ch\u1ee9a nhi\u1ec1u enzyme ti\u00eau h\u00f3a t\u1ef1 nhi\u00ean, gi\u00fap c\u1ea3i thi\u1ec7n ch\u1ee9c n\u0103ng ti\u00eau h\u00f3a, ng\u0103n ng\u1eeba t\u00e1o b\u00f3n v\u00e0 c\u00e1c v\u1ea5n \u0111\u1ec1 li\u00ean quan \u0111\u1ebfn \u0111\u01b0\u1eddng ru\u1ed9t.<\/p>\n<p><img loading=\"lazy\" decoding=\"async\" class=\"wp-image-35861 aligncenter\" src=\"https:\/\/havamall.vn\/wp-content\/uploads\/2024\/05\/bot-can-tay-giam-can-9-min.jpg\" alt=\"\" width=\"900\" height=\"900\" \/><\/p>\n<h3><strong>\u0110\u1eb7c \u0111i\u1ec3m n\u1ed5i b\u1eadt<\/strong><\/h3>\n<p>&#8211; Gi\u1eef nguy\u00ean h\u01b0\u01a1ng v\u1ecb v\u00e0 m\u00e0u s\u1eafc t\u1ef1 nhi\u00ean: C\u00f4ng ngh\u1ec7 s\u1ea5y l\u1ea1nh gi\u00fap b\u1ea3o to\u00e0n m\u00e0u xanh t\u01b0\u01a1i v\u00e0 h\u01b0\u01a1ng v\u1ecb \u0111\u1eb7c tr\u01b0ng c\u1ee7a c\u1ea7n t\u00e2y, mang l\u1ea1i ch\u1ea5t l\u01b0\u1ee3ng s\u1ea3n ph\u1ea9m cao nh\u1ea5t.<\/p>\n<p>&#8211; An to\u00e0n v\u00e0 kh\u00f4ng ch\u1ee9a h\u00f3a ch\u1ea5t: B\u1ed9t c\u1ea7n t\u00e2y s\u1ea5y l\u1ea1nh kh\u00f4ng c\u00f3 ch\u1ea5t b\u1ea3o qu\u1ea3n, kh\u00f4ng ph\u1ea9m m\u00e0u nh\u00e2n t\u1ea1o, ho\u00e0n to\u00e0n an to\u00e0n cho s\u1ee9c kh\u1ecfe ng\u01b0\u1eddi d\u00f9ng.<\/p>\n<p>&#8211; Ti\u1ec7n l\u1ee3i v\u00e0 d\u1ec5 s\u1eed d\u1ee5ng: \u0110\u00f3ng g\u00f3i nh\u1ecf g\u1ecdn, ti\u1ec7n l\u1ee3i \u0111\u1ec3 mang theo v\u00e0 s\u1eed d\u1ee5ng trong nhi\u1ec1u c\u00f4ng th\u1ee9c n\u1ea5u \u0103n, \u0111\u1ea3m b\u1ea3o b\u1ed5 sung dinh d\u01b0\u1ee1ng h\u00e0ng ng\u00e0y m\u1ed9t c\u00e1ch d\u1ec5 d\u00e0ng.<\/p>\n<\/div>\n<\/div>\n<\/div>\n<\/div>","protected":false},"excerpt":{"rendered":"<p>Th\u01b0\u01a1ng hi\u1ec7u Havafoodies Xu\u1ea5t x\u1ee9 Vi\u1ec7t nam H\u1ea1n s\u1eed d\u1ee5ng Xem tr\u00ean bao b\u00ec s\u1ea3n ph\u1ea9m H\u01b0\u1edbng d\u1eabn s\u1eed d\u1ee5ng<\/p>","protected":false},"featured_media":39277,"comment_status":"open","ping_status":"closed","template":"","meta":[],"product_brand":[],"product_cat":[595,36],"product_tag":[],"class_list":{"0":"post-34650","1":"product","2":"type-product","3":"status-publish","4":"has-post-thumbnail","6":"product_cat-gia-vi-va-che-bien","7":"product_cat-thuc-pham-tieu-dung","9":"first","10":"outofstock","11":"sale","12":"shipping-taxable","13":"purchasable","14":"product-type-simple"},"_links":{"self":[{"href":"https:\/\/havamall.vn\/en\/wp-json\/wp\/v2\/product\/34650"}],"collection":[{"href":"https:\/\/havamall.vn\/en\/wp-json\/wp\/v2\/product"}],"about":[{"href":"https:\/\/havamall.vn\/en\/wp-json\/wp\/v2\/types\/product"}],"replies":[{"embeddable":true,"href":"https:\/\/havamall.vn\/en\/wp-json\/wp\/v2\/comments?post=34650"}],"version-history":[{"count":0,"href":"https:\/\/havamall.vn\/en\/wp-json\/wp\/v2\/product\/34650\/revisions"}],"wp:featuredmedia":[{"embeddable":true,"href":"https:\/\/havamall.vn\/en\/wp-json\/wp\/v2\/media\/39277"}],"wp:attachment":[{"href":"https:\/\/havamall.vn\/en\/wp-json\/wp\/v2\/media?parent=34650"}],"wp:term":[{"taxonomy":"product_brand","embeddable":true,"href":"https:\/\/havamall.vn\/en\/wp-json\/wp\/v2\/product_brand?post=34650"},{"taxonomy":"product_cat","embeddable":true,"href":"https:\/\/havamall.vn\/en\/wp-json\/wp\/v2\/product_cat?post=34650"},{"taxonomy":"product_tag","embeddable":true,"href":"https:\/\/havamall.vn\/en\/wp-json\/wp\/v2\/product_tag?post=34650"}],"curies":[{"name":"wp","href":"https:\/\/api.w.org\/{rel}","templated":true}]}}