{"id":34648,"date":"2024-05-31T11:46:15","date_gmt":"2024-05-31T04:46:15","guid":{"rendered":"https:\/\/havamall.vn\/?post_type=product&#038;p=34648"},"modified":"2025-06-08T16:54:04","modified_gmt":"2025-06-08T09:54:04","slug":"bot-diep-ca-say-lanh-havafoodies-50g-fish-mint-powder","status":"publish","type":"product","link":"https:\/\/havamall.vn\/en\/shop\/bot-diep-ca-say-lanh-havafoodies-50g-fish-mint-powder\/","title":{"rendered":"B\u1ed9t Di\u1ebfp C\u00e1 S\u1ea5y L\u1ea1nh Havafoodies 50g &#8211; Fish Mint Powder"},"content":{"rendered":"<div id=\"js-product-detail__specs\" class=\"product-detail__specs\">\n<div class=\"row\">\n<div class=\"col-sm-12\">\n<div class=\"product-specs__table\">\n<table>\n<tbody>\n<tr>\n<td class=\"specs-table__property\">Th\u01b0\u01a1ng hi\u1ec7u<\/td>\n<td class=\"specs-table__value\">Havafoodies<\/td>\n<\/tr>\n<tr>\n<td class=\"specs-table__property\">Xu\u1ea5t x\u1ee9<\/td>\n<td class=\"specs-table__value\">Vi\u1ec7t nam<\/td>\n<\/tr>\n<tr>\n<td class=\"specs-table__property\">H\u1ea1n s\u1eed d\u1ee5ng<\/td>\n<td class=\"specs-table__value\">Xem tr\u00ean bao b\u00ec s\u1ea3n ph\u1ea9m<\/td>\n<\/tr>\n<tr>\n<td class=\"specs-table__property\">H\u01b0\u1edbng d\u1eabn s\u1eed d\u1ee5ng<\/td>\n<td class=\"specs-table__value\">D\u00f9ng tr\u1ef1c ti\u1ebfp ho\u1eb7c ch\u1ebf bi\u1ebfn c\u00e1c m\u00f3n \u0103n tu\u1ef3 th\u00edch<\/td>\n<\/tr>\n<tr>\n<td class=\"specs-table__property\">H\u01b0\u1edbng d\u1eabn b\u1ea3o qu\u1ea3n<\/td>\n<td class=\"specs-table__value\">B\u1ea3o qu\u1ea3n kh\u00f4 r\u00e1o, tho\u00e1ng m\u00e1t<\/td>\n<\/tr>\n<tr>\n<td class=\"specs-table__property\">Th\u00e0nh ph\u1ea7n nguy\u00ean li\u1ec7u<\/td>\n<td class=\"specs-table__value\">Nh\u01b0 tr\u00ean bao b\u00ec<\/td>\n<\/tr>\n<tr>\n<td class=\"specs-table__property\">Kh\u1ed1i l\u01b0\u1ee3ng<\/td>\n<td class=\"specs-table__value\">50g<\/td>\n<\/tr>\n<\/tbody>\n<\/table>\n<p>Di\u1ebfp c\u00e1 l\u00e0 lo\u1ea1i rau quen thu\u1ed9c trong b\u1eefa \u0103n c\u1ee7a ng\u01b0\u1eddi Vi\u1ec7t, n\u1ed5i ti\u1ebfng v\u1edbi m\u00f9i th\u01a1m \u0111\u1eb7c tr\u01b0ng v\u00e0 nhi\u1ec1u c\u00f4ng d\u1ee5ng cho s\u1ee9c kh\u1ecfe. B\u1ed9t di\u1ebfp c\u00e1 s\u1ea5y l\u1ea1nh mang \u0111\u1ebfn cho b\u1ea1n m\u1ed9t c\u00e1ch th\u1ee9c m\u1edbi m\u1ebb, ti\u1ec7n l\u1ee3i \u0111\u1ec3 t\u1eadn h\u01b0\u1edfng tr\u1ecdn v\u1eb9n nh\u1eefng l\u1ee3i \u00edch tuy\u1ec7t v\u1eddi t\u1eeb lo\u1ea1i rau n\u00e0y m\u00e0 kh\u00f4ng ph\u1ea3i lo ng\u1ea1i v\u1ec1 vi\u1ec7c b\u1ea3o qu\u1ea3n hay s\u1eed d\u1ee5ng di\u1ebfp c\u00e1 t\u01b0\u01a1i m\u1ed7i ng\u00e0y.<\/p>\n<p><img fetchpriority=\"high\" decoding=\"async\" class=\"wp-image-35864 aligncenter\" src=\"https:\/\/havamall.vn\/wp-content\/uploads\/2024\/05\/fe098111-d91e-464d-b0e4-5bf54382506a.webp\" alt=\"\" width=\"720\" height=\"462\" \/><\/p>\n<p>B\u1ed9t di\u1ebfp c\u00e1 s\u1ea5y l\u1ea1nh \u0111\u01b0\u1ee3c s\u1ea3n xu\u1ea5t t\u1eeb 100% l\u00e1 di\u1ebfp c\u00e1 t\u01b0\u01a1i, \u0111\u01b0\u1ee3c ch\u1ecdn l\u1ecdc k\u1ef9 c\u00e0ng v\u00e0 s\u1ea5y kh\u00f4 b\u1eb1ng c\u00f4ng ngh\u1ec7 s\u1ea5y l\u1ea1nh hi\u1ec7n \u0111\u1ea1i. Quy tr\u00ecnh n\u00e0y gi\u00fap b\u1ea3o qu\u1ea3n t\u1ed1i \u0111a c\u00e1c d\u01b0\u1ee1ng ch\u1ea5t quan tr\u1ecdng nh\u01b0 flavonoid, ch\u1ea5t x\u01a1, vitamin C, v\u00e0 kho\u00e1ng ch\u1ea5t, \u0111\u1ed3ng th\u1eddi gi\u1eef nguy\u00ean m\u00e0u s\u1eafc xanh t\u01b0\u01a1i v\u00e0 h\u01b0\u01a1ng v\u1ecb thanh m\u00e1t c\u1ee7a rau di\u1ebfp c\u00e1. S\u1ea3n ph\u1ea9m kh\u00f4ng ch\u1ee9a ch\u1ea5t b\u1ea3o qu\u1ea3n, ph\u1ea9m m\u00e0u nh\u00e2n t\u1ea1o, \u0111\u1ea3m b\u1ea3o an to\u00e0n cho s\u1ee9c kh\u1ecfe.<\/p>\n<p><img decoding=\"async\" class=\"wp-image-35865 aligncenter\" src=\"https:\/\/havamall.vn\/wp-content\/uploads\/2024\/05\/huong-dan-cach-lam-nuoc-rau-diep-ca-luoc-thanh-loc-co-the-cho-ngay-nong-90b-6380532.jpg\" alt=\"\" width=\"720\" height=\"405\" \/><\/p>\n<p>B\u1ed9t di\u1ebfp c\u00e1 s\u1ea5y l\u1ea1nh r\u1ea5t linh ho\u1ea1t trong s\u1eed d\u1ee5ng. B\u1ea1n c\u00f3 th\u1ec3 pha b\u1ed9t v\u1edbi n\u01b0\u1edbc \u1ea5m \u0111\u1ec3 u\u1ed1ng tr\u1ef1c ti\u1ebfp, th\u00eam v\u00e0o sinh t\u1ed1, n\u01b0\u1edbc \u00e9p, ho\u1eb7c s\u1eefa chua \u0111\u1ec3 t\u0103ng c\u01b0\u1eddng h\u01b0\u01a1ng v\u1ecb v\u00e0 gi\u00e1 tr\u1ecb dinh d\u01b0\u1ee1ng. Ngo\u00e0i ra, b\u1ed9t di\u1ebfp c\u00e1 c\u00f2n \u0111\u01b0\u1ee3c d\u00f9ng trong c\u00e1c c\u00f4ng th\u1ee9c n\u1ea5u \u0103n nh\u01b0 ch\u00e1o, canh, ho\u1eb7c d\u00f9ng \u0111\u1ec3 l\u00e0m m\u1eb7t n\u1ea1 d\u01b0\u1ee1ng da t\u1ef1 nhi\u00ean, mang l\u1ea1i l\u00e0n da kh\u1ecfe m\u1ea1nh, s\u00e1ng m\u1ecbn.<\/p>\n<p>\u0110\u1ec3 s\u1eed d\u1ee5ng b\u1ed9t di\u1ebfp c\u00e1, b\u1ea1n ch\u1ec9 c\u1ea7n pha 1-2 mu\u1ed7ng c\u00e0 ph\u00ea b\u1ed9t v\u00e0o m\u1ed9t ly n\u01b0\u1edbc \u1ea5m, khu\u1ea5y \u0111\u1ec1u v\u00e0 u\u1ed1ng ngay. B\u1ea1n c\u0169ng c\u00f3 th\u1ec3 th\u00eam b\u1ed9t di\u1ebfp c\u00e1 v\u00e0o c\u00e1c m\u00f3n sinh t\u1ed1, n\u01b0\u1edbc \u00e9p tr\u00e1i c\u00e2y, ho\u1eb7c s\u1eefa chua \u0111\u1ec3 t\u0103ng c\u01b0\u1eddng h\u01b0\u01a1ng v\u1ecb v\u00e0 b\u1ed5 sung d\u01b0\u1ee1ng ch\u1ea5t. \u0110\u1ed1i v\u1edbi m\u1eb7t n\u1ea1 d\u01b0\u1ee1ng da, b\u1ea1n tr\u1ed9n b\u1ed9t di\u1ebfp c\u00e1 v\u1edbi m\u1eadt ong ho\u1eb7c s\u1eefa chua \u0111\u1ec3 t\u1ea1o th\u00e0nh h\u1ed7n h\u1ee3p \u0111\u1eafp m\u1eb7t gi\u00fap l\u00e0m d\u1ecbu da, gi\u1ea3m m\u1ee5n, v\u00e0 d\u01b0\u1ee1ng \u1ea9m hi\u1ec7u qu\u1ea3.<\/p>\n<p><img decoding=\"async\" class=\"wp-image-35866 aligncenter\" src=\"https:\/\/havamall.vn\/wp-content\/uploads\/2024\/05\/Cach-su-dung-bot-diep-ca-dap-mat.png\" alt=\"\" width=\"719\" height=\"404\" \/><\/p>\n<h3><strong>L\u1ee3i \u00edch cho s\u1ee9c kh\u1ecfe<\/strong><\/h3>\n<p>&#8211; Gi\u1ea3i \u0111\u1ed9c v\u00e0 thanh l\u1ecdc c\u01a1 th\u1ec3: B\u1ed9t di\u1ebfp c\u00e1 c\u00f3 t\u00e1c d\u1ee5ng thanh nhi\u1ec7t, gi\u1ea3i \u0111\u1ed9c, gi\u00fap lo\u1ea1i b\u1ecf \u0111\u1ed9c t\u1ed1 v\u00e0 gi\u1ea3m vi\u00eam trong c\u01a1 th\u1ec3.<\/p>\n<p>&#8211; T\u0103ng c\u01b0\u1eddng h\u1ec7 mi\u1ec5n d\u1ecbch: V\u1edbi h\u00e0m l\u01b0\u1ee3ng vitamin C cao, b\u1ed9t di\u1ebfp c\u00e1 gi\u00fap t\u0103ng c\u01b0\u1eddng s\u1ee9c \u0111\u1ec1 kh\u00e1ng, b\u1ea3o v\u1ec7 c\u01a1 th\u1ec3 kh\u1ecfi c\u00e1c b\u1ec7nh nhi\u1ec5m tr\u00f9ng.<\/p>\n<p>&#8211; H\u1ed7 tr\u1ee3 ti\u00eau h\u00f3a: Di\u1ebfp c\u00e1 c\u00f3 t\u00ednh m\u00e1t, gi\u00fap h\u1ed7 tr\u1ee3 ti\u00eau h\u00f3a, gi\u1ea3m c\u00e1c tri\u1ec7u ch\u1ee9ng kh\u00f3 ti\u00eau, t\u00e1o b\u00f3n, v\u00e0 ng\u0103n ng\u1eeba b\u1ec7nh tr\u0129.<\/p>\n<p>&#8211; L\u00e0m \u0111\u1eb9p da: Ch\u1ea5t ch\u1ed1ng oxy h\u00f3a trong di\u1ebfp c\u00e1 gi\u00fap b\u1ea3o v\u1ec7 da kh\u1ecfi t\u00e1c h\u1ea1i c\u1ee7a g\u1ed1c t\u1ef1 do, ng\u0103n ng\u1eeba l\u00e3o h\u00f3a s\u1edbm v\u00e0 gi\u00fap da s\u00e1ng m\u1ecbn, kh\u1ecfe m\u1ea1nh.<\/p>\n<p><img loading=\"lazy\" decoding=\"async\" class=\"wp-image-35867 aligncenter\" src=\"https:\/\/havamall.vn\/wp-content\/uploads\/2024\/05\/bot-diep-ca-1.jpg\" alt=\"\" width=\"721\" height=\"524\" \/><\/p>\n<h3><strong>\u0110\u1eb7c \u0111i\u1ec3m n\u1ed5i b\u1eadt<\/strong><\/h3>\n<p>&#8211; Gi\u1eef nguy\u00ean h\u01b0\u01a1ng v\u1ecb v\u00e0 m\u00e0u s\u1eafc t\u1ef1 nhi\u00ean: C\u00f4ng ngh\u1ec7 s\u1ea5y l\u1ea1nh gi\u00fap b\u1ea3o to\u00e0n m\u00e0u xanh t\u01b0\u01a1i v\u00e0 h\u01b0\u01a1ng v\u1ecb \u0111\u1eb7c tr\u01b0ng c\u1ee7a rau di\u1ebfp c\u00e1.<\/p>\n<p>&#8211; An to\u00e0n v\u00e0 kh\u00f4ng ch\u1ee9a h\u00f3a ch\u1ea5t: B\u1ed9t di\u1ebfp c\u00e1 s\u1ea5y l\u1ea1nh kh\u00f4ng c\u00f3 ch\u1ea5t b\u1ea3o qu\u1ea3n, kh\u00f4ng ph\u1ea9m m\u00e0u nh\u00e2n t\u1ea1o, ho\u00e0n to\u00e0n an to\u00e0n cho s\u1ee9c kh\u1ecfe ng\u01b0\u1eddi d\u00f9ng.<\/p>\n<p>&#8211; Ti\u1ec7n l\u1ee3i v\u00e0 d\u1ec5 s\u1eed d\u1ee5ng: S\u1ea3n ph\u1ea9m \u0111\u01b0\u1ee3c \u0111\u00f3ng g\u00f3i nh\u1ecf g\u1ecdn, ti\u1ec7n l\u1ee3i \u0111\u1ec3 mang theo v\u00e0 s\u1eed d\u1ee5ng h\u00e0ng ng\u00e0y, gi\u00fap b\u1ea1n d\u1ec5 d\u00e0ng b\u1ed5 sung dinh d\u01b0\u1ee1ng t\u1eeb rau di\u1ebfp c\u00e1 m\u1ed9t c\u00e1ch hi\u1ec7u qu\u1ea3.<\/p>\n<p>S\u1ea3n ph\u1ea9m c\u00f3 m\u1eb7t t\u1ea1i Havamall.<\/p>\n<\/div>\n<\/div>\n<\/div>\n<\/div>","protected":false},"excerpt":{"rendered":"<p>Th\u01b0\u01a1ng hi\u1ec7u Havafoodies Xu\u1ea5t x\u1ee9 Vi\u1ec7t nam H\u1ea1n s\u1eed d\u1ee5ng Xem tr\u00ean bao b\u00ec s\u1ea3n ph\u1ea9m H\u01b0\u1edbng d\u1eabn s\u1eed d\u1ee5ng<\/p>","protected":false},"featured_media":39275,"comment_status":"open","ping_status":"closed","template":"","meta":[],"product_brand":[],"product_cat":[595,36],"product_tag":[],"class_list":{"0":"post-34648","1":"product","2":"type-product","3":"status-publish","4":"has-post-thumbnail","6":"product_cat-gia-vi-va-che-bien","7":"product_cat-thuc-pham-tieu-dung","9":"first","10":"instock","11":"sale","12":"shipping-taxable","13":"purchasable","14":"product-type-simple"},"_links":{"self":[{"href":"https:\/\/havamall.vn\/en\/wp-json\/wp\/v2\/product\/34648"}],"collection":[{"href":"https:\/\/havamall.vn\/en\/wp-json\/wp\/v2\/product"}],"about":[{"href":"https:\/\/havamall.vn\/en\/wp-json\/wp\/v2\/types\/product"}],"replies":[{"embeddable":true,"href":"https:\/\/havamall.vn\/en\/wp-json\/wp\/v2\/comments?post=34648"}],"version-history":[{"count":0,"href":"https:\/\/havamall.vn\/en\/wp-json\/wp\/v2\/product\/34648\/revisions"}],"wp:featuredmedia":[{"embeddable":true,"href":"https:\/\/havamall.vn\/en\/wp-json\/wp\/v2\/media\/39275"}],"wp:attachment":[{"href":"https:\/\/havamall.vn\/en\/wp-json\/wp\/v2\/media?parent=34648"}],"wp:term":[{"taxonomy":"product_brand","embeddable":true,"href":"https:\/\/havamall.vn\/en\/wp-json\/wp\/v2\/product_brand?post=34648"},{"taxonomy":"product_cat","embeddable":true,"href":"https:\/\/havamall.vn\/en\/wp-json\/wp\/v2\/product_cat?post=34648"},{"taxonomy":"product_tag","embeddable":true,"href":"https:\/\/havamall.vn\/en\/wp-json\/wp\/v2\/product_tag?post=34648"}],"curies":[{"name":"wp","href":"https:\/\/api.w.org\/{rel}","templated":true}]}}