{"id":34646,"date":"2024-05-31T11:42:40","date_gmt":"2024-05-31T04:42:40","guid":{"rendered":"https:\/\/havamall.vn\/?post_type=product&#038;p=34646"},"modified":"2025-09-29T14:54:24","modified_gmt":"2025-09-29T07:54:24","slug":"bot-cai-bo-xoi-say-lanh-havafoodies-50g-spinach-powder","status":"publish","type":"product","link":"https:\/\/havamall.vn\/en\/shop\/bot-cai-bo-xoi-say-lanh-havafoodies-50g-spinach-powder\/","title":{"rendered":"B\u1ed9t C\u1ea3i B\u00f3 X\u00f4i S\u1ea5y L\u1ea1nh Havafoodies 50g &#8211; Spinach Powder"},"content":{"rendered":"<div id=\"js-product-detail__specs\" class=\"product-detail__specs\">\n<div class=\"row\">\n<div class=\"col-sm-12\">\n<div class=\"product-specs__table\">\n<table>\n<tbody>\n<tr>\n<td class=\"specs-table__property\">Th\u01b0\u01a1ng hi\u1ec7u<\/td>\n<td class=\"specs-table__value\">Havafoodies<\/td>\n<\/tr>\n<tr>\n<td class=\"specs-table__property\">Xu\u1ea5t x\u1ee9<\/td>\n<td class=\"specs-table__value\">Vi\u1ec7t nam<\/td>\n<\/tr>\n<tr>\n<td class=\"specs-table__property\">H\u1ea1n s\u1eed d\u1ee5ng<\/td>\n<td class=\"specs-table__value\">Xem tr\u00ean bao b\u00ec s\u1ea3n ph\u1ea9m<\/td>\n<\/tr>\n<tr>\n<td class=\"specs-table__property\">H\u01b0\u1edbng d\u1eabn s\u1eed d\u1ee5ng<\/td>\n<td class=\"specs-table__value\">D\u00f9ng tr\u1ef1c ti\u1ebfp ho\u1eb7c ch\u1ebf bi\u1ebfn c\u00e1c m\u00f3n \u0103n tu\u1ef3 th\u00edch<\/td>\n<\/tr>\n<tr>\n<td class=\"specs-table__property\">H\u01b0\u1edbng d\u1eabn b\u1ea3o qu\u1ea3n<\/td>\n<td class=\"specs-table__value\">B\u1ea3o qu\u1ea3n kh\u00f4 r\u00e1o, tho\u00e1ng m\u00e1t<\/td>\n<\/tr>\n<tr>\n<td class=\"specs-table__property\">Th\u00e0nh ph\u1ea7n nguy\u00ean li\u1ec7u<\/td>\n<td class=\"specs-table__value\">Nh\u01b0 tr\u00ean bao b\u00ec<\/td>\n<\/tr>\n<tr>\n<td class=\"specs-table__property\">Kh\u1ed1i l\u01b0\u1ee3ng<\/td>\n<td class=\"specs-table__value\">50g<\/td>\n<\/tr>\n<\/tbody>\n<\/table>\n<p>C\u1ea3i b\u00f3 x\u00f4i, hay c\u00f2n g\u1ecdi l\u00e0 rau ch\u00e2n v\u1ecbt, l\u00e0 m\u1ed9t trong nh\u1eefng lo\u1ea1i rau xanh n\u1ed5i ti\u1ebfng v\u1edbi h\u00e0m l\u01b0\u1ee3ng dinh d\u01b0\u1ee1ng phong ph\u00fa, gi\u00e0u ch\u1ea5t x\u01a1, vitamin v\u00e0 kho\u00e1ng ch\u1ea5t. B\u1ed9t c\u1ea3i b\u00f3 x\u00f4i s\u1ea5y l\u1ea1nh \u0111\u01b0\u1ee3c ra \u0111\u1eddi \u0111\u1ec3 mang \u0111\u1ebfn s\u1ef1 ti\u1ec7n l\u1ee3i v\u00e0 t\u1ed1i \u01b0u h\u00f3a vi\u1ec7c b\u1ed5 sung dinh d\u01b0\u1ee1ng t\u1eeb c\u1ea3i b\u00f3 x\u00f4i v\u00e0o ch\u1ebf \u0111\u1ed9 \u0103n h\u00e0ng ng\u00e0y c\u1ee7a b\u1ea1n.<\/p>\n<p><img fetchpriority=\"high\" decoding=\"async\" class=\"size-full wp-image-35870 aligncenter\" src=\"https:\/\/havamall.vn\/wp-content\/uploads\/2024\/05\/bot-cai-bo-xoi-zpw7h-7769.jpg\" alt=\"\" width=\"800\" height=\"600\" \/><\/p>\n<p>B\u1ed9t c\u1ea3i b\u00f3 x\u00f4i s\u1ea5y l\u1ea1nh \u0111\u01b0\u1ee3c l\u00e0m t\u1eeb c\u1ea3i b\u00f3 x\u00f4i t\u01b0\u01a1i ngon, tuy\u1ec3n ch\u1ecdn k\u1ef9 l\u01b0\u1ee1ng v\u00e0 tr\u1ea3i qua quy tr\u00ecnh s\u1ea5y l\u1ea1nh ti\u00ean ti\u1ebfn. C\u00f4ng ngh\u1ec7 n\u00e0y gi\u00fap gi\u1eef nguy\u00ean m\u00e0u xanh t\u1ef1 nhi\u00ean v\u00e0 h\u01b0\u01a1ng v\u1ecb thanh m\u00e1t c\u1ee7a rau, \u0111\u1ed3ng th\u1eddi b\u1ea3o t\u1ed3n t\u1ed1i \u0111a c\u00e1c d\u01b0\u1ee1ng ch\u1ea5t quan tr\u1ecdng nh\u01b0 vitamin A, C, K, axit folic, ch\u1ea5t ch\u1ed1ng oxy h\u00f3a, v\u00e0 s\u1eaft. Kh\u00f4ng ch\u1ee9a ch\u1ea5t b\u1ea3o qu\u1ea3n hay h\u00f3a ch\u1ea5t \u0111\u1ed9c h\u1ea1i, s\u1ea3n ph\u1ea9m an to\u00e0n cho s\u1ee9c kh\u1ecfe ng\u01b0\u1eddi ti\u00eau d\u00f9ng.<\/p>\n<p>B\u1ed9t c\u1ea3i b\u00f3 x\u00f4i s\u1ea5y l\u1ea1nh r\u1ea5t d\u1ec5 s\u1eed d\u1ee5ng v\u00e0 c\u00f3 th\u1ec3 k\u1ebft h\u1ee3p trong nhi\u1ec1u m\u00f3n \u0103n v\u00e0 th\u1ee9c u\u1ed1ng kh\u00e1c nhau. B\u1ea1n c\u00f3 th\u1ec3 pha b\u1ed9t c\u1ea3i b\u00f3 x\u00f4i v\u1edbi n\u01b0\u1edbc \u0111\u1ec3 c\u00f3 ngay m\u1ed9t ly n\u01b0\u1edbc rau xanh b\u1ed5 d\u01b0\u1ee1ng, ho\u1eb7c th\u00eam v\u00e0o sinh t\u1ed1, n\u01b0\u1edbc \u00e9p, s\u1eefa chua, v\u00e0 c\u00e1c m\u00f3n s\u00fap, salad, b\u00e1nh m\u00ec, v\u00e0 n\u01b0\u1edbc s\u1ed1t. \u0110\u00e2y l\u00e0 m\u1ed9t l\u1ef1a ch\u1ecdn l\u00fd t\u01b0\u1edfng \u0111\u1ec3 b\u1ed5 sung dinh d\u01b0\u1ee1ng cho c\u1ea3 gia \u0111\u00ecnh, t\u1eeb tr\u1ebb nh\u1ecf \u0111\u1ebfn ng\u01b0\u1eddi l\u1edbn.<\/p>\n<p><img decoding=\"async\" class=\"size-full wp-image-35871 aligncenter\" src=\"https:\/\/havamall.vn\/wp-content\/uploads\/2024\/05\/bina-2-min.jpg\" alt=\"\" width=\"800\" height=\"450\" \/><\/p>\n<p>\u0110\u1ec3 s\u1eed d\u1ee5ng b\u1ed9t c\u1ea3i b\u00f3 x\u00f4i, b\u1ea1n ch\u1ec9 c\u1ea7n pha 1-2 mu\u1ed7ng c\u00e0 ph\u00ea b\u1ed9t v\u1edbi m\u1ed9t ly n\u01b0\u1edbc \u1ea5m ho\u1eb7c n\u01b0\u1edbc l\u1ea1nh, khu\u1ea5y \u0111\u1ec1u v\u00e0 u\u1ed1ng tr\u1ef1c ti\u1ebfp. B\u1ea1n c\u0169ng c\u00f3 th\u1ec3 th\u00eam b\u1ed9t v\u00e0o sinh t\u1ed1, n\u01b0\u1edbc \u00e9p, ho\u1eb7c c\u00e1c m\u00f3n \u0103n y\u00eau th\u00edch \u0111\u1ec3 t\u0103ng th\u00eam h\u01b0\u01a1ng v\u1ecb v\u00e0 gi\u00e1 tr\u1ecb dinh d\u01b0\u1ee1ng. Ngo\u00e0i ra, b\u1ed9t c\u1ea3i b\u00f3 x\u00f4i c\u00f2n c\u00f3 th\u1ec3 d\u00f9ng l\u00e0m gia v\u1ecb trong n\u1ea5u \u0103n ho\u1eb7c tr\u1ed9n v\u00e0o b\u1ed9t b\u00e1nh \u0111\u1ec3 t\u1ea1o m\u00e0u xanh t\u1ef1 nhi\u00ean cho c\u00e1c m\u00f3n \u0103n.<\/p>\n<p><img decoding=\"async\" class=\"wp-image-35872 aligncenter\" src=\"https:\/\/havamall.vn\/wp-content\/uploads\/2024\/05\/Bot-cai-bo-xoi-khi-pha-voi-nuoc-thich-hop-su-dung-cho-thuc-pham-hoac-thuc-uong-scaled-1-1024x1024.jpg\" alt=\"\" width=\"809\" height=\"809\" \/><\/p>\n<h3><strong>L\u1ee3i \u00edch cho s\u1ee9c kh\u1ecfe<\/strong><\/h3>\n<p>&#8211; T\u0103ng c\u01b0\u1eddng s\u1ee9c kh\u1ecfe m\u1eaft: H\u00e0m l\u01b0\u1ee3ng vitamin A v\u00e0 lutein trong b\u1ed9t c\u1ea3i b\u00f3 x\u00f4i gi\u00fap b\u1ea3o v\u1ec7 m\u1eaft, c\u1ea3i thi\u1ec7n th\u1ecb l\u1ef1c v\u00e0 ng\u0103n ng\u1eeba c\u00e1c b\u1ec7nh v\u1ec1 m\u1eaft do l\u00e3o h\u00f3a.<\/p>\n<p>&#8211; T\u0103ng c\u01b0\u1eddng h\u1ec7 mi\u1ec5n d\u1ecbch: Vitamin C v\u00e0 c\u00e1c ch\u1ea5t ch\u1ed1ng oxy h\u00f3a trong c\u1ea3i b\u00f3 x\u00f4i gi\u00fap t\u0103ng c\u01b0\u1eddng s\u1ee9c \u0111\u1ec1 kh\u00e1ng, b\u1ea3o v\u1ec7 c\u01a1 th\u1ec3 kh\u1ecfi c\u00e1c b\u1ec7nh nhi\u1ec5m tr\u00f9ng.<\/p>\n<p>&#8211; H\u1ed7 tr\u1ee3 tim m\u1ea1ch: C\u1ea3i b\u00f3 x\u00f4i gi\u00e0u ch\u1ea5t x\u01a1 v\u00e0 kali, gi\u00fap \u0111i\u1ec1u ch\u1ec9nh huy\u1ebft \u00e1p v\u00e0 gi\u1ea3m nguy c\u01a1 m\u1eafc c\u00e1c b\u1ec7nh tim m\u1ea1ch.<\/p>\n<p>&#8211; H\u1ed7 tr\u1ee3 x\u01b0\u01a1ng ch\u1eafc kh\u1ecfe: Vitamin K v\u00e0 canxi trong c\u1ea3i b\u00f3 x\u00f4i gi\u00fap c\u1ee7ng c\u1ed1 x\u01b0\u01a1ng, ng\u0103n ng\u1eeba lo\u00e3ng x\u01b0\u01a1ng v\u00e0 c\u00e1c v\u1ea5n \u0111\u1ec1 v\u1ec1 x\u01b0\u01a1ng kh\u1edbp.<\/p>\n<p>&#8211; T\u0103ng c\u01b0\u1eddng n\u0103ng l\u01b0\u1ee3ng: S\u1eaft v\u00e0 folate trong c\u1ea3i b\u00f3 x\u00f4i gi\u00fap t\u0103ng c\u01b0\u1eddng s\u1ea3n xu\u1ea5t h\u1ed3ng c\u1ea7u, cung c\u1ea5p n\u0103ng l\u01b0\u1ee3ng v\u00e0 gi\u1ea3m m\u1ec7t m\u1ecfi.<\/p>\n<p><img loading=\"lazy\" decoding=\"async\" class=\"wp-image-35873 aligncenter\" src=\"https:\/\/havamall.vn\/wp-content\/uploads\/2024\/05\/Screen-Shot-2023-08-25-at-14.47.40-1024x647.png\" alt=\"\" width=\"810\" height=\"512\" \/><\/p>\n<h3><strong>\u0110\u1eb7c \u0111i\u1ec3m n\u1ed5i b\u1eadt<\/strong><\/h3>\n<p>&#8211; Gi\u1eef nguy\u00ean h\u01b0\u01a1ng v\u1ecb v\u00e0 m\u00e0u s\u1eafc t\u1ef1 nhi\u00ean: C\u00f4ng ngh\u1ec7 s\u1ea5y l\u1ea1nh hi\u1ec7n \u0111\u1ea1i gi\u00fap b\u1ea3o to\u00e0n h\u01b0\u01a1ng v\u1ecb thanh m\u00e1t v\u00e0 m\u00e0u xanh t\u01b0\u01a1i c\u1ee7a c\u1ea3i b\u00f3 x\u00f4i.<\/p>\n<p>&#8211; An to\u00e0n v\u00e0 kh\u00f4ng ch\u1ee9a h\u00f3a ch\u1ea5t: B\u1ed9t c\u1ea3i b\u00f3 x\u00f4i s\u1ea5y l\u1ea1nh kh\u00f4ng c\u00f3 ch\u1ea5t b\u1ea3o qu\u1ea3n, ph\u1ea9m m\u00e0u nh\u00e2n t\u1ea1o, \u0111\u1ea3m b\u1ea3o an to\u00e0n cho s\u1ee9c kh\u1ecfe.<\/p>\n<p>&#8211; Ti\u1ec7n l\u1ee3i v\u00e0 d\u1ec5 s\u1eed d\u1ee5ng: S\u1ea3n ph\u1ea9m \u0111\u01b0\u1ee3c \u0111\u00f3ng g\u00f3i nh\u1ecf g\u1ecdn, ti\u1ec7n l\u1ee3i \u0111\u1ec3 mang theo v\u00e0 s\u1eed d\u1ee5ng, d\u1ec5 d\u00e0ng b\u1ed5 sung v\u00e0o ch\u1ebf \u0111\u1ed9 \u0103n u\u1ed1ng h\u00e0ng ng\u00e0y.<\/p>\n<p>S\u1ea3n ph\u1ea9m c\u00f3 m\u1eb7t t\u1ea1i Havamall.<\/p>\n<\/div>\n<\/div>\n<\/div>\n<\/div>","protected":false},"excerpt":{"rendered":"<p>Th\u01b0\u01a1ng hi\u1ec7u Havafoodies Xu\u1ea5t x\u1ee9 Vi\u1ec7t nam H\u1ea1n s\u1eed d\u1ee5ng Xem tr\u00ean bao b\u00ec s\u1ea3n ph\u1ea9m H\u01b0\u1edbng d\u1eabn s\u1eed d\u1ee5ng<\/p>","protected":false},"featured_media":39273,"comment_status":"open","ping_status":"closed","template":"","meta":[],"product_brand":[],"product_cat":[595,36],"product_tag":[],"class_list":{"0":"post-34646","1":"product","2":"type-product","3":"status-publish","4":"has-post-thumbnail","6":"product_cat-gia-vi-va-che-bien","7":"product_cat-thuc-pham-tieu-dung","9":"first","10":"outofstock","11":"sale","12":"shipping-taxable","13":"purchasable","14":"product-type-simple"},"_links":{"self":[{"href":"https:\/\/havamall.vn\/en\/wp-json\/wp\/v2\/product\/34646"}],"collection":[{"href":"https:\/\/havamall.vn\/en\/wp-json\/wp\/v2\/product"}],"about":[{"href":"https:\/\/havamall.vn\/en\/wp-json\/wp\/v2\/types\/product"}],"replies":[{"embeddable":true,"href":"https:\/\/havamall.vn\/en\/wp-json\/wp\/v2\/comments?post=34646"}],"version-history":[{"count":0,"href":"https:\/\/havamall.vn\/en\/wp-json\/wp\/v2\/product\/34646\/revisions"}],"wp:featuredmedia":[{"embeddable":true,"href":"https:\/\/havamall.vn\/en\/wp-json\/wp\/v2\/media\/39273"}],"wp:attachment":[{"href":"https:\/\/havamall.vn\/en\/wp-json\/wp\/v2\/media?parent=34646"}],"wp:term":[{"taxonomy":"product_brand","embeddable":true,"href":"https:\/\/havamall.vn\/en\/wp-json\/wp\/v2\/product_brand?post=34646"},{"taxonomy":"product_cat","embeddable":true,"href":"https:\/\/havamall.vn\/en\/wp-json\/wp\/v2\/product_cat?post=34646"},{"taxonomy":"product_tag","embeddable":true,"href":"https:\/\/havamall.vn\/en\/wp-json\/wp\/v2\/product_tag?post=34646"}],"curies":[{"name":"wp","href":"https:\/\/api.w.org\/{rel}","templated":true}]}}